{"id":933,"date":"2023-12-19T15:51:50","date_gmt":"2023-12-19T15:51:50","guid":{"rendered":"https:\/\/uk-gb.net\/visum-fur-oxford\/"},"modified":"2025-08-28T13:40:00","modified_gmt":"2025-08-28T12:40:00","slug":"visum-fur-oxford","status":"publish","type":"page","link":"https:\/\/uk-gb.net\/de\/visum-fur-oxford\/","title":{"rendered":"Visum f\u00fcr Reisen nach Oxford in Gro\u00dfbritannien"},"content":{"rendered":"\n<h1 class=\"wp-block-heading\">Brauchen Sie ein Visum, um nach Oxford zu reisen oder dort einen Zwischenstopp einzulegen?<\/h1>\n\n<p>Oxford ist eine Stadt im S\u00fcdosten Englands, an den Ufern des Flusses Cherwell und der Themse gelegen. Ausl\u00e4nder, die nach Oxford reisen m\u00f6chten, m\u00fcssen eine g\u00fcltige Reisegenehmigung des Vereinigten K\u00f6nigreichs besitzen.  Es gibt verschiedene Arten von Reisegenehmigungen, die f\u00fcr eine Reise nach Oxford m\u00f6glich sind.<\/p>\n\n<h2 class=\"wp-block-heading\">Ben\u00f6tigt man ein Visum, um nach Oxford zu reisen?<\/h2>\n\n<p><a href=\"https:\/\/www.visitbritain.com\/en\/destinations\/england\/oxford\">Oxford<\/a> ist eine wichtige Stadt in England, daher m\u00fcssen alle Ausl\u00e4nder, die \u00fcber Oxford in das Vereinigte K\u00f6nigreich einreisen wollen, einen Aufenthaltstitel besitzen. Je nach dem Grund f\u00fcr den Aufenthalt in Oxford kann der Besucher ein <a href=\"https:\/\/uk-gb.net\/de\/touristenvisum-england-vereinigtes-koenigreich\/\">englisches Touristenvisum<\/a> beantragen.<\/p>\n\n<p><strong>Bei einem Aufenthalt von weniger als 6 Monaten<\/strong>: F\u00fcr Oxford ist kein Visum erforderlich, die meisten europ\u00e4ischen L\u00e4nder sind f\u00fcr ihre B\u00fcrger von der Visumspflicht befreit. Seit April 2025 ist es jedoch notwendig, eine elektronische Reisegenehmigung zu erhalten, indem das <a href=\"https:\/\/uk-gb.net\/de\/online-eta-visumformular-england\/\">ETA-Formular online<\/a> ausgef\u00fcllt wird.<\/p>\n\n<div style=\"height:10px\" aria-hidden=\"true\" class=\"wp-block-spacer\"><\/div>\n\n<h2 class=\"wp-block-heading\">Ben\u00f6tigt man ein Visum, um in Oxford einen Zwischenstopp einzulegen?<\/h2>\n\n<p>Es gibt zwei M\u00f6glichkeiten, in Oxford einen Zwischenstopp einzulegen:<\/p>\n\n<ul class=\"wp-block-list\">\n<li>Reisende k\u00f6nnen in <a href=\"https:\/\/uk-gb.net\/de\/transitvisum-einen-zwischenstopp-england\/\">Gro\u00dfbritannien ein Transitvisum<\/a> f\u00fcr einen Zwischenstopp in Oxford beantragen;<\/li>\n\n\n\n<li>Wenn der Reisende ein Staatsangeh\u00f6riger eines <a href=\"https:\/\/uk-gb.net\/de\/lander-eta-vereinigte-konigreich-beantragen-konnen\/\">Landes ist, das f\u00fcr die britische ETA<\/a> in Frage kommt, kann er <a href=\"https:\/\/uk-gb.net\/de\/online-eta-visumformular-england\/\">eine ETA beantragen<\/a>, um in Oxford ohne Visum einen Zwischenstopp einzulegen.<\/li>\n<\/ul>\n\n<div style=\"height:10px\" aria-hidden=\"true\" class=\"wp-block-spacer\"><\/div>\n\n<h2 class=\"wp-block-heading\">Wie viel kostet ein Visum f\u00fcr Oxford?<\/h2>\n\n<p>Der Preis f\u00fcr ein Oxford-Visum h\u00e4ngt von der Art des Visums ab, das Sie ben\u00f6tigen, um in das Vereinigte K\u00f6nigreich zu reisen. Die Verwaltungsgeb\u00fchr f\u00fcr ein touristisches Besuchervisum mit einer maximalen Laufzeit von 6 Monaten betr\u00e4gt 115 \u00a3. Bei einem l\u00e4ngeren Aufenthalt sind die <a href=\"https:\/\/uk-gb.net\/de\/visumpreis-fur-england\/\">Verwaltungsgeb\u00fchren f\u00fcr das Visum<\/a> h\u00f6her. Wenn der Reisende f\u00fcr eine <a href=\"https:\/\/uk-gb.net\/de\/eta-england-vereinigtes-konigreich\/\">ETA-Genehmigung f\u00fcr das Vereinigte K\u00f6nigreich in<\/a> Frage kommt, zahlt er weniger, da der <a href=\"https:\/\/uk-gb.net\/de\/preis-eta-vereinigte-konigreich\/\">Preis f\u00fcr eine ETA<\/a> nur \u00a316 betr\u00e4gt.<\/p>\n\n<h2 class=\"wp-block-heading\">Wie bekomme ich ein Visum f\u00fcr Oxford?<\/h2>\n\n<p>Um ein Visum f\u00fcr Oxford zu erhalten, m\u00fcssen ausl\u00e4ndische Staatsangeh\u00f6rige ein <a href=\"https:\/\/uk-gb.net\/de\/antragsverfahren-visum-vereinigte-konigreich\/\">Online-Visumsantragsverfahren<\/a> durchlaufen. Dieser Prozess umfasst mehrere Schritte, die sind:<\/p>\n\n<ul class=\"wp-block-list\">\n<li>W\u00e4hlen Sie die Art des Visums entsprechend dem Grund Ihrer Reise ;<\/li>\n\n\n\n<li>Sammeln Sie die erforderlichen Belege ;<\/li>\n\n\n\n<li>F\u00fcllen Sie das Antragsformular f\u00fcr das Visum online aus ;<\/li>\n\n\n\n<li>Bezahlen Sie die <a href=\"https:\/\/uk-gb.net\/de\/visumpreis-fur-england\/\">Visageb\u00fchren<\/a>;<\/li>\n\n\n\n<li>Termin bei einer <a href=\"https:\/\/uk-gb.net\/de\/britische-botschaft-in-deutschland\/\">britischen Botschaft<\/a> vereinbaren ;<\/li>\n\n\n\n<li>Dokumente einreichen, um den Visumantrag abzuschlie\u00dfen ;<\/li>\n\n\n\n<li>An einem <a href=\"https:\/\/uk-gb.net\/de\/visumtermin-bei-der-botschaft-england\/\">Interview f\u00fcr das Visum<\/a> teilnehmen, wenn Ihr Antrag dies erfordert.<\/li>\n<\/ul>\n\n<div style=\"height:10px\" aria-hidden=\"true\" class=\"wp-block-spacer\"><\/div>\n\n<h2 class=\"wp-block-heading\">Braucht man f\u00fcr Oxford eine ETA-Genehmigung?<\/h2>\n\n<p>Ein anspruchsberechtigter ausl\u00e4ndischer Staatsangeh\u00f6riger kann einen ETA-Antrag f\u00fcr Oxford stellen. Die Fristen f\u00fcr den Erhalt sind sehr kurz. Die ETA-Genehmigung f\u00fcr Oxford ist zwei Jahre lang f\u00fcr Aufenthalte von bis zu sechs zusammenh\u00e4ngenden Monaten vor Ort im Vereinigten K\u00f6nigreich g\u00fcltig.  <\/p>\n\n<h2 class=\"wp-block-heading\">Bild eines Visums f\u00fcr Oxford in Gro\u00dfbritannien<\/h2>\n\n<p>Dies ist ein Foto von einem Visum f\u00fcr England. Hierbei handelt es sich um ein Visum, mit dem man \u00fcber die Stadt Oxford in das Vereinigte K\u00f6nigreich einreisen kann. <\/p>\n\n<figure class=\"wp-block-image size-full\"><img fetchpriority=\"high\" decoding=\"async\" width=\"564\" height=\"338\" src=\"https:\/\/uk-gb.net\/wp-content\/uploads\/2024\/03\/UK-visa-C.jpg\" alt=\"Touristenvisum Gro&#xDF;britannien\" class=\"wp-image-1890\" srcset=\"https:\/\/uk-gb.net\/wp-content\/uploads\/2024\/03\/UK-visa-C.jpg 564w, https:\/\/uk-gb.net\/wp-content\/uploads\/2024\/03\/UK-visa-C-300x180.jpg 300w\" sizes=\"(max-width: 564px) 100vw, 564px\" \/><figcaption class=\"wp-element-caption\">Foto <a href=\"https:\/\/uk-gb.net\/de\/touristenvisum-england-vereinigtes-koenigreich\/\">Touristenvisum England<\/a><\/figcaption><\/figure>\n\n<p><\/p>\n","protected":false},"excerpt":{"rendered":"<p>Brauchen Sie ein Visum, um nach Oxford zu reisen oder dort einen Zwischenstopp einzulegen? Oxford ist eine Stadt im S\u00fcdosten Englands, an den Ufern des Flusses Cherwell und der Themse gelegen. Ausl\u00e4nder, die nach Oxford reisen m\u00f6chten, m\u00fcssen eine g\u00fcltige Reisegenehmigung des Vereinigten K\u00f6nigreichs besitzen. Es gibt verschiedene Arten von Reisegenehmigungen, die f\u00fcr eine Reise [&hellip;]<\/p>\n","protected":false},"author":1,"featured_media":0,"parent":0,"menu_order":0,"comment_status":"closed","ping_status":"closed","template":"","meta":{"footnotes":""},"class_list":["post-933","page","type-page","status-publish","hentry"],"yoast_head":"<!-- This site is optimized with the Yoast SEO plugin v27.3 - https:\/\/yoast.com\/product\/yoast-seo-wordpress\/ -->\n<title>Visum f\u00fcr Reisen nach Oxford in Gro\u00dfbritannien - UK GB<\/title>\n<meta name=\"description\" content=\"Ein Reisevisum f\u00fcr Oxford beantragen. F\u00fcr Reisen oder Zwischenstopps in Oxford in Gro\u00dfbritannien ist eine Genehmigung erforderlich.\" \/>\n<meta name=\"robots\" content=\"index, follow, max-snippet:-1, max-image-preview:large, max-video-preview:-1\" \/>\n<link rel=\"canonical\" href=\"https:\/\/uk-gb.net\/de\/visum-fur-oxford\/\" \/>\n<meta property=\"og:locale\" content=\"de_DE\" \/>\n<meta property=\"og:type\" content=\"article\" \/>\n<meta property=\"og:title\" content=\"Visum f\u00fcr Reisen nach Oxford in Gro\u00dfbritannien - UK GB\" \/>\n<meta property=\"og:description\" content=\"Ein Reisevisum f\u00fcr Oxford beantragen. F\u00fcr Reisen oder Zwischenstopps in Oxford in Gro\u00dfbritannien ist eine Genehmigung erforderlich.\" \/>\n<meta property=\"og:url\" content=\"https:\/\/uk-gb.net\/de\/visum-fur-oxford\/\" \/>\n<meta property=\"og:site_name\" content=\"UK GB\" \/>\n<meta property=\"article:modified_time\" content=\"2025-08-28T12:40:00+00:00\" \/>\n<meta property=\"og:image\" content=\"https:\/\/uk-gb.net\/wp-content\/uploads\/2024\/03\/UK-visa-C.jpg\" \/>\n<meta name=\"twitter:card\" content=\"summary_large_image\" \/>\n<meta name=\"twitter:label1\" content=\"Gesch\u00e4tzte Lesezeit\" \/>\n\t<meta name=\"twitter:data1\" content=\"3\u00a0Minuten\" \/>\n<script type=\"application\/ld+json\" class=\"yoast-schema-graph\">{\"@context\":\"https:\\\/\\\/schema.org\",\"@graph\":[{\"@type\":\"WebPage\",\"@id\":\"https:\\\/\\\/uk-gb.net\\\/de\\\/visum-fur-oxford\\\/\",\"url\":\"https:\\\/\\\/uk-gb.net\\\/de\\\/visum-fur-oxford\\\/\",\"name\":\"Visum f\u00fcr Reisen nach Oxford in Gro\u00dfbritannien - UK GB\",\"isPartOf\":{\"@id\":\"https:\\\/\\\/uk-gb.net\\\/de\\\/#website\"},\"primaryImageOfPage\":{\"@id\":\"https:\\\/\\\/uk-gb.net\\\/de\\\/visum-fur-oxford\\\/#primaryimage\"},\"image\":{\"@id\":\"https:\\\/\\\/uk-gb.net\\\/de\\\/visum-fur-oxford\\\/#primaryimage\"},\"thumbnailUrl\":\"https:\\\/\\\/uk-gb.net\\\/wp-content\\\/uploads\\\/2024\\\/03\\\/UK-visa-C.jpg\",\"datePublished\":\"2023-12-19T15:51:50+00:00\",\"dateModified\":\"2025-08-28T12:40:00+00:00\",\"description\":\"Ein Reisevisum f\u00fcr Oxford beantragen. F\u00fcr Reisen oder Zwischenstopps in Oxford in Gro\u00dfbritannien ist eine Genehmigung erforderlich.\",\"inLanguage\":\"de\",\"potentialAction\":[{\"@type\":\"ReadAction\",\"target\":[\"https:\\\/\\\/uk-gb.net\\\/de\\\/visum-fur-oxford\\\/\"]}]},{\"@type\":\"ImageObject\",\"inLanguage\":\"de\",\"@id\":\"https:\\\/\\\/uk-gb.net\\\/de\\\/visum-fur-oxford\\\/#primaryimage\",\"url\":\"https:\\\/\\\/uk-gb.net\\\/wp-content\\\/uploads\\\/2024\\\/03\\\/UK-visa-C.jpg\",\"contentUrl\":\"https:\\\/\\\/uk-gb.net\\\/wp-content\\\/uploads\\\/2024\\\/03\\\/UK-visa-C.jpg\"},{\"@type\":\"WebSite\",\"@id\":\"https:\\\/\\\/uk-gb.net\\\/de\\\/#website\",\"url\":\"https:\\\/\\\/uk-gb.net\\\/de\\\/\",\"name\":\"UK GB\",\"description\":\"Travel to the UK\",\"potentialAction\":[{\"@type\":\"SearchAction\",\"target\":{\"@type\":\"EntryPoint\",\"urlTemplate\":\"https:\\\/\\\/uk-gb.net\\\/de\\\/?s={search_term_string}\"},\"query-input\":{\"@type\":\"PropertyValueSpecification\",\"valueRequired\":true,\"valueName\":\"search_term_string\"}}],\"inLanguage\":\"de\"}]}<\/script>\n<!-- \/ Yoast SEO plugin. -->","yoast_head_json":{"title":"Visum f\u00fcr Reisen nach Oxford in Gro\u00dfbritannien - UK GB","description":"Ein Reisevisum f\u00fcr Oxford beantragen. F\u00fcr Reisen oder Zwischenstopps in Oxford in Gro\u00dfbritannien ist eine Genehmigung erforderlich.","robots":{"index":"index","follow":"follow","max-snippet":"max-snippet:-1","max-image-preview":"max-image-preview:large","max-video-preview":"max-video-preview:-1"},"canonical":"https:\/\/uk-gb.net\/de\/visum-fur-oxford\/","og_locale":"de_DE","og_type":"article","og_title":"Visum f\u00fcr Reisen nach Oxford in Gro\u00dfbritannien - UK GB","og_description":"Ein Reisevisum f\u00fcr Oxford beantragen. F\u00fcr Reisen oder Zwischenstopps in Oxford in Gro\u00dfbritannien ist eine Genehmigung erforderlich.","og_url":"https:\/\/uk-gb.net\/de\/visum-fur-oxford\/","og_site_name":"UK GB","article_modified_time":"2025-08-28T12:40:00+00:00","og_image":[{"url":"https:\/\/uk-gb.net\/wp-content\/uploads\/2024\/03\/UK-visa-C.jpg","type":"","width":"","height":""}],"twitter_card":"summary_large_image","twitter_misc":{"Gesch\u00e4tzte Lesezeit":"3\u00a0Minuten"},"schema":{"@context":"https:\/\/schema.org","@graph":[{"@type":"WebPage","@id":"https:\/\/uk-gb.net\/de\/visum-fur-oxford\/","url":"https:\/\/uk-gb.net\/de\/visum-fur-oxford\/","name":"Visum f\u00fcr Reisen nach Oxford in Gro\u00dfbritannien - UK GB","isPartOf":{"@id":"https:\/\/uk-gb.net\/de\/#website"},"primaryImageOfPage":{"@id":"https:\/\/uk-gb.net\/de\/visum-fur-oxford\/#primaryimage"},"image":{"@id":"https:\/\/uk-gb.net\/de\/visum-fur-oxford\/#primaryimage"},"thumbnailUrl":"https:\/\/uk-gb.net\/wp-content\/uploads\/2024\/03\/UK-visa-C.jpg","datePublished":"2023-12-19T15:51:50+00:00","dateModified":"2025-08-28T12:40:00+00:00","description":"Ein Reisevisum f\u00fcr Oxford beantragen. F\u00fcr Reisen oder Zwischenstopps in Oxford in Gro\u00dfbritannien ist eine Genehmigung erforderlich.","inLanguage":"de","potentialAction":[{"@type":"ReadAction","target":["https:\/\/uk-gb.net\/de\/visum-fur-oxford\/"]}]},{"@type":"ImageObject","inLanguage":"de","@id":"https:\/\/uk-gb.net\/de\/visum-fur-oxford\/#primaryimage","url":"https:\/\/uk-gb.net\/wp-content\/uploads\/2024\/03\/UK-visa-C.jpg","contentUrl":"https:\/\/uk-gb.net\/wp-content\/uploads\/2024\/03\/UK-visa-C.jpg"},{"@type":"WebSite","@id":"https:\/\/uk-gb.net\/de\/#website","url":"https:\/\/uk-gb.net\/de\/","name":"UK GB","description":"Travel to the UK","potentialAction":[{"@type":"SearchAction","target":{"@type":"EntryPoint","urlTemplate":"https:\/\/uk-gb.net\/de\/?s={search_term_string}"},"query-input":{"@type":"PropertyValueSpecification","valueRequired":true,"valueName":"search_term_string"}}],"inLanguage":"de"}]}},"_links":{"self":[{"href":"https:\/\/uk-gb.net\/de\/wp-json\/wp\/v2\/pages\/933","targetHints":{"allow":["GET"]}}],"collection":[{"href":"https:\/\/uk-gb.net\/de\/wp-json\/wp\/v2\/pages"}],"about":[{"href":"https:\/\/uk-gb.net\/de\/wp-json\/wp\/v2\/types\/page"}],"author":[{"embeddable":true,"href":"https:\/\/uk-gb.net\/de\/wp-json\/wp\/v2\/users\/1"}],"replies":[{"embeddable":true,"href":"https:\/\/uk-gb.net\/de\/wp-json\/wp\/v2\/comments?post=933"}],"version-history":[{"count":0,"href":"https:\/\/uk-gb.net\/de\/wp-json\/wp\/v2\/pages\/933\/revisions"}],"wp:attachment":[{"href":"https:\/\/uk-gb.net\/de\/wp-json\/wp\/v2\/media?parent=933"}],"curies":[{"name":"wp","href":"https:\/\/api.w.org\/{rel}","templated":true}]}}