{"id":926,"date":"2023-12-07T16:57:58","date_gmt":"2023-12-07T16:57:58","guid":{"rendered":"https:\/\/uk-gb.net\/visum-fur-manchester\/"},"modified":"2025-11-04T09:24:52","modified_gmt":"2025-11-04T09:24:52","slug":"visum-fur-manchester","status":"publish","type":"page","link":"https:\/\/uk-gb.net\/de\/visum-fur-manchester\/","title":{"rendered":"Visum f\u00fcr Reisen nach Manchester oder Zwischenstopps"},"content":{"rendered":"\n<p><a href=\"https:\/\/uk-gb.net\/de\/manchester\/\">Manchester<\/a> ist eine Stadt im Nordwesten Englands, am Ufer des Flusses Irwell. Sie ist bekannt f\u00fcr ihre bedeutende Rolle w\u00e4hrend der industriellen Revolution und wird heute f\u00fcr ihr industrielles Erbe, ihre einflussreiche Musikszene und ihre Bedeutung im Sport, insbesondere durch ihre ber\u00fchmten Fu\u00dfballvereine, anerkannt.<\/p>\n\n<h1 class=\"wp-block-heading\">Visum f\u00fcr Reisen oder Zwischenstopps in Manchester<\/h1>\n\n<p><br\/>Ausl\u00e4nder, die nach <a href=\"https:\/\/uk-gb.net\/de\/manchester\/\">Manchester<\/a> reisen m\u00f6chten, m\u00fcssen eine Reisegenehmigung des Vereinigten K\u00f6nigreichs besitzen. Es gibt verschiedene Arten von Reisegenehmigungen, die f\u00fcr eine Reise nach Manchester m\u00f6glich sind.<\/p>\n\n<h2 class=\"wp-block-heading\">Braucht man ein Visum f\u00fcr Manchester?<\/h2>\n\n<p>Manchester ist eine der gr\u00f6\u00dften St\u00e4dte Englands, daher m\u00fcssen alle ausl\u00e4ndischen Staatsangeh\u00f6rigen, die \u00fcber Manchester in das Vereinigte K\u00f6nigreich einreisen m\u00f6chten, eine Aufenthaltsgenehmigung besitzen. Je nach dem Grund f\u00fcr den Aufenthalt in Manchester kann der Besucher ein <a href=\"https:\/\/uk-gb.net\/de\/touristenvisum-england-vereinigtes-koenigreich\/\">englisches Touristenvisum<\/a> beantragen. <\/p>\n\n<p><strong>Bei einem Aufenthalt von weniger als 6 Monaten<\/strong>: Es ist kein Visum f\u00fcr Manchester erforderlich, berechtigte Staatsangeh\u00f6rige k\u00f6nnen einfach <a href=\"https:\/\/uk-gb.net\/de\/online-eta-visumformular-england\/\">online eine ETA-Reisegenehmigung<\/a> beantragen.<\/p>\n\n<div style=\"height:10px\" aria-hidden=\"true\" class=\"wp-block-spacer\"><\/div>\n\n<h2 class=\"wp-block-heading\">Ben\u00f6tigt man ein Visum, um in Manchester einen Zwischenstopp einzulegen?<\/h2>\n\n<p>Es gibt zwei M\u00f6glichkeiten, in Manchester einen Zwischenstopp einzulegen:<\/p>\n\n<ul class=\"wp-block-list\">\n<li>Reisende k\u00f6nnen ein <a href=\"https:\/\/uk-gb.net\/de\/transitvisum-einen-zwischenstopp-england\/\">Transitvisum<\/a> beantragen, um einen Zwischenstopp in Manchester einzulegen ;<\/li>\n\n\n\n<li>Wenn der Reisende Staatsangeh\u00f6riger eines <a href=\"https:\/\/uk-gb.net\/de\/lander-eta-vereinigte-konigreich-beantragen-konnen\/\">Landes ist das am britischen Visa Waiver Program teilnimmt<\/a>, kann er eine <a href=\"https:\/\/uk-gb.net\/de\/online-eta-visumformular-england\/\">ETA Gro\u00dfbritannien beantragen<\/a>, um in Manchester ohne Visum einen Zwischenstopp einzulegen.<\/li>\n<\/ul>\n\n<div style=\"height:10px\" aria-hidden=\"true\" class=\"wp-block-spacer\"><\/div>\n\n<h2 class=\"wp-block-heading\">Wie viel kostet ein Visum f\u00fcr Manchester?<\/h2>\n\n<p>Der Preis f\u00fcr ein Visum f\u00fcr Manchester h\u00e4ngt von der Art des Visums ab, das Sie ben\u00f6tigen, um in das Vereinigte K\u00f6nigreich zu reisen. Die Verwaltungsgeb\u00fchr f\u00fcr ein touristisches Besuchervisum mit einer maximalen Laufzeit von 6 Monaten betr\u00e4gt 115 \u00a3. Bei einem l\u00e4ngeren Aufenthalt sind die <g id=\"gid_0\">Verwaltungsgeb\u00fchren f\u00fcr das Visum<\/g> h\u00f6her. Wenn der Reisende f\u00fcr eine <a href=\"https:\/\/uk-gb.net\/de\/eta-england-vereinigtes-konigreich\/\">ETA-Genehmigung f\u00fcr das Vereinigte K\u00f6nigreich in<\/a> Frage kommt, betr\u00e4gt der <a href=\"https:\/\/uk-gb.net\/de\/preis-eta-vereinigte-konigreich\/\">Preis f\u00fcr eine ETA<\/a> \u00a316.   <\/p>\n\n<h2 class=\"wp-block-heading\">Wie bekomme ich ein Visum f\u00fcr Manchester?<\/h2>\n\n<p>Um ein Visum f\u00fcr Manchester zu erhalten, m\u00fcssen ausl\u00e4ndische Staatsangeh\u00f6rige ein <a href=\"https:\/\/uk-gb.net\/de\/antragsverfahren-visum-vereinigte-konigreich\/\">Online-Visumsantragsverfahren<\/a> durchlaufen. Dieser Prozess umfasst mehrere Schritte, die sind:<\/p>\n\n<ul class=\"wp-block-list\">\n<li>W\u00e4hlen Sie die Art des Visums entsprechend dem Grund Ihrer Reise ;<\/li>\n\n\n\n<li>Sammeln Sie die erforderlichen Belege ;<\/li>\n\n\n\n<li>F\u00fcllen Sie das Antragsformular f\u00fcr das Visum online aus ;<\/li>\n\n\n\n<li>Bezahlen Sie die <a href=\"https:\/\/uk-gb.net\/de\/visumpreis-fur-england\/\">Visageb\u00fchren<\/a>;<\/li>\n\n\n\n<li>Termin bei einer <a href=\"https:\/\/uk-gb.net\/de\/britische-botschaft-in-deutschland\/\">britischen Botschaft<\/a> vereinbaren ;<\/li>\n\n\n\n<li>Dokumente einreichen, um den Visumantrag abzuschlie\u00dfen ;<\/li>\n\n\n\n<li>An einem <a href=\"https:\/\/uk-gb.net\/de\/visumtermin-bei-der-botschaft-england\/\">Interview f\u00fcr das Visum<\/a> teilnehmen, wenn Ihr Antrag dies erfordert.<\/li>\n<\/ul>\n\n<div style=\"height:10px\" aria-hidden=\"true\" class=\"wp-block-spacer\"><\/div>\n\n<h2 class=\"wp-block-heading\">Ist eine ETA-Genehmigung f\u00fcr Manchester erforderlich?<\/h2>\n\n<p>Ein anspruchsberechtigter ausl\u00e4ndischer Staatsangeh\u00f6riger kann einen ETA-Antrag f\u00fcr Manchester stellen. Die Fristen f\u00fcr den Erhalt sind sehr kurz. Die ETA-Genehmigung f\u00fcr Manchester ist 2 Jahre lang f\u00fcr Aufenthalte von bis zu 6 zusammenh\u00e4ngenden Monaten vor Ort im Vereinigten K\u00f6nigreich g\u00fcltig.<\/p>\n\n<h2 class=\"wp-block-heading\">Bild eines Visums f\u00fcr Manchester in Gro\u00dfbritannien<\/h2>\n\n<p>Dies ist ein Foto von einem Visum f\u00fcr England. Hierbei handelt es sich um ein Visum, mit dem man \u00fcber die Stadt Manchester in das Vereinigte K\u00f6nigreich einreisen kann.<\/p>\n\n<figure class=\"wp-block-image size-full\"><img fetchpriority=\"high\" decoding=\"async\" width=\"564\" height=\"338\" src=\"https:\/\/uk-gb.net\/wp-content\/uploads\/2024\/03\/UK-visa-C.jpg\" alt=\"Touristenvisum Gro&#xDF;britannien\" class=\"wp-image-1890\" srcset=\"https:\/\/uk-gb.net\/wp-content\/uploads\/2024\/03\/UK-visa-C.jpg 564w, https:\/\/uk-gb.net\/wp-content\/uploads\/2024\/03\/UK-visa-C-300x180.jpg 300w\" sizes=\"(max-width: 564px) 100vw, 564px\" \/><figcaption class=\"wp-element-caption\">Foto Touristenvisum England<\/figcaption><\/figure>\n\n<p><\/p>\n","protected":false},"excerpt":{"rendered":"<p>Manchester ist eine Stadt im Nordwesten Englands, am Ufer des Flusses Irwell. Sie ist bekannt f\u00fcr ihre bedeutende Rolle w\u00e4hrend der industriellen Revolution und wird heute f\u00fcr ihr industrielles Erbe, ihre einflussreiche Musikszene und ihre Bedeutung im Sport, insbesondere durch ihre ber\u00fchmten Fu\u00dfballvereine, anerkannt. Visum f\u00fcr Reisen oder Zwischenstopps in Manchester Ausl\u00e4nder, die nach Manchester [&hellip;]<\/p>\n","protected":false},"author":1,"featured_media":0,"parent":0,"menu_order":0,"comment_status":"closed","ping_status":"closed","template":"","meta":{"footnotes":""},"class_list":["post-926","page","type-page","status-publish","hentry"],"yoast_head":"<!-- This site is optimized with the Yoast SEO plugin v27.3 - https:\/\/yoast.com\/product\/yoast-seo-wordpress\/ -->\n<title>Visum f\u00fcr Reisen nach Manchester oder Zwischenstopps - UK GB<\/title>\n<meta name=\"description\" content=\"Ben\u00f6tigen Sie ein Visum oder eine Reisebescheinigung f\u00fcr Manchester oder einen Zwischenstopp in Manchester im Vereinigten K\u00f6nigreich?\" \/>\n<meta name=\"robots\" content=\"index, follow, max-snippet:-1, max-image-preview:large, max-video-preview:-1\" \/>\n<link rel=\"canonical\" href=\"https:\/\/uk-gb.net\/de\/visum-fur-manchester\/\" \/>\n<meta property=\"og:locale\" content=\"de_DE\" \/>\n<meta property=\"og:type\" content=\"article\" \/>\n<meta property=\"og:title\" content=\"Visum f\u00fcr Reisen nach Manchester oder Zwischenstopps - UK GB\" \/>\n<meta property=\"og:description\" content=\"Ben\u00f6tigen Sie ein Visum oder eine Reisebescheinigung f\u00fcr Manchester oder einen Zwischenstopp in Manchester im Vereinigten K\u00f6nigreich?\" \/>\n<meta property=\"og:url\" content=\"https:\/\/uk-gb.net\/de\/visum-fur-manchester\/\" \/>\n<meta property=\"og:site_name\" content=\"UK GB\" \/>\n<meta property=\"article:modified_time\" content=\"2025-11-04T09:24:52+00:00\" \/>\n<meta property=\"og:image\" content=\"https:\/\/uk-gb.net\/wp-content\/uploads\/2024\/03\/UK-visa-C.jpg\" \/>\n\t<meta property=\"og:image:width\" content=\"564\" \/>\n\t<meta property=\"og:image:height\" content=\"338\" \/>\n\t<meta property=\"og:image:type\" content=\"image\/jpeg\" \/>\n<meta name=\"twitter:card\" content=\"summary_large_image\" \/>\n<meta name=\"twitter:label1\" content=\"Gesch\u00e4tzte Lesezeit\" \/>\n\t<meta name=\"twitter:data1\" content=\"3\u00a0Minuten\" \/>\n<script type=\"application\/ld+json\" class=\"yoast-schema-graph\">{\"@context\":\"https:\\\/\\\/schema.org\",\"@graph\":[{\"@type\":\"WebPage\",\"@id\":\"https:\\\/\\\/uk-gb.net\\\/de\\\/visum-fur-manchester\\\/\",\"url\":\"https:\\\/\\\/uk-gb.net\\\/de\\\/visum-fur-manchester\\\/\",\"name\":\"Visum f\u00fcr Reisen nach Manchester oder Zwischenstopps - UK GB\",\"isPartOf\":{\"@id\":\"https:\\\/\\\/uk-gb.net\\\/de\\\/#website\"},\"primaryImageOfPage\":{\"@id\":\"https:\\\/\\\/uk-gb.net\\\/de\\\/visum-fur-manchester\\\/#primaryimage\"},\"image\":{\"@id\":\"https:\\\/\\\/uk-gb.net\\\/de\\\/visum-fur-manchester\\\/#primaryimage\"},\"thumbnailUrl\":\"https:\\\/\\\/uk-gb.net\\\/wp-content\\\/uploads\\\/2024\\\/03\\\/UK-visa-C.jpg\",\"datePublished\":\"2023-12-07T16:57:58+00:00\",\"dateModified\":\"2025-11-04T09:24:52+00:00\",\"description\":\"Ben\u00f6tigen Sie ein Visum oder eine Reisebescheinigung f\u00fcr Manchester oder einen Zwischenstopp in Manchester im Vereinigten K\u00f6nigreich?\",\"inLanguage\":\"de\",\"potentialAction\":[{\"@type\":\"ReadAction\",\"target\":[\"https:\\\/\\\/uk-gb.net\\\/de\\\/visum-fur-manchester\\\/\"]}]},{\"@type\":\"ImageObject\",\"inLanguage\":\"de\",\"@id\":\"https:\\\/\\\/uk-gb.net\\\/de\\\/visum-fur-manchester\\\/#primaryimage\",\"url\":\"https:\\\/\\\/uk-gb.net\\\/wp-content\\\/uploads\\\/2024\\\/03\\\/UK-visa-C.jpg\",\"contentUrl\":\"https:\\\/\\\/uk-gb.net\\\/wp-content\\\/uploads\\\/2024\\\/03\\\/UK-visa-C.jpg\"},{\"@type\":\"WebSite\",\"@id\":\"https:\\\/\\\/uk-gb.net\\\/de\\\/#website\",\"url\":\"https:\\\/\\\/uk-gb.net\\\/de\\\/\",\"name\":\"UK GB\",\"description\":\"Travel to the UK\",\"potentialAction\":[{\"@type\":\"SearchAction\",\"target\":{\"@type\":\"EntryPoint\",\"urlTemplate\":\"https:\\\/\\\/uk-gb.net\\\/de\\\/?s={search_term_string}\"},\"query-input\":{\"@type\":\"PropertyValueSpecification\",\"valueRequired\":true,\"valueName\":\"search_term_string\"}}],\"inLanguage\":\"de\"}]}<\/script>\n<!-- \/ Yoast SEO plugin. -->","yoast_head_json":{"title":"Visum f\u00fcr Reisen nach Manchester oder Zwischenstopps - UK GB","description":"Ben\u00f6tigen Sie ein Visum oder eine Reisebescheinigung f\u00fcr Manchester oder einen Zwischenstopp in Manchester im Vereinigten K\u00f6nigreich?","robots":{"index":"index","follow":"follow","max-snippet":"max-snippet:-1","max-image-preview":"max-image-preview:large","max-video-preview":"max-video-preview:-1"},"canonical":"https:\/\/uk-gb.net\/de\/visum-fur-manchester\/","og_locale":"de_DE","og_type":"article","og_title":"Visum f\u00fcr Reisen nach Manchester oder Zwischenstopps - UK GB","og_description":"Ben\u00f6tigen Sie ein Visum oder eine Reisebescheinigung f\u00fcr Manchester oder einen Zwischenstopp in Manchester im Vereinigten K\u00f6nigreich?","og_url":"https:\/\/uk-gb.net\/de\/visum-fur-manchester\/","og_site_name":"UK GB","article_modified_time":"2025-11-04T09:24:52+00:00","og_image":[{"width":564,"height":338,"url":"https:\/\/uk-gb.net\/wp-content\/uploads\/2024\/03\/UK-visa-C.jpg","type":"image\/jpeg"}],"twitter_card":"summary_large_image","twitter_misc":{"Gesch\u00e4tzte Lesezeit":"3\u00a0Minuten"},"schema":{"@context":"https:\/\/schema.org","@graph":[{"@type":"WebPage","@id":"https:\/\/uk-gb.net\/de\/visum-fur-manchester\/","url":"https:\/\/uk-gb.net\/de\/visum-fur-manchester\/","name":"Visum f\u00fcr Reisen nach Manchester oder Zwischenstopps - UK GB","isPartOf":{"@id":"https:\/\/uk-gb.net\/de\/#website"},"primaryImageOfPage":{"@id":"https:\/\/uk-gb.net\/de\/visum-fur-manchester\/#primaryimage"},"image":{"@id":"https:\/\/uk-gb.net\/de\/visum-fur-manchester\/#primaryimage"},"thumbnailUrl":"https:\/\/uk-gb.net\/wp-content\/uploads\/2024\/03\/UK-visa-C.jpg","datePublished":"2023-12-07T16:57:58+00:00","dateModified":"2025-11-04T09:24:52+00:00","description":"Ben\u00f6tigen Sie ein Visum oder eine Reisebescheinigung f\u00fcr Manchester oder einen Zwischenstopp in Manchester im Vereinigten K\u00f6nigreich?","inLanguage":"de","potentialAction":[{"@type":"ReadAction","target":["https:\/\/uk-gb.net\/de\/visum-fur-manchester\/"]}]},{"@type":"ImageObject","inLanguage":"de","@id":"https:\/\/uk-gb.net\/de\/visum-fur-manchester\/#primaryimage","url":"https:\/\/uk-gb.net\/wp-content\/uploads\/2024\/03\/UK-visa-C.jpg","contentUrl":"https:\/\/uk-gb.net\/wp-content\/uploads\/2024\/03\/UK-visa-C.jpg"},{"@type":"WebSite","@id":"https:\/\/uk-gb.net\/de\/#website","url":"https:\/\/uk-gb.net\/de\/","name":"UK GB","description":"Travel to the UK","potentialAction":[{"@type":"SearchAction","target":{"@type":"EntryPoint","urlTemplate":"https:\/\/uk-gb.net\/de\/?s={search_term_string}"},"query-input":{"@type":"PropertyValueSpecification","valueRequired":true,"valueName":"search_term_string"}}],"inLanguage":"de"}]}},"_links":{"self":[{"href":"https:\/\/uk-gb.net\/de\/wp-json\/wp\/v2\/pages\/926","targetHints":{"allow":["GET"]}}],"collection":[{"href":"https:\/\/uk-gb.net\/de\/wp-json\/wp\/v2\/pages"}],"about":[{"href":"https:\/\/uk-gb.net\/de\/wp-json\/wp\/v2\/types\/page"}],"author":[{"embeddable":true,"href":"https:\/\/uk-gb.net\/de\/wp-json\/wp\/v2\/users\/1"}],"replies":[{"embeddable":true,"href":"https:\/\/uk-gb.net\/de\/wp-json\/wp\/v2\/comments?post=926"}],"version-history":[{"count":0,"href":"https:\/\/uk-gb.net\/de\/wp-json\/wp\/v2\/pages\/926\/revisions"}],"wp:attachment":[{"href":"https:\/\/uk-gb.net\/de\/wp-json\/wp\/v2\/media?parent=926"}],"curies":[{"name":"wp","href":"https:\/\/api.w.org\/{rel}","templated":true}]}}