{"id":920,"date":"2023-12-07T16:52:56","date_gmt":"2023-12-07T16:52:56","guid":{"rendered":"https:\/\/uk-gb.net\/visum-fur-london\/"},"modified":"2025-06-09T09:15:45","modified_gmt":"2025-06-09T08:15:45","slug":"visum-fur-london","status":"publish","type":"page","link":"https:\/\/uk-gb.net\/de\/visum-fur-london\/","title":{"rendered":"Visum f\u00fcr Reisen nach London oder Zwischenstopps"},"content":{"rendered":"\n<h1 class=\"wp-block-heading\">Visum f\u00fcr Reisen oder Zwischenstopps in London<\/h1>\n\n<p><a href=\"https:\/\/uk-gb.net\/de\/london\/\">London<\/a> ist das wichtigste Tor zum Vereinigten K\u00f6nigreich f\u00fcr Touristen, Studenten, Gesch\u00e4ftsleute und Transitreisende. Seit dem Austritt des Vereinigten K\u00f6nigreichs aus der Europ\u00e4ischen Union haben sich die <a href=\"https:\/\/uk-gb.net\/de\/visum-vereinigtes-konigreich\/\">Einreiseformalit\u00e4ten f\u00fcr das Vereinigte K\u00f6nigreich<\/a> ge\u00e4ndert. Je nach Ihrer Nationalit\u00e4t, Ihrer Aufenthaltsdauer oder dem Grund Ihrer Reise kann ein Visum oder eine ETA-Genehmigung erforderlich sein. Hier finden Sie alles, was Sie wissen m\u00fcssen, um legal nach London zu reisen oder einen Zwischenstopp einzulegen.   <\/p>\n\n<h2 class=\"wp-block-heading\">Ben\u00f6tigt man f\u00fcr London ein Visum?<\/h2>\n\n<p>Ob Sie ein Visum f\u00fcr London ben\u00f6tigen, h\u00e4ngt von Ihrer Nationalit\u00e4t und dem Grund Ihres Aufenthalts ab.<\/p>\n\n<p><strong>Sie ben\u00f6tigen kein Visum, wenn<\/strong>:<\/p>\n\n<ul class=\"wp-block-list\">\n<li>Sie sind irischer Staatsb\u00fcrger.<\/li>\n\n\n\n<li>Sie sind B\u00fcrger eines Landes, das von der Visumpflicht befreit ist, und Ihr Aufenthalt ist kurz (weniger als 6 Monate) f\u00fcr Tourismus, Familienbesuche, eine kurze Gesch\u00e4ftsreise oder ein Kurzstudium.  <\/li>\n<\/ul>\n\n<p>Seit 2025 m\u00fcssen diese Reisenden eine elektronische Reisegenehmigung erhalten, indem sie das <a href=\"https:\/\/uk-gb.net\/de\/online-eta-visumformular-england\/\">ETA-Formular online<\/a> ausf\u00fcllen.<\/p>\n\n<p><strong>Sie ben\u00f6tigen ein Visum, wenn<\/strong>:<\/p>\n\n<ul class=\"wp-block-list\">\n<li>Sie sind Staatsangeh\u00f6riger eines Landes, das nicht von der Visumpflicht befreit ist, auch nicht f\u00fcr einen Kurzaufenthalt.<\/li>\n\n\n\n<li>Sie m\u00f6chten im Vereinigten K\u00f6nigreich arbeiten, langfristig studieren, sich niederlassen oder heiraten.<\/li>\n\n\n\n<li>Sie m\u00f6chten ein Familienmitglied f\u00fcr einen l\u00e4ngeren Zeitraum in London besuchen.<\/li>\n<\/ul>\n\n<p>Touristen, die sich l\u00e4nger als 6 Monate im Vereinigten K\u00f6nigreich aufhalten m\u00f6chten, ben\u00f6tigen ein <a href=\"https:\/\/uk-gb.net\/de\/touristenvisum-england-vereinigtes-koenigreich\/\">englisches Touristenvisum<\/a>.<\/p>\n\n<div style=\"height:10px\" aria-hidden=\"true\" class=\"wp-block-spacer\"><\/div>\n\n<h2 class=\"wp-block-heading\">Die ETA: eine Alternative zum Visum, um London zu besuchen<\/h2>\n\n<p><a href=\"https:\/\/uk-gb.net\/de\/eta-england-vereinigtes-konigreich\/\">Die Electronic Travel Authorization<\/a> (ETA) ist eine Reisegenehmigung, die f\u00fcr Staatsangeh\u00f6rige bestimmter visumfreier L\u00e4nder erforderlich ist, wenn sie das Vereinigte K\u00f6nigreich besuchen.<\/p>\n\n<ul class=\"wp-block-list\">\n<li><a href=\"https:\/\/uk-gb.net\/de\/preis-eta-vereinigte-konigreich\/\">Preis f\u00fcr die ETA<\/a>: 16 \u00a3 (ca. 19 \u20ac)<\/li>\n\n\n\n<li>G\u00fcltigkeit: 2 Jahre oder bis zum Ablauf der G\u00fcltigkeitsdauer des Reisepasses<\/li>\n\n\n\n<li>Maximale Aufenthaltsdauer: 6 Monate<\/li>\n\n\n\n<li>Nutzung: Tourismus, Gesch\u00e4ftsreisen, Kurzstudien oder Durchreise<\/li>\n<\/ul>\n\n<p>Seit April 2025 m\u00fcssen EU-B\u00fcrger <strong>vor ihrer Abreise<\/strong> eine <strong>ETA f\u00fcr London<\/strong> beantragen.<\/p>\n\n<h2 class=\"wp-block-heading\">Braucht man ein Visum, um in London einen Zwischenstopp einzulegen?<\/h2>\n\n<p>Wenn Sie einen Zwischenstopp auf dem Flughafen London (Heathrow, Gatwick, Stansted, Luton) einlegen, h\u00e4ngen die Formalit\u00e4ten davon ab, ob Sie die britische Grenzkontrolle passieren oder nicht.<\/p>\n\n<h3 class=\"wp-block-heading\">Fall 1: Transit ohne Flughafenausfahrt<\/h3>\n\n<p>Wenn Sie in der internationalen Zone bleiben und den Flughafen nicht wechseln: Wenn Sie Staatsangeh\u00f6riger eines <a href=\"https:\/\/uk-gb.net\/de\/lander-eta-vereinigte-konigreich-beantragen-konnen\/\">Landes sind, das am britischen Programm f\u00fcr visumfreies Reisen (Visa Waiver Program) teilnimmt<\/a>, k\u00f6nnen Sie eine ETA Gro\u00dfbritannien beantragen, um in London ohne Visum einen Zwischenstopp einlegen zu k\u00f6nnen.<\/p>\n\n<h3 class=\"wp-block-heading\">Fall 2: Transit mit Grenz\u00fcbertritt<\/h3>\n\n<p>Wenn Sie den Flughafen wechseln oder den Zoll passieren m\u00fcssen (z.B. bei einem l\u00e4ngeren Zwischenstopp): Sie ben\u00f6tigen je nach Ihrer Nationalit\u00e4t ein <a href=\"https:\/\/uk-gb.net\/de\/transitvisum-einen-zwischenstopp-england\/\">Transitvisum<\/a> oder eine ETA.<\/p>\n\n<p>Gut zu wissen: Selbst f\u00fcr einen einfachen Transit ben\u00f6tigen einige Staatsangeh\u00f6rige ein britisches Transitvisum (Visitor in Transit Visa).<\/p>\n\n<div style=\"height:10px\" aria-hidden=\"true\" class=\"wp-block-spacer\"><\/div>\n\n<h2 class=\"wp-block-heading\">Wie bekomme ich ein Visum oder eine ETA f\u00fcr London?<\/h2>\n\n<p>Hier ist eine vereinfachte Zusammenfassung des Verfahrens f\u00fcr Ihre Situation als Reisender.<\/p>\n\n<figure class=\"wp-block-table\"><table class=\"has-fixed-layout\"><thead><tr><th>Lage<\/th><th class=\"has-text-align-center\" data-align=\"center\">Art des erforderlichen Dokuments<\/th><th class=\"has-text-align-left\" data-align=\"left\">Verfahren<\/th><\/tr><\/thead><tbody><tr><td>Kurzaufenthalt f\u00fcr Touristen, Gesch\u00e4ftsreisende oder Kurzstudien<\/td><td class=\"has-text-align-center\" data-align=\"center\">ETA<\/td><td class=\"has-text-align-left\" data-align=\"left\">Online-Antrag auf <a href=\"https:\/\/www.gov.uk\/eta\">gov.uk<\/a>, Zahlung mit Kreditkarte<\/td><\/tr><tr><td>Aufenthalt von mehr als 6 Monaten, Arbeit, Familienzusammenf\u00fchrung<\/td><td class=\"has-text-align-center\" data-align=\"center\">Britisches Visum<\/td><td class=\"has-text-align-left\" data-align=\"left\">Online-Antrag + Termin bei der Botschaft<\/td><\/tr><tr><td>Transit mit Ausreise aus einer internationalen Zone<\/td><td class=\"has-text-align-center\" data-align=\"center\">ETA oder Transitvisum<\/td><td class=\"has-text-align-left\" data-align=\"left\">Je nach Nationalit\u00e4t und Flughafen<\/td><\/tr><\/tbody><\/table><\/figure>\n\n<p>Um ein Visum f\u00fcr London zu erhalten, m\u00fcssen ausl\u00e4ndische Staatsangeh\u00f6rige ein <a href=\"https:\/\/uk-gb.net\/de\/antragsverfahren-visum-vereinigte-konigreich\/\">Online-Visumsantragsverfahren<\/a> durchlaufen. Dieser Prozess umfasst mehrere Schritte, die sind:<\/p>\n\n<ul class=\"wp-block-list\">\n<li>W\u00e4hlen Sie die Art des Visums entsprechend dem Grund Ihrer Reise ;<\/li>\n\n\n\n<li>Sammeln Sie die erforderlichen Belege ;<\/li>\n\n\n\n<li>F\u00fcllen Sie das Antragsformular f\u00fcr das Visum online aus ;<\/li>\n\n\n\n<li>Bezahlen Sie die <a href=\"https:\/\/uk-gb.net\/de\/visumpreis-fur-england\/\">Visageb\u00fchren<\/a>;<\/li>\n\n\n\n<li>Termin bei einer <a href=\"https:\/\/uk-gb.net\/de\/britische-botschaft-in-deutschland\/\">britischen Botschaft<\/a> vereinbaren ;<\/li>\n\n\n\n<li>Dokumente einreichen, um den Visumantrag abzuschlie\u00dfen ;<\/li>\n\n\n\n<li>An einem <a href=\"https:\/\/uk-gb.net\/de\/visumtermin-bei-der-botschaft-england\/\">Interview f\u00fcr das Visum<\/a> teilnehmen, wenn Ihr Antrag dies erfordert.<\/li>\n<\/ul>\n\n<div style=\"height:10px\" aria-hidden=\"true\" class=\"wp-block-spacer\"><\/div>\n\n<h2 class=\"wp-block-heading\">Welche Dokumente sind f\u00fcr eine Reise nach London erforderlich?<\/h2>\n\n<p>Die folgenden Dokumente werden bei der Einreise in das Vereinigte K\u00f6nigreich am h\u00e4ufigsten ben\u00f6tigt:<\/p>\n\n<ul class=\"wp-block-list\">\n<li>Ein <strong>g\u00fcltiger Reisepass<\/strong>, der seit dem Brexit wieder obligatorisch ist ;<\/li>\n\n\n\n<li>Eine <strong>ETA-Genehmigung oder ein<\/strong> g\u00fcltiges <strong>Visum<\/strong>;<\/li>\n\n\n\n<li>Ein <strong>Nachweis \u00fcber ausreichende Mittel<\/strong> f\u00fcr Ihren Aufenthalt ;<\/li>\n\n\n\n<li>Ein <strong>Nachweis der Unterkunft<\/strong> wie eine Hotelreservierung oder eine Einladung ;<\/li>\n\n\n\n<li>Ein <strong>R\u00fcckflug- oder Weiterreiseticket<\/strong> im Falle eines Transits.<\/li>\n<\/ul>\n\n<div style=\"height:10px\" aria-hidden=\"true\" class=\"wp-block-spacer\"><\/div>\n\n<h2 class=\"wp-block-heading\">Schlussfolgerung<\/h2>\n\n<p>Wenn Sie nach London reisen oder durch London reisen, m\u00fcssen Sie Ihre pers\u00f6nliche Situation sorgf\u00e4ltig pr\u00fcfen. F\u00fcr viele Reisende, auch aus der EU,<strong>ist die ETA nunmehr obligatorisch<\/strong>, w\u00e4hrend andere den klassischen Weg des <a href=\"https:\/\/uk-gb.net\/de\/verschiedene-arten-von-britischen-visa\/\">britischen Visums<\/a> gehen m\u00fcssen. Im Zweifelsfall sollten Sie eine Simulation auf der <a href=\"https:\/\/www.gov.uk\/check-uk-visa\">offiziellen Website der britischen Regierung<\/a> durchf\u00fchren.  <\/p>\n","protected":false},"excerpt":{"rendered":"<p>Visum f\u00fcr Reisen oder Zwischenstopps in London London ist das wichtigste Tor zum Vereinigten K\u00f6nigreich f\u00fcr Touristen, Studenten, Gesch\u00e4ftsleute und Transitreisende. Seit dem Austritt des Vereinigten K\u00f6nigreichs aus der Europ\u00e4ischen Union haben sich die Einreiseformalit\u00e4ten f\u00fcr das Vereinigte K\u00f6nigreich ge\u00e4ndert. Je nach Ihrer Nationalit\u00e4t, Ihrer Aufenthaltsdauer oder dem Grund Ihrer Reise kann ein Visum oder [&hellip;]<\/p>\n","protected":false},"author":1,"featured_media":0,"parent":0,"menu_order":0,"comment_status":"closed","ping_status":"closed","template":"","meta":{"footnotes":""},"class_list":["post-920","page","type-page","status-publish","hentry"],"yoast_head":"<!-- This site is optimized with the Yoast SEO plugin v27.3 - https:\/\/yoast.com\/product\/yoast-seo-wordpress\/ -->\n<title>Visum f\u00fcr Reisen nach London oder Zwischenstopps - UK GB<\/title>\n<meta name=\"description\" content=\"Um in das Vereinigte K\u00f6nigreich zu reisen, wenn Sie in London landen, ben\u00f6tigen Sie ein Visum oder eine Reisebescheinigung f\u00fcr London.\" \/>\n<meta name=\"robots\" content=\"index, follow, max-snippet:-1, max-image-preview:large, max-video-preview:-1\" \/>\n<link rel=\"canonical\" href=\"https:\/\/uk-gb.net\/de\/visum-fur-london\/\" \/>\n<meta property=\"og:locale\" content=\"de_DE\" \/>\n<meta property=\"og:type\" content=\"article\" \/>\n<meta property=\"og:title\" content=\"Visum f\u00fcr Reisen nach London oder Zwischenstopps - UK GB\" \/>\n<meta property=\"og:description\" content=\"Um in das Vereinigte K\u00f6nigreich zu reisen, wenn Sie in London landen, ben\u00f6tigen Sie ein Visum oder eine Reisebescheinigung f\u00fcr London.\" \/>\n<meta property=\"og:url\" content=\"https:\/\/uk-gb.net\/de\/visum-fur-london\/\" \/>\n<meta property=\"og:site_name\" content=\"UK GB\" \/>\n<meta property=\"article:modified_time\" content=\"2025-06-09T08:15:45+00:00\" \/>\n<meta name=\"twitter:card\" content=\"summary_large_image\" \/>\n<meta name=\"twitter:label1\" content=\"Gesch\u00e4tzte Lesezeit\" \/>\n\t<meta name=\"twitter:data1\" content=\"4\u00a0Minuten\" \/>\n<script type=\"application\/ld+json\" class=\"yoast-schema-graph\">{\"@context\":\"https:\\\/\\\/schema.org\",\"@graph\":[{\"@type\":\"WebPage\",\"@id\":\"https:\\\/\\\/uk-gb.net\\\/de\\\/visum-fur-london\\\/\",\"url\":\"https:\\\/\\\/uk-gb.net\\\/de\\\/visum-fur-london\\\/\",\"name\":\"Visum f\u00fcr Reisen nach London oder Zwischenstopps - UK GB\",\"isPartOf\":{\"@id\":\"https:\\\/\\\/uk-gb.net\\\/de\\\/#website\"},\"datePublished\":\"2023-12-07T16:52:56+00:00\",\"dateModified\":\"2025-06-09T08:15:45+00:00\",\"description\":\"Um in das Vereinigte K\u00f6nigreich zu reisen, wenn Sie in London landen, ben\u00f6tigen Sie ein Visum oder eine Reisebescheinigung f\u00fcr London.\",\"inLanguage\":\"de\",\"potentialAction\":[{\"@type\":\"ReadAction\",\"target\":[\"https:\\\/\\\/uk-gb.net\\\/de\\\/visum-fur-london\\\/\"]}]},{\"@type\":\"WebSite\",\"@id\":\"https:\\\/\\\/uk-gb.net\\\/de\\\/#website\",\"url\":\"https:\\\/\\\/uk-gb.net\\\/de\\\/\",\"name\":\"UK GB\",\"description\":\"Travel to the UK\",\"potentialAction\":[{\"@type\":\"SearchAction\",\"target\":{\"@type\":\"EntryPoint\",\"urlTemplate\":\"https:\\\/\\\/uk-gb.net\\\/de\\\/?s={search_term_string}\"},\"query-input\":{\"@type\":\"PropertyValueSpecification\",\"valueRequired\":true,\"valueName\":\"search_term_string\"}}],\"inLanguage\":\"de\"}]}<\/script>\n<!-- \/ Yoast SEO plugin. -->","yoast_head_json":{"title":"Visum f\u00fcr Reisen nach London oder Zwischenstopps - UK GB","description":"Um in das Vereinigte K\u00f6nigreich zu reisen, wenn Sie in London landen, ben\u00f6tigen Sie ein Visum oder eine Reisebescheinigung f\u00fcr London.","robots":{"index":"index","follow":"follow","max-snippet":"max-snippet:-1","max-image-preview":"max-image-preview:large","max-video-preview":"max-video-preview:-1"},"canonical":"https:\/\/uk-gb.net\/de\/visum-fur-london\/","og_locale":"de_DE","og_type":"article","og_title":"Visum f\u00fcr Reisen nach London oder Zwischenstopps - UK GB","og_description":"Um in das Vereinigte K\u00f6nigreich zu reisen, wenn Sie in London landen, ben\u00f6tigen Sie ein Visum oder eine Reisebescheinigung f\u00fcr London.","og_url":"https:\/\/uk-gb.net\/de\/visum-fur-london\/","og_site_name":"UK GB","article_modified_time":"2025-06-09T08:15:45+00:00","twitter_card":"summary_large_image","twitter_misc":{"Gesch\u00e4tzte Lesezeit":"4\u00a0Minuten"},"schema":{"@context":"https:\/\/schema.org","@graph":[{"@type":"WebPage","@id":"https:\/\/uk-gb.net\/de\/visum-fur-london\/","url":"https:\/\/uk-gb.net\/de\/visum-fur-london\/","name":"Visum f\u00fcr Reisen nach London oder Zwischenstopps - UK GB","isPartOf":{"@id":"https:\/\/uk-gb.net\/de\/#website"},"datePublished":"2023-12-07T16:52:56+00:00","dateModified":"2025-06-09T08:15:45+00:00","description":"Um in das Vereinigte K\u00f6nigreich zu reisen, wenn Sie in London landen, ben\u00f6tigen Sie ein Visum oder eine Reisebescheinigung f\u00fcr London.","inLanguage":"de","potentialAction":[{"@type":"ReadAction","target":["https:\/\/uk-gb.net\/de\/visum-fur-london\/"]}]},{"@type":"WebSite","@id":"https:\/\/uk-gb.net\/de\/#website","url":"https:\/\/uk-gb.net\/de\/","name":"UK GB","description":"Travel to the UK","potentialAction":[{"@type":"SearchAction","target":{"@type":"EntryPoint","urlTemplate":"https:\/\/uk-gb.net\/de\/?s={search_term_string}"},"query-input":{"@type":"PropertyValueSpecification","valueRequired":true,"valueName":"search_term_string"}}],"inLanguage":"de"}]}},"_links":{"self":[{"href":"https:\/\/uk-gb.net\/de\/wp-json\/wp\/v2\/pages\/920","targetHints":{"allow":["GET"]}}],"collection":[{"href":"https:\/\/uk-gb.net\/de\/wp-json\/wp\/v2\/pages"}],"about":[{"href":"https:\/\/uk-gb.net\/de\/wp-json\/wp\/v2\/types\/page"}],"author":[{"embeddable":true,"href":"https:\/\/uk-gb.net\/de\/wp-json\/wp\/v2\/users\/1"}],"replies":[{"embeddable":true,"href":"https:\/\/uk-gb.net\/de\/wp-json\/wp\/v2\/comments?post=920"}],"version-history":[{"count":0,"href":"https:\/\/uk-gb.net\/de\/wp-json\/wp\/v2\/pages\/920\/revisions"}],"wp:attachment":[{"href":"https:\/\/uk-gb.net\/de\/wp-json\/wp\/v2\/media?parent=920"}],"curies":[{"name":"wp","href":"https:\/\/api.w.org\/{rel}","templated":true}]}}