{"id":912,"date":"2023-12-07T17:06:53","date_gmt":"2023-12-07T17:06:53","guid":{"rendered":"https:\/\/uk-gb.net\/visum-fur-liverpool\/"},"modified":"2025-06-12T08:59:31","modified_gmt":"2025-06-12T07:59:31","slug":"visum-fur-liverpool","status":"publish","type":"page","link":"https:\/\/uk-gb.net\/de\/visum-fur-liverpool\/","title":{"rendered":"Visum f\u00fcr Reisen nach Liverpool"},"content":{"rendered":"\n<h1 class=\"wp-block-heading\">Visum f\u00fcr Reisen oder Zwischenstopps in Liverpool<\/h1>\n\n<p><a href=\"https:\/\/uk-gb.net\/de\/liverpool\/\">Liverpool<\/a> ist ber\u00fchmt f\u00fcr seine maritime Geschichte, seine Kulturdenkm\u00e4ler und sein musikalisches Erbe und zieht jedes Jahr viele internationale Besucher an. Ob Sie nun die Stadt der Beatles besuchen, an einem Sportereignis teilnehmen oder einfach nur einen Zwischenstopp am Flughafen Liverpool einlegen wollen, es ist wichtig, dass Sie die Einreiseformalit\u00e4ten kennen. Je nach Ihrer Nationalit\u00e4t und dem Zweck Ihres Aufenthalts ben\u00f6tigen Sie ein <a href=\"https:\/\/uk-gb.net\/de\/touristenvisum-england-vereinigtes-koenigreich\/\">britisches Visum<\/a> oder eine <a href=\"https:\/\/uk-gb.net\/de\/eta-england-vereinigtes-konigreich\/\">elektronische Reisegenehmigung (ETA<\/a>).  <\/p>\n\n<p><strong>Bei einem Aufenthalt von weniger als 6 Monaten<\/strong>: Es ist kein Touristenvisum f\u00fcr Liverpool erforderlich. B\u00fcrger aus visumfreien europ\u00e4ischen L\u00e4ndern m\u00fcssen lediglich eine Reisegenehmigung beantragen, indem sie das <a href=\"https:\/\/uk-gb.net\/de\/online-eta-visumformular-england\/\">ETA-Formular online<\/a> ausf\u00fcllen. <\/p>\n\n<h2 class=\"wp-block-heading\">Ben\u00f6tigt man ein Visum, um nach Liverpool zu reisen?<\/h2>\n\n<h3 class=\"wp-block-heading\">Sie ben\u00f6tigen kein Visum, wenn :<\/h3>\n\n<ul class=\"wp-block-list\">\n<li>Sie sind <strong>irischer Staatsb\u00fcrger<\/strong>;<\/li>\n\n\n\n<li>Sie sind Staatsangeh\u00f6riger eines <strong>Landes<\/strong>, das f\u00fcr einen Kurzaufenthalt (Tourismus, Gesch\u00e4ftsreisen, Familienbesuch oder Kurzstudium von weniger als 6 Monaten) von <strong>der Visumpflicht befreit<\/strong> ist.<br\/>Seit 2025 m\u00fcssen diese Reisenden vor ihrer Abreise eine <a href=\"https:\/\/uk-gb.net\/de\/eta-england-vereinigtes-konigreich\/\">ETA-Genehmigung<\/a> einholen.<\/li>\n<\/ul>\n\n<h3 class=\"wp-block-heading\">Sie ben\u00f6tigen ein Visum, wenn :<\/h3>\n\n<ul class=\"wp-block-list\">\n<li>Sie sind Staatsangeh\u00f6riger eines Landes, f\u00fcr das ein Visum erforderlich ist, wie z.B. Indien, China, Algerien, Nigeria, Pakistan&#8230; ;<\/li>\n\n\n\n<li>Sie m\u00f6chten in Liverpool <strong>arbeiten<\/strong>, <strong>l\u00e4nger studieren<\/strong> oder <strong>sich niederlassen<\/strong>;<\/li>\n\n\n\n<li>Sie kommen zu einem Familienmitglied ins Vereinigte K\u00f6nigreich, um sich dort dauerhaft niederzulassen.<\/li>\n<\/ul>\n\n<div style=\"height:10px\" aria-hidden=\"true\" class=\"wp-block-spacer\"><\/div>\n\n<h2 class=\"wp-block-heading\">ETA: die vereinfachte Genehmigung f\u00fcr Reisen nach Liverpool<\/h2>\n\n<p><a href=\"https:\/\/uk-gb.net\/de\/eta-england-vereinigtes-konigreich\/\">Die ETA<\/a> ist eine obligatorische Reisegenehmigung f\u00fcr Staatsangeh\u00f6rige bestimmter <a href=\"https:\/\/uk-gb.net\/de\/lander-eta-vereinigte-konigreich-beantragen-konnen\/\">L\u00e4nder, die von der Visumpflicht f\u00fcr das Vereinigte K\u00f6nigreich befreit<\/a> sind.<\/p>\n\n<ul class=\"wp-block-list\">\n<li><a href=\"https:\/\/uk-gb.net\/de\/preis-eta-vereinigte-konigreich\/\">Preis f\u00fcr die ETA<\/a>: 16 \u00a3 (ca. 19 \u20ac)<\/li>\n\n\n\n<li>G\u00fcltigkeit: 2 Jahre oder bis zum Ablauf der G\u00fcltigkeitsdauer des Reisepasses<\/li>\n\n\n\n<li>Maximale Aufenthaltsdauer: 6 Monate<\/li>\n\n\n\n<li>Nutzung: Tourismus, Gesch\u00e4ftsreisen, Kurzstudien oder Durchreise<\/li>\n<\/ul>\n\n<p>Seit April 2025 m\u00fcssen EU-B\u00fcrger eine <strong>ETA f\u00fcr Liverpool<\/strong> beantragen, <strong>bevor sie an Bord gehen k\u00f6nnen<\/strong>.<\/p>\n\n<h2 class=\"wp-block-heading\">Ben\u00f6tigt man ein Visum, um in Liverpool einen Zwischenstopp einzulegen?<\/h2>\n\n<p><a href=\"https:\/\/uk-gb.net\/de\/liverpool\/\">Liverpool<\/a> hat einen internationalen Flughafen (Liverpool John Lennon Airport), aber einige Passagiere benutzen auch den nahe gelegenen Manchester Airport.<\/p>\n\n<h3 class=\"wp-block-heading\">Transit ohne \u00dcberquerung der britischen Grenze :<\/h3>\n\n<ul class=\"wp-block-list\">\n<li>Wenn Sie in der internationalen Transitzone bleiben und nicht durch die Grenzkontrolle gehen, k\u00f6nnen Sie unter bestimmten Umst\u00e4nden von der Visumpflicht befreit werden.<\/li>\n\n\n\n<li>In den meisten F\u00e4llen ist jedoch selbst f\u00fcr einen einfachen Transit eine <strong>ETA erforderlich<\/strong>.<\/li>\n<\/ul>\n\n<h3 class=\"wp-block-heading\">Transit mit Grenz\u00fcbertritt (Flughafenwechsel oder l\u00e4ngerer Aufenthalt) :<\/h3>\n\n<ul class=\"wp-block-list\">\n<li>Ein <a href=\"https:\/\/uk-gb.net\/de\/transitvisum-einen-zwischenstopp-england\/\">britisches Transitvisum<\/a> oder eine <strong>ETA<\/strong> ist je nach Ihrer Nationalit\u00e4t und Ihrer Reiseroute erforderlich. Die Regeln sind streng, selbst f\u00fcr kurze Durchreisen. \u00dcberpr\u00fcfen Sie Ihre Situation immer vor der Abreise.  <\/li>\n<\/ul>\n\n<div style=\"height:10px\" aria-hidden=\"true\" class=\"wp-block-spacer\"><\/div>\n\n<h2 class=\"wp-block-heading\">Preise f\u00fcr die verschiedenen Visa f\u00fcr Liverpool?<\/h2>\n\n<p>Der Preis f\u00fcr ein Visum f\u00fcr Liverpool h\u00e4ngt von der Art des Visums ab, das Sie ben\u00f6tigen, um in das Vereinigte K\u00f6nigreich zu reisen. Bei einem l\u00e4ngeren Aufenthalt sind die <a href=\"https:\/\/uk-gb.net\/de\/visumpreis-fur-england\/\">Verwaltungsgeb\u00fchren f\u00fcr das Visum<\/a> h\u00f6her. Wenn der Reisende f\u00fcr eine <a href=\"https:\/\/uk-gb.net\/de\/eta-england-vereinigtes-konigreich\/\">ETA-Genehmigung f\u00fcr das Vereinigte K\u00f6nigreich in<\/a> Frage kommt, ist der Preis niedriger: Der <a href=\"https:\/\/uk-gb.net\/de\/preis-eta-vereinigte-konigreich\/\">Preis f\u00fcr eine ETA<\/a> betr\u00e4gt \u00a316.<\/p>\n\n<figure class=\"wp-block-table\"><table><thead><tr><th class=\"has-text-align-center\" data-align=\"center\">Art des Dokuments<\/th><th class=\"has-text-align-center\" data-align=\"center\">Tarif<\/th><\/tr><\/thead><tbody><tr><td class=\"has-text-align-center\" data-align=\"center\">ETA<\/td><td class=\"has-text-align-center\" data-align=\"center\">16 \u00a3<\/td><\/tr><tr><td class=\"has-text-align-center\" data-align=\"center\">Touristenvisum (6 Monate)<\/td><td class=\"has-text-align-center\" data-align=\"center\">115 \u00a3<\/td><\/tr><tr><td class=\"has-text-align-center\" data-align=\"center\">Transitvisum<\/td><td class=\"has-text-align-center\" data-align=\"center\">64 \u00a3<\/td><\/tr><tr><td class=\"has-text-align-center\" data-align=\"center\">Studentenvisum<\/td><td class=\"has-text-align-center\" data-align=\"center\">ab 490 \u00a3<\/td><\/tr><tr><td class=\"has-text-align-center\" data-align=\"center\">Arbeits- oder Familienvisum<\/td><td class=\"has-text-align-center\" data-align=\"center\">ab \u00a31.846<\/td><\/tr><\/tbody><\/table><\/figure>\n\n<h2 class=\"wp-block-heading\">Wie beantrage ich ein Visum f\u00fcr Liverpool?<\/h2>\n\n<p>Um ein Visum f\u00fcr <a href=\"https:\/\/uk-gb.net\/de\/liverpool\/\">Liverpool<\/a> zu erhalten, m\u00fcssen ausl\u00e4ndische Staatsb\u00fcrger ein <a href=\"https:\/\/uk-gb.net\/de\/antragsverfahren-visum-vereinigte-konigreich\/\">Online-Visumantragsverfahren<\/a> durchlaufen. Dieser Prozess umfasst mehrere Schritte, die sind:<\/p>\n\n<ul class=\"wp-block-list\">\n<li>W\u00e4hlen Sie die Art des Visums entsprechend dem Grund Ihrer Reise ;<\/li>\n\n\n\n<li>Sammeln Sie die erforderlichen Belege ;<\/li>\n\n\n\n<li>F\u00fcllen Sie das Antragsformular f\u00fcr das Visum online auf <a href=\"https:\/\/www.gov.uk\/standard-visitor\/apply-standard-visitor-visa\">gov.uk<\/a> aus;<\/li>\n\n\n\n<li>Bezahlen Sie die <a href=\"https:\/\/uk-gb.net\/de\/visumpreis-fur-england\/\">Visageb\u00fchren<\/a>;<\/li>\n\n\n\n<li>Termin bei einer <a href=\"https:\/\/uk-gb.net\/de\/britische-botschaft-in-deutschland\/\">britischen Botschaft<\/a> vereinbaren ;<\/li>\n\n\n\n<li>Dokumente einreichen, um den Visumantrag abzuschlie\u00dfen ;<\/li>\n\n\n\n<li>An einem <a href=\"https:\/\/uk-gb.net\/de\/visumtermin-bei-der-botschaft-england\/\">Interview f\u00fcr das Visum<\/a> teilnehmen, wenn Ihr Antrag dies erfordert.<\/li>\n<\/ul>\n\n<div style=\"height:10px\" aria-hidden=\"true\" class=\"wp-block-spacer\"><\/div>\n\n<h2 class=\"wp-block-heading\">Zusammenfassung<\/h2>\n\n<p>Seit der Reform der Einreiseformalit\u00e4ten ist es unerl\u00e4sslich, dass Sie Ihre Unterlagen gut vorbereiten, bevor Sie nach Liverpool reisen. Die<strong>ETA ist nun<\/strong> f\u00fcr die meisten visumfreien Staatsangeh\u00f6rigen<strong>erforderlich<\/strong>. Wenn Sie die Bedingungen f\u00fcr eine ETA nicht erf\u00fcllen, ist ein herk\u00f6mmliches Visum erforderlich.  <\/p>\n\n<p>Vor der Abreise nach Liverpool sollten Sie Ihren offiziellen Status auf der Website der britischen Regierung \u00fcberpr\u00fcfen: <a href=\"https:\/\/www.gov.uk\/check-uk-visa\">gov.uk\/check-uk-visa<\/a>.<\/p>\n\n<p><\/p>\n","protected":false},"excerpt":{"rendered":"<p>Visum f\u00fcr Reisen oder Zwischenstopps in Liverpool Liverpool ist ber\u00fchmt f\u00fcr seine maritime Geschichte, seine Kulturdenkm\u00e4ler und sein musikalisches Erbe und zieht jedes Jahr viele internationale Besucher an. Ob Sie nun die Stadt der Beatles besuchen, an einem Sportereignis teilnehmen oder einfach nur einen Zwischenstopp am Flughafen Liverpool einlegen wollen, es ist wichtig, dass Sie [&hellip;]<\/p>\n","protected":false},"author":1,"featured_media":0,"parent":0,"menu_order":0,"comment_status":"closed","ping_status":"closed","template":"","meta":{"footnotes":""},"class_list":["post-912","page","type-page","status-publish","hentry"],"yoast_head":"<!-- This site is optimized with the Yoast SEO plugin v27.3 - https:\/\/yoast.com\/product\/yoast-seo-wordpress\/ -->\n<title>Visum f\u00fcr Reisen nach Liverpool - UK GB<\/title>\n<meta name=\"description\" content=\"Brauchen Sie ein Visum oder eine Reisebescheinigung, um nach Liverpool zu reisen? Wir geben einen \u00dcberblick \u00fcber die notwendigen Formalit\u00e4ten.\" \/>\n<meta name=\"robots\" content=\"index, follow, max-snippet:-1, max-image-preview:large, max-video-preview:-1\" \/>\n<link rel=\"canonical\" href=\"https:\/\/uk-gb.net\/de\/visum-fur-liverpool\/\" \/>\n<meta property=\"og:locale\" content=\"de_DE\" \/>\n<meta property=\"og:type\" content=\"article\" \/>\n<meta property=\"og:title\" content=\"Visum f\u00fcr Reisen nach Liverpool - UK GB\" \/>\n<meta property=\"og:description\" content=\"Brauchen Sie ein Visum oder eine Reisebescheinigung, um nach Liverpool zu reisen? Wir geben einen \u00dcberblick \u00fcber die notwendigen Formalit\u00e4ten.\" \/>\n<meta property=\"og:url\" content=\"https:\/\/uk-gb.net\/de\/visum-fur-liverpool\/\" \/>\n<meta property=\"og:site_name\" content=\"UK GB\" \/>\n<meta property=\"article:modified_time\" content=\"2025-06-12T07:59:31+00:00\" \/>\n<meta name=\"twitter:card\" content=\"summary_large_image\" \/>\n<meta name=\"twitter:label1\" content=\"Gesch\u00e4tzte Lesezeit\" \/>\n\t<meta name=\"twitter:data1\" content=\"3\u00a0Minuten\" \/>\n<script type=\"application\/ld+json\" class=\"yoast-schema-graph\">{\"@context\":\"https:\\\/\\\/schema.org\",\"@graph\":[{\"@type\":\"WebPage\",\"@id\":\"https:\\\/\\\/uk-gb.net\\\/de\\\/visum-fur-liverpool\\\/\",\"url\":\"https:\\\/\\\/uk-gb.net\\\/de\\\/visum-fur-liverpool\\\/\",\"name\":\"Visum f\u00fcr Reisen nach Liverpool - UK GB\",\"isPartOf\":{\"@id\":\"https:\\\/\\\/uk-gb.net\\\/de\\\/#website\"},\"datePublished\":\"2023-12-07T17:06:53+00:00\",\"dateModified\":\"2025-06-12T07:59:31+00:00\",\"description\":\"Brauchen Sie ein Visum oder eine Reisebescheinigung, um nach Liverpool zu reisen? Wir geben einen \u00dcberblick \u00fcber die notwendigen Formalit\u00e4ten.\",\"inLanguage\":\"de\",\"potentialAction\":[{\"@type\":\"ReadAction\",\"target\":[\"https:\\\/\\\/uk-gb.net\\\/de\\\/visum-fur-liverpool\\\/\"]}]},{\"@type\":\"WebSite\",\"@id\":\"https:\\\/\\\/uk-gb.net\\\/de\\\/#website\",\"url\":\"https:\\\/\\\/uk-gb.net\\\/de\\\/\",\"name\":\"UK GB\",\"description\":\"Travel to the UK\",\"potentialAction\":[{\"@type\":\"SearchAction\",\"target\":{\"@type\":\"EntryPoint\",\"urlTemplate\":\"https:\\\/\\\/uk-gb.net\\\/de\\\/?s={search_term_string}\"},\"query-input\":{\"@type\":\"PropertyValueSpecification\",\"valueRequired\":true,\"valueName\":\"search_term_string\"}}],\"inLanguage\":\"de\"}]}<\/script>\n<!-- \/ Yoast SEO plugin. -->","yoast_head_json":{"title":"Visum f\u00fcr Reisen nach Liverpool - UK GB","description":"Brauchen Sie ein Visum oder eine Reisebescheinigung, um nach Liverpool zu reisen? Wir geben einen \u00dcberblick \u00fcber die notwendigen Formalit\u00e4ten.","robots":{"index":"index","follow":"follow","max-snippet":"max-snippet:-1","max-image-preview":"max-image-preview:large","max-video-preview":"max-video-preview:-1"},"canonical":"https:\/\/uk-gb.net\/de\/visum-fur-liverpool\/","og_locale":"de_DE","og_type":"article","og_title":"Visum f\u00fcr Reisen nach Liverpool - UK GB","og_description":"Brauchen Sie ein Visum oder eine Reisebescheinigung, um nach Liverpool zu reisen? Wir geben einen \u00dcberblick \u00fcber die notwendigen Formalit\u00e4ten.","og_url":"https:\/\/uk-gb.net\/de\/visum-fur-liverpool\/","og_site_name":"UK GB","article_modified_time":"2025-06-12T07:59:31+00:00","twitter_card":"summary_large_image","twitter_misc":{"Gesch\u00e4tzte Lesezeit":"3\u00a0Minuten"},"schema":{"@context":"https:\/\/schema.org","@graph":[{"@type":"WebPage","@id":"https:\/\/uk-gb.net\/de\/visum-fur-liverpool\/","url":"https:\/\/uk-gb.net\/de\/visum-fur-liverpool\/","name":"Visum f\u00fcr Reisen nach Liverpool - UK GB","isPartOf":{"@id":"https:\/\/uk-gb.net\/de\/#website"},"datePublished":"2023-12-07T17:06:53+00:00","dateModified":"2025-06-12T07:59:31+00:00","description":"Brauchen Sie ein Visum oder eine Reisebescheinigung, um nach Liverpool zu reisen? Wir geben einen \u00dcberblick \u00fcber die notwendigen Formalit\u00e4ten.","inLanguage":"de","potentialAction":[{"@type":"ReadAction","target":["https:\/\/uk-gb.net\/de\/visum-fur-liverpool\/"]}]},{"@type":"WebSite","@id":"https:\/\/uk-gb.net\/de\/#website","url":"https:\/\/uk-gb.net\/de\/","name":"UK GB","description":"Travel to the UK","potentialAction":[{"@type":"SearchAction","target":{"@type":"EntryPoint","urlTemplate":"https:\/\/uk-gb.net\/de\/?s={search_term_string}"},"query-input":{"@type":"PropertyValueSpecification","valueRequired":true,"valueName":"search_term_string"}}],"inLanguage":"de"}]}},"_links":{"self":[{"href":"https:\/\/uk-gb.net\/de\/wp-json\/wp\/v2\/pages\/912","targetHints":{"allow":["GET"]}}],"collection":[{"href":"https:\/\/uk-gb.net\/de\/wp-json\/wp\/v2\/pages"}],"about":[{"href":"https:\/\/uk-gb.net\/de\/wp-json\/wp\/v2\/types\/page"}],"author":[{"embeddable":true,"href":"https:\/\/uk-gb.net\/de\/wp-json\/wp\/v2\/users\/1"}],"replies":[{"embeddable":true,"href":"https:\/\/uk-gb.net\/de\/wp-json\/wp\/v2\/comments?post=912"}],"version-history":[{"count":0,"href":"https:\/\/uk-gb.net\/de\/wp-json\/wp\/v2\/pages\/912\/revisions"}],"wp:attachment":[{"href":"https:\/\/uk-gb.net\/de\/wp-json\/wp\/v2\/media?parent=912"}],"curies":[{"name":"wp","href":"https:\/\/api.w.org\/{rel}","templated":true}]}}