{"id":893,"date":"2023-12-07T16:56:29","date_gmt":"2023-12-07T16:56:29","guid":{"rendered":"https:\/\/uk-gb.net\/visum-fur-edinburg\/"},"modified":"2026-04-02T11:16:43","modified_gmt":"2026-04-02T10:16:43","slug":"visum-fur-edinburgh","status":"publish","type":"page","link":"https:\/\/uk-gb.net\/de\/visum-fur-edinburgh\/","title":{"rendered":"Visum f\u00fcr Reisen nach Edinburgh"},"content":{"rendered":"\n<p><a href=\"https:\/\/uk-gb.net\/de\/edinburgh\/\" type=\"page\" id=\"4933\">Edinburgh<\/a> ist eine Stadt im S\u00fcdosten Schottlands, an den Ufern des Firth of Forth. Jahrhundert ist sie bekannt f\u00fcr ihr historisches Erbe, ihre bemerkenswerte Architektur und ihre kulturelle Rolle, insbesondere durch ber\u00fchmte Festivals wie das Edinburgh International Festival und das Fringe Festival. <\/p>\n\n<h1 class=\"wp-block-heading\">Visum, um bis nach Edinburgh zu reisen<\/h1>\n\n<p><br\/>Ausl\u00e4ndische Staatsangeh\u00f6rige, die nach Edinburgh reisen m\u00f6chten, m\u00fcssen im Besitz einer vom Vereinigten K\u00f6nigreich erteilten Reisegenehmigung sein. Es gibt verschiedene Arten von Reisegenehmigungen, die f\u00fcr eine Reise nach Edinburgh m\u00f6glich sind. <\/p>\n\n<h2 class=\"wp-block-heading\">Ben\u00f6tigt man f\u00fcr Edinburgh ein Visum?<\/h2>\n\n<p><a href=\"https:\/\/uk-gb.net\/de\/edinburgh\/\" type=\"page\" id=\"4933\">Edinburgh<\/a> ist die Hauptstadt von Schottland, daher m\u00fcssen alle Ausl\u00e4nder, die \u00fcber Edinburgh in das Vereinigte K\u00f6nigreich einreisen wollen, eine g\u00fcltige Reisegenehmigung besitzen. Je nach dem Grund f\u00fcr den Aufenthalt in Edinburgh kann der Besucher ein <a href=\"https:\/\/uk-gb.net\/de\/touristenvisum-england-vereinigtes-koenigreich\/\">Touristenvisum<\/a> beantragen. <\/p>\n\n<p><strong>Bei einem Aufenthalt von weniger als 6 Monaten<\/strong>: F\u00fcr Edinburgh ist kein Visum erforderlich. Die meisten europ\u00e4ischen L\u00e4nder sind f\u00fcr ihre B\u00fcrger von der Visumspflicht befreit. Seit kurzem k\u00f6nnen auch einige L\u00e4nder des Nahen Ostens eine <a href=\"https:\/\/uk-gb.net\/de\/online-eta-visumformular-england\/\">ETA-Reisegenehmigung einfach online<\/a> beantragen. <\/p>\n\n<div style=\"height:10px\" aria-hidden=\"true\" class=\"wp-block-spacer\"><\/div>\n\n<h2 class=\"wp-block-heading\">Ben\u00f6tigt man ein Visum, um in Edinburgh einen Zwischenstopp einzulegen?<\/h2>\n\n<p>Es gibt zwei M\u00f6glichkeiten, in Edinburgh einen Zwischenstopp einzulegen:<\/p>\n\n<ul class=\"wp-block-list\">\n<li>Reisende k\u00f6nnen ein <a href=\"https:\/\/uk-gb.net\/de\/transitvisum-einen-zwischenstopp-england\/\">Transitvisum<\/a> beantragen, um einen Zwischenstopp in Edinburgh einzulegen ;<\/li>\n\n\n\n<li>Wenn der Reisende Staatsangeh\u00f6riger eines <a href=\"https:\/\/uk-gb.net\/de\/lander-eta-vereinigte-konigreich-beantragen-konnen\/\">Landes ist das am britischen Visa Waiver Program teilnimmt<\/a>, kann er eine <a href=\"https:\/\/uk-gb.net\/de\/online-eta-visumformular-england\/\">ETA Gro\u00dfbritannien beantragen<\/a>, um in Edinburgh ohne Visum einen Zwischenstopp einzulegen.<\/li>\n<\/ul>\n\n<div style=\"height:10px\" aria-hidden=\"true\" class=\"wp-block-spacer\"><\/div>\n\n<h2 class=\"wp-block-heading\">Wie viel kostet ein Visum f\u00fcr Edinburgh?<\/h2>\n\n<p>Der Preis f\u00fcr ein Visum f\u00fcr Edinburgh h\u00e4ngt von der Art des Visums ab, das Sie f\u00fcr Ihre Reise in das Vereinigte K\u00f6nigreich ben\u00f6tigen. Die Verwaltungsgeb\u00fchr f\u00fcr ein touristisches Besuchervisum mit einer maximalen Laufzeit von 6 Monaten betr\u00e4gt 115 \u00a3. Bei einem l\u00e4ngeren Aufenthalt sind die <a href=\"https:\/\/uk-gb.net\/de\/visumpreis-fur-england\/\">Verwaltungsgeb\u00fchren f\u00fcr das Visum<\/a> h\u00f6her. Wenn der Reisende f\u00fcr eine <a href=\"https:\/\/uk-gb.net\/de\/eta-england-vereinigtes-konigreich\/\">ETA-Genehmigung f\u00fcr das Vereinigte K\u00f6nigreich in<\/a> Frage kommt, wird der Preis niedriger sein: Der <a href=\"https:\/\/uk-gb.net\/de\/preis-eta-vereinigte-konigreich\/\">Preis f\u00fcr eine ETA<\/a> betr\u00e4gt jetzt \u00a320.<\/p>\n\n<h2 class=\"wp-block-heading\">Wie bekomme ich ein Visum f\u00fcr Edinburgh?<\/h2>\n\n<p>Um ein Visum f\u00fcr Edinburgh zu erhalten, m\u00fcssen ausl\u00e4ndische Staatsangeh\u00f6rige ein <a href=\"https:\/\/uk-gb.net\/de\/antragsverfahren-visum-vereinigte-konigreich\/\">Online-Visumsantragsverfahren<\/a> durchlaufen. Dieser Prozess umfasst mehrere Schritte, die sind: <\/p>\n\n<ul class=\"wp-block-list\">\n<li>W\u00e4hlen Sie die Art des Visums entsprechend dem Grund Ihrer Reise ;<\/li>\n\n\n\n<li>Sammeln Sie die erforderlichen Belege ;<\/li>\n\n\n\n<li>F\u00fcllen Sie das Antragsformular f\u00fcr das Visum online aus ;<\/li>\n\n\n\n<li>Bezahlen Sie die <a href=\"https:\/\/uk-gb.net\/de\/visumpreis-fur-england\/\">Visageb\u00fchren<\/a>;<\/li>\n\n\n\n<li>Termin bei einer <a href=\"https:\/\/uk-gb.net\/de\/britische-botschaft-in-deutschland\/\">britischen Botschaft<\/a> vereinbaren ;<\/li>\n\n\n\n<li>Dokumente einreichen, um den Visumantrag abzuschlie\u00dfen ;<\/li>\n\n\n\n<li>An einem <a href=\"https:\/\/uk-gb.net\/de\/visumtermin-bei-der-botschaft-england\/\">Interview f\u00fcr das Visum<\/a> teilnehmen, wenn Ihr Antrag dies erfordert.<\/li>\n<\/ul>\n\n<div style=\"height:10px\" aria-hidden=\"true\" class=\"wp-block-spacer\"><\/div>\n\n<h2 class=\"wp-block-heading\">Ist eine ETA-Genehmigung f\u00fcr Edinburgh erforderlich?<\/h2>\n\n<p>Ein anspruchsberechtigter ausl\u00e4ndischer Staatsangeh\u00f6riger kann einen ETA-Antrag stellen, um nach Edinburgh zu reisen. Die Fristen f\u00fcr den Erhalt sind sehr kurz. Die ETA-Genehmigung f\u00fcr Edinburgh ist 2 Jahre lang f\u00fcr Aufenthalte von bis zu 6 zusammenh\u00e4ngenden Monaten vor Ort im Vereinigten K\u00f6nigreich g\u00fcltig.  <\/p>\n","protected":false},"excerpt":{"rendered":"<p>Edinburgh ist eine Stadt im S\u00fcdosten Schottlands, an den Ufern des Firth of Forth. Jahrhundert ist sie bekannt f\u00fcr ihr historisches Erbe, ihre bemerkenswerte Architektur und ihre kulturelle Rolle, insbesondere durch ber\u00fchmte Festivals wie das Edinburgh International Festival und das Fringe Festival. Visum, um bis nach Edinburgh zu reisen Ausl\u00e4ndische Staatsangeh\u00f6rige, die nach Edinburgh reisen [&hellip;]<\/p>\n","protected":false},"author":1,"featured_media":0,"parent":0,"menu_order":0,"comment_status":"closed","ping_status":"closed","template":"","meta":{"footnotes":""},"class_list":["post-893","page","type-page","status-publish","hentry"],"yoast_head":"<!-- This site is optimized with the Yoast SEO plugin v27.3 - https:\/\/yoast.com\/product\/yoast-seo-wordpress\/ -->\n<title>Visum f\u00fcr Reisen nach Edinburgh - UK GB<\/title>\n<meta name=\"description\" content=\"Besorgen Sie sich ein Visum oder eine Reisebescheinigung f\u00fcr Edinburgh. F\u00fcr Reisen oder Zwischenstopps in Edinburgh ist eine Genehmigung erforderlich.\" \/>\n<meta name=\"robots\" content=\"index, follow, max-snippet:-1, max-image-preview:large, max-video-preview:-1\" \/>\n<link rel=\"canonical\" href=\"https:\/\/uk-gb.net\/de\/visum-fur-edinburgh\/\" \/>\n<meta property=\"og:locale\" content=\"de_DE\" \/>\n<meta property=\"og:type\" content=\"article\" \/>\n<meta property=\"og:title\" content=\"Visum f\u00fcr Reisen nach Edinburgh - UK GB\" \/>\n<meta property=\"og:description\" content=\"Besorgen Sie sich ein Visum oder eine Reisebescheinigung f\u00fcr Edinburgh. F\u00fcr Reisen oder Zwischenstopps in Edinburgh ist eine Genehmigung erforderlich.\" \/>\n<meta property=\"og:url\" content=\"https:\/\/uk-gb.net\/de\/visum-fur-edinburgh\/\" \/>\n<meta property=\"og:site_name\" content=\"UK GB\" \/>\n<meta property=\"article:modified_time\" content=\"2026-04-02T10:16:43+00:00\" \/>\n<meta name=\"twitter:card\" content=\"summary_large_image\" \/>\n<meta name=\"twitter:label1\" content=\"Gesch\u00e4tzte Lesezeit\" \/>\n\t<meta name=\"twitter:data1\" content=\"2\u00a0Minuten\" \/>\n<script type=\"application\/ld+json\" class=\"yoast-schema-graph\">{\"@context\":\"https:\\\/\\\/schema.org\",\"@graph\":[{\"@type\":\"WebPage\",\"@id\":\"https:\\\/\\\/uk-gb.net\\\/de\\\/visum-fur-edinburgh\\\/\",\"url\":\"https:\\\/\\\/uk-gb.net\\\/de\\\/visum-fur-edinburgh\\\/\",\"name\":\"Visum f\u00fcr Reisen nach Edinburgh - UK GB\",\"isPartOf\":{\"@id\":\"https:\\\/\\\/uk-gb.net\\\/de\\\/#website\"},\"datePublished\":\"2023-12-07T16:56:29+00:00\",\"dateModified\":\"2026-04-02T10:16:43+00:00\",\"description\":\"Besorgen Sie sich ein Visum oder eine Reisebescheinigung f\u00fcr Edinburgh. F\u00fcr Reisen oder Zwischenstopps in Edinburgh ist eine Genehmigung erforderlich.\",\"inLanguage\":\"de\",\"potentialAction\":[{\"@type\":\"ReadAction\",\"target\":[\"https:\\\/\\\/uk-gb.net\\\/de\\\/visum-fur-edinburgh\\\/\"]}]},{\"@type\":\"WebSite\",\"@id\":\"https:\\\/\\\/uk-gb.net\\\/de\\\/#website\",\"url\":\"https:\\\/\\\/uk-gb.net\\\/de\\\/\",\"name\":\"UK GB\",\"description\":\"Travel to the UK\",\"potentialAction\":[{\"@type\":\"SearchAction\",\"target\":{\"@type\":\"EntryPoint\",\"urlTemplate\":\"https:\\\/\\\/uk-gb.net\\\/de\\\/?s={search_term_string}\"},\"query-input\":{\"@type\":\"PropertyValueSpecification\",\"valueRequired\":true,\"valueName\":\"search_term_string\"}}],\"inLanguage\":\"de\"}]}<\/script>\n<!-- \/ Yoast SEO plugin. -->","yoast_head_json":{"title":"Visum f\u00fcr Reisen nach Edinburgh - UK GB","description":"Besorgen Sie sich ein Visum oder eine Reisebescheinigung f\u00fcr Edinburgh. F\u00fcr Reisen oder Zwischenstopps in Edinburgh ist eine Genehmigung erforderlich.","robots":{"index":"index","follow":"follow","max-snippet":"max-snippet:-1","max-image-preview":"max-image-preview:large","max-video-preview":"max-video-preview:-1"},"canonical":"https:\/\/uk-gb.net\/de\/visum-fur-edinburgh\/","og_locale":"de_DE","og_type":"article","og_title":"Visum f\u00fcr Reisen nach Edinburgh - UK GB","og_description":"Besorgen Sie sich ein Visum oder eine Reisebescheinigung f\u00fcr Edinburgh. F\u00fcr Reisen oder Zwischenstopps in Edinburgh ist eine Genehmigung erforderlich.","og_url":"https:\/\/uk-gb.net\/de\/visum-fur-edinburgh\/","og_site_name":"UK GB","article_modified_time":"2026-04-02T10:16:43+00:00","twitter_card":"summary_large_image","twitter_misc":{"Gesch\u00e4tzte Lesezeit":"2\u00a0Minuten"},"schema":{"@context":"https:\/\/schema.org","@graph":[{"@type":"WebPage","@id":"https:\/\/uk-gb.net\/de\/visum-fur-edinburgh\/","url":"https:\/\/uk-gb.net\/de\/visum-fur-edinburgh\/","name":"Visum f\u00fcr Reisen nach Edinburgh - UK GB","isPartOf":{"@id":"https:\/\/uk-gb.net\/de\/#website"},"datePublished":"2023-12-07T16:56:29+00:00","dateModified":"2026-04-02T10:16:43+00:00","description":"Besorgen Sie sich ein Visum oder eine Reisebescheinigung f\u00fcr Edinburgh. F\u00fcr Reisen oder Zwischenstopps in Edinburgh ist eine Genehmigung erforderlich.","inLanguage":"de","potentialAction":[{"@type":"ReadAction","target":["https:\/\/uk-gb.net\/de\/visum-fur-edinburgh\/"]}]},{"@type":"WebSite","@id":"https:\/\/uk-gb.net\/de\/#website","url":"https:\/\/uk-gb.net\/de\/","name":"UK GB","description":"Travel to the UK","potentialAction":[{"@type":"SearchAction","target":{"@type":"EntryPoint","urlTemplate":"https:\/\/uk-gb.net\/de\/?s={search_term_string}"},"query-input":{"@type":"PropertyValueSpecification","valueRequired":true,"valueName":"search_term_string"}}],"inLanguage":"de"}]}},"_links":{"self":[{"href":"https:\/\/uk-gb.net\/de\/wp-json\/wp\/v2\/pages\/893","targetHints":{"allow":["GET"]}}],"collection":[{"href":"https:\/\/uk-gb.net\/de\/wp-json\/wp\/v2\/pages"}],"about":[{"href":"https:\/\/uk-gb.net\/de\/wp-json\/wp\/v2\/types\/page"}],"author":[{"embeddable":true,"href":"https:\/\/uk-gb.net\/de\/wp-json\/wp\/v2\/users\/1"}],"replies":[{"embeddable":true,"href":"https:\/\/uk-gb.net\/de\/wp-json\/wp\/v2\/comments?post=893"}],"version-history":[{"count":0,"href":"https:\/\/uk-gb.net\/de\/wp-json\/wp\/v2\/pages\/893\/revisions"}],"wp:attachment":[{"href":"https:\/\/uk-gb.net\/de\/wp-json\/wp\/v2\/media?parent=893"}],"curies":[{"name":"wp","href":"https:\/\/api.w.org\/{rel}","templated":true}]}}