{"id":887,"date":"2023-12-19T15:47:45","date_gmt":"2023-12-19T15:47:45","guid":{"rendered":"https:\/\/uk-gb.net\/visum-fur-cardiff-wales\/"},"modified":"2025-12-28T13:34:03","modified_gmt":"2025-12-28T13:34:03","slug":"visum-fur-cardiff-wales","status":"publish","type":"page","link":"https:\/\/uk-gb.net\/de\/visum-fur-cardiff-wales\/","title":{"rendered":"Visum f\u00fcr Reisen nach Cardiff in Wales"},"content":{"rendered":"\n<p><a href=\"https:\/\/uk-gb.net\/de\/cardiff\/\">Cardiff<\/a> ist eine Stadt im S\u00fcden von Wales, an den Ufern der Severn-M\u00fcndung. Die Stadt ist seit 1955 walisische Hauptstadt und ist bekannt f\u00fcr ihr kulturelles Erbe, ihre reiche maritime Vergangenheit und ihre zentrale Rolle in der politischen und wirtschaftlichen Geschichte von Wales. <\/p>\n\n<h1 class=\"wp-block-heading\">Visum f\u00fcr Reisen nach Cardiff<\/h1>\n\n<p><br\/>Ausl\u00e4ndische Staatsangeh\u00f6rige, die nach Cardiff reisen m\u00f6chten, m\u00fcssen im Besitz einer vom Vereinigten K\u00f6nigreich erteilten Reisegenehmigung sein. Es gibt verschiedene Arten von Reisegenehmigungen, die f\u00fcr eine Reise nach Cardiff m\u00f6glich sind. <\/p>\n\n<h2 class=\"wp-block-heading\">Brauchen Sie ein Visum f\u00fcr Cardiff?<\/h2>\n\n<p><a href=\"https:\/\/uk-gb.net\/de\/cardiff\/\">Cardiff<\/a> ist die Hauptstadt von Wales, daher m\u00fcssen alle Ausl\u00e4nder, die \u00fcber Cardiff in das Vereinigte K\u00f6nigreich einreisen wollen, eine g\u00fcltige Reisegenehmigung besitzen. Je nach dem Grund f\u00fcr den Aufenthalt in Cardiff kann der Besucher ein <a href=\"https:\/\/uk-gb.net\/de\/touristenvisum-england-vereinigtes-koenigreich\/\">Touristenvisum<\/a> beantragen.<\/p>\n\n<p><strong>Bei einem Aufenthalt von weniger als 6 Monaten<\/strong>: F\u00fcr Cardiff ist kein Visum erforderlich. Die meisten europ\u00e4ischen L\u00e4nder sind f\u00fcr ihre B\u00fcrger von der Visumspflicht befreit. Seit kurzem k\u00f6nnen auch einige L\u00e4nder des Nahen Ostens eine <a href=\"https:\/\/uk-gb.net\/de\/online-eta-visumformular-england\/\">ETA-Reisegenehmigung einfach online<\/a> beantragen.<\/p>\n\n<div style=\"height:10px\" aria-hidden=\"true\" class=\"wp-block-spacer\"><\/div>\n\n<h2 class=\"wp-block-heading\">Ben\u00f6tigt man ein Visum, um in Cardiff einen Zwischenstopp einzulegen?<\/h2>\n\n<p>Es gibt zwei M\u00f6glichkeiten, in Cardiff einen Zwischenstopp einzulegen:<\/p>\n\n<ul class=\"wp-block-list\">\n<li>Reisende k\u00f6nnen ein <a href=\"https:\/\/uk-gb.net\/de\/transitvisum-einen-zwischenstopp-england\/\">Transitvisum<\/a> beantragen, um einen Zwischenstopp in Cardiff einzulegen ;<\/li>\n\n\n\n<li>Wenn der Reisende Staatsangeh\u00f6riger eines <a href=\"https:\/\/uk-gb.net\/de\/lander-eta-vereinigte-konigreich-beantragen-konnen\/\">Landes ist das am britischen Visa Waiver Program teilnimmt<\/a>, kann er eine <a href=\"https:\/\/uk-gb.net\/de\/online-eta-visumformular-england\/\">ETA Gro\u00dfbritannien beantragen<\/a>, um in Cardiff ohne Visum einen Zwischenstopp einzulegen.<\/li>\n<\/ul>\n\n<div style=\"height:10px\" aria-hidden=\"true\" class=\"wp-block-spacer\"><\/div>\n\n<h2 class=\"wp-block-heading\">Wie viel kostet ein Visum f\u00fcr Cardiff?<\/h2>\n\n<p>Der Preis f\u00fcr ein Visum f\u00fcr Cardiff h\u00e4ngt von der Art des Visums ab, das Sie ben\u00f6tigen, um in das Vereinigte K\u00f6nigreich zu reisen. Die Verwaltungsgeb\u00fchr f\u00fcr ein touristisches Besuchervisum mit einer maximalen Laufzeit von 6 Monaten betr\u00e4gt 115 \u00a3. Bei einem l\u00e4ngeren Aufenthalt sind die <a href=\"https:\/\/uk-gb.net\/de\/visumpreis-fur-england\/\">Verwaltungsgeb\u00fchren f\u00fcr das Visum<\/a> h\u00f6her. Wenn der Reisende f\u00fcr eine <a href=\"https:\/\/uk-gb.net\/de\/eta-england-vereinigtes-konigreich\/\">ETA-Genehmigung f\u00fcr das Vereinigte K\u00f6nigreich in<\/a> Frage kommt, ist der Preis niedriger: Der <a href=\"https:\/\/uk-gb.net\/de\/preis-eta-vereinigte-konigreich\/\">Preis f\u00fcr eine ETA<\/a> betr\u00e4gt mindestens \u00a310.<\/p>\n\n<h2 class=\"wp-block-heading\">Wie bekomme ich ein Visum f\u00fcr Cardiff?<\/h2>\n\n<p>Um ein Visum f\u00fcr Cardiff zu erhalten, m\u00fcssen ausl\u00e4ndische Staatsangeh\u00f6rige ein <a href=\"https:\/\/uk-gb.net\/de\/antragsverfahren-visum-vereinigte-konigreich\/\">Online-Visumsantragsverfahren<\/a> durchlaufen. Dieser Prozess umfasst mehrere Schritte, die sind:<\/p>\n\n<ul class=\"wp-block-list\">\n<li>W\u00e4hlen Sie die Art des Visums entsprechend dem Grund Ihrer Reise ;<\/li>\n\n\n\n<li>Sammeln Sie die erforderlichen Belege ;<\/li>\n\n\n\n<li>F\u00fcllen Sie das Antragsformular f\u00fcr das Visum online aus ;<\/li>\n\n\n\n<li>Bezahlen Sie die <a href=\"https:\/\/uk-gb.net\/de\/visumpreis-fur-england\/\">Visageb\u00fchren<\/a>;<\/li>\n\n\n\n<li>Termin bei einer <a href=\"https:\/\/uk-gb.net\/de\/britische-botschaft-in-deutschland\/\">britischen Botschaft<\/a> vereinbaren ;<\/li>\n\n\n\n<li>Dokumente einreichen, um den Visumantrag abzuschlie\u00dfen ;<\/li>\n\n\n\n<li>An einem <a href=\"https:\/\/uk-gb.net\/de\/visumtermin-bei-der-botschaft-england\/\">Interview f\u00fcr das Visum<\/a> teilnehmen, wenn Ihr Antrag dies erfordert.<\/li>\n<\/ul>\n\n<div style=\"height:10px\" aria-hidden=\"true\" class=\"wp-block-spacer\"><\/div>\n\n<h2 class=\"wp-block-heading\">Ist eine ETA-Genehmigung f\u00fcr Cardiff erforderlich?<\/h2>\n\n<p>Ein anspruchsberechtigter ausl\u00e4ndischer Staatsangeh\u00f6riger kann einen ETA-Antrag stellen, um nach Cardiff zu reisen. Die Fristen f\u00fcr den Erhalt sind sehr kurz. Die ETA-Genehmigung f\u00fcr Cardiff ist 2 Jahre lang f\u00fcr Aufenthalte von bis zu 6 zusammenh\u00e4ngenden Monaten vor Ort im Vereinigten K\u00f6nigreich g\u00fcltig.  <\/p>\n\n<h2 class=\"wp-block-heading\">Bild eines Visums f\u00fcr Cardiff in Wales<\/h2>\n\n<p>Dies ist ein Foto eines Visums f\u00fcr Wales. Es handelt sich um ein Visum, mit dem man \u00fcber die Stadt <a href=\"https:\/\/uk-gb.net\/de\/cardiff\/\">Cardiff<\/a> in das Vereinigte K\u00f6nigreich einreisen kann. <\/p>\n","protected":false},"excerpt":{"rendered":"<p>Cardiff ist eine Stadt im S\u00fcden von Wales, an den Ufern der Severn-M\u00fcndung. Die Stadt ist seit 1955 walisische Hauptstadt und ist bekannt f\u00fcr ihr kulturelles Erbe, ihre reiche maritime Vergangenheit und ihre zentrale Rolle in der politischen und wirtschaftlichen Geschichte von Wales. Visum f\u00fcr Reisen nach Cardiff Ausl\u00e4ndische Staatsangeh\u00f6rige, die nach Cardiff reisen m\u00f6chten, [&hellip;]<\/p>\n","protected":false},"author":1,"featured_media":0,"parent":0,"menu_order":0,"comment_status":"closed","ping_status":"closed","template":"","meta":{"footnotes":""},"class_list":["post-887","page","type-page","status-publish","hentry"],"yoast_head":"<!-- This site is optimized with the Yoast SEO plugin v27.3 - https:\/\/yoast.com\/product\/yoast-seo-wordpress\/ -->\n<title>Visum f\u00fcr Reisen nach Cardiff in Wales - UK GB<\/title>\n<meta name=\"description\" content=\"Besorgen Sie sich ein Visum oder eine Reisebescheinigung f\u00fcr Cardiff. F\u00fcr die Landung in Cardiff in Wales ist eine Genehmigung erforderlich.\" \/>\n<meta name=\"robots\" content=\"index, follow, max-snippet:-1, max-image-preview:large, max-video-preview:-1\" \/>\n<link rel=\"canonical\" href=\"https:\/\/uk-gb.net\/de\/visum-fur-cardiff-wales\/\" \/>\n<meta property=\"og:locale\" content=\"de_DE\" \/>\n<meta property=\"og:type\" content=\"article\" \/>\n<meta property=\"og:title\" content=\"Visum f\u00fcr Reisen nach Cardiff in Wales - UK GB\" \/>\n<meta property=\"og:description\" content=\"Besorgen Sie sich ein Visum oder eine Reisebescheinigung f\u00fcr Cardiff. F\u00fcr die Landung in Cardiff in Wales ist eine Genehmigung erforderlich.\" \/>\n<meta property=\"og:url\" content=\"https:\/\/uk-gb.net\/de\/visum-fur-cardiff-wales\/\" \/>\n<meta property=\"og:site_name\" content=\"UK GB\" \/>\n<meta property=\"article:modified_time\" content=\"2025-12-28T13:34:03+00:00\" \/>\n<meta name=\"twitter:card\" content=\"summary_large_image\" \/>\n<meta name=\"twitter:label1\" content=\"Gesch\u00e4tzte Lesezeit\" \/>\n\t<meta name=\"twitter:data1\" content=\"3\u00a0Minuten\" \/>\n<script type=\"application\/ld+json\" class=\"yoast-schema-graph\">{\"@context\":\"https:\\\/\\\/schema.org\",\"@graph\":[{\"@type\":\"WebPage\",\"@id\":\"https:\\\/\\\/uk-gb.net\\\/de\\\/visum-fur-cardiff-wales\\\/\",\"url\":\"https:\\\/\\\/uk-gb.net\\\/de\\\/visum-fur-cardiff-wales\\\/\",\"name\":\"Visum f\u00fcr Reisen nach Cardiff in Wales - UK GB\",\"isPartOf\":{\"@id\":\"https:\\\/\\\/uk-gb.net\\\/de\\\/#website\"},\"datePublished\":\"2023-12-19T15:47:45+00:00\",\"dateModified\":\"2025-12-28T13:34:03+00:00\",\"description\":\"Besorgen Sie sich ein Visum oder eine Reisebescheinigung f\u00fcr Cardiff. F\u00fcr die Landung in Cardiff in Wales ist eine Genehmigung erforderlich.\",\"inLanguage\":\"de\",\"potentialAction\":[{\"@type\":\"ReadAction\",\"target\":[\"https:\\\/\\\/uk-gb.net\\\/de\\\/visum-fur-cardiff-wales\\\/\"]}]},{\"@type\":\"WebSite\",\"@id\":\"https:\\\/\\\/uk-gb.net\\\/de\\\/#website\",\"url\":\"https:\\\/\\\/uk-gb.net\\\/de\\\/\",\"name\":\"UK GB\",\"description\":\"Travel to the UK\",\"potentialAction\":[{\"@type\":\"SearchAction\",\"target\":{\"@type\":\"EntryPoint\",\"urlTemplate\":\"https:\\\/\\\/uk-gb.net\\\/de\\\/?s={search_term_string}\"},\"query-input\":{\"@type\":\"PropertyValueSpecification\",\"valueRequired\":true,\"valueName\":\"search_term_string\"}}],\"inLanguage\":\"de\"}]}<\/script>\n<!-- \/ Yoast SEO plugin. -->","yoast_head_json":{"title":"Visum f\u00fcr Reisen nach Cardiff in Wales - UK GB","description":"Besorgen Sie sich ein Visum oder eine Reisebescheinigung f\u00fcr Cardiff. F\u00fcr die Landung in Cardiff in Wales ist eine Genehmigung erforderlich.","robots":{"index":"index","follow":"follow","max-snippet":"max-snippet:-1","max-image-preview":"max-image-preview:large","max-video-preview":"max-video-preview:-1"},"canonical":"https:\/\/uk-gb.net\/de\/visum-fur-cardiff-wales\/","og_locale":"de_DE","og_type":"article","og_title":"Visum f\u00fcr Reisen nach Cardiff in Wales - UK GB","og_description":"Besorgen Sie sich ein Visum oder eine Reisebescheinigung f\u00fcr Cardiff. F\u00fcr die Landung in Cardiff in Wales ist eine Genehmigung erforderlich.","og_url":"https:\/\/uk-gb.net\/de\/visum-fur-cardiff-wales\/","og_site_name":"UK GB","article_modified_time":"2025-12-28T13:34:03+00:00","twitter_card":"summary_large_image","twitter_misc":{"Gesch\u00e4tzte Lesezeit":"3\u00a0Minuten"},"schema":{"@context":"https:\/\/schema.org","@graph":[{"@type":"WebPage","@id":"https:\/\/uk-gb.net\/de\/visum-fur-cardiff-wales\/","url":"https:\/\/uk-gb.net\/de\/visum-fur-cardiff-wales\/","name":"Visum f\u00fcr Reisen nach Cardiff in Wales - UK GB","isPartOf":{"@id":"https:\/\/uk-gb.net\/de\/#website"},"datePublished":"2023-12-19T15:47:45+00:00","dateModified":"2025-12-28T13:34:03+00:00","description":"Besorgen Sie sich ein Visum oder eine Reisebescheinigung f\u00fcr Cardiff. F\u00fcr die Landung in Cardiff in Wales ist eine Genehmigung erforderlich.","inLanguage":"de","potentialAction":[{"@type":"ReadAction","target":["https:\/\/uk-gb.net\/de\/visum-fur-cardiff-wales\/"]}]},{"@type":"WebSite","@id":"https:\/\/uk-gb.net\/de\/#website","url":"https:\/\/uk-gb.net\/de\/","name":"UK GB","description":"Travel to the UK","potentialAction":[{"@type":"SearchAction","target":{"@type":"EntryPoint","urlTemplate":"https:\/\/uk-gb.net\/de\/?s={search_term_string}"},"query-input":{"@type":"PropertyValueSpecification","valueRequired":true,"valueName":"search_term_string"}}],"inLanguage":"de"}]}},"_links":{"self":[{"href":"https:\/\/uk-gb.net\/de\/wp-json\/wp\/v2\/pages\/887","targetHints":{"allow":["GET"]}}],"collection":[{"href":"https:\/\/uk-gb.net\/de\/wp-json\/wp\/v2\/pages"}],"about":[{"href":"https:\/\/uk-gb.net\/de\/wp-json\/wp\/v2\/types\/page"}],"author":[{"embeddable":true,"href":"https:\/\/uk-gb.net\/de\/wp-json\/wp\/v2\/users\/1"}],"replies":[{"embeddable":true,"href":"https:\/\/uk-gb.net\/de\/wp-json\/wp\/v2\/comments?post=887"}],"version-history":[{"count":0,"href":"https:\/\/uk-gb.net\/de\/wp-json\/wp\/v2\/pages\/887\/revisions"}],"wp:attachment":[{"href":"https:\/\/uk-gb.net\/de\/wp-json\/wp\/v2\/media?parent=887"}],"curies":[{"name":"wp","href":"https:\/\/api.w.org\/{rel}","templated":true}]}}