{"id":8855,"date":"2025-10-16T09:30:08","date_gmt":"2025-10-16T08:30:08","guid":{"rendered":"https:\/\/uk-gb.net\/road-trip-snowdonia-de\/"},"modified":"2025-10-16T10:47:54","modified_gmt":"2025-10-16T09:47:54","slug":"road-trip-snowdonia-de","status":"publish","type":"page","link":"https:\/\/uk-gb.net\/de\/road-trip-snowdonia-de\/","title":{"rendered":"Road Trip nach Snowdonia in Wales"},"content":{"rendered":"\n<p>Der Snowdonia Nationalpark (Eryri auf Walisisch) im Norden von Wales bietet eine der spektakul\u00e4rsten Landschaften des Vereinigten K\u00f6nigreichs. Zwischen schroffen Bergen, Gletscherseen und Steind\u00f6rfern zieht diese wilde Region Naturliebhaber, Wanderer und Roadtrips an, die auf der Suche nach Authentizit\u00e4t sind. <\/p>\n\n<p>Ein Roadtrip durch Snowdonia bietet die M\u00f6glichkeit, auf kurvenreichen Stra\u00dfen mit Schafen zu fahren, den Gipfel des Mount Snowdon (Yr Wyddfa) zu besteigen und an einem ruhigen See zu \u00fcbernachten.<\/p>\n\n<h2 class=\"wp-block-heading\">Warum sollten Sie sich f\u00fcr eine Reise nach Snowdonia entscheiden?<\/h2>\n\n<p>Snowdonia wird oft von Schottland oder Cornwall in den Schatten gestellt, hat aber einen einzigartigen Charme:<\/p>\n\n<ul class=\"wp-block-list\">\n<li><strong>Eine raue und unber\u00fchrte Natur<\/strong>: mit Heidekraut bedeckte Berge, tiefe T\u00e4ler und beeindruckende Wasserf\u00e4lle.<\/li>\n\n\n\n<li><strong>Ein starkes walisisches Erbe<\/strong>: mittelalterliche Schl\u00f6sser, Schieferd\u00f6rfer, zweisprachige Schilder in Englisch und Walisisch.<\/li>\n\n\n\n<li><strong>Legend\u00e4re Stra\u00dfen<\/strong>: Die A5, der Llanberis Pass oder die Beddgelert Road geh\u00f6ren zu den sch\u00f6nsten Stra\u00dfen Gro\u00dfbritanniens.<\/li>\n\n\n\n<li><strong>Seen und Wanderungen in Reichweite<\/strong>: Wo auch immer Sie sind, die Natur ist nie weiter als ein paar Minuten entfernt.<\/li>\n<\/ul>\n\n<div style=\"height:10px\" aria-hidden=\"true\" class=\"wp-block-spacer\"><\/div>\n\n<p>Dies ist eine Naturreise par excellence, perfekt f\u00fcr 3 bis 5 Tage, kombinierbar mit der <a href=\"https:\/\/www.visitwales.com\/destinations\/north-wales\/isle-anglesey\">Insel Anglesey<\/a> oder der walisischen K\u00fcste.<\/p>\n\n<figure class=\"wp-block-image size-large\"><img decoding=\"async\" src=\"https:\/\/uk-gb.net\/wp-content\/uploads\/2025\/06\/Snowdonia-uk-1024x683.webp\" alt=\"Bild von Snowdonia in Gro&#xDF;britannien\" class=\"wp-image-7747\"\/><figcaption class=\"wp-element-caption\">Foto von Snowdonia Vereinigtes K\u00f6nigreich<\/figcaption><\/figure>\n\n<h2 class=\"wp-block-heading\">Detaillierter Reiseplan f\u00fcr einen Roadtrip in Snowdonia (3 Tage)<\/h2>\n\n<h3 class=\"wp-block-heading\">Tag 1: Bangor \u2192 Llanberis \u2192 Mount Snowdon<\/h3>\n\n<p>Abfahrt von <strong>Bangor<\/strong>, der Universit\u00e4tsstadt und dem Eingangstor zum Park. Machen Sie einen Abstecher zur <strong>H\u00e4ngebr\u00fccke von Menai<\/strong> und fahren Sie dann nach <strong>Llanberis<\/strong> am See <strong>Llyn Padarn<\/strong>. <\/p>\n\n<p>Nehmen Sie die <strong>Pen-y-Pass<\/strong> Road, ein legend\u00e4rer Aufstieg zum Beginn des <strong>Snowdon Mountain<\/strong> Trails. Mutige k\u00f6nnen den Berg zu Fu\u00df erklimmen (3-4 Stunden) oder mit der <strong>Snowdon Mountain Railway<\/strong>, einer kleinen Zahnradbahn, bis zum Gipfel (1085 m) fahren. <\/p>\n\n<blockquote class=\"wp-block-quote is-layout-flow wp-block-quote-is-layout-flow\">\n<p><strong>Tipps<\/strong> f\u00fcr die \u00dcbernachtung: Eine \u00dcbernachtung in Llanberis ist empfehlenswert &#8211; Bergatmosph\u00e4re und freundliche Gasth\u00e4user.<\/p>\n<\/blockquote>\n\n<h3 class=\"wp-block-heading\">Tag 2: Llanberis \u2192 Beddgelert \u2192 Betws-y-Coed<\/h3>\n\n<p>Fahren Sie nach <strong>Beddgelert<\/strong>, einem charmanten Steindorf, das von zwei Fl\u00fcssen durchzogen wird. Spazieren Sie zum Grab des legend\u00e4ren Hundes Gelert und fahren Sie dann am See <strong>Llyn Dinas<\/strong> entlang.   <\/p>\n\n<p>Fahren Sie weiter nach <strong>Betws-y-Coed<\/strong>, <em>das<\/em> auch als <em>Tor zu Snowdonia<\/em> bezeichnet wird. Verpassen Sie nicht die <strong>Swallow Falls<\/strong>, einen der sch\u00f6nsten <strong>Wasserf\u00e4lle<\/strong> in Wales. <\/p>\n\n<blockquote class=\"wp-block-quote is-layout-flow wp-block-quote-is-layout-flow\">\n<p><strong>Tipps<\/strong> f\u00fcr die \u00dcbernachtung: \u00dcbernachtung in Betws-y-Coed &#8211; ideal f\u00fcr Wanderungen und typische Pubs.<\/p>\n<\/blockquote>\n\n<h3 class=\"wp-block-heading\">Tag 3: Dolgellau \u2192 Barmouth \u2192 Harlech<\/h3>\n\n<p>Fahren Sie nach <strong>Dolgellau<\/strong>, das von gr\u00fcnen H\u00fcgeln umgeben ist. Weiter geht es nach <strong>Barmouth<\/strong>, einem Badeort mit Retro-Charme, und schlie\u00dflich nach <strong>Harlech<\/strong> mit seinem <strong>UNESCO-gesch\u00fctzten Schloss<\/strong>, das die Irische See \u00fcberblickt. <\/p>\n\n<blockquote class=\"wp-block-quote is-layout-flow wp-block-quote-is-layout-flow\">\n<p><strong>Tipps<\/strong> f\u00fcr die \u00dcbernachtung: \u00dcbernachtung in Harlech oder an der K\u00fcste f\u00fcr eine ozeanische Atmosph\u00e4re.<\/p>\n<\/blockquote>\n\n<h2 class=\"wp-block-heading\">Wann sollte man einen Road Trip nach Snowdonia unternehmen?<\/h2>\n\n<ul class=\"wp-block-list\">\n<li>Der Sommer ist eine ideale Zeit. Milde Temperaturen (15 &#8211; 22 \u00b0C), lange Tage und gut zug\u00e4ngliche Wanderwege. <\/li>\n\n\n\n<li>Im April und Oktober: wildere Atmosph\u00e4re, Morgennebel, weniger Touristen.<\/li>\n\n\n\n<li>Im Winter: mystische Landschaften, aber Vorsicht vor gesperrten Stra\u00dfen und wechselnden Wetterbedingungen.<\/li>\n<\/ul>\n\n<div style=\"height:10px\" aria-hidden=\"true\" class=\"wp-block-spacer\"><\/div>\n\n<p><strong>Tipp<\/strong>: Vermeiden Sie die britischen Wochenendfeiertage (bank holidays), die in den Nationalparks stark frequentiert sind.<\/p>\n\n<h2 class=\"wp-block-heading\">Die wichtigsten Sehensw\u00fcrdigkeiten in Snowdonia<\/h2>\n\n<ul class=\"wp-block-list\">\n<li><strong>Berge und Seen<\/strong>: <a href=\"https:\/\/en.wikipedia.org\/wiki\/Snowdon\">Mount Snowdon<\/a> (Yr Wyddfa), <a href=\"https:\/\/gwynant.uk\/\">Llyn Gwynant<\/a>, Llyn <a href=\"https:\/\/www.visitwales.com\/attraction\/country-park\/llyn-padarn-padarn-country-park-914255\">Padarn<\/a>, Llyn Dinas<\/li>\n\n\n\n<li><strong>Natur und Wasserf\u00e4lle<\/strong>: <a href=\"https:\/\/www.visitconwy.org.uk\/things-to-do\/swallow-falls-p277221\">Swallow Falls<\/a>, <a href=\"https:\/\/eryri.gov.wales\/walk\/aber-falls\/\">Aber Falls<\/a>, Dolgoch Falls<\/li>\n\n\n\n<li>Natur- <strong>und Kulturerbe und D\u00f6rfer<\/strong>: <a href=\"https:\/\/www.visitwales.com\/attraction\/castle\/harlech-castle-cadw-1834662\">Schloss Harlech<\/a>, Beddgelert, Betws-y-Coed, Dolgellau<\/li>\n\n\n\n<li><strong>Einzigartige Erlebnisse<\/strong>: <a href=\"https:\/\/snowdonrailway.co.uk\/\">Snowdon Train<\/a>, <a href=\"https:\/\/www.zipworld.co.uk\/adventures\/velocity\">Zip World Velocity<\/a> ( Riesen-Zipline), Snowdonia 360 Route<\/li>\n\n\n\n<li><strong>Fotopunkte<\/strong>: Blick vom Pen-y-Pass, <a href=\"https:\/\/en.wikipedia.org\/wiki\/Pont_Aberglaslyn\">Beddgelert-Br\u00fccke<\/a>, Snowdon-Gipfel bei Sonnenaufgang<\/li>\n<\/ul>\n\n<div style=\"height:10px\" aria-hidden=\"true\" class=\"wp-block-spacer\"><\/div>\n\n<h2 class=\"wp-block-heading\">Vor der Abreise zu erledigende Formalit\u00e4ten<\/h2>\n\n<p>Seit dem Brexit sind f\u00fcr Reisen in das Vereinigte K\u00f6nigreich einige zus\u00e4tzliche Pr\u00fcfungen erforderlich:<\/p>\n\n<ul class=\"wp-block-list\">\n<li>Reisepass erforderlich: Der Europ\u00e4ische Personalausweis wird nicht mehr akzeptiert. Der Reisepass muss f\u00fcr die gesamte Dauer des Aufenthalts g\u00fcltig sein. <\/li>\n\n\n\n<li>Kein Visum f\u00fcr touristische Aufenthalte von weniger als 6 Monaten (B\u00fcrger der EU, der Schweiz, Norwegens, Islands und Liechtensteins), wenn eine <a href=\"https:\/\/uk-gb.net\/de\/eta-england-vereinigtes-konigreich\/\">eTA-Reisegenehmigung<\/a> erteilt wird.<\/li>\n\n\n\n<li>Krankenversicherung: Die Europ\u00e4ische Krankenversicherungskarte (EHIC) ist nicht immer g\u00fcltig; es wird empfohlen, eine Reiseversicherung abzuschlie\u00dfen, die die medizinische Versorgung im Vereinigten K\u00f6nigreich abdeckt.<\/li>\n\n\n\n<li>F\u00fchrerschein: Der EU-F\u00fchrerschein bleibt f\u00fcr einen kurzen Zeitraum g\u00fcltig. Wenn Sie l\u00e4nger bleiben, kann ein internationaler F\u00fchrerschein erforderlich sein. <\/li>\n<\/ul>\n\n<div style=\"height:10px\" aria-hidden=\"true\" class=\"wp-block-spacer\"><\/div>\n\n<p><strong>Tipp <\/strong>: Wenn Sie ein <a href=\"https:\/\/uk-gb.net\/de\/touristenvisum-england-vereinigtes-koenigreich\/\">Touristenvisum<\/a> ben\u00f6tigen, m\u00fcssen Sie mehrere Wochen f\u00fcr die Beantragung <a href=\"https:\/\/uk-gb.net\/de\/antragsverfahren-visum-vereinigte-konigreich\/\">eines britischen Visums<\/a> einplanen.<\/p>\n\n<p><\/p>\n","protected":false},"excerpt":{"rendered":"<p>Der Snowdonia Nationalpark (Eryri auf Walisisch) im Norden von Wales bietet eine der spektakul\u00e4rsten Landschaften des Vereinigten K\u00f6nigreichs. Zwischen schroffen Bergen, Gletscherseen und Steind\u00f6rfern zieht diese wilde Region Naturliebhaber, Wanderer und Roadtrips an, die auf der Suche nach Authentizit\u00e4t sind. Ein Roadtrip durch Snowdonia bietet die M\u00f6glichkeit, auf kurvenreichen Stra\u00dfen mit Schafen zu fahren, den [&hellip;]<\/p>\n","protected":false},"author":1,"featured_media":0,"parent":0,"menu_order":0,"comment_status":"closed","ping_status":"closed","template":"","meta":{"footnotes":""},"class_list":["post-8855","page","type-page","status-publish","hentry"],"yoast_head":"<!-- This site is optimized with the Yoast SEO plugin v27.4 - https:\/\/yoast.com\/product\/yoast-seo-wordpress\/ -->\n<title>Road Trip nach Snowdonia in Wales - UK GB<\/title>\n<meta name=\"robots\" content=\"index, follow, max-snippet:-1, max-image-preview:large, max-video-preview:-1\" \/>\n<link rel=\"canonical\" href=\"https:\/\/uk-gb.net\/de\/road-trip-snowdonia-de\/\" \/>\n<meta property=\"og:locale\" content=\"de_DE\" \/>\n<meta property=\"og:type\" content=\"article\" \/>\n<meta property=\"og:title\" content=\"Road Trip nach Snowdonia in Wales - UK GB\" \/>\n<meta property=\"og:description\" content=\"Der Snowdonia Nationalpark (Eryri auf Walisisch) im Norden von Wales bietet eine der spektakul\u00e4rsten Landschaften des Vereinigten K\u00f6nigreichs. Zwischen schroffen Bergen, Gletscherseen und Steind\u00f6rfern zieht diese wilde Region Naturliebhaber, Wanderer und Roadtrips an, die auf der Suche nach Authentizit\u00e4t sind. Ein Roadtrip durch Snowdonia bietet die M\u00f6glichkeit, auf kurvenreichen Stra\u00dfen mit Schafen zu fahren, den [&hellip;]\" \/>\n<meta property=\"og:url\" content=\"https:\/\/uk-gb.net\/de\/road-trip-snowdonia-de\/\" \/>\n<meta property=\"og:site_name\" content=\"UK GB\" \/>\n<meta property=\"article:modified_time\" content=\"2025-10-16T09:47:54+00:00\" \/>\n<meta property=\"og:image\" content=\"https:\/\/uk-gb.net\/wp-content\/uploads\/2025\/06\/Snowdonia-uk-e1750837232201.webp\" \/>\n\t<meta property=\"og:image:width\" content=\"1822\" \/>\n\t<meta property=\"og:image:height\" content=\"934\" \/>\n\t<meta property=\"og:image:type\" content=\"image\/webp\" \/>\n<meta name=\"twitter:card\" content=\"summary_large_image\" \/>\n<meta name=\"twitter:label1\" content=\"Gesch\u00e4tzte Lesezeit\" \/>\n\t<meta name=\"twitter:data1\" content=\"4\u00a0Minuten\" \/>\n<script type=\"application\/ld+json\" class=\"yoast-schema-graph\">{\"@context\":\"https:\\\/\\\/schema.org\",\"@graph\":[{\"@type\":\"WebPage\",\"@id\":\"https:\\\/\\\/uk-gb.net\\\/de\\\/road-trip-snowdonia-de\\\/\",\"url\":\"https:\\\/\\\/uk-gb.net\\\/de\\\/road-trip-snowdonia-de\\\/\",\"name\":\"Road Trip nach Snowdonia in Wales - UK GB\",\"isPartOf\":{\"@id\":\"https:\\\/\\\/uk-gb.net\\\/de\\\/#website\"},\"primaryImageOfPage\":{\"@id\":\"https:\\\/\\\/uk-gb.net\\\/de\\\/road-trip-snowdonia-de\\\/#primaryimage\"},\"image\":{\"@id\":\"https:\\\/\\\/uk-gb.net\\\/de\\\/road-trip-snowdonia-de\\\/#primaryimage\"},\"thumbnailUrl\":\"https:\\\/\\\/uk-gb.net\\\/wp-content\\\/uploads\\\/2025\\\/06\\\/Snowdonia-uk-1024x683.webp\",\"datePublished\":\"2025-10-16T08:30:08+00:00\",\"dateModified\":\"2025-10-16T09:47:54+00:00\",\"inLanguage\":\"de\",\"potentialAction\":[{\"@type\":\"ReadAction\",\"target\":[\"https:\\\/\\\/uk-gb.net\\\/de\\\/road-trip-snowdonia-de\\\/\"]}]},{\"@type\":\"ImageObject\",\"inLanguage\":\"de\",\"@id\":\"https:\\\/\\\/uk-gb.net\\\/de\\\/road-trip-snowdonia-de\\\/#primaryimage\",\"url\":\"https:\\\/\\\/uk-gb.net\\\/wp-content\\\/uploads\\\/2025\\\/06\\\/Snowdonia-uk-1024x683.webp\",\"contentUrl\":\"https:\\\/\\\/uk-gb.net\\\/wp-content\\\/uploads\\\/2025\\\/06\\\/Snowdonia-uk-1024x683.webp\"},{\"@type\":\"WebSite\",\"@id\":\"https:\\\/\\\/uk-gb.net\\\/de\\\/#website\",\"url\":\"https:\\\/\\\/uk-gb.net\\\/de\\\/\",\"name\":\"UK GB\",\"description\":\"Travel to the UK\",\"potentialAction\":[{\"@type\":\"SearchAction\",\"target\":{\"@type\":\"EntryPoint\",\"urlTemplate\":\"https:\\\/\\\/uk-gb.net\\\/de\\\/?s={search_term_string}\"},\"query-input\":{\"@type\":\"PropertyValueSpecification\",\"valueRequired\":true,\"valueName\":\"search_term_string\"}}],\"inLanguage\":\"de\"}]}<\/script>\n<!-- \/ Yoast SEO plugin. -->","yoast_head_json":{"title":"Road Trip nach Snowdonia in Wales - UK GB","robots":{"index":"index","follow":"follow","max-snippet":"max-snippet:-1","max-image-preview":"max-image-preview:large","max-video-preview":"max-video-preview:-1"},"canonical":"https:\/\/uk-gb.net\/de\/road-trip-snowdonia-de\/","og_locale":"de_DE","og_type":"article","og_title":"Road Trip nach Snowdonia in Wales - UK GB","og_description":"Der Snowdonia Nationalpark (Eryri auf Walisisch) im Norden von Wales bietet eine der spektakul\u00e4rsten Landschaften des Vereinigten K\u00f6nigreichs. Zwischen schroffen Bergen, Gletscherseen und Steind\u00f6rfern zieht diese wilde Region Naturliebhaber, Wanderer und Roadtrips an, die auf der Suche nach Authentizit\u00e4t sind. Ein Roadtrip durch Snowdonia bietet die M\u00f6glichkeit, auf kurvenreichen Stra\u00dfen mit Schafen zu fahren, den [&hellip;]","og_url":"https:\/\/uk-gb.net\/de\/road-trip-snowdonia-de\/","og_site_name":"UK GB","article_modified_time":"2025-10-16T09:47:54+00:00","og_image":[{"width":1822,"height":934,"url":"https:\/\/uk-gb.net\/wp-content\/uploads\/2025\/06\/Snowdonia-uk-e1750837232201.webp","type":"image\/webp"}],"twitter_card":"summary_large_image","twitter_misc":{"Gesch\u00e4tzte Lesezeit":"4\u00a0Minuten"},"schema":{"@context":"https:\/\/schema.org","@graph":[{"@type":"WebPage","@id":"https:\/\/uk-gb.net\/de\/road-trip-snowdonia-de\/","url":"https:\/\/uk-gb.net\/de\/road-trip-snowdonia-de\/","name":"Road Trip nach Snowdonia in Wales - UK GB","isPartOf":{"@id":"https:\/\/uk-gb.net\/de\/#website"},"primaryImageOfPage":{"@id":"https:\/\/uk-gb.net\/de\/road-trip-snowdonia-de\/#primaryimage"},"image":{"@id":"https:\/\/uk-gb.net\/de\/road-trip-snowdonia-de\/#primaryimage"},"thumbnailUrl":"https:\/\/uk-gb.net\/wp-content\/uploads\/2025\/06\/Snowdonia-uk-1024x683.webp","datePublished":"2025-10-16T08:30:08+00:00","dateModified":"2025-10-16T09:47:54+00:00","inLanguage":"de","potentialAction":[{"@type":"ReadAction","target":["https:\/\/uk-gb.net\/de\/road-trip-snowdonia-de\/"]}]},{"@type":"ImageObject","inLanguage":"de","@id":"https:\/\/uk-gb.net\/de\/road-trip-snowdonia-de\/#primaryimage","url":"https:\/\/uk-gb.net\/wp-content\/uploads\/2025\/06\/Snowdonia-uk-1024x683.webp","contentUrl":"https:\/\/uk-gb.net\/wp-content\/uploads\/2025\/06\/Snowdonia-uk-1024x683.webp"},{"@type":"WebSite","@id":"https:\/\/uk-gb.net\/de\/#website","url":"https:\/\/uk-gb.net\/de\/","name":"UK GB","description":"Travel to the UK","potentialAction":[{"@type":"SearchAction","target":{"@type":"EntryPoint","urlTemplate":"https:\/\/uk-gb.net\/de\/?s={search_term_string}"},"query-input":{"@type":"PropertyValueSpecification","valueRequired":true,"valueName":"search_term_string"}}],"inLanguage":"de"}]}},"_links":{"self":[{"href":"https:\/\/uk-gb.net\/de\/wp-json\/wp\/v2\/pages\/8855","targetHints":{"allow":["GET"]}}],"collection":[{"href":"https:\/\/uk-gb.net\/de\/wp-json\/wp\/v2\/pages"}],"about":[{"href":"https:\/\/uk-gb.net\/de\/wp-json\/wp\/v2\/types\/page"}],"author":[{"embeddable":true,"href":"https:\/\/uk-gb.net\/de\/wp-json\/wp\/v2\/users\/1"}],"replies":[{"embeddable":true,"href":"https:\/\/uk-gb.net\/de\/wp-json\/wp\/v2\/comments?post=8855"}],"version-history":[{"count":0,"href":"https:\/\/uk-gb.net\/de\/wp-json\/wp\/v2\/pages\/8855\/revisions"}],"wp:attachment":[{"href":"https:\/\/uk-gb.net\/de\/wp-json\/wp\/v2\/media?parent=8855"}],"curies":[{"name":"wp","href":"https:\/\/api.w.org\/{rel}","templated":true}]}}