{"id":867,"date":"2023-12-19T16:05:55","date_gmt":"2023-12-19T16:05:55","guid":{"rendered":"https:\/\/uk-gb.net\/england-visum-aus-saudi-arabien\/"},"modified":"2025-11-17T17:02:21","modified_gmt":"2025-11-17T17:02:21","slug":"england-visum-aus-saudi-arabien","status":"publish","type":"page","link":"https:\/\/uk-gb.net\/de\/england-visum-aus-saudi-arabien\/","title":{"rendered":"Visum f\u00fcr das Vereinigte K\u00f6nigreich aus Saudi-Arabien"},"content":{"rendered":"\n<h1 class=\"wp-block-heading\">Reisevisum f\u00fcr das Vereinigte K\u00f6nigreich f\u00fcr Staatsangeh\u00f6rige von Saudi-Arabien<\/h1>\n\n<p>Sie sind B\u00fcrger oder Einwohner von Saudi-Arabien und m\u00f6chten in das Vereinigte K\u00f6nigreich reisen? Erfahren Sie mehr \u00fcber die Formalit\u00e4ten, das ETA-System, die verf\u00fcgbaren Visaarten und die Schritte, die Sie unternehmen m\u00fcssen, um Ihren Antrag einzureichen. <\/p>\n\n<h2 class=\"wp-block-heading\">Ben\u00f6tigt man ein Visum, um von Saudi-Arabien nach Gro\u00dfbritannien zu reisen?<\/h2>\n\n<p>Seit dem <strong>22. Februar 2024<\/strong> ben\u00f6tigen saudische Staatsb\u00fcrger kein <a href=\"https:\/\/uk-gb.net\/de\/touristenvisum-england-vereinigtes-koenigreich\/\">britisches Touristenvisum<\/a> mehr, um in das Vereinigte K\u00f6nigreich zu reisen. Saudi-Arabische Staatsb\u00fcrger k\u00f6nnen eine elektronische Reisegenehmigung erhalten, die zu einem Aufenthalt im Vereinigten K\u00f6nigreich von bis zu <strong>6 Monaten<\/strong> berechtigt.<\/p>\n\n<p><strong>Um diese Reisegenehmigung in wenigen Minuten zu erhalten<\/strong>, m\u00fcssen Sie das <a href=\"https:\/\/uk-gb.net\/de\/online-eta-visumformular-england\/\">ETA-Formular online<\/a> ausf\u00fcllen.<\/p>\n\n<div style=\"height:10px\" aria-hidden=\"true\" class=\"wp-block-spacer\"><\/div>\n\n<p>Diese elektronische Reisegenehmigung berechtigt zum Aufenthalt im Vereinigten K\u00f6nigreich als Teil eines :<\/p>\n\n<ul class=\"wp-block-list\">\n<li>eines touristischen Aufenthalts,<\/li>\n\n\n\n<li>einer Gesch\u00e4ftsreise,<\/li>\n\n\n\n<li>eines Familienbesuchs,<\/li>\n\n\n\n<li>eines kurzen Studienaufenthalts,<\/li>\n\n\n\n<li>oder eines Flughafentransits.<\/li>\n<\/ul>\n\n<div style=\"height:10px\" aria-hidden=\"true\" class=\"wp-block-spacer\"><\/div>\n\n<h2 class=\"wp-block-heading\">Wie beantrage ich eine ETA f\u00fcr das Vereinigte K\u00f6nigreich von Saudi-Arabien aus?<\/h2>\n\n<p>Die Beantragung einer <a href=\"https:\/\/uk-gb.net\/de\/eta-england-vereinigtes-konigreich\/\">ETA f\u00fcr das Vereinigte K\u00f6nigreich<\/a> ist einfach und 100% online:<\/p>\n\n<ol class=\"wp-block-list\">\n<li><strong>Zugang zum offiziellen Portal<\/strong>: <a>gov.uk\/eta<\/a><\/li>\n\n\n\n<li><strong>F\u00fcllen Sie das Formular<\/strong> mit den pers\u00f6nlichen Informationen des Reisenden aus.<\/li>\n\n\n\n<li><strong>Laden Sie ein Foto<\/strong> (Typ Selfie) direkt \u00fcber das Formular oder die mobile Anwendung <strong>hoch<\/strong>.<\/li>\n\n\n\n<li><strong>Bezahlen Sie die Geb\u00fchr<\/strong> von ca. <strong>16 \u00a3 (19 \u20ac)<\/strong> mit Ihrer Kreditkarte.<\/li>\n\n\n\n<li><strong>Erhalten Sie die ETA per E-Mail<\/strong> innerhalb von Minuten bis maximal 3 Tagen.<\/li>\n<\/ol>\n\n<p>Die ETA ist <strong>2 Jahre lang<\/strong> oder bis zum Ablauf der G\u00fcltigkeit des Reisepasses <strong>g\u00fcltig<\/strong>. Sie berechtigt zu <strong>mehreren Einreisen<\/strong> in das Vereinigte K\u00f6nigreich w\u00e4hrend dieses Zeitraums. <\/p>\n\n<h2 class=\"wp-block-heading\">Wer kann eine ETA von Saudi-Arabien aus beantragen?<\/h2>\n\n<p>Die ETA ist nur f\u00fcr <strong>saudische Staatsb\u00fcrger<\/strong> mit einem <strong>biometrischen Reisepass<\/strong> zug\u00e4nglich. Ausl\u00e4ndische Einwohner Saudi-Arabiens, die nicht B\u00fcrger eines berechtigten Landes sind, m\u00fcssen ein <a href=\"https:\/\/uk-gb.net\/de\/antragsverfahren-visum-vereinigte-konigreich\/\">britisches Visum<\/a> beim <a href=\"https:\/\/uk-gb.net\/de\/britische-botschaft-in-deutschland\/\">britischen Konsulat<\/a> beantragen. <\/p>\n\n<h2 class=\"wp-block-heading\">Brauchen Sie ein Visum, wenn Sie die ETA-Bedingungen nicht erf\u00fcllen?<\/h2>\n\n<p>Ja. Wenn Sie : <\/p>\n\n<ul class=\"wp-block-list\">\n<li>Kein Staatsangeh\u00f6riger eines <a href=\"https:\/\/uk-gb.net\/de\/lander-eta-vereinigte-konigreich-beantragen-konnen\/\">Landes, das f\u00fcr die ETA in Frage<\/a> kommt,<\/li>\n\n\n\n<li>Oder wenn Sie sich <strong>l\u00e4nger als 6 Monate<\/strong> im Vereinigten K\u00f6nigreich aufhalten m\u00f6chten,<\/li>\n\n\n\n<li>Oder wenn Sie kommen, um zu <strong>arbeiten, zu heiraten oder lange zu studieren<\/strong>,<\/li>\n<\/ul>\n\n<p>Sie m\u00fcssen ein <strong>herk\u00f6mmliches britisches Visum beantragen<\/strong>.<\/p>\n\n<h2 class=\"wp-block-heading\">Wo kann ich ein britisches Visum von Saudi-Arabien aus beantragen?<\/h2>\n\n<p>Die Beantragung eines Visums erfolgt \u00fcber die offizielle Website <a class=\"\" href=\"https:\/\/www.gov.uk\">www.gov.uk<\/a>. Nachdem Sie das Formular eingereicht und bezahlt haben, m\u00fcssen Sie <strong>einen Termin bei einem TLScontact-<\/strong> oder <strong>VFS Global-Zentrum<\/strong> in :<\/p>\n\n<ul class=\"wp-block-list\">\n<li>Riad<\/li>\n\n\n\n<li>Jeddah<\/li>\n\n\n\n<li>oder Al Khobar<\/li>\n<\/ul>\n\n<p>Sie m\u00fcssen dort mit den Originalbelegen vorstellig werden und die <strong>biometrischen Fingerabdr\u00fccke<\/strong> nehmen lassen.<\/p>\n\n<h2 class=\"wp-block-heading\">Welche Arten von Visa gibt es?<\/h2>\n\n<p>Wenn Sie keine ETA erhalten k\u00f6nnen, k\u00f6nnen Sie eines der folgenden Visa beantragen:<\/p>\n\n<ul class=\"wp-block-list\">\n<li><a href=\"https:\/\/uk-gb.net\/de\/touristenvisum-england-vereinigtes-koenigreich\/\">Touristenvisum<\/a><\/li>\n\n\n\n<li><a href=\"https:\/\/uk-gb.net\/de\/studentenvisum-fur-england\/\">Studentenvisum<\/a><\/li>\n\n\n\n<li><a href=\"https:\/\/uk-gb.net\/de\/geschaftsvisum-fur-england-vereinigtes-konigreich\/\">Gesch\u00e4ftsvisum<\/a><\/li>\n\n\n\n<li><strong>Familienvisum<\/strong><\/li>\n\n\n\n<li><strong>Arbeitsvisum<\/strong><\/li>\n\n\n\n<li><a href=\"https:\/\/uk-gb.net\/de\/transitvisum-einen-zwischenstopp-england\/\">Transitvisum<\/a><\/li>\n<\/ul>\n\n<div style=\"height:10px\" aria-hidden=\"true\" class=\"wp-block-spacer\"><\/div>\n\n<h2 class=\"wp-block-heading\">Kann ich ohne Visum aus Saudi-Arabien in das Vereinigte K\u00f6nigreich einreisen?<\/h2>\n\n<p>Nein, selbst f\u00fcr einen einfachen <strong>Flughafentransit ohne Ausreise<\/strong> m\u00fcssen saudische Staatsb\u00fcrger eine <strong>ETA-Genehmigung<\/strong> einholen, bevor sie zu einem Zielort \u00fcber das Vereinigte K\u00f6nigreich abreisen.<\/p>\n\n<p>F\u00fcr einen saudi-arabischen Staatsb\u00fcrger gibt es zwei M\u00f6glichkeiten, in Gro\u00dfbritannien einen Zwischenstopp einzulegen:<\/p>\n\n<ul class=\"wp-block-list\">\n<li>Saudi-Arabische Reisende k\u00f6nnen ein <a href=\"https:\/\/uk-gb.net\/de\/transitvisum-einen-zwischenstopp-england\/\">Transitvisum<\/a> beantragen, um einen Zwischenstopp einzulegen;<\/li>\n\n\n\n<li>Saudi-Arabische Reisende k\u00f6nnen von nun an mit einer <a href=\"https:\/\/uk-gb.net\/de\/eta-england-vereinigtes-konigreich\/\">ETA-Genehmigung Gro\u00df<\/a> britannien reisen, um in England ohne Visum einen Zwischenstopp einzulegen.<\/li>\n<\/ul>\n","protected":false},"excerpt":{"rendered":"<p>Reisevisum f\u00fcr das Vereinigte K\u00f6nigreich f\u00fcr Staatsangeh\u00f6rige von Saudi-Arabien Sie sind B\u00fcrger oder Einwohner von Saudi-Arabien und m\u00f6chten in das Vereinigte K\u00f6nigreich reisen? Erfahren Sie mehr \u00fcber die Formalit\u00e4ten, das ETA-System, die verf\u00fcgbaren Visaarten und die Schritte, die Sie unternehmen m\u00fcssen, um Ihren Antrag einzureichen. Ben\u00f6tigt man ein Visum, um von Saudi-Arabien nach Gro\u00dfbritannien zu [&hellip;]<\/p>\n","protected":false},"author":1,"featured_media":0,"parent":0,"menu_order":0,"comment_status":"closed","ping_status":"closed","template":"","meta":{"footnotes":""},"class_list":["post-867","page","type-page","status-publish","hentry"],"yoast_head":"<!-- This site is optimized with the Yoast SEO plugin v27.3 - https:\/\/yoast.com\/product\/yoast-seo-wordpress\/ -->\n<title>Visum f\u00fcr das Vereinigte K\u00f6nigreich aus Saudi-Arabien - UK GB<\/title>\n<meta name=\"description\" content=\"Was ist der Papierkram f\u00fcr einen saudi-arabischen Staatsb\u00fcrger, der in das Vereinigte K\u00f6nigreich reisen m\u00f6chte?\" \/>\n<meta name=\"robots\" content=\"index, follow, max-snippet:-1, max-image-preview:large, max-video-preview:-1\" \/>\n<link rel=\"canonical\" href=\"https:\/\/uk-gb.net\/de\/england-visum-aus-saudi-arabien\/\" \/>\n<meta property=\"og:locale\" content=\"de_DE\" \/>\n<meta property=\"og:type\" content=\"article\" \/>\n<meta property=\"og:title\" content=\"Visum f\u00fcr das Vereinigte K\u00f6nigreich aus Saudi-Arabien - UK GB\" \/>\n<meta property=\"og:description\" content=\"Was ist der Papierkram f\u00fcr einen saudi-arabischen Staatsb\u00fcrger, der in das Vereinigte K\u00f6nigreich reisen m\u00f6chte?\" \/>\n<meta property=\"og:url\" content=\"https:\/\/uk-gb.net\/de\/england-visum-aus-saudi-arabien\/\" \/>\n<meta property=\"og:site_name\" content=\"UK GB\" \/>\n<meta property=\"article:modified_time\" content=\"2025-11-17T17:02:21+00:00\" \/>\n<meta name=\"twitter:card\" content=\"summary_large_image\" \/>\n<meta name=\"twitter:label1\" content=\"Gesch\u00e4tzte Lesezeit\" \/>\n\t<meta name=\"twitter:data1\" content=\"3\u00a0Minuten\" \/>\n<script type=\"application\/ld+json\" class=\"yoast-schema-graph\">{\"@context\":\"https:\\\/\\\/schema.org\",\"@graph\":[{\"@type\":\"WebPage\",\"@id\":\"https:\\\/\\\/uk-gb.net\\\/de\\\/england-visum-aus-saudi-arabien\\\/\",\"url\":\"https:\\\/\\\/uk-gb.net\\\/de\\\/england-visum-aus-saudi-arabien\\\/\",\"name\":\"Visum f\u00fcr das Vereinigte K\u00f6nigreich aus Saudi-Arabien - UK GB\",\"isPartOf\":{\"@id\":\"https:\\\/\\\/uk-gb.net\\\/de\\\/#website\"},\"datePublished\":\"2023-12-19T16:05:55+00:00\",\"dateModified\":\"2025-11-17T17:02:21+00:00\",\"description\":\"Was ist der Papierkram f\u00fcr einen saudi-arabischen Staatsb\u00fcrger, der in das Vereinigte K\u00f6nigreich reisen m\u00f6chte?\",\"inLanguage\":\"de\",\"potentialAction\":[{\"@type\":\"ReadAction\",\"target\":[\"https:\\\/\\\/uk-gb.net\\\/de\\\/england-visum-aus-saudi-arabien\\\/\"]}]},{\"@type\":\"WebSite\",\"@id\":\"https:\\\/\\\/uk-gb.net\\\/de\\\/#website\",\"url\":\"https:\\\/\\\/uk-gb.net\\\/de\\\/\",\"name\":\"UK GB\",\"description\":\"Travel to the UK\",\"potentialAction\":[{\"@type\":\"SearchAction\",\"target\":{\"@type\":\"EntryPoint\",\"urlTemplate\":\"https:\\\/\\\/uk-gb.net\\\/de\\\/?s={search_term_string}\"},\"query-input\":{\"@type\":\"PropertyValueSpecification\",\"valueRequired\":true,\"valueName\":\"search_term_string\"}}],\"inLanguage\":\"de\"}]}<\/script>\n<!-- \/ Yoast SEO plugin. -->","yoast_head_json":{"title":"Visum f\u00fcr das Vereinigte K\u00f6nigreich aus Saudi-Arabien - UK GB","description":"Was ist der Papierkram f\u00fcr einen saudi-arabischen Staatsb\u00fcrger, der in das Vereinigte K\u00f6nigreich reisen m\u00f6chte?","robots":{"index":"index","follow":"follow","max-snippet":"max-snippet:-1","max-image-preview":"max-image-preview:large","max-video-preview":"max-video-preview:-1"},"canonical":"https:\/\/uk-gb.net\/de\/england-visum-aus-saudi-arabien\/","og_locale":"de_DE","og_type":"article","og_title":"Visum f\u00fcr das Vereinigte K\u00f6nigreich aus Saudi-Arabien - UK GB","og_description":"Was ist der Papierkram f\u00fcr einen saudi-arabischen Staatsb\u00fcrger, der in das Vereinigte K\u00f6nigreich reisen m\u00f6chte?","og_url":"https:\/\/uk-gb.net\/de\/england-visum-aus-saudi-arabien\/","og_site_name":"UK GB","article_modified_time":"2025-11-17T17:02:21+00:00","twitter_card":"summary_large_image","twitter_misc":{"Gesch\u00e4tzte Lesezeit":"3\u00a0Minuten"},"schema":{"@context":"https:\/\/schema.org","@graph":[{"@type":"WebPage","@id":"https:\/\/uk-gb.net\/de\/england-visum-aus-saudi-arabien\/","url":"https:\/\/uk-gb.net\/de\/england-visum-aus-saudi-arabien\/","name":"Visum f\u00fcr das Vereinigte K\u00f6nigreich aus Saudi-Arabien - UK GB","isPartOf":{"@id":"https:\/\/uk-gb.net\/de\/#website"},"datePublished":"2023-12-19T16:05:55+00:00","dateModified":"2025-11-17T17:02:21+00:00","description":"Was ist der Papierkram f\u00fcr einen saudi-arabischen Staatsb\u00fcrger, der in das Vereinigte K\u00f6nigreich reisen m\u00f6chte?","inLanguage":"de","potentialAction":[{"@type":"ReadAction","target":["https:\/\/uk-gb.net\/de\/england-visum-aus-saudi-arabien\/"]}]},{"@type":"WebSite","@id":"https:\/\/uk-gb.net\/de\/#website","url":"https:\/\/uk-gb.net\/de\/","name":"UK GB","description":"Travel to the UK","potentialAction":[{"@type":"SearchAction","target":{"@type":"EntryPoint","urlTemplate":"https:\/\/uk-gb.net\/de\/?s={search_term_string}"},"query-input":{"@type":"PropertyValueSpecification","valueRequired":true,"valueName":"search_term_string"}}],"inLanguage":"de"}]}},"_links":{"self":[{"href":"https:\/\/uk-gb.net\/de\/wp-json\/wp\/v2\/pages\/867","targetHints":{"allow":["GET"]}}],"collection":[{"href":"https:\/\/uk-gb.net\/de\/wp-json\/wp\/v2\/pages"}],"about":[{"href":"https:\/\/uk-gb.net\/de\/wp-json\/wp\/v2\/types\/page"}],"author":[{"embeddable":true,"href":"https:\/\/uk-gb.net\/de\/wp-json\/wp\/v2\/users\/1"}],"replies":[{"embeddable":true,"href":"https:\/\/uk-gb.net\/de\/wp-json\/wp\/v2\/comments?post=867"}],"version-history":[{"count":0,"href":"https:\/\/uk-gb.net\/de\/wp-json\/wp\/v2\/pages\/867\/revisions"}],"wp:attachment":[{"href":"https:\/\/uk-gb.net\/de\/wp-json\/wp\/v2\/media?parent=867"}],"curies":[{"name":"wp","href":"https:\/\/api.w.org\/{rel}","templated":true}]}}