{"id":858,"date":"2023-12-07T16:36:32","date_gmt":"2023-12-07T16:36:32","guid":{"rendered":"https:\/\/uk-gb.net\/kindervisum-fur-england\/"},"modified":"2026-01-05T15:06:07","modified_gmt":"2026-01-05T15:06:07","slug":"kindervisum-fur-england","status":"publish","type":"page","link":"https:\/\/uk-gb.net\/de\/kindervisum-fur-england\/","title":{"rendered":"Kindervisum f\u00fcr Reisen nach England und ins Vereinigte K\u00f6nigreich"},"content":{"rendered":"\n<p>Kinder und Erwachsene ben\u00f6tigen f\u00fcr die Einreise nach England ein Visum, wenn sie nicht B\u00fcrger eines Landes sind, das von der Visumpflicht befreit ist. Die Anforderungen k\u00f6nnen je nach der Nationalit\u00e4t des Kindes und der Dauer des geplanten Aufenthalts variieren. <\/p>\n\n<p><strong>F\u00fcr einen kurzfristigen Aufenthalt im Vereinigten K\u00f6nigreich<\/strong>: Sie ben\u00f6tigen kein Kindervisum, wenn Sie Staatsangeh\u00f6rige eines Landes sind, das f\u00fcr <a href=\"https:\/\/uk-gb.net\/de\/lander-eta-vereinigte-konigreich-beantragen-konnen\/\">die<\/a> <a href=\"https:\/\/uk-gb.net\/de\/online-eta-visumformular-england\/\">ETA<\/a> UK in Frage kommt.<\/p>\n\n<div style=\"height:10px\" aria-hidden=\"true\" class=\"wp-block-spacer\"><\/div>\n\n<h2 class=\"wp-block-heading\">Welche Arten von britischen Kindervisa gibt es?<\/h2>\n\n<h3 class=\"wp-block-heading\">Das Touristenvisum f\u00fcr Kinder<\/h3>\n\n<p>Das <a href=\"https:\/\/uk-gb.net\/de\/touristenvisum-england-vereinigtes-koenigreich\/\">britische Touristenvisum<\/a> ist die h\u00e4ufigste Art von Visum f\u00fcr Kinder, die nach England reisen, um dort Urlaub zu machen oder Freunde und Familie zu besuchen. Dieses Visum erlaubt einen Aufenthalt von sechs Monaten.<\/p>\n\n<h3 class=\"wp-block-heading\">Das Studentenvisum f\u00fcr ein Kind<\/h3>\n\n<p>Wenn Ihr Kind einen Kurs in England besuchen will, ben\u00f6tigt es ein <a href=\"https:\/\/uk-gb.net\/de\/studentenvisum-fur-england\/\">britisches Studentenvisum<\/a>. Es gibt verschiedene Arten von Studentenvisa, die vom Alter des Kindes und der Dauer des Studienprogramms abh\u00e4ngen.<\/p>\n\n<h3 class=\"wp-block-heading\">Familienvisum, um einem Kind die Reise nach Gro\u00dfbritannien zu erm\u00f6glichen<\/h3>\n\n<p>F\u00fcr Kinder, die zu ihren in England lebenden Eltern oder Erziehungsberechtigten ziehen, kann ein <a href=\"https:\/\/uk-gb.net\/de\/familienvisum-fur-england\/\">englisches Familienvisum<\/a> erforderlich sein. Diese Art von Visum wird in der Regel f\u00fcr l\u00e4ngere Aufenthalte verwendet.<\/p>\n\n<h2 class=\"wp-block-heading\">Verfahren f\u00fcr die Beantragung eines Visums f\u00fcr ein minderj\u00e4hriges Kind<\/h2>\n\n<h3 class=\"wp-block-heading\">Erforderliche Dokumente f\u00fcr die Beantragung eines Kindervisums<\/h3>\n\n<p>Hier ist eine Liste der Dokumente, die bei der Beantragung eines Visums f\u00fcr ein minderj\u00e4hriges Kind einzureichen sind:<\/p>\n\n<ul class=\"wp-block-list\">\n<li>Ein g\u00fcltiger Reisepass des Kindes.<\/li>\n\n\n\n<li>Ein aktuelles Passfoto.<\/li>\n\n\n\n<li>Vollst\u00e4ndig ausgef\u00fclltes Visumantragsformular.<\/li>\n\n\n\n<li>Nachweis ausreichender finanzieller Mittel.<\/li>\n\n\n\n<li>Ein Einladungsschreiben (falls zutreffend).<\/li>\n\n\n\n<li>Nachweis der Schulanmeldung (f\u00fcr Studentenvisa).<\/li>\n<\/ul>\n\n<div style=\"height:10px\" aria-hidden=\"true\" class=\"wp-block-spacer\"><\/div>\n\n<h3 class=\"wp-block-heading\">Schritte zur Beantragung eines Visums f\u00fcr ein Kind<\/h3>\n\n<ul class=\"wp-block-list\">\n<li>F\u00fcllen Sie das Antragsformular f\u00fcr das Visum online auf der Website der britischen Regierung aus.<\/li>\n\n\n\n<li>Vereinbaren Sie einen <a href=\"https:\/\/uk-gb.net\/de\/visumtermin-bei-der-botschaft-england\/\">Termin f\u00fcr die Beantragung eines Visums<\/a> in einem Visazentrum, um die erforderlichen Dokumente einzureichen und die biometrischen Daten des Kindes zu \u00fcbermitteln.<\/li>\n\n\n\n<li>Zahlung der <a href=\"https:\/\/uk-gb.net\/de\/visumpreis-fur-england\/\">Visageb\u00fchren<\/a> je nach Art des Visums und der Dauer des Aufenthalts.<\/li>\n\n\n\n<li>Warten Sie einige Wochen auf die Bearbeitung des Visumantrags, um die endg\u00fcltige Entscheidung zu erhalten.<\/li>\n<\/ul>\n\n<div style=\"height:10px\" aria-hidden=\"true\" class=\"wp-block-spacer\"><\/div>\n\n<div style=\"height:10px\" aria-hidden=\"true\" class=\"wp-block-spacer\"><\/div>\n","protected":false},"excerpt":{"rendered":"<p>Kinder und Erwachsene ben\u00f6tigen f\u00fcr die Einreise nach England ein Visum, wenn sie nicht B\u00fcrger eines Landes sind, das von der Visumpflicht befreit ist. Die Anforderungen k\u00f6nnen je nach der Nationalit\u00e4t des Kindes und der Dauer des geplanten Aufenthalts variieren. F\u00fcr einen kurzfristigen Aufenthalt im Vereinigten K\u00f6nigreich: Sie ben\u00f6tigen kein Kindervisum, wenn Sie Staatsangeh\u00f6rige eines [&hellip;]<\/p>\n","protected":false},"author":1,"featured_media":0,"parent":0,"menu_order":0,"comment_status":"closed","ping_status":"closed","template":"","meta":{"footnotes":""},"class_list":["post-858","page","type-page","status-publish","hentry"],"yoast_head":"<!-- This site is optimized with the Yoast SEO plugin v27.3 - https:\/\/yoast.com\/product\/yoast-seo-wordpress\/ -->\n<title>Kindervisum f\u00fcr Reisen nach England und ins Vereinigte K\u00f6nigreich - UK GB<\/title>\n<meta name=\"description\" content=\"Ein Kinderreisevisum f\u00fcr England zu erhalten, erlaubt es, f\u00fcr eine bestimmte Zeit in das Vereinigte K\u00f6nigreich zu reisen.\" \/>\n<meta name=\"robots\" content=\"index, follow, max-snippet:-1, max-image-preview:large, max-video-preview:-1\" \/>\n<link rel=\"canonical\" href=\"https:\/\/uk-gb.net\/de\/kindervisum-fur-england\/\" \/>\n<meta property=\"og:locale\" content=\"de_DE\" \/>\n<meta property=\"og:type\" content=\"article\" \/>\n<meta property=\"og:title\" content=\"Kindervisum f\u00fcr Reisen nach England und ins Vereinigte K\u00f6nigreich - UK GB\" \/>\n<meta property=\"og:description\" content=\"Ein Kinderreisevisum f\u00fcr England zu erhalten, erlaubt es, f\u00fcr eine bestimmte Zeit in das Vereinigte K\u00f6nigreich zu reisen.\" \/>\n<meta property=\"og:url\" content=\"https:\/\/uk-gb.net\/de\/kindervisum-fur-england\/\" \/>\n<meta property=\"og:site_name\" content=\"UK GB\" \/>\n<meta property=\"article:modified_time\" content=\"2026-01-05T15:06:07+00:00\" \/>\n<meta name=\"twitter:card\" content=\"summary_large_image\" \/>\n<meta name=\"twitter:label1\" content=\"Gesch\u00e4tzte Lesezeit\" \/>\n\t<meta name=\"twitter:data1\" content=\"2\u00a0Minuten\" \/>\n<script type=\"application\/ld+json\" class=\"yoast-schema-graph\">{\"@context\":\"https:\\\/\\\/schema.org\",\"@graph\":[{\"@type\":\"WebPage\",\"@id\":\"https:\\\/\\\/uk-gb.net\\\/de\\\/kindervisum-fur-england\\\/\",\"url\":\"https:\\\/\\\/uk-gb.net\\\/de\\\/kindervisum-fur-england\\\/\",\"name\":\"Kindervisum f\u00fcr Reisen nach England und ins Vereinigte K\u00f6nigreich - UK GB\",\"isPartOf\":{\"@id\":\"https:\\\/\\\/uk-gb.net\\\/de\\\/#website\"},\"datePublished\":\"2023-12-07T16:36:32+00:00\",\"dateModified\":\"2026-01-05T15:06:07+00:00\",\"description\":\"Ein Kinderreisevisum f\u00fcr England zu erhalten, erlaubt es, f\u00fcr eine bestimmte Zeit in das Vereinigte K\u00f6nigreich zu reisen.\",\"inLanguage\":\"de\",\"potentialAction\":[{\"@type\":\"ReadAction\",\"target\":[\"https:\\\/\\\/uk-gb.net\\\/de\\\/kindervisum-fur-england\\\/\"]}]},{\"@type\":\"WebSite\",\"@id\":\"https:\\\/\\\/uk-gb.net\\\/de\\\/#website\",\"url\":\"https:\\\/\\\/uk-gb.net\\\/de\\\/\",\"name\":\"UK GB\",\"description\":\"Travel to the UK\",\"potentialAction\":[{\"@type\":\"SearchAction\",\"target\":{\"@type\":\"EntryPoint\",\"urlTemplate\":\"https:\\\/\\\/uk-gb.net\\\/de\\\/?s={search_term_string}\"},\"query-input\":{\"@type\":\"PropertyValueSpecification\",\"valueRequired\":true,\"valueName\":\"search_term_string\"}}],\"inLanguage\":\"de\"}]}<\/script>\n<!-- \/ Yoast SEO plugin. -->","yoast_head_json":{"title":"Kindervisum f\u00fcr Reisen nach England und ins Vereinigte K\u00f6nigreich - UK GB","description":"Ein Kinderreisevisum f\u00fcr England zu erhalten, erlaubt es, f\u00fcr eine bestimmte Zeit in das Vereinigte K\u00f6nigreich zu reisen.","robots":{"index":"index","follow":"follow","max-snippet":"max-snippet:-1","max-image-preview":"max-image-preview:large","max-video-preview":"max-video-preview:-1"},"canonical":"https:\/\/uk-gb.net\/de\/kindervisum-fur-england\/","og_locale":"de_DE","og_type":"article","og_title":"Kindervisum f\u00fcr Reisen nach England und ins Vereinigte K\u00f6nigreich - UK GB","og_description":"Ein Kinderreisevisum f\u00fcr England zu erhalten, erlaubt es, f\u00fcr eine bestimmte Zeit in das Vereinigte K\u00f6nigreich zu reisen.","og_url":"https:\/\/uk-gb.net\/de\/kindervisum-fur-england\/","og_site_name":"UK GB","article_modified_time":"2026-01-05T15:06:07+00:00","twitter_card":"summary_large_image","twitter_misc":{"Gesch\u00e4tzte Lesezeit":"2\u00a0Minuten"},"schema":{"@context":"https:\/\/schema.org","@graph":[{"@type":"WebPage","@id":"https:\/\/uk-gb.net\/de\/kindervisum-fur-england\/","url":"https:\/\/uk-gb.net\/de\/kindervisum-fur-england\/","name":"Kindervisum f\u00fcr Reisen nach England und ins Vereinigte K\u00f6nigreich - UK GB","isPartOf":{"@id":"https:\/\/uk-gb.net\/de\/#website"},"datePublished":"2023-12-07T16:36:32+00:00","dateModified":"2026-01-05T15:06:07+00:00","description":"Ein Kinderreisevisum f\u00fcr England zu erhalten, erlaubt es, f\u00fcr eine bestimmte Zeit in das Vereinigte K\u00f6nigreich zu reisen.","inLanguage":"de","potentialAction":[{"@type":"ReadAction","target":["https:\/\/uk-gb.net\/de\/kindervisum-fur-england\/"]}]},{"@type":"WebSite","@id":"https:\/\/uk-gb.net\/de\/#website","url":"https:\/\/uk-gb.net\/de\/","name":"UK GB","description":"Travel to the UK","potentialAction":[{"@type":"SearchAction","target":{"@type":"EntryPoint","urlTemplate":"https:\/\/uk-gb.net\/de\/?s={search_term_string}"},"query-input":{"@type":"PropertyValueSpecification","valueRequired":true,"valueName":"search_term_string"}}],"inLanguage":"de"}]}},"_links":{"self":[{"href":"https:\/\/uk-gb.net\/de\/wp-json\/wp\/v2\/pages\/858","targetHints":{"allow":["GET"]}}],"collection":[{"href":"https:\/\/uk-gb.net\/de\/wp-json\/wp\/v2\/pages"}],"about":[{"href":"https:\/\/uk-gb.net\/de\/wp-json\/wp\/v2\/types\/page"}],"author":[{"embeddable":true,"href":"https:\/\/uk-gb.net\/de\/wp-json\/wp\/v2\/users\/1"}],"replies":[{"embeddable":true,"href":"https:\/\/uk-gb.net\/de\/wp-json\/wp\/v2\/comments?post=858"}],"version-history":[{"count":0,"href":"https:\/\/uk-gb.net\/de\/wp-json\/wp\/v2\/pages\/858\/revisions"}],"wp:attachment":[{"href":"https:\/\/uk-gb.net\/de\/wp-json\/wp\/v2\/media?parent=858"}],"curies":[{"name":"wp","href":"https:\/\/api.w.org\/{rel}","templated":true}]}}