{"id":851,"date":"2023-12-07T15:10:50","date_gmt":"2023-12-07T15:10:50","guid":{"rendered":"https:\/\/uk-gb.net\/familienvisum-fur-england\/"},"modified":"2026-01-06T14:14:44","modified_gmt":"2026-01-06T14:14:44","slug":"familienvisum-fur-england","status":"publish","type":"page","link":"https:\/\/uk-gb.net\/de\/familienvisum-fur-england\/","title":{"rendered":"Familienvisum f\u00fcr das Vereinigte K\u00f6nigreich"},"content":{"rendered":"\n<h1 class=\"wp-block-heading\">Das Familienvisum f\u00fcr Reisen in das Vereinigte K\u00f6nigreich<\/h1>\n\n<p>Das britische Familienvisum erm\u00f6glicht es einem ausl\u00e4ndischen Staatsangeh\u00f6rigen, einen Familienangeh\u00f6rigen nachzuholen, der legal im Vereinigten K\u00f6nigreich lebt. Das Visum gilt f\u00fcr Ehepartner, Kinder, Eltern und andere enge Familienangeh\u00f6rige. Hier finden Sie einen umfassenden Leitfaden \u00fcber die Bedingungen, das Verfahren und die Arten von Familienvisa, die f\u00fcr die Einreise in das Vereinigte K\u00f6nigreich verf\u00fcgbar sind.  <\/p>\n\n<p><strong>F\u00fcr einen Kurzaufenthalt <\/strong>: Es ist nicht notwendig, ein Visum zu beantragen, es gen\u00fcgt, das <a href=\"https:\/\/uk-gb.net\/de\/online-eta-visumformular-england\/\">ETA-Formular online<\/a> auszuf\u00fcllen.<\/p>\n\n<div style=\"height:10px\" aria-hidden=\"true\" class=\"wp-block-spacer\"><\/div>\n\n<h2 class=\"wp-block-heading\">Wer kann ein Familienvisum f\u00fcr das Vereinigte K\u00f6nigreich beantragen?<\/h2>\n\n<p>Das Familienvisum gilt f\u00fcr mehrere Situationen. Sie k\u00f6nnen es beantragen, wenn Sie : <\/p>\n\n<ul class=\"wp-block-list\">\n<li>Nachzug zu Ihrem im Vereinigten K\u00f6nigreich lebenden Ehegatten oder Lebenspartner ;<\/li>\n\n\n\n<li>Leben Sie mit einem britischen Elternteil oder Kind oder einem Elternteil oder Kind, das sich rechtm\u00e4\u00dfig im Vereinigten K\u00f6nigreich aufh\u00e4lt;<\/li>\n\n\n\n<li>Einem unverheirateten Partner beitreten, wenn Sie seit mindestens zwei Jahren in einer festen Beziehung sind;<\/li>\n\n\n\n<li>Begleitung eines Familienmitglieds, das einen Fl\u00fcchtlingsstatus oder humanit\u00e4ren Schutz im Vereinigten K\u00f6nigreich hat.<\/li>\n<\/ul>\n\n<p>Das Familienmitglied, das Sie nachziehen, muss in der Regel britischer Staatsb\u00fcrger sein, den Status eines Daueraufenthaltsberechtigten (ILR) haben oder als Fl\u00fcchtling anerkannt sein.<\/p>\n\n<div style=\"height:10px\" aria-hidden=\"true\" class=\"wp-block-spacer\"><\/div>\n\n<p>Seit 2024 hat das Vereinigte K\u00f6nigreich das <a href=\"https:\/\/uk-gb.net\/de\/eta-england-vereinigtes-konigreich\/\">ETA-System des Vereinigten K\u00f6nigreichs<\/a> eingef\u00fchrt. Berechtigte ausl\u00e4ndische Reisende k\u00f6nnen von nun an ohne <a href=\"https:\/\/uk-gb.net\/de\/verschiedene-arten-von-britischen-visa\/\">Visum in das Vereinigte K\u00f6nigreich<\/a> reisen.<\/p>\n\n<p><strong>Um einen ETA Online-Antrag zu stellen<\/strong>, f\u00fcllen Sie einfach das <a href=\"https:\/\/uk-gb.net\/de\/online-eta-visumformular-england\/\">ETA Online-Formular<\/a> aus.<\/p>\n\n<div style=\"height:10px\" aria-hidden=\"true\" class=\"wp-block-spacer\"><\/div>\n\n<h2 class=\"wp-block-heading\">Die Kriterien f\u00fcr ein Familienvisum<\/h2>\n\n<p>Um sich f\u00fcr ein <a href=\"https:\/\/www.gov.uk\/uk-family-visa\">britisches Familienvisum<\/a> zu qualifizieren, m\u00fcssen Sie mindestens die folgenden Bedingungen erf\u00fcllen:<\/p>\n\n<ul class=\"wp-block-list\">\n<li>Eine echte und anerkannte Beziehung mit einem britischen Staatsb\u00fcrger oder einem dauerhaft ans\u00e4ssigen Einwohner haben.<\/li>\n\n\n\n<li>Nachweis, dass Sie \u00fcber ausreichende finanzielle Mittel verf\u00fcgen, um Ihren Lebensunterhalt ohne \u00f6ffentliche Gelder zu bestreiten.<\/li>\n\n\n\n<li>Ausreichende Kenntnisse der englischen Sprache.<\/li>\n\n\n\n<li>Nachweis der Unterkunft in England.<\/li>\n<\/ul>\n\n<div style=\"height:10px\" aria-hidden=\"true\" class=\"wp-block-spacer\"><\/div>\n\n<h2 class=\"wp-block-heading\">Die Schritte zur Beantragung eines Familienvisums<\/h2>\n\n<ol class=\"wp-block-list\">\n<li>F\u00fcllen Sie das <a href=\"https:\/\/uk-gb.net\/de\/antragsverfahren-visum-vereinigte-konigreich\/\">Antragsformular f\u00fcr das Visum online<\/a> auf der Website der britischen Regierung aus.<\/li>\n\n\n\n<li>Bereiten Sie alle erforderlichen Dokumente vor, einschlie\u00dflich Beziehungsnachweise, finanzielle Nachweise und Ergebnisse von Sprachtests.<\/li>\n\n\n\n<li>Reichen Sie den Antrag online ein und zahlen Sie die entsprechende <a href=\"https:\/\/uk-gb.net\/de\/visumpreis-fur-england\/\">Visageb\u00fchr<\/a>.<\/li>\n\n\n\n<li>Vereinbaren Sie einen Termin bei einem Visumantragszentrum, um Ihre Fingerabdr\u00fccke und ein Foto abzugeben.<\/li>\n<\/ol>\n\n<div style=\"height:10px\" aria-hidden=\"true\" class=\"wp-block-spacer\"><\/div>\n\n<p>Die Bearbeitung des Visumantrags und die Entscheidungsfindung k\u00f6nnen mehrere Wochen dauern.<\/p>\n\n<h2 class=\"wp-block-heading\">Dokumente, die im Rahmen des Visumantrags einzureichen sind<\/h2>\n\n<p>Die Dokumente, die f\u00fcr einen Antrag auf ein Familienvisum mindestens ben\u00f6tigt werden, sind:<\/p>\n\n<ul class=\"wp-block-list\">\n<li>Einen g\u00fcltigen Reisepass.<\/li>\n\n\n\n<li>Nachweis der Beziehung (Heiratsurkunde, Geburtsurkunde usw.).<\/li>\n\n\n\n<li>Nachweis finanzieller Ressourcen (Bankausz\u00fcge, Schreiben des Arbeitgebers).<\/li>\n\n\n\n<li>Englischer Sprachtest (falls zutreffend).<\/li>\n\n\n\n<li>Nachweis der Unterkunft in England.<\/li>\n<\/ul>\n","protected":false},"excerpt":{"rendered":"<p>Das Familienvisum f\u00fcr Reisen in das Vereinigte K\u00f6nigreich Das britische Familienvisum erm\u00f6glicht es einem ausl\u00e4ndischen Staatsangeh\u00f6rigen, einen Familienangeh\u00f6rigen nachzuholen, der legal im Vereinigten K\u00f6nigreich lebt. Das Visum gilt f\u00fcr Ehepartner, Kinder, Eltern und andere enge Familienangeh\u00f6rige. Hier finden Sie einen umfassenden Leitfaden \u00fcber die Bedingungen, das Verfahren und die Arten von Familienvisa, die f\u00fcr die [&hellip;]<\/p>\n","protected":false},"author":1,"featured_media":0,"parent":0,"menu_order":0,"comment_status":"closed","ping_status":"closed","template":"","meta":{"footnotes":""},"class_list":["post-851","page","type-page","status-publish","hentry"],"yoast_head":"<!-- This site is optimized with the Yoast SEO plugin v27.3 - https:\/\/yoast.com\/product\/yoast-seo-wordpress\/ -->\n<title>Familienvisum f\u00fcr das Vereinigte K\u00f6nigreich - UK GB<\/title>\n<meta name=\"description\" content=\"Ein Familienvisum erhalten, um sich f\u00fcr die Dauer des erhaltenen Visums in England und dem Vereinigten K\u00f6nigreich aufhalten zu k\u00f6nnen.\" \/>\n<meta name=\"robots\" content=\"index, follow, max-snippet:-1, max-image-preview:large, max-video-preview:-1\" \/>\n<link rel=\"canonical\" href=\"https:\/\/uk-gb.net\/de\/familienvisum-fur-england\/\" \/>\n<meta property=\"og:locale\" content=\"de_DE\" \/>\n<meta property=\"og:type\" content=\"article\" \/>\n<meta property=\"og:title\" content=\"Familienvisum f\u00fcr das Vereinigte K\u00f6nigreich - UK GB\" \/>\n<meta property=\"og:description\" content=\"Ein Familienvisum erhalten, um sich f\u00fcr die Dauer des erhaltenen Visums in England und dem Vereinigten K\u00f6nigreich aufhalten zu k\u00f6nnen.\" \/>\n<meta property=\"og:url\" content=\"https:\/\/uk-gb.net\/de\/familienvisum-fur-england\/\" \/>\n<meta property=\"og:site_name\" content=\"UK GB\" \/>\n<meta property=\"article:modified_time\" content=\"2026-01-06T14:14:44+00:00\" \/>\n<meta name=\"twitter:card\" content=\"summary_large_image\" \/>\n<meta name=\"twitter:label1\" content=\"Gesch\u00e4tzte Lesezeit\" \/>\n\t<meta name=\"twitter:data1\" content=\"2\u00a0Minuten\" \/>\n<script type=\"application\/ld+json\" class=\"yoast-schema-graph\">{\"@context\":\"https:\\\/\\\/schema.org\",\"@graph\":[{\"@type\":\"WebPage\",\"@id\":\"https:\\\/\\\/uk-gb.net\\\/de\\\/familienvisum-fur-england\\\/\",\"url\":\"https:\\\/\\\/uk-gb.net\\\/de\\\/familienvisum-fur-england\\\/\",\"name\":\"Familienvisum f\u00fcr das Vereinigte K\u00f6nigreich - UK GB\",\"isPartOf\":{\"@id\":\"https:\\\/\\\/uk-gb.net\\\/de\\\/#website\"},\"datePublished\":\"2023-12-07T15:10:50+00:00\",\"dateModified\":\"2026-01-06T14:14:44+00:00\",\"description\":\"Ein Familienvisum erhalten, um sich f\u00fcr die Dauer des erhaltenen Visums in England und dem Vereinigten K\u00f6nigreich aufhalten zu k\u00f6nnen.\",\"inLanguage\":\"de\",\"potentialAction\":[{\"@type\":\"ReadAction\",\"target\":[\"https:\\\/\\\/uk-gb.net\\\/de\\\/familienvisum-fur-england\\\/\"]}]},{\"@type\":\"WebSite\",\"@id\":\"https:\\\/\\\/uk-gb.net\\\/de\\\/#website\",\"url\":\"https:\\\/\\\/uk-gb.net\\\/de\\\/\",\"name\":\"UK GB\",\"description\":\"Travel to the UK\",\"potentialAction\":[{\"@type\":\"SearchAction\",\"target\":{\"@type\":\"EntryPoint\",\"urlTemplate\":\"https:\\\/\\\/uk-gb.net\\\/de\\\/?s={search_term_string}\"},\"query-input\":{\"@type\":\"PropertyValueSpecification\",\"valueRequired\":true,\"valueName\":\"search_term_string\"}}],\"inLanguage\":\"de\"}]}<\/script>\n<!-- \/ Yoast SEO plugin. -->","yoast_head_json":{"title":"Familienvisum f\u00fcr das Vereinigte K\u00f6nigreich - UK GB","description":"Ein Familienvisum erhalten, um sich f\u00fcr die Dauer des erhaltenen Visums in England und dem Vereinigten K\u00f6nigreich aufhalten zu k\u00f6nnen.","robots":{"index":"index","follow":"follow","max-snippet":"max-snippet:-1","max-image-preview":"max-image-preview:large","max-video-preview":"max-video-preview:-1"},"canonical":"https:\/\/uk-gb.net\/de\/familienvisum-fur-england\/","og_locale":"de_DE","og_type":"article","og_title":"Familienvisum f\u00fcr das Vereinigte K\u00f6nigreich - UK GB","og_description":"Ein Familienvisum erhalten, um sich f\u00fcr die Dauer des erhaltenen Visums in England und dem Vereinigten K\u00f6nigreich aufhalten zu k\u00f6nnen.","og_url":"https:\/\/uk-gb.net\/de\/familienvisum-fur-england\/","og_site_name":"UK GB","article_modified_time":"2026-01-06T14:14:44+00:00","twitter_card":"summary_large_image","twitter_misc":{"Gesch\u00e4tzte Lesezeit":"2\u00a0Minuten"},"schema":{"@context":"https:\/\/schema.org","@graph":[{"@type":"WebPage","@id":"https:\/\/uk-gb.net\/de\/familienvisum-fur-england\/","url":"https:\/\/uk-gb.net\/de\/familienvisum-fur-england\/","name":"Familienvisum f\u00fcr das Vereinigte K\u00f6nigreich - UK GB","isPartOf":{"@id":"https:\/\/uk-gb.net\/de\/#website"},"datePublished":"2023-12-07T15:10:50+00:00","dateModified":"2026-01-06T14:14:44+00:00","description":"Ein Familienvisum erhalten, um sich f\u00fcr die Dauer des erhaltenen Visums in England und dem Vereinigten K\u00f6nigreich aufhalten zu k\u00f6nnen.","inLanguage":"de","potentialAction":[{"@type":"ReadAction","target":["https:\/\/uk-gb.net\/de\/familienvisum-fur-england\/"]}]},{"@type":"WebSite","@id":"https:\/\/uk-gb.net\/de\/#website","url":"https:\/\/uk-gb.net\/de\/","name":"UK GB","description":"Travel to the UK","potentialAction":[{"@type":"SearchAction","target":{"@type":"EntryPoint","urlTemplate":"https:\/\/uk-gb.net\/de\/?s={search_term_string}"},"query-input":{"@type":"PropertyValueSpecification","valueRequired":true,"valueName":"search_term_string"}}],"inLanguage":"de"}]}},"_links":{"self":[{"href":"https:\/\/uk-gb.net\/de\/wp-json\/wp\/v2\/pages\/851","targetHints":{"allow":["GET"]}}],"collection":[{"href":"https:\/\/uk-gb.net\/de\/wp-json\/wp\/v2\/pages"}],"about":[{"href":"https:\/\/uk-gb.net\/de\/wp-json\/wp\/v2\/types\/page"}],"author":[{"embeddable":true,"href":"https:\/\/uk-gb.net\/de\/wp-json\/wp\/v2\/users\/1"}],"replies":[{"embeddable":true,"href":"https:\/\/uk-gb.net\/de\/wp-json\/wp\/v2\/comments?post=851"}],"version-history":[{"count":0,"href":"https:\/\/uk-gb.net\/de\/wp-json\/wp\/v2\/pages\/851\/revisions"}],"wp:attachment":[{"href":"https:\/\/uk-gb.net\/de\/wp-json\/wp\/v2\/media?parent=851"}],"curies":[{"name":"wp","href":"https:\/\/api.w.org\/{rel}","templated":true}]}}