{"id":844,"date":"2023-12-07T15:07:43","date_gmt":"2023-12-07T15:07:43","guid":{"rendered":"https:\/\/uk-gb.net\/studentenvisum-fur-england\/"},"modified":"2025-06-05T10:28:09","modified_gmt":"2025-06-05T09:28:09","slug":"studentenvisum-fur-england","status":"publish","type":"page","link":"https:\/\/uk-gb.net\/de\/studentenvisum-fur-england\/","title":{"rendered":"Studentenvisum f\u00fcr das Vereinigte K\u00f6nigreich"},"content":{"rendered":"\n<h1 class=\"wp-block-heading\">Visum zum Studieren in Gro\u00dfbritannien<\/h1>\n\n<p>Das <strong>britische Studentenvisum<\/strong>, offiziell <strong>Student<\/strong> <strong>Visa<\/strong> genannt, ist f\u00fcr alle internationalen Studenten erforderlich, die l\u00e4nger als 6 Monate im Vereinigten K\u00f6nigreich studieren m\u00f6chten. Ein Studium in England, Schottland, Wales oder Nordirland bietet die M\u00f6glichkeit, an weltweit anerkannten Universit\u00e4ten wie Oxford, Cambridge, Edinburgh oder UCL zu studieren. <\/p>\n\n<p><strong>F\u00fcr einen Schulaufenthalt von weniger als 6 Monaten<\/strong>: Es ist kein britisches Studentenvisum erforderlich, Sie m\u00fcssen lediglich eine Reisegenehmigung beantragen, indem Sie das <a href=\"https:\/\/uk-gb.net\/de\/online-eta-visumformular-england\/\">ETA-Formular online<\/a> ausf\u00fcllen.<\/p>\n\n<div style=\"height:10px\" aria-hidden=\"true\" class=\"wp-block-spacer\"><\/div>\n\n<h2 class=\"wp-block-heading\">Wer ben\u00f6tigt ein Studentenvisum f\u00fcr das Vereinigte K\u00f6nigreich?<\/h2>\n\n<p>Sie m\u00fcssen ein Studentenvisum beantragen, wenn Sie :<\/p>\n\n<ul class=\"wp-block-list\">\n<li>16 Jahre oder \u00e4lter sind<\/li>\n\n\n\n<li>Sie wurden von einer anerkannten Bildungseinrichtung im Vereinigten K\u00f6nigreich angenommen.<\/li>\n\n\n\n<li>Sie m\u00f6chten an einem <strong>Studienprogramm<\/strong> teilnehmen, das <strong>l\u00e4nger als sechs Monate dauert.<\/strong><\/li>\n\n\n\n<li>Sie sind <strong>kein britischer oder irischer Staatsb\u00fcrger<\/strong><\/li>\n\n\n\n<li>Sie sind nicht f\u00fcr eine <a href=\"https:\/\/uk-gb.net\/de\/eta-england-vereinigtes-konigreich\/\">ETA aus dem Vereinigten K\u00f6nigreich geeignet .<\/a><\/li>\n<\/ul>\n\n<blockquote class=\"wp-block-quote is-layout-flow wp-block-quote-is-layout-flow\">\n<p>Seit dem Austritt des Vereinigten K\u00f6nigreichs aus der EU m\u00fcssen auch EU-B\u00fcrger ein Studentenvisum beantragen.<\/p>\n<\/blockquote>\n\n<h2 class=\"wp-block-heading\">Voraussetzungen f\u00fcr ein britisches Studentenvisum<\/h2>\n\n<p>Damit Ihr Antrag angenommen wird, m\u00fcssen Sie :<\/p>\n\n<p>\u2705 Erhalt einer <strong>Confirmation of Acceptance for Studies (CAS)<\/strong>, ausgestellt von Ihrer Universit\u00e4t oder Hochschule<br\/>\u2705 Nachweis ausreichender <strong>Englischkenntnisse<\/strong> (in der Regel Niveau B2 f\u00fcr Hochschulbildung)<br\/>\u2705 Nachweis ausreichender <strong>finanzieller Mittel<\/strong> zur Deckung der Kosten f\u00fcr Studium, Unterkunft und Lebensunterhalt vor Ort<br\/>\u2705 Zahlung der <strong>Immigration Health Surcharge (Gesundheitsaufschlag<\/strong> ) f\u00fcr die <strong>Inanspruchnahme<\/strong> des NHS w\u00e4hrend des Studiums<\/p>\n\n<div style=\"height:10px\" aria-hidden=\"true\" class=\"wp-block-spacer\"><\/div>\n\n<h2 class=\"wp-block-heading\">G\u00fcltigkeitsdauer des Studentenvisums<\/h2>\n\n<p>Die Dauer des Visums h\u00e4ngt von der L\u00e4nge des Schulprogramms ab:<\/p>\n\n<ul class=\"wp-block-list\">\n<li><strong>F\u00fcr Lehrveranstaltungen von 6 bis 11 Monaten<\/strong>: Visum von gleicher Dauer<\/li>\n\n\n\n<li><strong>Bachelor, Master oder Promotion<\/strong>: Programmdauer + 1 bis 2 zus\u00e4tzliche Monate<\/li>\n\n\n\n<li>M\u00f6glichkeit der Verl\u00e4ngerung oder Erneuerung des Visums bei Fortsetzung des Studiums oder Wechsel der Einrichtung<\/li>\n<\/ul>\n\n<p>Absolventen k\u00f6nnen dann ein <strong>Graduiertenvisum<\/strong> beantragen, um bis zu zwei Jahre nach Abschluss des Studiums zu bleiben (drei Jahre f\u00fcr einen Doktortitel).<\/p>\n\n<h2 class=\"wp-block-heading\">Wie viel kostet ein Studentenvisum f\u00fcr das Vereinigte K\u00f6nigreich?<\/h2>\n\n<figure class=\"wp-block-table\"><table><tbody><tr><td>Studentenvisum (Standard)<\/td><td>490 \u00a3<\/td><\/tr><tr><td>Immigration Health Surcharge (IHS)<\/td><td>776 \u00a3 pro Jahr (oder 388 \u00a3 f\u00fcr 6 Monate)<\/td><\/tr><\/tbody><\/table><\/figure>\n\n<p>Die Zahlung der <a href=\"https:\/\/uk-gb.net\/fr\/combien-coute-visa-angleterre\/\">Visageb\u00fchren<\/a> erfolgt online zum Zeitpunkt der Beantragung. Die Visumgeb\u00fchr wird <strong>nicht zur\u00fcckerstattet<\/strong>, auch nicht im Falle einer Ablehnung des Antrags. <\/p>\n\n<h2 class=\"wp-block-heading\">Schritte zur Beantragung eines Studentenvisums<\/h2>\n\n<ol class=\"wp-block-list\">\n<li><strong>Erhalten Sie einen CAS<\/strong> von der gew\u00e4hlten Einrichtung<\/li>\n\n\n\n<li><strong>Erstellen Sie ein Konto auf gov.uk<\/strong> und f\u00fcllen Sie das Antragsformular aus<strong>.<\/strong> <\/li>\n\n\n\n<li><strong>Zahlung der Visageb\u00fchr + IHS<\/strong><\/li>\n\n\n\n<li><strong>Termin in einem Visumantragszentrum<\/strong> f\u00fcr biometrische Daten <strong>vereinbaren<\/strong> <\/li>\n\n\n\n<li><strong>Einreichen von<\/strong> Belegen<\/li>\n\n\n\n<li>Warten auf die Entscheidung<\/li>\n<\/ol>\n\n<blockquote class=\"wp-block-quote is-layout-flow wp-block-quote-is-layout-flow\">\n<p>Wenn Ihr Visum genehmigt ist, k\u00f6nnen Sie w\u00e4hrend der Unterrichtszeit <strong>bis zu 20 Stunden pro Woche arbeiten<\/strong> und in den Ferien Vollzeit.<\/p>\n<\/blockquote>\n\n<h2 class=\"wp-block-heading\">Kann ich mit einer ETA und ohne Visum im Vereinigten K\u00f6nigreich studieren?<\/h2>\n\n<p>Ja, <strong>in einigen F\u00e4llen<\/strong> kann ein mehrmonatiger Schulaufenthalt im Vereinigten K\u00f6nigreich mit einer <a href=\"https:\/\/uk-gb.net\/de\/eta-england-vereinigtes-konigreich\/\">ETA f\u00fcr das Vereinigte K\u00f6nigreich<\/a> durchgef\u00fchrt werden, aber dies h\u00e4ngt von der genauen Art des Aufenthalts ab. Hier die Details: <\/p>\n\n<ul class=\"wp-block-list\">\n<li>Der Aufenthalt dauert <strong>weniger als 6 Monate<\/strong><\/li>\n\n\n\n<li>Es handelt sich um einen <strong>Sch\u00fcleraustausch<\/strong> oder ein <strong>unbezahltes<\/strong> Programm.<\/li>\n\n\n\n<li>Die Gasteinrichtung ist im Vereinigten K\u00f6nigreich <strong>akkreditiert<\/strong>.<\/li>\n\n\n\n<li>Der Sch\u00fcler ist Staatsangeh\u00f6riger eines <a href=\"https:\/\/uk-gb.net\/fr\/pays-qui-peuvent-demander-eta-royaume-uni\/\">Landes, das f\u00fcr die ETA<\/a> in Frage kommt (EU, Kanada, Japan usw.).<\/li>\n\n\n\n<li>Das Programm beinhaltet <strong>keine Arbeit, kein bezahltes Praktikum und keinen formalen Langzeitunterricht.<\/strong><\/li>\n<\/ul>\n\n<blockquote class=\"wp-block-quote is-layout-flow wp-block-quote-is-layout-flow\">\n<p>Beispiel: Ein europ\u00e4ischer Sch\u00fcler geht im Rahmen eines Austauschprogramms f\u00fcr ein Vierteljahr an eine britische Schule \u2192 eine ETA reicht aus.<\/p>\n<\/blockquote>\n","protected":false},"excerpt":{"rendered":"<p>Visum zum Studieren in Gro\u00dfbritannien Das britische Studentenvisum, offiziell Student Visa genannt, ist f\u00fcr alle internationalen Studenten erforderlich, die l\u00e4nger als 6 Monate im Vereinigten K\u00f6nigreich studieren m\u00f6chten. Ein Studium in England, Schottland, Wales oder Nordirland bietet die M\u00f6glichkeit, an weltweit anerkannten Universit\u00e4ten wie Oxford, Cambridge, Edinburgh oder UCL zu studieren. F\u00fcr einen Schulaufenthalt von [&hellip;]<\/p>\n","protected":false},"author":1,"featured_media":0,"parent":0,"menu_order":0,"comment_status":"closed","ping_status":"closed","template":"","meta":{"footnotes":""},"class_list":["post-844","page","type-page","status-publish","hentry"],"yoast_head":"<!-- This site is optimized with the Yoast SEO plugin v27.3 - https:\/\/yoast.com\/product\/yoast-seo-wordpress\/ -->\n<title>Studentenvisum f\u00fcr das Vereinigte K\u00f6nigreich - UK GB<\/title>\n<meta name=\"description\" content=\"Hier sind die wichtigsten Informationen \u00fcber das Studentenvisum, um im Vereinigten K\u00f6nigreich zu studieren und sich dort zu Studienzwecken aufzuhalten.\" \/>\n<meta name=\"robots\" content=\"index, follow, max-snippet:-1, max-image-preview:large, max-video-preview:-1\" \/>\n<link rel=\"canonical\" href=\"https:\/\/uk-gb.net\/de\/studentenvisum-fur-england\/\" \/>\n<meta property=\"og:locale\" content=\"de_DE\" \/>\n<meta property=\"og:type\" content=\"article\" \/>\n<meta property=\"og:title\" content=\"Studentenvisum f\u00fcr das Vereinigte K\u00f6nigreich - UK GB\" \/>\n<meta property=\"og:description\" content=\"Hier sind die wichtigsten Informationen \u00fcber das Studentenvisum, um im Vereinigten K\u00f6nigreich zu studieren und sich dort zu Studienzwecken aufzuhalten.\" \/>\n<meta property=\"og:url\" content=\"https:\/\/uk-gb.net\/de\/studentenvisum-fur-england\/\" \/>\n<meta property=\"og:site_name\" content=\"UK GB\" \/>\n<meta property=\"article:modified_time\" content=\"2025-06-05T09:28:09+00:00\" \/>\n<meta name=\"twitter:card\" content=\"summary_large_image\" \/>\n<meta name=\"twitter:label1\" content=\"Gesch\u00e4tzte Lesezeit\" \/>\n\t<meta name=\"twitter:data1\" content=\"3\u00a0Minuten\" \/>\n<script type=\"application\/ld+json\" class=\"yoast-schema-graph\">{\"@context\":\"https:\\\/\\\/schema.org\",\"@graph\":[{\"@type\":\"WebPage\",\"@id\":\"https:\\\/\\\/uk-gb.net\\\/de\\\/studentenvisum-fur-england\\\/\",\"url\":\"https:\\\/\\\/uk-gb.net\\\/de\\\/studentenvisum-fur-england\\\/\",\"name\":\"Studentenvisum f\u00fcr das Vereinigte K\u00f6nigreich - UK GB\",\"isPartOf\":{\"@id\":\"https:\\\/\\\/uk-gb.net\\\/de\\\/#website\"},\"datePublished\":\"2023-12-07T15:07:43+00:00\",\"dateModified\":\"2025-06-05T09:28:09+00:00\",\"description\":\"Hier sind die wichtigsten Informationen \u00fcber das Studentenvisum, um im Vereinigten K\u00f6nigreich zu studieren und sich dort zu Studienzwecken aufzuhalten.\",\"inLanguage\":\"de\",\"potentialAction\":[{\"@type\":\"ReadAction\",\"target\":[\"https:\\\/\\\/uk-gb.net\\\/de\\\/studentenvisum-fur-england\\\/\"]}]},{\"@type\":\"WebSite\",\"@id\":\"https:\\\/\\\/uk-gb.net\\\/de\\\/#website\",\"url\":\"https:\\\/\\\/uk-gb.net\\\/de\\\/\",\"name\":\"UK GB\",\"description\":\"Travel to the UK\",\"potentialAction\":[{\"@type\":\"SearchAction\",\"target\":{\"@type\":\"EntryPoint\",\"urlTemplate\":\"https:\\\/\\\/uk-gb.net\\\/de\\\/?s={search_term_string}\"},\"query-input\":{\"@type\":\"PropertyValueSpecification\",\"valueRequired\":true,\"valueName\":\"search_term_string\"}}],\"inLanguage\":\"de\"}]}<\/script>\n<!-- \/ Yoast SEO plugin. -->","yoast_head_json":{"title":"Studentenvisum f\u00fcr das Vereinigte K\u00f6nigreich - UK GB","description":"Hier sind die wichtigsten Informationen \u00fcber das Studentenvisum, um im Vereinigten K\u00f6nigreich zu studieren und sich dort zu Studienzwecken aufzuhalten.","robots":{"index":"index","follow":"follow","max-snippet":"max-snippet:-1","max-image-preview":"max-image-preview:large","max-video-preview":"max-video-preview:-1"},"canonical":"https:\/\/uk-gb.net\/de\/studentenvisum-fur-england\/","og_locale":"de_DE","og_type":"article","og_title":"Studentenvisum f\u00fcr das Vereinigte K\u00f6nigreich - UK GB","og_description":"Hier sind die wichtigsten Informationen \u00fcber das Studentenvisum, um im Vereinigten K\u00f6nigreich zu studieren und sich dort zu Studienzwecken aufzuhalten.","og_url":"https:\/\/uk-gb.net\/de\/studentenvisum-fur-england\/","og_site_name":"UK GB","article_modified_time":"2025-06-05T09:28:09+00:00","twitter_card":"summary_large_image","twitter_misc":{"Gesch\u00e4tzte Lesezeit":"3\u00a0Minuten"},"schema":{"@context":"https:\/\/schema.org","@graph":[{"@type":"WebPage","@id":"https:\/\/uk-gb.net\/de\/studentenvisum-fur-england\/","url":"https:\/\/uk-gb.net\/de\/studentenvisum-fur-england\/","name":"Studentenvisum f\u00fcr das Vereinigte K\u00f6nigreich - UK GB","isPartOf":{"@id":"https:\/\/uk-gb.net\/de\/#website"},"datePublished":"2023-12-07T15:07:43+00:00","dateModified":"2025-06-05T09:28:09+00:00","description":"Hier sind die wichtigsten Informationen \u00fcber das Studentenvisum, um im Vereinigten K\u00f6nigreich zu studieren und sich dort zu Studienzwecken aufzuhalten.","inLanguage":"de","potentialAction":[{"@type":"ReadAction","target":["https:\/\/uk-gb.net\/de\/studentenvisum-fur-england\/"]}]},{"@type":"WebSite","@id":"https:\/\/uk-gb.net\/de\/#website","url":"https:\/\/uk-gb.net\/de\/","name":"UK GB","description":"Travel to the UK","potentialAction":[{"@type":"SearchAction","target":{"@type":"EntryPoint","urlTemplate":"https:\/\/uk-gb.net\/de\/?s={search_term_string}"},"query-input":{"@type":"PropertyValueSpecification","valueRequired":true,"valueName":"search_term_string"}}],"inLanguage":"de"}]}},"_links":{"self":[{"href":"https:\/\/uk-gb.net\/de\/wp-json\/wp\/v2\/pages\/844","targetHints":{"allow":["GET"]}}],"collection":[{"href":"https:\/\/uk-gb.net\/de\/wp-json\/wp\/v2\/pages"}],"about":[{"href":"https:\/\/uk-gb.net\/de\/wp-json\/wp\/v2\/types\/page"}],"author":[{"embeddable":true,"href":"https:\/\/uk-gb.net\/de\/wp-json\/wp\/v2\/users\/1"}],"replies":[{"embeddable":true,"href":"https:\/\/uk-gb.net\/de\/wp-json\/wp\/v2\/comments?post=844"}],"version-history":[{"count":0,"href":"https:\/\/uk-gb.net\/de\/wp-json\/wp\/v2\/pages\/844\/revisions"}],"wp:attachment":[{"href":"https:\/\/uk-gb.net\/de\/wp-json\/wp\/v2\/media?parent=844"}],"curies":[{"name":"wp","href":"https:\/\/api.w.org\/{rel}","templated":true}]}}