{"id":837,"date":"2023-12-07T16:39:43","date_gmt":"2023-12-07T16:39:43","guid":{"rendered":"https:\/\/uk-gb.net\/transitvisum-einen-zwischenstopp-england\/"},"modified":"2025-06-04T13:58:46","modified_gmt":"2025-06-04T12:58:46","slug":"transitvisum-einen-zwischenstopp-england","status":"publish","type":"page","link":"https:\/\/uk-gb.net\/de\/transitvisum-einen-zwischenstopp-england\/","title":{"rendered":"Transitvisum f\u00fcr das Vereinigte K\u00f6nigreich"},"content":{"rendered":"\n<h1 class=\"wp-block-heading\">Formalit\u00e4ten f\u00fcr die Durchreise durch das Vereinigte K\u00f6nigreich<\/h1>\n\n<p>Wenn Sie in ein Drittland mit einem Zwischenstopp im Vereinigten K\u00f6nigreich reisen, ben\u00f6tigen Sie m\u00f6glicherweise ein <strong>Transitvisum<\/strong>. Diese Art von Visum erlaubt es Passagieren mit Anschlussfl\u00fcgen, einen Flughafen zu passieren oder das Terminal zu wechseln, ohne sich im Vereinigten K\u00f6nigreich aufzuhalten. <\/p>\n\n<p><strong>F\u00fcr einen einfachen Transit durch das Vereinigte K\u00f6nigreich<\/strong> ist in den meisten F\u00e4llen kein Transitvisum erforderlich. Sie k\u00f6nnen eine elektronische Reisegenehmigung beantragen, indem Sie das <a href=\"https:\/\/uk-gb.net\/de\/online-eta-visumformular-england\/\">ETA-Formular online<\/a> ausf\u00fcllen. <\/p>\n\n<div style=\"height:10px\" aria-hidden=\"true\" class=\"wp-block-spacer\"><\/div>\n\n<h2 class=\"wp-block-heading\">Was ist ein Transitvisum f\u00fcr einen Zwischenstopp in Gro\u00dfbritannien?<\/h2>\n\n<p>Das britische Transitvisum ist ein offizielles Dokument, das einem ausl\u00e4ndischen Staatsb\u00fcrger die Durchreise durch das Vereinigte K\u00f6nigreich erm\u00f6glicht, ohne dass er sich dort dauerhaft aufh\u00e4lt. Es ist <strong>f\u00fcr bestimmte Passagiere erforderlich<\/strong>, je nach Nationalit\u00e4t, Route und Art des Transits. <\/p>\n\n<h2 class=\"wp-block-heading\">Die zwei Arten von britischen Transitvisa<\/h2>\n\n<h3 class=\"wp-block-heading\">Direct Airside Transit Visa (DATV)<\/h3>\n\n<p>Dieses Visum ist erforderlich, wenn Sie :<\/p>\n\n<ul class=\"wp-block-list\">\n<li>Bleiben Sie in der internationalen Zone eines britischen Flughafens<\/li>\n\n\n\n<li>Gehen Sie nicht durch die Einwanderungskontrollen.<\/li>\n\n\n\n<li>Haben Sie einen Anschlussflug innerhalb von 24 Stunden.<\/li>\n\n\n\n<li>Sie m\u00fcssen Ihr Gep\u00e4ck nicht abholen oder den Flughafen wechseln.<\/li>\n<\/ul>\n\n<div style=\"height:10px\" aria-hidden=\"true\" class=\"wp-block-spacer\"><\/div>\n\n<h3 class=\"wp-block-heading\">Visitor in Transit Visa<\/h3>\n\n<p>Dieses Visum ist erforderlich, wenn Sie :<\/p>\n\n<ul class=\"wp-block-list\">\n<li>Sie m\u00fcssen die internationale Zone verlassen (Terminalwechsel, Flughafenwechsel, Gep\u00e4ckabholung&#8230;)<\/li>\n\n\n\n<li>Transit durch das Vereinigte K\u00f6nigreich f\u00fcr weniger als 48 Stunden<\/li>\n\n\n\n<li>M\u00f6chten Sie einen kurzen Zwischenstopp einlegen (ein kurzer Besuch in der Stadt zwischen zwei Fl\u00fcgen)?<\/li>\n<\/ul>\n\n<div style=\"height:10px\" aria-hidden=\"true\" class=\"wp-block-spacer\"><\/div>\n\n<h2 class=\"wp-block-heading\">Wie viel kosten die verschiedenen Transitvisa?<\/h2>\n\n<p>Die Geb\u00fchren f\u00fcr ein Transitvisum f\u00fcr Gro\u00dfbritannien h\u00e4ngen von mehreren Faktoren ab, u. a. von Ihrem Wohnort und der Art des beantragten Visums. Die <a href=\"https:\/\/uk-gb.net\/de\/visumpreis-fur-england\/\">Visageb\u00fchren<\/a> und die erlaubte Aufenthaltsdauer sind :<\/p>\n\n<figure class=\"wp-block-table\"><table><tbody><tr><td class=\"has-text-align-center\" data-align=\"center\"><strong>Art des britischen Transitvisums<\/strong><\/td><td class=\"has-text-align-center\" data-align=\"center\"><strong>Im Jahr 2025 zu zahlende Geb\u00fchren<\/strong><\/td><td class=\"has-text-align-center\" data-align=\"center\"><strong>Maximale Aufenthaltsdauer<\/strong><\/td><\/tr><tr><td class=\"has-text-align-center\" data-align=\"center\">Direct Airside Transit Visa (DATV)<\/td><td class=\"has-text-align-center\" data-align=\"center\">\u00a3 39<\/td><td class=\"has-text-align-center\" data-align=\"center\">24 Stunden<\/td><\/tr><tr><td class=\"has-text-align-center\" data-align=\"center\">Visitor in Transit Visa<\/td><td class=\"has-text-align-center\" data-align=\"center\">\u00a3 64<\/td><td class=\"has-text-align-center\" data-align=\"center\">48 Stunden<\/td><\/tr><\/tbody><\/table><figcaption class=\"wp-element-caption\">Geb\u00fchren f\u00fcr ein Transitvisum<\/figcaption><\/figure>\n\n<h2 class=\"wp-block-heading\">Wer ben\u00f6tigt ein Transitvisum f\u00fcr das Vereinigte K\u00f6nigreich?<\/h2>\n\n<p>Die Notwendigkeit eines Visums h\u00e4ngt von mehreren Kriterien ab:<\/p>\n\n<p>\u2705 <strong>Sie ben\u00f6tigen KEIN Transitvisum<\/strong>, wenn :<\/p>\n\n<ul class=\"wp-block-list\">\n<li>Sie sind B\u00fcrger eines Landes, das von der Visumpflicht befreit ist (z.B. EU, USA, Kanada, Australien&#8230;).<\/li>\n\n\n\n<li>Sie haben ein g\u00fcltiges <a href=\"https:\/\/uk-gb.net\/de\/verschiedene-arten-von-britischen-visa\/\">britisches Visum<\/a> oder eine <strong>Aufenthaltsgenehmigung<\/strong> f\u00fcr die USA, Kanada, Neuseeland, Australien oder ein EU\/EWR-Land <strong>und reisen in oder aus diesem Land<\/strong>.<\/li>\n\n\n\n<li>Sie sind im Besitz einer <a href=\"https:\/\/uk-gb.net\/de\/eta-england-vereinigtes-konigreich\/\">elektronischen Reisegenehmigung (ETA<\/a>), in bestimmten F\u00e4llen<\/li>\n<\/ul>\n\n<p>\u274c <strong>Sie ben\u00f6tigen ein Transitvisum<\/strong>, wenn :<\/p>\n\n<ul class=\"wp-block-list\">\n<li>Sie sind Staatsangeh\u00f6riger eines visumpflichtigen Landes (z.B. Indien, Pakistan, Nigeria, Ghana, \u00c4gypten&#8230;).<\/li>\n\n\n\n<li>Sie erf\u00fcllen die oben genannten Bedingungen f\u00fcr eine Befreiung nicht.<\/li>\n\n\n\n<li>Ihr Transit beinhaltet einen Flughafenwechsel oder das Verlassen der internationalen Zone.<\/li>\n<\/ul>\n\n<div style=\"height:10px\" aria-hidden=\"true\" class=\"wp-block-spacer\"><\/div>\n\n<p>Besuchen Sie die offizielle Website <a>gov.uk\/check-uk-visa<\/a>, um Ihre Situation zu \u00fcberpr\u00fcfen.<\/p>\n\n<h2 class=\"wp-block-heading\">Wie lange dauert es, ein Transitvisum f\u00fcr das Vereinigte K\u00f6nigreich zu erhalten?<\/h2>\n\n<p>Die Bearbeitung eines Antrags auf ein Transitvisum dauert in der Regel <strong>etwa 3 Wochen<\/strong> nach dem biometrischen Termin. Es wird empfohlen,<strong>den Antrag mindestens einen Monat vor der Reise<\/strong> zu stellen.   <\/p>\n","protected":false},"excerpt":{"rendered":"<p>Formalit\u00e4ten f\u00fcr die Durchreise durch das Vereinigte K\u00f6nigreich Wenn Sie in ein Drittland mit einem Zwischenstopp im Vereinigten K\u00f6nigreich reisen, ben\u00f6tigen Sie m\u00f6glicherweise ein Transitvisum. Diese Art von Visum erlaubt es Passagieren mit Anschlussfl\u00fcgen, einen Flughafen zu passieren oder das Terminal zu wechseln, ohne sich im Vereinigten K\u00f6nigreich aufzuhalten. F\u00fcr einen einfachen Transit durch das [&hellip;]<\/p>\n","protected":false},"author":1,"featured_media":0,"parent":0,"menu_order":0,"comment_status":"closed","ping_status":"closed","template":"","meta":{"footnotes":""},"class_list":["post-837","page","type-page","status-publish","hentry"],"yoast_head":"<!-- This site is optimized with the Yoast SEO plugin v27.3 - https:\/\/yoast.com\/product\/yoast-seo-wordpress\/ -->\n<title>Transitvisum f\u00fcr das Vereinigte K\u00f6nigreich - UK GB<\/title>\n<meta name=\"description\" content=\"Wir beschreiben, welche Regeln f\u00fcr die Notwendigkeit eines Transitvisums im Vereinigten K\u00f6nigreich gelten.\" \/>\n<meta name=\"robots\" content=\"index, follow, max-snippet:-1, max-image-preview:large, max-video-preview:-1\" \/>\n<link rel=\"canonical\" href=\"https:\/\/uk-gb.net\/de\/transitvisum-einen-zwischenstopp-england\/\" \/>\n<meta property=\"og:locale\" content=\"de_DE\" \/>\n<meta property=\"og:type\" content=\"article\" \/>\n<meta property=\"og:title\" content=\"Transitvisum f\u00fcr das Vereinigte K\u00f6nigreich - UK GB\" \/>\n<meta property=\"og:description\" content=\"Wir beschreiben, welche Regeln f\u00fcr die Notwendigkeit eines Transitvisums im Vereinigten K\u00f6nigreich gelten.\" \/>\n<meta property=\"og:url\" content=\"https:\/\/uk-gb.net\/de\/transitvisum-einen-zwischenstopp-england\/\" \/>\n<meta property=\"og:site_name\" content=\"UK GB\" \/>\n<meta property=\"article:modified_time\" content=\"2025-06-04T12:58:46+00:00\" \/>\n<meta name=\"twitter:card\" content=\"summary_large_image\" \/>\n<meta name=\"twitter:label1\" content=\"Gesch\u00e4tzte Lesezeit\" \/>\n\t<meta name=\"twitter:data1\" content=\"2\u00a0Minuten\" \/>\n<script type=\"application\/ld+json\" class=\"yoast-schema-graph\">{\"@context\":\"https:\\\/\\\/schema.org\",\"@graph\":[{\"@type\":\"WebPage\",\"@id\":\"https:\\\/\\\/uk-gb.net\\\/de\\\/transitvisum-einen-zwischenstopp-england\\\/\",\"url\":\"https:\\\/\\\/uk-gb.net\\\/de\\\/transitvisum-einen-zwischenstopp-england\\\/\",\"name\":\"Transitvisum f\u00fcr das Vereinigte K\u00f6nigreich - UK GB\",\"isPartOf\":{\"@id\":\"https:\\\/\\\/uk-gb.net\\\/de\\\/#website\"},\"datePublished\":\"2023-12-07T16:39:43+00:00\",\"dateModified\":\"2025-06-04T12:58:46+00:00\",\"description\":\"Wir beschreiben, welche Regeln f\u00fcr die Notwendigkeit eines Transitvisums im Vereinigten K\u00f6nigreich gelten.\",\"inLanguage\":\"de\",\"potentialAction\":[{\"@type\":\"ReadAction\",\"target\":[\"https:\\\/\\\/uk-gb.net\\\/de\\\/transitvisum-einen-zwischenstopp-england\\\/\"]}]},{\"@type\":\"WebSite\",\"@id\":\"https:\\\/\\\/uk-gb.net\\\/de\\\/#website\",\"url\":\"https:\\\/\\\/uk-gb.net\\\/de\\\/\",\"name\":\"UK GB\",\"description\":\"Travel to the UK\",\"potentialAction\":[{\"@type\":\"SearchAction\",\"target\":{\"@type\":\"EntryPoint\",\"urlTemplate\":\"https:\\\/\\\/uk-gb.net\\\/de\\\/?s={search_term_string}\"},\"query-input\":{\"@type\":\"PropertyValueSpecification\",\"valueRequired\":true,\"valueName\":\"search_term_string\"}}],\"inLanguage\":\"de\"}]}<\/script>\n<!-- \/ Yoast SEO plugin. -->","yoast_head_json":{"title":"Transitvisum f\u00fcr das Vereinigte K\u00f6nigreich - UK GB","description":"Wir beschreiben, welche Regeln f\u00fcr die Notwendigkeit eines Transitvisums im Vereinigten K\u00f6nigreich gelten.","robots":{"index":"index","follow":"follow","max-snippet":"max-snippet:-1","max-image-preview":"max-image-preview:large","max-video-preview":"max-video-preview:-1"},"canonical":"https:\/\/uk-gb.net\/de\/transitvisum-einen-zwischenstopp-england\/","og_locale":"de_DE","og_type":"article","og_title":"Transitvisum f\u00fcr das Vereinigte K\u00f6nigreich - UK GB","og_description":"Wir beschreiben, welche Regeln f\u00fcr die Notwendigkeit eines Transitvisums im Vereinigten K\u00f6nigreich gelten.","og_url":"https:\/\/uk-gb.net\/de\/transitvisum-einen-zwischenstopp-england\/","og_site_name":"UK GB","article_modified_time":"2025-06-04T12:58:46+00:00","twitter_card":"summary_large_image","twitter_misc":{"Gesch\u00e4tzte Lesezeit":"2\u00a0Minuten"},"schema":{"@context":"https:\/\/schema.org","@graph":[{"@type":"WebPage","@id":"https:\/\/uk-gb.net\/de\/transitvisum-einen-zwischenstopp-england\/","url":"https:\/\/uk-gb.net\/de\/transitvisum-einen-zwischenstopp-england\/","name":"Transitvisum f\u00fcr das Vereinigte K\u00f6nigreich - UK GB","isPartOf":{"@id":"https:\/\/uk-gb.net\/de\/#website"},"datePublished":"2023-12-07T16:39:43+00:00","dateModified":"2025-06-04T12:58:46+00:00","description":"Wir beschreiben, welche Regeln f\u00fcr die Notwendigkeit eines Transitvisums im Vereinigten K\u00f6nigreich gelten.","inLanguage":"de","potentialAction":[{"@type":"ReadAction","target":["https:\/\/uk-gb.net\/de\/transitvisum-einen-zwischenstopp-england\/"]}]},{"@type":"WebSite","@id":"https:\/\/uk-gb.net\/de\/#website","url":"https:\/\/uk-gb.net\/de\/","name":"UK GB","description":"Travel to the UK","potentialAction":[{"@type":"SearchAction","target":{"@type":"EntryPoint","urlTemplate":"https:\/\/uk-gb.net\/de\/?s={search_term_string}"},"query-input":{"@type":"PropertyValueSpecification","valueRequired":true,"valueName":"search_term_string"}}],"inLanguage":"de"}]}},"_links":{"self":[{"href":"https:\/\/uk-gb.net\/de\/wp-json\/wp\/v2\/pages\/837","targetHints":{"allow":["GET"]}}],"collection":[{"href":"https:\/\/uk-gb.net\/de\/wp-json\/wp\/v2\/pages"}],"about":[{"href":"https:\/\/uk-gb.net\/de\/wp-json\/wp\/v2\/types\/page"}],"author":[{"embeddable":true,"href":"https:\/\/uk-gb.net\/de\/wp-json\/wp\/v2\/users\/1"}],"replies":[{"embeddable":true,"href":"https:\/\/uk-gb.net\/de\/wp-json\/wp\/v2\/comments?post=837"}],"version-history":[{"count":0,"href":"https:\/\/uk-gb.net\/de\/wp-json\/wp\/v2\/pages\/837\/revisions"}],"wp:attachment":[{"href":"https:\/\/uk-gb.net\/de\/wp-json\/wp\/v2\/media?parent=837"}],"curies":[{"name":"wp","href":"https:\/\/api.w.org\/{rel}","templated":true}]}}