{"id":830,"date":"2023-12-07T14:57:24","date_gmt":"2023-12-07T14:57:24","guid":{"rendered":"https:\/\/uk-gb.net\/geschaftsvisum-fur-england-vereinigtes-konigreich\/"},"modified":"2025-06-11T13:04:50","modified_gmt":"2025-06-11T12:04:50","slug":"geschaftsvisum-fur-england-vereinigtes-konigreich","status":"publish","type":"page","link":"https:\/\/uk-gb.net\/de\/geschaftsvisum-fur-england-vereinigtes-konigreich\/","title":{"rendered":"Britisches Gesch\u00e4ftsvisum f\u00fcr Aufenthalte im Vereinigten K\u00f6nigreich"},"content":{"rendered":"\n<h1 class=\"wp-block-heading\">Gesch\u00e4ftsvisum f\u00fcr das Vereinigte K\u00f6nigreich<\/h1>\n\n<p>Das <strong>britische Gesch\u00e4ftsvisum<\/strong> (Standard Visitor Visa &#8211; Business category) erm\u00f6glicht ausl\u00e4ndischen Fachleuten einen zeitlich begrenzten Aufenthalt im Vereinigten K\u00f6nigreich f\u00fcr gesch\u00e4ftliche, akademische oder kooperative Aktivit\u00e4ten. Es erlaubt nicht, f\u00fcr ein britisches Unternehmen zu arbeiten, aber es erlaubt bestimmte, genau definierte Aufgaben. <\/p>\n\n<p><strong>F\u00fcr einen Aufenthalt von weniger als 6 Monaten<\/strong>: Es ist kein Gesch\u00e4ftsvisum erforderlich, Sie m\u00fcssen lediglich eine elektronische Reisegenehmigung ETA beantragen, indem Sie das <a href=\"https:\/\/uk-gb.net\/de\/online-eta-visumformular-england\/\">ETA-Formular online<\/a> ausf\u00fcllen.<\/p>\n\n<div style=\"height:10px\" aria-hidden=\"true\" class=\"wp-block-spacer\"><\/div>\n\n<h2 class=\"wp-block-heading\">Wozu dient das britische Gesch\u00e4ftsvisum?<\/h2>\n\n<p>Das Gesch\u00e4ftsvisum ist f\u00fcr Besucher gedacht, die aus <strong>beruflichen Gr\u00fcnden<\/strong> in das Vereinigte K\u00f6nigreich reisen m\u00f6chten, ohne dort eine bezahlte Arbeit auszu\u00fcben. Es ist f\u00fcr Unternehmer, Vertreter, Forscher, Referenten, Investoren oder Mitglieder eines ausl\u00e4ndischen Unternehmens gedacht, die mit britischen Unternehmen in Verbindung stehen. <\/p>\n\n<p>Er erm\u00f6glicht insbesondere :<\/p>\n\n<ul class=\"wp-block-list\">\n<li>Teilnahme an <strong>Sitzungen<\/strong>, <strong>Konferenzen<\/strong> oder <strong>Fachmessen<\/strong><\/li>\n\n\n\n<li>Unterzeichnung von <strong>Handelsvertr\u00e4gen<\/strong><\/li>\n\n\n\n<li>Durchf\u00fchrung von <strong>Audits<\/strong>, <strong>Inspektionen<\/strong>, <strong>Verhandlungen<\/strong><\/li>\n\n\n\n<li>Einen <strong>Vortrag<\/strong> halten oder an einem Seminar teilnehmen<\/li>\n\n\n\n<li>Eine <strong>kurze Ausbildung<\/strong> absolvieren (ohne Bezahlung durch einen britischen Arbeitgeber)<\/li>\n\n\n\n<li>Durchf\u00fchrung bestimmter <strong>wissenschaftlicher oder akademischer Missionen<\/strong> f\u00fcr anerkannte Universit\u00e4ten oder Institute<\/li>\n<\/ul>\n\n<div style=\"height:10px\" aria-hidden=\"true\" class=\"wp-block-spacer\"><\/div>\n\n<h2 class=\"wp-block-heading\">Wer kann ein Gesch\u00e4ftsvisum f\u00fcr das Vereinigte K\u00f6nigreich beantragen?<\/h2>\n\n<p>Das Gesch\u00e4ftsvisum steht allen ausl\u00e4ndischen Staatsangeh\u00f6rigen offen, die nicht f\u00fcr eine <a href=\"https:\/\/uk-gb.net\/de\/eta-england-vereinigtes-konigreich\/\">ETA (Electronic<\/a> Travel Authorization) in Frage kommen oder die einen rechtlichen Rahmen f\u00fcr bestimmte gesch\u00e4ftliche Aktivit\u00e4ten sichern m\u00f6chten.<\/p>\n\n<p>Staatsangeh\u00f6rige der Europ\u00e4ischen Union, der USA, Kanadas und anderer visumfreier L\u00e4nder k\u00f6nnen in einigen F\u00e4llen f\u00fcr begrenzte Gesch\u00e4ftsaktivit\u00e4ten ohne Visum einreisen, aber f\u00fcr wiederholte, lange oder sensible Auftr\u00e4ge <strong>wird<\/strong> ein <strong>Visum empfohlen<\/strong>.<\/p>\n\n<h2 class=\"wp-block-heading\">Wie kann ich einen Antrag stellen?<\/h2>\n\n<p>Das <a href=\"https:\/\/uk-gb.net\/de\/antragsverfahren-visum-vereinigte-konigreich\/\">britische Visumverfahren<\/a> umfasst im Wesentlichen die folgenden Schritte:<\/p>\n\n<ol class=\"wp-block-list\">\n<li>Besuchen Sie die offizielle Website <a href=\"https:\/\/www.gov.uk\/uk-expansion-worker-visa\">gov.uk<\/a><\/li>\n\n\n\n<li>F\u00fcllen Sie das <strong>Online-Formular<\/strong> aus<\/li>\n\n\n\n<li><a href=\"https:\/\/uk-gb.net\/de\/visumpreis-fur-england\/\">Bezahlen Sie die Visageb\u00fchren<\/a> online<\/li>\n\n\n\n<li>Vereinbaren Sie einen <strong>Termin in einem Visumantragszentrum<\/strong> f\u00fcr die biometrische Registrierung.<\/li>\n\n\n\n<li>Legen Sie Ihre <strong>Belege<\/strong> vor<\/li>\n\n\n\n<li>Verfolgen Sie Ihren Antrag bis zur endg\u00fcltigen Entscheidung.<\/li>\n<\/ol>\n\n<div style=\"height:10px\" aria-hidden=\"true\" class=\"wp-block-spacer\"><\/div>\n\n<h2 class=\"wp-block-heading\">Kosten f\u00fcr ein Gesch\u00e4ftsvisum f\u00fcr das Vereinigte K\u00f6nigreich<\/h2>\n\n<figure class=\"wp-block-table\"><table><tbody><tr><td><strong>Standard Besuchervisum<\/strong><\/td><td class=\"has-text-align-center\" data-align=\"center\"><strong>Visageb\u00fchren<\/strong><\/td><\/tr><tr><td>Visum f\u00fcr einen Aufenthalt von bis zu 6 Monaten<\/td><td class=\"has-text-align-center\" data-align=\"center\">115 \u00a3<\/td><\/tr><tr><td>2-Jahres-Visum<\/td><td class=\"has-text-align-center\" data-align=\"center\">400 \u00a3<\/td><\/tr><tr><td>5-Jahres-Visum<\/td><td class=\"has-text-align-center\" data-align=\"center\">771 \u00a3<\/td><\/tr><tr><td>10-Jahres-Visum<\/td><td class=\"has-text-align-center\" data-align=\"center\">963 \u00a3<\/td><\/tr><\/tbody><\/table><figcaption class=\"wp-element-caption\">Geb\u00fchrentabelle f\u00fcr Gesch\u00e4ftsvisa<\/figcaption><\/figure>\n\n<p>F\u00fcr weitere Informationen besuchen Sie bitte unsere Seite mit einer vollst\u00e4ndigen Liste der <a href=\"https:\/\/uk-gb.net\/de\/visumpreis-fur-england\/\">britischen Visageb\u00fchren<\/a>.<\/p>\n\n<h2 class=\"wp-block-heading\">Kann man mit einem Gesch\u00e4ftsvisum im Vereinigten K\u00f6nigreich arbeiten?<\/h2>\n\n<p>Nein Das Gesch\u00e4ftsvisum <strong>berechtigt nicht zur Aus\u00fcbung einer bezahlten T\u00e4tigkeit<\/strong> bei einem britischen Unternehmen. Es erlaubt auch nicht, eine Arbeit zu suchen oder sich dauerhaft im Vereinigten K\u00f6nigreich niederzulassen. <\/p>\n\n<p>F\u00fcr jede regelm\u00e4\u00dfige, bezahlte oder l\u00e4ngerfristige Besch\u00e4ftigung muss ein spezielles <strong>Arbeitsvisum<\/strong> beantragt werden (z. B. Skilled Worker visa).<\/p>\n\n<h2 class=\"wp-block-heading\">Was ist das punktebasierte PBS-System f\u00fcr das Visum?<\/h2>\n\n<p>Das britische <a href=\"https:\/\/uk-gb.net\/de\/visa-punktesystem-fur-england-pbs\/\">Punktesystem<\/a> (PBS) richtet sich in erster Linie an <strong>qualifizierte Arbeitskr\u00e4fte<\/strong>, <strong>internationale Studenten<\/strong> und <strong>innovative Profile<\/strong>, die den wirtschaftlichen Bedarf des Vereinigten K\u00f6nigreichs decken k\u00f6nnen. Es erlaubt keine Einreise f\u00fcr unqualifizierte Arbeit oder l\u00e4ngere Aufenthalte ohne g\u00fcltiges Stellenangebot. <\/p>\n\n<p>Bevor Sie einen Antrag stellen, ist es wichtig, dass Sie :<\/p>\n\n<ul class=\"wp-block-list\">\n<li>Antizipation von Fristen und Kosten im Zusammenhang mit der Beantragung eines Visums<\/li>\n\n\n\n<li>\u00dcberpr\u00fcfen, ob Sie das Minimum von 70 Punkten erreicht haben<\/li>\n\n\n\n<li>Konsultieren Sie einen Einwanderungsberater, wenn Ihre Situation komplex ist.<\/li>\n<\/ul>\n\n<div style=\"height:10px\" aria-hidden=\"true\" class=\"wp-block-spacer\"><\/div>\n\n<p><\/p>\n","protected":false},"excerpt":{"rendered":"<p>Gesch\u00e4ftsvisum f\u00fcr das Vereinigte K\u00f6nigreich Das britische Gesch\u00e4ftsvisum (Standard Visitor Visa &#8211; Business category) erm\u00f6glicht ausl\u00e4ndischen Fachleuten einen zeitlich begrenzten Aufenthalt im Vereinigten K\u00f6nigreich f\u00fcr gesch\u00e4ftliche, akademische oder kooperative Aktivit\u00e4ten. Es erlaubt nicht, f\u00fcr ein britisches Unternehmen zu arbeiten, aber es erlaubt bestimmte, genau definierte Aufgaben. F\u00fcr einen Aufenthalt von weniger als 6 Monaten: Es [&hellip;]<\/p>\n","protected":false},"author":1,"featured_media":0,"parent":0,"menu_order":0,"comment_status":"closed","ping_status":"closed","template":"","meta":{"footnotes":""},"class_list":["post-830","page","type-page","status-publish","hentry"],"yoast_head":"<!-- This site is optimized with the Yoast SEO plugin v27.4 - https:\/\/yoast.com\/product\/yoast-seo-wordpress\/ -->\n<title>Britisches Gesch\u00e4ftsvisum f\u00fcr Aufenthalte im Vereinigten K\u00f6nigreich - UK GB<\/title>\n<meta name=\"description\" content=\"Was sind die Voraussetzungen f\u00fcr ein Gesch\u00e4ftsvisum, um in das Vereinigte K\u00f6nigreich zu gesch\u00e4ftlichen Zwecken zu reisen?\" \/>\n<meta name=\"robots\" content=\"index, follow, max-snippet:-1, max-image-preview:large, max-video-preview:-1\" \/>\n<link rel=\"canonical\" href=\"https:\/\/uk-gb.net\/de\/geschaftsvisum-fur-england-vereinigtes-konigreich\/\" \/>\n<meta property=\"og:locale\" content=\"de_DE\" \/>\n<meta property=\"og:type\" content=\"article\" \/>\n<meta property=\"og:title\" content=\"Britisches Gesch\u00e4ftsvisum f\u00fcr Aufenthalte im Vereinigten K\u00f6nigreich - UK GB\" \/>\n<meta property=\"og:description\" content=\"Was sind die Voraussetzungen f\u00fcr ein Gesch\u00e4ftsvisum, um in das Vereinigte K\u00f6nigreich zu gesch\u00e4ftlichen Zwecken zu reisen?\" \/>\n<meta property=\"og:url\" content=\"https:\/\/uk-gb.net\/de\/geschaftsvisum-fur-england-vereinigtes-konigreich\/\" \/>\n<meta property=\"og:site_name\" content=\"UK GB\" \/>\n<meta property=\"article:modified_time\" content=\"2025-06-11T12:04:50+00:00\" \/>\n<meta name=\"twitter:card\" content=\"summary_large_image\" \/>\n<meta name=\"twitter:label1\" content=\"Gesch\u00e4tzte Lesezeit\" \/>\n\t<meta name=\"twitter:data1\" content=\"3\u00a0Minuten\" \/>\n<script type=\"application\/ld+json\" class=\"yoast-schema-graph\">{\"@context\":\"https:\\\/\\\/schema.org\",\"@graph\":[{\"@type\":\"WebPage\",\"@id\":\"https:\\\/\\\/uk-gb.net\\\/de\\\/geschaftsvisum-fur-england-vereinigtes-konigreich\\\/\",\"url\":\"https:\\\/\\\/uk-gb.net\\\/de\\\/geschaftsvisum-fur-england-vereinigtes-konigreich\\\/\",\"name\":\"Britisches Gesch\u00e4ftsvisum f\u00fcr Aufenthalte im Vereinigten K\u00f6nigreich - UK GB\",\"isPartOf\":{\"@id\":\"https:\\\/\\\/uk-gb.net\\\/de\\\/#website\"},\"datePublished\":\"2023-12-07T14:57:24+00:00\",\"dateModified\":\"2025-06-11T12:04:50+00:00\",\"description\":\"Was sind die Voraussetzungen f\u00fcr ein Gesch\u00e4ftsvisum, um in das Vereinigte K\u00f6nigreich zu gesch\u00e4ftlichen Zwecken zu reisen?\",\"inLanguage\":\"de\",\"potentialAction\":[{\"@type\":\"ReadAction\",\"target\":[\"https:\\\/\\\/uk-gb.net\\\/de\\\/geschaftsvisum-fur-england-vereinigtes-konigreich\\\/\"]}]},{\"@type\":\"WebSite\",\"@id\":\"https:\\\/\\\/uk-gb.net\\\/de\\\/#website\",\"url\":\"https:\\\/\\\/uk-gb.net\\\/de\\\/\",\"name\":\"UK GB\",\"description\":\"Travel to the UK\",\"potentialAction\":[{\"@type\":\"SearchAction\",\"target\":{\"@type\":\"EntryPoint\",\"urlTemplate\":\"https:\\\/\\\/uk-gb.net\\\/de\\\/?s={search_term_string}\"},\"query-input\":{\"@type\":\"PropertyValueSpecification\",\"valueRequired\":true,\"valueName\":\"search_term_string\"}}],\"inLanguage\":\"de\"}]}<\/script>\n<!-- \/ Yoast SEO plugin. -->","yoast_head_json":{"title":"Britisches Gesch\u00e4ftsvisum f\u00fcr Aufenthalte im Vereinigten K\u00f6nigreich - UK GB","description":"Was sind die Voraussetzungen f\u00fcr ein Gesch\u00e4ftsvisum, um in das Vereinigte K\u00f6nigreich zu gesch\u00e4ftlichen Zwecken zu reisen?","robots":{"index":"index","follow":"follow","max-snippet":"max-snippet:-1","max-image-preview":"max-image-preview:large","max-video-preview":"max-video-preview:-1"},"canonical":"https:\/\/uk-gb.net\/de\/geschaftsvisum-fur-england-vereinigtes-konigreich\/","og_locale":"de_DE","og_type":"article","og_title":"Britisches Gesch\u00e4ftsvisum f\u00fcr Aufenthalte im Vereinigten K\u00f6nigreich - UK GB","og_description":"Was sind die Voraussetzungen f\u00fcr ein Gesch\u00e4ftsvisum, um in das Vereinigte K\u00f6nigreich zu gesch\u00e4ftlichen Zwecken zu reisen?","og_url":"https:\/\/uk-gb.net\/de\/geschaftsvisum-fur-england-vereinigtes-konigreich\/","og_site_name":"UK GB","article_modified_time":"2025-06-11T12:04:50+00:00","twitter_card":"summary_large_image","twitter_misc":{"Gesch\u00e4tzte Lesezeit":"3\u00a0Minuten"},"schema":{"@context":"https:\/\/schema.org","@graph":[{"@type":"WebPage","@id":"https:\/\/uk-gb.net\/de\/geschaftsvisum-fur-england-vereinigtes-konigreich\/","url":"https:\/\/uk-gb.net\/de\/geschaftsvisum-fur-england-vereinigtes-konigreich\/","name":"Britisches Gesch\u00e4ftsvisum f\u00fcr Aufenthalte im Vereinigten K\u00f6nigreich - UK GB","isPartOf":{"@id":"https:\/\/uk-gb.net\/de\/#website"},"datePublished":"2023-12-07T14:57:24+00:00","dateModified":"2025-06-11T12:04:50+00:00","description":"Was sind die Voraussetzungen f\u00fcr ein Gesch\u00e4ftsvisum, um in das Vereinigte K\u00f6nigreich zu gesch\u00e4ftlichen Zwecken zu reisen?","inLanguage":"de","potentialAction":[{"@type":"ReadAction","target":["https:\/\/uk-gb.net\/de\/geschaftsvisum-fur-england-vereinigtes-konigreich\/"]}]},{"@type":"WebSite","@id":"https:\/\/uk-gb.net\/de\/#website","url":"https:\/\/uk-gb.net\/de\/","name":"UK GB","description":"Travel to the UK","potentialAction":[{"@type":"SearchAction","target":{"@type":"EntryPoint","urlTemplate":"https:\/\/uk-gb.net\/de\/?s={search_term_string}"},"query-input":{"@type":"PropertyValueSpecification","valueRequired":true,"valueName":"search_term_string"}}],"inLanguage":"de"}]}},"_links":{"self":[{"href":"https:\/\/uk-gb.net\/de\/wp-json\/wp\/v2\/pages\/830","targetHints":{"allow":["GET"]}}],"collection":[{"href":"https:\/\/uk-gb.net\/de\/wp-json\/wp\/v2\/pages"}],"about":[{"href":"https:\/\/uk-gb.net\/de\/wp-json\/wp\/v2\/types\/page"}],"author":[{"embeddable":true,"href":"https:\/\/uk-gb.net\/de\/wp-json\/wp\/v2\/users\/1"}],"replies":[{"embeddable":true,"href":"https:\/\/uk-gb.net\/de\/wp-json\/wp\/v2\/comments?post=830"}],"version-history":[{"count":0,"href":"https:\/\/uk-gb.net\/de\/wp-json\/wp\/v2\/pages\/830\/revisions"}],"wp:attachment":[{"href":"https:\/\/uk-gb.net\/de\/wp-json\/wp\/v2\/media?parent=830"}],"curies":[{"name":"wp","href":"https:\/\/api.w.org\/{rel}","templated":true}]}}