{"id":816,"date":"2023-12-07T16:48:46","date_gmt":"2023-12-07T16:48:46","guid":{"rendered":"https:\/\/uk-gb.net\/visumtermin-bei-der-botschaft-england\/"},"modified":"2025-11-28T10:59:21","modified_gmt":"2025-11-28T10:59:21","slug":"visumtermin-bei-der-botschaft-england","status":"publish","type":"page","link":"https:\/\/uk-gb.net\/de\/visumtermin-bei-der-botschaft-england\/","title":{"rendered":"Interview mit der Botschaft des Vereinigten K\u00f6nigreichs f\u00fcr einen Visumantrag"},"content":{"rendered":"\n<h1 class=\"wp-block-heading\">Termin bei der britischen Botschaft f\u00fcr die Beantragung eines Visums<\/h1>\n\n<p>Ausl\u00e4nder, die in das Vereinigte K\u00f6nigreich reisen m\u00f6chten und nicht f\u00fcr die ETA in Frage kommen, m\u00fcssen ein Visum beantragen. In diesem Zusammenhang ist in der Regel <g id=\"gid_0\">ein konsularisches Interview<\/g> erforderlich. Dies findet je nach Wohnsitzland in einem <strong>zugelassenen Visumantragszentrum<\/strong> oder direkt in einer <a href=\"https:\/\/uk-gb.net\/de\/britische-botschaft-in-deutschland\/\">britischen Botschaft<\/a> statt.   Sie k\u00f6nnen die <a href=\"https:\/\/www.gov.uk\/find-a-visa-application-centre\">Liste der Visumantragszentren nach L\u00e4ndern<\/a> durchsuchen, um einen Termin f\u00fcr das n\u00e4chstgelegene Zentrum zu vereinbaren.<\/p>\n\n<p><strong>F\u00fcr einen kurzfristigen Aufenthalt<\/strong>: Es ist nicht notwendig, ein Visum <a href=\"https:\/\/uk-gb.net\/de\/online-eta-visumformular-england\/\">zu<\/a> beantragen.<\/p>\n\n<div style=\"height:10px\" aria-hidden=\"true\" class=\"wp-block-spacer\"><\/div>\n\n<h2 class=\"wp-block-heading\">Warum ist ein Gespr\u00e4ch erforderlich?<\/h2>\n\n<p>Das konsularische Interview ist ein entscheidender Schritt im Visumantragsverfahren. Es erm\u00f6glicht den britischen Beh\u00f6rden, : <\/p>\n\n<ul class=\"wp-block-list\">\n<li>\u00dcberpr\u00fcfen Sie die Identit\u00e4t des Antragstellers<\/li>\n\n\n\n<li>Beurteilung der Ernsthaftigkeit des Reisevorhabens<\/li>\n\n\n\n<li>Sicherstellen, dass der Antragsteller die Einreisebedingungen erf\u00fcllt und das Vereinigte K\u00f6nigreich nach Ablauf seines Visums verlassen wird.<\/li>\n<\/ul>\n\n<p>Diese Befragung tr\u00e4gt dazu bei, <strong>Betrug zu verhindern<\/strong> und sicherzustellen, dass nur Personen, die die Kriterien f\u00fcr die Erteilung eines Visums erf\u00fcllen, ein Visum erhalten.<\/p>\n\n<h2 class=\"wp-block-heading\">Dokumente, die am Tag des Interviews mitzubringen sind<\/h2>\n\n<p>Am Tag Ihres Termins m\u00fcssen Sie folgende Dokumente vorlegen:<\/p>\n\n<ul class=\"wp-block-list\">\n<li>Die <strong>gedruckte Best\u00e4tigung des Termins<\/strong>, die Sie per E-Mail erhalten haben<\/li>\n\n\n\n<li>Die <strong>Quittung \u00fcber die Zahlung<\/strong> der <a href=\"https:\/\/uk-gb.net\/de\/visumpreis-fur-england\/\">Visumantragsgeb\u00fchr<\/a><\/li>\n\n\n\n<li>Ein <strong>g\u00fcltiger Reisepass<\/strong> (oder Original-Aufenthaltstitel, falls zutreffend)<\/li>\n\n\n\n<li>Alle <strong>erforderlichen Belege<\/strong> mit Kopien f\u00fcr die Akte<\/li>\n\n\n\n<li>Das ausgedruckte <strong>Deckblatt des Visumantragsformulars<\/strong> <\/li>\n<\/ul>\n\n<div style=\"height:10px\" aria-hidden=\"true\" class=\"wp-block-spacer\"><\/div>\n\n<p>Stellen Sie sicher, dass alle Dokumente im <strong>Original<\/strong>, klar und auf dem neuesten Stand sind. Fehlende Unterlagen k\u00f6nnen Ihr Verfahren verz\u00f6gern oder sogar annullieren. <\/p>\n\n<h2 class=\"wp-block-heading\">Wie l\u00e4uft ein Termin bei der Botschaft ab?<\/h2>\n\n<p>Es wird empfohlen, sich <strong>mindestens 15 Minuten vor dem Termin<\/strong> im Zentrum einzufinden, um die Sicherheitskontrollen zu passieren. Nach dem Einlass werden in der Regel die folgenden Schritte unternommen: <\/p>\n\n<ol class=\"wp-block-list\">\n<li><strong>\u00dcberpr\u00fcfung der Identit\u00e4t und der Dokumente<\/strong><\/li>\n\n\n\n<li><strong>Abnahme von Fingerabdr\u00fccken und biometrische Fotografie<\/strong><\/li>\n\n\n\n<li><strong>Gespr\u00e4ch mit einem Konsularbeamten<\/strong><\/li>\n<\/ol>\n\n<div style=\"height:10px\" aria-hidden=\"true\" class=\"wp-block-spacer\"><\/div>\n\n<p>Das Gespr\u00e4ch wird in der Regel auf <strong>Englisch<\/strong> gef\u00fchrt. In einigen F\u00e4llen kann der Beamte auch in der lokalen Sprache sprechen, wenn er diese beherrscht. Die gestellten Fragen zielen darauf ab, Folgendes zu kl\u00e4ren  <\/p>\n\n<ul class=\"wp-block-list\">\n<li>Der <strong>Grund f\u00fcr den Aufenthalt<\/strong> im Vereinigten K\u00f6nigreich<\/li>\n\n\n\n<li>Das <strong>Reiseprogramm<\/strong>: Daten, Orte, Unterk\u00fcnfte<\/li>\n\n\n\n<li><strong>Finanzielle F\u00e4higkeit<\/strong>, die Kosten f\u00fcr den Aufenthalt und die R\u00fcckreise zu decken<\/li>\n<\/ul>\n\n<div style=\"height:10px\" aria-hidden=\"true\" class=\"wp-block-spacer\"><\/div>\n\n<h2 class=\"wp-block-heading\">Wie lange dauert das Gespr\u00e4ch?<\/h2>\n\n<p>Die durchschnittliche Dauer eines Interviews f\u00fcr ein britisches Visum betr\u00e4gt ca. <strong>30 Minuten<\/strong>, kann aber je nach Komplexit\u00e4t des Antrags variieren. Wenn der Konsularbeamte es f\u00fcr notwendig h\u00e4lt, bestimmte Punkte zu vertiefen, kann das Gespr\u00e4ch <strong>bis zu einer Stunde oder<\/strong> l\u00e4nger dauern. <\/p>\n\n<h2 class=\"wp-block-heading\">Und nach dem Termin?<\/h2>\n\n<p>Nach dem Gespr\u00e4ch bewahrt das Zentrum Ihren Pass f\u00fcr die Dauer der Bearbeitung des Antrags auf. Sie erhalten eine <strong>Benachrichtigung per E-Mail oder SMS,<\/strong> sobald die Entscheidung getroffen wurde. Der Pass wird Ihnen dann per Post zur\u00fcckgeschickt oder kann im Zentrum abgeholt werden, je nachdem, welche Option Sie bei der Terminvereinbarung gew\u00e4hlt haben.  <\/p>\n\n<p><strong>Hinweis<\/strong>: In dringenden F\u00e4llen oder bei kurzen Fristen bieten einige Zentren gegen eine zus\u00e4tzliche Geb\u00fchr <strong>beschleunigte Dienstleistungen<\/strong> an.<\/p>\n","protected":false},"excerpt":{"rendered":"<p>Termin bei der britischen Botschaft f\u00fcr die Beantragung eines Visums Ausl\u00e4nder, die in das Vereinigte K\u00f6nigreich reisen m\u00f6chten und nicht f\u00fcr die ETA in Frage kommen, m\u00fcssen ein Visum beantragen. In diesem Zusammenhang ist in der Regel ein konsularisches Interview erforderlich. Dies findet je nach Wohnsitzland in einem zugelassenen Visumantragszentrum oder direkt in einer britischen [&hellip;]<\/p>\n","protected":false},"author":1,"featured_media":0,"parent":0,"menu_order":0,"comment_status":"closed","ping_status":"closed","template":"","meta":{"footnotes":""},"class_list":["post-816","page","type-page","status-publish","hentry"],"yoast_head":"<!-- This site is optimized with the Yoast SEO plugin v27.3 - https:\/\/yoast.com\/product\/yoast-seo-wordpress\/ -->\n<title>Interview mit der Botschaft des Vereinigten K\u00f6nigreichs f\u00fcr einen Visumantrag - UK GB<\/title>\n<meta name=\"description\" content=\"Wie man einen Termin bei der englischen Botschaft vereinbart, um den Antrag auf ein Visum f\u00fcr das Vereinigte K\u00f6nigreich abzuschlie\u00dfen\" \/>\n<meta name=\"robots\" content=\"index, follow, max-snippet:-1, max-image-preview:large, max-video-preview:-1\" \/>\n<link rel=\"canonical\" href=\"https:\/\/uk-gb.net\/de\/visumtermin-bei-der-botschaft-england\/\" \/>\n<meta property=\"og:locale\" content=\"de_DE\" \/>\n<meta property=\"og:type\" content=\"article\" \/>\n<meta property=\"og:title\" content=\"Interview mit der Botschaft des Vereinigten K\u00f6nigreichs f\u00fcr einen Visumantrag - UK GB\" \/>\n<meta property=\"og:description\" content=\"Wie man einen Termin bei der englischen Botschaft vereinbart, um den Antrag auf ein Visum f\u00fcr das Vereinigte K\u00f6nigreich abzuschlie\u00dfen\" \/>\n<meta property=\"og:url\" content=\"https:\/\/uk-gb.net\/de\/visumtermin-bei-der-botschaft-england\/\" \/>\n<meta property=\"og:site_name\" content=\"UK GB\" \/>\n<meta property=\"article:modified_time\" content=\"2025-11-28T10:59:21+00:00\" \/>\n<meta name=\"twitter:card\" content=\"summary_large_image\" \/>\n<meta name=\"twitter:label1\" content=\"Gesch\u00e4tzte Lesezeit\" \/>\n\t<meta name=\"twitter:data1\" content=\"3\u00a0Minuten\" \/>\n<script type=\"application\/ld+json\" class=\"yoast-schema-graph\">{\"@context\":\"https:\\\/\\\/schema.org\",\"@graph\":[{\"@type\":\"WebPage\",\"@id\":\"https:\\\/\\\/uk-gb.net\\\/de\\\/visumtermin-bei-der-botschaft-england\\\/\",\"url\":\"https:\\\/\\\/uk-gb.net\\\/de\\\/visumtermin-bei-der-botschaft-england\\\/\",\"name\":\"Interview mit der Botschaft des Vereinigten K\u00f6nigreichs f\u00fcr einen Visumantrag - UK GB\",\"isPartOf\":{\"@id\":\"https:\\\/\\\/uk-gb.net\\\/de\\\/#website\"},\"datePublished\":\"2023-12-07T16:48:46+00:00\",\"dateModified\":\"2025-11-28T10:59:21+00:00\",\"description\":\"Wie man einen Termin bei der englischen Botschaft vereinbart, um den Antrag auf ein Visum f\u00fcr das Vereinigte K\u00f6nigreich abzuschlie\u00dfen\",\"inLanguage\":\"de\",\"potentialAction\":[{\"@type\":\"ReadAction\",\"target\":[\"https:\\\/\\\/uk-gb.net\\\/de\\\/visumtermin-bei-der-botschaft-england\\\/\"]}]},{\"@type\":\"WebSite\",\"@id\":\"https:\\\/\\\/uk-gb.net\\\/de\\\/#website\",\"url\":\"https:\\\/\\\/uk-gb.net\\\/de\\\/\",\"name\":\"UK GB\",\"description\":\"Travel to the UK\",\"potentialAction\":[{\"@type\":\"SearchAction\",\"target\":{\"@type\":\"EntryPoint\",\"urlTemplate\":\"https:\\\/\\\/uk-gb.net\\\/de\\\/?s={search_term_string}\"},\"query-input\":{\"@type\":\"PropertyValueSpecification\",\"valueRequired\":true,\"valueName\":\"search_term_string\"}}],\"inLanguage\":\"de\"}]}<\/script>\n<!-- \/ Yoast SEO plugin. -->","yoast_head_json":{"title":"Interview mit der Botschaft des Vereinigten K\u00f6nigreichs f\u00fcr einen Visumantrag - UK GB","description":"Wie man einen Termin bei der englischen Botschaft vereinbart, um den Antrag auf ein Visum f\u00fcr das Vereinigte K\u00f6nigreich abzuschlie\u00dfen","robots":{"index":"index","follow":"follow","max-snippet":"max-snippet:-1","max-image-preview":"max-image-preview:large","max-video-preview":"max-video-preview:-1"},"canonical":"https:\/\/uk-gb.net\/de\/visumtermin-bei-der-botschaft-england\/","og_locale":"de_DE","og_type":"article","og_title":"Interview mit der Botschaft des Vereinigten K\u00f6nigreichs f\u00fcr einen Visumantrag - UK GB","og_description":"Wie man einen Termin bei der englischen Botschaft vereinbart, um den Antrag auf ein Visum f\u00fcr das Vereinigte K\u00f6nigreich abzuschlie\u00dfen","og_url":"https:\/\/uk-gb.net\/de\/visumtermin-bei-der-botschaft-england\/","og_site_name":"UK GB","article_modified_time":"2025-11-28T10:59:21+00:00","twitter_card":"summary_large_image","twitter_misc":{"Gesch\u00e4tzte Lesezeit":"3\u00a0Minuten"},"schema":{"@context":"https:\/\/schema.org","@graph":[{"@type":"WebPage","@id":"https:\/\/uk-gb.net\/de\/visumtermin-bei-der-botschaft-england\/","url":"https:\/\/uk-gb.net\/de\/visumtermin-bei-der-botschaft-england\/","name":"Interview mit der Botschaft des Vereinigten K\u00f6nigreichs f\u00fcr einen Visumantrag - UK GB","isPartOf":{"@id":"https:\/\/uk-gb.net\/de\/#website"},"datePublished":"2023-12-07T16:48:46+00:00","dateModified":"2025-11-28T10:59:21+00:00","description":"Wie man einen Termin bei der englischen Botschaft vereinbart, um den Antrag auf ein Visum f\u00fcr das Vereinigte K\u00f6nigreich abzuschlie\u00dfen","inLanguage":"de","potentialAction":[{"@type":"ReadAction","target":["https:\/\/uk-gb.net\/de\/visumtermin-bei-der-botschaft-england\/"]}]},{"@type":"WebSite","@id":"https:\/\/uk-gb.net\/de\/#website","url":"https:\/\/uk-gb.net\/de\/","name":"UK GB","description":"Travel to the UK","potentialAction":[{"@type":"SearchAction","target":{"@type":"EntryPoint","urlTemplate":"https:\/\/uk-gb.net\/de\/?s={search_term_string}"},"query-input":{"@type":"PropertyValueSpecification","valueRequired":true,"valueName":"search_term_string"}}],"inLanguage":"de"}]}},"_links":{"self":[{"href":"https:\/\/uk-gb.net\/de\/wp-json\/wp\/v2\/pages\/816","targetHints":{"allow":["GET"]}}],"collection":[{"href":"https:\/\/uk-gb.net\/de\/wp-json\/wp\/v2\/pages"}],"about":[{"href":"https:\/\/uk-gb.net\/de\/wp-json\/wp\/v2\/types\/page"}],"author":[{"embeddable":true,"href":"https:\/\/uk-gb.net\/de\/wp-json\/wp\/v2\/users\/1"}],"replies":[{"embeddable":true,"href":"https:\/\/uk-gb.net\/de\/wp-json\/wp\/v2\/comments?post=816"}],"version-history":[{"count":0,"href":"https:\/\/uk-gb.net\/de\/wp-json\/wp\/v2\/pages\/816\/revisions"}],"wp:attachment":[{"href":"https:\/\/uk-gb.net\/de\/wp-json\/wp\/v2\/media?parent=816"}],"curies":[{"name":"wp","href":"https:\/\/api.w.org\/{rel}","templated":true}]}}