{"id":804,"date":"2023-12-07T16:41:44","date_gmt":"2023-12-07T16:41:44","guid":{"rendered":"https:\/\/uk-gb.net\/visumpreis-fur-england\/"},"modified":"2025-11-17T16:42:25","modified_gmt":"2025-11-17T16:42:25","slug":"visumpreis-fur-england","status":"publish","type":"page","link":"https:\/\/uk-gb.net\/de\/visumpreis-fur-england\/","title":{"rendered":"Preis f\u00fcr ein Visum, um nach England zu reisen"},"content":{"rendered":"\n<h1 class=\"wp-block-heading\">Wie viel kostet ein Visum f\u00fcr eine Reise in das Vereinigte K\u00f6nigreich?<\/h1>\n\n<p>F\u00fcr die Beantragung eines Visums f\u00fcr das Vereinigte K\u00f6nigreich wird eine obligatorische Geb\u00fchr erhoben. Diese Geb\u00fchr dient zur Deckung der Verwaltungskosten f\u00fcr die Pr\u00fcfung und Bearbeitung der Antr\u00e4ge. Die Geb\u00fchr h\u00e4ngt von der <strong>Art des beantragten Visums<\/strong>, der <strong>Dauer des Aufenthalts<\/strong> und <strong>dem Land des Wohnsitzes des Antragstellers<\/strong> ab.  <\/p>\n\n<p><strong>F\u00fcr einen touristischen Aufenthalt <\/strong>: Es ist nicht notwendig, ein Visum zu beantragen, es gen\u00fcgt, das <a href=\"https:\/\/uk-gb.net\/de\/online-eta-visumformular-england\/\">ETA-Formular online<\/a> auszuf\u00fcllen.<\/p>\n\n<div style=\"height:10px\" aria-hidden=\"true\" class=\"wp-block-spacer\"><\/div>\n\n<p>F\u00fcr das Jahr <strong>2025<\/strong> sind folgende Beispiele zu nennen:<\/p>\n\n<figure class=\"wp-block-table\"><table><tbody><tr><td><strong>Besuchervisum<\/strong><\/td><td class=\"has-text-align-center\" data-align=\"center\"><strong>Visageb\u00fchren<\/strong><\/td><\/tr><tr><td><a href=\"https:\/\/uk-gb.net\/de\/touristenvisum-england-vereinigtes-koenigreich\/\">Touristenvisum<\/a> f\u00fcr einen kurzfristigen Aufenthalt von bis zu 6 Monaten<\/td><td class=\"has-text-align-center\" data-align=\"center\">\u00a3 115<\/td><\/tr><tr><td>Langfristiges Besuchsvisum (2 Jahre)<\/td><td class=\"has-text-align-center\" data-align=\"center\">\u00a3 400<\/td><\/tr><tr><td>Langfristiges Besuchsvisum (5 Jahre)<\/td><td class=\"has-text-align-center\" data-align=\"center\">\u00a3 771<\/td><\/tr><tr><td>Langfristiges Besuchsvisum (10 Jahre)<\/td><td class=\"has-text-align-center\" data-align=\"center\">\u00a3 963<\/td><\/tr><\/tbody><\/table><figcaption class=\"wp-element-caption\">Tabelle der Visageb\u00fchren f\u00fcr Besuchervisa<\/figcaption><\/figure>\n\n<figure class=\"wp-block-table\"><table><tbody><tr><td><strong>Transitvisum<\/strong><\/td><td class=\"has-text-align-center\" data-align=\"center\"><strong><strong>Visageb\u00fchren<\/strong><\/strong><\/td><\/tr><tr><td>Direct Airside Transit Visa (DATV) f\u00fcr Passagiere, die in der internationalen Zone bleiben.<\/td><td class=\"has-text-align-center\" data-align=\"center\">\u00a3 39<\/td><\/tr><tr><td>Visitor in Transit Visa: f\u00fcr Passagiere, die die Grenzkontrolle passieren m\u00fcssen<\/td><td class=\"has-text-align-center\" data-align=\"center\">\u00a3 64<\/td><\/tr><\/tbody><\/table><figcaption class=\"wp-element-caption\">Diese Visa erlauben einen Aufenthalt von maximal 48 Stunden im Vereinigten K\u00f6nigreich.<\/figcaption><\/figure>\n\n<div style=\"height:10px\" aria-hidden=\"true\" class=\"wp-block-spacer\"><\/div>\n\n<h2 class=\"wp-block-heading\">Geb\u00fchren f\u00fcr ein Studentenvisum f\u00fcr das Vereinigte K\u00f6nigreich<\/h2>\n\n<p>Internationale Studenten, die an einem Studienprogramm im Vereinigten K\u00f6nigreich teilnehmen m\u00f6chten, m\u00fcssen ein <a href=\"https:\/\/uk-gb.net\/de\/studentenvisum-fur-england\/\">Studentenvisum<\/a> beantragen.<\/p>\n\n<figure class=\"wp-block-table\"><table><tbody><tr><td><strong>Kurzfristiges Studentenvisum<\/strong><\/td><td class=\"has-text-align-center\" data-align=\"center\"><strong><strong>Visageb\u00fchren<\/strong><\/strong><\/td><\/tr><tr><td>Visumantragsgeb\u00fchr<\/td><td class=\"has-text-align-center\" data-align=\"center\">\u00a3 524<\/td><\/tr><tr><td>Immigration Health Surcharge (\u00dcberbelastung f\u00fcr den Zugang zum Gesundheitssystem pro Jahr)<\/td><td class=\"has-text-align-center\" data-align=\"center\">\u00a3 776<\/td><\/tr><\/tbody><\/table><figcaption class=\"wp-element-caption\">Die Zahlung des IHS ist obligatorisch und erm\u00f6glicht den Zugang zum National Health Service w\u00e4hrend der Dauer des Aufenthalts.<\/figcaption><\/figure>\n\n<div style=\"height:10px\" aria-hidden=\"true\" class=\"wp-block-spacer\"><\/div>\n\n<h2 class=\"wp-block-heading\">Kann die Geb\u00fchr f\u00fcr das britische Visum in einer lokalen W\u00e4hrung bezahlt werden?<\/h2>\n\n<p>Die Visageb\u00fchren werden in <strong>Pfund Sterling (\u00a3)<\/strong> festgelegt. Die Zahlung kann jedoch in der Regel in der <g id=\"gid_1\">Landesw\u00e4hrung<\/g> des Wohnsitzlandes auf der Grundlage des von der britischen Regierung angewandten Wechselkurses erfolgen. Dieser Kurs wird regelm\u00e4\u00dfig aktualisiert und automatisch bei der Online-Zahlung angewendet.  <\/p>\n","protected":false},"excerpt":{"rendered":"<p>Wie viel kostet ein Visum f\u00fcr eine Reise in das Vereinigte K\u00f6nigreich? F\u00fcr die Beantragung eines Visums f\u00fcr das Vereinigte K\u00f6nigreich wird eine obligatorische Geb\u00fchr erhoben. Diese Geb\u00fchr dient zur Deckung der Verwaltungskosten f\u00fcr die Pr\u00fcfung und Bearbeitung der Antr\u00e4ge. Die Geb\u00fchr h\u00e4ngt von der Art des beantragten Visums, der Dauer des Aufenthalts und dem [&hellip;]<\/p>\n","protected":false},"author":1,"featured_media":0,"parent":0,"menu_order":0,"comment_status":"closed","ping_status":"closed","template":"","meta":{"footnotes":""},"class_list":["post-804","page","type-page","status-publish","hentry"],"yoast_head":"<!-- This site is optimized with the Yoast SEO plugin v27.3 - https:\/\/yoast.com\/product\/yoast-seo-wordpress\/ -->\n<title>Preis f\u00fcr ein Visum, um nach England zu reisen - UK GB<\/title>\n<meta name=\"description\" content=\"Wie hoch ist die Verwaltungsgeb\u00fchr f\u00fcr die Beantragung eines Visums f\u00fcr Reisen innerhalb des Vereinigten K\u00f6nigreichs?\" \/>\n<meta name=\"robots\" content=\"index, follow, max-snippet:-1, max-image-preview:large, max-video-preview:-1\" \/>\n<link rel=\"canonical\" href=\"https:\/\/uk-gb.net\/de\/visumpreis-fur-england\/\" \/>\n<meta property=\"og:locale\" content=\"de_DE\" \/>\n<meta property=\"og:type\" content=\"article\" \/>\n<meta property=\"og:title\" content=\"Preis f\u00fcr ein Visum, um nach England zu reisen - UK GB\" \/>\n<meta property=\"og:description\" content=\"Wie hoch ist die Verwaltungsgeb\u00fchr f\u00fcr die Beantragung eines Visums f\u00fcr Reisen innerhalb des Vereinigten K\u00f6nigreichs?\" \/>\n<meta property=\"og:url\" content=\"https:\/\/uk-gb.net\/de\/visumpreis-fur-england\/\" \/>\n<meta property=\"og:site_name\" content=\"UK GB\" \/>\n<meta property=\"article:modified_time\" content=\"2025-11-17T16:42:25+00:00\" \/>\n<meta name=\"twitter:card\" content=\"summary_large_image\" \/>\n<meta name=\"twitter:label1\" content=\"Gesch\u00e4tzte Lesezeit\" \/>\n\t<meta name=\"twitter:data1\" content=\"1\u00a0Minute\" \/>\n<script type=\"application\/ld+json\" class=\"yoast-schema-graph\">{\"@context\":\"https:\\\/\\\/schema.org\",\"@graph\":[{\"@type\":\"WebPage\",\"@id\":\"https:\\\/\\\/uk-gb.net\\\/de\\\/visumpreis-fur-england\\\/\",\"url\":\"https:\\\/\\\/uk-gb.net\\\/de\\\/visumpreis-fur-england\\\/\",\"name\":\"Preis f\u00fcr ein Visum, um nach England zu reisen - UK GB\",\"isPartOf\":{\"@id\":\"https:\\\/\\\/uk-gb.net\\\/de\\\/#website\"},\"datePublished\":\"2023-12-07T16:41:44+00:00\",\"dateModified\":\"2025-11-17T16:42:25+00:00\",\"description\":\"Wie hoch ist die Verwaltungsgeb\u00fchr f\u00fcr die Beantragung eines Visums f\u00fcr Reisen innerhalb des Vereinigten K\u00f6nigreichs?\",\"inLanguage\":\"de\",\"potentialAction\":[{\"@type\":\"ReadAction\",\"target\":[\"https:\\\/\\\/uk-gb.net\\\/de\\\/visumpreis-fur-england\\\/\"]}]},{\"@type\":\"WebSite\",\"@id\":\"https:\\\/\\\/uk-gb.net\\\/de\\\/#website\",\"url\":\"https:\\\/\\\/uk-gb.net\\\/de\\\/\",\"name\":\"UK GB\",\"description\":\"Travel to the UK\",\"potentialAction\":[{\"@type\":\"SearchAction\",\"target\":{\"@type\":\"EntryPoint\",\"urlTemplate\":\"https:\\\/\\\/uk-gb.net\\\/de\\\/?s={search_term_string}\"},\"query-input\":{\"@type\":\"PropertyValueSpecification\",\"valueRequired\":true,\"valueName\":\"search_term_string\"}}],\"inLanguage\":\"de\"}]}<\/script>\n<!-- \/ Yoast SEO plugin. -->","yoast_head_json":{"title":"Preis f\u00fcr ein Visum, um nach England zu reisen - UK GB","description":"Wie hoch ist die Verwaltungsgeb\u00fchr f\u00fcr die Beantragung eines Visums f\u00fcr Reisen innerhalb des Vereinigten K\u00f6nigreichs?","robots":{"index":"index","follow":"follow","max-snippet":"max-snippet:-1","max-image-preview":"max-image-preview:large","max-video-preview":"max-video-preview:-1"},"canonical":"https:\/\/uk-gb.net\/de\/visumpreis-fur-england\/","og_locale":"de_DE","og_type":"article","og_title":"Preis f\u00fcr ein Visum, um nach England zu reisen - UK GB","og_description":"Wie hoch ist die Verwaltungsgeb\u00fchr f\u00fcr die Beantragung eines Visums f\u00fcr Reisen innerhalb des Vereinigten K\u00f6nigreichs?","og_url":"https:\/\/uk-gb.net\/de\/visumpreis-fur-england\/","og_site_name":"UK GB","article_modified_time":"2025-11-17T16:42:25+00:00","twitter_card":"summary_large_image","twitter_misc":{"Gesch\u00e4tzte Lesezeit":"1\u00a0Minute"},"schema":{"@context":"https:\/\/schema.org","@graph":[{"@type":"WebPage","@id":"https:\/\/uk-gb.net\/de\/visumpreis-fur-england\/","url":"https:\/\/uk-gb.net\/de\/visumpreis-fur-england\/","name":"Preis f\u00fcr ein Visum, um nach England zu reisen - UK GB","isPartOf":{"@id":"https:\/\/uk-gb.net\/de\/#website"},"datePublished":"2023-12-07T16:41:44+00:00","dateModified":"2025-11-17T16:42:25+00:00","description":"Wie hoch ist die Verwaltungsgeb\u00fchr f\u00fcr die Beantragung eines Visums f\u00fcr Reisen innerhalb des Vereinigten K\u00f6nigreichs?","inLanguage":"de","potentialAction":[{"@type":"ReadAction","target":["https:\/\/uk-gb.net\/de\/visumpreis-fur-england\/"]}]},{"@type":"WebSite","@id":"https:\/\/uk-gb.net\/de\/#website","url":"https:\/\/uk-gb.net\/de\/","name":"UK GB","description":"Travel to the UK","potentialAction":[{"@type":"SearchAction","target":{"@type":"EntryPoint","urlTemplate":"https:\/\/uk-gb.net\/de\/?s={search_term_string}"},"query-input":{"@type":"PropertyValueSpecification","valueRequired":true,"valueName":"search_term_string"}}],"inLanguage":"de"}]}},"_links":{"self":[{"href":"https:\/\/uk-gb.net\/de\/wp-json\/wp\/v2\/pages\/804","targetHints":{"allow":["GET"]}}],"collection":[{"href":"https:\/\/uk-gb.net\/de\/wp-json\/wp\/v2\/pages"}],"about":[{"href":"https:\/\/uk-gb.net\/de\/wp-json\/wp\/v2\/types\/page"}],"author":[{"embeddable":true,"href":"https:\/\/uk-gb.net\/de\/wp-json\/wp\/v2\/users\/1"}],"replies":[{"embeddable":true,"href":"https:\/\/uk-gb.net\/de\/wp-json\/wp\/v2\/comments?post=804"}],"version-history":[{"count":0,"href":"https:\/\/uk-gb.net\/de\/wp-json\/wp\/v2\/pages\/804\/revisions"}],"wp:attachment":[{"href":"https:\/\/uk-gb.net\/de\/wp-json\/wp\/v2\/media?parent=804"}],"curies":[{"name":"wp","href":"https:\/\/api.w.org\/{rel}","templated":true}]}}