{"id":779,"date":"2023-12-19T19:58:55","date_gmt":"2023-12-19T19:58:55","guid":{"rendered":"https:\/\/uk-gb.net\/lander-eta-vereinigte-konigreich-beantragen-konnen\/"},"modified":"2025-06-05T16:23:36","modified_gmt":"2025-06-05T15:23:36","slug":"lander-eta-vereinigte-konigreich-beantragen-konnen","status":"publish","type":"page","link":"https:\/\/uk-gb.net\/de\/lander-eta-vereinigte-konigreich-beantragen-konnen\/","title":{"rendered":"L\u00e4nder, die f\u00fcr die ETA f\u00fcr das Vereinigte K\u00f6nigreich in Frage kommen"},"content":{"rendered":"\n<h1 class=\"wp-block-heading\">In welchen L\u00e4ndern k\u00f6nnen Staatsangeh\u00f6rige eine ETA beantragen?<\/h1>\n\n<p>Nachstehend finden Sie eine Liste der L\u00e4nder, deren Staatsangeh\u00f6rige f\u00fcr die ETA in das Vereinigte K\u00f6nigreich einreisen k\u00f6nnen, sowie die wichtigsten Daten f\u00fcr die Umsetzung des Programms:<\/p>\n\n<figure class=\"wp-block-table\"><table><tbody><tr><td><strong>L\u00e4nder, die f\u00fcr die ETA in Frage kommen, und Anwendungsdaten<\/strong><\/td><td><strong>Datum des Beginns der Verpflichtung, eine ETA f\u00fcr Reisen zu besitzen<\/strong><\/td><\/tr><tr><td>Katar<\/td><td>15. November 2023<\/td><\/tr><tr><td>Bahrain, Kuwait, Oman, Saudi-Arabien, Vereinigte Arabische Emirate<\/td><td>22. Februar 2024<\/td><\/tr><tr><td>Antigua und Barbuda, Argentinien, Australien, Bahamas, Barbados, Belize, Botsuana, Brasilien, Brunei, Kanada, Chile, Costa Rica, Grenada, Guatemala, Guyana, Hongkong, Israel, Japan, Kiribati, Macau, Malaysia, Malediven, Marshall-Inseln, Mauritius, Mexiko, F\u00f6derierte Staaten von Mikronesien, Nauru, Neuseeland, Nicaragua, Palau, Panama, Papua-Neuguinea, Paraguay, Peru, Samoa, Seychellen, Singapur, Salomonen, S\u00fcdkorea, St. Kitts und Nevis, St. Lucia, St. Vincent und die Grenadinen, Taiwan, Tonga, Trinidad und Tobago, Tuvalu, Vereinigte Staaten, Uruguay.<\/td><td>8. Januar 2025<\/td><\/tr><tr><td><strong>Europ\u00e4ische L\u00e4nder<\/strong>: Andorra, \u00d6sterreich, Belgien, Bulgarien, Kroatien, Zypern, Tschechien, D\u00e4nemark, Estland, Finnland, Frankreich, Deutschland, Griechenland, Ungarn, Island, Italien, Lettland, Liechtenstein, Litauen, Luxemburg, Malta, Monaco, Niederlande, Norwegen, Polen, Portugal, Rum\u00e4nien, San Marino, Slowakei, Slowenien, Spanien, Schweden, Schweiz, Vatikan, Zypern.<\/td><td>2. April 2025<\/td><\/tr><\/tbody><\/table><figcaption class=\"wp-element-caption\">Liste der L\u00e4nder, die berechtigt sind, eine ETA f\u00fcr Gro\u00dfbritannien zu beantragen<\/figcaption><\/figure>\n\n<p>EU-B\u00fcrger m\u00fcssen daher seit dem 2. April 2025 mit einer britischen ETA reisen. Sie m\u00fcssen <a href=\"https:\/\/uk-gb.net\/de\/online-eta-visumformular-england\/\">eine britische ETA online beantragen<\/a>. <\/p>\n\n<h2 class=\"wp-block-heading\">Befreiungen von der ETA<\/h2>\n\n<p>Die folgenden Personen m\u00fcssen keine ETA beantragen:<\/p>\n\n<ul class=\"wp-block-list\">\n<li>Britische oder irische Staatsb\u00fcrger<\/li>\n\n\n\n<li>Inhaber eines g\u00fcltigen britischen Visums<\/li>\n\n\n\n<li>Dauerhafter oder vor\u00fcbergehender Aufenthalt im Vereinigten K\u00f6nigreich (\u201esettled\u201c oder \u201epre-settled\u201c Status)<\/li>\n\n\n\n<li>Legale Einwohner Irlands, die aus Irland oder den Kanalinseln reisen<\/li>\n\n\n\n<li>Kinder unter 18 Jahren, die an einer organisierten Klassenfahrt teilnehmen (unter bestimmten Bedingungen)<\/li>\n<\/ul>\n","protected":false},"excerpt":{"rendered":"<p>In welchen L\u00e4ndern k\u00f6nnen Staatsangeh\u00f6rige eine ETA beantragen? Nachstehend finden Sie eine Liste der L\u00e4nder, deren Staatsangeh\u00f6rige f\u00fcr die ETA in das Vereinigte K\u00f6nigreich einreisen k\u00f6nnen, sowie die wichtigsten Daten f\u00fcr die Umsetzung des Programms: EU-B\u00fcrger m\u00fcssen daher seit dem 2. April 2025 mit einer britischen ETA reisen. Sie m\u00fcssen eine britische ETA online beantragen. [&hellip;]<\/p>\n","protected":false},"author":1,"featured_media":0,"parent":0,"menu_order":0,"comment_status":"closed","ping_status":"closed","template":"","meta":{"footnotes":""},"class_list":["post-779","page","type-page","status-publish","hentry"],"yoast_head":"<!-- This site is optimized with the Yoast SEO plugin v27.3 - https:\/\/yoast.com\/product\/yoast-seo-wordpress\/ -->\n<title>L\u00e4nder, die f\u00fcr die ETA f\u00fcr das Vereinigte K\u00f6nigreich in Frage kommen - UK GB<\/title>\n<meta name=\"description\" content=\"Hier ist eine Liste der L\u00e4nder, deren Staatsangeh\u00f6rige eine ETA beantragen k\u00f6nnen, um ohne Visum nach Gro\u00dfbritannien zu reisen.\" \/>\n<meta name=\"robots\" content=\"index, follow, max-snippet:-1, max-image-preview:large, max-video-preview:-1\" \/>\n<link rel=\"canonical\" href=\"https:\/\/uk-gb.net\/de\/lander-eta-vereinigte-konigreich-beantragen-konnen\/\" \/>\n<meta property=\"og:locale\" content=\"de_DE\" \/>\n<meta property=\"og:type\" content=\"article\" \/>\n<meta property=\"og:title\" content=\"L\u00e4nder, die f\u00fcr die ETA f\u00fcr das Vereinigte K\u00f6nigreich in Frage kommen - UK GB\" \/>\n<meta property=\"og:description\" content=\"Hier ist eine Liste der L\u00e4nder, deren Staatsangeh\u00f6rige eine ETA beantragen k\u00f6nnen, um ohne Visum nach Gro\u00dfbritannien zu reisen.\" \/>\n<meta property=\"og:url\" content=\"https:\/\/uk-gb.net\/de\/lander-eta-vereinigte-konigreich-beantragen-konnen\/\" \/>\n<meta property=\"og:site_name\" content=\"UK GB\" \/>\n<meta property=\"article:modified_time\" content=\"2025-06-05T15:23:36+00:00\" \/>\n<meta name=\"twitter:card\" content=\"summary_large_image\" \/>\n<meta name=\"twitter:label1\" content=\"Gesch\u00e4tzte Lesezeit\" \/>\n\t<meta name=\"twitter:data1\" content=\"1\u00a0Minute\" \/>\n<script type=\"application\/ld+json\" class=\"yoast-schema-graph\">{\"@context\":\"https:\\\/\\\/schema.org\",\"@graph\":[{\"@type\":\"WebPage\",\"@id\":\"https:\\\/\\\/uk-gb.net\\\/de\\\/lander-eta-vereinigte-konigreich-beantragen-konnen\\\/\",\"url\":\"https:\\\/\\\/uk-gb.net\\\/de\\\/lander-eta-vereinigte-konigreich-beantragen-konnen\\\/\",\"name\":\"L\u00e4nder, die f\u00fcr die ETA f\u00fcr das Vereinigte K\u00f6nigreich in Frage kommen - UK GB\",\"isPartOf\":{\"@id\":\"https:\\\/\\\/uk-gb.net\\\/de\\\/#website\"},\"datePublished\":\"2023-12-19T19:58:55+00:00\",\"dateModified\":\"2025-06-05T15:23:36+00:00\",\"description\":\"Hier ist eine Liste der L\u00e4nder, deren Staatsangeh\u00f6rige eine ETA beantragen k\u00f6nnen, um ohne Visum nach Gro\u00dfbritannien zu reisen.\",\"inLanguage\":\"de\",\"potentialAction\":[{\"@type\":\"ReadAction\",\"target\":[\"https:\\\/\\\/uk-gb.net\\\/de\\\/lander-eta-vereinigte-konigreich-beantragen-konnen\\\/\"]}]},{\"@type\":\"WebSite\",\"@id\":\"https:\\\/\\\/uk-gb.net\\\/de\\\/#website\",\"url\":\"https:\\\/\\\/uk-gb.net\\\/de\\\/\",\"name\":\"UK GB\",\"description\":\"Travel to the UK\",\"potentialAction\":[{\"@type\":\"SearchAction\",\"target\":{\"@type\":\"EntryPoint\",\"urlTemplate\":\"https:\\\/\\\/uk-gb.net\\\/de\\\/?s={search_term_string}\"},\"query-input\":{\"@type\":\"PropertyValueSpecification\",\"valueRequired\":true,\"valueName\":\"search_term_string\"}}],\"inLanguage\":\"de\"}]}<\/script>\n<!-- \/ Yoast SEO plugin. -->","yoast_head_json":{"title":"L\u00e4nder, die f\u00fcr die ETA f\u00fcr das Vereinigte K\u00f6nigreich in Frage kommen - UK GB","description":"Hier ist eine Liste der L\u00e4nder, deren Staatsangeh\u00f6rige eine ETA beantragen k\u00f6nnen, um ohne Visum nach Gro\u00dfbritannien zu reisen.","robots":{"index":"index","follow":"follow","max-snippet":"max-snippet:-1","max-image-preview":"max-image-preview:large","max-video-preview":"max-video-preview:-1"},"canonical":"https:\/\/uk-gb.net\/de\/lander-eta-vereinigte-konigreich-beantragen-konnen\/","og_locale":"de_DE","og_type":"article","og_title":"L\u00e4nder, die f\u00fcr die ETA f\u00fcr das Vereinigte K\u00f6nigreich in Frage kommen - UK GB","og_description":"Hier ist eine Liste der L\u00e4nder, deren Staatsangeh\u00f6rige eine ETA beantragen k\u00f6nnen, um ohne Visum nach Gro\u00dfbritannien zu reisen.","og_url":"https:\/\/uk-gb.net\/de\/lander-eta-vereinigte-konigreich-beantragen-konnen\/","og_site_name":"UK GB","article_modified_time":"2025-06-05T15:23:36+00:00","twitter_card":"summary_large_image","twitter_misc":{"Gesch\u00e4tzte Lesezeit":"1\u00a0Minute"},"schema":{"@context":"https:\/\/schema.org","@graph":[{"@type":"WebPage","@id":"https:\/\/uk-gb.net\/de\/lander-eta-vereinigte-konigreich-beantragen-konnen\/","url":"https:\/\/uk-gb.net\/de\/lander-eta-vereinigte-konigreich-beantragen-konnen\/","name":"L\u00e4nder, die f\u00fcr die ETA f\u00fcr das Vereinigte K\u00f6nigreich in Frage kommen - UK GB","isPartOf":{"@id":"https:\/\/uk-gb.net\/de\/#website"},"datePublished":"2023-12-19T19:58:55+00:00","dateModified":"2025-06-05T15:23:36+00:00","description":"Hier ist eine Liste der L\u00e4nder, deren Staatsangeh\u00f6rige eine ETA beantragen k\u00f6nnen, um ohne Visum nach Gro\u00dfbritannien zu reisen.","inLanguage":"de","potentialAction":[{"@type":"ReadAction","target":["https:\/\/uk-gb.net\/de\/lander-eta-vereinigte-konigreich-beantragen-konnen\/"]}]},{"@type":"WebSite","@id":"https:\/\/uk-gb.net\/de\/#website","url":"https:\/\/uk-gb.net\/de\/","name":"UK GB","description":"Travel to the UK","potentialAction":[{"@type":"SearchAction","target":{"@type":"EntryPoint","urlTemplate":"https:\/\/uk-gb.net\/de\/?s={search_term_string}"},"query-input":{"@type":"PropertyValueSpecification","valueRequired":true,"valueName":"search_term_string"}}],"inLanguage":"de"}]}},"_links":{"self":[{"href":"https:\/\/uk-gb.net\/de\/wp-json\/wp\/v2\/pages\/779","targetHints":{"allow":["GET"]}}],"collection":[{"href":"https:\/\/uk-gb.net\/de\/wp-json\/wp\/v2\/pages"}],"about":[{"href":"https:\/\/uk-gb.net\/de\/wp-json\/wp\/v2\/types\/page"}],"author":[{"embeddable":true,"href":"https:\/\/uk-gb.net\/de\/wp-json\/wp\/v2\/users\/1"}],"replies":[{"embeddable":true,"href":"https:\/\/uk-gb.net\/de\/wp-json\/wp\/v2\/comments?post=779"}],"version-history":[{"count":0,"href":"https:\/\/uk-gb.net\/de\/wp-json\/wp\/v2\/pages\/779\/revisions"}],"wp:attachment":[{"href":"https:\/\/uk-gb.net\/de\/wp-json\/wp\/v2\/media?parent=779"}],"curies":[{"name":"wp","href":"https:\/\/api.w.org\/{rel}","templated":true}]}}