{"id":766,"date":"2023-12-07T14:55:09","date_gmt":"2023-12-07T14:55:09","guid":{"rendered":"https:\/\/uk-gb.net\/verschiedene-arten-von-britischen-visa\/"},"modified":"2026-01-05T20:06:58","modified_gmt":"2026-01-05T20:06:58","slug":"verschiedene-arten-von-britischen-visa","status":"publish","type":"page","link":"https:\/\/uk-gb.net\/de\/verschiedene-arten-von-britischen-visa\/","title":{"rendered":"Die verschiedenen Visa f\u00fcr Reisen in das Vereinigte K\u00f6nigreich"},"content":{"rendered":"\n<h1 class=\"wp-block-heading\">Die wichtigsten Visa f\u00fcr das Vereinigte K\u00f6nigreich<\/h1>\n\n<p>Das Vereinigte K\u00f6nigreich bietet verschiedene Arten von Visa f\u00fcr unterschiedliche Reiseprofile an: Touristen auf der Durchreise, Studenten, Berufst\u00e4tige oder Familienmitglieder, die einen Angeh\u00f6rigen nachholen. Jedes Visum unterliegt bestimmten Bedingungen und erlaubt einen k\u00fcrzeren oder l\u00e4ngeren Aufenthalt im Vereinigten K\u00f6nigreich. <\/p>\n\n<p>Hier ist ein \u00dcberblick \u00fcber die <strong>wichtigsten Visa, die vom Vereinigten K\u00f6nigreich ausgestellt werden<\/strong>:<\/p>\n\n<ul class=\"wp-block-list\">\n<li><strong>Transitvisum<\/strong>: f\u00fcr Reisende, die einen Zwischenstopp einlegen oder den Flughafen wechseln.<\/li>\n\n\n\n<li><strong>Familienvisum<\/strong>: f\u00fcr den Nachzug zu einem Ehepartner, Kind oder Elternteil, der im Vereinigten K\u00f6nigreich lebt.<\/li>\n\n\n\n<li><strong>Studentenvisum<\/strong>: zur Aufnahme eines Hochschulstudiums an einer britischen Hochschule.<\/li>\n\n\n\n<li><strong>Gesch\u00e4ftsvisum<\/strong>: f\u00fcr die Teilnahme an Sitzungen, Konferenzen oder gesch\u00e4ftlichen Veranstaltungen.<\/li>\n<\/ul>\n\n<div style=\"height:10px\" aria-hidden=\"true\" class=\"wp-block-spacer\"><\/div>\n\n<p>Seit 2024 hat das Vereinigte K\u00f6nigreich eine elektronische Reisegenehmigung (ETA) f\u00fcr Staatsangeh\u00f6rige bestimmter L\u00e4nder, die von der Visumpflicht befreit sind, eingef\u00fchrt.<\/p>\n\n<p><strong>Um einen ETA Online-Antrag zu stellen<\/strong>, f\u00fcllen Sie einfach das <a href=\"https:\/\/uk-gb.net\/de\/online-eta-visumformular-england\/\">ETA Online-Formular<\/a> aus.<\/p>\n\n<div style=\"height:10px\" aria-hidden=\"true\" class=\"wp-block-spacer\"><\/div>\n\n<h2 class=\"wp-block-heading\">Ben\u00f6tigt man ein Visum f\u00fcr die Durchreise durch Gro\u00dfbritannien?<\/h2>\n\n<p>Das <a href=\"https:\/\/uk-gb.net\/de\/transitvisum-einen-zwischenstopp-england\/\">Visum f\u00fcr Transitbesucher<\/a> ist f\u00fcr Reisende erforderlich, die bei einem Wechsel des Terminals oder Flughafens die Grenzkontrolle passieren m\u00fcssen. Er erm\u00f6glicht auch einen <strong>l\u00e4ngeren Zwischenstopp<\/strong> und ein vor\u00fcbergehendes Verlassen des Flughafens, bevor der Flug zu einem anderen Zielort fortgesetzt wird.<\/p>\n\n<h2 class=\"wp-block-heading\">Studieren in Gro\u00dfbritannien: Welches Visum ben\u00f6tigen Sie?<\/h2>\n\n<p>Wenn Sie einen Langzeitstudiengang im Vereinigten K\u00f6nigreich absolvieren m\u00f6chten, m\u00fcssen Sie ein <a href=\"https:\/\/uk-gb.net\/de\/studentenvisum-fur-england\/\">Studentenvisum<\/a> beantragen. Um es zu erhalten, m\u00fcssen Sie in der Regel :<\/p>\n\n<ul class=\"wp-block-list\">\n<li>Legen Sie einen <strong>Sponsorenbrief (CAS)<\/strong> vor, der von der Universit\u00e4t oder der Schule ausgestellt wurde.<\/li>\n\n\n\n<li>Nachweis <strong>ausreichender Englischkenntnisse<\/strong> (anerkannter Test erforderlich).<\/li>\n\n\n\n<li><strong>Nachweis finanzieller Mittel<\/strong> zur Deckung der Schul- und Lebenshaltungskosten vor Ort.<\/li>\n<\/ul>\n\n<div style=\"height:10px\" aria-hidden=\"true\" class=\"wp-block-spacer\"><\/div>\n\n<h2 class=\"wp-block-heading\">Nachzug eines Familienmitglieds: Familienvisum<\/h2>\n\n<p>Das <a href=\"https:\/\/uk-gb.net\/de\/familienvisum-fur-england\/\">UK-Familienvisum<\/a> berechtigt Sie, sich f\u00fcr einen Zeitraum von mehr als sechs Monaten im Vereinigten K\u00f6nigreich aufzuhalten, wenn Sie mit einem nahen Verwandten zusammenleben: Ehepartner, Kind, Eltern oder einem anderen Familienmitglied. Dieses Visum unterliegt den Kriterien der famili\u00e4ren Bindung, des Einkommens und manchmal des Wohnraums. Es gibt auch ein <a href=\"https:\/\/uk-gb.net\/de\/kindervisum-fur-england\/\">Kindervisum f\u00fcr das Vereinigte K\u00f6nigreich<\/a>.  <\/p>\n\n<h2 class=\"wp-block-heading\">Gesch\u00e4ftsaufenthalt: Wann sollte ein Gesch\u00e4ftsvisum beantragt werden?<\/h2>\n\n<p>Das <a href=\"https:\/\/uk-gb.net\/de\/geschaftsvisum-fur-england-vereinigtes-konigreich\/\">Gesch\u00e4ftsvisum<\/a> ist f\u00fcr ausl\u00e4ndische Gesch\u00e4ftsleute gedacht, die in das Vereinigte K\u00f6nigreich reisen, um <strong>einmalige Aktivit\u00e4ten durchzuf\u00fchren, die vor Ort nicht verg\u00fctet<\/strong> werden, wie z.B. :<\/p>\n\n<ul class=\"wp-block-list\">\n<li>An einer Sitzung oder Konferenz teilnehmen<\/li>\n\n\n\n<li>Einen Vertrag aushandeln<\/li>\n\n\n\n<li>Forschung betreiben oder ein akademisches Projekt vorlegen<\/li>\n<\/ul>\n\n<div style=\"height:10px\" aria-hidden=\"true\" class=\"wp-block-spacer\"><\/div>\n\n<p>Dieses Visum <strong>berechtigt nicht dazu, f\u00fcr ein britisches Unternehmen zu arbeiten<\/strong> oder sich dauerhaft im Vereinigten K\u00f6nigreich niederzulassen.<\/p>\n","protected":false},"excerpt":{"rendered":"<p>Die wichtigsten Visa f\u00fcr das Vereinigte K\u00f6nigreich Das Vereinigte K\u00f6nigreich bietet verschiedene Arten von Visa f\u00fcr unterschiedliche Reiseprofile an: Touristen auf der Durchreise, Studenten, Berufst\u00e4tige oder Familienmitglieder, die einen Angeh\u00f6rigen nachholen. Jedes Visum unterliegt bestimmten Bedingungen und erlaubt einen k\u00fcrzeren oder l\u00e4ngeren Aufenthalt im Vereinigten K\u00f6nigreich. Hier ist ein \u00dcberblick \u00fcber die wichtigsten Visa, die [&hellip;]<\/p>\n","protected":false},"author":1,"featured_media":0,"parent":0,"menu_order":0,"comment_status":"closed","ping_status":"closed","template":"","meta":{"footnotes":""},"class_list":["post-766","page","type-page","status-publish","hentry"],"yoast_head":"<!-- This site is optimized with the Yoast SEO plugin v27.4 - https:\/\/yoast.com\/product\/yoast-seo-wordpress\/ -->\n<title>Die verschiedenen Visa f\u00fcr Reisen in das Vereinigte K\u00f6nigreich - UK GB<\/title>\n<meta name=\"description\" content=\"Welche Visa gibt es f\u00fcr ausl\u00e4ndische Reisende, die in das Vereinigte K\u00f6nigreich reisen m\u00f6chten?\" \/>\n<meta name=\"robots\" content=\"index, follow, max-snippet:-1, max-image-preview:large, max-video-preview:-1\" \/>\n<link rel=\"canonical\" href=\"https:\/\/uk-gb.net\/de\/verschiedene-arten-von-britischen-visa\/\" \/>\n<meta property=\"og:locale\" content=\"de_DE\" \/>\n<meta property=\"og:type\" content=\"article\" \/>\n<meta property=\"og:title\" content=\"Die verschiedenen Visa f\u00fcr Reisen in das Vereinigte K\u00f6nigreich - UK GB\" \/>\n<meta property=\"og:description\" content=\"Welche Visa gibt es f\u00fcr ausl\u00e4ndische Reisende, die in das Vereinigte K\u00f6nigreich reisen m\u00f6chten?\" \/>\n<meta property=\"og:url\" content=\"https:\/\/uk-gb.net\/de\/verschiedene-arten-von-britischen-visa\/\" \/>\n<meta property=\"og:site_name\" content=\"UK GB\" \/>\n<meta property=\"article:modified_time\" content=\"2026-01-05T20:06:58+00:00\" \/>\n<meta name=\"twitter:card\" content=\"summary_large_image\" \/>\n<meta name=\"twitter:label1\" content=\"Gesch\u00e4tzte Lesezeit\" \/>\n\t<meta name=\"twitter:data1\" content=\"2\u00a0Minuten\" \/>\n<script type=\"application\/ld+json\" class=\"yoast-schema-graph\">{\"@context\":\"https:\\\/\\\/schema.org\",\"@graph\":[{\"@type\":\"WebPage\",\"@id\":\"https:\\\/\\\/uk-gb.net\\\/de\\\/verschiedene-arten-von-britischen-visa\\\/\",\"url\":\"https:\\\/\\\/uk-gb.net\\\/de\\\/verschiedene-arten-von-britischen-visa\\\/\",\"name\":\"Die verschiedenen Visa f\u00fcr Reisen in das Vereinigte K\u00f6nigreich - UK GB\",\"isPartOf\":{\"@id\":\"https:\\\/\\\/uk-gb.net\\\/de\\\/#website\"},\"datePublished\":\"2023-12-07T14:55:09+00:00\",\"dateModified\":\"2026-01-05T20:06:58+00:00\",\"description\":\"Welche Visa gibt es f\u00fcr ausl\u00e4ndische Reisende, die in das Vereinigte K\u00f6nigreich reisen m\u00f6chten?\",\"inLanguage\":\"de\",\"potentialAction\":[{\"@type\":\"ReadAction\",\"target\":[\"https:\\\/\\\/uk-gb.net\\\/de\\\/verschiedene-arten-von-britischen-visa\\\/\"]}]},{\"@type\":\"WebSite\",\"@id\":\"https:\\\/\\\/uk-gb.net\\\/de\\\/#website\",\"url\":\"https:\\\/\\\/uk-gb.net\\\/de\\\/\",\"name\":\"UK GB\",\"description\":\"Travel to the UK\",\"potentialAction\":[{\"@type\":\"SearchAction\",\"target\":{\"@type\":\"EntryPoint\",\"urlTemplate\":\"https:\\\/\\\/uk-gb.net\\\/de\\\/?s={search_term_string}\"},\"query-input\":{\"@type\":\"PropertyValueSpecification\",\"valueRequired\":true,\"valueName\":\"search_term_string\"}}],\"inLanguage\":\"de\"}]}<\/script>\n<!-- \/ Yoast SEO plugin. -->","yoast_head_json":{"title":"Die verschiedenen Visa f\u00fcr Reisen in das Vereinigte K\u00f6nigreich - UK GB","description":"Welche Visa gibt es f\u00fcr ausl\u00e4ndische Reisende, die in das Vereinigte K\u00f6nigreich reisen m\u00f6chten?","robots":{"index":"index","follow":"follow","max-snippet":"max-snippet:-1","max-image-preview":"max-image-preview:large","max-video-preview":"max-video-preview:-1"},"canonical":"https:\/\/uk-gb.net\/de\/verschiedene-arten-von-britischen-visa\/","og_locale":"de_DE","og_type":"article","og_title":"Die verschiedenen Visa f\u00fcr Reisen in das Vereinigte K\u00f6nigreich - UK GB","og_description":"Welche Visa gibt es f\u00fcr ausl\u00e4ndische Reisende, die in das Vereinigte K\u00f6nigreich reisen m\u00f6chten?","og_url":"https:\/\/uk-gb.net\/de\/verschiedene-arten-von-britischen-visa\/","og_site_name":"UK GB","article_modified_time":"2026-01-05T20:06:58+00:00","twitter_card":"summary_large_image","twitter_misc":{"Gesch\u00e4tzte Lesezeit":"2\u00a0Minuten"},"schema":{"@context":"https:\/\/schema.org","@graph":[{"@type":"WebPage","@id":"https:\/\/uk-gb.net\/de\/verschiedene-arten-von-britischen-visa\/","url":"https:\/\/uk-gb.net\/de\/verschiedene-arten-von-britischen-visa\/","name":"Die verschiedenen Visa f\u00fcr Reisen in das Vereinigte K\u00f6nigreich - UK GB","isPartOf":{"@id":"https:\/\/uk-gb.net\/de\/#website"},"datePublished":"2023-12-07T14:55:09+00:00","dateModified":"2026-01-05T20:06:58+00:00","description":"Welche Visa gibt es f\u00fcr ausl\u00e4ndische Reisende, die in das Vereinigte K\u00f6nigreich reisen m\u00f6chten?","inLanguage":"de","potentialAction":[{"@type":"ReadAction","target":["https:\/\/uk-gb.net\/de\/verschiedene-arten-von-britischen-visa\/"]}]},{"@type":"WebSite","@id":"https:\/\/uk-gb.net\/de\/#website","url":"https:\/\/uk-gb.net\/de\/","name":"UK GB","description":"Travel to the UK","potentialAction":[{"@type":"SearchAction","target":{"@type":"EntryPoint","urlTemplate":"https:\/\/uk-gb.net\/de\/?s={search_term_string}"},"query-input":{"@type":"PropertyValueSpecification","valueRequired":true,"valueName":"search_term_string"}}],"inLanguage":"de"}]}},"_links":{"self":[{"href":"https:\/\/uk-gb.net\/de\/wp-json\/wp\/v2\/pages\/766","targetHints":{"allow":["GET"]}}],"collection":[{"href":"https:\/\/uk-gb.net\/de\/wp-json\/wp\/v2\/pages"}],"about":[{"href":"https:\/\/uk-gb.net\/de\/wp-json\/wp\/v2\/types\/page"}],"author":[{"embeddable":true,"href":"https:\/\/uk-gb.net\/de\/wp-json\/wp\/v2\/users\/1"}],"replies":[{"embeddable":true,"href":"https:\/\/uk-gb.net\/de\/wp-json\/wp\/v2\/comments?post=766"}],"version-history":[{"count":0,"href":"https:\/\/uk-gb.net\/de\/wp-json\/wp\/v2\/pages\/766\/revisions"}],"wp:attachment":[{"href":"https:\/\/uk-gb.net\/de\/wp-json\/wp\/v2\/media?parent=766"}],"curies":[{"name":"wp","href":"https:\/\/api.w.org\/{rel}","templated":true}]}}