{"id":758,"date":"2023-12-07T16:45:33","date_gmt":"2023-12-07T16:45:33","guid":{"rendered":"https:\/\/uk-gb.net\/britische-botschaft-in-deutschland\/"},"modified":"2025-07-17T13:48:20","modified_gmt":"2025-07-17T12:48:20","slug":"britische-botschaft-in-deutschland","status":"publish","type":"page","link":"https:\/\/uk-gb.net\/de\/britische-botschaft-in-deutschland\/","title":{"rendered":"Botschaft des Vereinigten K\u00f6nigreichs in Deutschland"},"content":{"rendered":"\n<h1 class=\"wp-block-heading\">Was ist die Botschaft des Vereinigten K\u00f6nigreichs?<\/h1>\n\n<p>Die Botschaften des Vereinigten K\u00f6nigreichs, die in den meisten L\u00e4ndern vertreten sind, sind die offizielle Vertretung der britischen Interessen im Ausland. Ihre Hauptaufgabe besteht darin, britische Staatsb\u00fcrger au\u00dferhalb des Landes zu sch\u00fctzen und gleichzeitig die diplomatischen, wirtschaftlichen und kulturellen Priorit\u00e4ten des Vereinigten K\u00f6nigreichs zu vertreten. Sie bieten auch konsularische Unterst\u00fctzung f\u00fcr B\u00fcrger, die ins Ausland reisen oder sich dort aufhalten.  <\/p>\n\n<p>Im Bereich der Mobilit\u00e4t spielen diese Vertretungen eine zentrale Rolle bei der Bearbeitung von <a href=\"https:\/\/uk-gb.net\/de\/antragsverfahren-visum-vereinigte-konigreich\/\">Visaantr\u00e4gen<\/a> f\u00fcr Personen, die in das Vereinigte K\u00f6nigreich reisen m\u00f6chten. Seit 2024 m\u00fcssen Staatsangeh\u00f6rige bestimmter <a href=\"https:\/\/uk-gb.net\/de\/lander-eta-vereinigte-konigreich-beantragen-konnen\/\">L\u00e4nder, die am Programm f\u00fcr visumfreies<\/a> Reisen teilnehmen, f\u00fcr Kurzaufenthalte kein <a href=\"https:\/\/uk-gb.net\/de\/touristenvisum-england-vereinigtes-koenigreich\/\">Touristenvisum<\/a> mehr beantragen. <\/p>\n\n<p><strong>Es ist m\u00f6glich,<\/strong> eine <a href=\"https:\/\/uk-gb.net\/de\/eta-england-vereinigtes-konigreich\/\">eTA f\u00fcr das Vereinigte K\u00f6nigreich<\/a> f\u00fcr einen touristischen Aufenthalt von weniger als 6 Monaten <strong>online zu beantragen<\/strong>.<\/p>\n\n<div style=\"height:10px\" aria-hidden=\"true\" class=\"wp-block-spacer\"><\/div>\n\n<h2 class=\"wp-block-heading\">Wo befindet sich die Botschaft des Vereinigten K\u00f6nigreichs?<\/h2>\n\n<p>Um die n\u00e4chstgelegene britische Botschaft oder das n\u00e4chstgelegene britische Konsulat zu finden, k\u00f6nnen Sie <a href=\"https:\/\/www.gov.uk\/world\/embassies\">diese Seite aufrufen, auf der<\/a> alle diplomatischen Vertretungen des Vereinigten K\u00f6nigreichs in der ganzen Welt aufgelistet sind.<\/p>\n\n<p><strong>Die Botschaft des Vereinigten K\u00f6nigreichs in Deutschland befindet sich in Wilhelmstra\u00dfe 70\/71<br\/>10117 Berlin. <\/strong><\/p>\n\n<h2 class=\"wp-block-heading\">Wie kann ich einen Termin in einer britischen Botschaft vereinbaren?<\/h2>\n\n<p>Bei der Beantragung eines Visums f\u00fcr das Vereinigte K\u00f6nigreich muss der Antragsteller in der Regel ein Interview mit den konsularischen Diensten f\u00fchren. Um diesen Termin zu buchen, muss er auf die offizielle Website der britischen Regierung (gov.uk) gehen und einen Termin f\u00fcr <a href=\"https:\/\/uk-gb.net\/de\/visumtermin-bei-der-botschaft-england\/\">das Gespr\u00e4ch bei der entsprechenden Botschaft<\/a> oder Visumantragsstelle ausw\u00e4hlen. <\/p>\n\n<p>Sobald der Termin best\u00e4tigt ist, kann eine offizielle Einladung heruntergeladen werden. Dieses Dokument muss ausgedruckt und zusammen mit allen erforderlichen Unterlagen zum Gespr\u00e4ch vorgelegt werden. <\/p>\n","protected":false},"excerpt":{"rendered":"<p>Was ist die Botschaft des Vereinigten K\u00f6nigreichs? Die Botschaften des Vereinigten K\u00f6nigreichs, die in den meisten L\u00e4ndern vertreten sind, sind die offizielle Vertretung der britischen Interessen im Ausland. Ihre Hauptaufgabe besteht darin, britische Staatsb\u00fcrger au\u00dferhalb des Landes zu sch\u00fctzen und gleichzeitig die diplomatischen, wirtschaftlichen und kulturellen Priorit\u00e4ten des Vereinigten K\u00f6nigreichs zu vertreten. Sie bieten auch [&hellip;]<\/p>\n","protected":false},"author":1,"featured_media":0,"parent":0,"menu_order":0,"comment_status":"closed","ping_status":"closed","template":"","meta":{"footnotes":""},"class_list":["post-758","page","type-page","status-publish","hentry"],"yoast_head":"<!-- This site is optimized with the Yoast SEO plugin v27.3 - https:\/\/yoast.com\/product\/yoast-seo-wordpress\/ -->\n<title>Botschaft des Vereinigten K\u00f6nigreichs in Deutschland - UK GB<\/title>\n<meta name=\"description\" content=\"Kontaktieren Sie die britische Botschaft oder das repr\u00e4sentative englische Konsulat in Ihrem Wohnsitzland.\" \/>\n<meta name=\"robots\" content=\"index, follow, max-snippet:-1, max-image-preview:large, max-video-preview:-1\" \/>\n<link rel=\"canonical\" href=\"https:\/\/uk-gb.net\/de\/britische-botschaft-in-deutschland\/\" \/>\n<meta property=\"og:locale\" content=\"de_DE\" \/>\n<meta property=\"og:type\" content=\"article\" \/>\n<meta property=\"og:title\" content=\"Botschaft des Vereinigten K\u00f6nigreichs in Deutschland - UK GB\" \/>\n<meta property=\"og:description\" content=\"Kontaktieren Sie die britische Botschaft oder das repr\u00e4sentative englische Konsulat in Ihrem Wohnsitzland.\" \/>\n<meta property=\"og:url\" content=\"https:\/\/uk-gb.net\/de\/britische-botschaft-in-deutschland\/\" \/>\n<meta property=\"og:site_name\" content=\"UK GB\" \/>\n<meta property=\"article:modified_time\" content=\"2025-07-17T12:48:20+00:00\" \/>\n<meta name=\"twitter:card\" content=\"summary_large_image\" \/>\n<meta name=\"twitter:label1\" content=\"Gesch\u00e4tzte Lesezeit\" \/>\n\t<meta name=\"twitter:data1\" content=\"2\u00a0Minuten\" \/>\n<script type=\"application\/ld+json\" class=\"yoast-schema-graph\">{\"@context\":\"https:\\\/\\\/schema.org\",\"@graph\":[{\"@type\":\"WebPage\",\"@id\":\"https:\\\/\\\/uk-gb.net\\\/de\\\/britische-botschaft-in-deutschland\\\/\",\"url\":\"https:\\\/\\\/uk-gb.net\\\/de\\\/britische-botschaft-in-deutschland\\\/\",\"name\":\"Botschaft des Vereinigten K\u00f6nigreichs in Deutschland - UK GB\",\"isPartOf\":{\"@id\":\"https:\\\/\\\/uk-gb.net\\\/de\\\/#website\"},\"datePublished\":\"2023-12-07T16:45:33+00:00\",\"dateModified\":\"2025-07-17T12:48:20+00:00\",\"description\":\"Kontaktieren Sie die britische Botschaft oder das repr\u00e4sentative englische Konsulat in Ihrem Wohnsitzland.\",\"inLanguage\":\"de\",\"potentialAction\":[{\"@type\":\"ReadAction\",\"target\":[\"https:\\\/\\\/uk-gb.net\\\/de\\\/britische-botschaft-in-deutschland\\\/\"]}]},{\"@type\":\"WebSite\",\"@id\":\"https:\\\/\\\/uk-gb.net\\\/de\\\/#website\",\"url\":\"https:\\\/\\\/uk-gb.net\\\/de\\\/\",\"name\":\"UK GB\",\"description\":\"Travel to the UK\",\"potentialAction\":[{\"@type\":\"SearchAction\",\"target\":{\"@type\":\"EntryPoint\",\"urlTemplate\":\"https:\\\/\\\/uk-gb.net\\\/de\\\/?s={search_term_string}\"},\"query-input\":{\"@type\":\"PropertyValueSpecification\",\"valueRequired\":true,\"valueName\":\"search_term_string\"}}],\"inLanguage\":\"de\"}]}<\/script>\n<!-- \/ Yoast SEO plugin. -->","yoast_head_json":{"title":"Botschaft des Vereinigten K\u00f6nigreichs in Deutschland - UK GB","description":"Kontaktieren Sie die britische Botschaft oder das repr\u00e4sentative englische Konsulat in Ihrem Wohnsitzland.","robots":{"index":"index","follow":"follow","max-snippet":"max-snippet:-1","max-image-preview":"max-image-preview:large","max-video-preview":"max-video-preview:-1"},"canonical":"https:\/\/uk-gb.net\/de\/britische-botschaft-in-deutschland\/","og_locale":"de_DE","og_type":"article","og_title":"Botschaft des Vereinigten K\u00f6nigreichs in Deutschland - UK GB","og_description":"Kontaktieren Sie die britische Botschaft oder das repr\u00e4sentative englische Konsulat in Ihrem Wohnsitzland.","og_url":"https:\/\/uk-gb.net\/de\/britische-botschaft-in-deutschland\/","og_site_name":"UK GB","article_modified_time":"2025-07-17T12:48:20+00:00","twitter_card":"summary_large_image","twitter_misc":{"Gesch\u00e4tzte Lesezeit":"2\u00a0Minuten"},"schema":{"@context":"https:\/\/schema.org","@graph":[{"@type":"WebPage","@id":"https:\/\/uk-gb.net\/de\/britische-botschaft-in-deutschland\/","url":"https:\/\/uk-gb.net\/de\/britische-botschaft-in-deutschland\/","name":"Botschaft des Vereinigten K\u00f6nigreichs in Deutschland - UK GB","isPartOf":{"@id":"https:\/\/uk-gb.net\/de\/#website"},"datePublished":"2023-12-07T16:45:33+00:00","dateModified":"2025-07-17T12:48:20+00:00","description":"Kontaktieren Sie die britische Botschaft oder das repr\u00e4sentative englische Konsulat in Ihrem Wohnsitzland.","inLanguage":"de","potentialAction":[{"@type":"ReadAction","target":["https:\/\/uk-gb.net\/de\/britische-botschaft-in-deutschland\/"]}]},{"@type":"WebSite","@id":"https:\/\/uk-gb.net\/de\/#website","url":"https:\/\/uk-gb.net\/de\/","name":"UK GB","description":"Travel to the UK","potentialAction":[{"@type":"SearchAction","target":{"@type":"EntryPoint","urlTemplate":"https:\/\/uk-gb.net\/de\/?s={search_term_string}"},"query-input":{"@type":"PropertyValueSpecification","valueRequired":true,"valueName":"search_term_string"}}],"inLanguage":"de"}]}},"_links":{"self":[{"href":"https:\/\/uk-gb.net\/de\/wp-json\/wp\/v2\/pages\/758","targetHints":{"allow":["GET"]}}],"collection":[{"href":"https:\/\/uk-gb.net\/de\/wp-json\/wp\/v2\/pages"}],"about":[{"href":"https:\/\/uk-gb.net\/de\/wp-json\/wp\/v2\/types\/page"}],"author":[{"embeddable":true,"href":"https:\/\/uk-gb.net\/de\/wp-json\/wp\/v2\/users\/1"}],"replies":[{"embeddable":true,"href":"https:\/\/uk-gb.net\/de\/wp-json\/wp\/v2\/comments?post=758"}],"version-history":[{"count":0,"href":"https:\/\/uk-gb.net\/de\/wp-json\/wp\/v2\/pages\/758\/revisions"}],"wp:attachment":[{"href":"https:\/\/uk-gb.net\/de\/wp-json\/wp\/v2\/media?parent=758"}],"curies":[{"name":"wp","href":"https:\/\/api.w.org\/{rel}","templated":true}]}}