{"id":751,"date":"2023-12-19T16:07:33","date_gmt":"2023-12-19T16:07:33","guid":{"rendered":"https:\/\/uk-gb.net\/iphone-app-eta-england-visum\/"},"modified":"2025-11-13T16:26:00","modified_gmt":"2025-11-13T16:26:00","slug":"iphone-app-eta-england-visum","status":"publish","type":"page","link":"https:\/\/uk-gb.net\/de\/iphone-app-eta-england-visum\/","title":{"rendered":"Offizielle Anwendung UK ETA"},"content":{"rendered":"\n<h1 class=\"wp-block-heading\">ETA-Anwendung Gro\u00dfbritannien<\/h1>\n\n<p>Das Vereinigte K\u00f6nigreich hat eine mobile Anwendung f\u00fcr die Verwaltung von <a href=\"https:\/\/uk-gb.net\/de\/eta-england-vereinigtes-konigreich\/\">eTA-Antr\u00e4gen f\u00fcr das Vereinigte K\u00f6nigreich<\/a> ver\u00f6ffentlicht. Diese digitale Anwendung bietet eine praktische und effiziente L\u00f6sung f\u00fcr Reisende aus <a href=\"https:\/\/uk-gb.net\/de\/lander-eta-vereinigte-konigreich-beantragen-konnen\/\">L\u00e4ndern, die f\u00fcr eine eTA f\u00fcr das Vereinigte K\u00f6nigreich in Frage kommen<\/a>.<\/p>\n\n<p><strong>Um diese Reisegenehmigung in wenigen Minuten zu erhalten<\/strong>, m\u00fcssen Sie das <a href=\"https:\/\/uk-gb.net\/de\/online-eta-visumformular-england\/\">ETA-Formular online<\/a> ausf\u00fcllen.<\/p>\n\n<h2 class=\"wp-block-heading\">Was ist die UK ETA-Anwendung?<\/h2>\n\n<p>Die Anwendung wurde von der britischen Regierung eingerichtet, um die Beantragung einer ETA f\u00fcr die Einreise in das Vereinigte K\u00f6nigreich zu erleichtern. Sie richtet sich an <a href=\"https:\/\/uk-gb.net\/de\/lander-eta-vereinigte-konigreich-beantragen-konnen\/\">Reisende, die f\u00fcr die Visumbefreiung<\/a> in Frage kommen und einen kurzfristigen Aufenthalt im Vereinigten K\u00f6nigreich planen. Die Anwendung ist einfach zu bedienen und zu 100 % mobil und wurde 2024 in Betrieb genommen.  <\/p>\n\n<h2 class=\"wp-block-heading\">Wie funktioniert die Anwendung UK ETA?<\/h2>\n\n<p>Die Anwendung kann kostenlos von den Stores f\u00fcr Android und iOS heruntergeladen werden. Sie erm\u00f6glicht die Einreichung eines Antrags auf Reisegenehmigung in wenigen Minuten. Der Reisende muss :  <\/p>\n\n<ul class=\"wp-block-list\">\n<li>Ausf\u00fcllen der pers\u00f6nlichen Daten und der Passinformationen<\/li>\n\n\n\n<li>Beantwortung eines kurzen Sicherheitsfragebogens<\/li>\n\n\n\n<li>Sichere Zahlung der ETA-Geb\u00fchren<\/li>\n<\/ul>\n\n<div style=\"height:10px\" aria-hidden=\"true\" class=\"wp-block-spacer\"><\/div>\n\n<p>Nach der Best\u00e4tigung des Antrags wird die ETA in der Regel <strong>innerhalb von drei Arbeitstagen ausgestellt<\/strong> und elektronisch mit dem Reisepass des Reisenden verkn\u00fcpft. Es sind keine Papierdokumente erforderlich. <\/p>\n\n<h2 class=\"wp-block-heading\">Welche Vorteile bietet die Anwendung von UK ETA?<\/h2>\n\n<p>Die Anwendung UK ETA bietet einen schnellen, intuitiven und vollst\u00e4ndig papierlosen Prozess. Sie vermeidet die langwierigen Verfahren f\u00fcr ein <a href=\"https:\/\/uk-gb.net\/de\/touristenvisum-england-vereinigtes-koenigreich\/\">englisches Visum f\u00fcr touristische Aufenthalte<\/a>.  <\/p>\n\n<p>Reisende k\u00f6nnen den Status ihres Antrags in Echtzeit verfolgen, Benachrichtigungen erhalten und einen digitalen Nachweis \u00fcber ihre Reisegenehmigung f\u00fchren. Es verk\u00fcrzt die Wartezeiten erheblich und vereinfacht die <a href=\"https:\/\/uk-gb.net\/de\/visum-vereinigtes-konigreich\/\">Einreiseformalit\u00e4ten in das Vereinigte K\u00f6nigreich<\/a>. <\/p>\n\n<h2 class=\"wp-block-heading\">Gibt es eine Online-Kundenbetreuung?<\/h2>\n\n<p>Die Anwendung bietet Online-Unterst\u00fctzung, um den Nutzern bei jedem Schritt des Prozesses zu helfen. Eine integrierte FAQ beantwortet die h\u00e4ufigsten Fragen und ein Chatbot ist verf\u00fcgbar, um sofortige Antworten in Echtzeit zu liefern. <\/p>\n\n<p>Diese Funktionen machen die eTA-Anwendung zu einem wichtigen Werkzeug f\u00fcr Reisende, das den Antragsprozess vereinfacht und eine sichere und effiziente Benutzererfahrung bietet. Dies ist viel einfacher als die <a href=\"https:\/\/uk-gb.net\/de\/antragsverfahren-visum-vereinigte-konigreich\/\">Beantragung eines Visums f\u00fcr das Vereinigte K\u00f6nigreich<\/a>. <\/p>\n\n<h2 class=\"wp-block-heading\">UK eTA App im Apple App Store<\/h2>\n\n<p>Dies ist die offizielle Anwendung der britischen Regierung, die es Reisenden erm\u00f6glicht, einen eTA-Antrag auf ihrem Handy zu stellen.<\/p>\n\n<figure class=\"wp-block-image size-full\"><img fetchpriority=\"high\" decoding=\"async\" width=\"486\" height=\"822\" src=\"https:\/\/uk-gb.net\/wp-content\/uploads\/2024\/05\/uk-esta-app.jpg\" alt=\"Iphone-Anwendung eTA UK\" class=\"wp-image-2351\" srcset=\"https:\/\/uk-gb.net\/wp-content\/uploads\/2024\/05\/uk-esta-app.jpg 486w, https:\/\/uk-gb.net\/wp-content\/uploads\/2024\/05\/uk-esta-app-177x300.jpg 177w\" sizes=\"(max-width: 486px) 100vw, 486px\" \/><figcaption class=\"wp-element-caption\">Bild der IPhone-Anwendung im App Store, um einen eTA UK-Antrag zu stellen<\/figcaption><\/figure>\n\n<p><\/p>\n","protected":false},"excerpt":{"rendered":"<p>ETA-Anwendung Gro\u00dfbritannien Das Vereinigte K\u00f6nigreich hat eine mobile Anwendung f\u00fcr die Verwaltung von eTA-Antr\u00e4gen f\u00fcr das Vereinigte K\u00f6nigreich ver\u00f6ffentlicht. Diese digitale Anwendung bietet eine praktische und effiziente L\u00f6sung f\u00fcr Reisende aus L\u00e4ndern, die f\u00fcr eine eTA f\u00fcr das Vereinigte K\u00f6nigreich in Frage kommen. Um diese Reisegenehmigung in wenigen Minuten zu erhalten, m\u00fcssen Sie das ETA-Formular [&hellip;]<\/p>\n","protected":false},"author":1,"featured_media":0,"parent":0,"menu_order":0,"comment_status":"closed","ping_status":"closed","template":"","meta":{"footnotes":""},"class_list":["post-751","page","type-page","status-publish","hentry"],"yoast_head":"<!-- This site is optimized with the Yoast SEO plugin v27.4 - https:\/\/yoast.com\/product\/yoast-seo-wordpress\/ -->\n<title>Offizielle Anwendung UK ETA - UK GB<\/title>\n<meta name=\"description\" content=\"Entdecken Sie die IPhone-Anwendung, mit der Sie Ihren eTA-Antrag f\u00fcr Reisen nach England in das Vereinigte K\u00f6nigreich verwalten k\u00f6nnen.\" \/>\n<meta name=\"robots\" content=\"index, follow, max-snippet:-1, max-image-preview:large, max-video-preview:-1\" \/>\n<link rel=\"canonical\" href=\"https:\/\/uk-gb.net\/de\/iphone-app-eta-england-visum\/\" \/>\n<meta property=\"og:locale\" content=\"de_DE\" \/>\n<meta property=\"og:type\" content=\"article\" \/>\n<meta property=\"og:title\" content=\"Offizielle Anwendung UK ETA - UK GB\" \/>\n<meta property=\"og:description\" content=\"Entdecken Sie die IPhone-Anwendung, mit der Sie Ihren eTA-Antrag f\u00fcr Reisen nach England in das Vereinigte K\u00f6nigreich verwalten k\u00f6nnen.\" \/>\n<meta property=\"og:url\" content=\"https:\/\/uk-gb.net\/de\/iphone-app-eta-england-visum\/\" \/>\n<meta property=\"og:site_name\" content=\"UK GB\" \/>\n<meta property=\"article:modified_time\" content=\"2025-11-13T16:26:00+00:00\" \/>\n<meta property=\"og:image\" content=\"https:\/\/uk-gb.net\/wp-content\/uploads\/2024\/05\/uk-esta-app.jpg\" \/>\n\t<meta property=\"og:image:width\" content=\"486\" \/>\n\t<meta property=\"og:image:height\" content=\"822\" \/>\n\t<meta property=\"og:image:type\" content=\"image\/jpeg\" \/>\n<meta name=\"twitter:card\" content=\"summary_large_image\" \/>\n<meta name=\"twitter:label1\" content=\"Gesch\u00e4tzte Lesezeit\" \/>\n\t<meta name=\"twitter:data1\" content=\"2\u00a0Minuten\" \/>\n<script type=\"application\/ld+json\" class=\"yoast-schema-graph\">{\"@context\":\"https:\\\/\\\/schema.org\",\"@graph\":[{\"@type\":\"WebPage\",\"@id\":\"https:\\\/\\\/uk-gb.net\\\/de\\\/iphone-app-eta-england-visum\\\/\",\"url\":\"https:\\\/\\\/uk-gb.net\\\/de\\\/iphone-app-eta-england-visum\\\/\",\"name\":\"Offizielle Anwendung UK ETA - UK GB\",\"isPartOf\":{\"@id\":\"https:\\\/\\\/uk-gb.net\\\/de\\\/#website\"},\"primaryImageOfPage\":{\"@id\":\"https:\\\/\\\/uk-gb.net\\\/de\\\/iphone-app-eta-england-visum\\\/#primaryimage\"},\"image\":{\"@id\":\"https:\\\/\\\/uk-gb.net\\\/de\\\/iphone-app-eta-england-visum\\\/#primaryimage\"},\"thumbnailUrl\":\"https:\\\/\\\/uk-gb.net\\\/wp-content\\\/uploads\\\/2024\\\/05\\\/uk-esta-app.jpg\",\"datePublished\":\"2023-12-19T16:07:33+00:00\",\"dateModified\":\"2025-11-13T16:26:00+00:00\",\"description\":\"Entdecken Sie die IPhone-Anwendung, mit der Sie Ihren eTA-Antrag f\u00fcr Reisen nach England in das Vereinigte K\u00f6nigreich verwalten k\u00f6nnen.\",\"inLanguage\":\"de\",\"potentialAction\":[{\"@type\":\"ReadAction\",\"target\":[\"https:\\\/\\\/uk-gb.net\\\/de\\\/iphone-app-eta-england-visum\\\/\"]}]},{\"@type\":\"ImageObject\",\"inLanguage\":\"de\",\"@id\":\"https:\\\/\\\/uk-gb.net\\\/de\\\/iphone-app-eta-england-visum\\\/#primaryimage\",\"url\":\"https:\\\/\\\/uk-gb.net\\\/wp-content\\\/uploads\\\/2024\\\/05\\\/uk-esta-app.jpg\",\"contentUrl\":\"https:\\\/\\\/uk-gb.net\\\/wp-content\\\/uploads\\\/2024\\\/05\\\/uk-esta-app.jpg\"},{\"@type\":\"WebSite\",\"@id\":\"https:\\\/\\\/uk-gb.net\\\/de\\\/#website\",\"url\":\"https:\\\/\\\/uk-gb.net\\\/de\\\/\",\"name\":\"UK GB\",\"description\":\"Travel to the UK\",\"potentialAction\":[{\"@type\":\"SearchAction\",\"target\":{\"@type\":\"EntryPoint\",\"urlTemplate\":\"https:\\\/\\\/uk-gb.net\\\/de\\\/?s={search_term_string}\"},\"query-input\":{\"@type\":\"PropertyValueSpecification\",\"valueRequired\":true,\"valueName\":\"search_term_string\"}}],\"inLanguage\":\"de\"}]}<\/script>\n<!-- \/ Yoast SEO plugin. -->","yoast_head_json":{"title":"Offizielle Anwendung UK ETA - UK GB","description":"Entdecken Sie die IPhone-Anwendung, mit der Sie Ihren eTA-Antrag f\u00fcr Reisen nach England in das Vereinigte K\u00f6nigreich verwalten k\u00f6nnen.","robots":{"index":"index","follow":"follow","max-snippet":"max-snippet:-1","max-image-preview":"max-image-preview:large","max-video-preview":"max-video-preview:-1"},"canonical":"https:\/\/uk-gb.net\/de\/iphone-app-eta-england-visum\/","og_locale":"de_DE","og_type":"article","og_title":"Offizielle Anwendung UK ETA - UK GB","og_description":"Entdecken Sie die IPhone-Anwendung, mit der Sie Ihren eTA-Antrag f\u00fcr Reisen nach England in das Vereinigte K\u00f6nigreich verwalten k\u00f6nnen.","og_url":"https:\/\/uk-gb.net\/de\/iphone-app-eta-england-visum\/","og_site_name":"UK GB","article_modified_time":"2025-11-13T16:26:00+00:00","og_image":[{"width":486,"height":822,"url":"https:\/\/uk-gb.net\/wp-content\/uploads\/2024\/05\/uk-esta-app.jpg","type":"image\/jpeg"}],"twitter_card":"summary_large_image","twitter_misc":{"Gesch\u00e4tzte Lesezeit":"2\u00a0Minuten"},"schema":{"@context":"https:\/\/schema.org","@graph":[{"@type":"WebPage","@id":"https:\/\/uk-gb.net\/de\/iphone-app-eta-england-visum\/","url":"https:\/\/uk-gb.net\/de\/iphone-app-eta-england-visum\/","name":"Offizielle Anwendung UK ETA - UK GB","isPartOf":{"@id":"https:\/\/uk-gb.net\/de\/#website"},"primaryImageOfPage":{"@id":"https:\/\/uk-gb.net\/de\/iphone-app-eta-england-visum\/#primaryimage"},"image":{"@id":"https:\/\/uk-gb.net\/de\/iphone-app-eta-england-visum\/#primaryimage"},"thumbnailUrl":"https:\/\/uk-gb.net\/wp-content\/uploads\/2024\/05\/uk-esta-app.jpg","datePublished":"2023-12-19T16:07:33+00:00","dateModified":"2025-11-13T16:26:00+00:00","description":"Entdecken Sie die IPhone-Anwendung, mit der Sie Ihren eTA-Antrag f\u00fcr Reisen nach England in das Vereinigte K\u00f6nigreich verwalten k\u00f6nnen.","inLanguage":"de","potentialAction":[{"@type":"ReadAction","target":["https:\/\/uk-gb.net\/de\/iphone-app-eta-england-visum\/"]}]},{"@type":"ImageObject","inLanguage":"de","@id":"https:\/\/uk-gb.net\/de\/iphone-app-eta-england-visum\/#primaryimage","url":"https:\/\/uk-gb.net\/wp-content\/uploads\/2024\/05\/uk-esta-app.jpg","contentUrl":"https:\/\/uk-gb.net\/wp-content\/uploads\/2024\/05\/uk-esta-app.jpg"},{"@type":"WebSite","@id":"https:\/\/uk-gb.net\/de\/#website","url":"https:\/\/uk-gb.net\/de\/","name":"UK GB","description":"Travel to the UK","potentialAction":[{"@type":"SearchAction","target":{"@type":"EntryPoint","urlTemplate":"https:\/\/uk-gb.net\/de\/?s={search_term_string}"},"query-input":{"@type":"PropertyValueSpecification","valueRequired":true,"valueName":"search_term_string"}}],"inLanguage":"de"}]}},"_links":{"self":[{"href":"https:\/\/uk-gb.net\/de\/wp-json\/wp\/v2\/pages\/751","targetHints":{"allow":["GET"]}}],"collection":[{"href":"https:\/\/uk-gb.net\/de\/wp-json\/wp\/v2\/pages"}],"about":[{"href":"https:\/\/uk-gb.net\/de\/wp-json\/wp\/v2\/types\/page"}],"author":[{"embeddable":true,"href":"https:\/\/uk-gb.net\/de\/wp-json\/wp\/v2\/users\/1"}],"replies":[{"embeddable":true,"href":"https:\/\/uk-gb.net\/de\/wp-json\/wp\/v2\/comments?post=751"}],"version-history":[{"count":0,"href":"https:\/\/uk-gb.net\/de\/wp-json\/wp\/v2\/pages\/751\/revisions"}],"wp:attachment":[{"href":"https:\/\/uk-gb.net\/de\/wp-json\/wp\/v2\/media?parent=751"}],"curies":[{"name":"wp","href":"https:\/\/api.w.org\/{rel}","templated":true}]}}