{"id":6211,"date":"2025-05-22T08:36:16","date_gmt":"2025-05-22T07:36:16","guid":{"rendered":"https:\/\/uk-gb.net\/besuchen-stirling\/"},"modified":"2025-05-22T11:46:37","modified_gmt":"2025-05-22T10:46:37","slug":"besuchen-stirling","status":"publish","type":"page","link":"https:\/\/uk-gb.net\/de\/besuchen-stirling\/","title":{"rendered":"Besuchen Sie die schottische Stadt Stirling"},"content":{"rendered":"\n<h1 class=\"wp-block-heading\">Reisef\u00fchrer f\u00fcr die Stadt Stirling<\/h1>\n\n<p>Stirling liegt im Herzen Schottlands und ist eine historische Stadt mit einem reichen Erbe, die oft als das \u201eTor zu den Highlands\u201c bezeichnet wird. Als ehemalige Hauptstadt des schottischen K\u00f6nigreichs ist sie bekannt f\u00fcr ihre zentrale Rolle in den schottischen Unabh\u00e4ngigkeitskriegen und f\u00fcr ihre beeindruckende Burg, die die Stadt von einem Felsvorsprung aus \u00fcberragt. Zwischen Geschichte, Natur und Kultur ist Stirling ein unumg\u00e4ngliches Ziel f\u00fcr alle, die sich f\u00fcr die schottische Vergangenheit interessieren.  <\/p>\n\n<figure class=\"wp-block-image size-large\"><img fetchpriority=\"high\" decoding=\"async\" width=\"1024\" height=\"631\" src=\"https:\/\/uk-gb.net\/wp-content\/uploads\/2025\/05\/stirling-1024x631.jpg\" alt=\"Stadt Stirling\" class=\"wp-image-5953\" srcset=\"https:\/\/uk-gb.net\/wp-content\/uploads\/2025\/05\/stirling-1024x631.jpg 1024w, https:\/\/uk-gb.net\/wp-content\/uploads\/2025\/05\/stirling-300x185.jpg 300w, https:\/\/uk-gb.net\/wp-content\/uploads\/2025\/05\/stirling-768x473.jpg 768w, https:\/\/uk-gb.net\/wp-content\/uploads\/2025\/05\/stirling.jpg 1131w\" sizes=\"(max-width: 1024px) 100vw, 1024px\" \/><figcaption class=\"wp-element-caption\">Schottische Stadt Stirling<\/figcaption><\/figure>\n\n<h2 class=\"wp-block-heading\">Warum sollten Sie Stirling besuchen?<\/h2>\n\n<p>Stirling ist eine \u00fcberschaubare Stadt mit einer seltenen Dichte an wichtigen historischen St\u00e4tten. Die Burg geh\u00f6rt zu den bedeutendsten in Schottland und das Wallace Monument auf einem nahegelegenen H\u00fcgel erinnert an einen der schottischen Nationalhelden. Stirling ist nicht nur historisch interessant, sondern bietet auch eine wundersch\u00f6ne Natur mit H\u00fcgeln, Fl\u00fcssen und Wanderwegen in unmittelbarer N\u00e4he. Es ist auch ein guter Ausgangspunkt f\u00fcr Ausfl\u00fcge in die Lowlands und die Highlands.   <\/p>\n\n<h2 class=\"wp-block-heading\">Die unumg\u00e4nglichen<\/h2>\n\n<ul class=\"wp-block-list\">\n<li><a href=\"https:\/\/en.wikipedia.org\/wiki\/Stirling_Castle\">Stirling Castle<\/a>: Eines der symboltr\u00e4chtigsten Schl\u00f6sser des Landes, reich m\u00f6bliert und geschichtstr\u00e4chtig.<\/li>\n\n\n\n<li><a href=\"https:\/\/www.nationalwallacemonument.com\/\">Wallace Monument<\/a>: Ein neugotischer Turm, der William Wallace gewidmet ist, mit einer atemberaubenden Aussicht \u00fcber die Region.<\/li>\n\n\n\n<li><a href=\"https:\/\/www.churchoftheholyrude.co.uk\/legends-at-cowanes\/\">Old Town<\/a>: Das mittelalterliche Zentrum der Stadt, mit seinen gepflasterten Gassen und alten Geb\u00e4uden.<\/li>\n\n\n\n<li><a href=\"https:\/\/www.nts.org.uk\/visit\/places\/bannockburn\">Bannockburn Heritage Centre<\/a>: Ein interaktives Museum, das der ber\u00fchmten Schlacht von Bannockburn gewidmet ist.<\/li>\n\n\n\n<li><a href=\"https:\/\/www.smithartgalleryandmuseum.co.uk\/\">Stirling Smith Art Gallery and Museum: Eine Sammlung von Artefakten und<\/a> Kunstwerken, die die lokale Geschichte nachzeichnen.<\/li>\n\n\n\n<li><a href=\"https:\/\/www.churchoftheholyrude.co.uk\/\">Church of the Holy Rude<\/a>: Eine historische Kirche, in der Jakob VI von Schottland gekr\u00f6nt wurde.<\/li>\n<\/ul>\n\n<h2 class=\"wp-block-heading\">Stadtteile, die es zu erkunden gilt<\/h2>\n\n<ul class=\"wp-block-list\">\n<li><strong>Old Town<\/strong>: Historisches Viertel mit mittelalterlichem Charme, Panoramablick und authentischer Atmosph\u00e4re.<\/li>\n\n\n\n<li><strong>Riverside<\/strong>: Am Fluss Forth gelegen, ideal f\u00fcr einen ruhigen Spaziergang.<\/li>\n\n\n\n<li><strong>Bridge of Allan<\/strong>: Eine kleine Nachbarstadt, die f\u00fcr ihre elegante Atmosph\u00e4re, ihre Caf\u00e9s und ihre bewaldeten Wege bekannt ist.<\/li>\n\n\n\n<li><strong>Kings Park<\/strong>: Eine gr\u00fcne Wohngegend, die ideal zum Entspannen ist.<\/li>\n<\/ul>\n\n<h2 class=\"wp-block-heading\">Praktische Ratschl\u00e4ge<\/h2>\n\n<figure class=\"wp-block-table\"><table><tbody><tr><th>Aspekt<\/th><th>Details<\/th><\/tr><tr><td><strong>Transport<\/strong><\/td><td>Erreichbar mit dem Zug oder dem Auto von Edinburgh oder Glasgow; das Stadtzentrum ist leicht zu Fu\u00df zu besichtigen.<\/td><\/tr><tr><td><strong>Unterkunft<\/strong><\/td><td>Hotels, Pensionen und Gasth\u00f6fe in und um die Stadt.<\/td><\/tr><tr><td><strong>W\u00e4hrung<\/strong><\/td><td>Britisches Pfund (\u00a3). Bankkarten werden \u00fcberall akzeptiert. <\/td><\/tr><tr><td><strong>Sprache<\/strong><\/td><td>Englisch mit starkem schottischen Akzent m\u00f6glich.<\/td><\/tr><tr><td><strong>Wetter<\/strong><\/td><td>Wechselhaft: Sorgen Sie f\u00fcr wasserdichte Kleidung, unabh\u00e4ngig von der Jahreszeit.<\/td><\/tr><\/tbody><\/table><\/figure>\n\n<h2 class=\"wp-block-heading\">Wo kann man essen?<\/h2>\n\n<ul class=\"wp-block-list\">\n<li><a href=\"https:\/\/www.thebirdsandthebees-stirling.com\/\">The Birds and the Bees<\/a>: Ein lokales Pub-Restaurant, das f\u00fcr seine traditionelle schottische K\u00fcche bekannt ist.<\/li>\n\n\n\n<li><a href=\"https:\/\/www.theportcullishotel.com\/\">The Portcullis<\/a>: In der N\u00e4he des Schlosses gelegen, perfekt f\u00fcr ein Essen in einer gem\u00fctlichen Atmosph\u00e4re.<\/li>\n\n\n\n<li><a href=\"https:\/\/www.brea-stirling.co.uk\/\">Brea<\/a>: Moderne schottische K\u00fcche mit regionalen Produkten.<\/li>\n\n\n\n<li><a href=\"https:\/\/cafeaina.com\/\">Caf\u00e9 Aina<\/a>: Ein gem\u00fctliches Caf\u00e9 mit gutem Fr\u00fchst\u00fcck und hausgemachtem Geb\u00e4ck.<\/li>\n\n\n\n<li><a href=\"https:\/\/www.allanwatercafe.com\/\">The Allanwater Caf\u00e9<\/a>: Ber\u00fchmt f\u00fcr seine Fish and Chips, in der Nachbarstadt Bridge of Allan.<\/li>\n<\/ul>\n\n<h2 class=\"wp-block-heading\">Wann verlassen?<\/h2>\n\n<p>Stirling kann das ganze Jahr \u00fcber besucht werden. Fr\u00fchling und Sommer sind ideal, um die Sehensw\u00fcrdigkeiten im Freien zu besuchen und die freie Aussicht vom Schloss oder dem Wallace Monument zu genie\u00dfen. Im Herbst zeigen sich die umliegenden W\u00e4lder in pr\u00e4chtigen Farben, w\u00e4hrend der Winter ruhiger ist und der Stadt eine friedliche Atmosph\u00e4re verleiht, die zu historischen Entdeckungen einl\u00e4dt.  <\/p>\n\n<h2 class=\"wp-block-heading\">Schlussfolgerung<\/h2>\n\n<p>Stirling ist eine schottische Perle, in der sich nationale Geschichte und herrliche Landschaften vereinen. Weniger touristisch als St\u00e4dte wie Edinburgh oder <a href=\"https:\/\/uk-gb.net\/fr\/visiter-inverness-ecosse\/\">Inverness<\/a>, bietet es ein authentisches Eintauchen in die schottische Vergangenheit, ohne Menschenmassen. F\u00fcr Geschichtsliebhaber ist es ein Muss, da es sowohl majest\u00e4tisch als auch zug\u00e4nglich ist. Stirling ist auch die perfekte Verbindung zwischen den gro\u00dfen St\u00e4dten des S\u00fcdens und der Wildnis des Nordens.   <\/p>\n\n<p><\/p>\n","protected":false},"excerpt":{"rendered":"<p>Reisef\u00fchrer f\u00fcr die Stadt Stirling Stirling liegt im Herzen Schottlands und ist eine historische Stadt mit einem reichen Erbe, die oft als das \u201eTor zu den Highlands\u201c bezeichnet wird. Als ehemalige Hauptstadt des schottischen K\u00f6nigreichs ist sie bekannt f\u00fcr ihre zentrale Rolle in den schottischen Unabh\u00e4ngigkeitskriegen und f\u00fcr ihre beeindruckende Burg, die die Stadt von [&hellip;]<\/p>\n","protected":false},"author":1,"featured_media":0,"parent":0,"menu_order":0,"comment_status":"closed","ping_status":"closed","template":"","meta":{"footnotes":""},"class_list":["post-6211","page","type-page","status-publish","hentry"],"yoast_head":"<!-- This site is optimized with the Yoast SEO plugin v27.4 - https:\/\/yoast.com\/product\/yoast-seo-wordpress\/ -->\n<title>Besuchen Sie die schottische Stadt Stirling - UK GB<\/title>\n<meta name=\"description\" content=\"Stirling ist eine wundersch\u00f6ne historische Stadt in Schottland, die auch als Tor zu den Highlands bezeichnet wird. Sie ist die ehemalige Hauptstadt des schottischen K\u00f6nigreichs.\" \/>\n<meta name=\"robots\" content=\"index, follow, max-snippet:-1, max-image-preview:large, max-video-preview:-1\" \/>\n<link rel=\"canonical\" href=\"https:\/\/uk-gb.net\/de\/besuchen-stirling\/\" \/>\n<meta property=\"og:locale\" content=\"de_DE\" \/>\n<meta property=\"og:type\" content=\"article\" \/>\n<meta property=\"og:title\" content=\"Besuchen Sie die schottische Stadt Stirling - UK GB\" \/>\n<meta property=\"og:description\" content=\"Stirling ist eine wundersch\u00f6ne historische Stadt in Schottland, die auch als Tor zu den Highlands bezeichnet wird. Sie ist die ehemalige Hauptstadt des schottischen K\u00f6nigreichs.\" \/>\n<meta property=\"og:url\" content=\"https:\/\/uk-gb.net\/de\/besuchen-stirling\/\" \/>\n<meta property=\"og:site_name\" content=\"UK GB\" \/>\n<meta property=\"article:modified_time\" content=\"2025-05-22T10:46:37+00:00\" \/>\n<meta property=\"og:image\" content=\"https:\/\/uk-gb.net\/wp-content\/uploads\/2025\/05\/stirling.jpg\" \/>\n\t<meta property=\"og:image:width\" content=\"1131\" \/>\n\t<meta property=\"og:image:height\" content=\"697\" \/>\n\t<meta property=\"og:image:type\" content=\"image\/jpeg\" \/>\n<meta name=\"twitter:card\" content=\"summary_large_image\" \/>\n<meta name=\"twitter:label1\" content=\"Gesch\u00e4tzte Lesezeit\" \/>\n\t<meta name=\"twitter:data1\" content=\"3\u00a0Minuten\" \/>\n<script type=\"application\/ld+json\" class=\"yoast-schema-graph\">{\"@context\":\"https:\\\/\\\/schema.org\",\"@graph\":[{\"@type\":\"WebPage\",\"@id\":\"https:\\\/\\\/uk-gb.net\\\/de\\\/besuchen-stirling\\\/\",\"url\":\"https:\\\/\\\/uk-gb.net\\\/de\\\/besuchen-stirling\\\/\",\"name\":\"Besuchen Sie die schottische Stadt Stirling - UK GB\",\"isPartOf\":{\"@id\":\"https:\\\/\\\/uk-gb.net\\\/de\\\/#website\"},\"primaryImageOfPage\":{\"@id\":\"https:\\\/\\\/uk-gb.net\\\/de\\\/besuchen-stirling\\\/#primaryimage\"},\"image\":{\"@id\":\"https:\\\/\\\/uk-gb.net\\\/de\\\/besuchen-stirling\\\/#primaryimage\"},\"thumbnailUrl\":\"https:\\\/\\\/uk-gb.net\\\/wp-content\\\/uploads\\\/2025\\\/05\\\/stirling-1024x631.jpg\",\"datePublished\":\"2025-05-22T07:36:16+00:00\",\"dateModified\":\"2025-05-22T10:46:37+00:00\",\"description\":\"Stirling ist eine wundersch\u00f6ne historische Stadt in Schottland, die auch als Tor zu den Highlands bezeichnet wird. Sie ist die ehemalige Hauptstadt des schottischen K\u00f6nigreichs.\",\"inLanguage\":\"de\",\"potentialAction\":[{\"@type\":\"ReadAction\",\"target\":[\"https:\\\/\\\/uk-gb.net\\\/de\\\/besuchen-stirling\\\/\"]}]},{\"@type\":\"ImageObject\",\"inLanguage\":\"de\",\"@id\":\"https:\\\/\\\/uk-gb.net\\\/de\\\/besuchen-stirling\\\/#primaryimage\",\"url\":\"https:\\\/\\\/uk-gb.net\\\/wp-content\\\/uploads\\\/2025\\\/05\\\/stirling-1024x631.jpg\",\"contentUrl\":\"https:\\\/\\\/uk-gb.net\\\/wp-content\\\/uploads\\\/2025\\\/05\\\/stirling-1024x631.jpg\"},{\"@type\":\"WebSite\",\"@id\":\"https:\\\/\\\/uk-gb.net\\\/de\\\/#website\",\"url\":\"https:\\\/\\\/uk-gb.net\\\/de\\\/\",\"name\":\"UK GB\",\"description\":\"Travel to the UK\",\"potentialAction\":[{\"@type\":\"SearchAction\",\"target\":{\"@type\":\"EntryPoint\",\"urlTemplate\":\"https:\\\/\\\/uk-gb.net\\\/de\\\/?s={search_term_string}\"},\"query-input\":{\"@type\":\"PropertyValueSpecification\",\"valueRequired\":true,\"valueName\":\"search_term_string\"}}],\"inLanguage\":\"de\"}]}<\/script>\n<!-- \/ Yoast SEO plugin. -->","yoast_head_json":{"title":"Besuchen Sie die schottische Stadt Stirling - UK GB","description":"Stirling ist eine wundersch\u00f6ne historische Stadt in Schottland, die auch als Tor zu den Highlands bezeichnet wird. Sie ist die ehemalige Hauptstadt des schottischen K\u00f6nigreichs.","robots":{"index":"index","follow":"follow","max-snippet":"max-snippet:-1","max-image-preview":"max-image-preview:large","max-video-preview":"max-video-preview:-1"},"canonical":"https:\/\/uk-gb.net\/de\/besuchen-stirling\/","og_locale":"de_DE","og_type":"article","og_title":"Besuchen Sie die schottische Stadt Stirling - UK GB","og_description":"Stirling ist eine wundersch\u00f6ne historische Stadt in Schottland, die auch als Tor zu den Highlands bezeichnet wird. Sie ist die ehemalige Hauptstadt des schottischen K\u00f6nigreichs.","og_url":"https:\/\/uk-gb.net\/de\/besuchen-stirling\/","og_site_name":"UK GB","article_modified_time":"2025-05-22T10:46:37+00:00","og_image":[{"width":1131,"height":697,"url":"https:\/\/uk-gb.net\/wp-content\/uploads\/2025\/05\/stirling.jpg","type":"image\/jpeg"}],"twitter_card":"summary_large_image","twitter_misc":{"Gesch\u00e4tzte Lesezeit":"3\u00a0Minuten"},"schema":{"@context":"https:\/\/schema.org","@graph":[{"@type":"WebPage","@id":"https:\/\/uk-gb.net\/de\/besuchen-stirling\/","url":"https:\/\/uk-gb.net\/de\/besuchen-stirling\/","name":"Besuchen Sie die schottische Stadt Stirling - UK GB","isPartOf":{"@id":"https:\/\/uk-gb.net\/de\/#website"},"primaryImageOfPage":{"@id":"https:\/\/uk-gb.net\/de\/besuchen-stirling\/#primaryimage"},"image":{"@id":"https:\/\/uk-gb.net\/de\/besuchen-stirling\/#primaryimage"},"thumbnailUrl":"https:\/\/uk-gb.net\/wp-content\/uploads\/2025\/05\/stirling-1024x631.jpg","datePublished":"2025-05-22T07:36:16+00:00","dateModified":"2025-05-22T10:46:37+00:00","description":"Stirling ist eine wundersch\u00f6ne historische Stadt in Schottland, die auch als Tor zu den Highlands bezeichnet wird. Sie ist die ehemalige Hauptstadt des schottischen K\u00f6nigreichs.","inLanguage":"de","potentialAction":[{"@type":"ReadAction","target":["https:\/\/uk-gb.net\/de\/besuchen-stirling\/"]}]},{"@type":"ImageObject","inLanguage":"de","@id":"https:\/\/uk-gb.net\/de\/besuchen-stirling\/#primaryimage","url":"https:\/\/uk-gb.net\/wp-content\/uploads\/2025\/05\/stirling-1024x631.jpg","contentUrl":"https:\/\/uk-gb.net\/wp-content\/uploads\/2025\/05\/stirling-1024x631.jpg"},{"@type":"WebSite","@id":"https:\/\/uk-gb.net\/de\/#website","url":"https:\/\/uk-gb.net\/de\/","name":"UK GB","description":"Travel to the UK","potentialAction":[{"@type":"SearchAction","target":{"@type":"EntryPoint","urlTemplate":"https:\/\/uk-gb.net\/de\/?s={search_term_string}"},"query-input":{"@type":"PropertyValueSpecification","valueRequired":true,"valueName":"search_term_string"}}],"inLanguage":"de"}]}},"_links":{"self":[{"href":"https:\/\/uk-gb.net\/de\/wp-json\/wp\/v2\/pages\/6211","targetHints":{"allow":["GET"]}}],"collection":[{"href":"https:\/\/uk-gb.net\/de\/wp-json\/wp\/v2\/pages"}],"about":[{"href":"https:\/\/uk-gb.net\/de\/wp-json\/wp\/v2\/types\/page"}],"author":[{"embeddable":true,"href":"https:\/\/uk-gb.net\/de\/wp-json\/wp\/v2\/users\/1"}],"replies":[{"embeddable":true,"href":"https:\/\/uk-gb.net\/de\/wp-json\/wp\/v2\/comments?post=6211"}],"version-history":[{"count":0,"href":"https:\/\/uk-gb.net\/de\/wp-json\/wp\/v2\/pages\/6211\/revisions"}],"wp:attachment":[{"href":"https:\/\/uk-gb.net\/de\/wp-json\/wp\/v2\/media?parent=6211"}],"curies":[{"name":"wp","href":"https:\/\/api.w.org\/{rel}","templated":true}]}}