{"id":540,"date":"2023-11-21T14:15:17","date_gmt":"2023-11-21T14:15:17","guid":{"rendered":"https:\/\/uk-gb.net\/eta-england-vereinigtes-konigreich\/"},"modified":"2026-04-02T11:32:53","modified_gmt":"2026-04-02T10:32:53","slug":"eta-england-vereinigtes-konigreich","status":"publish","type":"page","link":"https:\/\/uk-gb.net\/de\/eta-england-vereinigtes-konigreich\/","title":{"rendered":"ETA England f\u00fcr Reisen in das Vereinigte K\u00f6nigreich"},"content":{"rendered":"\n<h1 class=\"wp-block-heading\">ETA Britische Elektronische Reisegenehmigung<\/h1>\n\n<p>Die elektronische Reisegenehmigung (ETA) ist ein vom Vereinigten K\u00f6nigreich eingef\u00fchrtes System, das es bestimmten ausl\u00e4ndischen Staatsangeh\u00f6rigen erm\u00f6glicht, sich ohne ein herk\u00f6mmliches Visum im Land aufzuhalten. Die ETA ist f\u00fcr Kurzaufenthalte gedacht und richtet sich an Reisende aus L\u00e4ndern, die von der Visumpflicht befreit sind. <\/p>\n\n<p><strong>Um diese Reisegenehmigung in wenigen Minuten zu erhalten<\/strong>, m\u00fcssen Sie das <a href=\"https:\/\/uk-gb.net\/de\/online-eta-visumformular-england\/\">ETA-Formular online<\/a> ausf\u00fcllen.<\/p>\n\n<div style=\"height:10px\" aria-hidden=\"true\" class=\"wp-block-spacer\"><\/div>\n\n<h2 class=\"wp-block-heading\">Was ist die ETA f\u00fcr das Vereinigte K\u00f6nigreich?<\/h2>\n\n<p>Die ETA ist eine digitale Genehmigung, die f\u00fcr Staatsangeh\u00f6rige bestimmter L\u00e4nder, die als Touristen, Gesch\u00e4ftsreisende oder f\u00fcr einen Zwischenstopp in das Vereinigte K\u00f6nigreich einreisen m\u00f6chten, erforderlich ist. Diese Genehmigung ist f\u00fcr Kurzaufenthalte g\u00fcltig und ersetzt teilweise die traditionellen Visaverfahren. Die Beantragung erfolgt online \u00fcber ein sicheres Portal und erm\u00f6glicht eine schnelle Antwort, wodurch die Einreiseformalit\u00e4ten vereinfacht werden.  <\/p>\n\n<h2 class=\"wp-block-heading\">Wer kann eine ETA f\u00fcr das Vereinigte K\u00f6nigreich beantragen?<\/h2>\n\n<p>Die ETA ist f\u00fcr Staatsangeh\u00f6rige von L\u00e4ndern bestimmt, die f\u00fcr die Einreise in das Vereinigte K\u00f6nigreich von der Visumspflicht befreit sind. Die <a href=\"https:\/\/uk-gb.net\/de\/lander-eta-vereinigte-konigreich-beantragen-konnen\/\">Liste der berechtigten L\u00e4nder<\/a> wird von den Beh\u00f6rden des Vereinigten K\u00f6nigreichs regelm\u00e4\u00dfig aktualisiert. Es ist daher wichtig, dass Sie vor der Planung Ihres Aufenthalts pr\u00fcfen, ob Ihre Staatsangeh\u00f6rigkeit Sie zur Beantragung einer ETA berechtigt.  <\/p>\n\n<p>Jeder Reisende muss einen individuellen Antrag stellen, einschlie\u00dflich minderj\u00e4hriger Kinder und Babys. Kein Passagier darf ohne vorherige Genehmigung einreisen. <\/p>\n\n<h2 class=\"wp-block-heading\">Wie beantrage ich eine britische ETA?<\/h2>\n\n<p>Der ETA-Antrag kann online \u00fcber die <a href=\"https:\/\/www.gov.uk\/guidance\/apply-for-an-electronic-travel-authorisation-eta\">offizielle Website der britischen Regierung<\/a> gestellt werden. Das Formular muss sorgf\u00e4ltig ausgef\u00fcllt werden und die folgenden Informationen enthalten: <\/p>\n\n<ul class=\"wp-block-list\">\n<li>Pers\u00f6nliche Daten (Name, Geburtsdatum usw.)<\/li>\n\n\n\n<li>Angaben zum Reisepass, der f\u00fcr die Reise verwendet wurde<\/li>\n\n\n\n<li>Informationen \u00fcber den Aufenthalt (Grund, Dauer usw.).<\/li>\n<\/ul>\n\n<p>Nach dem Absenden des <a href=\"https:\/\/uk-gb.net\/de\/online-eta-visumformular-england\/\">Online-Formulars<\/a> ist die Zahlung der Geb\u00fchr erforderlich, um den Antrag zu best\u00e4tigen.<\/p>\n\n<h2 class=\"wp-block-heading\">ETA App f\u00fcr iPhone herunterladen?<\/h2>\n\n<p>Um das Verfahren zu vereinfachen, hat die britische Regierung eine <a href=\"https:\/\/uk-gb.net\/de\/iphone-app-eta-england-visum\/\">mobile Anwendung f\u00fcr die ETA<\/a> eingef\u00fchrt, die im<strong>App Store (iOS)<\/strong> in den L\u00e4ndern verf\u00fcgbar ist, die f\u00fcr das Programm f\u00fcr visumfreies Reisen (Visa Waiver Program) qualifiziert sind.  <\/p>\n\n<p>Mit dieser Anwendung k\u00f6nnen Sie Ihren Antrag sicher und direkt von Ihrem Telefon aus ausf\u00fcllen, einreichen und verfolgen. Suchen Sie einfach nach \u201eUK ETA\u201c im App Store und installieren Sie die kostenlose Anwendung, um das Verfahren von Ihrem iPhone aus zu starten. <\/p>\n\n<h2 class=\"wp-block-heading\">Wann sollte man einen Antrag online stellen?<\/h2>\n\n<p>Es ist unbedingt erforderlich, den ETA-Antrag <strong>vor der Abreise<\/strong> in das Vereinigte K\u00f6nigreich einzureichen. Obwohl die meisten Antr\u00e4ge innerhalb weniger Stunden bearbeitet werden, empfehlen die Beh\u00f6rden, den Antrag <strong>mindestens 3 Tage vor der Reise<\/strong> einzureichen. Diese Frist erm\u00f6glicht es, eventuelle Verz\u00f6gerungen bei der Bearbeitung aufzufangen.  <\/p>\n\n<p>Theoretisch ist es m\u00f6glich zu reisen, w\u00e4hrend der Antrag l\u00e4uft, vorausgesetzt, er wurde vor der Einschiffung g\u00fcltig eingereicht. Dies ist jedoch mit einem Risiko verbunden, wenn die Genehmigung verz\u00f6gert oder verweigert wird. <\/p>\n\n<h2 class=\"wp-block-heading\">Wie hoch ist die Geb\u00fchr f\u00fcr die britische ETA?<\/h2>\n\n<p>Die Kosten f\u00fcr eine ETA f\u00fcr das Vereinigte K\u00f6nigreich sind unabh\u00e4ngig vom Alter des Reisenden festgesetzt. Der Betrag deckt die Kosten f\u00fcr die administrative Bearbeitung und muss direkt auf der offiziellen Website zum Zeitpunkt der Beantragung bezahlt werden. <\/p>\n\n<p>Der zu zahlende Preis \u00e4ndert sich regelm\u00e4\u00dfig, sehen Sie sich den neuesten <a href=\"https:\/\/uk-gb.net\/de\/preis-eta-vereinigte-konigreich\/\">ETA UK Preis an.<\/a><\/p>\n\n<p>Diese Geb\u00fchr ist wesentlich niedriger als die f\u00fcr ein <a href=\"https:\/\/uk-gb.net\/de\/visumpreis-fur-england\/\">britisches Visum<\/a>, so dass die ETA f\u00fcr kurzfristige touristische oder gesch\u00e4ftliche Aufenthalte leichter zug\u00e4nglich ist.<\/p>\n\n<h2 class=\"wp-block-heading\">Wie lange dauert es, bis ich eine ETA erhalte?<\/h2>\n\n<p>Die Bearbeitung eines ETA-Antrags erfolgt in der Regel schnell. In den meisten F\u00e4llen wird eine Antwort innerhalb von Stunden nach der Einreichung des <a href=\"https:\/\/uk-gb.net\/de\/online-eta-visumformular-england\/\">ETA-Formulars online<\/a> gesendet. Einige Antr\u00e4ge k\u00f6nnen jedoch eine weitere Pr\u00fcfung erfordern. Es ist daher ratsam, den Antrag <strong>mindestens 72 Stunden vor der Abreise<\/strong> einzureichen, um das Risiko einer Verz\u00f6gerung oder Ablehnung in letzter Minute zu verringern.   <\/p>\n\n<h2 class=\"wp-block-heading\">Was tun, wenn die ETA abgelehnt wird?<\/h2>\n\n<p>Wenn Ihr ETA-Antrag abgelehnt wird, kann dies auf einen Fehler in den bereitgestellten Informationen zur\u00fcckzuf\u00fchren sein. In diesem Fall k\u00f6nnen Sie einen <strong>neuen, korrigierten Antrag<\/strong> einreichen. <\/p>\n\n<p>Wenn Sie jedoch nicht f\u00fcr das ETA-Programm <strong>qualifiziert<\/strong> sind, m\u00fcssen Sie ein <a href=\"https:\/\/uk-gb.net\/de\/touristenvisum-england-vereinigtes-koenigreich\/\">Visum f\u00fcr das Vereinigte K\u00f6nigreich<\/a> beantragen. Dieses Verfahren ist l\u00e4nger und umfasst u. a. ein <a href=\"https:\/\/uk-gb.net\/de\/visumtermin-bei-der-botschaft-england\/\">obligatorisches konsularisches Gespr\u00e4ch<\/a> in der n\u00e4chstgelegenen britischen Botschaft oder Visumantragsstelle. <\/p>\n","protected":false},"excerpt":{"rendered":"<p>ETA Britische Elektronische Reisegenehmigung Die elektronische Reisegenehmigung (ETA) ist ein vom Vereinigten K\u00f6nigreich eingef\u00fchrtes System, das es bestimmten ausl\u00e4ndischen Staatsangeh\u00f6rigen erm\u00f6glicht, sich ohne ein herk\u00f6mmliches Visum im Land aufzuhalten. Die ETA ist f\u00fcr Kurzaufenthalte gedacht und richtet sich an Reisende aus L\u00e4ndern, die von der Visumpflicht befreit sind. Um diese Reisegenehmigung in wenigen Minuten zu [&hellip;]<\/p>\n","protected":false},"author":1,"featured_media":0,"parent":0,"menu_order":0,"comment_status":"closed","ping_status":"closed","template":"","meta":{"footnotes":""},"class_list":["post-540","page","type-page","status-publish","hentry"],"yoast_head":"<!-- This site is optimized with the Yoast SEO plugin v27.4 - https:\/\/yoast.com\/product\/yoast-seo-wordpress\/ -->\n<title>ETA England f\u00fcr Reisen in das Vereinigte K\u00f6nigreich<\/title>\n<meta name=\"description\" content=\"F\u00fchren Sie Ihren ETA-Antrag online aus, um Ihre Reisegenehmigung nach Gro\u00dfbritannien schnell zu erhalten.\" \/>\n<meta name=\"robots\" content=\"index, follow, max-snippet:-1, max-image-preview:large, max-video-preview:-1\" \/>\n<link rel=\"canonical\" href=\"https:\/\/uk-gb.net\/de\/eta-england-vereinigtes-konigreich\/\" \/>\n<meta property=\"og:locale\" content=\"de_DE\" \/>\n<meta property=\"og:type\" content=\"article\" \/>\n<meta property=\"og:title\" content=\"ETA England f\u00fcr Reisen in das Vereinigte K\u00f6nigreich\" \/>\n<meta property=\"og:description\" content=\"F\u00fchren Sie Ihren ETA-Antrag online aus, um Ihre Reisegenehmigung nach Gro\u00dfbritannien schnell zu erhalten.\" \/>\n<meta property=\"og:url\" content=\"https:\/\/uk-gb.net\/de\/eta-england-vereinigtes-konigreich\/\" \/>\n<meta property=\"og:site_name\" content=\"UK GB\" \/>\n<meta property=\"article:modified_time\" content=\"2026-04-02T10:32:53+00:00\" \/>\n<meta name=\"twitter:card\" content=\"summary_large_image\" \/>\n<meta name=\"twitter:label1\" content=\"Gesch\u00e4tzte Lesezeit\" \/>\n\t<meta name=\"twitter:data1\" content=\"4\u00a0Minuten\" \/>\n<script type=\"application\/ld+json\" class=\"yoast-schema-graph\">{\"@context\":\"https:\\\/\\\/schema.org\",\"@graph\":[{\"@type\":\"WebPage\",\"@id\":\"https:\\\/\\\/uk-gb.net\\\/de\\\/eta-england-vereinigtes-konigreich\\\/\",\"url\":\"https:\\\/\\\/uk-gb.net\\\/de\\\/eta-england-vereinigtes-konigreich\\\/\",\"name\":\"ETA England f\u00fcr Reisen in das Vereinigte K\u00f6nigreich\",\"isPartOf\":{\"@id\":\"https:\\\/\\\/uk-gb.net\\\/de\\\/#website\"},\"datePublished\":\"2023-11-21T14:15:17+00:00\",\"dateModified\":\"2026-04-02T10:32:53+00:00\",\"description\":\"F\u00fchren Sie Ihren ETA-Antrag online aus, um Ihre Reisegenehmigung nach Gro\u00dfbritannien schnell zu erhalten.\",\"inLanguage\":\"de\",\"potentialAction\":[{\"@type\":\"ReadAction\",\"target\":[\"https:\\\/\\\/uk-gb.net\\\/de\\\/eta-england-vereinigtes-konigreich\\\/\"]}]},{\"@type\":\"WebSite\",\"@id\":\"https:\\\/\\\/uk-gb.net\\\/de\\\/#website\",\"url\":\"https:\\\/\\\/uk-gb.net\\\/de\\\/\",\"name\":\"UK GB\",\"description\":\"Travel to the UK\",\"potentialAction\":[{\"@type\":\"SearchAction\",\"target\":{\"@type\":\"EntryPoint\",\"urlTemplate\":\"https:\\\/\\\/uk-gb.net\\\/de\\\/?s={search_term_string}\"},\"query-input\":{\"@type\":\"PropertyValueSpecification\",\"valueRequired\":true,\"valueName\":\"search_term_string\"}}],\"inLanguage\":\"de\"}]}<\/script>\n<!-- \/ Yoast SEO plugin. -->","yoast_head_json":{"title":"ETA England f\u00fcr Reisen in das Vereinigte K\u00f6nigreich","description":"F\u00fchren Sie Ihren ETA-Antrag online aus, um Ihre Reisegenehmigung nach Gro\u00dfbritannien schnell zu erhalten.","robots":{"index":"index","follow":"follow","max-snippet":"max-snippet:-1","max-image-preview":"max-image-preview:large","max-video-preview":"max-video-preview:-1"},"canonical":"https:\/\/uk-gb.net\/de\/eta-england-vereinigtes-konigreich\/","og_locale":"de_DE","og_type":"article","og_title":"ETA England f\u00fcr Reisen in das Vereinigte K\u00f6nigreich","og_description":"F\u00fchren Sie Ihren ETA-Antrag online aus, um Ihre Reisegenehmigung nach Gro\u00dfbritannien schnell zu erhalten.","og_url":"https:\/\/uk-gb.net\/de\/eta-england-vereinigtes-konigreich\/","og_site_name":"UK GB","article_modified_time":"2026-04-02T10:32:53+00:00","twitter_card":"summary_large_image","twitter_misc":{"Gesch\u00e4tzte Lesezeit":"4\u00a0Minuten"},"schema":{"@context":"https:\/\/schema.org","@graph":[{"@type":"WebPage","@id":"https:\/\/uk-gb.net\/de\/eta-england-vereinigtes-konigreich\/","url":"https:\/\/uk-gb.net\/de\/eta-england-vereinigtes-konigreich\/","name":"ETA England f\u00fcr Reisen in das Vereinigte K\u00f6nigreich","isPartOf":{"@id":"https:\/\/uk-gb.net\/de\/#website"},"datePublished":"2023-11-21T14:15:17+00:00","dateModified":"2026-04-02T10:32:53+00:00","description":"F\u00fchren Sie Ihren ETA-Antrag online aus, um Ihre Reisegenehmigung nach Gro\u00dfbritannien schnell zu erhalten.","inLanguage":"de","potentialAction":[{"@type":"ReadAction","target":["https:\/\/uk-gb.net\/de\/eta-england-vereinigtes-konigreich\/"]}]},{"@type":"WebSite","@id":"https:\/\/uk-gb.net\/de\/#website","url":"https:\/\/uk-gb.net\/de\/","name":"UK GB","description":"Travel to the UK","potentialAction":[{"@type":"SearchAction","target":{"@type":"EntryPoint","urlTemplate":"https:\/\/uk-gb.net\/de\/?s={search_term_string}"},"query-input":{"@type":"PropertyValueSpecification","valueRequired":true,"valueName":"search_term_string"}}],"inLanguage":"de"}]}},"_links":{"self":[{"href":"https:\/\/uk-gb.net\/de\/wp-json\/wp\/v2\/pages\/540","targetHints":{"allow":["GET"]}}],"collection":[{"href":"https:\/\/uk-gb.net\/de\/wp-json\/wp\/v2\/pages"}],"about":[{"href":"https:\/\/uk-gb.net\/de\/wp-json\/wp\/v2\/types\/page"}],"author":[{"embeddable":true,"href":"https:\/\/uk-gb.net\/de\/wp-json\/wp\/v2\/users\/1"}],"replies":[{"embeddable":true,"href":"https:\/\/uk-gb.net\/de\/wp-json\/wp\/v2\/comments?post=540"}],"version-history":[{"count":0,"href":"https:\/\/uk-gb.net\/de\/wp-json\/wp\/v2\/pages\/540\/revisions"}],"wp:attachment":[{"href":"https:\/\/uk-gb.net\/de\/wp-json\/wp\/v2\/media?parent=540"}],"curies":[{"name":"wp","href":"https:\/\/api.w.org\/{rel}","templated":true}]}}