{"id":533,"date":"2023-11-21T14:40:24","date_gmt":"2023-11-21T14:40:24","guid":{"rendered":"https:\/\/uk-gb.net\/online-eta-visumformular-england\/"},"modified":"2026-01-16T09:53:27","modified_gmt":"2026-01-16T09:53:27","slug":"online-eta-visumformular-england","status":"publish","type":"page","link":"https:\/\/uk-gb.net\/de\/online-eta-visumformular-england\/","title":{"rendered":"Online-Formular ETA f\u00fcr England"},"content":{"rendered":"\t\t<div data-elementor-type=\"wp-page\" data-elementor-id=\"533\" class=\"elementor elementor-533 elementor-520\" data-elementor-post-type=\"page\">\n\t\t\t\t\t\t<section class=\"elementor-section elementor-top-section elementor-element elementor-element-c2dd1d6 elementor-section-boxed elementor-section-height-default elementor-section-height-default\" data-id=\"c2dd1d6\" data-element_type=\"section\" data-e-type=\"section\">\n\t\t\t\t\t\t<div class=\"elementor-container elementor-column-gap-default\">\n\t\t\t\t\t<div class=\"elementor-column elementor-col-100 elementor-top-column elementor-element elementor-element-cbe591\" data-id=\"cbe591\" data-element_type=\"column\" data-e-type=\"column\">\n\t\t\t<div class=\"elementor-widget-wrap elementor-element-populated\">\n\t\t\t\t\t\t<div class=\"elementor-element elementor-element-2213ec2d elementor-widget elementor-widget-heading\" data-id=\"2213ec2d\" data-element_type=\"widget\" data-e-type=\"widget\" data-widget_type=\"heading.default\">\n\t\t\t\t<div class=\"elementor-widget-container\">\n\t\t\t\t\t<h1 class=\"elementor-heading-title elementor-size-default\">ETA-Formular online<\/h1>\t\t\t\t<\/div>\n\t\t\t\t<\/div>\n\t\t\t\t\t<\/div>\n\t\t<\/div>\n\t\t\t\t\t<\/div>\n\t\t<\/section>\n\t\t\t\t<section class=\"elementor-section elementor-top-section elementor-element elementor-element-70d757c3 elementor-section-boxed elementor-section-height-default elementor-section-height-default\" data-id=\"70d757c3\" data-element_type=\"section\" data-e-type=\"section\">\n\t\t\t\t\t\t<div class=\"elementor-container elementor-column-gap-default\">\n\t\t\t\t\t<div class=\"elementor-column elementor-col-100 elementor-top-column elementor-element elementor-element-411bf69e\" data-id=\"411bf69e\" data-element_type=\"column\" data-e-type=\"column\">\n\t\t\t<div class=\"elementor-widget-wrap elementor-element-populated\">\n\t\t\t\t\t\t<div class=\"elementor-element elementor-element-225ba8f6 elementor-widget elementor-widget-text-editor\" data-id=\"225ba8f6\" data-element_type=\"widget\" data-e-type=\"widget\" data-widget_type=\"text-editor.default\">\n\t\t\t\t<div class=\"elementor-widget-container\">\n\t\t\t\t\t\t\t\t\t<p>F\u00fcr einen Aufenthalt von weniger als 6 Monaten im Vereinigten K\u00f6nigreich k\u00f6nnen die Einreiseformalit\u00e4ten vollst\u00e4ndig online erledigt werden. Es ist nicht notwendig, einen Termin bei der Botschaft zu vereinbaren: eine einfache elektronische Reisegenehmigung (ETA) gen\u00fcgt. Pr\u00fcfen Sie, ob Ihr <a href=\"https:\/\/uk-gb.net\/de\/lander-eta-vereinigte-konigreich-beantragen-konnen\/\">Land f\u00fcr die ETA in Frage kommt<\/a>.  <\/p>\t\t\t\t\t\t\t\t<\/div>\n\t\t\t\t<\/div>\n\t\t\t\t\t<\/div>\n\t\t<\/div>\n\t\t\t\t\t<\/div>\n\t\t<\/section>\n\t\t\t\t<section class=\"elementor-section elementor-top-section elementor-element elementor-element-70a7e55 elementor-section-boxed elementor-section-height-default elementor-section-height-default\" data-id=\"70a7e55\" data-element_type=\"section\" data-e-type=\"section\">\n\t\t\t\t\t\t<div class=\"elementor-container elementor-column-gap-default\">\n\t\t\t\t\t<div class=\"elementor-column elementor-col-100 elementor-top-column elementor-element elementor-element-8b7d2c5\" data-id=\"8b7d2c5\" data-element_type=\"column\" data-e-type=\"column\">\n\t\t\t<div class=\"elementor-widget-wrap elementor-element-populated\">\n\t\t\t\t\t\t<div class=\"elementor-element elementor-element-ef71c78 elementor-mobile-align-center elementor-widget elementor-widget-button\" data-id=\"ef71c78\" data-element_type=\"widget\" data-e-type=\"widget\" data-widget_type=\"button.default\">\n\t\t\t\t<div class=\"elementor-widget-container\">\n\t\t\t\t\t\t\t\t\t<div class=\"elementor-button-wrapper\">\n\t\t\t\t\t<a class=\"elementor-button elementor-button-link elementor-size-sm\" href=\"https:\/\/uk-gb.net\/fr\/recommends\/eta-uk-en\/\">\n\t\t\t\t\t\t<span class=\"elementor-button-content-wrapper\">\n\t\t\t\t\t\t\t\t\t<span class=\"elementor-button-text\">F\u00fcllen Sie das Formular aus<\/span>\n\t\t\t\t\t<\/span>\n\t\t\t\t\t<\/a>\n\t\t\t\t<\/div>\n\t\t\t\t\t\t\t\t<\/div>\n\t\t\t\t<\/div>\n\t\t\t\t\t<\/div>\n\t\t<\/div>\n\t\t\t\t\t<\/div>\n\t\t<\/section>\n\t\t\t\t<section class=\"elementor-section elementor-top-section elementor-element elementor-element-8041bbd elementor-section-boxed elementor-section-height-default elementor-section-height-default\" data-id=\"8041bbd\" data-element_type=\"section\" data-e-type=\"section\">\n\t\t\t\t\t\t<div class=\"elementor-container elementor-column-gap-default\">\n\t\t\t\t\t<div class=\"elementor-column elementor-col-100 elementor-top-column elementor-element elementor-element-c8c4ad6\" data-id=\"c8c4ad6\" data-element_type=\"column\" data-e-type=\"column\">\n\t\t\t<div class=\"elementor-widget-wrap elementor-element-populated\">\n\t\t\t\t\t\t<div class=\"elementor-element elementor-element-3b0a135 elementor-widget elementor-widget-spacer\" data-id=\"3b0a135\" data-element_type=\"widget\" data-e-type=\"widget\" data-widget_type=\"spacer.default\">\n\t\t\t\t<div class=\"elementor-widget-container\">\n\t\t\t\t\t\t\t<div class=\"elementor-spacer\">\n\t\t\t<div class=\"elementor-spacer-inner\"><\/div>\n\t\t<\/div>\n\t\t\t\t\t\t<\/div>\n\t\t\t\t<\/div>\n\t\t\t\t\t<\/div>\n\t\t<\/div>\n\t\t\t\t\t<\/div>\n\t\t<\/section>\n\t\t\t\t<section class=\"elementor-section elementor-top-section elementor-element elementor-element-38d3e578 elementor-section-boxed elementor-section-height-default elementor-section-height-default\" data-id=\"38d3e578\" data-element_type=\"section\" data-e-type=\"section\">\n\t\t\t\t\t\t<div class=\"elementor-container elementor-column-gap-default\">\n\t\t\t\t\t<div class=\"elementor-column elementor-col-100 elementor-top-column elementor-element elementor-element-1f487c15\" data-id=\"1f487c15\" data-element_type=\"column\" data-e-type=\"column\">\n\t\t\t<div class=\"elementor-widget-wrap elementor-element-populated\">\n\t\t\t\t\t\t<div class=\"elementor-element elementor-element-7ae26322 elementor-widget elementor-widget-text-editor\" data-id=\"7ae26322\" data-element_type=\"widget\" data-e-type=\"widget\" data-widget_type=\"text-editor.default\">\n\t\t\t\t<div class=\"elementor-widget-container\">\n\t\t\t\t\t\t\t\t\t<p>Die Online-Anwendung l\u00e4sst sich in wenigen Minuten vervollst\u00e4ndigen, wenn Sie Ihre Reisedokumente dabei haben. Sie m\u00fcssen die geforderten pers\u00f6nlichen Informationen ausf\u00fcllen, um Ihre ETA zu erhalten. Die Zahlung erfolgt online, nachdem Sie das Formular best\u00e4tigt haben. Anschlie\u00dfend erhalten Sie die Best\u00e4tigung Ihrer ETA per E-Mail.   <\/p>\t\t\t\t\t\t\t\t<\/div>\n\t\t\t\t<\/div>\n\t\t\t\t<div class=\"elementor-element elementor-element-7e392ed elementor-widget elementor-widget-text-editor\" data-id=\"7e392ed\" data-element_type=\"widget\" data-e-type=\"widget\" data-widget_type=\"text-editor.default\">\n\t\t\t\t<div class=\"elementor-widget-container\">\n\t\t\t\t\t\t\t\t\t<p><strong>Wenn Sie ein B\u00fcrger eines europ\u00e4ischen Landes sind<\/strong>, <span style=\"font-weight: 400;\">m\u00fcssen Sie seit April 2025 eine Reisegenehmigung<\/span> <a href=\"https:\/\/uk-gb.net\/de\/eta-england-vereinigtes-konigreich\/\">ETA UK<\/a> einholen, bevor Sie in ein Land des Vereinigten K\u00f6nigreichs einreisen k\u00f6nnen. Sie m\u00fcssen sich online auf der offiziellen Website <a href=\"https:\/\/www.gov.uk\/\">gov.uk<\/a> anmelden, um eine elektronische Reisegenehmigung zu beantragen.<\/p><p>Sie k\u00f6nnen auch <a href=\"https:\/\/uk-gb.net\/de\/iphone-app-eta-england-visum\/\">die ETA-Anwendung<\/a> in den Stores herunterladen, um Ihren Antrag auf Reisegenehmigung f\u00fcr das Vereinigte K\u00f6nigreich zu verwalten.<\/p>\t\t\t\t\t\t\t\t<\/div>\n\t\t\t\t<\/div>\n\t\t\t\t\t<\/div>\n\t\t<\/div>\n\t\t\t\t\t<\/div>\n\t\t<\/section>\n\t\t\t\t<section class=\"elementor-section elementor-top-section elementor-element elementor-element-622708a2 elementor-section-boxed elementor-section-height-default elementor-section-height-default\" data-id=\"622708a2\" data-element_type=\"section\" data-e-type=\"section\">\n\t\t\t\t\t\t<div class=\"elementor-container elementor-column-gap-default\">\n\t\t\t\t\t<div class=\"elementor-column elementor-col-100 elementor-top-column elementor-element elementor-element-579ef83\" data-id=\"579ef83\" data-element_type=\"column\" data-e-type=\"column\">\n\t\t\t<div class=\"elementor-widget-wrap elementor-element-populated\">\n\t\t\t\t\t\t<div class=\"elementor-element elementor-element-198e42c1 elementor-widget elementor-widget-heading\" data-id=\"198e42c1\" data-element_type=\"widget\" data-e-type=\"widget\" data-widget_type=\"heading.default\">\n\t\t\t\t<div class=\"elementor-widget-container\">\n\t\t\t\t\t<h2 class=\"elementor-heading-title elementor-size-default\">Wie lange dauert die Bearbeitung eines ETA-Antrags?<\/h2>\t\t\t\t<\/div>\n\t\t\t\t<\/div>\n\t\t\t\t\t<\/div>\n\t\t<\/div>\n\t\t\t\t\t<\/div>\n\t\t<\/section>\n\t\t\t\t<section class=\"elementor-section elementor-top-section elementor-element elementor-element-7152df9 elementor-section-boxed elementor-section-height-default elementor-section-height-default\" data-id=\"7152df9\" data-element_type=\"section\" data-e-type=\"section\">\n\t\t\t\t\t\t<div class=\"elementor-container elementor-column-gap-default\">\n\t\t\t\t\t<div class=\"elementor-column elementor-col-100 elementor-top-column elementor-element elementor-element-3c28bea1\" data-id=\"3c28bea1\" data-element_type=\"column\" data-e-type=\"column\">\n\t\t\t<div class=\"elementor-widget-wrap elementor-element-populated\">\n\t\t\t\t\t\t<div class=\"elementor-element elementor-element-39ba44df elementor-widget elementor-widget-text-editor\" data-id=\"39ba44df\" data-element_type=\"widget\" data-e-type=\"widget\" data-widget_type=\"text-editor.default\">\n\t\t\t\t<div class=\"elementor-widget-container\">\n\t\t\t\t\t\t\t\t\t<p>Sobald die Zahlung erfolgt ist, wird der ETA-Antrag automatisch zur Bearbeitung weitergeleitet. In den meisten F\u00e4llen ist das Verfahren vollst\u00e4ndig computergest\u00fctzt und die Antwort wird <strong>innerhalb weniger Minuten per E-Mail versandt<\/strong>. <\/p><p>Einige F\u00e4lle k\u00f6nnen jedoch eine weitere Pr\u00fcfung erfordern. Die Regierung des Vereinigten K\u00f6nigreichs rechnet mit einer Bearbeitungszeit von maximal 3 Tagen. Es wird daher dringend empfohlen, dass Sie Ihren Antrag mindestens 72 Stunden vor Ihrer Abreise in das Vereinigte K\u00f6nigreich stellen.  <\/p>\t\t\t\t\t\t\t\t<\/div>\n\t\t\t\t<\/div>\n\t\t\t\t\t<\/div>\n\t\t<\/div>\n\t\t\t\t\t<\/div>\n\t\t<\/section>\n\t\t\t\t<section class=\"elementor-section elementor-top-section elementor-element elementor-element-3490f9f1 elementor-section-boxed elementor-section-height-default elementor-section-height-default\" data-id=\"3490f9f1\" data-element_type=\"section\" data-e-type=\"section\">\n\t\t\t\t\t\t<div class=\"elementor-container elementor-column-gap-default\">\n\t\t\t\t\t<div class=\"elementor-column elementor-col-100 elementor-top-column elementor-element elementor-element-4f4a9e0d\" data-id=\"4f4a9e0d\" data-element_type=\"column\" data-e-type=\"column\">\n\t\t\t<div class=\"elementor-widget-wrap elementor-element-populated\">\n\t\t\t\t\t\t<div class=\"elementor-element elementor-element-3d9782f1 elementor-widget elementor-widget-heading\" data-id=\"3d9782f1\" data-element_type=\"widget\" data-e-type=\"widget\" data-widget_type=\"heading.default\">\n\t\t\t\t<div class=\"elementor-widget-container\">\n\t\t\t\t\t<h2 class=\"elementor-heading-title elementor-size-default\">Wie lange ist eine ETA g\u00fcltig?<\/h2>\t\t\t\t<\/div>\n\t\t\t\t<\/div>\n\t\t\t\t\t<\/div>\n\t\t<\/div>\n\t\t\t\t\t<\/div>\n\t\t<\/section>\n\t\t\t\t<section class=\"elementor-section elementor-top-section elementor-element elementor-element-305c39ac elementor-section-boxed elementor-section-height-default elementor-section-height-default\" data-id=\"305c39ac\" data-element_type=\"section\" data-e-type=\"section\">\n\t\t\t\t\t\t<div class=\"elementor-container elementor-column-gap-default\">\n\t\t\t\t\t<div class=\"elementor-column elementor-col-100 elementor-top-column elementor-element elementor-element-4a39538\" data-id=\"4a39538\" data-element_type=\"column\" data-e-type=\"column\">\n\t\t\t<div class=\"elementor-widget-wrap elementor-element-populated\">\n\t\t\t\t\t\t<div class=\"elementor-element elementor-element-4fa20db5 elementor-widget elementor-widget-text-editor\" data-id=\"4fa20db5\" data-element_type=\"widget\" data-e-type=\"widget\" data-widget_type=\"text-editor.default\">\n\t\t\t\t<div class=\"elementor-widget-container\">\n\t\t\t\t\t\t\t\t\t<p>Die <a href=\"https:\/\/uk-gb.net\/de\/eta-england-vereinigtes-konigreich\/\">ETA-Genehmigung f\u00fcr das Vereinigte K\u00f6nigreich<\/a> ist ab dem Zeitpunkt ihrer Genehmigung <strong>zwei Jahre lang g\u00fcltig<\/strong>. Innerhalb dieses Zeitraums k\u00f6nnen Sie so viele Aufenthalte machen, wie Sie m\u00f6chten, vorausgesetzt, dass <strong>jeder Besuch nicht l\u00e4nger als 6 Monate dauert<\/strong>.<\/p><p>Die ETA ist an den Reisepass gebunden, der bei der Beantragung verwendet wurde. Wenn Ihr Reisepass abl\u00e4uft oder verl\u00e4ngert wird, ist ein neuer ETA-Antrag erforderlich. Bei einem Aufenthalt von mehr als 6 Monaten muss ein <a href=\"https:\/\/uk-gb.net\/de\/verschiedene-arten-von-britischen-visa\/\">britisches Visum<\/a> beantragt werden.  <\/p>\t\t\t\t\t\t\t\t<\/div>\n\t\t\t\t<\/div>\n\t\t\t\t\t<\/div>\n\t\t<\/div>\n\t\t\t\t\t<\/div>\n\t\t<\/section>\n\t\t\t\t<section class=\"elementor-section elementor-top-section elementor-element elementor-element-c525af0 elementor-section-boxed elementor-section-height-default elementor-section-height-default\" data-id=\"c525af0\" data-element_type=\"section\" data-e-type=\"section\">\n\t\t\t\t\t\t<div class=\"elementor-container elementor-column-gap-default\">\n\t\t\t\t\t<div class=\"elementor-column elementor-col-100 elementor-top-column elementor-element elementor-element-0665078\" data-id=\"0665078\" data-element_type=\"column\" data-e-type=\"column\">\n\t\t\t<div class=\"elementor-widget-wrap elementor-element-populated\">\n\t\t\t\t\t\t<div class=\"elementor-element elementor-element-74c424d elementor-widget-divider--view-line elementor-widget elementor-widget-divider\" data-id=\"74c424d\" data-element_type=\"widget\" data-e-type=\"widget\" data-widget_type=\"divider.default\">\n\t\t\t\t<div class=\"elementor-widget-container\">\n\t\t\t\t\t\t\t<div class=\"elementor-divider\">\n\t\t\t<span class=\"elementor-divider-separator\">\n\t\t\t\t\t\t<\/span>\n\t\t<\/div>\n\t\t\t\t\t\t<\/div>\n\t\t\t\t<\/div>\n\t\t\t\t\t<\/div>\n\t\t<\/div>\n\t\t\t\t\t<\/div>\n\t\t<\/section>\n\t\t\t\t<\/div>\n\t\t","protected":false},"excerpt":{"rendered":"<p>ETA-Formular online F\u00fcr einen Aufenthalt von weniger als 6 Monaten im Vereinigten K\u00f6nigreich k\u00f6nnen die Einreiseformalit\u00e4ten vollst\u00e4ndig online erledigt werden. Es ist nicht notwendig, einen Termin bei der Botschaft zu vereinbaren: eine einfache elektronische Reisegenehmigung (ETA) gen\u00fcgt. Pr\u00fcfen Sie, ob Ihr Land f\u00fcr die ETA in Frage kommt. F\u00fcllen Sie das Formular aus Die Online-Anwendung [&hellip;]<\/p>\n","protected":false},"author":1,"featured_media":0,"parent":0,"menu_order":0,"comment_status":"closed","ping_status":"closed","template":"","meta":{"footnotes":""},"class_list":["post-533","page","type-page","status-publish","hentry"],"yoast_head":"<!-- This site is optimized with the Yoast SEO plugin v27.4 - https:\/\/yoast.com\/product\/yoast-seo-wordpress\/ -->\n<title>Online-Formular ETA f\u00fcr England - UK GB<\/title>\n<meta name=\"description\" content=\"Online-Formular f\u00fcr den Antrag auf ein ETA-Visum f\u00fcr einen Aufenthalt in England oder Gro\u00dfbritannien aus touristischen oder beruflichen Gr\u00fcnden\" \/>\n<meta name=\"robots\" content=\"index, follow, max-snippet:-1, max-image-preview:large, max-video-preview:-1\" \/>\n<link rel=\"canonical\" href=\"https:\/\/uk-gb.net\/de\/online-eta-visumformular-england\/\" \/>\n<meta property=\"og:locale\" content=\"de_DE\" \/>\n<meta property=\"og:type\" content=\"article\" \/>\n<meta property=\"og:title\" content=\"Online-Formular ETA f\u00fcr England - UK GB\" \/>\n<meta property=\"og:description\" content=\"Online-Formular f\u00fcr den Antrag auf ein ETA-Visum f\u00fcr einen Aufenthalt in England oder Gro\u00dfbritannien aus touristischen oder beruflichen Gr\u00fcnden\" \/>\n<meta property=\"og:url\" content=\"https:\/\/uk-gb.net\/de\/online-eta-visumformular-england\/\" \/>\n<meta property=\"og:site_name\" content=\"UK GB\" \/>\n<meta property=\"article:modified_time\" content=\"2026-01-16T09:53:27+00:00\" \/>\n<meta name=\"twitter:card\" content=\"summary_large_image\" \/>\n<meta name=\"twitter:label1\" content=\"Gesch\u00e4tzte Lesezeit\" \/>\n\t<meta name=\"twitter:data1\" content=\"2\u00a0Minuten\" \/>\n<script type=\"application\/ld+json\" class=\"yoast-schema-graph\">{\"@context\":\"https:\\\/\\\/schema.org\",\"@graph\":[{\"@type\":\"WebPage\",\"@id\":\"https:\\\/\\\/uk-gb.net\\\/de\\\/online-eta-visumformular-england\\\/\",\"url\":\"https:\\\/\\\/uk-gb.net\\\/de\\\/online-eta-visumformular-england\\\/\",\"name\":\"Online-Formular ETA f\u00fcr England - UK GB\",\"isPartOf\":{\"@id\":\"https:\\\/\\\/uk-gb.net\\\/de\\\/#website\"},\"datePublished\":\"2023-11-21T14:40:24+00:00\",\"dateModified\":\"2026-01-16T09:53:27+00:00\",\"description\":\"Online-Formular f\u00fcr den Antrag auf ein ETA-Visum f\u00fcr einen Aufenthalt in England oder Gro\u00dfbritannien aus touristischen oder beruflichen Gr\u00fcnden\",\"inLanguage\":\"de\",\"potentialAction\":[{\"@type\":\"ReadAction\",\"target\":[\"https:\\\/\\\/uk-gb.net\\\/de\\\/online-eta-visumformular-england\\\/\"]}]},{\"@type\":\"WebSite\",\"@id\":\"https:\\\/\\\/uk-gb.net\\\/de\\\/#website\",\"url\":\"https:\\\/\\\/uk-gb.net\\\/de\\\/\",\"name\":\"UK GB\",\"description\":\"Travel to the UK\",\"potentialAction\":[{\"@type\":\"SearchAction\",\"target\":{\"@type\":\"EntryPoint\",\"urlTemplate\":\"https:\\\/\\\/uk-gb.net\\\/de\\\/?s={search_term_string}\"},\"query-input\":{\"@type\":\"PropertyValueSpecification\",\"valueRequired\":true,\"valueName\":\"search_term_string\"}}],\"inLanguage\":\"de\"}]}<\/script>\n<!-- \/ Yoast SEO plugin. -->","yoast_head_json":{"title":"Online-Formular ETA f\u00fcr England - UK GB","description":"Online-Formular f\u00fcr den Antrag auf ein ETA-Visum f\u00fcr einen Aufenthalt in England oder Gro\u00dfbritannien aus touristischen oder beruflichen Gr\u00fcnden","robots":{"index":"index","follow":"follow","max-snippet":"max-snippet:-1","max-image-preview":"max-image-preview:large","max-video-preview":"max-video-preview:-1"},"canonical":"https:\/\/uk-gb.net\/de\/online-eta-visumformular-england\/","og_locale":"de_DE","og_type":"article","og_title":"Online-Formular ETA f\u00fcr England - UK GB","og_description":"Online-Formular f\u00fcr den Antrag auf ein ETA-Visum f\u00fcr einen Aufenthalt in England oder Gro\u00dfbritannien aus touristischen oder beruflichen Gr\u00fcnden","og_url":"https:\/\/uk-gb.net\/de\/online-eta-visumformular-england\/","og_site_name":"UK GB","article_modified_time":"2026-01-16T09:53:27+00:00","twitter_card":"summary_large_image","twitter_misc":{"Gesch\u00e4tzte Lesezeit":"2\u00a0Minuten"},"schema":{"@context":"https:\/\/schema.org","@graph":[{"@type":"WebPage","@id":"https:\/\/uk-gb.net\/de\/online-eta-visumformular-england\/","url":"https:\/\/uk-gb.net\/de\/online-eta-visumformular-england\/","name":"Online-Formular ETA f\u00fcr England - UK GB","isPartOf":{"@id":"https:\/\/uk-gb.net\/de\/#website"},"datePublished":"2023-11-21T14:40:24+00:00","dateModified":"2026-01-16T09:53:27+00:00","description":"Online-Formular f\u00fcr den Antrag auf ein ETA-Visum f\u00fcr einen Aufenthalt in England oder Gro\u00dfbritannien aus touristischen oder beruflichen Gr\u00fcnden","inLanguage":"de","potentialAction":[{"@type":"ReadAction","target":["https:\/\/uk-gb.net\/de\/online-eta-visumformular-england\/"]}]},{"@type":"WebSite","@id":"https:\/\/uk-gb.net\/de\/#website","url":"https:\/\/uk-gb.net\/de\/","name":"UK GB","description":"Travel to the UK","potentialAction":[{"@type":"SearchAction","target":{"@type":"EntryPoint","urlTemplate":"https:\/\/uk-gb.net\/de\/?s={search_term_string}"},"query-input":{"@type":"PropertyValueSpecification","valueRequired":true,"valueName":"search_term_string"}}],"inLanguage":"de"}]}},"_links":{"self":[{"href":"https:\/\/uk-gb.net\/de\/wp-json\/wp\/v2\/pages\/533","targetHints":{"allow":["GET"]}}],"collection":[{"href":"https:\/\/uk-gb.net\/de\/wp-json\/wp\/v2\/pages"}],"about":[{"href":"https:\/\/uk-gb.net\/de\/wp-json\/wp\/v2\/types\/page"}],"author":[{"embeddable":true,"href":"https:\/\/uk-gb.net\/de\/wp-json\/wp\/v2\/users\/1"}],"replies":[{"embeddable":true,"href":"https:\/\/uk-gb.net\/de\/wp-json\/wp\/v2\/comments?post=533"}],"version-history":[{"count":0,"href":"https:\/\/uk-gb.net\/de\/wp-json\/wp\/v2\/pages\/533\/revisions"}],"wp:attachment":[{"href":"https:\/\/uk-gb.net\/de\/wp-json\/wp\/v2\/media?parent=533"}],"curies":[{"name":"wp","href":"https:\/\/api.w.org\/{rel}","templated":true}]}}