{"id":526,"date":"2023-11-21T12:31:09","date_gmt":"2023-11-21T12:31:09","guid":{"rendered":"https:\/\/uk-gb.net\/touristenvisum-england-vereinigtes-koenigreich\/"},"modified":"2025-06-04T15:42:22","modified_gmt":"2025-06-04T14:42:22","slug":"touristenvisum-england-vereinigtes-koenigreich","status":"publish","type":"page","link":"https:\/\/uk-gb.net\/de\/touristenvisum-england-vereinigtes-koenigreich\/","title":{"rendered":"Touristenvisum f\u00fcr das Vereinigte K\u00f6nigreich"},"content":{"rendered":"\n<h1 class=\"wp-block-heading\">Touristenvisum f\u00fcr Reisen nach England<\/h1>\n\n<p>Wenn Sie <a href=\"https:\/\/uk-gb.net\/de\/london\/\">London<\/a>, <a href=\"https:\/\/uk-gb.net\/de\/manchester\/\">Manchester<\/a>, <a href=\"https:\/\/uk-gb.net\/de\/glasgow\/\">Glasgow<\/a> besuchen oder die Landschaft von Wales erkunden m\u00f6chten, ben\u00f6tigen Sie m\u00f6glicherweise ein <strong>Touristenvisum f\u00fcr das Vereinigte K\u00f6nigreich<\/strong>. Dieses Visum erlaubt es Reisenden, sich vor\u00fcbergehend im Vereinigten K\u00f6nigreich aufzuhalten, um Urlaub zu machen, Verwandte zu besuchen oder sich kulturell oder medizinisch zu bet\u00e4tigen. <\/p>\n\n<p><strong>F\u00fcr einen touristischen Aufenthalt von weniger als 6 Monaten<\/strong>: Es ist kein britisches Touristenvisum erforderlich, es gen\u00fcgt, eine elektronische Reisegenehmigung ETA zu beantragen, indem Sie das <a href=\"https:\/\/uk-gb.net\/de\/online-eta-visumformular-england\/\">ETA-Formular online<\/a> ausf\u00fcllen.<\/p>\n\n<div style=\"height:10px\" aria-hidden=\"true\" class=\"wp-block-spacer\"><\/div>\n\n<h2 class=\"wp-block-heading\">Was ist das britische Touristenvisum?<\/h2>\n\n<p>Das Touristenvisum, offiziell <strong>Standard Visitor Visa<\/strong> genannt, ist f\u00fcr Personen bestimmt, die in das Vereinigte K\u00f6nigreich einreisen m\u00f6chten, um :<\/p>\n\n<ul class=\"wp-block-list\">\n<li><strong>Urlaub<\/strong> oder <strong>Tourismus<\/strong><\/li>\n\n\n\n<li><strong>Verwandte oder Freunde besuchen<\/strong><\/li>\n\n\n\n<li>an einer <strong>kulturellen, musikalischen oder sportlichen Veranstaltung<\/strong> teilnehmen<\/li>\n\n\n\n<li>eine nicht dringende <strong>medizinische Versorgung<\/strong> erhalten<\/li>\n\n\n\n<li>einen <strong>Kurzzeitkurs<\/strong> besuchen (maximal 30 Tage)<\/li>\n<\/ul>\n\n<div style=\"height:10px\" aria-hidden=\"true\" class=\"wp-block-spacer\"><\/div>\n\n<p>Dieses Visum berechtigt nicht <strong>zur Aufnahme einer Arbeit<\/strong> oder eines l\u00e4ngeren Studiums oder zu einem st\u00e4ndigen Aufenthalt im Vereinigten K\u00f6nigreich.<\/p>\n\n<h2 class=\"wp-block-heading\">Ist das Touristenvisum f\u00fcr Sie relevant?<\/h2>\n\n<p>Die Notwendigkeit, ein Touristenvisum f\u00fcr das Vereinigte K\u00f6nigreich zu erhalten, h\u00e4ngt von der <strong>Nationalit\u00e4t des Reisenden<\/strong> ab:<\/p>\n\n<p><strong>Sie ben\u00f6tigen kein Touristenvisum<\/strong>: Wenn Sie Staatsangeh\u00f6riger eines <a href=\"https:\/\/uk-gb.net\/de\/lander-eta-vereinigte-konigreich-beantragen-konnen\/\">Landes sind, das f\u00fcr die elektronische Reisegenehmigung ( ETA<\/a> ) in Frage kommt, z. B. Kanada, USA, Japan, Australien und die EU-L\u00e4nder.<\/p>\n\n<p><strong>Sie ben\u00f6tigen ein Touristenvisum<\/strong>, wenn :<\/p>\n\n<ul class=\"wp-block-list\">\n<li>Sie sind Staatsangeh\u00f6riger eines visumpflichtigen Landes (z.B. Indien, Marokko, Algerien, Tunesien, China, Pakistan&#8230;).<\/li>\n\n\n\n<li>Sie erf\u00fcllen die Bedingungen f\u00fcr eine Befreiung nicht.<\/li>\n\n\n\n<li>Sie k\u00f6nnen keine ETA beantragen oder wurden bereits abgelehnt.<\/li>\n<\/ul>\n\n<blockquote class=\"wp-block-quote is-layout-flow wp-block-quote-is-layout-flow\">\n<p>Um zu \u00fcberpr\u00fcfen, ob Sie ein Visum oder eine ETA ben\u00f6tigen, besuchen Sie die offizielle Website <a href=\"https:\/\/www.gov.uk\/check-uk-visa\">gov.uk\/check-uk-visa<\/a>.<\/p>\n<\/blockquote>\n\n<h2 class=\"wp-block-heading\">Wie beantrage ich ein britisches Visum?<\/h2>\n\n<p>Die <a href=\"https:\/\/uk-gb.net\/de\/antragsverfahren-visum-vereinigte-konigreich\/\">Beantragung eines Visums<\/a> erfolgt online auf der Website der britischen Grenzbeh\u00f6rde. Hier sind die Schritte f\u00fcr die Online-Beantragung eines britischen Visums :<\/p>\n\n<ol class=\"wp-block-list\">\n<li>Besuchen Sie die offizielle Website <a href=\"http:\/\/www.gov.uk\">www.gov.uk<\/a><\/li>\n\n\n\n<li>W\u00e4hlen Sie Ihren Visumstyp<\/li>\n\n\n\n<li>Erstellen Sie ein Konto und f\u00fcllen Sie das Online-Formular aus.<\/li>\n\n\n\n<li>Bezahlen Sie die <a href=\"https:\/\/uk-gb.net\/de\/visumpreis-fur-england\/\">Visageb\u00fchren<\/a><\/li>\n\n\n\n<li>Vereinbaren Sie einen Termin in einem zugelassenen Zentrum, um Ihre biometrischen Daten zu \u00fcbermitteln.<\/li>\n\n\n\n<li>Reichen Sie Ihre Belege ein und warten Sie auf die Entscheidung.<\/li>\n<\/ol>\n\n<div style=\"height:10px\" aria-hidden=\"true\" class=\"wp-block-spacer\"><\/div>\n\n<h2 class=\"wp-block-heading\">Was kostet ein Touristenvisum f\u00fcr das Vereinigte K\u00f6nigreich?<\/h2>\n\n<p>Die Verwaltungsgeb\u00fchr f\u00fcr ein britisches Visum betr\u00e4gt :<\/p>\n\n<figure class=\"wp-block-table\"><table><tbody><tr><td><strong>Art des britischen Visums<\/strong><\/td><td class=\"has-text-align-center\" data-align=\"center\"><strong>Zu zahlende Geb\u00fchren<\/strong><\/td><\/tr><tr><td>Standardvisum bis zu 6 Monaten<\/td><td class=\"has-text-align-center\" data-align=\"center\">\u00a3 115<\/td><\/tr><tr><td>Visum f\u00fcr mehrere Einreisen (2 Jahre), aber maximal 6 Monate pro Aufenthalt<\/td><td class=\"has-text-align-center\" data-align=\"center\">\u00a3 400<\/td><\/tr><tr><td>Mehrfaches Visum (5 Jahre), aber maximal 6 Monate pro Aufenthalt.<\/td><td class=\"has-text-align-center\" data-align=\"center\">\u00a3 771<\/td><\/tr><tr><td>Mehrfaches Visum (10 Jahre), aber maximal 6 Monate pro Aufenthalt.<\/td><td class=\"has-text-align-center\" data-align=\"center\">\u00a3 963<\/td><\/tr><\/tbody><\/table><figcaption class=\"wp-element-caption\">H\u00f6he der Geb\u00fchren f\u00fcr Touristenvisa<\/figcaption><\/figure>\n\n<h2 class=\"wp-block-heading\">ETA oder Touristenvisum: Was ist der Unterschied?<\/h2>\n\n<figure class=\"wp-block-table\"><table class=\"has-fixed-layout\"><thead><tr><th class=\"has-text-align-center\" data-align=\"center\">Kriterium<\/th><th class=\"has-text-align-center\" data-align=\"center\">ETA<\/th><th class=\"has-text-align-center\" data-align=\"center\">Touristenvisum<\/th><\/tr><\/thead><tbody><tr><td class=\"has-text-align-center\" data-align=\"center\">Kosten<\/td><td class=\"has-text-align-center\" data-align=\"center\">16 \u00a3<\/td><td class=\"has-text-align-center\" data-align=\"center\">Ab 115 \u00a3<\/td><\/tr><tr><td class=\"has-text-align-center\" data-align=\"center\">Frist<\/td><td class=\"has-text-align-center\" data-align=\"center\">Antwort innerhalb von 72 Stunden<\/td><td class=\"has-text-align-center\" data-align=\"center\">Etwa 3 Wochen<\/td><\/tr><tr><td class=\"has-text-align-center\" data-align=\"center\">G\u00fcltigkeitsdauer<\/td><td class=\"has-text-align-center\" data-align=\"center\">2 Jahre<\/td><td class=\"has-text-align-center\" data-align=\"center\">Bis 10 Jahre (mehrere Eintr\u00e4ge)<\/td><\/tr><tr><td class=\"has-text-align-center\" data-align=\"center\">Verfahren<\/td><td class=\"has-text-align-center\" data-align=\"center\">100% online<\/td><td class=\"has-text-align-center\" data-align=\"center\">Online + Konsulartermin<\/td><\/tr><tr><td class=\"has-text-align-center\" data-align=\"center\">Betroffene Nationalit\u00e4ten<\/td><td class=\"has-text-align-center\" data-align=\"center\">L\u00e4nder, die kein Visum ben\u00f6tigen<\/td><td class=\"has-text-align-center\" data-align=\"center\">Visumpflichtige L\u00e4nder<\/td><\/tr><\/tbody><\/table><\/figure>\n\n<h2 class=\"wp-block-heading\">Wie lange dauert es, ein britisches Visum zu beantragen?<\/h2>\n\n<ul class=\"wp-block-list\">\n<li>Die durchschnittliche Bearbeitungsdauer betr\u00e4gt <strong>3 Wochen<\/strong> ab dem biometrischen Termin.<\/li>\n\n\n\n<li>Ein <strong>beschleunigter Service<\/strong> (Priority Visa) ist in einigen L\u00e4ndern verf\u00fcgbar, um eine Antwort innerhalb von 5 Tagen oder weniger zu erhalten (mit zus\u00e4tzlichen Geb\u00fchren).<\/li>\n<\/ul>\n\n<div style=\"height:10px\" aria-hidden=\"true\" class=\"wp-block-spacer\"><\/div>\n\n<h2 class=\"wp-block-heading\">Bild eines Touristenvisums f\u00fcr das Vereinigte K\u00f6nigreich<\/h2>\n\n<p>Das Touristenvisum f\u00fcr das Vereinigte K\u00f6nigreich besteht aus einer Seite eines Reisepasses mit einem Foto des Inhabers, das bestimmte Ma\u00dfe einh\u00e4lt. Das Passfoto darf nicht \u00e4lter als 6 Monate sein, wenn es f\u00fcr die Ausstellung des Visums ben\u00f6tigt wird.<\/p>\n\n<figure class=\"wp-block-image size-full is-resized\" id=\"image-visa-uk-c\"><img fetchpriority=\"high\" decoding=\"async\" width=\"564\" height=\"338\" src=\"https:\/\/uk-gb.net\/wp-content\/uploads\/2024\/03\/UK-visa-C.jpg\" alt=\"Foto Visum Gro&#xDF;britannien\" class=\"wp-image-1890\" style=\"width:800px;height:auto\" title=\"Bild Visum UK\" srcset=\"https:\/\/uk-gb.net\/wp-content\/uploads\/2024\/03\/UK-visa-C.jpg 564w, https:\/\/uk-gb.net\/wp-content\/uploads\/2024\/03\/UK-visa-C-300x180.jpg 300w\" sizes=\"(max-width: 564px) 100vw, 564px\" \/><\/figure>\n","protected":false},"excerpt":{"rendered":"<p>Touristenvisum f\u00fcr Reisen nach England Wenn Sie London, Manchester, Glasgow besuchen oder die Landschaft von Wales erkunden m\u00f6chten, ben\u00f6tigen Sie m\u00f6glicherweise ein Touristenvisum f\u00fcr das Vereinigte K\u00f6nigreich. Dieses Visum erlaubt es Reisenden, sich vor\u00fcbergehend im Vereinigten K\u00f6nigreich aufzuhalten, um Urlaub zu machen, Verwandte zu besuchen oder sich kulturell oder medizinisch zu bet\u00e4tigen. F\u00fcr einen touristischen [&hellip;]<\/p>\n","protected":false},"author":1,"featured_media":0,"parent":0,"menu_order":0,"comment_status":"closed","ping_status":"closed","template":"","meta":{"footnotes":""},"class_list":["post-526","page","type-page","status-publish","hentry"],"yoast_head":"<!-- This site is optimized with the Yoast SEO plugin v27.4 - https:\/\/yoast.com\/product\/yoast-seo-wordpress\/ -->\n<title>Touristenvisum f\u00fcr das Vereinigte K\u00f6nigreich<\/title>\n<meta name=\"description\" content=\"Erfahren Sie mehr \u00fcber die Regeln f\u00fcr die Beantragung eines Touristenvisums f\u00fcr das Vereinigte K\u00f6nigreich.\" \/>\n<meta name=\"robots\" content=\"index, follow, max-snippet:-1, max-image-preview:large, max-video-preview:-1\" \/>\n<link rel=\"canonical\" href=\"https:\/\/uk-gb.net\/de\/touristenvisum-england-vereinigtes-koenigreich\/\" \/>\n<meta property=\"og:locale\" content=\"de_DE\" \/>\n<meta property=\"og:type\" content=\"article\" \/>\n<meta property=\"og:title\" content=\"Touristenvisum f\u00fcr das Vereinigte K\u00f6nigreich\" \/>\n<meta property=\"og:description\" content=\"Erfahren Sie mehr \u00fcber die Regeln f\u00fcr die Beantragung eines Touristenvisums f\u00fcr das Vereinigte K\u00f6nigreich.\" \/>\n<meta property=\"og:url\" content=\"https:\/\/uk-gb.net\/de\/touristenvisum-england-vereinigtes-koenigreich\/\" \/>\n<meta property=\"og:site_name\" content=\"UK GB\" \/>\n<meta property=\"article:modified_time\" content=\"2025-06-04T14:42:22+00:00\" \/>\n<meta property=\"og:image\" content=\"https:\/\/uk-gb.net\/wp-content\/uploads\/2024\/03\/UK-visa-C.jpg\" \/>\n<meta name=\"twitter:card\" content=\"summary_large_image\" \/>\n<meta name=\"twitter:label1\" content=\"Gesch\u00e4tzte Lesezeit\" \/>\n\t<meta name=\"twitter:data1\" content=\"3\u00a0Minuten\" \/>\n<script type=\"application\/ld+json\" class=\"yoast-schema-graph\">{\"@context\":\"https:\\\/\\\/schema.org\",\"@graph\":[{\"@type\":\"WebPage\",\"@id\":\"https:\\\/\\\/uk-gb.net\\\/de\\\/touristenvisum-england-vereinigtes-koenigreich\\\/\",\"url\":\"https:\\\/\\\/uk-gb.net\\\/de\\\/touristenvisum-england-vereinigtes-koenigreich\\\/\",\"name\":\"Touristenvisum f\u00fcr das Vereinigte K\u00f6nigreich\",\"isPartOf\":{\"@id\":\"https:\\\/\\\/uk-gb.net\\\/de\\\/#website\"},\"primaryImageOfPage\":{\"@id\":\"https:\\\/\\\/uk-gb.net\\\/de\\\/touristenvisum-england-vereinigtes-koenigreich\\\/#primaryimage\"},\"image\":{\"@id\":\"https:\\\/\\\/uk-gb.net\\\/de\\\/touristenvisum-england-vereinigtes-koenigreich\\\/#primaryimage\"},\"thumbnailUrl\":\"https:\\\/\\\/uk-gb.net\\\/wp-content\\\/uploads\\\/2024\\\/03\\\/UK-visa-C.jpg\",\"datePublished\":\"2023-11-21T12:31:09+00:00\",\"dateModified\":\"2025-06-04T14:42:22+00:00\",\"description\":\"Erfahren Sie mehr \u00fcber die Regeln f\u00fcr die Beantragung eines Touristenvisums f\u00fcr das Vereinigte K\u00f6nigreich.\",\"inLanguage\":\"de\",\"potentialAction\":[{\"@type\":\"ReadAction\",\"target\":[\"https:\\\/\\\/uk-gb.net\\\/de\\\/touristenvisum-england-vereinigtes-koenigreich\\\/\"]}]},{\"@type\":\"ImageObject\",\"inLanguage\":\"de\",\"@id\":\"https:\\\/\\\/uk-gb.net\\\/de\\\/touristenvisum-england-vereinigtes-koenigreich\\\/#primaryimage\",\"url\":\"https:\\\/\\\/uk-gb.net\\\/wp-content\\\/uploads\\\/2024\\\/03\\\/UK-visa-C.jpg\",\"contentUrl\":\"https:\\\/\\\/uk-gb.net\\\/wp-content\\\/uploads\\\/2024\\\/03\\\/UK-visa-C.jpg\"},{\"@type\":\"WebSite\",\"@id\":\"https:\\\/\\\/uk-gb.net\\\/de\\\/#website\",\"url\":\"https:\\\/\\\/uk-gb.net\\\/de\\\/\",\"name\":\"UK GB\",\"description\":\"Travel to the UK\",\"potentialAction\":[{\"@type\":\"SearchAction\",\"target\":{\"@type\":\"EntryPoint\",\"urlTemplate\":\"https:\\\/\\\/uk-gb.net\\\/de\\\/?s={search_term_string}\"},\"query-input\":{\"@type\":\"PropertyValueSpecification\",\"valueRequired\":true,\"valueName\":\"search_term_string\"}}],\"inLanguage\":\"de\"}]}<\/script>\n<!-- \/ Yoast SEO plugin. -->","yoast_head_json":{"title":"Touristenvisum f\u00fcr das Vereinigte K\u00f6nigreich","description":"Erfahren Sie mehr \u00fcber die Regeln f\u00fcr die Beantragung eines Touristenvisums f\u00fcr das Vereinigte K\u00f6nigreich.","robots":{"index":"index","follow":"follow","max-snippet":"max-snippet:-1","max-image-preview":"max-image-preview:large","max-video-preview":"max-video-preview:-1"},"canonical":"https:\/\/uk-gb.net\/de\/touristenvisum-england-vereinigtes-koenigreich\/","og_locale":"de_DE","og_type":"article","og_title":"Touristenvisum f\u00fcr das Vereinigte K\u00f6nigreich","og_description":"Erfahren Sie mehr \u00fcber die Regeln f\u00fcr die Beantragung eines Touristenvisums f\u00fcr das Vereinigte K\u00f6nigreich.","og_url":"https:\/\/uk-gb.net\/de\/touristenvisum-england-vereinigtes-koenigreich\/","og_site_name":"UK GB","article_modified_time":"2025-06-04T14:42:22+00:00","og_image":[{"url":"https:\/\/uk-gb.net\/wp-content\/uploads\/2024\/03\/UK-visa-C.jpg","type":"","width":"","height":""}],"twitter_card":"summary_large_image","twitter_misc":{"Gesch\u00e4tzte Lesezeit":"3\u00a0Minuten"},"schema":{"@context":"https:\/\/schema.org","@graph":[{"@type":"WebPage","@id":"https:\/\/uk-gb.net\/de\/touristenvisum-england-vereinigtes-koenigreich\/","url":"https:\/\/uk-gb.net\/de\/touristenvisum-england-vereinigtes-koenigreich\/","name":"Touristenvisum f\u00fcr das Vereinigte K\u00f6nigreich","isPartOf":{"@id":"https:\/\/uk-gb.net\/de\/#website"},"primaryImageOfPage":{"@id":"https:\/\/uk-gb.net\/de\/touristenvisum-england-vereinigtes-koenigreich\/#primaryimage"},"image":{"@id":"https:\/\/uk-gb.net\/de\/touristenvisum-england-vereinigtes-koenigreich\/#primaryimage"},"thumbnailUrl":"https:\/\/uk-gb.net\/wp-content\/uploads\/2024\/03\/UK-visa-C.jpg","datePublished":"2023-11-21T12:31:09+00:00","dateModified":"2025-06-04T14:42:22+00:00","description":"Erfahren Sie mehr \u00fcber die Regeln f\u00fcr die Beantragung eines Touristenvisums f\u00fcr das Vereinigte K\u00f6nigreich.","inLanguage":"de","potentialAction":[{"@type":"ReadAction","target":["https:\/\/uk-gb.net\/de\/touristenvisum-england-vereinigtes-koenigreich\/"]}]},{"@type":"ImageObject","inLanguage":"de","@id":"https:\/\/uk-gb.net\/de\/touristenvisum-england-vereinigtes-koenigreich\/#primaryimage","url":"https:\/\/uk-gb.net\/wp-content\/uploads\/2024\/03\/UK-visa-C.jpg","contentUrl":"https:\/\/uk-gb.net\/wp-content\/uploads\/2024\/03\/UK-visa-C.jpg"},{"@type":"WebSite","@id":"https:\/\/uk-gb.net\/de\/#website","url":"https:\/\/uk-gb.net\/de\/","name":"UK GB","description":"Travel to the UK","potentialAction":[{"@type":"SearchAction","target":{"@type":"EntryPoint","urlTemplate":"https:\/\/uk-gb.net\/de\/?s={search_term_string}"},"query-input":{"@type":"PropertyValueSpecification","valueRequired":true,"valueName":"search_term_string"}}],"inLanguage":"de"}]}},"_links":{"self":[{"href":"https:\/\/uk-gb.net\/de\/wp-json\/wp\/v2\/pages\/526","targetHints":{"allow":["GET"]}}],"collection":[{"href":"https:\/\/uk-gb.net\/de\/wp-json\/wp\/v2\/pages"}],"about":[{"href":"https:\/\/uk-gb.net\/de\/wp-json\/wp\/v2\/types\/page"}],"author":[{"embeddable":true,"href":"https:\/\/uk-gb.net\/de\/wp-json\/wp\/v2\/users\/1"}],"replies":[{"embeddable":true,"href":"https:\/\/uk-gb.net\/de\/wp-json\/wp\/v2\/comments?post=526"}],"version-history":[{"count":0,"href":"https:\/\/uk-gb.net\/de\/wp-json\/wp\/v2\/pages\/526\/revisions"}],"wp:attachment":[{"href":"https:\/\/uk-gb.net\/de\/wp-json\/wp\/v2\/media?parent=526"}],"curies":[{"name":"wp","href":"https:\/\/api.w.org\/{rel}","templated":true}]}}