{"id":5044,"date":"2025-01-23T11:10:46","date_gmt":"2025-01-23T11:10:46","guid":{"rendered":"https:\/\/uk-gb.net\/glasgow\/"},"modified":"2025-08-27T17:22:34","modified_gmt":"2025-08-27T16:22:34","slug":"glasgow","status":"publish","type":"page","link":"https:\/\/uk-gb.net\/de\/glasgow\/","title":{"rendered":"Besuchen Sie die Stadt Glasgow in Schottland"},"content":{"rendered":"\n<h1 class=\"wp-block-heading\">Entdecken Sie die Stadt Glasgow<\/h1>\n\n<p>Glasgow besticht durch seine kreative Energie, seine majest\u00e4tische viktorianische Architektur und seine warme Atmosph\u00e4re. Als Wiege eines bedeutenden industriellen und k\u00fcnstlerischen Erbes ist die Stadt heute eine Hochburg f\u00fcr Kultur, Musik und Design. Es ist eine wichtige Station, um das moderne, lebendige und zutiefst authentische Schottland zu erkunden.  <\/p>\n\n<figure class=\"wp-block-image size-large\"><img fetchpriority=\"high\" decoding=\"async\" width=\"1024\" height=\"535\" src=\"https:\/\/uk-gb.net\/wp-content\/uploads\/2025\/01\/Glasgow-1024x535.jpg\" alt=\"\" class=\"wp-image-5016\" srcset=\"https:\/\/uk-gb.net\/wp-content\/uploads\/2025\/01\/Glasgow-1024x535.jpg 1024w, https:\/\/uk-gb.net\/wp-content\/uploads\/2025\/01\/Glasgow-300x157.jpg 300w, https:\/\/uk-gb.net\/wp-content\/uploads\/2025\/01\/Glasgow-768x401.jpg 768w, https:\/\/uk-gb.net\/wp-content\/uploads\/2025\/01\/Glasgow.jpg 1339w\" sizes=\"(max-width: 1024px) 100vw, 1024px\" \/><figcaption class=\"wp-element-caption\">Glasgow in Schottland<\/figcaption><\/figure>\n\n<h2 class=\"wp-block-heading\">Warum Glasgow besuchen?<\/h2>\n\n<p><a href=\"https:\/\/en.wikipedia.org\/wiki\/Glasgow\">Glasgow<\/a> ist ber\u00fchmt f\u00fcr seine weltber\u00fchmten Museen, viktorianischen Geb\u00e4ude und seine Kunstszene. Ob Sie nun ein Geschichtsliebhaber, ein Musikliebhaber oder ein Shoppingfan sind, Glasgow ist voll von aufregenden Aktivit\u00e4ten, die es zu erleben gilt. Jeder Stadtteil offenbart eine einzigartige Facette der Stadt, die immer von der Herzlichkeit und Authentizit\u00e4t der Einwohner getragen wird.  <\/p>\n\n<h2 class=\"wp-block-heading\">Was Sie in Glasgow unbedingt sehen m\u00fcssen<\/h2>\n\n<ul class=\"wp-block-list\">\n<li><a href=\"https:\/\/www.historicenvironment.scot\/visit-a-place\/places\/glasgow-cathedral\/\">Glasgow Cathedral<\/a>: Wundersch\u00f6ne mittelalterliche Kathedrale aus dem 12. Jahrhundert, ein seltenes Zeugnis der schottischen gotischen Architektur, die noch intakt ist.<\/li>\n\n\n\n<li><a href=\"https:\/\/www.glasgowsciencecentre.org\/\">The Glasgow Science Centre<\/a>: Interaktives Wissenschaftszentrum mit spielerischen Ausstellungen, Planetarium und IMAX-Kino. Ein idealer Ausflug f\u00fcr die ganze Familie. <\/li>\n\n\n\n<li><a href=\"https:\/\/www.visitscotland.com\/info\/towns-villages\/george-square-p1976921\">George Square<\/a>: Der zentrale Platz der Stadt, der von majest\u00e4tischen Geb\u00e4uden ges\u00e4umt ist und das ganze Jahr \u00fcber mit Veranstaltungen belebt wird.<\/li>\n\n\n\n<li><a href=\"https:\/\/www.glasgowlife.org.uk\/museums\/venues\/kelvingrove-art-gallery-and-museum\">Kelvingrove Art Gallery and Museum<\/a>: Ein symboltr\u00e4chtiges Museum, das Kunstwerke, historische Artefakte und Kuriosit\u00e4ten in einem bemerkenswerten architektonischen Rahmen vereint.<\/li>\n\n\n\n<li><a href=\"https:\/\/www.glasgowlife.org.uk\/museums\/venues\/riverside-museum\">The Riverside Museum<\/a>: Ein preisgekr\u00f6ntes Museum, das dem Transportwesen und dem technischen Einfallsreichtum gewidmet ist, ideal f\u00fcr Jung und Alt.<\/li>\n\n\n\n<li><a href=\"https:\/\/glasgowshops.com\/buchanan-street\/\">Buchanan Street<\/a>: Die dynamischste Einkaufsstra\u00dfe in Glasgow mit einer Mischung aus Designerl\u00e4den, gro\u00dfen Marken und Stra\u00dfenk\u00fcnstlern.<\/li>\n<\/ul>\n\n<div style=\"height:10px\" aria-hidden=\"true\" class=\"wp-block-spacer\"><\/div>\n\n<h2 class=\"wp-block-heading\">Stadtteile, die Sie nicht verpassen sollten<\/h2>\n\n<ul class=\"wp-block-list\">\n<li><strong>Merchant City<\/strong>: Ein trendiges, schickes und lebhaftes Gebiet, in dem sich Kunstgalerien, moderne Restaurants und Designer-Bars mischen.<\/li>\n\n\n\n<li><strong>West End<\/strong>: Boh\u00e8me und gr\u00fcnes Viertel, bekannt f\u00fcr seine Parks, Buchhandlungen, Caf\u00e9s und die Universit\u00e4t von Glasgow.<\/li>\n\n\n\n<li><strong>Glasgow Green<\/strong>: Einer der \u00e4ltesten \u00f6ffentlichen Parks der Stadt, ideal f\u00fcr einen Spaziergang oder ein Picknick am Flussufer.<\/li>\n\n\n\n<li><strong>Finnieston<\/strong>: Glasgows kreatives gastronomisches Epizentrum mit einer florierenden Kunstszene.<\/li>\n<\/ul>\n\n<div style=\"height:10px\" aria-hidden=\"true\" class=\"wp-block-spacer\"><\/div>\n\n<h2 class=\"wp-block-heading\">Praktische Tipps f\u00fcr Ihren Aufenthalt in Glasgow<\/h2>\n\n<figure class=\"wp-block-table\"><table><tbody><tr><td><strong>Transport<\/strong><\/td><td>Effizientes Bus- und U-Bahn-Netz. Tageskarten f\u00fcr Besucher erh\u00e4ltlich. <\/td><\/tr><tr><td><strong>Unterkunft<\/strong><\/td><td>Gro\u00dfe Auswahl an Hotels, B&amp;Bs und Gasth\u00e4usern f\u00fcr jedes Budget.<\/td><\/tr><tr><td><strong>W\u00e4hrung<\/strong><\/td><td>Britisches Pfund (\u00a3). Kartenzahlungen werden fast \u00fcberall akzeptiert. <\/td><\/tr><tr><td><strong>Sprache<\/strong><\/td><td>Englisch mit einem starken, aber warmen schottischen Akzent.<\/td><\/tr><tr><td><strong>Wetter<\/strong><\/td><td>Das Wetter ist wechselhaft. Regenmantel oder Regenschirm mitbringen. <\/td><\/tr><tr><td><strong>Visa<\/strong><\/td><td>Pr\u00fcfen Sie vor der Abreise, ob Sie ein <a href=\"https:\/\/uk-gb.net\/fr\/visa-pour-glasgow\/\">Visum f\u00fcr Glasgow<\/a> oder eine <a href=\"https:\/\/uk-gb.net\/de\/eta-england-vereinigtes-konigreich\/\">ETA-Genehmigung<\/a> ben\u00f6tigen.<\/td><\/tr><\/tbody><\/table><\/figure>\n\n<div style=\"height:10px\" aria-hidden=\"true\" class=\"wp-block-spacer\"><\/div>\n\n<h2 class=\"wp-block-heading\">Wo kann man essen?<\/h2>\n\n<ul class=\"wp-block-list\">\n<li><a href=\"https:\/\/www.willowtearooms.co.uk\/\">The Willow Tea Rooms<\/a>: Ein symboltr\u00e4chtiges Teehaus, das von Charles Rennie Mackintosh entworfen wurde und sich perfekt f\u00fcr einen typisch schottischen Afternoon Tea eignet.<\/li>\n\n\n\n<li><a href=\"https:\/\/www.thegannetgla.com\/\">The Gannet<\/a>: Eine preisgekr\u00f6nte gastronomische Adresse, die lokale Produkte in einem eleganten Ambiente pr\u00e4sentiert.<\/li>\n\n\n\n<li><a href=\"https:\/\/ubiquitouschip.co.uk\/\">Ubiquitous Chip<\/a>: Eine kulinarische Institution im West End, die moderne schottische K\u00fcche in einer gr\u00fcnen und freundlichen Umgebung anbietet.<\/li>\n\n\n\n<li><a href=\"https:\/\/www.oxandfinch.com\/\">Ox and Finch<\/a>: Einfallsreiche K\u00fcche auf kleinen Tellern zum Teilen, in einem zeitgen\u00f6ssischen und raffinierten Dekor.<\/li>\n\n\n\n<li><a href=\"https:\/\/www.paesanopizza.co.uk\/\">Paesano Pizza<\/a>: Eine der besten Pizzerien der Stadt, beliebt f\u00fcr ihre g\u00fcnstigen Preise und den authentischen neapolitanischen Geschmack.<\/li>\n<\/ul>\n\n<h2 class=\"wp-block-heading\">Wann sollte man nach Glasgow reisen?<\/h2>\n\n<p><a href=\"https:\/\/www.visitglasgow.com\/\">Glasgow<\/a> kann das ganze Jahr \u00fcber besucht werden, aber die <strong>Monate Mai bis September<\/strong> sind die angenehmste Zeit, um die milden Temperaturen und das bessere Wetter zu genie\u00dfen. Im Sommer finden auch viele Kulturfestivals und Freiluftkonzerte statt. Der Herbst und Winter sind feuchter, aber die Atmosph\u00e4re bleibt warm mit Museen, gem\u00fctlichen Pubs und festlicher Beleuchtung im Dezember. Denken Sie daran, zu jeder Jahreszeit wetterfeste Kleidung mitzunehmen.   <\/p>\n\n<h2 class=\"wp-block-heading\">Zum Schluss<\/h2>\n\n<p>Im Vergleich zu anderen britischen Gro\u00dfst\u00e4dten <strong>zeichnet sich Glasgow durch seine k\u00fcnstlerische Atmosph\u00e4re, seine lokale Authentizit\u00e4t und seine legend\u00e4re Musikszene<\/strong> aus. Glasgow ist nicht so touristisch wie <a href=\"https:\/\/uk-gb.net\/de\/london\/\">London<\/a> oder Edinburgh, sondern besticht durch seine kreative Energie, seine freundlichen Einwohner und seine im Wandel begriffenen Stadtviertel. <\/p>\n\n<p>Wenn Sie die historische Eleganz von Oxford, das musikalische Erbe von <a href=\"https:\/\/uk-gb.net\/de\/liverpool\/\">Liverpool<\/a> oder das pulsierende Leben von <a href=\"https:\/\/uk-gb.net\/de\/manchester\/\">Manchester<\/a> lieben, werden Sie auch die quirlige und liebenswerte Art von Glasgow lieben.<\/p>\n\n<p>Die Formalit\u00e4ten f\u00fcr einen Besuch in Glasgow h\u00e4ngen von der Nationalit\u00e4t des Reisenden und der Dauer seines Aufenthalts ab. F\u00fcr einen Kurzaufenthalt ben\u00f6tigen Staatsangeh\u00f6rige der EU, der USA, Kanadas und vieler anderer L\u00e4nder jetzt <a href=\"https:\/\/uk-gb.net\/de\/online-eta-visumformular-england\/\">eine ETA<\/a>, wenn sie kein <a href=\"https:\/\/uk-gb.net\/fr\/visa-royaume-uni\/\">Visum f\u00fcr England<\/a> haben. <\/p>\n\n<p>Die ETA f\u00fcr das Vereinigte K\u00f6nigreich kann \u00fcber die <a href=\"https:\/\/uk-gb.net\/de\/iphone-app-eta-england-visum\/\">offizielle ETA UK Anwendung<\/a> beantragt werden. Dies gilt nicht f\u00fcr Einwohner des Vereinigten K\u00f6nigreichs und irische Staatsb\u00fcrger. <\/p>\n","protected":false},"excerpt":{"rendered":"<p>Entdecken Sie die Stadt Glasgow Glasgow besticht durch seine kreative Energie, seine majest\u00e4tische viktorianische Architektur und seine warme Atmosph\u00e4re. Als Wiege eines bedeutenden industriellen und k\u00fcnstlerischen Erbes ist die Stadt heute eine Hochburg f\u00fcr Kultur, Musik und Design. Es ist eine wichtige Station, um das moderne, lebendige und zutiefst authentische Schottland zu erkunden. Warum Glasgow [&hellip;]<\/p>\n","protected":false},"author":1,"featured_media":0,"parent":0,"menu_order":0,"comment_status":"closed","ping_status":"closed","template":"","meta":{"footnotes":""},"class_list":["post-5044","page","type-page","status-publish","hentry"],"yoast_head":"<!-- This site is optimized with the Yoast SEO plugin v27.4 - https:\/\/yoast.com\/product\/yoast-seo-wordpress\/ -->\n<title>Besuchen Sie die Stadt Glasgow in Schottland - UK GB<\/title>\n<meta name=\"description\" content=\"Entdecken Sie Glasgow, eine der wichtigsten St\u00e4dte Schottlands, die f\u00fcr ihre Museen und historischen viktorianischen Geb\u00e4ude ber\u00fchmt ist.\" \/>\n<meta name=\"robots\" content=\"index, follow, max-snippet:-1, max-image-preview:large, max-video-preview:-1\" \/>\n<link rel=\"canonical\" href=\"https:\/\/uk-gb.net\/de\/glasgow\/\" \/>\n<meta property=\"og:locale\" content=\"de_DE\" \/>\n<meta property=\"og:type\" content=\"article\" \/>\n<meta property=\"og:title\" content=\"Besuchen Sie die Stadt Glasgow in Schottland - UK GB\" \/>\n<meta property=\"og:description\" content=\"Entdecken Sie Glasgow, eine der wichtigsten St\u00e4dte Schottlands, die f\u00fcr ihre Museen und historischen viktorianischen Geb\u00e4ude ber\u00fchmt ist.\" \/>\n<meta property=\"og:url\" content=\"https:\/\/uk-gb.net\/de\/glasgow\/\" \/>\n<meta property=\"og:site_name\" content=\"UK GB\" \/>\n<meta property=\"article:modified_time\" content=\"2025-08-27T16:22:34+00:00\" \/>\n<meta property=\"og:image\" content=\"https:\/\/uk-gb.net\/wp-content\/uploads\/2025\/01\/Glasgow.jpg\" \/>\n\t<meta property=\"og:image:width\" content=\"1339\" \/>\n\t<meta property=\"og:image:height\" content=\"699\" \/>\n\t<meta property=\"og:image:type\" content=\"image\/jpeg\" \/>\n<meta name=\"twitter:card\" content=\"summary_large_image\" \/>\n<meta name=\"twitter:label1\" content=\"Gesch\u00e4tzte Lesezeit\" \/>\n\t<meta name=\"twitter:data1\" content=\"4\u00a0Minuten\" \/>\n<script type=\"application\/ld+json\" class=\"yoast-schema-graph\">{\"@context\":\"https:\\\/\\\/schema.org\",\"@graph\":[{\"@type\":\"WebPage\",\"@id\":\"https:\\\/\\\/uk-gb.net\\\/de\\\/glasgow\\\/\",\"url\":\"https:\\\/\\\/uk-gb.net\\\/de\\\/glasgow\\\/\",\"name\":\"Besuchen Sie die Stadt Glasgow in Schottland - UK GB\",\"isPartOf\":{\"@id\":\"https:\\\/\\\/uk-gb.net\\\/de\\\/#website\"},\"primaryImageOfPage\":{\"@id\":\"https:\\\/\\\/uk-gb.net\\\/de\\\/glasgow\\\/#primaryimage\"},\"image\":{\"@id\":\"https:\\\/\\\/uk-gb.net\\\/de\\\/glasgow\\\/#primaryimage\"},\"thumbnailUrl\":\"https:\\\/\\\/uk-gb.net\\\/wp-content\\\/uploads\\\/2025\\\/01\\\/Glasgow-1024x535.jpg\",\"datePublished\":\"2025-01-23T11:10:46+00:00\",\"dateModified\":\"2025-08-27T16:22:34+00:00\",\"description\":\"Entdecken Sie Glasgow, eine der wichtigsten St\u00e4dte Schottlands, die f\u00fcr ihre Museen und historischen viktorianischen Geb\u00e4ude ber\u00fchmt ist.\",\"inLanguage\":\"de\",\"potentialAction\":[{\"@type\":\"ReadAction\",\"target\":[\"https:\\\/\\\/uk-gb.net\\\/de\\\/glasgow\\\/\"]}]},{\"@type\":\"ImageObject\",\"inLanguage\":\"de\",\"@id\":\"https:\\\/\\\/uk-gb.net\\\/de\\\/glasgow\\\/#primaryimage\",\"url\":\"https:\\\/\\\/uk-gb.net\\\/wp-content\\\/uploads\\\/2025\\\/01\\\/Glasgow-1024x535.jpg\",\"contentUrl\":\"https:\\\/\\\/uk-gb.net\\\/wp-content\\\/uploads\\\/2025\\\/01\\\/Glasgow-1024x535.jpg\"},{\"@type\":\"WebSite\",\"@id\":\"https:\\\/\\\/uk-gb.net\\\/de\\\/#website\",\"url\":\"https:\\\/\\\/uk-gb.net\\\/de\\\/\",\"name\":\"UK GB\",\"description\":\"Travel to the UK\",\"potentialAction\":[{\"@type\":\"SearchAction\",\"target\":{\"@type\":\"EntryPoint\",\"urlTemplate\":\"https:\\\/\\\/uk-gb.net\\\/de\\\/?s={search_term_string}\"},\"query-input\":{\"@type\":\"PropertyValueSpecification\",\"valueRequired\":true,\"valueName\":\"search_term_string\"}}],\"inLanguage\":\"de\"}]}<\/script>\n<!-- \/ Yoast SEO plugin. -->","yoast_head_json":{"title":"Besuchen Sie die Stadt Glasgow in Schottland - UK GB","description":"Entdecken Sie Glasgow, eine der wichtigsten St\u00e4dte Schottlands, die f\u00fcr ihre Museen und historischen viktorianischen Geb\u00e4ude ber\u00fchmt ist.","robots":{"index":"index","follow":"follow","max-snippet":"max-snippet:-1","max-image-preview":"max-image-preview:large","max-video-preview":"max-video-preview:-1"},"canonical":"https:\/\/uk-gb.net\/de\/glasgow\/","og_locale":"de_DE","og_type":"article","og_title":"Besuchen Sie die Stadt Glasgow in Schottland - UK GB","og_description":"Entdecken Sie Glasgow, eine der wichtigsten St\u00e4dte Schottlands, die f\u00fcr ihre Museen und historischen viktorianischen Geb\u00e4ude ber\u00fchmt ist.","og_url":"https:\/\/uk-gb.net\/de\/glasgow\/","og_site_name":"UK GB","article_modified_time":"2025-08-27T16:22:34+00:00","og_image":[{"width":1339,"height":699,"url":"https:\/\/uk-gb.net\/wp-content\/uploads\/2025\/01\/Glasgow.jpg","type":"image\/jpeg"}],"twitter_card":"summary_large_image","twitter_misc":{"Gesch\u00e4tzte Lesezeit":"4\u00a0Minuten"},"schema":{"@context":"https:\/\/schema.org","@graph":[{"@type":"WebPage","@id":"https:\/\/uk-gb.net\/de\/glasgow\/","url":"https:\/\/uk-gb.net\/de\/glasgow\/","name":"Besuchen Sie die Stadt Glasgow in Schottland - UK GB","isPartOf":{"@id":"https:\/\/uk-gb.net\/de\/#website"},"primaryImageOfPage":{"@id":"https:\/\/uk-gb.net\/de\/glasgow\/#primaryimage"},"image":{"@id":"https:\/\/uk-gb.net\/de\/glasgow\/#primaryimage"},"thumbnailUrl":"https:\/\/uk-gb.net\/wp-content\/uploads\/2025\/01\/Glasgow-1024x535.jpg","datePublished":"2025-01-23T11:10:46+00:00","dateModified":"2025-08-27T16:22:34+00:00","description":"Entdecken Sie Glasgow, eine der wichtigsten St\u00e4dte Schottlands, die f\u00fcr ihre Museen und historischen viktorianischen Geb\u00e4ude ber\u00fchmt ist.","inLanguage":"de","potentialAction":[{"@type":"ReadAction","target":["https:\/\/uk-gb.net\/de\/glasgow\/"]}]},{"@type":"ImageObject","inLanguage":"de","@id":"https:\/\/uk-gb.net\/de\/glasgow\/#primaryimage","url":"https:\/\/uk-gb.net\/wp-content\/uploads\/2025\/01\/Glasgow-1024x535.jpg","contentUrl":"https:\/\/uk-gb.net\/wp-content\/uploads\/2025\/01\/Glasgow-1024x535.jpg"},{"@type":"WebSite","@id":"https:\/\/uk-gb.net\/de\/#website","url":"https:\/\/uk-gb.net\/de\/","name":"UK GB","description":"Travel to the UK","potentialAction":[{"@type":"SearchAction","target":{"@type":"EntryPoint","urlTemplate":"https:\/\/uk-gb.net\/de\/?s={search_term_string}"},"query-input":{"@type":"PropertyValueSpecification","valueRequired":true,"valueName":"search_term_string"}}],"inLanguage":"de"}]}},"_links":{"self":[{"href":"https:\/\/uk-gb.net\/de\/wp-json\/wp\/v2\/pages\/5044","targetHints":{"allow":["GET"]}}],"collection":[{"href":"https:\/\/uk-gb.net\/de\/wp-json\/wp\/v2\/pages"}],"about":[{"href":"https:\/\/uk-gb.net\/de\/wp-json\/wp\/v2\/types\/page"}],"author":[{"embeddable":true,"href":"https:\/\/uk-gb.net\/de\/wp-json\/wp\/v2\/users\/1"}],"replies":[{"embeddable":true,"href":"https:\/\/uk-gb.net\/de\/wp-json\/wp\/v2\/comments?post=5044"}],"version-history":[{"count":0,"href":"https:\/\/uk-gb.net\/de\/wp-json\/wp\/v2\/pages\/5044\/revisions"}],"wp:attachment":[{"href":"https:\/\/uk-gb.net\/de\/wp-json\/wp\/v2\/media?parent=5044"}],"curies":[{"name":"wp","href":"https:\/\/api.w.org\/{rel}","templated":true}]}}