{"id":4475,"date":"2025-01-14T10:24:28","date_gmt":"2025-01-14T10:24:28","guid":{"rendered":"https:\/\/uk-gb.net\/oxford\/"},"modified":"2025-08-28T13:58:38","modified_gmt":"2025-08-28T12:58:38","slug":"oxford","status":"publish","type":"page","link":"https:\/\/uk-gb.net\/de\/oxford\/","title":{"rendered":"Besuchen Sie die Stadt Oxford"},"content":{"rendered":"\n<h1 class=\"wp-block-heading\">Besuchen Sie die Universit\u00e4tsstadt Oxford<\/h1>\n\n<p>Oxford liegt im Herzen Englands und ist weltweit f\u00fcr seine renommierte Universit\u00e4t, seinen architektonischen Reichtum und seine intellektuelle Atmosph\u00e4re bekannt. Die Stadt hat eine \u00fcberschaubare Gr\u00f6\u00dfe und verbindet Geschichte, Kultur und Gr\u00fcn. <\/p>\n\n<h2 class=\"wp-block-heading\">Warum Oxford besuchen?<\/h2>\n\n<p>Oxford zieht Besucher aus der ganzen Welt mit seinem \u00fcber 800 Jahre alten akademischen Erbe an. Die Stadt bietet ein einzigartiges Erlebnis: Schlendern Sie durch die mittelalterlichen Gassen, besuchen Sie historische Colleges, erkunden Sie au\u00dfergew\u00f6hnliche Museen und das alles in einer ruhigen und eleganten Atmosph\u00e4re. Oxford ist sowohl f\u00fcr Kulturliebhaber als auch f\u00fcr Neugierige, die auf der Suche nach Geschichte und malerischen Landschaften sind, attraktiv.  <\/p>\n\n<h2 class=\"wp-block-heading\">Die wichtigsten Sehensw\u00fcrdigkeiten in Oxford<\/h2>\n\n<ul class=\"wp-block-list\">\n<li><a href=\"https:\/\/www.ox.ac.uk\/\">University of Oxford<\/a>: Eine der \u00e4ltesten Universit\u00e4ten der Welt, die aus Colleges mit spektakul\u00e4rer Architektur besteht.<\/li>\n\n\n\n<li><a href=\"https:\/\/www.bodleian.ox.ac.uk\/home\">Bodleian Library<\/a>: Historische Bibliothek mit unvergleichlichem Charme, die oft als Filmkulisse genutzt wird.<\/li>\n\n\n\n<li><a href=\"https:\/\/www.bodleian.ox.ac.uk\/libraries\/radcliffe-camera\">Radcliffe Camera<\/a>: Dieses kreisf\u00f6rmige Geb\u00e4ude ist ein architektonisches Meisterwerk und das Symbol der Stadt.<\/li>\n\n\n\n<li><a href=\"https:\/\/www.ashmolean.org\/\">Ashmolean<\/a> Museum: Das erste Universit\u00e4tsmuseum der Welt, mit Sammlungen vom alten \u00c4gypten bis zur modernen Kunst.<\/li>\n\n\n\n<li><a href=\"https:\/\/oxford-coveredmarket.co.uk\/\">Oxford Covered Market<\/a>: Ein lebhafter \u00fcberdachter Markt, ideal, um die lokalen Spezialit\u00e4ten zu probieren.<\/li>\n\n\n\n<li><a href=\"https:\/\/www.chch.ox.ac.uk\/cathedral\">Christ Church Cathedral<\/a>: Ber\u00fchmt f\u00fcr seine Verbindung zu <em>Harry Potter<\/em> und seine wundersch\u00f6nen G\u00e4rten.<\/li>\n\n\n\n<li><a href=\"https:\/\/www.magd.ox.ac.uk\/about-magdalen-college\/\">Magdalen College &amp; Deer Park<\/a>: Ein friedlicher Ort, an dem sich Natur, Geschichte und lokale Tierwelt vermischen.<\/li>\n<\/ul>\n\n<div style=\"height:10px\" aria-hidden=\"true\" class=\"wp-block-spacer\"><\/div>\n\n<h2 class=\"wp-block-heading\">Stadtteile, die es zu erkunden gilt<\/h2>\n\n<ul class=\"wp-block-list\">\n<li><strong>City Centre<\/strong>: Das lebhafte Herz von Oxford mit Buchhandlungen, Studentencaf\u00e9s und historischen Geb\u00e4uden.<\/li>\n\n\n\n<li><strong>Jericho<\/strong>: Boh\u00e8me-Viertel mit kleinen Theatern, gem\u00fctlichen Pubs und trendigen Restaurants.<\/li>\n\n\n\n<li><strong>Cowley Road<\/strong>: Bekannt f\u00fcr seine kulturelle Vielfalt und sein pulsierendes Nachtleben.<\/li>\n\n\n\n<li><strong>North Oxford<\/strong>: Gr\u00fcne Wohngegend, die bei Lehrern und Familien beliebt ist.<\/li>\n<\/ul>\n\n<div style=\"height:10px\" aria-hidden=\"true\" class=\"wp-block-spacer\"><\/div>\n\n<h2 class=\"wp-block-heading\">Praktische Tipps f\u00fcr einen Besuch in Oxford<\/h2>\n\n<figure class=\"wp-block-table\"><table><tbody><tr><td><strong>Transport<\/strong><\/td><td><a href=\"https:\/\/www.nationalrail.co.uk\/\">Von London aus leicht mit dem Zug<\/a> zu erreichen; benutzen Sie Busse und Fahrr\u00e4der, um sich in der Stadt fortzubewegen.<\/td><\/tr><tr><td><strong>Unterkunft<\/strong><\/td><td>Eine Vielzahl von Optionen, von malerischen G\u00e4stezimmern bis hin zu Luxushotels.<\/td><\/tr><tr><td><strong>W\u00e4hrung<\/strong><\/td><td>Britisches Pfund (\u00a3). Kontaktlose Zahlungen werden weitgehend akzeptiert. <\/td><\/tr><tr><td><strong>Sprache<\/strong><\/td><td>Englisch.<\/td><\/tr><tr><td><strong>Wetter<\/strong><\/td><td>Bringen Sie einen Regenschirm mit, da es zu jeder Jahreszeit h\u00e4ufig regnet.<\/td><\/tr><tr><td><strong>Formalit\u00e4ten<\/strong><\/td><td>Pr\u00fcfen Sie, ob Sie ein <a href=\"https:\/\/uk-gb.net\/de\/visum-fur-oxford\/\">Oxford-Visum<\/a> oder eine <a href=\"https:\/\/uk-gb.net\/de\/eta-england-vereinigtes-konigreich\/\">britische ETA<\/a> ben\u00f6tigen.<\/td><\/tr><\/tbody><\/table><\/figure>\n\n<h2 class=\"wp-block-heading\">Wo kann man in Oxford gut essen?<\/h2>\n\n<ul class=\"wp-block-list\">\n<li><a href=\"https:\/\/www.handlebaroxford.co.uk\/\">The Handle Bar Caf\u00e9 &amp; Kitchen<\/a>: Lokale K\u00fcche, Bio-Produkte, gem\u00fctliche Atmosph\u00e4re.<\/li>\n\n\n\n<li><a href=\"https:\/\/oldbookbinders.co.uk\/\">The Old Bookbinders<\/a>: Typische britisch-franz\u00f6sische Kneipe im Jericho-Viertel.<\/li>\n\n\n\n<li><a href=\"https:\/\/www.thevaultsandgarden.com\/\">Vaults &amp; Garden Caf\u00e9<\/a>: Ruhiges Mittagessen in einem alten Universit\u00e4tsgeb\u00e4ude.<\/li>\n\n\n\n<li><a href=\"https:\/\/www.quod.co.uk\/\">Quod Restaurant &amp; Bar<\/a>: Ein elegantes Restaurant in einer ehemaligen Bank.<\/li>\n\n\n\n<li><a href=\"https:\/\/www.gdcafe.com\/web\/\">G&amp;D&#8217;s Ice Cream Caf\u00e9<\/a>: Lokale Institution f\u00fcr handgemachtes Eis.<\/li>\n<\/ul>\n\n<div style=\"height:10px\" aria-hidden=\"true\" class=\"wp-block-spacer\"><\/div>\n\n<h2 class=\"wp-block-heading\">Wann sollte man Oxford besuchen?<\/h2>\n\n<p>Die beste Zeit f\u00fcr einen Besuch in Oxford ist von Mai bis September, wenn die Temperaturen angenehm sind und die Universit\u00e4tsg\u00e4rten in voller Bl\u00fcte stehen. Der Sommer bietet eine lebhafte Atmosph\u00e4re mit Studentenveranstaltungen, Kulturfestivals und Open-Air-Konzerten. Im Fr\u00fchling und Herbst kann man die Stadt auch ruhiger erkunden, mit weniger Touristen. Stellen Sie sich auf das f\u00fcr England typische wechselhafte Wetter ein und vergessen Sie Ihren Regenschirm nicht!   <\/p>\n\n<h2 class=\"wp-block-heading\">Schlussfolgerung<\/h2>\n\n<p>Oxford ist ein ideales Reiseziel f\u00fcr diejenigen, die Kultur, Geschichte und Ruhe in einer bezaubernden Umgebung kombinieren m\u00f6chten. Oxford ist weniger \u00fcberlaufen als <a href=\"https:\/\/uk-gb.net\/de\/london\/\">London<\/a>, aber ebenso reich an Kulturerbe und besticht durch seine diskrete Eleganz, sein pulsierendes Universit\u00e4tsleben und seine l\u00e4ndlichen Spazierg\u00e4nge. Wenn Sie die intellektuelle Atmosph\u00e4re von Cambridge, den Charme von <a href=\"https:\/\/uk-gb.net\/de\/manchester\/\">Manchester<\/a> oder die Landschaft rund um Edinburgh m\u00f6gen, ist Oxford ein Muss f\u00fcr Sie.    <\/p>\n\n<p>Die Formalit\u00e4ten f\u00fcr einen Besuch in Oxford h\u00e4ngen von Ihrer Nationalit\u00e4t ab. Staatsangeh\u00f6rige der Europ\u00e4ischen Union und vieler anderer L\u00e4nder m\u00fcssen jetzt eine <a href=\"https:\/\/uk-gb.net\/de\/eta-england-vereinigtes-konigreich\/\">elektronische Reisegenehmigung ETA<\/a> beantragen, wenn sie kein <a href=\"https:\/\/uk-gb.net\/de\/visum-vereinigtes-konigreich\/\">Visum f\u00fcr England<\/a> haben. <\/p>\n\n<p>Die ETA f\u00fcr das Vereinigte K\u00f6nigreich muss online \u00fcber <a href=\"https:\/\/uk-gb.net\/de\/iphone-app-eta-england-visum\/\">die offizielle IPhone-Anwendung<\/a> beantragt werden. Irische Staatsb\u00fcrger und Einwohner des Vereinigten K\u00f6nigreichs sind davon nicht betroffen. <\/p>\n","protected":false},"excerpt":{"rendered":"<p>Besuchen Sie die Universit\u00e4tsstadt Oxford Oxford liegt im Herzen Englands und ist weltweit f\u00fcr seine renommierte Universit\u00e4t, seinen architektonischen Reichtum und seine intellektuelle Atmosph\u00e4re bekannt. Die Stadt hat eine \u00fcberschaubare Gr\u00f6\u00dfe und verbindet Geschichte, Kultur und Gr\u00fcn. Warum Oxford besuchen? Oxford zieht Besucher aus der ganzen Welt mit seinem \u00fcber 800 Jahre alten akademischen Erbe [&hellip;]<\/p>\n","protected":false},"author":1,"featured_media":0,"parent":0,"menu_order":0,"comment_status":"closed","ping_status":"closed","template":"","meta":{"footnotes":""},"class_list":["post-4475","page","type-page","status-publish","hentry"],"yoast_head":"<!-- This site is optimized with the Yoast SEO plugin v27.3 - https:\/\/yoast.com\/product\/yoast-seo-wordpress\/ -->\n<title>Besuchen Sie die Stadt Oxford - UK GB<\/title>\n<meta name=\"description\" content=\"Klicken Sie hier, um alle unsere guten Tipps f\u00fcr einen Besuch der wundersch\u00f6nen englischen Stadt Oxford w\u00e4hrend Ihrer Sightseeing-Tour zu sehen.\" \/>\n<meta name=\"robots\" content=\"index, follow, max-snippet:-1, max-image-preview:large, max-video-preview:-1\" \/>\n<link rel=\"canonical\" href=\"https:\/\/uk-gb.net\/de\/oxford\/\" \/>\n<meta property=\"og:locale\" content=\"de_DE\" \/>\n<meta property=\"og:type\" content=\"article\" \/>\n<meta property=\"og:title\" content=\"Besuchen Sie die Stadt Oxford - UK GB\" \/>\n<meta property=\"og:description\" content=\"Klicken Sie hier, um alle unsere guten Tipps f\u00fcr einen Besuch der wundersch\u00f6nen englischen Stadt Oxford w\u00e4hrend Ihrer Sightseeing-Tour zu sehen.\" \/>\n<meta property=\"og:url\" content=\"https:\/\/uk-gb.net\/de\/oxford\/\" \/>\n<meta property=\"og:site_name\" content=\"UK GB\" \/>\n<meta property=\"article:modified_time\" content=\"2025-08-28T12:58:38+00:00\" \/>\n<meta name=\"twitter:card\" content=\"summary_large_image\" \/>\n<meta name=\"twitter:label1\" content=\"Gesch\u00e4tzte Lesezeit\" \/>\n\t<meta name=\"twitter:data1\" content=\"3\u00a0Minuten\" \/>\n<script type=\"application\/ld+json\" class=\"yoast-schema-graph\">{\"@context\":\"https:\\\/\\\/schema.org\",\"@graph\":[{\"@type\":\"WebPage\",\"@id\":\"https:\\\/\\\/uk-gb.net\\\/de\\\/oxford\\\/\",\"url\":\"https:\\\/\\\/uk-gb.net\\\/de\\\/oxford\\\/\",\"name\":\"Besuchen Sie die Stadt Oxford - UK GB\",\"isPartOf\":{\"@id\":\"https:\\\/\\\/uk-gb.net\\\/de\\\/#website\"},\"datePublished\":\"2025-01-14T10:24:28+00:00\",\"dateModified\":\"2025-08-28T12:58:38+00:00\",\"description\":\"Klicken Sie hier, um alle unsere guten Tipps f\u00fcr einen Besuch der wundersch\u00f6nen englischen Stadt Oxford w\u00e4hrend Ihrer Sightseeing-Tour zu sehen.\",\"inLanguage\":\"de\",\"potentialAction\":[{\"@type\":\"ReadAction\",\"target\":[\"https:\\\/\\\/uk-gb.net\\\/de\\\/oxford\\\/\"]}]},{\"@type\":\"WebSite\",\"@id\":\"https:\\\/\\\/uk-gb.net\\\/de\\\/#website\",\"url\":\"https:\\\/\\\/uk-gb.net\\\/de\\\/\",\"name\":\"UK GB\",\"description\":\"Travel to the UK\",\"potentialAction\":[{\"@type\":\"SearchAction\",\"target\":{\"@type\":\"EntryPoint\",\"urlTemplate\":\"https:\\\/\\\/uk-gb.net\\\/de\\\/?s={search_term_string}\"},\"query-input\":{\"@type\":\"PropertyValueSpecification\",\"valueRequired\":true,\"valueName\":\"search_term_string\"}}],\"inLanguage\":\"de\"}]}<\/script>\n<!-- \/ Yoast SEO plugin. -->","yoast_head_json":{"title":"Besuchen Sie die Stadt Oxford - UK GB","description":"Klicken Sie hier, um alle unsere guten Tipps f\u00fcr einen Besuch der wundersch\u00f6nen englischen Stadt Oxford w\u00e4hrend Ihrer Sightseeing-Tour zu sehen.","robots":{"index":"index","follow":"follow","max-snippet":"max-snippet:-1","max-image-preview":"max-image-preview:large","max-video-preview":"max-video-preview:-1"},"canonical":"https:\/\/uk-gb.net\/de\/oxford\/","og_locale":"de_DE","og_type":"article","og_title":"Besuchen Sie die Stadt Oxford - UK GB","og_description":"Klicken Sie hier, um alle unsere guten Tipps f\u00fcr einen Besuch der wundersch\u00f6nen englischen Stadt Oxford w\u00e4hrend Ihrer Sightseeing-Tour zu sehen.","og_url":"https:\/\/uk-gb.net\/de\/oxford\/","og_site_name":"UK GB","article_modified_time":"2025-08-28T12:58:38+00:00","twitter_card":"summary_large_image","twitter_misc":{"Gesch\u00e4tzte Lesezeit":"3\u00a0Minuten"},"schema":{"@context":"https:\/\/schema.org","@graph":[{"@type":"WebPage","@id":"https:\/\/uk-gb.net\/de\/oxford\/","url":"https:\/\/uk-gb.net\/de\/oxford\/","name":"Besuchen Sie die Stadt Oxford - UK GB","isPartOf":{"@id":"https:\/\/uk-gb.net\/de\/#website"},"datePublished":"2025-01-14T10:24:28+00:00","dateModified":"2025-08-28T12:58:38+00:00","description":"Klicken Sie hier, um alle unsere guten Tipps f\u00fcr einen Besuch der wundersch\u00f6nen englischen Stadt Oxford w\u00e4hrend Ihrer Sightseeing-Tour zu sehen.","inLanguage":"de","potentialAction":[{"@type":"ReadAction","target":["https:\/\/uk-gb.net\/de\/oxford\/"]}]},{"@type":"WebSite","@id":"https:\/\/uk-gb.net\/de\/#website","url":"https:\/\/uk-gb.net\/de\/","name":"UK GB","description":"Travel to the UK","potentialAction":[{"@type":"SearchAction","target":{"@type":"EntryPoint","urlTemplate":"https:\/\/uk-gb.net\/de\/?s={search_term_string}"},"query-input":{"@type":"PropertyValueSpecification","valueRequired":true,"valueName":"search_term_string"}}],"inLanguage":"de"}]}},"_links":{"self":[{"href":"https:\/\/uk-gb.net\/de\/wp-json\/wp\/v2\/pages\/4475","targetHints":{"allow":["GET"]}}],"collection":[{"href":"https:\/\/uk-gb.net\/de\/wp-json\/wp\/v2\/pages"}],"about":[{"href":"https:\/\/uk-gb.net\/de\/wp-json\/wp\/v2\/types\/page"}],"author":[{"embeddable":true,"href":"https:\/\/uk-gb.net\/de\/wp-json\/wp\/v2\/users\/1"}],"replies":[{"embeddable":true,"href":"https:\/\/uk-gb.net\/de\/wp-json\/wp\/v2\/comments?post=4475"}],"version-history":[{"count":0,"href":"https:\/\/uk-gb.net\/de\/wp-json\/wp\/v2\/pages\/4475\/revisions"}],"wp:attachment":[{"href":"https:\/\/uk-gb.net\/de\/wp-json\/wp\/v2\/media?parent=4475"}],"curies":[{"name":"wp","href":"https:\/\/api.w.org\/{rel}","templated":true}]}}