{"id":4166,"date":"2025-01-11T14:38:52","date_gmt":"2025-01-11T14:38:52","guid":{"rendered":"https:\/\/uk-gb.net\/liverpool\/"},"modified":"2025-07-17T13:58:48","modified_gmt":"2025-07-17T12:58:48","slug":"liverpool","status":"publish","type":"page","link":"https:\/\/uk-gb.net\/de\/liverpool\/","title":{"rendered":"Liverpool Stadtf\u00fchrer"},"content":{"rendered":"\n<h1 class=\"wp-block-heading\">Besuchen Sie Liverpool im Nordwesten Englands<\/h1>\n\n<p>Liverpool ist eine Hafenstadt im Nordwesten Englands. Liverpool ist ein wichtiges kulturelles Ziel und weltweit bekannt als die Heimat der Beatles. Geschichtstr\u00e4chtig, stolz auf seine maritime Identit\u00e4t und auf Kunst, Musik und Fu\u00dfball ausgerichtet, ist Liverpool eine lebendige, freundliche und aufregende Stadt, die es zu erkunden gilt.  <\/p>\n\n<figure class=\"wp-block-image size-large\"><img fetchpriority=\"high\" decoding=\"async\" width=\"1024\" height=\"386\" src=\"https:\/\/uk-gb.net\/wp-content\/uploads\/2025\/01\/Liverpool-1024x386.jpg\" alt=\"\" class=\"wp-image-4137\" srcset=\"https:\/\/uk-gb.net\/wp-content\/uploads\/2025\/01\/Liverpool-1024x386.jpg 1024w, https:\/\/uk-gb.net\/wp-content\/uploads\/2025\/01\/Liverpool-300x113.jpg 300w, https:\/\/uk-gb.net\/wp-content\/uploads\/2025\/01\/Liverpool-768x289.jpg 768w, https:\/\/uk-gb.net\/wp-content\/uploads\/2025\/01\/Liverpool-1536x578.jpg 1536w, https:\/\/uk-gb.net\/wp-content\/uploads\/2025\/01\/Liverpool.jpg 2013w\" sizes=\"(max-width: 1024px) 100vw, 1024px\" \/><figcaption class=\"wp-element-caption\">Liverpool Cathedral<\/figcaption><\/figure>\n\n<div style=\"height:10px\" aria-hidden=\"true\" class=\"wp-block-spacer\"><\/div>\n\n<h2 class=\"wp-block-heading\">Warum sollten Sie Liverpool besuchen?<\/h2>\n\n<p>Liverpool ist eine Stadt mit einer einzigartigen Atmosph\u00e4re. Sie besticht durch ihre maritime Vergangenheit, die in den renovierten Docks sichtbar ist, durch ihren kulturellen Reichtum mit zahlreichen Museen und durch die musikalische Atmosph\u00e4re, die die Stra\u00dfen durchdringt. Mit Kunstgalerien, legend\u00e4ren Stadien und Bootsfahrten auf dem Mersey bietet Liverpool eine dynamische und gleichzeitig tief in der britischen Geschichte verwurzelte Stadterfahrung.  <\/p>\n\n<div style=\"height:10px\" aria-hidden=\"true\" class=\"wp-block-spacer\"><\/div>\n\n<h2 class=\"wp-block-heading\">Die unumg\u00e4nglichen<\/h2>\n\n<ul class=\"wp-block-list\">\n<li><a href=\"https:\/\/www.beatlesstory.com\/\">The Beatles Story<\/a>: Ein interaktives Museum, das die Geschichte der legend\u00e4ren Band erz\u00e4hlt.<\/li>\n\n\n\n<li><a href=\"https:\/\/albertdock.com\/\">Royal Albert Dock<\/a>: Ehemaliger Hafen, der in ein Kulturgebiet mit Museen, Gesch\u00e4ften und Restaurants umgewandelt wurde.<\/li>\n\n\n\n<li><a href=\"https:\/\/liverpoolcathedral.org.uk\/\">Liverpool Cathedral: Eine der gr\u00f6\u00dften Kathedralen<\/a> der Welt, beeindruckend durch ihre Architektur.<\/li>\n\n\n\n<li><a href=\"https:\/\/www.tate.org.uk\/visit\/tate-liverpool\">Tate Liverpool<\/a>: Eine Zweigstelle des Museums f\u00fcr zeitgen\u00f6ssische Kunst in den Docks.<\/li>\n\n\n\n<li><a href=\"https:\/\/www.liverpoolfc.com\/info\/anfield\">Anfield Stadium<\/a>: Das legend\u00e4re Stadion des FC Liverpool, ein Pilgerort f\u00fcr Fu\u00dfballfans.<\/li>\n\n\n\n<li><a href=\"https:\/\/liverbuildingtour.com\/\">Royal Liver Building<\/a>: Ein Meisterwerk der edwardianischen Architektur, das Symbol der Stadt.<\/li>\n<\/ul>\n\n<div style=\"height:10px\" aria-hidden=\"true\" class=\"wp-block-spacer\"><\/div>\n\n<h2 class=\"wp-block-heading\">Stadtteile, die es zu erkunden gilt<\/h2>\n\n<ul class=\"wp-block-list\">\n<li><strong>The Georgian Quarter<\/strong>: Ein historisches Viertel mit eleganten Stra\u00dfen und sch\u00f6nen alten Geb\u00e4uden.<\/li>\n\n\n\n<li><strong>Baltic Triangle<\/strong>: Ein trendiger Ort im Wandel, der f\u00fcr seine Street Art, Bars und kulturellen Veranstaltungen beliebt ist.<\/li>\n\n\n\n<li><strong>Ropewalks<\/strong>: Lebhaftes Viertel mit unabh\u00e4ngigen Caf\u00e9s, Restaurants und Clubs.<\/li>\n\n\n\n<li><strong><strong>Waterfront<\/strong><\/strong> Entlang des Mersey, ein offener Raum, der Geschichte und Moderne miteinander verbindet.<\/li>\n<\/ul>\n\n<div style=\"height:10px\" aria-hidden=\"true\" class=\"wp-block-spacer\"><\/div>\n\n<h2 class=\"wp-block-heading\">Praktische Ratschl\u00e4ge<\/h2>\n\n<figure class=\"wp-block-table is-style-regular\"><table><tbody><tr><td><strong>Transport<\/strong><\/td><td>Die Stadt verf\u00fcgt \u00fcber gute Zug- und Busverbindungen; das Zentrum ist leicht zu Fu\u00df zu erreichen.<\/td><\/tr><tr><td><strong>Unterkunft<\/strong><\/td><td>Hotels f\u00fcr jedes Budget, vor allem in der N\u00e4he der Docks und des historischen Zentrums.<\/td><\/tr><tr><td><strong>W\u00e4hrung<\/strong><\/td><td>Britisches Pfund (\u00a3). Kontaktlose Zahlungen werden weitgehend akzeptiert. <\/td><\/tr><tr><td><strong>Sprache<\/strong><\/td><td>Englisch, mit einem ausgepr\u00e4gten und gut erkennbaren lokalen Akzent.<\/td><\/tr><tr><td><strong>Formalit\u00e4ten<\/strong><\/td><td>Sie ben\u00f6tigen eine <a href=\"https:\/\/uk-gb.net\/de\/eta-england-vereinigtes-konigreich\/\">britische ETA<\/a> oder ein <a href=\"https:\/\/uk-gb.net\/de\/visum-fur-liverpool\/\">Visum f\u00fcr Liverpool<\/a>.<\/td><\/tr><tr><td><strong>Wetter<\/strong><\/td><td>Ozeanisches Klima, oft wechselhaft; bringen Sie einen Regenmantel mit.<\/td><\/tr><\/tbody><\/table><\/figure>\n\n<div style=\"height:10px\" aria-hidden=\"true\" class=\"wp-block-spacer\"><\/div>\n\n<h2 class=\"wp-block-heading\">Wo kann man essen?<\/h2>\n\n<ul class=\"wp-block-list\">\n<li><a href=\"https:\/\/www.mowglistreetfood.com\/restaurants\/liverpool-water-street\/\">Mowgli Street Food<\/a>: Bietet eine moderne und k\u00f6stliche indische kulinarische Erfahrung.<\/li>\n\n\n\n<li><a href=\"https:\/\/www.panoramic34.com\/\">Panoramic 34<\/a>: Panoramarestaurant mit Blick auf die Stadt und den Mersey.<\/li>\n\n\n\n<li><a href=\"https:\/\/www.cavernclub.com\/\">The Cavern Club<\/a>: F\u00fcr einen Drink in einem legend\u00e4ren Ort der Musikszene.<\/li>\n\n\n\n<li><a href=\"https:\/\/theartschoolrestaurant.co.uk\/\">The Art School<\/a>: Raffinierte Gastronomie in einem schicken und intimen Ort.<\/li>\n\n\n\n<li><a href=\"https:\/\/lunya.co.uk\/liverpool\/\">Lunya<\/a>: Tapas und katalanische Produkte in einer gem\u00fctlichen Atmosph\u00e4re.<\/li>\n<\/ul>\n\n<div style=\"height:10px\" aria-hidden=\"true\" class=\"wp-block-spacer\"><\/div>\n\n<h2 class=\"wp-block-heading\">Wann verlassen?<\/h2>\n\n<p>Liverpool ist von Fr\u00fchling bis Herbst gut zu besuchen. Der Sommer ist perfekt f\u00fcr Festivals und Spazierg\u00e4nge am Mersey. Der Fr\u00fchling bietet mildes Wetter, das ideal f\u00fcr kulturelle Besichtigungen ist, w\u00e4hrend der Herbst Museen und eine gem\u00fctliche Atmosph\u00e4re bietet. Im Winter verleihen die Weihnachtsm\u00e4rkte und die festliche Dekoration einen magischen Touch.   <\/p>\n\n<div style=\"height:10px\" aria-hidden=\"true\" class=\"wp-block-spacer\"><\/div>\n\n<h2 class=\"wp-block-heading\">Was sind die Formalit\u00e4ten f\u00fcr einen Besuch in Liverpool?<\/h2>\n\n<p>Wie bei jeder Einreise in das Vereinigte K\u00f6nigreich h\u00e4ngen die Formalit\u00e4ten f\u00fcr einen Besuch in Liverpool von Ihrer Nationalit\u00e4t ab. Staatsangeh\u00f6rige der Europ\u00e4ischen Union, der USA, Kanadas und vieler anderer L\u00e4nder m\u00fcssen jetzt eine <a href=\"https:\/\/uk-gb.net\/de\/eta-england-vereinigtes-konigreich\/\">ETA-Genehmigung<\/a> beantragen, wenn sie kein Visum haben. <\/p>\n\n<p>Diese Ma\u00dfnahme gilt f\u00fcr touristische Aufenthalte von weniger als sechs Monaten. Das <a href=\"https:\/\/uk-gb.net\/de\/online-eta-visumformular-england\/\">ETA-Formular kann online<\/a> oder \u00fcber eine <a href=\"https:\/\/uk-gb.net\/de\/iphone-app-eta-england-visum\/\">digitale App UK ETA<\/a> ausgef\u00fcllt werden. Irische Staatsb\u00fcrger oder Einwohner des Vereinigten K\u00f6nigreichs sind nicht betroffen. Stellen Sie sicher, dass Sie vor Ihrer Abreise die aktuellen Bedingungen \u00fcberpr\u00fcfen, um b\u00f6se \u00dcberraschungen zu vermeiden.   <\/p>\n\n<p>F\u00fcr weitere Tipps und pers\u00f6nliche Empfehlungen k\u00f6nnen Sie auch unsere anderen Reisef\u00fchrer \u00fcber die wichtigsten englischen St\u00e4dte konsultieren. Hier finden Sie Informationen \u00fcber <a href=\"https:\/\/uk-gb.net\/de\/london\/\">London<\/a>, <a href=\"https:\/\/uk-gb.net\/de\/oxford\/\">Oxford<\/a> und <a href=\"https:\/\/uk-gb.net\/de\/manchester\/\">Manchester<\/a>. <\/p>\n","protected":false},"excerpt":{"rendered":"<p>Besuchen Sie Liverpool im Nordwesten Englands Liverpool ist eine Hafenstadt im Nordwesten Englands. Liverpool ist ein wichtiges kulturelles Ziel und weltweit bekannt als die Heimat der Beatles. Geschichtstr\u00e4chtig, stolz auf seine maritime Identit\u00e4t und auf Kunst, Musik und Fu\u00dfball ausgerichtet, ist Liverpool eine lebendige, freundliche und aufregende Stadt, die es zu erkunden gilt. Warum sollten [&hellip;]<\/p>\n","protected":false},"author":1,"featured_media":0,"parent":0,"menu_order":0,"comment_status":"closed","ping_status":"closed","template":"","meta":{"footnotes":""},"class_list":["post-4166","page","type-page","status-publish","hentry"],"yoast_head":"<!-- This site is optimized with the Yoast SEO plugin v27.3 - https:\/\/yoast.com\/product\/yoast-seo-wordpress\/ -->\n<title>Liverpool Stadtf\u00fchrer - UK GB<\/title>\n<meta name=\"description\" content=\"Entdecken Sie die magische englische Stadt Liverpool. Die besten Orte f\u00fcr einen tollen Aufenthalt in Liverpool.\" \/>\n<meta name=\"robots\" content=\"index, follow, max-snippet:-1, max-image-preview:large, max-video-preview:-1\" \/>\n<link rel=\"canonical\" href=\"https:\/\/uk-gb.net\/de\/liverpool\/\" \/>\n<meta property=\"og:locale\" content=\"de_DE\" \/>\n<meta property=\"og:type\" content=\"article\" \/>\n<meta property=\"og:title\" content=\"Liverpool Stadtf\u00fchrer - UK GB\" \/>\n<meta property=\"og:description\" content=\"Entdecken Sie die magische englische Stadt Liverpool. Die besten Orte f\u00fcr einen tollen Aufenthalt in Liverpool.\" \/>\n<meta property=\"og:url\" content=\"https:\/\/uk-gb.net\/de\/liverpool\/\" \/>\n<meta property=\"og:site_name\" content=\"UK GB\" \/>\n<meta property=\"article:modified_time\" content=\"2025-07-17T12:58:48+00:00\" \/>\n<meta property=\"og:image\" content=\"https:\/\/uk-gb.net\/wp-content\/uploads\/2025\/01\/Liverpool.jpg\" \/>\n\t<meta property=\"og:image:width\" content=\"2013\" \/>\n\t<meta property=\"og:image:height\" content=\"758\" \/>\n\t<meta property=\"og:image:type\" content=\"image\/jpeg\" \/>\n<meta name=\"twitter:card\" content=\"summary_large_image\" \/>\n<meta name=\"twitter:label1\" content=\"Gesch\u00e4tzte Lesezeit\" \/>\n\t<meta name=\"twitter:data1\" content=\"3\u00a0Minuten\" \/>\n<script type=\"application\/ld+json\" class=\"yoast-schema-graph\">{\"@context\":\"https:\\\/\\\/schema.org\",\"@graph\":[{\"@type\":\"WebPage\",\"@id\":\"https:\\\/\\\/uk-gb.net\\\/de\\\/liverpool\\\/\",\"url\":\"https:\\\/\\\/uk-gb.net\\\/de\\\/liverpool\\\/\",\"name\":\"Liverpool Stadtf\u00fchrer - UK GB\",\"isPartOf\":{\"@id\":\"https:\\\/\\\/uk-gb.net\\\/de\\\/#website\"},\"primaryImageOfPage\":{\"@id\":\"https:\\\/\\\/uk-gb.net\\\/de\\\/liverpool\\\/#primaryimage\"},\"image\":{\"@id\":\"https:\\\/\\\/uk-gb.net\\\/de\\\/liverpool\\\/#primaryimage\"},\"thumbnailUrl\":\"https:\\\/\\\/uk-gb.net\\\/wp-content\\\/uploads\\\/2025\\\/01\\\/Liverpool-1024x386.jpg\",\"datePublished\":\"2025-01-11T14:38:52+00:00\",\"dateModified\":\"2025-07-17T12:58:48+00:00\",\"description\":\"Entdecken Sie die magische englische Stadt Liverpool. Die besten Orte f\u00fcr einen tollen Aufenthalt in Liverpool.\",\"inLanguage\":\"de\",\"potentialAction\":[{\"@type\":\"ReadAction\",\"target\":[\"https:\\\/\\\/uk-gb.net\\\/de\\\/liverpool\\\/\"]}]},{\"@type\":\"ImageObject\",\"inLanguage\":\"de\",\"@id\":\"https:\\\/\\\/uk-gb.net\\\/de\\\/liverpool\\\/#primaryimage\",\"url\":\"https:\\\/\\\/uk-gb.net\\\/wp-content\\\/uploads\\\/2025\\\/01\\\/Liverpool-1024x386.jpg\",\"contentUrl\":\"https:\\\/\\\/uk-gb.net\\\/wp-content\\\/uploads\\\/2025\\\/01\\\/Liverpool-1024x386.jpg\"},{\"@type\":\"WebSite\",\"@id\":\"https:\\\/\\\/uk-gb.net\\\/de\\\/#website\",\"url\":\"https:\\\/\\\/uk-gb.net\\\/de\\\/\",\"name\":\"UK GB\",\"description\":\"Travel to the UK\",\"potentialAction\":[{\"@type\":\"SearchAction\",\"target\":{\"@type\":\"EntryPoint\",\"urlTemplate\":\"https:\\\/\\\/uk-gb.net\\\/de\\\/?s={search_term_string}\"},\"query-input\":{\"@type\":\"PropertyValueSpecification\",\"valueRequired\":true,\"valueName\":\"search_term_string\"}}],\"inLanguage\":\"de\"}]}<\/script>\n<!-- \/ Yoast SEO plugin. -->","yoast_head_json":{"title":"Liverpool Stadtf\u00fchrer - UK GB","description":"Entdecken Sie die magische englische Stadt Liverpool. Die besten Orte f\u00fcr einen tollen Aufenthalt in Liverpool.","robots":{"index":"index","follow":"follow","max-snippet":"max-snippet:-1","max-image-preview":"max-image-preview:large","max-video-preview":"max-video-preview:-1"},"canonical":"https:\/\/uk-gb.net\/de\/liverpool\/","og_locale":"de_DE","og_type":"article","og_title":"Liverpool Stadtf\u00fchrer - UK GB","og_description":"Entdecken Sie die magische englische Stadt Liverpool. Die besten Orte f\u00fcr einen tollen Aufenthalt in Liverpool.","og_url":"https:\/\/uk-gb.net\/de\/liverpool\/","og_site_name":"UK GB","article_modified_time":"2025-07-17T12:58:48+00:00","og_image":[{"width":2013,"height":758,"url":"https:\/\/uk-gb.net\/wp-content\/uploads\/2025\/01\/Liverpool.jpg","type":"image\/jpeg"}],"twitter_card":"summary_large_image","twitter_misc":{"Gesch\u00e4tzte Lesezeit":"3\u00a0Minuten"},"schema":{"@context":"https:\/\/schema.org","@graph":[{"@type":"WebPage","@id":"https:\/\/uk-gb.net\/de\/liverpool\/","url":"https:\/\/uk-gb.net\/de\/liverpool\/","name":"Liverpool Stadtf\u00fchrer - UK GB","isPartOf":{"@id":"https:\/\/uk-gb.net\/de\/#website"},"primaryImageOfPage":{"@id":"https:\/\/uk-gb.net\/de\/liverpool\/#primaryimage"},"image":{"@id":"https:\/\/uk-gb.net\/de\/liverpool\/#primaryimage"},"thumbnailUrl":"https:\/\/uk-gb.net\/wp-content\/uploads\/2025\/01\/Liverpool-1024x386.jpg","datePublished":"2025-01-11T14:38:52+00:00","dateModified":"2025-07-17T12:58:48+00:00","description":"Entdecken Sie die magische englische Stadt Liverpool. Die besten Orte f\u00fcr einen tollen Aufenthalt in Liverpool.","inLanguage":"de","potentialAction":[{"@type":"ReadAction","target":["https:\/\/uk-gb.net\/de\/liverpool\/"]}]},{"@type":"ImageObject","inLanguage":"de","@id":"https:\/\/uk-gb.net\/de\/liverpool\/#primaryimage","url":"https:\/\/uk-gb.net\/wp-content\/uploads\/2025\/01\/Liverpool-1024x386.jpg","contentUrl":"https:\/\/uk-gb.net\/wp-content\/uploads\/2025\/01\/Liverpool-1024x386.jpg"},{"@type":"WebSite","@id":"https:\/\/uk-gb.net\/de\/#website","url":"https:\/\/uk-gb.net\/de\/","name":"UK GB","description":"Travel to the UK","potentialAction":[{"@type":"SearchAction","target":{"@type":"EntryPoint","urlTemplate":"https:\/\/uk-gb.net\/de\/?s={search_term_string}"},"query-input":{"@type":"PropertyValueSpecification","valueRequired":true,"valueName":"search_term_string"}}],"inLanguage":"de"}]}},"_links":{"self":[{"href":"https:\/\/uk-gb.net\/de\/wp-json\/wp\/v2\/pages\/4166","targetHints":{"allow":["GET"]}}],"collection":[{"href":"https:\/\/uk-gb.net\/de\/wp-json\/wp\/v2\/pages"}],"about":[{"href":"https:\/\/uk-gb.net\/de\/wp-json\/wp\/v2\/types\/page"}],"author":[{"embeddable":true,"href":"https:\/\/uk-gb.net\/de\/wp-json\/wp\/v2\/users\/1"}],"replies":[{"embeddable":true,"href":"https:\/\/uk-gb.net\/de\/wp-json\/wp\/v2\/comments?post=4166"}],"version-history":[{"count":0,"href":"https:\/\/uk-gb.net\/de\/wp-json\/wp\/v2\/pages\/4166\/revisions"}],"wp:attachment":[{"href":"https:\/\/uk-gb.net\/de\/wp-json\/wp\/v2\/media?parent=4166"}],"curies":[{"name":"wp","href":"https:\/\/api.w.org\/{rel}","templated":true}]}}