{"id":409,"date":"2023-11-13T17:36:02","date_gmt":"2023-11-13T17:36:02","guid":{"rendered":"https:\/\/uk-gb.net\/rechtliche-hinweise\/"},"modified":"2025-07-17T15:01:39","modified_gmt":"2025-07-17T14:01:39","slug":"rechtliche-hinweise","status":"publish","type":"page","link":"https:\/\/uk-gb.net\/de\/rechtliche-hinweise\/","title":{"rendered":"Rechtliche Hinweise"},"content":{"rendered":"\n<h1 class=\"wp-block-heading\">Rechtliche Hinweise<\/h1>\n\n<p>Wir sind Herausgeber einer Website mit Informationen \u00fcber touristische Aufenthalte im Vereinigten K\u00f6nigreich. Die Website und die Betreibergesellschaft sind von jeder \u00f6ffentlichen Verwaltung unabh\u00e4ngig. Sie haben keine Verbindung zur britischen Verwaltung.  <\/p>\n\n<h2 class=\"wp-block-heading\">Herausgeber der Website<\/h2>\n\n<p>Diese Website wird von einer Beratungsfirma herausgegeben, die in Malta innerhalb der Europ\u00e4ischen Gemeinschaft registriert ist. Verantwortlich f\u00fcr die Ver\u00f6ffentlichung ist Herr Manuel Borg.  Um uns zu kontaktieren, m\u00fcssen Sie das <a href=\"https:\/\/uk-gb.net\/de\/contact\/\">Kontakt formular<\/a> verwenden.<\/p>\n\n<p>Wir sind eine private Website mit dem Ziel der Information.\nDie Website bietet keine kommerziellen Online-Dienstleistungen an. <\/p>\n\n<p>Die Website enth\u00e4lt Hyperlinks zu externen Websites Dritter, f\u00fcr deren Datenschutzpolitik oder Gesch\u00e4ftspraktiken wir nicht verantwortlich sind.<\/p>\n\n<h2 class=\"wp-block-heading\">Verarbeitung von pers\u00f6nlichen Daten<\/h2>\n\n<p>Wir sammeln keine pers\u00f6nlichen Daten \u00fcber Online-Formulare.\nDas einzige Formular auf unserer Seite ist ein einfaches Kontaktformular.\nDie Informationen, die Sie eingeben, um mit uns in Kontakt zu treten, werden regelm\u00e4\u00dfig gel\u00f6scht.\nDer Besucher hat das Recht, auf diese Daten zuzugreifen, sie zu \u00e4ndern, zu berichtigen und zu l\u00f6schen.    Um diese auszu\u00fcben, kann er sich \u00fcber das <a href=\"https:\/\/uk-gb.net\/de\/contact\/\">Kontakt formular<\/a> an uns wenden.<\/p>\n","protected":false},"excerpt":{"rendered":"<p>Rechtliche Hinweise Wir sind Herausgeber einer Website mit Informationen \u00fcber touristische Aufenthalte im Vereinigten K\u00f6nigreich. Die Website und die Betreibergesellschaft sind von jeder \u00f6ffentlichen Verwaltung unabh\u00e4ngig. Sie haben keine Verbindung zur britischen Verwaltung. Herausgeber der Website Diese Website wird von einer Beratungsfirma herausgegeben, die in Malta innerhalb der Europ\u00e4ischen Gemeinschaft registriert ist. Verantwortlich f\u00fcr die [&hellip;]<\/p>\n","protected":false},"author":1,"featured_media":0,"parent":0,"menu_order":0,"comment_status":"closed","ping_status":"closed","template":"","meta":{"footnotes":""},"class_list":["post-409","page","type-page","status-publish","hentry"],"yoast_head":"<!-- This site is optimized with the Yoast SEO plugin v27.4 - https:\/\/yoast.com\/product\/yoast-seo-wordpress\/ -->\n<title>Rechtliche Hinweise - UK GB<\/title>\n<meta name=\"description\" content=\"Rechtliche Hinweise der Website uk-gb.net\" \/>\n<meta name=\"robots\" content=\"noindex, nofollow\" \/>\n<meta property=\"og:locale\" content=\"de_DE\" \/>\n<meta property=\"og:type\" content=\"article\" \/>\n<meta property=\"og:title\" content=\"Rechtliche Hinweise - UK GB\" \/>\n<meta property=\"og:description\" content=\"Rechtliche Hinweise der Website uk-gb.net\" \/>\n<meta property=\"og:url\" content=\"https:\/\/uk-gb.net\/de\/rechtliche-hinweise\/\" \/>\n<meta property=\"og:site_name\" content=\"UK GB\" \/>\n<meta property=\"article:modified_time\" content=\"2025-07-17T14:01:39+00:00\" \/>\n<meta name=\"twitter:card\" content=\"summary_large_image\" \/>\n<meta name=\"twitter:label1\" content=\"Gesch\u00e4tzte Lesezeit\" \/>\n\t<meta name=\"twitter:data1\" content=\"1\u00a0Minute\" \/>\n<script type=\"application\/ld+json\" class=\"yoast-schema-graph\">{\"@context\":\"https:\\\/\\\/schema.org\",\"@graph\":[{\"@type\":\"WebPage\",\"@id\":\"https:\\\/\\\/uk-gb.net\\\/de\\\/rechtliche-hinweise\\\/\",\"url\":\"https:\\\/\\\/uk-gb.net\\\/de\\\/rechtliche-hinweise\\\/\",\"name\":\"Rechtliche Hinweise - UK GB\",\"isPartOf\":{\"@id\":\"https:\\\/\\\/uk-gb.net\\\/de\\\/#website\"},\"datePublished\":\"2023-11-13T17:36:02+00:00\",\"dateModified\":\"2025-07-17T14:01:39+00:00\",\"description\":\"Rechtliche Hinweise der Website uk-gb.net\",\"inLanguage\":\"de\",\"potentialAction\":[{\"@type\":\"ReadAction\",\"target\":[\"https:\\\/\\\/uk-gb.net\\\/de\\\/rechtliche-hinweise\\\/\"]}]},{\"@type\":\"WebSite\",\"@id\":\"https:\\\/\\\/uk-gb.net\\\/de\\\/#website\",\"url\":\"https:\\\/\\\/uk-gb.net\\\/de\\\/\",\"name\":\"UK GB\",\"description\":\"Travel to the UK\",\"potentialAction\":[{\"@type\":\"SearchAction\",\"target\":{\"@type\":\"EntryPoint\",\"urlTemplate\":\"https:\\\/\\\/uk-gb.net\\\/de\\\/?s={search_term_string}\"},\"query-input\":{\"@type\":\"PropertyValueSpecification\",\"valueRequired\":true,\"valueName\":\"search_term_string\"}}],\"inLanguage\":\"de\"}]}<\/script>\n<!-- \/ Yoast SEO plugin. -->","yoast_head_json":{"title":"Rechtliche Hinweise - UK GB","description":"Rechtliche Hinweise der Website uk-gb.net","robots":{"index":"noindex","follow":"nofollow"},"og_locale":"de_DE","og_type":"article","og_title":"Rechtliche Hinweise - UK GB","og_description":"Rechtliche Hinweise der Website uk-gb.net","og_url":"https:\/\/uk-gb.net\/de\/rechtliche-hinweise\/","og_site_name":"UK GB","article_modified_time":"2025-07-17T14:01:39+00:00","twitter_card":"summary_large_image","twitter_misc":{"Gesch\u00e4tzte Lesezeit":"1\u00a0Minute"},"schema":{"@context":"https:\/\/schema.org","@graph":[{"@type":"WebPage","@id":"https:\/\/uk-gb.net\/de\/rechtliche-hinweise\/","url":"https:\/\/uk-gb.net\/de\/rechtliche-hinweise\/","name":"Rechtliche Hinweise - UK GB","isPartOf":{"@id":"https:\/\/uk-gb.net\/de\/#website"},"datePublished":"2023-11-13T17:36:02+00:00","dateModified":"2025-07-17T14:01:39+00:00","description":"Rechtliche Hinweise der Website uk-gb.net","inLanguage":"de","potentialAction":[{"@type":"ReadAction","target":["https:\/\/uk-gb.net\/de\/rechtliche-hinweise\/"]}]},{"@type":"WebSite","@id":"https:\/\/uk-gb.net\/de\/#website","url":"https:\/\/uk-gb.net\/de\/","name":"UK GB","description":"Travel to the UK","potentialAction":[{"@type":"SearchAction","target":{"@type":"EntryPoint","urlTemplate":"https:\/\/uk-gb.net\/de\/?s={search_term_string}"},"query-input":{"@type":"PropertyValueSpecification","valueRequired":true,"valueName":"search_term_string"}}],"inLanguage":"de"}]}},"_links":{"self":[{"href":"https:\/\/uk-gb.net\/de\/wp-json\/wp\/v2\/pages\/409","targetHints":{"allow":["GET"]}}],"collection":[{"href":"https:\/\/uk-gb.net\/de\/wp-json\/wp\/v2\/pages"}],"about":[{"href":"https:\/\/uk-gb.net\/de\/wp-json\/wp\/v2\/types\/page"}],"author":[{"embeddable":true,"href":"https:\/\/uk-gb.net\/de\/wp-json\/wp\/v2\/users\/1"}],"replies":[{"embeddable":true,"href":"https:\/\/uk-gb.net\/de\/wp-json\/wp\/v2\/comments?post=409"}],"version-history":[{"count":0,"href":"https:\/\/uk-gb.net\/de\/wp-json\/wp\/v2\/pages\/409\/revisions"}],"wp:attachment":[{"href":"https:\/\/uk-gb.net\/de\/wp-json\/wp\/v2\/media?parent=409"}],"curies":[{"name":"wp","href":"https:\/\/api.w.org\/{rel}","templated":true}]}}