{"id":380,"date":"2023-11-13T16:38:13","date_gmt":"2023-11-13T16:38:13","guid":{"rendered":"https:\/\/uk-gb.net\/visum-vereinigtes-koenigreich\/"},"modified":"2026-03-03T08:57:44","modified_gmt":"2026-03-03T08:57:44","slug":"visum-vereinigtes-konigreich","status":"publish","type":"page","link":"https:\/\/uk-gb.net\/de\/visum-vereinigtes-konigreich\/","title":{"rendered":"Reiseformalit\u00e4ten f\u00fcr das Vereinigte K\u00f6nigreich"},"content":{"rendered":"\n<h1 class=\"wp-block-heading\">Einreiseformalit\u00e4ten f\u00fcr internationale Reisende in das Vereinigte K\u00f6nigreich<\/h1>\n\n<p>Das Vereinigte K\u00f6nigreich hat ein System der<strong>elektronischen Reisegenehmigung (ETA<\/strong> ) f\u00fcr Staatsangeh\u00f6rige bestimmter L\u00e4nder, die von der Visumspflicht befreit sind, eingef\u00fchrt. Dieses vereinfachte Verfahren erm\u00f6glicht die Einreise in das Vereinigte K\u00f6nigreich f\u00fcr einen Kurzaufenthalt ohne herk\u00f6mmliches Visum. Die ETA ist in den folgenden F\u00e4llen erforderlich: Touristenaufenthalte, Besuche bei Verwandten, Gesch\u00e4ftsreisen, Kurzstudien oder Zwischenstopps im Vereinigten K\u00f6nigreich.  <\/p>\n\n<p><strong>Um einen Antrag <strong>in wenigen Minuten<\/strong> zu stellen<\/strong>, f\u00fcllen Sie einfach das <a href=\"https:\/\/uk-gb.net\/de\/online-eta-visumformular-england\/\">ETA-Formular online<\/a> aus.<\/p>\n\n<div style=\"height:10px\" aria-hidden=\"true\" class=\"wp-block-spacer\"><\/div>\n\n<h2 class=\"wp-block-heading\">Wer ist von der ETA des Vereinigten K\u00f6nigreichs betroffen?<\/h2>\n\n<p>Die Zahl der <a href=\"https:\/\/uk-gb.net\/de\/lander-eta-vereinigte-konigreich-beantragen-konnen\/\">L\u00e4nder, die f\u00fcr die ETA des Vereinigten K\u00f6nigreichs<\/a> in Frage kommen, wird schrittweise erweitert.<\/p>\n\n<p>Das Programm wurde zun\u00e4chst im Nahen Osten mit den folgenden ersten Schritten eingef\u00fchrt:<\/p>\n\n<ul class=\"wp-block-list\">\n<li>Seit 2023 erm\u00f6glicht die ETA Staatsangeh\u00f6rigen von Katar, die Beantragung eines Visums f\u00fcr England von Katar aus zu vermeiden.<\/li>\n\n\n\n<li>Seit Februar 2024: <a href=\"https:\/\/uk-gb.net\/de\/england-visum-aus-saudi-arabien\/\">Saudi-Arabische Staatsb\u00fcrger k\u00f6nnen eine ETA<\/a> anstelle eines Visums f\u00fcr das Vereinigte K\u00f6nigreich erhalten.<\/li>\n<\/ul>\n\n<div style=\"height:10px\" aria-hidden=\"true\" class=\"wp-block-spacer\"><\/div>\n\n<p>Alle europ\u00e4ischen L\u00e4nder wurden den Mitgliedsl\u00e4ndern des ETA-Systems des Vereinigten K\u00f6nigreichs hinzugef\u00fcgt. Europ\u00e4ische B\u00fcrger k\u00f6nnen nun vor dem Abflug nach Gro\u00dfbritannien <a href=\"https:\/\/uk-gb.net\/de\/online-eta-visumformular-england\/\">online einen ETA-Antrag<\/a> stellen. <\/p>\n\n<h2 class=\"wp-block-heading\">Welche Visa und Genehmigungen sind f\u00fcr Reisen in das Vereinigte K\u00f6nigreich erforderlich?<\/h2>\n\n<p>Das Vereinigte K\u00f6nigreich bietet <a href=\"https:\/\/uk-gb.net\/de\/verschiedene-arten-von-britischen-visa\/\">verschiedene Arten von Visa<\/a> oder Genehmigungen, je nach dem Profil des Reisenden, dem Grund des Aufenthalts und der Dauer. F\u00fcr einen Kurzaufenthalt k\u00f6nnen einige Staatsangeh\u00f6rige das herk\u00f6mmliche Visumverfahren mit der elektronischen Genehmigung ETA umgehen. Hier ist ein klarer Leitfaden, um die verf\u00fcgbaren Optionen zu verstehen.  <\/p>\n\n<h3 class=\"wp-block-heading\">Ben\u00f6tigt man ein Visum, um in das Vereinigte K\u00f6nigreich zu reisen?<\/h3>\n\n<p>Das h\u00e4ngt von Ihrer Nationalit\u00e4t und dem Zweck Ihrer Reise ab. Hier sind die wichtigsten F\u00e4lle: <\/p>\n\n<ul class=\"wp-block-list\">\n<li><strong>Sie sind irischer Staatsb\u00fcrger<\/strong>: Es ist weder ein Visum noch eine ETA-Genehmigung erforderlich.<\/li>\n\n\n\n<li><strong>Sie sind B\u00fcrger eines Landes, das von der Visumpflicht befreit war<\/strong>: Dies gilt f\u00fcr B\u00fcrger der EU, der USA und anderer Partnerl\u00e4nder. Seit 2025 ist eine <a href=\"https:\/\/uk-gb.net\/de\/eta-england-vereinigtes-konigreich\/\">ETA des Vereinigten K\u00f6nigreichs<\/a> f\u00fcr die Einreise in das Land erforderlich.  <\/li>\n\n\n\n<li><strong>Sie kommen aus einem Land, das bereits am ETA-System teilnimmt (Katar, Saudi-Arabien&#8230;)<\/strong>: Sie m\u00fcssen einen <a href=\"https:\/\/uk-gb.net\/de\/online-eta-visumformular-england\/\">ETA-Antrag online<\/a> stellen.<\/li>\n\n\n\n<li><strong>Wenn Sie Staatsangeh\u00f6riger eines Landes sind, f\u00fcr das ein Visum erforderlich ist<\/strong>: Ein <a href=\"https:\/\/uk-gb.net\/de\/touristenvisum-england-vereinigtes-koenigreich\/\">Touristenvisumantrag<\/a> ist obligatorisch. Dieser muss online ausgef\u00fcllt und anschlie\u00dfend bei einem Termin in der <a href=\"https:\/\/uk-gb.net\/de\/visumtermin-bei-der-botschaft-england\/\">britischen Botschaft<\/a> abgeschlossen werden.<\/li>\n\n\n\n<li><strong>Beispiel<\/strong>: <a href=\"https:\/\/uk-gb.net\/de\/visum-england-aus-deutschland\/\" type=\"page\" id=\"972\">eTA aus Deutschland<\/a>.<\/li>\n<\/ul>\n\n<div style=\"height:10px\" aria-hidden=\"true\" class=\"wp-block-spacer\"><\/div>\n\n<h3 class=\"wp-block-heading\">Welche Arten von Visa gibt es f\u00fcr das Vereinigte K\u00f6nigreich?<\/h3>\n\n<p>Die Art des Visums h\u00e4ngt vom Grund des Aufenthalts ab:<\/p>\n\n<figure class=\"wp-block-table\"><table><thead><tr><th>Art des Visums<\/th><th>Hauptnutzung<\/th><\/tr><\/thead><tbody><tr><td><a href=\"https:\/\/uk-gb.net\/de\/touristenvisum-england-vereinigtes-koenigreich\/\">Touristenvisum<\/a><\/td><td>Freizeitreisen oder Besuche bei Verwandten<\/td><\/tr><tr><td><a href=\"https:\/\/uk-gb.net\/de\/geschaftsvisum-fur-england-vereinigtes-konigreich\/\">Gesch\u00e4ftsvisum<\/a><\/td><td>Sitzungen, Konferenzen, Gesch\u00e4ftsreisen<\/td><\/tr><tr><td><a href=\"https:\/\/uk-gb.net\/de\/studentenvisum-fur-england\/\">Studentenvisum<\/a><\/td><td>Langes Studium oder spezifische Ausbildung<\/td><\/tr><tr><td><a href=\"https:\/\/uk-gb.net\/de\/transitvisum-einen-zwischenstopp-england\/\">Transitvisum<\/a><\/td><td>Vor\u00fcbergehender Flug \u00fcber einen britischen Flughafen<\/td><\/tr><tr><td><a href=\"https:\/\/uk-gb.net\/de\/familienvisum-fur-england\/\">Familienvisum<\/a><\/td><td>Reisen mit der Familie in das Vereinigte K\u00f6nigreich<\/td><\/tr><\/tbody><\/table><\/figure>\n\n<h3 class=\"wp-block-heading\">Transit durch das Vereinigte K\u00f6nigreich: ETA oder Visum?<\/h3>\n\n<p>Selbst bei einem <strong>einfachen Zwischenstopp auf einem Flughafen<\/strong> ist eine <strong>Reisegenehmigung erforderlich<\/strong>. Je nach Ihrer Nationalit\u00e4t kann dies eine <a href=\"https:\/\/uk-gb.net\/de\/eta-england-vereinigtes-konigreich\/\">ETA Gro\u00dfbritannien<\/a> oder ein <a href=\"https:\/\/uk-gb.net\/de\/transitvisum-einen-zwischenstopp-england\/\">Transitvisum<\/a> sein. Diese Verpflichtung gilt auch, wenn Sie die Grenzkontrolle nicht passieren.  <\/p>\n\n<h3 class=\"wp-block-heading\">Kann ich mit einer ETA statt eines Visums reisen?<\/h3>\n\n<p>Die<strong>elektronische Genehmigung ETA<\/strong> ist ausreichend, wenn Ihr Aufenthalt diese Bedingungen erf\u00fcllt:<\/p>\n\n<p>\u2705 Touristischer Aufenthalt, Familienbesuch, kurze Studien, Gesch\u00e4ftsreise<br\/>\u2705 H\u00f6chstdauer von 6 Monaten<br\/>\u2705 Transit durch das Vereinigte K\u00f6nigreich<br\/>\u2705 Bezahlter k\u00fcnstlerischer Auftrag von weniger als 3 Monaten (in bestimmten Sonderf\u00e4llen)<\/p>\n\n<h3 class=\"wp-block-heading\">Die Grenzen der ETA-Genehmigung<\/h3>\n\n<p>\u274c Die ETA erlaubt nicht :<\/p>\n\n<ul class=\"wp-block-list\">\n<li>l\u00e4nger als 6 Monate zu bleiben<\/li>\n\n\n\n<li>F\u00fcr ein britisches Unternehmen zu arbeiten<\/li>\n\n\n\n<li>ein Unternehmen zu gr\u00fcnden oder als Selbst\u00e4ndiger zu arbeiten<\/li>\n\n\n\n<li>\u00d6ffentliche Unterst\u00fctzung zu erhalten<\/li>\n\n\n\n<li>Zu heiraten oder eine zivile Partnerschaft zu registrieren<\/li>\n\n\n\n<li>sich dauerhaft niederzulassen<\/li>\n<\/ul>\n\n<p>In all diesen F\u00e4llen ist ein <a href=\"https:\/\/uk-gb.net\/de\/verschiedene-arten-von-britischen-visa\/\">britisches Visum<\/a> erforderlich.<\/p>\n\n<h3 class=\"wp-block-heading\">Welche Reiseziele werden am h\u00e4ufigsten beantragt?<\/h3>\n\n<p>London ist das wichtigste Tor zum Land, aber auch andere St\u00e4dte ziehen viele Besucher an. Reisende beantragen ein <a href=\"https:\/\/uk-gb.net\/de\/visum-fur-london\/\">Visum f\u00fcr London<\/a>, um in England zu landen. Ausl\u00e4ndische Touristen besuchen auch die wichtigsten anderen englischen St\u00e4dte, indem sie ein <a href=\"https:\/\/uk-gb.net\/de\/visum-fur-liverpool\/\">Visum f\u00fcr Liverpool<\/a> beantragen. Auch <a href=\"https:\/\/uk-gb.net\/de\/visum-fur-manchester\/\">f\u00fcr Manchester werden viele Visa<\/a> beantragt.   <\/p>\n\n<p>Die gro\u00dfen englischen Universit\u00e4tsst\u00e4dte beherbergen auch viele Touristen f\u00fcr akademische Aufenthalte, die ein <a href=\"https:\/\/uk-gb.net\/de\/visum-fur-oxford\/\">Visum f\u00fcr Oxford<\/a> ben\u00f6tigen, oder weiter n\u00f6rdlich von London mit einem Visum f\u00fcr Cambridge.<\/p>\n\n<p>Im Norden des Vereinigten K\u00f6nigreichs beantragen Reisende ein Visum f\u00fcr Birmingham. Manche reisen noch weiter n\u00f6rdlich in Schottland und beantragen ein Visum f\u00fcr Edinburgh oder <a href=\"https:\/\/uk-gb.net\/de\/visum-fur-glasgow\/\">Visum f\u00fcr Glasgow<\/a>. <\/p>\n\n<p>Wales ist auch ein beliebtes Ziel f\u00fcr ausl\u00e4ndische Reisende. Touristen ben\u00f6tigen ein Visum f\u00fcr Cardiff. <\/p>\n","protected":false},"excerpt":{"rendered":"<p>Einreiseformalit\u00e4ten f\u00fcr internationale Reisende in das Vereinigte K\u00f6nigreich Das Vereinigte K\u00f6nigreich hat ein System derelektronischen Reisegenehmigung (ETA ) f\u00fcr Staatsangeh\u00f6rige bestimmter L\u00e4nder, die von der Visumspflicht befreit sind, eingef\u00fchrt. Dieses vereinfachte Verfahren erm\u00f6glicht die Einreise in das Vereinigte K\u00f6nigreich f\u00fcr einen Kurzaufenthalt ohne herk\u00f6mmliches Visum. Die ETA ist in den folgenden F\u00e4llen erforderlich: Touristenaufenthalte, Besuche [&hellip;]<\/p>\n","protected":false},"author":1,"featured_media":0,"parent":0,"menu_order":0,"comment_status":"closed","ping_status":"closed","template":"","meta":{"footnotes":""},"class_list":["post-380","page","type-page","status-publish","hentry"],"yoast_head":"<!-- This site is optimized with the Yoast SEO plugin v27.4 - https:\/\/yoast.com\/product\/yoast-seo-wordpress\/ -->\n<title>Reiseformalit\u00e4ten f\u00fcr das Vereinigte K\u00f6nigreich<\/title>\n<meta name=\"description\" content=\"Die Einreisebestimmungen f\u00fcr ausl\u00e4ndische Reisende in das Vereinigte K\u00f6nigreich haben sich mit der Einf\u00fchrung der eTA UK ge\u00e4ndert.\" \/>\n<meta name=\"robots\" content=\"index, follow, max-snippet:-1, max-image-preview:large, max-video-preview:-1\" \/>\n<link rel=\"canonical\" href=\"https:\/\/uk-gb.net\/de\/visum-vereinigtes-konigreich\/\" \/>\n<meta property=\"og:locale\" content=\"de_DE\" \/>\n<meta property=\"og:type\" content=\"article\" \/>\n<meta property=\"og:title\" content=\"Reiseformalit\u00e4ten f\u00fcr das Vereinigte K\u00f6nigreich\" \/>\n<meta property=\"og:description\" content=\"Die Einreisebestimmungen f\u00fcr ausl\u00e4ndische Reisende in das Vereinigte K\u00f6nigreich haben sich mit der Einf\u00fchrung der eTA UK ge\u00e4ndert.\" \/>\n<meta property=\"og:url\" content=\"https:\/\/uk-gb.net\/de\/visum-vereinigtes-konigreich\/\" \/>\n<meta property=\"og:site_name\" content=\"UK GB\" \/>\n<meta property=\"article:modified_time\" content=\"2026-03-03T08:57:44+00:00\" \/>\n<meta name=\"twitter:card\" content=\"summary_large_image\" \/>\n<meta name=\"twitter:label1\" content=\"Gesch\u00e4tzte Lesezeit\" \/>\n\t<meta name=\"twitter:data1\" content=\"4\u00a0Minuten\" \/>\n<script type=\"application\/ld+json\" class=\"yoast-schema-graph\">{\"@context\":\"https:\\\/\\\/schema.org\",\"@graph\":[{\"@type\":\"WebPage\",\"@id\":\"https:\\\/\\\/uk-gb.net\\\/de\\\/visum-vereinigtes-konigreich\\\/\",\"url\":\"https:\\\/\\\/uk-gb.net\\\/de\\\/visum-vereinigtes-konigreich\\\/\",\"name\":\"Reiseformalit\u00e4ten f\u00fcr das Vereinigte K\u00f6nigreich\",\"isPartOf\":{\"@id\":\"https:\\\/\\\/uk-gb.net\\\/de\\\/#website\"},\"datePublished\":\"2023-11-13T16:38:13+00:00\",\"dateModified\":\"2026-03-03T08:57:44+00:00\",\"description\":\"Die Einreisebestimmungen f\u00fcr ausl\u00e4ndische Reisende in das Vereinigte K\u00f6nigreich haben sich mit der Einf\u00fchrung der eTA UK ge\u00e4ndert.\",\"inLanguage\":\"de\",\"potentialAction\":[{\"@type\":\"ReadAction\",\"target\":[\"https:\\\/\\\/uk-gb.net\\\/de\\\/visum-vereinigtes-konigreich\\\/\"]}]},{\"@type\":\"WebSite\",\"@id\":\"https:\\\/\\\/uk-gb.net\\\/de\\\/#website\",\"url\":\"https:\\\/\\\/uk-gb.net\\\/de\\\/\",\"name\":\"UK GB\",\"description\":\"Travel to the UK\",\"potentialAction\":[{\"@type\":\"SearchAction\",\"target\":{\"@type\":\"EntryPoint\",\"urlTemplate\":\"https:\\\/\\\/uk-gb.net\\\/de\\\/?s={search_term_string}\"},\"query-input\":{\"@type\":\"PropertyValueSpecification\",\"valueRequired\":true,\"valueName\":\"search_term_string\"}}],\"inLanguage\":\"de\"}]}<\/script>\n<!-- \/ Yoast SEO plugin. -->","yoast_head_json":{"title":"Reiseformalit\u00e4ten f\u00fcr das Vereinigte K\u00f6nigreich","description":"Die Einreisebestimmungen f\u00fcr ausl\u00e4ndische Reisende in das Vereinigte K\u00f6nigreich haben sich mit der Einf\u00fchrung der eTA UK ge\u00e4ndert.","robots":{"index":"index","follow":"follow","max-snippet":"max-snippet:-1","max-image-preview":"max-image-preview:large","max-video-preview":"max-video-preview:-1"},"canonical":"https:\/\/uk-gb.net\/de\/visum-vereinigtes-konigreich\/","og_locale":"de_DE","og_type":"article","og_title":"Reiseformalit\u00e4ten f\u00fcr das Vereinigte K\u00f6nigreich","og_description":"Die Einreisebestimmungen f\u00fcr ausl\u00e4ndische Reisende in das Vereinigte K\u00f6nigreich haben sich mit der Einf\u00fchrung der eTA UK ge\u00e4ndert.","og_url":"https:\/\/uk-gb.net\/de\/visum-vereinigtes-konigreich\/","og_site_name":"UK GB","article_modified_time":"2026-03-03T08:57:44+00:00","twitter_card":"summary_large_image","twitter_misc":{"Gesch\u00e4tzte Lesezeit":"4\u00a0Minuten"},"schema":{"@context":"https:\/\/schema.org","@graph":[{"@type":"WebPage","@id":"https:\/\/uk-gb.net\/de\/visum-vereinigtes-konigreich\/","url":"https:\/\/uk-gb.net\/de\/visum-vereinigtes-konigreich\/","name":"Reiseformalit\u00e4ten f\u00fcr das Vereinigte K\u00f6nigreich","isPartOf":{"@id":"https:\/\/uk-gb.net\/de\/#website"},"datePublished":"2023-11-13T16:38:13+00:00","dateModified":"2026-03-03T08:57:44+00:00","description":"Die Einreisebestimmungen f\u00fcr ausl\u00e4ndische Reisende in das Vereinigte K\u00f6nigreich haben sich mit der Einf\u00fchrung der eTA UK ge\u00e4ndert.","inLanguage":"de","potentialAction":[{"@type":"ReadAction","target":["https:\/\/uk-gb.net\/de\/visum-vereinigtes-konigreich\/"]}]},{"@type":"WebSite","@id":"https:\/\/uk-gb.net\/de\/#website","url":"https:\/\/uk-gb.net\/de\/","name":"UK GB","description":"Travel to the UK","potentialAction":[{"@type":"SearchAction","target":{"@type":"EntryPoint","urlTemplate":"https:\/\/uk-gb.net\/de\/?s={search_term_string}"},"query-input":{"@type":"PropertyValueSpecification","valueRequired":true,"valueName":"search_term_string"}}],"inLanguage":"de"}]}},"_links":{"self":[{"href":"https:\/\/uk-gb.net\/de\/wp-json\/wp\/v2\/pages\/380","targetHints":{"allow":["GET"]}}],"collection":[{"href":"https:\/\/uk-gb.net\/de\/wp-json\/wp\/v2\/pages"}],"about":[{"href":"https:\/\/uk-gb.net\/de\/wp-json\/wp\/v2\/types\/page"}],"author":[{"embeddable":true,"href":"https:\/\/uk-gb.net\/de\/wp-json\/wp\/v2\/users\/1"}],"replies":[{"embeddable":true,"href":"https:\/\/uk-gb.net\/de\/wp-json\/wp\/v2\/comments?post=380"}],"version-history":[{"count":0,"href":"https:\/\/uk-gb.net\/de\/wp-json\/wp\/v2\/pages\/380\/revisions"}],"wp:attachment":[{"href":"https:\/\/uk-gb.net\/de\/wp-json\/wp\/v2\/media?parent=380"}],"curies":[{"name":"wp","href":"https:\/\/api.w.org\/{rel}","templated":true}]}}