{"id":1507,"date":"2024-02-25T15:25:14","date_gmt":"2024-02-25T15:25:14","guid":{"rendered":"https:\/\/uk-gb.net\/contact\/"},"modified":"2025-05-21T17:01:01","modified_gmt":"2025-05-21T16:01:01","slug":"contact","status":"publish","type":"page","link":"https:\/\/uk-gb.net\/de\/contact\/","title":{"rendered":"Kontakt"},"content":{"rendered":"\n<h1 class=\"wp-block-heading\">Kontaktformular<\/h1>\n\n<p>Wir sind eine private Online-Informationsseite \u00fcber touristische Aufenthalte im Vereinigten K\u00f6nigreich.  <\/p>\n\n<p>Wir sind in keiner Weise mit der britischen Regierung oder einer anderen Regierung verbunden.\nWir sind nicht in der Lage, einen Vorgang zu unterst\u00fctzen, der auf einer offiziellen Website oder einer privaten Website zur Unterst\u00fctzung bei administrativen Formalit\u00e4ten durchgef\u00fchrt wird. <\/p>\n\n<p>Unsere Website enth\u00e4lt verschiedene Werbe-Hyperlinks zu Websites von Drittanbietern. Wir haben keine Verbindung zu und keine Kontrolle \u00fcber diese Websites und sind nicht f\u00fcr ihre Datenschutzrichtlinien oder Gesch\u00e4ftspraktiken verantwortlich.<\/p>\n<div class=\"wpforms-container wpforms-container-full wpforms-block wpforms-block-97737c9a-6459-48bb-9e26-bc200d497ab8 wpforms-render-modern\" id=\"wpforms-1497\"><form id=\"wpforms-form-1497\" class=\"wpforms-validate wpforms-form wpforms-ajax-form\" data-formid=\"1497\" method=\"post\" enctype=\"multipart\/form-data\" action=\"\/de\/wp-json\/wp\/v2\/pages\/1507\" data-token=\"094b1d5e87531b23206cb0f4085ab595\" data-token-time=\"1776096018\"><noscript class=\"wpforms-error-noscript\">Bitte aktiviere JavaScript in deinem Browser, um dieses Formular fertigzustellen.<\/noscript><div id=\"wpforms-error-noscript\" style=\"display: none;\">Bitte aktiviere JavaScript in deinem Browser, um dieses Formular fertigzustellen.<\/div><div class=\"wpforms-field-container\"><div id=\"wpforms-1497-field_0-container\" class=\"wpforms-field wpforms-field-name\" data-field-id=\"0\"><label class=\"wpforms-field-label\" for=\"wpforms-1497-field_0\">Name <span class=\"wpforms-required-label\" aria-hidden=\"true\">*<\/span><\/label><input type=\"text\" id=\"wpforms-1497-field_0\" class=\"wpforms-field-medium wpforms-field-required\" name=\"wpforms[fields][0]\" aria-errormessage=\"wpforms-1497-field_0-error\" required><\/div><div id=\"wpforms-1497-field_1-container\" class=\"wpforms-field wpforms-field-email\" data-field-id=\"1\"><label class=\"wpforms-field-label\" for=\"wpforms-1497-field_1\">E-mail <span class=\"wpforms-required-label\" aria-hidden=\"true\">*<\/span><\/label><input type=\"email\" id=\"wpforms-1497-field_1\" class=\"wpforms-field-medium wpforms-field-required\" name=\"wpforms[fields][1]\" spellcheck=\"false\" aria-errormessage=\"wpforms-1497-field_1-error\" required><\/div><div id=\"wpforms-1497-field_2-container\" class=\"wpforms-field wpforms-field-textarea\" data-field-id=\"2\"><label class=\"wpforms-field-label\" for=\"wpforms-1497-field_2\">Message<\/label><textarea id=\"wpforms-1497-field_2\" class=\"wpforms-field-medium\" name=\"wpforms[fields][2]\" aria-errormessage=\"wpforms-1497-field_2-error\" ><\/textarea><\/div><\/div><!-- .wpforms-field-container --><div class=\"wpforms-submit-container\" ><input type=\"hidden\" name=\"wpforms[id]\" value=\"1497\"><input type=\"hidden\" name=\"page_title\" value=\"\"><input type=\"hidden\" name=\"page_url\" value=\"https:\/\/uk-gb.net\/de\/wp-json\/wp\/v2\/pages\/1507\"><input type=\"hidden\" name=\"url_referer\" value=\"\"><button type=\"submit\" name=\"wpforms[submit]\" id=\"wpforms-submit-1497\" class=\"wpforms-submit\" data-alt-text=\"in progress\" data-submit-text=\"OK\" aria-live=\"assertive\" value=\"wpforms-submit\">OK<\/button><img decoding=\"async\" src=\"https:\/\/uk-gb.net\/wp-content\/plugins\/wpforms-lite\/assets\/images\/submit-spin.svg\" class=\"wpforms-submit-spinner\" style=\"display: none;\" width=\"26\" height=\"26\" alt=\"Wird geladen\"><\/div><\/form><\/div>  <!-- .wpforms-container -->","protected":false},"excerpt":{"rendered":"<p>Kontaktformular Wir sind eine private Online-Informationsseite \u00fcber touristische Aufenthalte im Vereinigten K\u00f6nigreich. Wir sind in keiner Weise mit der britischen Regierung oder einer anderen Regierung verbunden. Wir sind nicht in der Lage, einen Vorgang zu unterst\u00fctzen, der auf einer offiziellen Website oder einer privaten Website zur Unterst\u00fctzung bei administrativen Formalit\u00e4ten durchgef\u00fchrt wird. Unsere Website enth\u00e4lt [&hellip;]<\/p>\n","protected":false},"author":1,"featured_media":0,"parent":0,"menu_order":0,"comment_status":"closed","ping_status":"closed","template":"","meta":{"footnotes":""},"class_list":["post-1507","page","type-page","status-publish","hentry"],"yoast_head":"<!-- This site is optimized with the Yoast SEO plugin v27.3 - https:\/\/yoast.com\/product\/yoast-seo-wordpress\/ -->\n<title>Kontakt - UK GB<\/title>\n<meta name=\"description\" content=\"Kontaktformular der uk-gb.net-Website\" \/>\n<meta name=\"robots\" content=\"noindex, nofollow\" \/>\n<meta property=\"og:locale\" content=\"de_DE\" \/>\n<meta property=\"og:type\" content=\"article\" \/>\n<meta property=\"og:title\" content=\"Kontakt - UK GB\" \/>\n<meta property=\"og:description\" content=\"Kontaktformular der uk-gb.net-Website\" \/>\n<meta property=\"og:url\" content=\"https:\/\/uk-gb.net\/de\/contact\/\" \/>\n<meta property=\"og:site_name\" content=\"UK GB\" \/>\n<meta property=\"article:modified_time\" content=\"2025-05-21T16:01:01+00:00\" \/>\n<meta name=\"twitter:card\" content=\"summary_large_image\" \/>\n<script type=\"application\/ld+json\" class=\"yoast-schema-graph\">{\"@context\":\"https:\\\/\\\/schema.org\",\"@graph\":[{\"@type\":\"WebPage\",\"@id\":\"https:\\\/\\\/uk-gb.net\\\/de\\\/contact\\\/\",\"url\":\"https:\\\/\\\/uk-gb.net\\\/de\\\/contact\\\/\",\"name\":\"Kontakt - UK GB\",\"isPartOf\":{\"@id\":\"https:\\\/\\\/uk-gb.net\\\/de\\\/#website\"},\"datePublished\":\"2024-02-25T15:25:14+00:00\",\"dateModified\":\"2025-05-21T16:01:01+00:00\",\"description\":\"Kontaktformular der uk-gb.net-Website\",\"inLanguage\":\"de\",\"potentialAction\":[{\"@type\":\"ReadAction\",\"target\":[\"https:\\\/\\\/uk-gb.net\\\/de\\\/contact\\\/\"]}]},{\"@type\":\"WebSite\",\"@id\":\"https:\\\/\\\/uk-gb.net\\\/de\\\/#website\",\"url\":\"https:\\\/\\\/uk-gb.net\\\/de\\\/\",\"name\":\"UK GB\",\"description\":\"Travel to the UK\",\"potentialAction\":[{\"@type\":\"SearchAction\",\"target\":{\"@type\":\"EntryPoint\",\"urlTemplate\":\"https:\\\/\\\/uk-gb.net\\\/de\\\/?s={search_term_string}\"},\"query-input\":{\"@type\":\"PropertyValueSpecification\",\"valueRequired\":true,\"valueName\":\"search_term_string\"}}],\"inLanguage\":\"de\"}]}<\/script>\n<!-- \/ Yoast SEO plugin. -->","yoast_head_json":{"title":"Kontakt - UK GB","description":"Kontaktformular der uk-gb.net-Website","robots":{"index":"noindex","follow":"nofollow"},"og_locale":"de_DE","og_type":"article","og_title":"Kontakt - UK GB","og_description":"Kontaktformular der uk-gb.net-Website","og_url":"https:\/\/uk-gb.net\/de\/contact\/","og_site_name":"UK GB","article_modified_time":"2025-05-21T16:01:01+00:00","twitter_card":"summary_large_image","schema":{"@context":"https:\/\/schema.org","@graph":[{"@type":"WebPage","@id":"https:\/\/uk-gb.net\/de\/contact\/","url":"https:\/\/uk-gb.net\/de\/contact\/","name":"Kontakt - UK GB","isPartOf":{"@id":"https:\/\/uk-gb.net\/de\/#website"},"datePublished":"2024-02-25T15:25:14+00:00","dateModified":"2025-05-21T16:01:01+00:00","description":"Kontaktformular der uk-gb.net-Website","inLanguage":"de","potentialAction":[{"@type":"ReadAction","target":["https:\/\/uk-gb.net\/de\/contact\/"]}]},{"@type":"WebSite","@id":"https:\/\/uk-gb.net\/de\/#website","url":"https:\/\/uk-gb.net\/de\/","name":"UK GB","description":"Travel to the UK","potentialAction":[{"@type":"SearchAction","target":{"@type":"EntryPoint","urlTemplate":"https:\/\/uk-gb.net\/de\/?s={search_term_string}"},"query-input":{"@type":"PropertyValueSpecification","valueRequired":true,"valueName":"search_term_string"}}],"inLanguage":"de"}]}},"_links":{"self":[{"href":"https:\/\/uk-gb.net\/de\/wp-json\/wp\/v2\/pages\/1507","targetHints":{"allow":["GET"]}}],"collection":[{"href":"https:\/\/uk-gb.net\/de\/wp-json\/wp\/v2\/pages"}],"about":[{"href":"https:\/\/uk-gb.net\/de\/wp-json\/wp\/v2\/types\/page"}],"author":[{"embeddable":true,"href":"https:\/\/uk-gb.net\/de\/wp-json\/wp\/v2\/users\/1"}],"replies":[{"embeddable":true,"href":"https:\/\/uk-gb.net\/de\/wp-json\/wp\/v2\/comments?post=1507"}],"version-history":[{"count":0,"href":"https:\/\/uk-gb.net\/de\/wp-json\/wp\/v2\/pages\/1507\/revisions"}],"wp:attachment":[{"href":"https:\/\/uk-gb.net\/de\/wp-json\/wp\/v2\/media?parent=1507"}],"curies":[{"name":"wp","href":"https:\/\/api.w.org\/{rel}","templated":true}]}}