{"id":1259,"date":"2024-02-25T10:29:22","date_gmt":"2024-02-25T10:29:22","guid":{"rendered":"https:\/\/uk-gb.net\/preis-eta-vereinigte-konigreich\/"},"modified":"2026-04-02T11:06:13","modified_gmt":"2026-04-02T10:06:13","slug":"preis-eta-vereinigte-konigreich","status":"publish","type":"page","link":"https:\/\/uk-gb.net\/de\/preis-eta-vereinigte-konigreich\/","title":{"rendered":"ETA-Preis f\u00fcr das Vereinigte K\u00f6nigreich"},"content":{"rendered":"\n<h1 class=\"wp-block-heading\">Wie viel kostet eine ETA-Genehmigung f\u00fcr das Vereinigte K\u00f6nigreich?<\/h1>\n\n<p>Wenn Sie Staatsangeh\u00f6riger eines Landes sind, das f\u00fcr das britische <strong>Programm f\u00fcr visumfreies Reisen (Visa Waiver Program<\/strong> ) in Frage kommt, k\u00f6nnen Sie <a href=\"https:\/\/uk-gb.net\/de\/online-eta-visumformular-england\/\">eine ETA beantragen<\/a>, um ohne <a href=\"https:\/\/uk-gb.net\/de\/verschiedene-arten-von-britischen-visa\/\">britisches Visum<\/a> in das Vereinigte K\u00f6nigreich einzureisen. <\/p>\n\n<p><strong>Das Verfahren ist schnell und zu 100 % online,<\/strong> indem Sie das <a href=\"https:\/\/uk-gb.net\/de\/online-eta-visumformular-england\/\">ETA-Formular online<\/a> ausf\u00fcllen.<\/p>\n\n<div style=\"height:10px\" aria-hidden=\"true\" class=\"wp-block-spacer\"><\/div>\n\n<h2 class=\"wp-block-heading\">ETA-Geb\u00fchr f\u00fcr das Vereinigte K\u00f6nigreich<\/h2>\n\n<p>Der offizielle Preis f\u00fcr eine ETA betr\u00e4gt seit dem 8. April 2026 <strong>\u00a320<\/strong>, was ungef\u00e4hr <strong>23 Euro<\/strong> entspricht. Dieser Preis ist ein <strong>Pauschalpreis<\/strong>, der f\u00fcr alle Antragsteller unabh\u00e4ngig von ihrem Alter oder Herkunftsland gleich ist. <\/p>\n\n<p>Dieser Betrag ist wesentlich niedriger als die Geb\u00fchren f\u00fcr ein <a href=\"https:\/\/uk-gb.net\/de\/touristenvisum-england-vereinigtes-koenigreich\/\">Touristenvisum<\/a>, die f\u00fcr einen kurzfristigen Aufenthalt mindestens <strong>115 \u00a3<\/strong> betragen.<\/p>\n\n<h2 class=\"wp-block-heading\">Wie wird die ETA eingestellt?<\/h2>\n\n<p>Die Zahlung erfolgt <strong>direkt online<\/strong> bei der Antragstellung per Kreditkarte (Visa, Mastercard usw.). Die Zahlung ist <strong>obligatorisch<\/strong>, damit der Antrag bearbeitet werden kann. <\/p>\n\n<p>Nach der Zahlung beginnt das System sofort mit der Pr\u00fcfung Ihres Falles, und die Antwort wird in der Regel innerhalb weniger Stunden (oder bis zu 3 Tagen, wenn eine weitere Pr\u00fcfung erforderlich ist) per E-Mail versandt.<\/p>\n\n<h2 class=\"wp-block-heading\">Keine M\u00f6glichkeit der R\u00fcckerstattung<\/h2>\n\n<p>Der f\u00fcr eine ETA gezahlte Betrag ist <strong>nicht erstattungsf\u00e4hig<\/strong>, auch wenn Ihr Antrag abgelehnt oder storniert wird oder wenn Sie Ihre Reisepl\u00e4ne \u00e4ndern. Es ist daher wichtig, dass Sie Ihre <strong>Berechtigung<\/strong> vor Beginn des Verfahrens \u00fcberpr\u00fcfen, insbesondere wenn Sie Ihren Reisepass \u00e4ndern oder nicht aus einem der <a href=\"https:\/\/uk-gb.net\/de\/lander-eta-vereinigte-konigreich-beantragen-konnen\/\">L\u00e4nder stammen, die f\u00fcr das ETA-Programm<\/a> in Frage kommen. <\/p>\n\n<h2 class=\"wp-block-heading\">Eine ETA bleibt 2 Jahre g\u00fcltig<\/h2>\n\n<p>Die ETA ist <strong>zwei Jahre lang g\u00fcltig<\/strong> oder bis zum Ablauf der G\u00fcltigkeitsdauer Ihres Reisepasses, je nachdem, was fr\u00fcher eintritt. Sie berechtigt zur mehrmaligen Einreise in das Vereinigte K\u00f6nigreich w\u00e4hrend dieses Zeitraums, f\u00fcr Aufenthalte von <strong>weniger als 6 Monaten<\/strong> bei jedem Besuch. <\/p>\n","protected":false},"excerpt":{"rendered":"<p>Wie viel kostet eine ETA-Genehmigung f\u00fcr das Vereinigte K\u00f6nigreich? Wenn Sie Staatsangeh\u00f6riger eines Landes sind, das f\u00fcr das britische Programm f\u00fcr visumfreies Reisen (Visa Waiver Program ) in Frage kommt, k\u00f6nnen Sie eine ETA beantragen, um ohne britisches Visum in das Vereinigte K\u00f6nigreich einzureisen. Das Verfahren ist schnell und zu 100 % online, indem Sie [&hellip;]<\/p>\n","protected":false},"author":1,"featured_media":0,"parent":0,"menu_order":0,"comment_status":"closed","ping_status":"closed","template":"","meta":{"footnotes":""},"class_list":["post-1259","page","type-page","status-publish","hentry"],"yoast_head":"<!-- This site is optimized with the Yoast SEO plugin v27.4 - https:\/\/yoast.com\/product\/yoast-seo-wordpress\/ -->\n<title>ETA-Preis f\u00fcr das Vereinigte K\u00f6nigreich - UK GB<\/title>\n<meta name=\"description\" content=\"Wie hoch ist die Verwaltungsgeb\u00fchr, die online bezahlt werden muss, um einen Antrag auf eine elektronische Reisegenehmigung ETA zu best\u00e4tigen?\" \/>\n<meta name=\"robots\" content=\"index, follow, max-snippet:-1, max-image-preview:large, max-video-preview:-1\" \/>\n<link rel=\"canonical\" href=\"https:\/\/uk-gb.net\/de\/preis-eta-vereinigte-konigreich\/\" \/>\n<meta property=\"og:locale\" content=\"de_DE\" \/>\n<meta property=\"og:type\" content=\"article\" \/>\n<meta property=\"og:title\" content=\"ETA-Preis f\u00fcr das Vereinigte K\u00f6nigreich - UK GB\" \/>\n<meta property=\"og:description\" content=\"Wie hoch ist die Verwaltungsgeb\u00fchr, die online bezahlt werden muss, um einen Antrag auf eine elektronische Reisegenehmigung ETA zu best\u00e4tigen?\" \/>\n<meta property=\"og:url\" content=\"https:\/\/uk-gb.net\/de\/preis-eta-vereinigte-konigreich\/\" \/>\n<meta property=\"og:site_name\" content=\"UK GB\" \/>\n<meta property=\"article:modified_time\" content=\"2026-04-02T10:06:13+00:00\" \/>\n<meta name=\"twitter:card\" content=\"summary_large_image\" \/>\n<meta name=\"twitter:label1\" content=\"Gesch\u00e4tzte Lesezeit\" \/>\n\t<meta name=\"twitter:data1\" content=\"2\u00a0Minuten\" \/>\n<script type=\"application\/ld+json\" class=\"yoast-schema-graph\">{\"@context\":\"https:\\\/\\\/schema.org\",\"@graph\":[{\"@type\":\"WebPage\",\"@id\":\"https:\\\/\\\/uk-gb.net\\\/de\\\/preis-eta-vereinigte-konigreich\\\/\",\"url\":\"https:\\\/\\\/uk-gb.net\\\/de\\\/preis-eta-vereinigte-konigreich\\\/\",\"name\":\"ETA-Preis f\u00fcr das Vereinigte K\u00f6nigreich - UK GB\",\"isPartOf\":{\"@id\":\"https:\\\/\\\/uk-gb.net\\\/de\\\/#website\"},\"datePublished\":\"2024-02-25T10:29:22+00:00\",\"dateModified\":\"2026-04-02T10:06:13+00:00\",\"description\":\"Wie hoch ist die Verwaltungsgeb\u00fchr, die online bezahlt werden muss, um einen Antrag auf eine elektronische Reisegenehmigung ETA zu best\u00e4tigen?\",\"inLanguage\":\"de\",\"potentialAction\":[{\"@type\":\"ReadAction\",\"target\":[\"https:\\\/\\\/uk-gb.net\\\/de\\\/preis-eta-vereinigte-konigreich\\\/\"]}]},{\"@type\":\"WebSite\",\"@id\":\"https:\\\/\\\/uk-gb.net\\\/de\\\/#website\",\"url\":\"https:\\\/\\\/uk-gb.net\\\/de\\\/\",\"name\":\"UK GB\",\"description\":\"Travel to the UK\",\"potentialAction\":[{\"@type\":\"SearchAction\",\"target\":{\"@type\":\"EntryPoint\",\"urlTemplate\":\"https:\\\/\\\/uk-gb.net\\\/de\\\/?s={search_term_string}\"},\"query-input\":{\"@type\":\"PropertyValueSpecification\",\"valueRequired\":true,\"valueName\":\"search_term_string\"}}],\"inLanguage\":\"de\"}]}<\/script>\n<!-- \/ Yoast SEO plugin. -->","yoast_head_json":{"title":"ETA-Preis f\u00fcr das Vereinigte K\u00f6nigreich - UK GB","description":"Wie hoch ist die Verwaltungsgeb\u00fchr, die online bezahlt werden muss, um einen Antrag auf eine elektronische Reisegenehmigung ETA zu best\u00e4tigen?","robots":{"index":"index","follow":"follow","max-snippet":"max-snippet:-1","max-image-preview":"max-image-preview:large","max-video-preview":"max-video-preview:-1"},"canonical":"https:\/\/uk-gb.net\/de\/preis-eta-vereinigte-konigreich\/","og_locale":"de_DE","og_type":"article","og_title":"ETA-Preis f\u00fcr das Vereinigte K\u00f6nigreich - UK GB","og_description":"Wie hoch ist die Verwaltungsgeb\u00fchr, die online bezahlt werden muss, um einen Antrag auf eine elektronische Reisegenehmigung ETA zu best\u00e4tigen?","og_url":"https:\/\/uk-gb.net\/de\/preis-eta-vereinigte-konigreich\/","og_site_name":"UK GB","article_modified_time":"2026-04-02T10:06:13+00:00","twitter_card":"summary_large_image","twitter_misc":{"Gesch\u00e4tzte Lesezeit":"2\u00a0Minuten"},"schema":{"@context":"https:\/\/schema.org","@graph":[{"@type":"WebPage","@id":"https:\/\/uk-gb.net\/de\/preis-eta-vereinigte-konigreich\/","url":"https:\/\/uk-gb.net\/de\/preis-eta-vereinigte-konigreich\/","name":"ETA-Preis f\u00fcr das Vereinigte K\u00f6nigreich - UK GB","isPartOf":{"@id":"https:\/\/uk-gb.net\/de\/#website"},"datePublished":"2024-02-25T10:29:22+00:00","dateModified":"2026-04-02T10:06:13+00:00","description":"Wie hoch ist die Verwaltungsgeb\u00fchr, die online bezahlt werden muss, um einen Antrag auf eine elektronische Reisegenehmigung ETA zu best\u00e4tigen?","inLanguage":"de","potentialAction":[{"@type":"ReadAction","target":["https:\/\/uk-gb.net\/de\/preis-eta-vereinigte-konigreich\/"]}]},{"@type":"WebSite","@id":"https:\/\/uk-gb.net\/de\/#website","url":"https:\/\/uk-gb.net\/de\/","name":"UK GB","description":"Travel to the UK","potentialAction":[{"@type":"SearchAction","target":{"@type":"EntryPoint","urlTemplate":"https:\/\/uk-gb.net\/de\/?s={search_term_string}"},"query-input":{"@type":"PropertyValueSpecification","valueRequired":true,"valueName":"search_term_string"}}],"inLanguage":"de"}]}},"_links":{"self":[{"href":"https:\/\/uk-gb.net\/de\/wp-json\/wp\/v2\/pages\/1259","targetHints":{"allow":["GET"]}}],"collection":[{"href":"https:\/\/uk-gb.net\/de\/wp-json\/wp\/v2\/pages"}],"about":[{"href":"https:\/\/uk-gb.net\/de\/wp-json\/wp\/v2\/types\/page"}],"author":[{"embeddable":true,"href":"https:\/\/uk-gb.net\/de\/wp-json\/wp\/v2\/users\/1"}],"replies":[{"embeddable":true,"href":"https:\/\/uk-gb.net\/de\/wp-json\/wp\/v2\/comments?post=1259"}],"version-history":[{"count":0,"href":"https:\/\/uk-gb.net\/de\/wp-json\/wp\/v2\/pages\/1259\/revisions"}],"wp:attachment":[{"href":"https:\/\/uk-gb.net\/de\/wp-json\/wp\/v2\/media?parent=1259"}],"curies":[{"name":"wp","href":"https:\/\/api.w.org\/{rel}","templated":true}]}}