{"id":1245,"date":"2024-02-25T10:31:56","date_gmt":"2024-02-25T10:31:56","guid":{"rendered":"https:\/\/uk-gb.net\/antragsverfahren-visum-vereinigte-konigreich\/"},"modified":"2025-07-17T15:17:18","modified_gmt":"2025-07-17T14:17:18","slug":"antragsverfahren-visum-vereinigte-konigreich","status":"publish","type":"page","link":"https:\/\/uk-gb.net\/de\/antragsverfahren-visum-vereinigte-konigreich\/","title":{"rendered":"Verfahren f\u00fcr die Beantragung eines Visums f\u00fcr das Vereinigte K\u00f6nigreich"},"content":{"rendered":"\n<h1 class=\"wp-block-heading\">Das Verfahren zur Beantragung eines Visums f\u00fcr Reisen in das Vereinigte K\u00f6nigreich<\/h1>\n\n<p>Wenn Sie nicht f\u00fcr eine <a href=\"https:\/\/uk-gb.net\/de\/eta-england-vereinigtes-konigreich\/\">ETA-Genehmigung<\/a> in Frage kommen, m\u00fcssen Sie ein <a href=\"https:\/\/uk-gb.net\/de\/verschiedene-arten-von-britischen-visa\/\">britisches Visum<\/a> beantragen, um in das Vereinigte K\u00f6nigreich einreisen zu k\u00f6nnen. Die Beantragung erfolgt in mehreren Schritten, beginnend immer mit einem Online-Formular, gefolgt von einem Termin bei einer Botschaft oder einem zugelassenen Antragszentrum. <\/p>\n\n<p><strong>F\u00fcr einen touristischen oder beruflichen Aufenthalt<\/strong> <strong>von weniger als 6 Monaten<\/strong>: Staatsangeh\u00f6rige der berechtigten L\u00e4nder k\u00f6nnen anstelle eines Visums einen <a href=\"https:\/\/uk-gb.net\/de\/online-eta-visumformular-england\/\">ETA-Antrag online<\/a> stellen. Dieses Verfahren ist schneller und 100% online. <\/p>\n\n<div style=\"height:10px\" aria-hidden=\"true\" class=\"wp-block-spacer\"><\/div>\n\n<h2 class=\"wp-block-heading\">Wie beantrage ich ein Visum f\u00fcr Gro\u00dfbritannien?<\/h2>\n\n<p>Die Beantragung eines Visums f\u00fcr das Vereinigte K\u00f6nigreich erfolgt online \u00fcber das Internet. Das Antragsverfahren f\u00fcr ein britisches Visum umfasst mehrere obligatorische Schritte: <\/p>\n\n<ol class=\"wp-block-list\">\n<li>Bestimmung der <a href=\"https:\/\/uk-gb.net\/de\/verschiedene-arten-von-britischen-visa\/\">Art des erforderlichen britischen Visums<\/a> je nach Reisezweck (Tourismus, Studium, Arbeit, Transit) ;<\/li>\n\n\n\n<li>Stellen Sie alle von den Beh\u00f6rden des Vereinigten K\u00f6nigreichs geforderten Nachweise zusammen;<\/li>\n\n\n\n<li>F\u00fcllen Sie das Visumantragsformular auf der offiziellen Website der britischen Regierung aus: <a class=\"\" href=\"https:\/\/www.gov.uk\/\">gov.uk<\/a>;<\/li>\n\n\n\n<li>Bezahlen Sie die <a href=\"https:\/\/uk-gb.net\/de\/visumpreis-fur-england\/\">Visageb\u00fchren<\/a> online zum Zeitpunkt der Einreichung;<\/li>\n\n\n\n<li>Vereinbaren Sie einen Termin bei einer <a href=\"https:\/\/uk-gb.net\/de\/visumtermin-bei-der-botschaft-england\/\">britischen Botschaft<\/a> oder einem anerkannten Visumantragszentrum;<\/li>\n\n\n\n<li>Vorlage aller Originaldokumente und -belege beim <a href=\"https:\/\/uk-gb.net\/de\/visumtermin-bei-der-botschaft-england\/\">Termin f\u00fcr das Visum in der Botschaft<\/a>;<\/li>\n\n\n\n<li>Nehmen Sie an einem Gespr\u00e4ch mit einem Konsularbeamten teil, wenn dies f\u00fcr Ihren Visumtyp erforderlich ist.<\/li>\n<\/ol>\n\n<div style=\"height:10px\" aria-hidden=\"true\" class=\"wp-block-spacer\"><\/div>\n\n<h2 class=\"wp-block-heading\">Welche Dokumente sind erforderlich?<\/h2>\n\n<p>Die erforderlichen Dokumente h\u00e4ngen vom beantragten Visum ab, sollten aber im Allgemeinen den britischen Beh\u00f6rden erlauben, :<\/p>\n\n<ul class=\"wp-block-list\">\n<li>Vergewissern Sie sich, dass Sie f\u00fcr eine <strong>genehmigte T\u00e4tigkeit<\/strong> in das Vereinigte K\u00f6nigreich einreisen;<\/li>\n\n\n\n<li>Best\u00e4tigen Sie, dass Sie <strong>das Land nach Ablauf des Visums verlassen werden<\/strong>;<\/li>\n\n\n\n<li>Beweisen Sie, dass Sie <strong>Ihren Aufenthalt<\/strong> und den Ihrer eventuellen Begleitpersonen <strong>finanzieren<\/strong> k\u00f6nnen;<\/li>\n\n\n\n<li>Belegen Sie, dass Sie in <strong>der Lage<\/strong> sind <strong>, Ihre R\u00fcckreise<\/strong> oder Ihr n\u00e4chstes Reiseziel zu <strong>bezahlen<\/strong>.<\/li>\n<\/ul>\n\n<div style=\"height:10px\" aria-hidden=\"true\" class=\"wp-block-spacer\"><\/div>\n\n<p>Alle Belege m\u00fcssen in <strong>digitaler<\/strong> Form eingereicht werden und von den <strong>Originaldokumenten<\/strong> <strong>gescannt<\/strong> werden. Nicht beglaubigte Fotokopien oder \u00dcbersetzungen k\u00f6nnen zu einer Ablehnung f\u00fchren. <\/p>\n\n<h2 class=\"wp-block-heading\">Bearbeitungszeiten und Antizipation<\/h2>\n\n<p>Die Standardbearbeitungsfrist f\u00fcr einen Visumantrag betr\u00e4gt durchschnittlich <strong>3 Wochen<\/strong> ab dem Datum des konsularischen Termins. Es ist ratsam, den Antrag <strong>mindestens einen Monat vor der geplanten Abreise<\/strong> einzureichen, insbesondere in Zeiten mit hohem Verkehrsaufkommen. <\/p>\n\n<p>Eine <strong>beschleunigte<\/strong> Behandlung <strong>(Priority Service)<\/strong> kann gegen eine zus\u00e4tzliche Geb\u00fchr angeboten werden.<\/p>\n\n<h2 class=\"wp-block-heading\">Kann ein Visumantrag ge\u00e4ndert oder storniert werden?<\/h2>\n\n<p>Nach der Einreichung des Antrags und der Zahlung der <a href=\"https:\/\/uk-gb.net\/de\/visumpreis-fur-england\/\">Visumgeb\u00fchr<\/a> k\u00f6nnen Sie <strong>die eingegebenen Informationen nicht mehr \u00e4ndern<\/strong> und erhalten im Falle einer Stornierung keine Erstattung. Wenn Sie einen Fehler gemacht oder Ihre Pl\u00e4ne ge\u00e4ndert haben, m\u00fcssen Sie <strong>einen neuen vollst\u00e4ndigen Antrag ein<\/strong> reichen, f\u00fcr den erneut Geb\u00fchren anfallen. <\/p>\n\n<h2 class=\"wp-block-heading\">Was ist der Unterschied zwischen einem Visum und einer ETA?<\/h2>\n\n<p>Das <strong>Visum<\/strong> ist eine klassische Genehmigung, die nach einer gr\u00fcndlichen Pr\u00fcfung ausgestellt wird und oft f\u00fcr l\u00e4ngere Aufenthalte oder f\u00fcr Staatsangeh\u00f6rige von L\u00e4ndern au\u00dferhalb des ETA-Programms erforderlich ist.<\/p>\n\n<p>Die <strong>ETA<\/strong> ist <strong>schneller<\/strong>, <strong>billiger<\/strong> (16 \u00a3) und f\u00fcr bestimmte Reisende gedacht, die kein Visum ben\u00f6tigen. Sie ist f\u00fcr Aufenthalte von <strong>weniger als 6 Monaten<\/strong> f\u00fcr <strong>2 Jahre<\/strong> g\u00fcltig. <\/p>\n","protected":false},"excerpt":{"rendered":"<p>Das Verfahren zur Beantragung eines Visums f\u00fcr Reisen in das Vereinigte K\u00f6nigreich Wenn Sie nicht f\u00fcr eine ETA-Genehmigung in Frage kommen, m\u00fcssen Sie ein britisches Visum beantragen, um in das Vereinigte K\u00f6nigreich einreisen zu k\u00f6nnen. Die Beantragung erfolgt in mehreren Schritten, beginnend immer mit einem Online-Formular, gefolgt von einem Termin bei einer Botschaft oder einem [&hellip;]<\/p>\n","protected":false},"author":1,"featured_media":0,"parent":0,"menu_order":0,"comment_status":"closed","ping_status":"closed","template":"","meta":{"footnotes":""},"class_list":["post-1245","page","type-page","status-publish","hentry"],"yoast_head":"<!-- This site is optimized with the Yoast SEO plugin v27.3 - https:\/\/yoast.com\/product\/yoast-seo-wordpress\/ -->\n<title>Verfahren f\u00fcr die Beantragung eines Visums f\u00fcr das Vereinigte K\u00f6nigreich - UK GB<\/title>\n<meta name=\"description\" content=\"Finden Sie heraus, wie Sie in wenigen Schritten online ein Visum f\u00fcr eine Reise nach Gro\u00dfbritannien beantragen k\u00f6nnen.\" \/>\n<meta name=\"robots\" content=\"index, follow, max-snippet:-1, max-image-preview:large, max-video-preview:-1\" \/>\n<link rel=\"canonical\" href=\"https:\/\/uk-gb.net\/de\/antragsverfahren-visum-vereinigte-konigreich\/\" \/>\n<meta property=\"og:locale\" content=\"de_DE\" \/>\n<meta property=\"og:type\" content=\"article\" \/>\n<meta property=\"og:title\" content=\"Verfahren f\u00fcr die Beantragung eines Visums f\u00fcr das Vereinigte K\u00f6nigreich - UK GB\" \/>\n<meta property=\"og:description\" content=\"Finden Sie heraus, wie Sie in wenigen Schritten online ein Visum f\u00fcr eine Reise nach Gro\u00dfbritannien beantragen k\u00f6nnen.\" \/>\n<meta property=\"og:url\" content=\"https:\/\/uk-gb.net\/de\/antragsverfahren-visum-vereinigte-konigreich\/\" \/>\n<meta property=\"og:site_name\" content=\"UK GB\" \/>\n<meta property=\"article:modified_time\" content=\"2025-07-17T14:17:18+00:00\" \/>\n<meta name=\"twitter:card\" content=\"summary_large_image\" \/>\n<meta name=\"twitter:label1\" content=\"Gesch\u00e4tzte Lesezeit\" \/>\n\t<meta name=\"twitter:data1\" content=\"3\u00a0Minuten\" \/>\n<script type=\"application\/ld+json\" class=\"yoast-schema-graph\">{\"@context\":\"https:\\\/\\\/schema.org\",\"@graph\":[{\"@type\":\"WebPage\",\"@id\":\"https:\\\/\\\/uk-gb.net\\\/de\\\/antragsverfahren-visum-vereinigte-konigreich\\\/\",\"url\":\"https:\\\/\\\/uk-gb.net\\\/de\\\/antragsverfahren-visum-vereinigte-konigreich\\\/\",\"name\":\"Verfahren f\u00fcr die Beantragung eines Visums f\u00fcr das Vereinigte K\u00f6nigreich - UK GB\",\"isPartOf\":{\"@id\":\"https:\\\/\\\/uk-gb.net\\\/de\\\/#website\"},\"datePublished\":\"2024-02-25T10:31:56+00:00\",\"dateModified\":\"2025-07-17T14:17:18+00:00\",\"description\":\"Finden Sie heraus, wie Sie in wenigen Schritten online ein Visum f\u00fcr eine Reise nach Gro\u00dfbritannien beantragen k\u00f6nnen.\",\"inLanguage\":\"de\",\"potentialAction\":[{\"@type\":\"ReadAction\",\"target\":[\"https:\\\/\\\/uk-gb.net\\\/de\\\/antragsverfahren-visum-vereinigte-konigreich\\\/\"]}]},{\"@type\":\"WebSite\",\"@id\":\"https:\\\/\\\/uk-gb.net\\\/de\\\/#website\",\"url\":\"https:\\\/\\\/uk-gb.net\\\/de\\\/\",\"name\":\"UK GB\",\"description\":\"Travel to the UK\",\"potentialAction\":[{\"@type\":\"SearchAction\",\"target\":{\"@type\":\"EntryPoint\",\"urlTemplate\":\"https:\\\/\\\/uk-gb.net\\\/de\\\/?s={search_term_string}\"},\"query-input\":{\"@type\":\"PropertyValueSpecification\",\"valueRequired\":true,\"valueName\":\"search_term_string\"}}],\"inLanguage\":\"de\"}]}<\/script>\n<!-- \/ Yoast SEO plugin. -->","yoast_head_json":{"title":"Verfahren f\u00fcr die Beantragung eines Visums f\u00fcr das Vereinigte K\u00f6nigreich - UK GB","description":"Finden Sie heraus, wie Sie in wenigen Schritten online ein Visum f\u00fcr eine Reise nach Gro\u00dfbritannien beantragen k\u00f6nnen.","robots":{"index":"index","follow":"follow","max-snippet":"max-snippet:-1","max-image-preview":"max-image-preview:large","max-video-preview":"max-video-preview:-1"},"canonical":"https:\/\/uk-gb.net\/de\/antragsverfahren-visum-vereinigte-konigreich\/","og_locale":"de_DE","og_type":"article","og_title":"Verfahren f\u00fcr die Beantragung eines Visums f\u00fcr das Vereinigte K\u00f6nigreich - UK GB","og_description":"Finden Sie heraus, wie Sie in wenigen Schritten online ein Visum f\u00fcr eine Reise nach Gro\u00dfbritannien beantragen k\u00f6nnen.","og_url":"https:\/\/uk-gb.net\/de\/antragsverfahren-visum-vereinigte-konigreich\/","og_site_name":"UK GB","article_modified_time":"2025-07-17T14:17:18+00:00","twitter_card":"summary_large_image","twitter_misc":{"Gesch\u00e4tzte Lesezeit":"3\u00a0Minuten"},"schema":{"@context":"https:\/\/schema.org","@graph":[{"@type":"WebPage","@id":"https:\/\/uk-gb.net\/de\/antragsverfahren-visum-vereinigte-konigreich\/","url":"https:\/\/uk-gb.net\/de\/antragsverfahren-visum-vereinigte-konigreich\/","name":"Verfahren f\u00fcr die Beantragung eines Visums f\u00fcr das Vereinigte K\u00f6nigreich - UK GB","isPartOf":{"@id":"https:\/\/uk-gb.net\/de\/#website"},"datePublished":"2024-02-25T10:31:56+00:00","dateModified":"2025-07-17T14:17:18+00:00","description":"Finden Sie heraus, wie Sie in wenigen Schritten online ein Visum f\u00fcr eine Reise nach Gro\u00dfbritannien beantragen k\u00f6nnen.","inLanguage":"de","potentialAction":[{"@type":"ReadAction","target":["https:\/\/uk-gb.net\/de\/antragsverfahren-visum-vereinigte-konigreich\/"]}]},{"@type":"WebSite","@id":"https:\/\/uk-gb.net\/de\/#website","url":"https:\/\/uk-gb.net\/de\/","name":"UK GB","description":"Travel to the UK","potentialAction":[{"@type":"SearchAction","target":{"@type":"EntryPoint","urlTemplate":"https:\/\/uk-gb.net\/de\/?s={search_term_string}"},"query-input":{"@type":"PropertyValueSpecification","valueRequired":true,"valueName":"search_term_string"}}],"inLanguage":"de"}]}},"_links":{"self":[{"href":"https:\/\/uk-gb.net\/de\/wp-json\/wp\/v2\/pages\/1245","targetHints":{"allow":["GET"]}}],"collection":[{"href":"https:\/\/uk-gb.net\/de\/wp-json\/wp\/v2\/pages"}],"about":[{"href":"https:\/\/uk-gb.net\/de\/wp-json\/wp\/v2\/types\/page"}],"author":[{"embeddable":true,"href":"https:\/\/uk-gb.net\/de\/wp-json\/wp\/v2\/users\/1"}],"replies":[{"embeddable":true,"href":"https:\/\/uk-gb.net\/de\/wp-json\/wp\/v2\/comments?post=1245"}],"version-history":[{"count":0,"href":"https:\/\/uk-gb.net\/de\/wp-json\/wp\/v2\/pages\/1245\/revisions"}],"wp:attachment":[{"href":"https:\/\/uk-gb.net\/de\/wp-json\/wp\/v2\/media?parent=1245"}],"curies":[{"name":"wp","href":"https:\/\/api.w.org\/{rel}","templated":true}]}}