{"id":1027,"date":"2023-12-31T15:10:49","date_gmt":"2023-12-31T15:10:49","guid":{"rendered":"https:\/\/uk-gb.net\/visum-england-aus-deutschland\/"},"modified":"2026-03-02T14:35:50","modified_gmt":"2026-03-02T14:35:50","slug":"visum-england-aus-deutschland","status":"publish","type":"page","link":"https:\/\/uk-gb.net\/de\/visum-england-aus-deutschland\/","title":{"rendered":"Visum f\u00fcr England von Deutschland aus"},"content":{"rendered":"\n<h1 class=\"wp-block-heading\">Formalit\u00e4ten f\u00fcr die Reise nach England von Deutschland aus<\/h1>\n\n<h2 class=\"wp-block-heading\">Ben\u00f6tigt ein Deutscher Staatsb\u00fcrger ein Visum, um nach England zu reisen?<\/h2>\n\n<p><strong>Ein Deutscher Staatsb\u00fcrger ben\u00f6tigt f\u00fcr einen Aufenthalt von weniger als sechs Monaten<\/strong> dank des britischen Programms f\u00fcr visumfreies Reisen (Visa Waiver Program) kein Visum f\u00fcr England. Sie m\u00fcssen lediglich einen Antrag auf eine elektronische Reisegenehmigung stellen, indem Sie das <a href=\"https:\/\/uk-gb.net\/de\/online-eta-visumformular-england\/\">eTA UK-Formular online<\/a> ausf\u00fcllen.<\/p>\n\n<div style=\"height:20px\" aria-hidden=\"true\" class=\"wp-block-spacer\"><\/div>\n\n<h2 class=\"wp-block-heading\">Ben\u00f6tigt ein in Deutschland lebender Ausl\u00e4nder ein Visum f\u00fcr England?<\/h2>\n\n<p>Die Formalit\u00e4ten, die f\u00fcr die Einreise nach Gro\u00dfbritannien erforderlich sind, h\u00e4ngen von der Nationalit\u00e4t des Reisenden ab:<\/p>\n\n<ul class=\"wp-block-list\">\n<li>Wenn der ausl\u00e4ndische Bewohner in Deutschland Staatsb\u00fcrger eines Landes ist, das am <a href=\"https:\/\/uk-gb.net\/de\/lander-eta-vereinigte-konigreich-beantragen-konnen\/\">Visa Waiver Program teilnimmt<\/a>, kann er f\u00fcr einen Aufenthalt von weniger als 6 Monaten eine <a href=\"https:\/\/uk-gb.net\/de\/eta-england-vereinigtes-konigreich\/\">ETA f\u00fcr das Vereinigte K\u00f6nigreich<\/a> beantragen.<\/li>\n\n\n\n<li>Andernfalls muss er ein <a href=\"https:\/\/uk-gb.net\/de\/verschiedene-arten-von-britischen-visa\/\">Visum beantragen um nach England reisen<\/a> zu k\u00f6nnen.<\/li>\n<\/ul>\n\n<p>Ein in Deutschland lebender Ausl\u00e4nder kann also eine ETA erhalten, wenn sein Heimatland von der britischen Visumbefreiung profitiert.<\/p>\n\n<h2 class=\"wp-block-heading\">Wie kann ich von Deutschland aus ein Visum f\u00fcr England beantragen?<\/h2>\n\n<p>Um ein Visum f\u00fcr das Vereinigte K\u00f6nigreich zu beantragen, m\u00fcssen Sie das Online-Formular auf der Website der britischen Grenzbeh\u00f6rde ausf\u00fcllen. Der Prozess besteht aus mehreren Schritten und wird vollst\u00e4ndig online abgewickelt. <\/p>\n\n<p>Das Verfahren zur Beantragung <a href=\"https:\/\/uk-gb.net\/de\/visumpreis-fur-england\/\">eines Visums und die Geb\u00fchren<\/a> h\u00e4ngen vom Grund Ihres Aufenthalts im Vereinigten K\u00f6nigreich ab.<\/p>\n\n<h3 class=\"wp-block-heading\">Wie kann ich in Deutschland ein Touristenvisum f\u00fcr England beantragen?<\/h3>\n\n<p>Wenn Ihr touristischer Aufenthalt in Gro\u00dfbritannien l\u00e4nger als 6 Monate dauert, m\u00fcssen Sie ein <a href=\"https:\/\/uk-gb.net\/de\/touristenvisum-england-vereinigtes-koenigreich\/\">britisches Touristenvisum<\/a> beantragen. Ihr Antrag wird von den Dienststellen der<a href=\"https:\/\/uk-gb.net\/de\/britische-botschaft-in-deutschland\/\">britischen Botschaft<\/a> bearbeitet. <\/p>\n\n<h3 class=\"wp-block-heading\">Wie bekommt man als Deutschen ein Arbeitsvisum f\u00fcr England?<\/h3>\n\n<p>Um ein Arbeitsvisum f\u00fcr das Vereinigte K\u00f6nigreich zu erhalten, m\u00fcssen Sie zun\u00e4chst ein Stellenangebot von einem britischen Unternehmen erhalten. Dieses Unternehmen muss dann eine Bescheinigung \u00fcber Ihren Einsatz einholen und Ihr Visum f\u00fcr Gro\u00dfbritannien sponsern. <\/p>\n\n<h3 class=\"wp-block-heading\">Wie bekomme ich einen Termin f\u00fcr ein britisches Visum?<\/h3>\n\n<p>Wenn Ihr Fall ein anderes Verfahren erfordert, k\u00f6nnen Sie in manchen F\u00e4llen einen <a href=\"https:\/\/uk-gb.net\/de\/visumtermin-bei-der-botschaft-england\/\">Termin bei der englischen Botschaft<\/a> bekommen.<\/p>\n\n<p><\/p>\n","protected":false},"excerpt":{"rendered":"<p>Formalit\u00e4ten f\u00fcr die Reise nach England von Deutschland aus Ben\u00f6tigt ein Deutscher Staatsb\u00fcrger ein Visum, um nach England zu reisen? Ein Deutscher Staatsb\u00fcrger ben\u00f6tigt f\u00fcr einen Aufenthalt von weniger als sechs Monaten dank des britischen Programms f\u00fcr visumfreies Reisen (Visa Waiver Program) kein Visum f\u00fcr England. Sie m\u00fcssen lediglich einen Antrag auf eine elektronische Reisegenehmigung [&hellip;]<\/p>\n","protected":false},"author":1,"featured_media":0,"parent":0,"menu_order":0,"comment_status":"closed","ping_status":"closed","template":"","meta":{"footnotes":""},"class_list":["post-1027","page","type-page","status-publish","hentry"],"yoast_head":"<!-- This site is optimized with the Yoast SEO plugin v27.4 - https:\/\/yoast.com\/product\/yoast-seo-wordpress\/ -->\n<title>Visum f\u00fcr England von Deutschland aus - UK GB<\/title>\n<meta name=\"description\" content=\"Wie man online in wenigen Minuten mit seinem Reisepass ein Visum f\u00fcr eine Reise nach Gro\u00dfbritannien von Deutschland aus beantragt\" \/>\n<meta name=\"robots\" content=\"index, follow, max-snippet:-1, max-image-preview:large, max-video-preview:-1\" \/>\n<link rel=\"canonical\" href=\"https:\/\/uk-gb.net\/de\/visum-england-aus-deutschland\/\" \/>\n<meta property=\"og:locale\" content=\"de_DE\" \/>\n<meta property=\"og:type\" content=\"article\" \/>\n<meta property=\"og:title\" content=\"Visum f\u00fcr England von Deutschland aus - UK GB\" \/>\n<meta property=\"og:description\" content=\"Wie man online in wenigen Minuten mit seinem Reisepass ein Visum f\u00fcr eine Reise nach Gro\u00dfbritannien von Deutschland aus beantragt\" \/>\n<meta property=\"og:url\" content=\"https:\/\/uk-gb.net\/de\/visum-england-aus-deutschland\/\" \/>\n<meta property=\"og:site_name\" content=\"UK GB\" \/>\n<meta property=\"article:modified_time\" content=\"2026-03-02T14:35:50+00:00\" \/>\n<meta name=\"twitter:card\" content=\"summary_large_image\" \/>\n<meta name=\"twitter:label1\" content=\"Gesch\u00e4tzte Lesezeit\" \/>\n\t<meta name=\"twitter:data1\" content=\"2\u00a0Minuten\" \/>\n<script type=\"application\/ld+json\" class=\"yoast-schema-graph\">{\"@context\":\"https:\\\/\\\/schema.org\",\"@graph\":[{\"@type\":\"WebPage\",\"@id\":\"https:\\\/\\\/uk-gb.net\\\/de\\\/visum-england-aus-deutschland\\\/\",\"url\":\"https:\\\/\\\/uk-gb.net\\\/de\\\/visum-england-aus-deutschland\\\/\",\"name\":\"Visum f\u00fcr England von Deutschland aus - UK GB\",\"isPartOf\":{\"@id\":\"https:\\\/\\\/uk-gb.net\\\/de\\\/#website\"},\"datePublished\":\"2023-12-31T15:10:49+00:00\",\"dateModified\":\"2026-03-02T14:35:50+00:00\",\"description\":\"Wie man online in wenigen Minuten mit seinem Reisepass ein Visum f\u00fcr eine Reise nach Gro\u00dfbritannien von Deutschland aus beantragt\",\"inLanguage\":\"de\",\"potentialAction\":[{\"@type\":\"ReadAction\",\"target\":[\"https:\\\/\\\/uk-gb.net\\\/de\\\/visum-england-aus-deutschland\\\/\"]}]},{\"@type\":\"WebSite\",\"@id\":\"https:\\\/\\\/uk-gb.net\\\/de\\\/#website\",\"url\":\"https:\\\/\\\/uk-gb.net\\\/de\\\/\",\"name\":\"UK GB\",\"description\":\"Travel to the UK\",\"potentialAction\":[{\"@type\":\"SearchAction\",\"target\":{\"@type\":\"EntryPoint\",\"urlTemplate\":\"https:\\\/\\\/uk-gb.net\\\/de\\\/?s={search_term_string}\"},\"query-input\":{\"@type\":\"PropertyValueSpecification\",\"valueRequired\":true,\"valueName\":\"search_term_string\"}}],\"inLanguage\":\"de\"}]}<\/script>\n<!-- \/ Yoast SEO plugin. -->","yoast_head_json":{"title":"Visum f\u00fcr England von Deutschland aus - UK GB","description":"Wie man online in wenigen Minuten mit seinem Reisepass ein Visum f\u00fcr eine Reise nach Gro\u00dfbritannien von Deutschland aus beantragt","robots":{"index":"index","follow":"follow","max-snippet":"max-snippet:-1","max-image-preview":"max-image-preview:large","max-video-preview":"max-video-preview:-1"},"canonical":"https:\/\/uk-gb.net\/de\/visum-england-aus-deutschland\/","og_locale":"de_DE","og_type":"article","og_title":"Visum f\u00fcr England von Deutschland aus - UK GB","og_description":"Wie man online in wenigen Minuten mit seinem Reisepass ein Visum f\u00fcr eine Reise nach Gro\u00dfbritannien von Deutschland aus beantragt","og_url":"https:\/\/uk-gb.net\/de\/visum-england-aus-deutschland\/","og_site_name":"UK GB","article_modified_time":"2026-03-02T14:35:50+00:00","twitter_card":"summary_large_image","twitter_misc":{"Gesch\u00e4tzte Lesezeit":"2\u00a0Minuten"},"schema":{"@context":"https:\/\/schema.org","@graph":[{"@type":"WebPage","@id":"https:\/\/uk-gb.net\/de\/visum-england-aus-deutschland\/","url":"https:\/\/uk-gb.net\/de\/visum-england-aus-deutschland\/","name":"Visum f\u00fcr England von Deutschland aus - UK GB","isPartOf":{"@id":"https:\/\/uk-gb.net\/de\/#website"},"datePublished":"2023-12-31T15:10:49+00:00","dateModified":"2026-03-02T14:35:50+00:00","description":"Wie man online in wenigen Minuten mit seinem Reisepass ein Visum f\u00fcr eine Reise nach Gro\u00dfbritannien von Deutschland aus beantragt","inLanguage":"de","potentialAction":[{"@type":"ReadAction","target":["https:\/\/uk-gb.net\/de\/visum-england-aus-deutschland\/"]}]},{"@type":"WebSite","@id":"https:\/\/uk-gb.net\/de\/#website","url":"https:\/\/uk-gb.net\/de\/","name":"UK GB","description":"Travel to the UK","potentialAction":[{"@type":"SearchAction","target":{"@type":"EntryPoint","urlTemplate":"https:\/\/uk-gb.net\/de\/?s={search_term_string}"},"query-input":{"@type":"PropertyValueSpecification","valueRequired":true,"valueName":"search_term_string"}}],"inLanguage":"de"}]}},"_links":{"self":[{"href":"https:\/\/uk-gb.net\/de\/wp-json\/wp\/v2\/pages\/1027","targetHints":{"allow":["GET"]}}],"collection":[{"href":"https:\/\/uk-gb.net\/de\/wp-json\/wp\/v2\/pages"}],"about":[{"href":"https:\/\/uk-gb.net\/de\/wp-json\/wp\/v2\/types\/page"}],"author":[{"embeddable":true,"href":"https:\/\/uk-gb.net\/de\/wp-json\/wp\/v2\/users\/1"}],"replies":[{"embeddable":true,"href":"https:\/\/uk-gb.net\/de\/wp-json\/wp\/v2\/comments?post=1027"}],"version-history":[{"count":0,"href":"https:\/\/uk-gb.net\/de\/wp-json\/wp\/v2\/pages\/1027\/revisions"}],"wp:attachment":[{"href":"https:\/\/uk-gb.net\/de\/wp-json\/wp\/v2\/media?parent=1027"}],"curies":[{"name":"wp","href":"https:\/\/api.w.org\/{rel}","templated":true}]}}