{"id":8849,"date":"2025-10-16T09:30:08","date_gmt":"2025-10-16T08:30:08","guid":{"rendered":"https:\/\/uk-gb.net\/road-trip-snowdonia-da\/"},"modified":"2025-10-16T10:37:26","modified_gmt":"2025-10-16T09:37:26","slug":"road-trip-snowdonia-da","status":"publish","type":"page","link":"https:\/\/uk-gb.net\/da\/road-trip-snowdonia-da\/","title":{"rendered":"Roadtrip i Snowdonia i Wales"},"content":{"rendered":"\n<p>I det nordlige Wales byder Snowdonia National Park (Eryri p\u00e5 walisisk) p\u00e5 nogle af de mest spektakul\u00e6re landskaber i Storbritannien. Med sine forrevne bjerge, gletsjers\u00f8er og stenlandsbyer tiltr\u00e6kker denne vilde region naturelskere, vandrere og roadtrips p\u00e5 jagt efter autenticitet. <\/p>\n\n<p>En bilferie i Snowdonia er en mulighed for at k\u00f8re ad snoede veje med f\u00e5r, klatre op p\u00e5 toppen af Mount Snowdon (Yr Wyddfa) og sove med udsigt til en s\u00f8 i absolut ro.<\/p>\n\n<h2 class=\"wp-block-heading\">Hvorfor v\u00e6lge Snowdonia?<\/h2>\n\n<p>Snowdonia st\u00e5r ofte i skyggen af Skotland eller Cornwall, men det har en helt unik charme:<\/p>\n\n<ul class=\"wp-block-list\">\n<li><strong>R\u00e5, uspoleret natur<\/strong>: lyngkl\u00e6dte bjerge, dybe dale og imponerende vandfald.<\/li>\n\n\n\n<li><strong>En st\u00e6rk walisisk arv<\/strong>: middelalderslotte, skiferlandsbyer, tosprogede <strong>engelsk-walisiske<\/strong> skilte.<\/li>\n\n\n\n<li><strong>Legendariske ruter<\/strong>: A5, Llanberis Pass og Beddgelert Road er blandt de smukkeste i Storbritannien.<\/li>\n\n\n\n<li><strong>S\u00f8er og vandreture inden for r\u00e6kkevidde<\/strong>: Uanset hvor du er, er naturen aldrig mere end et par minutter v\u00e6k.<\/li>\n<\/ul>\n\n<div style=\"height:10px\" aria-hidden=\"true\" class=\"wp-block-spacer\"><\/div>\n\n<p>Dette er en naturtur par excellence, perfekt til 3 til 5 dage, og kan kombineres med <a href=\"https:\/\/www.visitwales.com\/destinations\/north-wales\/isle-anglesey\">Isle of Anglesey<\/a> eller den walisiske kyst.<\/p>\n\n<figure class=\"wp-block-image size-large\"><img decoding=\"async\" src=\"https:\/\/uk-gb.net\/wp-content\/uploads\/2025\/06\/Snowdonia-uk-1024x683.webp\" alt=\"Billede af Snowdonia i Storbritannien\" class=\"wp-image-7747\"\/><figcaption class=\"wp-element-caption\">Foto af Snowdonia Storbritannien<\/figcaption><\/figure>\n\n<h2 class=\"wp-block-heading\">Detaljeret rejseplan for en biltur i Snowdonia (3 dage)<\/h2>\n\n<h3 class=\"wp-block-heading\">Dag 1: Bangor \u2192 Llanberis \u2192 Mount Snowdon<\/h3>\n\n<p>Tag af sted fra <strong>Bangor<\/strong>, universitetsbyen og porten til parken. Tag en afstikker via <strong>Menai-h\u00e6ngebroen<\/strong>, og k\u00f8r derefter til <strong>Llanberis<\/strong> ved bredden af s\u00f8en <strong>Llyn Padarn<\/strong>. <\/p>\n\n<p>Tag <strong>Pen-y-Pass-vejen<\/strong>, en mytisk stigning, der f\u00f8rer til stien til <strong>Mount Snowdon<\/strong>. De modigste kan bestige <strong>bjerget<\/strong> til fods (3 til 4 timers gang) eller tage <strong>Snowdon Mountain Railway<\/strong>, et lille tandhjulstog til toppen (1085 m). <\/p>\n\n<blockquote class=\"wp-block-quote is-layout-flow wp-block-quote-is-layout-flow\">\n<p><strong>Hvor kan man<\/strong> overnatte: Vi anbefaler at overnatte i Llanberis, som har en bjergatmosf\u00e6re og venlige kroer.<\/p>\n<\/blockquote>\n\n<h3 class=\"wp-block-heading\">Dag 2: Llanberis \u2192 Beddgelert \u2192 Betws-y-Coed<\/h3>\n\n<p>Tag til <strong>Beddgelert<\/strong>, en charmerende stenby med to floder, der l\u00f8ber igennem den. G\u00e5 en tur til den legendariske hund Gelerts grav, og g\u00e5 derefter langs s\u00f8en <strong>Llyn Dinas<\/strong>.   <\/p>\n\n<p>Forts\u00e6t til <strong>Betws-y-Coed<\/strong>, der er kendt som <em>porten til Snowdonia<\/em>. G\u00e5 ikke glip af <strong>Swallow Falls<\/strong>, et af de smukkeste <strong>vandfald<\/strong> i Wales. <\/p>\n\n<blockquote class=\"wp-block-quote is-layout-flow wp-block-quote-is-layout-flow\">\n<p><strong>Hvor skal man bo<\/strong>: Overnat i Betws-y-Coed &#8211; ideelt til vandreture og typiske pubber.<\/p>\n<\/blockquote>\n\n<h3 class=\"wp-block-heading\">Dag 3: Dolgellau \u2192 Barmouth \u2192 Harlech<\/h3>\n\n<p>Tag vejen til <strong>Dolgellau<\/strong>, der er omgivet af gr\u00f8nne bakker. Forts\u00e6t til <strong>Barmouth<\/strong>, en badeby med retrocharme, f\u00f8r du slutter af i <strong>Harlech<\/strong> og dets <strong>UNESCO-listede slot<\/strong> med udsigt over Det Irske Hav. <\/p>\n\n<blockquote class=\"wp-block-quote is-layout-flow wp-block-quote-is-layout-flow\">\n<p><strong>Hvor skal man sove<\/strong>: Man kan overnatte i Harlech eller ved kysten for at f\u00e5 en mere oceanisk fornemmelse.<\/p>\n<\/blockquote>\n\n<h2 class=\"wp-block-heading\">Hvorn\u00e5r skal man tage p\u00e5 roadtrip i Snowdonia?<\/h2>\n\n<ul class=\"wp-block-list\">\n<li>Sommer: det ideelle tidspunkt. Milde temperaturer (15 &#8211; 22\u00b0C), lange dage og tilg\u00e6ngelige stier. <\/li>\n\n\n\n<li>April og oktober: Vildere atmosf\u00e6re, morgent\u00e5ge, f\u00e6rre turister.<\/li>\n\n\n\n<li>Om vinteren: mystiske landskaber, men pas p\u00e5 lukkede veje og skiftende vejrforhold.<\/li>\n<\/ul>\n\n<div style=\"height:10px\" aria-hidden=\"true\" class=\"wp-block-spacer\"><\/div>\n\n<p><strong>Tip<\/strong>: Undg\u00e5 britiske helligdagsweekender, hvor der er meget travlt i nationalparkerne.<\/p>\n\n<h2 class=\"wp-block-heading\">Must-sees i Snowdonia<\/h2>\n\n<ul class=\"wp-block-list\">\n<li><strong>Bjerge og s\u00f8er<\/strong>: <a href=\"https:\/\/en.wikipedia.org\/wiki\/Snowdon\">Mount Snowdon<\/a> (Yr Wyddfa), <a href=\"https:\/\/gwynant.uk\/\">Llyn Gwynant<\/a>, Llyn <a href=\"https:\/\/www.visitwales.com\/attraction\/country-park\/llyn-padarn-padarn-country-park-914255\">Padarn<\/a>, Llyn Dinas<\/li>\n\n\n\n<li><strong>Natur og vandfald<\/strong>: <a href=\"https:\/\/www.visitconwy.org.uk\/things-to-do\/swallow-falls-p277221\">Swallow Falls<\/a>, <a href=\"https:\/\/eryri.gov.wales\/walk\/aber-falls\/\">Aber Falls<\/a>, Dolgoch Falls<\/li>\n\n\n\n<li><strong>Kulturarv og landsbyer<\/strong>: <a href=\"https:\/\/www.visitwales.com\/attraction\/castle\/harlech-castle-cadw-1834662\">Harlech Castle<\/a>, Beddgelert, Betws-y-Coed, Dolgellau<\/li>\n\n\n\n<li><strong>Unikke oplevelser<\/strong>: <a href=\"https:\/\/snowdonrailway.co.uk\/\">Snowdon Train<\/a>, <a href=\"https:\/\/www.zipworld.co.uk\/adventures\/velocity\">Zip World Velocity<\/a> (gigantisk sv\u00e6vebane), Snowdonia 360 Route<\/li>\n\n\n\n<li><strong>Fotopunkter<\/strong>: Udsigt fra Pen-y-Pass, <a href=\"https:\/\/en.wikipedia.org\/wiki\/Pont_Aberglaslyn\">Beddgelert Bridge<\/a>, Snowdons top ved solopgang<\/li>\n<\/ul>\n\n<div style=\"height:10px\" aria-hidden=\"true\" class=\"wp-block-spacer\"><\/div>\n\n<h2 class=\"wp-block-heading\">Formaliteter, der skal opfyldes f\u00f8r afrejse<\/h2>\n\n<p>Efter Brexit kr\u00e6ver rejser i Storbritannien et par ekstra tjek:<\/p>\n\n<ul class=\"wp-block-list\">\n<li>Pas er p\u00e5kr\u00e6vet: Europ\u00e6iske identitetskort accepteres ikke l\u00e6ngere. Passet skal v\u00e6re gyldigt under hele opholdet. <\/li>\n\n\n\n<li>Der kr\u00e6ves ikke visum for turistophold p\u00e5 mindre end 6 m\u00e5neder (EU-borgere, Schweiz, Norge, Island og Liechtenstein) takket v\u00e6re en <a href=\"https:\/\/uk-gb.net\/da\/eta-england-forenede-kongerige\/\">eTA-rejsetilladelse<\/a>.<\/li>\n\n\n\n<li>Sygesikring: Det europ\u00e6iske sygesikringskort (EHIC) er ikke l\u00e6ngere altid gyldigt; det er tilr\u00e5deligt at tegne en rejseforsikring, der d\u00e6kker medicinsk behandling i Storbritannien.<\/li>\n\n\n\n<li>K\u00f8rekort: EU-k\u00f8rekort er gyldige i en kort periode. Hvis du bliver l\u00e6ngere, kan det v\u00e6re n\u00f8dvendigt med et internationalt k\u00f8rekort. <\/li>\n<\/ul>\n\n<div style=\"height:10px\" aria-hidden=\"true\" class=\"wp-block-spacer\"><\/div>\n\n<p><strong>Tip <\/strong>: Hvis du ender med at <a href=\"https:\/\/uk-gb.net\/da\/uk-visumansogningsprocedure\/\">f\u00e5<\/a> brug for et <a href=\"https:\/\/uk-gb.net\/da\/storbritannien-turistvisum\/\">turistvisum<\/a>, b\u00f8r du afs\u00e6tte flere uger til proceduren for at f\u00e5 et britisk visum.<\/p>\n\n<p><\/p>\n","protected":false},"excerpt":{"rendered":"<p>I det nordlige Wales byder Snowdonia National Park (Eryri p\u00e5 walisisk) p\u00e5 nogle af de mest spektakul\u00e6re landskaber i Storbritannien. Med sine forrevne bjerge, gletsjers\u00f8er og stenlandsbyer tiltr\u00e6kker denne vilde region naturelskere, vandrere og roadtrips p\u00e5 jagt efter autenticitet. En bilferie i Snowdonia er en mulighed for at k\u00f8re ad snoede veje med f\u00e5r, klatre [&hellip;]<\/p>\n","protected":false},"author":1,"featured_media":0,"parent":0,"menu_order":0,"comment_status":"closed","ping_status":"closed","template":"","meta":{"footnotes":""},"class_list":["post-8849","page","type-page","status-publish","hentry"],"yoast_head":"<!-- This site is optimized with the Yoast SEO plugin v27.4 - https:\/\/yoast.com\/product\/yoast-seo-wordpress\/ -->\n<title>Roadtrip i Snowdonia i Wales - UK GB<\/title>\n<meta name=\"robots\" content=\"index, follow, max-snippet:-1, max-image-preview:large, max-video-preview:-1\" \/>\n<link rel=\"canonical\" href=\"https:\/\/uk-gb.net\/da\/road-trip-snowdonia-da\/\" \/>\n<meta property=\"og:locale\" content=\"da_DK\" \/>\n<meta property=\"og:type\" content=\"article\" \/>\n<meta property=\"og:title\" content=\"Roadtrip i Snowdonia i Wales - UK GB\" \/>\n<meta property=\"og:description\" content=\"I det nordlige Wales byder Snowdonia National Park (Eryri p\u00e5 walisisk) p\u00e5 nogle af de mest spektakul\u00e6re landskaber i Storbritannien. Med sine forrevne bjerge, gletsjers\u00f8er og stenlandsbyer tiltr\u00e6kker denne vilde region naturelskere, vandrere og roadtrips p\u00e5 jagt efter autenticitet. En bilferie i Snowdonia er en mulighed for at k\u00f8re ad snoede veje med f\u00e5r, klatre [&hellip;]\" \/>\n<meta property=\"og:url\" content=\"https:\/\/uk-gb.net\/da\/road-trip-snowdonia-da\/\" \/>\n<meta property=\"og:site_name\" content=\"UK GB\" \/>\n<meta property=\"article:modified_time\" content=\"2025-10-16T09:37:26+00:00\" \/>\n<meta property=\"og:image\" content=\"https:\/\/uk-gb.net\/wp-content\/uploads\/2025\/06\/Snowdonia-uk-e1750837232201.webp\" \/>\n\t<meta property=\"og:image:width\" content=\"1822\" \/>\n\t<meta property=\"og:image:height\" content=\"934\" \/>\n\t<meta property=\"og:image:type\" content=\"image\/webp\" \/>\n<meta name=\"twitter:card\" content=\"summary_large_image\" \/>\n<meta name=\"twitter:label1\" content=\"Estimeret l\u00e6setid\" \/>\n\t<meta name=\"twitter:data1\" content=\"3 minutter\" \/>\n<script type=\"application\/ld+json\" class=\"yoast-schema-graph\">{\"@context\":\"https:\\\/\\\/schema.org\",\"@graph\":[{\"@type\":\"WebPage\",\"@id\":\"https:\\\/\\\/uk-gb.net\\\/da\\\/road-trip-snowdonia-da\\\/\",\"url\":\"https:\\\/\\\/uk-gb.net\\\/da\\\/road-trip-snowdonia-da\\\/\",\"name\":\"Roadtrip i Snowdonia i Wales - UK GB\",\"isPartOf\":{\"@id\":\"https:\\\/\\\/uk-gb.net\\\/da\\\/#website\"},\"primaryImageOfPage\":{\"@id\":\"https:\\\/\\\/uk-gb.net\\\/da\\\/road-trip-snowdonia-da\\\/#primaryimage\"},\"image\":{\"@id\":\"https:\\\/\\\/uk-gb.net\\\/da\\\/road-trip-snowdonia-da\\\/#primaryimage\"},\"thumbnailUrl\":\"https:\\\/\\\/uk-gb.net\\\/wp-content\\\/uploads\\\/2025\\\/06\\\/Snowdonia-uk-1024x683.webp\",\"datePublished\":\"2025-10-16T08:30:08+00:00\",\"dateModified\":\"2025-10-16T09:37:26+00:00\",\"inLanguage\":\"da-DK\",\"potentialAction\":[{\"@type\":\"ReadAction\",\"target\":[\"https:\\\/\\\/uk-gb.net\\\/da\\\/road-trip-snowdonia-da\\\/\"]}]},{\"@type\":\"ImageObject\",\"inLanguage\":\"da-DK\",\"@id\":\"https:\\\/\\\/uk-gb.net\\\/da\\\/road-trip-snowdonia-da\\\/#primaryimage\",\"url\":\"https:\\\/\\\/uk-gb.net\\\/wp-content\\\/uploads\\\/2025\\\/06\\\/Snowdonia-uk-1024x683.webp\",\"contentUrl\":\"https:\\\/\\\/uk-gb.net\\\/wp-content\\\/uploads\\\/2025\\\/06\\\/Snowdonia-uk-1024x683.webp\"},{\"@type\":\"WebSite\",\"@id\":\"https:\\\/\\\/uk-gb.net\\\/da\\\/#website\",\"url\":\"https:\\\/\\\/uk-gb.net\\\/da\\\/\",\"name\":\"UK GB\",\"description\":\"Travel to the UK\",\"potentialAction\":[{\"@type\":\"SearchAction\",\"target\":{\"@type\":\"EntryPoint\",\"urlTemplate\":\"https:\\\/\\\/uk-gb.net\\\/da\\\/?s={search_term_string}\"},\"query-input\":{\"@type\":\"PropertyValueSpecification\",\"valueRequired\":true,\"valueName\":\"search_term_string\"}}],\"inLanguage\":\"da-DK\"}]}<\/script>\n<!-- \/ Yoast SEO plugin. -->","yoast_head_json":{"title":"Roadtrip i Snowdonia i Wales - UK GB","robots":{"index":"index","follow":"follow","max-snippet":"max-snippet:-1","max-image-preview":"max-image-preview:large","max-video-preview":"max-video-preview:-1"},"canonical":"https:\/\/uk-gb.net\/da\/road-trip-snowdonia-da\/","og_locale":"da_DK","og_type":"article","og_title":"Roadtrip i Snowdonia i Wales - UK GB","og_description":"I det nordlige Wales byder Snowdonia National Park (Eryri p\u00e5 walisisk) p\u00e5 nogle af de mest spektakul\u00e6re landskaber i Storbritannien. Med sine forrevne bjerge, gletsjers\u00f8er og stenlandsbyer tiltr\u00e6kker denne vilde region naturelskere, vandrere og roadtrips p\u00e5 jagt efter autenticitet. En bilferie i Snowdonia er en mulighed for at k\u00f8re ad snoede veje med f\u00e5r, klatre [&hellip;]","og_url":"https:\/\/uk-gb.net\/da\/road-trip-snowdonia-da\/","og_site_name":"UK GB","article_modified_time":"2025-10-16T09:37:26+00:00","og_image":[{"width":1822,"height":934,"url":"https:\/\/uk-gb.net\/wp-content\/uploads\/2025\/06\/Snowdonia-uk-e1750837232201.webp","type":"image\/webp"}],"twitter_card":"summary_large_image","twitter_misc":{"Estimeret l\u00e6setid":"3 minutter"},"schema":{"@context":"https:\/\/schema.org","@graph":[{"@type":"WebPage","@id":"https:\/\/uk-gb.net\/da\/road-trip-snowdonia-da\/","url":"https:\/\/uk-gb.net\/da\/road-trip-snowdonia-da\/","name":"Roadtrip i Snowdonia i Wales - UK GB","isPartOf":{"@id":"https:\/\/uk-gb.net\/da\/#website"},"primaryImageOfPage":{"@id":"https:\/\/uk-gb.net\/da\/road-trip-snowdonia-da\/#primaryimage"},"image":{"@id":"https:\/\/uk-gb.net\/da\/road-trip-snowdonia-da\/#primaryimage"},"thumbnailUrl":"https:\/\/uk-gb.net\/wp-content\/uploads\/2025\/06\/Snowdonia-uk-1024x683.webp","datePublished":"2025-10-16T08:30:08+00:00","dateModified":"2025-10-16T09:37:26+00:00","inLanguage":"da-DK","potentialAction":[{"@type":"ReadAction","target":["https:\/\/uk-gb.net\/da\/road-trip-snowdonia-da\/"]}]},{"@type":"ImageObject","inLanguage":"da-DK","@id":"https:\/\/uk-gb.net\/da\/road-trip-snowdonia-da\/#primaryimage","url":"https:\/\/uk-gb.net\/wp-content\/uploads\/2025\/06\/Snowdonia-uk-1024x683.webp","contentUrl":"https:\/\/uk-gb.net\/wp-content\/uploads\/2025\/06\/Snowdonia-uk-1024x683.webp"},{"@type":"WebSite","@id":"https:\/\/uk-gb.net\/da\/#website","url":"https:\/\/uk-gb.net\/da\/","name":"UK GB","description":"Travel to the UK","potentialAction":[{"@type":"SearchAction","target":{"@type":"EntryPoint","urlTemplate":"https:\/\/uk-gb.net\/da\/?s={search_term_string}"},"query-input":{"@type":"PropertyValueSpecification","valueRequired":true,"valueName":"search_term_string"}}],"inLanguage":"da-DK"}]}},"_links":{"self":[{"href":"https:\/\/uk-gb.net\/da\/wp-json\/wp\/v2\/pages\/8849","targetHints":{"allow":["GET"]}}],"collection":[{"href":"https:\/\/uk-gb.net\/da\/wp-json\/wp\/v2\/pages"}],"about":[{"href":"https:\/\/uk-gb.net\/da\/wp-json\/wp\/v2\/types\/page"}],"author":[{"embeddable":true,"href":"https:\/\/uk-gb.net\/da\/wp-json\/wp\/v2\/users\/1"}],"replies":[{"embeddable":true,"href":"https:\/\/uk-gb.net\/da\/wp-json\/wp\/v2\/comments?post=8849"}],"version-history":[{"count":0,"href":"https:\/\/uk-gb.net\/da\/wp-json\/wp\/v2\/pages\/8849\/revisions"}],"wp:attachment":[{"href":"https:\/\/uk-gb.net\/da\/wp-json\/wp\/v2\/media?parent=8849"}],"curies":[{"name":"wp","href":"https:\/\/api.w.org\/{rel}","templated":true}]}}