{"id":5372,"date":"2025-03-11T07:41:33","date_gmt":"2025-03-11T07:41:33","guid":{"rendered":"https:\/\/uk-gb.net\/belfast\/"},"modified":"2025-08-14T15:50:04","modified_gmt":"2025-08-14T14:50:04","slug":"belfast","status":"publish","type":"page","link":"https:\/\/uk-gb.net\/da\/belfast\/","title":{"rendered":"Byen Belfast i Nordirland"},"content":{"rendered":"\n<h1 class=\"wp-block-heading\">Bes\u00f8g Belfast, Nordirlands hovedstad<\/h1>\n\n<p>Belfast, Nordirlands pulserende hovedstad, er en by i forvandling, der blander industriarv, moderne kultur og havlandskaber. Den har l\u00e6nge v\u00e6ret pr\u00e6get af fortidens konflikter, men har i dag etableret sig som en dynamisk turistdestination, der er rig p\u00e5 historie, kunst og g\u00e6stfrihed. <\/p>\n\n<figure class=\"wp-block-image size-large\"><img fetchpriority=\"high\" decoding=\"async\" width=\"1044\" height=\"410\" src=\"https:\/\/uk-gb.net\/wp-content\/uploads\/2025\/03\/Belfast-e1748001959444.jpg\" alt=\"\" class=\"wp-image-5393\" srcset=\"https:\/\/uk-gb.net\/wp-content\/uploads\/2025\/03\/Belfast-e1748001959444.jpg 1044w, https:\/\/uk-gb.net\/wp-content\/uploads\/2025\/03\/Belfast-e1748001959444-300x118.jpg 300w, https:\/\/uk-gb.net\/wp-content\/uploads\/2025\/03\/Belfast-e1748001959444-1024x402.jpg 1024w, https:\/\/uk-gb.net\/wp-content\/uploads\/2025\/03\/Belfast-e1748001959444-768x302.jpg 768w\" sizes=\"(max-width: 1044px) 100vw, 1044px\" \/><figcaption class=\"wp-element-caption\">Foto af Belfast Havn<\/figcaption><\/figure>\n\n<h2 class=\"wp-block-heading\">Hvorfor bes\u00f8ge Belfast?<\/h2>\n\n<p>Belfast har en unik blanding af historie, kreativ energi og menneskelig varme. Med sine tidligere skibsv\u00e6rfter omdannet til kultursteder, sine v\u00e6gmalerier fulde af minder og sin venlige atmosf\u00e6re tilbyder byen en f\u00e6ngslende rejse til hjertet af Nordirland. Den er tilg\u00e6ngelig og p\u00e5 en menneskelig skala og er ogs\u00e5 det ideelle udgangspunkt for at udforske Giant&#8217;s Causeway eller Antrim-kysten.  <\/p>\n\n<h2 class=\"wp-block-heading\">De vigtigste ting<\/h2>\n\n<ul class=\"wp-block-list\">\n<li><a href=\"https:\/\/www.titanicbelfast.com\/\">Titanic Belfast<\/a>: Interaktivt center, der fort\u00e6ller historien om den ber\u00f8mte oceandamper, der blev bygget i Belfast.<\/li>\n\n\n\n<li><a href=\"https:\/\/www.belfastcity.gov.uk\/Things-to-Do\/City-Hall\">City Hall<\/a>: Et imponerende r\u00e5dhus i hjertet af Belfast med spektakul\u00e6r victoriansk arkitektur.<\/li>\n\n\n\n<li><a href=\"https:\/\/www.crumlinroadgaol.com\/\">Crumlin Road Gaol<\/a>: Det tidligere f\u00e6ngsel er blevet til et museum og vidner om de politiske omv\u00e6ltninger i det 20. \u00e5rhundrede.<\/li>\n\n\n\n<li><a href=\"https:\/\/www.ireland.com\/en-us\/things-to-do\/attractions\/st-georges-market\/\">George&#8217;s Market <\/a>  Historisk overd\u00e6kket marked, ideelt til at smage p\u00e5 lokale specialiteter og opdage kunsth\u00e5ndv\u00e6rk.<\/li>\n\n\n\n<li><a href=\"https:\/\/www.ulstermuseum.org\/\">Botanic Gardens og Ulster Museum<\/a>: Den perfekte kombination til at slentre gennem naturen og udforske nordirsk historie.<\/li>\n\n\n\n<li><a href=\"https:\/\/www.irlanda.net\/fr\/destinations\/nord\/belfast\/que-faire-belfast\/peintures-murales-belfast\/\">Fredsmure og v\u00e6g<\/a> malerier: symbolske v\u00e6gmalerier, der skildrer byens politiske historie.<\/li>\n<\/ul>\n\n<div style=\"height:20px\" aria-hidden=\"true\" class=\"wp-block-spacer\"><\/div>\n\n<h2 class=\"wp-block-heading\">Kvarterer at udforske<\/h2>\n\n<ul class=\"wp-block-list\">\n<li><strong>Katedralkvarteret<\/strong>: Et trendy, kulturelt kvarter, der er kendt for sin gadekunst, pubber og festivaler.<\/li>\n\n\n\n<li><strong>Titanic Quarter<\/strong>: Et omr\u00e5de, der er genopbygget omkring fl\u00e5dehistorien, med museer og promenader langs floden.<\/li>\n\n\n\n<li><strong>Queen \u00bbs Quarter<\/strong>: Livligt studenterkvarter omkring Queen\u00ab s University med caf\u00e9er og gr\u00f8nne omr\u00e5der.<\/li>\n\n\n\n<li><strong>Lisburn Road<\/strong>: Ideel til shopping, brunch og en chik boligatmosf\u00e6re.<\/li>\n<\/ul>\n\n<div style=\"height:20px\" aria-hidden=\"true\" class=\"wp-block-spacer\"><\/div>\n\n<h2 class=\"wp-block-heading\">Praktiske r\u00e5d<\/h2>\n\n<figure class=\"wp-block-table\"><table><tbody><tr><td><strong>Transport<\/strong><\/td><td>Belfast er godt forsynet med busser og har mange taxaholdepladser.<\/td><\/tr><tr><td><strong>Indkvartering<\/strong><\/td><td>Talrige hoteller og B&amp;B fra centrum til de mere stille kvarterer.<\/td><\/tr><tr><td><strong>Valuta<\/strong><\/td><td>Pund sterling (\u00a3), nordirske pengesedler accepteres.<\/td><\/tr><tr><td><strong>Sprog<\/strong><\/td><td>Engelsk, med irsk p\u00e5 nogle skilte.<\/td><\/tr><tr><td><strong>Vejret<\/strong><\/td><td>K\u00f8ligt havklima; brug vindjakker hele \u00e5ret rundt.<\/td><\/tr><tr><td><strong>Formaliteter<\/strong><\/td><td><a href=\"https:\/\/uk-gb.net\/da\/visum-forenede-kongerige\/\">Formaliteterne for indrejse i Storbritannien<\/a> er \u00e6ndret, s\u00e5 tjek p\u00e5 forh\u00e5nd.<\/td><\/tr><\/tbody><\/table><\/figure>\n\n<h2 class=\"wp-block-heading\">Hvor skal man spise?<\/h2>\n\n<ul class=\"wp-block-list\">\n<li><a href=\"https:\/\/oxbelfast.com\/\">Ox<\/a>: Michelin-restaurant med moderne og lokale retter.<\/li>\n\n\n\n<li><a href=\"https:\/\/www.mourneseafood.com\/restaurants\/belfast\/\">Mourne Seafood Bar<\/a>: Kendt for sine friske fisk og skaldyr og gener\u00f8se retter.<\/li>\n\n\n\n<li><a href=\"https:\/\/www.nicholsonspubs.co.uk\/restaurants\/scotlandandnorthernireland\/thecrownliquorsaloonbelfast\">The Crown Liquor Saloon<\/a>: En fredet pub med umiskendelig victoriansk charme.<\/li>\n\n\n\n<li><a href=\"https:\/\/established.coffee\/\">Established Coffee<\/a>: En popul\u00e6r adresse for sin h\u00e5ndv\u00e6rksm\u00e6ssige kaffe og gourmetbrunch.<\/li>\n<\/ul>\n\n<div style=\"height:10px\" aria-hidden=\"true\" class=\"wp-block-spacer\"><\/div>\n\n<h2 class=\"wp-block-heading\">Hvorn\u00e5r skal man tage af sted?<\/h2>\n\n<p>Belfast kan bes\u00f8ges \u00e5ret rundt, men m\u00e5nederne april til september byder p\u00e5 det bedste vejr til at udforske byen til fods eller p\u00e5 cykel. Sommeren er tid for udend\u00f8rs festivaler og arrangementer, mens efter\u00e5ret bringer smukke nuancer til de offentlige haver. Om vinteren er byen pyntet med lys og festlige markeder.  <\/p>\n\n<h2 class=\"wp-block-heading\">Hvad er formaliteterne for at bes\u00f8ge Belfast?<\/h2>\n\n<p>Statsborgere fra EU, USA, Canada og mange andre lande skal nu have en <a href=\"https:\/\/uk-gb.net\/da\/eta-england-forenede-kongerige\/\">ETA,<\/a> hvis de ikke har et visum til England.<\/p>\n\n<p>Man kan ans\u00f8ge om ETA online eller via <a href=\"https:\/\/uk-gb.net\/da\/ansogning-iphone-visum-eta-england\/\">den officielle britiske ETA-ans\u00f8gning<\/a>. ETA er gyldigt for kortvarige turistophold og kan kun f\u00e5s online via <a href=\"https:\/\/www.gov.uk\/\">gov.uk&#8217;<\/a>s hjemmeside. Dette g\u00e6lder ikke for irske statsborgere, personer bosat i Storbritannien eller indehavere af eksisterende visa.  <\/p>\n\n<h2 class=\"wp-block-heading\">Konklusion<\/h2>\n\n<p><a href=\"https:\/\/visitbelfast.com\/\">Belfast<\/a> kombinerer historisk arv, kulturel dynamik og varm g\u00e6stfrihed. Sammenlignet med andre britiske storbyer som <a href=\"https:\/\/uk-gb.net\/da\/london\/\">London<\/a> med sin kosmopolitiske livlighed eller Edinburgh, der er ber\u00f8mt for sin internationale festival, skiller Belfast sig ud med sin autenticitet og unikke maritime arv. <\/p>\n\n<p>I mods\u00e6tning til <a href=\"https:\/\/uk-gb.net\/da\/manchester\/\">Manchester<\/a> og <a href=\"https:\/\/uk-gb.net\/da\/liverpool\/\">Liverpool<\/a>, der er ber\u00f8mte for deres musik- og fodboldscener, ligger Belfasts charme i kystlandskabet og den intime atmosf\u00e6re. N\u00e5r du bes\u00f8ger Belfast, vil du opdage en by, der er midt i en ren\u00e6ssance, og som tilbyder en uforglemmelig oplevelse, der blander tradition og modernitet. <\/p>\n","protected":false},"excerpt":{"rendered":"<p>Bes\u00f8g Belfast, Nordirlands hovedstad Belfast, Nordirlands pulserende hovedstad, er en by i forvandling, der blander industriarv, moderne kultur og havlandskaber. Den har l\u00e6nge v\u00e6ret pr\u00e6get af fortidens konflikter, men har i dag etableret sig som en dynamisk turistdestination, der er rig p\u00e5 historie, kunst og g\u00e6stfrihed. Hvorfor bes\u00f8ge Belfast? Belfast har en unik blanding af [&hellip;]<\/p>\n","protected":false},"author":1,"featured_media":0,"parent":0,"menu_order":0,"comment_status":"closed","ping_status":"closed","template":"","meta":{"footnotes":""},"class_list":["post-5372","page","type-page","status-publish","hentry"],"yoast_head":"<!-- This site is optimized with the Yoast SEO plugin v27.3 - https:\/\/yoast.com\/product\/yoast-seo-wordpress\/ -->\n<title>Byen Belfast i Nordirland - UK GB<\/title>\n<meta name=\"description\" content=\"Oplev Belfast, Nordirlands hovedstad, en by, der kombinerer industriarv, moderne kultur og havlandskaber.\" \/>\n<meta name=\"robots\" content=\"index, follow, max-snippet:-1, max-image-preview:large, max-video-preview:-1\" \/>\n<link rel=\"canonical\" href=\"https:\/\/uk-gb.net\/da\/belfast\/\" \/>\n<meta property=\"og:locale\" content=\"da_DK\" \/>\n<meta property=\"og:type\" content=\"article\" \/>\n<meta property=\"og:title\" content=\"Byen Belfast i Nordirland - UK GB\" \/>\n<meta property=\"og:description\" content=\"Oplev Belfast, Nordirlands hovedstad, en by, der kombinerer industriarv, moderne kultur og havlandskaber.\" \/>\n<meta property=\"og:url\" content=\"https:\/\/uk-gb.net\/da\/belfast\/\" \/>\n<meta property=\"og:site_name\" content=\"UK GB\" \/>\n<meta property=\"article:modified_time\" content=\"2025-08-14T14:50:04+00:00\" \/>\n<meta property=\"og:image\" content=\"https:\/\/uk-gb.net\/wp-content\/uploads\/2025\/03\/Belfast-e1748001959444.jpg\" \/>\n\t<meta property=\"og:image:width\" content=\"1044\" \/>\n\t<meta property=\"og:image:height\" content=\"410\" \/>\n\t<meta property=\"og:image:type\" content=\"image\/jpeg\" \/>\n<meta name=\"twitter:card\" content=\"summary_large_image\" \/>\n<meta name=\"twitter:label1\" content=\"Estimeret l\u00e6setid\" \/>\n\t<meta name=\"twitter:data1\" content=\"3 minutter\" \/>\n<script type=\"application\/ld+json\" class=\"yoast-schema-graph\">{\"@context\":\"https:\\\/\\\/schema.org\",\"@graph\":[{\"@type\":\"WebPage\",\"@id\":\"https:\\\/\\\/uk-gb.net\\\/da\\\/belfast\\\/\",\"url\":\"https:\\\/\\\/uk-gb.net\\\/da\\\/belfast\\\/\",\"name\":\"Byen Belfast i Nordirland - UK GB\",\"isPartOf\":{\"@id\":\"https:\\\/\\\/uk-gb.net\\\/da\\\/#website\"},\"primaryImageOfPage\":{\"@id\":\"https:\\\/\\\/uk-gb.net\\\/da\\\/belfast\\\/#primaryimage\"},\"image\":{\"@id\":\"https:\\\/\\\/uk-gb.net\\\/da\\\/belfast\\\/#primaryimage\"},\"thumbnailUrl\":\"https:\\\/\\\/uk-gb.net\\\/wp-content\\\/uploads\\\/2025\\\/03\\\/Belfast-e1748001959444.jpg\",\"datePublished\":\"2025-03-11T07:41:33+00:00\",\"dateModified\":\"2025-08-14T14:50:04+00:00\",\"description\":\"Oplev Belfast, Nordirlands hovedstad, en by, der kombinerer industriarv, moderne kultur og havlandskaber.\",\"inLanguage\":\"da-DK\",\"potentialAction\":[{\"@type\":\"ReadAction\",\"target\":[\"https:\\\/\\\/uk-gb.net\\\/da\\\/belfast\\\/\"]}]},{\"@type\":\"ImageObject\",\"inLanguage\":\"da-DK\",\"@id\":\"https:\\\/\\\/uk-gb.net\\\/da\\\/belfast\\\/#primaryimage\",\"url\":\"https:\\\/\\\/uk-gb.net\\\/wp-content\\\/uploads\\\/2025\\\/03\\\/Belfast-e1748001959444.jpg\",\"contentUrl\":\"https:\\\/\\\/uk-gb.net\\\/wp-content\\\/uploads\\\/2025\\\/03\\\/Belfast-e1748001959444.jpg\"},{\"@type\":\"WebSite\",\"@id\":\"https:\\\/\\\/uk-gb.net\\\/da\\\/#website\",\"url\":\"https:\\\/\\\/uk-gb.net\\\/da\\\/\",\"name\":\"UK GB\",\"description\":\"Travel to the UK\",\"potentialAction\":[{\"@type\":\"SearchAction\",\"target\":{\"@type\":\"EntryPoint\",\"urlTemplate\":\"https:\\\/\\\/uk-gb.net\\\/da\\\/?s={search_term_string}\"},\"query-input\":{\"@type\":\"PropertyValueSpecification\",\"valueRequired\":true,\"valueName\":\"search_term_string\"}}],\"inLanguage\":\"da-DK\"}]}<\/script>\n<!-- \/ Yoast SEO plugin. -->","yoast_head_json":{"title":"Byen Belfast i Nordirland - UK GB","description":"Oplev Belfast, Nordirlands hovedstad, en by, der kombinerer industriarv, moderne kultur og havlandskaber.","robots":{"index":"index","follow":"follow","max-snippet":"max-snippet:-1","max-image-preview":"max-image-preview:large","max-video-preview":"max-video-preview:-1"},"canonical":"https:\/\/uk-gb.net\/da\/belfast\/","og_locale":"da_DK","og_type":"article","og_title":"Byen Belfast i Nordirland - UK GB","og_description":"Oplev Belfast, Nordirlands hovedstad, en by, der kombinerer industriarv, moderne kultur og havlandskaber.","og_url":"https:\/\/uk-gb.net\/da\/belfast\/","og_site_name":"UK GB","article_modified_time":"2025-08-14T14:50:04+00:00","og_image":[{"width":1044,"height":410,"url":"https:\/\/uk-gb.net\/wp-content\/uploads\/2025\/03\/Belfast-e1748001959444.jpg","type":"image\/jpeg"}],"twitter_card":"summary_large_image","twitter_misc":{"Estimeret l\u00e6setid":"3 minutter"},"schema":{"@context":"https:\/\/schema.org","@graph":[{"@type":"WebPage","@id":"https:\/\/uk-gb.net\/da\/belfast\/","url":"https:\/\/uk-gb.net\/da\/belfast\/","name":"Byen Belfast i Nordirland - UK GB","isPartOf":{"@id":"https:\/\/uk-gb.net\/da\/#website"},"primaryImageOfPage":{"@id":"https:\/\/uk-gb.net\/da\/belfast\/#primaryimage"},"image":{"@id":"https:\/\/uk-gb.net\/da\/belfast\/#primaryimage"},"thumbnailUrl":"https:\/\/uk-gb.net\/wp-content\/uploads\/2025\/03\/Belfast-e1748001959444.jpg","datePublished":"2025-03-11T07:41:33+00:00","dateModified":"2025-08-14T14:50:04+00:00","description":"Oplev Belfast, Nordirlands hovedstad, en by, der kombinerer industriarv, moderne kultur og havlandskaber.","inLanguage":"da-DK","potentialAction":[{"@type":"ReadAction","target":["https:\/\/uk-gb.net\/da\/belfast\/"]}]},{"@type":"ImageObject","inLanguage":"da-DK","@id":"https:\/\/uk-gb.net\/da\/belfast\/#primaryimage","url":"https:\/\/uk-gb.net\/wp-content\/uploads\/2025\/03\/Belfast-e1748001959444.jpg","contentUrl":"https:\/\/uk-gb.net\/wp-content\/uploads\/2025\/03\/Belfast-e1748001959444.jpg"},{"@type":"WebSite","@id":"https:\/\/uk-gb.net\/da\/#website","url":"https:\/\/uk-gb.net\/da\/","name":"UK GB","description":"Travel to the UK","potentialAction":[{"@type":"SearchAction","target":{"@type":"EntryPoint","urlTemplate":"https:\/\/uk-gb.net\/da\/?s={search_term_string}"},"query-input":{"@type":"PropertyValueSpecification","valueRequired":true,"valueName":"search_term_string"}}],"inLanguage":"da-DK"}]}},"_links":{"self":[{"href":"https:\/\/uk-gb.net\/da\/wp-json\/wp\/v2\/pages\/5372","targetHints":{"allow":["GET"]}}],"collection":[{"href":"https:\/\/uk-gb.net\/da\/wp-json\/wp\/v2\/pages"}],"about":[{"href":"https:\/\/uk-gb.net\/da\/wp-json\/wp\/v2\/types\/page"}],"author":[{"embeddable":true,"href":"https:\/\/uk-gb.net\/da\/wp-json\/wp\/v2\/users\/1"}],"replies":[{"embeddable":true,"href":"https:\/\/uk-gb.net\/da\/wp-json\/wp\/v2\/comments?post=5372"}],"version-history":[{"count":0,"href":"https:\/\/uk-gb.net\/da\/wp-json\/wp\/v2\/pages\/5372\/revisions"}],"wp:attachment":[{"href":"https:\/\/uk-gb.net\/da\/wp-json\/wp\/v2\/media?parent=5372"}],"curies":[{"name":"wp","href":"https:\/\/api.w.org\/{rel}","templated":true}]}}