{"id":5161,"date":"2025-01-29T16:47:28","date_gmt":"2025-01-29T16:47:28","guid":{"rendered":"https:\/\/uk-gb.net\/cardiff\/"},"modified":"2025-12-28T13:13:52","modified_gmt":"2025-12-28T13:13:52","slug":"cardiff","status":"publish","type":"page","link":"https:\/\/uk-gb.net\/da\/cardiff\/","title":{"rendered":"Turistguide til Cardiff by"},"content":{"rendered":"\n<h1 class=\"wp-block-heading\">Bes\u00f8g Cardiff i Wales<\/h1>\n\n<p>Cardiff, Wales&#8217; hovedstad, er en dynamisk og indbydende by, der kombinerer historie, kultur og modernitet. Den ligger p\u00e5 landets sydkyst og er ber\u00f8mt for sit middelalderslot, sin livlige strandpromenade og sine mange kulturelle arrangementer. Cardiff er en ideel destination for en opdagelsesrig storbyferie.  <\/p>\n\n<h2 class=\"wp-block-heading\">Hvorfor bes\u00f8ge Cardiff?<\/h2>\n\n<p>Cardiff byder p\u00e5 en f\u00e6ngslende blanding af historisk arv og moderne dynamik. Med sine fascinerende museer, gr\u00f8nne parker og livlige musikscene appellerer byen til s\u00e5vel historieinteresserede som sports- og madentusiaster. Dens venlige atmosf\u00e6re g\u00f8r den til en behagelig destination at udforske p\u00e5 alle \u00e5rstider.  <\/p>\n\n<figure class=\"wp-block-image size-large\"><img fetchpriority=\"high\" decoding=\"async\" width=\"1158\" height=\"367\" src=\"https:\/\/uk-gb.net\/wp-content\/uploads\/2025\/01\/cardiff-e1748002153120.jpg\" alt=\"\" class=\"wp-image-5141\" srcset=\"https:\/\/uk-gb.net\/wp-content\/uploads\/2025\/01\/cardiff-e1748002153120.jpg 1158w, https:\/\/uk-gb.net\/wp-content\/uploads\/2025\/01\/cardiff-e1748002153120-300x95.jpg 300w, https:\/\/uk-gb.net\/wp-content\/uploads\/2025\/01\/cardiff-e1748002153120-1024x325.jpg 1024w, https:\/\/uk-gb.net\/wp-content\/uploads\/2025\/01\/cardiff-e1748002153120-768x243.jpg 768w\" sizes=\"(max-width: 1158px) 100vw, 1158px\" \/><figcaption class=\"wp-element-caption\">Foto af Cardiff Bay<\/figcaption><\/figure>\n\n<div style=\"height:10px\" aria-hidden=\"true\" class=\"wp-block-spacer\"><\/div>\n\n<h2 class=\"wp-block-heading\">De vigtigste ting<\/h2>\n\n<ul class=\"wp-block-list\">\n<li><a href=\"https:\/\/www.cardiffcastle.com\/\">Cardiff Castle<\/a>: En imponerende middelalderf\u00e6stning i hjertet af byen.<\/li>\n\n\n\n<li><a href=\"https:\/\/www.principalitystadium.wales\/\">Principality Stadium<\/a>: Et ikonisk sted for rugbykampe og koncerter.<\/li>\n\n\n\n<li><a href=\"https:\/\/www.cardiffbay.co.uk\/\">Cardiff Bay<\/a>: En bydel ved havet med restauranter, museer og moderne attraktioner.<\/li>\n\n\n\n<li><a href=\"https:\/\/museum.wales\/cardiff\/\">National Museum Cardiff<\/a>: Et fascinerende museum, der kombinerer kunst, ark\u00e6ologi og naturhistorie.<\/li>\n\n\n\n<li><a href=\"https:\/\/bute-park.com\/\">Bute Park<\/a>: Et stort gr\u00f8nt omr\u00e5de, der er perfekt til en g\u00e5tur eller en picnic.<\/li>\n\n\n\n<li><a href=\"https:\/\/museum.wales\/stfagans\/\">Fagans nationale museum for historie <\/a>  Et friluftsmuseum, der sporer Wales&#8217; historie.<\/li>\n<\/ul>\n\n<div style=\"height:10px\" aria-hidden=\"true\" class=\"wp-block-spacer\"><\/div>\n\n<h2 class=\"wp-block-heading\">Kvarterer at udforske<\/h2>\n\n<ul class=\"wp-block-list\">\n<li><strong>Byens centrum<\/strong>: Byens livlige hjerte, ideelt til shopping og spisning.<\/li>\n\n\n\n<li><strong>Cardiff Bay<\/strong>: Et moderne omr\u00e5de med kulturelle attraktioner og g\u00e5ture langs vandet.<\/li>\n\n\n\n<li><strong>Pontcanna<\/strong>: Et chikt boligkvarter, perfekt til en afslappet atmosf\u00e6re og hyggelige caf\u00e9er.<\/li>\n\n\n\n<li><strong>Roath<\/strong>: Kendt for sin store park og boheme-atmosf\u00e6re.<\/li>\n<\/ul>\n\n<div style=\"height:10px\" aria-hidden=\"true\" class=\"wp-block-spacer\"><\/div>\n\n<h2 class=\"wp-block-heading\">Praktiske r\u00e5d<\/h2>\n\n<figure class=\"wp-block-table\"><table><tbody><tr><th>Aspekt<\/th><th>Detaljer<\/th><\/tr><tr><td><strong>Transport<\/strong><\/td><td>Cardiff har gode tog- og busforbindelser, og byens centrum ligger i g\u00e5afstand.<\/td><\/tr><tr><td><strong>Indkvartering<\/strong><\/td><td>Mulighederne sp\u00e6nder fra luksushoteller til billige vandrerhjem.<\/td><\/tr><tr><td><strong>Valuta<\/strong><\/td><td>Britiske pund (\u00a3). Kontaktl\u00f8se betalinger accepteres i vid udstr\u00e6kning. <\/td><\/tr><tr><td><strong>Sprog<\/strong><\/td><td>Engelsk og walisisk.<\/td><\/tr><tr><td><strong>Vejret<\/strong><\/td><td>Oceanisk klima, s\u00e5 tag en paraply med i tilf\u00e6lde af hyppige byger.<\/td><\/tr><tr><td><strong>Formaliteter<\/strong><\/td><td>Det kan v\u00e6re n\u00f8dvendigt at f\u00e5 et <a href=\"https:\/\/uk-gb.net\/da\/visum-til-cardiff\/\">visum til Cardiff<\/a> for at rejse til Wales.<\/td><\/tr><\/tbody><\/table><\/figure>\n\n<div style=\"height:10px\" aria-hidden=\"true\" class=\"wp-block-spacer\"><\/div>\n\n<h2 class=\"wp-block-heading\">Hvor skal man spise?<\/h2>\n\n<ul class=\"wp-block-list\">\n<li><a href=\"https:\/\/www.thepottedpig.com\/\">The Potted Pig<\/a>: En elegant restaurant, der serverer walisiske retter med et twist.<\/li>\n\n\n\n<li><a href=\"https:\/\/www.chapel1877.com\/\">Chapel 1877<\/a>: Et unikt sted i et tidligere kapel, der er omdannet til en raffineret restaurant.<\/li>\n\n\n\n<li><a href=\"https:\/\/www.barkerteahouse.com\/\">Barker Tea House<\/a>: Det perfekte sted til en typisk britisk afternoon tea.<\/li>\n\n\n\n<li><a href=\"https:\/\/www.walesonline.co.uk\/whats-on\/whats-on-news\/hmp-cardiffs-clink-restaurant-shut-24948267\">The Clink<\/a>: En socialt ansvarlig restaurant, der serverer velsmagende retter tilberedt af fanger under rehabilitering.<\/li>\n\n\n\n<li><a href=\"https:\/\/www.instagram.com\/milgicardiff\/?hl=en\">Milgi<\/a>: Et fremragende valg for fans af vegetariske og \u00f8kologiske retter.<\/li>\n<\/ul>\n\n<div style=\"height:10px\" aria-hidden=\"true\" class=\"wp-block-spacer\"><\/div>\n\n<h2 class=\"wp-block-heading\">Hvorn\u00e5r skal man tage af sted?<\/h2>\n\n<p>Cardiff er behagelig hele \u00e5ret rundt, men for\u00e5ret og sommeren er de bedste tidspunkter at udforske byen i et mildere klima. Efter\u00e5ret er ideelt til at nyde naturens farver i parkerne, mens vinteren er perfekt til julemarkeder og indend\u00f8rs kulturarrangementer. <\/p>\n\n<h2 class=\"wp-block-heading\">Konklusion<\/h2>\n\n<p>Cardiff er en levende by, hvor tradition og modernitet blandes harmonisk. Uanset om du er historieinteresseret, rugbyfan eller bare p\u00e5 udkig efter en varm og indbydende by, vil Cardiff vinde dig over. Planl\u00e6g din rejse, og lad dig charmere af den walisiske hovedstad.  <\/p>\n\n<p>Sammenlignet med andre <a href=\"https:\/\/uk-gb.net\/da\/\">britiske storbyer<\/a> skiller Cardiff sig ud med sin mere afslappede atmosf\u00e6re og n\u00e6rhed til naturen. I mods\u00e6tning til <a href=\"https:\/\/uk-gb.net\/da\/london\/\">London<\/a>, som tiltr\u00e6kker bes\u00f8gende med sin travlhed og kulturelle mangfoldighed, tilbyder Cardiff en mere intim og tilg\u00e6ngelig atmosf\u00e6re. Mens <a href=\"https:\/\/uk-gb.net\/da\/oxford\/\">Oxford<\/a> og <a href=\"https:\/\/uk-gb.net\/da\/cambridge\/\">Cambridge<\/a>brillerer med deres akademiske arv, fremviser Cardiff sin unikke walisiske arv. <a href=\"https:\/\/uk-gb.net\/da\/liverpool\/\">Liverpool<\/a> og <a href=\"https:\/\/uk-gb.net\/da\/manchester\/\">Manchester<\/a>, der er kendt for deres musik- og sportsscener, er mere industrielle og livlige, mens <a href=\"https:\/\/uk-gb.net\/da\/edinburgh\/\">Edinburgh<\/a> charmerer med sin historiske arkitektur og internationale festival. Hver by har sin egen karakter, og et bes\u00f8g i Cardiff er en god m\u00e5de at opdage en anden, autentisk side af Storbritannien p\u00e5.   <\/p>\n","protected":false},"excerpt":{"rendered":"<p>Bes\u00f8g Cardiff i Wales Cardiff, Wales&#8217; hovedstad, er en dynamisk og indbydende by, der kombinerer historie, kultur og modernitet. Den ligger p\u00e5 landets sydkyst og er ber\u00f8mt for sit middelalderslot, sin livlige strandpromenade og sine mange kulturelle arrangementer. Cardiff er en ideel destination for en opdagelsesrig storbyferie. Hvorfor bes\u00f8ge Cardiff? Cardiff byder p\u00e5 en f\u00e6ngslende [&hellip;]<\/p>\n","protected":false},"author":1,"featured_media":0,"parent":0,"menu_order":0,"comment_status":"closed","ping_status":"closed","template":"","meta":{"footnotes":""},"class_list":["post-5161","page","type-page","status-publish","hentry"],"yoast_head":"<!-- This site is optimized with the Yoast SEO plugin v27.3 - https:\/\/yoast.com\/product\/yoast-seo-wordpress\/ -->\n<title>Turistguide til Cardiff by - UK GB<\/title>\n<meta name=\"robots\" content=\"index, follow, max-snippet:-1, max-image-preview:large, max-video-preview:-1\" \/>\n<link rel=\"canonical\" href=\"https:\/\/uk-gb.net\/da\/cardiff\/\" \/>\n<meta property=\"og:locale\" content=\"da_DK\" \/>\n<meta property=\"og:type\" content=\"article\" \/>\n<meta property=\"og:title\" content=\"Turistguide til Cardiff by - UK GB\" \/>\n<meta property=\"og:description\" content=\"Bes\u00f8g Cardiff i Wales Cardiff, Wales&#8217; hovedstad, er en dynamisk og indbydende by, der kombinerer historie, kultur og modernitet. Den ligger p\u00e5 landets sydkyst og er ber\u00f8mt for sit middelalderslot, sin livlige strandpromenade og sine mange kulturelle arrangementer. Cardiff er en ideel destination for en opdagelsesrig storbyferie. Hvorfor bes\u00f8ge Cardiff? Cardiff byder p\u00e5 en f\u00e6ngslende [&hellip;]\" \/>\n<meta property=\"og:url\" content=\"https:\/\/uk-gb.net\/da\/cardiff\/\" \/>\n<meta property=\"og:site_name\" content=\"UK GB\" \/>\n<meta property=\"article:modified_time\" content=\"2025-12-28T13:13:52+00:00\" \/>\n<meta property=\"og:image\" content=\"https:\/\/uk-gb.net\/wp-content\/uploads\/2025\/01\/cardiff-e1748002153120.jpg\" \/>\n\t<meta property=\"og:image:width\" content=\"1158\" \/>\n\t<meta property=\"og:image:height\" content=\"367\" \/>\n\t<meta property=\"og:image:type\" content=\"image\/jpeg\" \/>\n<meta name=\"twitter:card\" content=\"summary_large_image\" \/>\n<meta name=\"twitter:label1\" content=\"Estimeret l\u00e6setid\" \/>\n\t<meta name=\"twitter:data1\" content=\"3 minutter\" \/>\n<script type=\"application\/ld+json\" class=\"yoast-schema-graph\">{\"@context\":\"https:\\\/\\\/schema.org\",\"@graph\":[{\"@type\":\"WebPage\",\"@id\":\"https:\\\/\\\/uk-gb.net\\\/da\\\/cardiff\\\/\",\"url\":\"https:\\\/\\\/uk-gb.net\\\/da\\\/cardiff\\\/\",\"name\":\"Turistguide til Cardiff by - UK GB\",\"isPartOf\":{\"@id\":\"https:\\\/\\\/uk-gb.net\\\/da\\\/#website\"},\"primaryImageOfPage\":{\"@id\":\"https:\\\/\\\/uk-gb.net\\\/da\\\/cardiff\\\/#primaryimage\"},\"image\":{\"@id\":\"https:\\\/\\\/uk-gb.net\\\/da\\\/cardiff\\\/#primaryimage\"},\"thumbnailUrl\":\"https:\\\/\\\/uk-gb.net\\\/wp-content\\\/uploads\\\/2025\\\/01\\\/cardiff-e1748002153120.jpg\",\"datePublished\":\"2025-01-29T16:47:28+00:00\",\"dateModified\":\"2025-12-28T13:13:52+00:00\",\"inLanguage\":\"da-DK\",\"potentialAction\":[{\"@type\":\"ReadAction\",\"target\":[\"https:\\\/\\\/uk-gb.net\\\/da\\\/cardiff\\\/\"]}]},{\"@type\":\"ImageObject\",\"inLanguage\":\"da-DK\",\"@id\":\"https:\\\/\\\/uk-gb.net\\\/da\\\/cardiff\\\/#primaryimage\",\"url\":\"https:\\\/\\\/uk-gb.net\\\/wp-content\\\/uploads\\\/2025\\\/01\\\/cardiff-e1748002153120.jpg\",\"contentUrl\":\"https:\\\/\\\/uk-gb.net\\\/wp-content\\\/uploads\\\/2025\\\/01\\\/cardiff-e1748002153120.jpg\"},{\"@type\":\"WebSite\",\"@id\":\"https:\\\/\\\/uk-gb.net\\\/da\\\/#website\",\"url\":\"https:\\\/\\\/uk-gb.net\\\/da\\\/\",\"name\":\"UK GB\",\"description\":\"Travel to the UK\",\"potentialAction\":[{\"@type\":\"SearchAction\",\"target\":{\"@type\":\"EntryPoint\",\"urlTemplate\":\"https:\\\/\\\/uk-gb.net\\\/da\\\/?s={search_term_string}\"},\"query-input\":{\"@type\":\"PropertyValueSpecification\",\"valueRequired\":true,\"valueName\":\"search_term_string\"}}],\"inLanguage\":\"da-DK\"}]}<\/script>\n<!-- \/ Yoast SEO plugin. -->","yoast_head_json":{"title":"Turistguide til Cardiff by - UK GB","robots":{"index":"index","follow":"follow","max-snippet":"max-snippet:-1","max-image-preview":"max-image-preview:large","max-video-preview":"max-video-preview:-1"},"canonical":"https:\/\/uk-gb.net\/da\/cardiff\/","og_locale":"da_DK","og_type":"article","og_title":"Turistguide til Cardiff by - UK GB","og_description":"Bes\u00f8g Cardiff i Wales Cardiff, Wales&#8217; hovedstad, er en dynamisk og indbydende by, der kombinerer historie, kultur og modernitet. Den ligger p\u00e5 landets sydkyst og er ber\u00f8mt for sit middelalderslot, sin livlige strandpromenade og sine mange kulturelle arrangementer. Cardiff er en ideel destination for en opdagelsesrig storbyferie. Hvorfor bes\u00f8ge Cardiff? Cardiff byder p\u00e5 en f\u00e6ngslende [&hellip;]","og_url":"https:\/\/uk-gb.net\/da\/cardiff\/","og_site_name":"UK GB","article_modified_time":"2025-12-28T13:13:52+00:00","og_image":[{"width":1158,"height":367,"url":"https:\/\/uk-gb.net\/wp-content\/uploads\/2025\/01\/cardiff-e1748002153120.jpg","type":"image\/jpeg"}],"twitter_card":"summary_large_image","twitter_misc":{"Estimeret l\u00e6setid":"3 minutter"},"schema":{"@context":"https:\/\/schema.org","@graph":[{"@type":"WebPage","@id":"https:\/\/uk-gb.net\/da\/cardiff\/","url":"https:\/\/uk-gb.net\/da\/cardiff\/","name":"Turistguide til Cardiff by - UK GB","isPartOf":{"@id":"https:\/\/uk-gb.net\/da\/#website"},"primaryImageOfPage":{"@id":"https:\/\/uk-gb.net\/da\/cardiff\/#primaryimage"},"image":{"@id":"https:\/\/uk-gb.net\/da\/cardiff\/#primaryimage"},"thumbnailUrl":"https:\/\/uk-gb.net\/wp-content\/uploads\/2025\/01\/cardiff-e1748002153120.jpg","datePublished":"2025-01-29T16:47:28+00:00","dateModified":"2025-12-28T13:13:52+00:00","inLanguage":"da-DK","potentialAction":[{"@type":"ReadAction","target":["https:\/\/uk-gb.net\/da\/cardiff\/"]}]},{"@type":"ImageObject","inLanguage":"da-DK","@id":"https:\/\/uk-gb.net\/da\/cardiff\/#primaryimage","url":"https:\/\/uk-gb.net\/wp-content\/uploads\/2025\/01\/cardiff-e1748002153120.jpg","contentUrl":"https:\/\/uk-gb.net\/wp-content\/uploads\/2025\/01\/cardiff-e1748002153120.jpg"},{"@type":"WebSite","@id":"https:\/\/uk-gb.net\/da\/#website","url":"https:\/\/uk-gb.net\/da\/","name":"UK GB","description":"Travel to the UK","potentialAction":[{"@type":"SearchAction","target":{"@type":"EntryPoint","urlTemplate":"https:\/\/uk-gb.net\/da\/?s={search_term_string}"},"query-input":{"@type":"PropertyValueSpecification","valueRequired":true,"valueName":"search_term_string"}}],"inLanguage":"da-DK"}]}},"_links":{"self":[{"href":"https:\/\/uk-gb.net\/da\/wp-json\/wp\/v2\/pages\/5161","targetHints":{"allow":["GET"]}}],"collection":[{"href":"https:\/\/uk-gb.net\/da\/wp-json\/wp\/v2\/pages"}],"about":[{"href":"https:\/\/uk-gb.net\/da\/wp-json\/wp\/v2\/types\/page"}],"author":[{"embeddable":true,"href":"https:\/\/uk-gb.net\/da\/wp-json\/wp\/v2\/users\/1"}],"replies":[{"embeddable":true,"href":"https:\/\/uk-gb.net\/da\/wp-json\/wp\/v2\/comments?post=5161"}],"version-history":[{"count":0,"href":"https:\/\/uk-gb.net\/da\/wp-json\/wp\/v2\/pages\/5161\/revisions"}],"wp:attachment":[{"href":"https:\/\/uk-gb.net\/da\/wp-json\/wp\/v2\/media?parent=5161"}],"curies":[{"name":"wp","href":"https:\/\/api.w.org\/{rel}","templated":true}]}}