{"id":5034,"date":"2025-01-23T11:10:46","date_gmt":"2025-01-23T11:10:46","guid":{"rendered":"https:\/\/uk-gb.net\/glasgow\/"},"modified":"2025-08-27T17:21:10","modified_gmt":"2025-08-27T16:21:10","slug":"glasgow","status":"publish","type":"page","link":"https:\/\/uk-gb.net\/da\/glasgow\/","title":{"rendered":"Bes\u00f8g Glasgow i Skotland"},"content":{"rendered":"\n<h1 class=\"wp-block-heading\">Oplev byen Glasgow<\/h1>\n\n<p>Glasgow fascinerer med sin kreative energi, majest\u00e6tiske victorianske arkitektur og varme atmosf\u00e6re. Byen er f\u00f8destedet for en vigtig industriel og kunstnerisk arv og er nu et arnested for kultur, musik og design. Det er et vigtigt stop for at udforske et Skotland, der er moderne, levende og dybt autentisk.  <\/p>\n\n<figure class=\"wp-block-image size-large\"><img fetchpriority=\"high\" decoding=\"async\" width=\"1024\" height=\"535\" src=\"https:\/\/uk-gb.net\/wp-content\/uploads\/2025\/01\/Glasgow-1024x535.jpg\" alt=\"\" class=\"wp-image-5016\" srcset=\"https:\/\/uk-gb.net\/wp-content\/uploads\/2025\/01\/Glasgow-1024x535.jpg 1024w, https:\/\/uk-gb.net\/wp-content\/uploads\/2025\/01\/Glasgow-300x157.jpg 300w, https:\/\/uk-gb.net\/wp-content\/uploads\/2025\/01\/Glasgow-768x401.jpg 768w, https:\/\/uk-gb.net\/wp-content\/uploads\/2025\/01\/Glasgow.jpg 1339w\" sizes=\"(max-width: 1024px) 100vw, 1024px\" \/><figcaption class=\"wp-element-caption\">Glasgow, Skotland<\/figcaption><\/figure>\n\n<h2 class=\"wp-block-heading\">Hvorfor bes\u00f8ge Glasgow?<\/h2>\n\n<p><a href=\"https:\/\/en.wikipedia.org\/wiki\/Glasgow\">Glasgow<\/a> er ber\u00f8mt for sine verdensber\u00f8mte museer, victorianske bygninger og kunstscene. Uanset om du er historieinteresseret, musikelsker eller ivrig shopper, er Glasgow fuld af sp\u00e6ndende ting at foretage sig. Hvert kvarter afsl\u00f8rer en unik facet af byen, som altid forst\u00e6rkes af folks varme og autenticitet.  <\/p>\n\n<h2 class=\"wp-block-heading\">Must-sees i Glasgow<\/h2>\n\n<ul class=\"wp-block-list\">\n<li><a href=\"https:\/\/www.historicenvironment.scot\/visit-a-place\/places\/glasgow-cathedral\/\">Glasgow Cathedral: En fantastisk middelalderkatedral<\/a> fra det 12. \u00e5rhundrede, et sj\u00e6ldent eksempel p\u00e5 skotsk gotisk arkitektur, der stadig er intakt.<\/li>\n\n\n\n<li><a href=\"https:\/\/www.glasgowsciencecentre.org\/\">Glasgow Science Centre<\/a>: interaktivt videnskabscenter med sjove udstillinger, planetarium og IMAX-biograf. En ideel familieudflugt. <\/li>\n\n\n\n<li><a href=\"https:\/\/www.visitscotland.com\/info\/towns-villages\/george-square-p1976921\">George Square<\/a>: Byens centrale plads, omkranset af majest\u00e6tiske bygninger og levende med begivenheder hele \u00e5ret.<\/li>\n\n\n\n<li><a href=\"https:\/\/www.glasgowlife.org.uk\/museums\/venues\/kelvingrove-art-gallery-and-museum\">Kelvingrove Art Gallery and Museum<\/a>: Dette ikoniske museum samler kunstv\u00e6rker, historiske artefakter og kuriositeter i bem\u00e6rkelsesv\u00e6rdige arkitektoniske omgivelser.<\/li>\n\n\n\n<li><a href=\"https:\/\/www.glasgowlife.org.uk\/museums\/venues\/riverside-museum\">Riverside Museum<\/a>: Et prisbel\u00f8nnet museum dedikeret til transport og teknologisk opfindsomhed, perfekt for b\u00e5de unge og gamle.<\/li>\n\n\n\n<li><a href=\"https:\/\/glasgowshops.com\/buchanan-street\/\">Buchanan Street<\/a>: Glasgows mest livlige shoppinggade med en blanding af designerbutikker, high street-navne og gadekunstnere.<\/li>\n<\/ul>\n\n<div style=\"height:10px\" aria-hidden=\"true\" class=\"wp-block-spacer\"><\/div>\n\n<h2 class=\"wp-block-heading\">Kvarterer, du ikke m\u00e5 g\u00e5 glip af<\/h2>\n\n<ul class=\"wp-block-list\">\n<li><strong>Merchant City<\/strong>: Et trendy, chikt og livligt omr\u00e5de med en blanding af kunstgallerier, moderne restauranter og designerbarer.<\/li>\n\n\n\n<li><strong>West End<\/strong>: Et gr\u00f8nt, bohemeagtigt kvarter, der er kendt for sine parker, boghandlere, caf\u00e9er og University of Glasgow.<\/li>\n\n\n\n<li><strong>Glasgow Green<\/strong>: En af byens \u00e6ldste offentlige parker, ideel til en spadseretur langs floden eller en picnic.<\/li>\n\n\n\n<li><strong>Finnieston<\/strong>: Glasgows kreative mad-epicenter med en blomstrende kunstscene.<\/li>\n<\/ul>\n\n<div style=\"height:10px\" aria-hidden=\"true\" class=\"wp-block-spacer\"><\/div>\n\n<h2 class=\"wp-block-heading\">Praktiske tips til dit ophold i Glasgow<\/h2>\n\n<figure class=\"wp-block-table\"><table><tbody><tr><td><strong>Transport<\/strong><\/td><td>Effektivt bus- og metronetv\u00e6rk. Dagskort til r\u00e5dighed for bes\u00f8gende. <\/td><\/tr><tr><td><strong>Indkvartering<\/strong><\/td><td>Et bredt udvalg af hoteller, B&amp;B og vandrerhjem til alle budgetter.<\/td><\/tr><tr><td><strong>Valuta<\/strong><\/td><td>Pund sterling (\u00a3). Kortbetalinger accepteres n\u00e6sten overalt. <\/td><\/tr><tr><td><strong>Sprog<\/strong><\/td><td>Engelsk, med en st\u00e6rk, men varm skotsk accent.<\/td><\/tr><tr><td><strong>Vejret<\/strong><\/td><td>Omskifteligt vejr. Medbring en rygs\u00e6k eller paraply. <\/td><\/tr><tr><td><strong>Visa<\/strong><\/td><td>Tjek, om du har brug for et <a href=\"https:\/\/uk-gb.net\/da\/visum-til-glasgow\/\">visum til Glasgow<\/a> eller en <a href=\"https:\/\/uk-gb.net\/da\/eta-england-forenede-kongerige\/\">ETA-tilladelse<\/a>, f\u00f8r du rejser.<\/td><\/tr><\/tbody><\/table><\/figure>\n\n<div style=\"height:10px\" aria-hidden=\"true\" class=\"wp-block-spacer\"><\/div>\n\n<h2 class=\"wp-block-heading\">Hvor skal man spise?<\/h2>\n\n<ul class=\"wp-block-list\">\n<li><a href=\"https:\/\/www.willowtearooms.co.uk\/\">The Willow Tea Rooms<\/a>: en ikonisk tesalon designet af Charles Rennie Mackintosh, perfekt til en typisk skotsk eftermiddagste.<\/li>\n\n\n\n<li><a href=\"https:\/\/www.thegannetgla.com\/\">The Gannet<\/a>: Prisbel\u00f8nnet gourmetrestaurant med lokale r\u00e5varer i en elegant atmosf\u00e6re.<\/li>\n\n\n\n<li><a href=\"https:\/\/ubiquitouschip.co.uk\/\">Ubiquitous Chip<\/a>: En kulinarisk institution i West End, som tilbyder moderne skotske retter i gr\u00f8nne og venlige omgivelser.<\/li>\n\n\n\n<li><a href=\"https:\/\/www.oxandfinch.com\/\">Ox and Finch<\/a>: Opfindsomme sm\u00e5 retter til deling i moderne og raffinerede omgivelser.<\/li>\n\n\n\n<li><a href=\"https:\/\/www.paesanopizza.co.uk\/\">Paesano Pizza<\/a>: Et af de bedste pizzeriaer i byen, elsket for sine overkommelige priser og autentiske napolitanske smagsoplevelser.<\/li>\n<\/ul>\n\n<h2 class=\"wp-block-heading\">Hvorn\u00e5r skal man tage til Glasgow?<\/h2>\n\n<p><a href=\"https:\/\/www.visitglasgow.com\/\">Glasgow<\/a> kan bes\u00f8ges hele \u00e5ret rundt, men <strong>maj til september er de bedste m\u00e5neder til<\/strong> at nyde milde temperaturer og godt vejr. Sommeren er ogs\u00e5 pr\u00e6get af mange kulturfestivaler og koncerter under \u00e5ben himmel. Efter\u00e5r og vinter er v\u00e5dere, men stemningen er stadig varm med museer, hyggelige pubber og festlig belysning i december. Husk at pakke vandt\u00e6t t\u00f8j uanset \u00e5rstid.   <\/p>\n\n<h2 class=\"wp-block-heading\">Endelig<\/h2>\n\n<p>Sammenlignet med andre britiske storbyer <strong>skiller Glasgow sig ud med sin kunstneriske atmosf\u00e6re, lokale autenticitet og legendariske musikscene<\/strong>. Byen er mindre turistet end <a href=\"https:\/\/uk-gb.net\/da\/london\/\">London<\/a> og Edinburgh, men den kreative energi, de venlige mennesker og de hurtigt skiftende kvarterer vil overbevise dig. <\/p>\n\n<p>Hvis du elskede den historiske elegance i Oxford, den musikalske arv i <a href=\"https:\/\/uk-gb.net\/da\/liverpool\/\">Liverpool<\/a> eller sp\u00e6ndingen i <a href=\"https:\/\/uk-gb.net\/da\/manchester\/\">Manchester<\/a>, vil du elske den summende, engagerende karakter i Glasgow.<\/p>\n\n<p>Formaliteterne for at bes\u00f8ge Glasgow afh\u00e6nger af den rejsendes nationalitet og opholdets l\u00e6ngde. Ved korte ophold skal statsborgere fra EU, USA, Canada og mange andre lande nu have <a href=\"https:\/\/uk-gb.net\/da\/online-formular-eta-visum-england\/\">et ETA<\/a>, hvis de ikke har et <a href=\"https:\/\/uk-gb.net\/da\/visum-forenede-kongerige\/\">visum til England<\/a>. <\/p>\n\n<p>UK ETA&#8217;er kan s\u00f8ges via <a href=\"https:\/\/uk-gb.net\/da\/ansogning-iphone-visum-eta-england\/\">den officielle UK ETA-ans\u00f8gning<\/a>. Indbyggere i Storbritannien og irske statsborgere er ikke ber\u00f8rt. <\/p>\n","protected":false},"excerpt":{"rendered":"<p>Oplev byen Glasgow Glasgow fascinerer med sin kreative energi, majest\u00e6tiske victorianske arkitektur og varme atmosf\u00e6re. Byen er f\u00f8destedet for en vigtig industriel og kunstnerisk arv og er nu et arnested for kultur, musik og design. Det er et vigtigt stop for at udforske et Skotland, der er moderne, levende og dybt autentisk. Hvorfor bes\u00f8ge Glasgow? [&hellip;]<\/p>\n","protected":false},"author":1,"featured_media":0,"parent":0,"menu_order":0,"comment_status":"closed","ping_status":"closed","template":"","meta":{"footnotes":""},"class_list":["post-5034","page","type-page","status-publish","hentry"],"yoast_head":"<!-- This site is optimized with the Yoast SEO plugin v27.3 - https:\/\/yoast.com\/product\/yoast-seo-wordpress\/ -->\n<title>Bes\u00f8g Glasgow i Skotland - UK GB<\/title>\n<meta name=\"description\" content=\"Oplev Glasgow, en af Skotlands st\u00f8rste byer, som er ber\u00f8mt for sine museer og historiske victorianske bygninger.\" \/>\n<meta name=\"robots\" content=\"index, follow, max-snippet:-1, max-image-preview:large, max-video-preview:-1\" \/>\n<link rel=\"canonical\" href=\"https:\/\/uk-gb.net\/da\/glasgow\/\" \/>\n<meta property=\"og:locale\" content=\"da_DK\" \/>\n<meta property=\"og:type\" content=\"article\" \/>\n<meta property=\"og:title\" content=\"Bes\u00f8g Glasgow i Skotland - UK GB\" \/>\n<meta property=\"og:description\" content=\"Oplev Glasgow, en af Skotlands st\u00f8rste byer, som er ber\u00f8mt for sine museer og historiske victorianske bygninger.\" \/>\n<meta property=\"og:url\" content=\"https:\/\/uk-gb.net\/da\/glasgow\/\" \/>\n<meta property=\"og:site_name\" content=\"UK GB\" \/>\n<meta property=\"article:modified_time\" content=\"2025-08-27T16:21:10+00:00\" \/>\n<meta property=\"og:image\" content=\"https:\/\/uk-gb.net\/wp-content\/uploads\/2025\/01\/Glasgow.jpg\" \/>\n\t<meta property=\"og:image:width\" content=\"1339\" \/>\n\t<meta property=\"og:image:height\" content=\"699\" \/>\n\t<meta property=\"og:image:type\" content=\"image\/jpeg\" \/>\n<meta name=\"twitter:card\" content=\"summary_large_image\" \/>\n<meta name=\"twitter:label1\" content=\"Estimeret l\u00e6setid\" \/>\n\t<meta name=\"twitter:data1\" content=\"3 minutter\" \/>\n<script type=\"application\/ld+json\" class=\"yoast-schema-graph\">{\"@context\":\"https:\\\/\\\/schema.org\",\"@graph\":[{\"@type\":\"WebPage\",\"@id\":\"https:\\\/\\\/uk-gb.net\\\/da\\\/glasgow\\\/\",\"url\":\"https:\\\/\\\/uk-gb.net\\\/da\\\/glasgow\\\/\",\"name\":\"Bes\u00f8g Glasgow i Skotland - UK GB\",\"isPartOf\":{\"@id\":\"https:\\\/\\\/uk-gb.net\\\/da\\\/#website\"},\"primaryImageOfPage\":{\"@id\":\"https:\\\/\\\/uk-gb.net\\\/da\\\/glasgow\\\/#primaryimage\"},\"image\":{\"@id\":\"https:\\\/\\\/uk-gb.net\\\/da\\\/glasgow\\\/#primaryimage\"},\"thumbnailUrl\":\"https:\\\/\\\/uk-gb.net\\\/wp-content\\\/uploads\\\/2025\\\/01\\\/Glasgow-1024x535.jpg\",\"datePublished\":\"2025-01-23T11:10:46+00:00\",\"dateModified\":\"2025-08-27T16:21:10+00:00\",\"description\":\"Oplev Glasgow, en af Skotlands st\u00f8rste byer, som er ber\u00f8mt for sine museer og historiske victorianske bygninger.\",\"inLanguage\":\"da-DK\",\"potentialAction\":[{\"@type\":\"ReadAction\",\"target\":[\"https:\\\/\\\/uk-gb.net\\\/da\\\/glasgow\\\/\"]}]},{\"@type\":\"ImageObject\",\"inLanguage\":\"da-DK\",\"@id\":\"https:\\\/\\\/uk-gb.net\\\/da\\\/glasgow\\\/#primaryimage\",\"url\":\"https:\\\/\\\/uk-gb.net\\\/wp-content\\\/uploads\\\/2025\\\/01\\\/Glasgow-1024x535.jpg\",\"contentUrl\":\"https:\\\/\\\/uk-gb.net\\\/wp-content\\\/uploads\\\/2025\\\/01\\\/Glasgow-1024x535.jpg\"},{\"@type\":\"WebSite\",\"@id\":\"https:\\\/\\\/uk-gb.net\\\/da\\\/#website\",\"url\":\"https:\\\/\\\/uk-gb.net\\\/da\\\/\",\"name\":\"UK GB\",\"description\":\"Travel to the UK\",\"potentialAction\":[{\"@type\":\"SearchAction\",\"target\":{\"@type\":\"EntryPoint\",\"urlTemplate\":\"https:\\\/\\\/uk-gb.net\\\/da\\\/?s={search_term_string}\"},\"query-input\":{\"@type\":\"PropertyValueSpecification\",\"valueRequired\":true,\"valueName\":\"search_term_string\"}}],\"inLanguage\":\"da-DK\"}]}<\/script>\n<!-- \/ Yoast SEO plugin. -->","yoast_head_json":{"title":"Bes\u00f8g Glasgow i Skotland - UK GB","description":"Oplev Glasgow, en af Skotlands st\u00f8rste byer, som er ber\u00f8mt for sine museer og historiske victorianske bygninger.","robots":{"index":"index","follow":"follow","max-snippet":"max-snippet:-1","max-image-preview":"max-image-preview:large","max-video-preview":"max-video-preview:-1"},"canonical":"https:\/\/uk-gb.net\/da\/glasgow\/","og_locale":"da_DK","og_type":"article","og_title":"Bes\u00f8g Glasgow i Skotland - UK GB","og_description":"Oplev Glasgow, en af Skotlands st\u00f8rste byer, som er ber\u00f8mt for sine museer og historiske victorianske bygninger.","og_url":"https:\/\/uk-gb.net\/da\/glasgow\/","og_site_name":"UK GB","article_modified_time":"2025-08-27T16:21:10+00:00","og_image":[{"width":1339,"height":699,"url":"https:\/\/uk-gb.net\/wp-content\/uploads\/2025\/01\/Glasgow.jpg","type":"image\/jpeg"}],"twitter_card":"summary_large_image","twitter_misc":{"Estimeret l\u00e6setid":"3 minutter"},"schema":{"@context":"https:\/\/schema.org","@graph":[{"@type":"WebPage","@id":"https:\/\/uk-gb.net\/da\/glasgow\/","url":"https:\/\/uk-gb.net\/da\/glasgow\/","name":"Bes\u00f8g Glasgow i Skotland - UK GB","isPartOf":{"@id":"https:\/\/uk-gb.net\/da\/#website"},"primaryImageOfPage":{"@id":"https:\/\/uk-gb.net\/da\/glasgow\/#primaryimage"},"image":{"@id":"https:\/\/uk-gb.net\/da\/glasgow\/#primaryimage"},"thumbnailUrl":"https:\/\/uk-gb.net\/wp-content\/uploads\/2025\/01\/Glasgow-1024x535.jpg","datePublished":"2025-01-23T11:10:46+00:00","dateModified":"2025-08-27T16:21:10+00:00","description":"Oplev Glasgow, en af Skotlands st\u00f8rste byer, som er ber\u00f8mt for sine museer og historiske victorianske bygninger.","inLanguage":"da-DK","potentialAction":[{"@type":"ReadAction","target":["https:\/\/uk-gb.net\/da\/glasgow\/"]}]},{"@type":"ImageObject","inLanguage":"da-DK","@id":"https:\/\/uk-gb.net\/da\/glasgow\/#primaryimage","url":"https:\/\/uk-gb.net\/wp-content\/uploads\/2025\/01\/Glasgow-1024x535.jpg","contentUrl":"https:\/\/uk-gb.net\/wp-content\/uploads\/2025\/01\/Glasgow-1024x535.jpg"},{"@type":"WebSite","@id":"https:\/\/uk-gb.net\/da\/#website","url":"https:\/\/uk-gb.net\/da\/","name":"UK GB","description":"Travel to the UK","potentialAction":[{"@type":"SearchAction","target":{"@type":"EntryPoint","urlTemplate":"https:\/\/uk-gb.net\/da\/?s={search_term_string}"},"query-input":{"@type":"PropertyValueSpecification","valueRequired":true,"valueName":"search_term_string"}}],"inLanguage":"da-DK"}]}},"_links":{"self":[{"href":"https:\/\/uk-gb.net\/da\/wp-json\/wp\/v2\/pages\/5034","targetHints":{"allow":["GET"]}}],"collection":[{"href":"https:\/\/uk-gb.net\/da\/wp-json\/wp\/v2\/pages"}],"about":[{"href":"https:\/\/uk-gb.net\/da\/wp-json\/wp\/v2\/types\/page"}],"author":[{"embeddable":true,"href":"https:\/\/uk-gb.net\/da\/wp-json\/wp\/v2\/users\/1"}],"replies":[{"embeddable":true,"href":"https:\/\/uk-gb.net\/da\/wp-json\/wp\/v2\/comments?post=5034"}],"version-history":[{"count":0,"href":"https:\/\/uk-gb.net\/da\/wp-json\/wp\/v2\/pages\/5034\/revisions"}],"wp:attachment":[{"href":"https:\/\/uk-gb.net\/da\/wp-json\/wp\/v2\/media?parent=5034"}],"curies":[{"name":"wp","href":"https:\/\/api.w.org\/{rel}","templated":true}]}}