{"id":4956,"date":"2025-01-20T10:37:01","date_gmt":"2025-01-20T10:37:01","guid":{"rendered":"https:\/\/uk-gb.net\/edinburgh\/"},"modified":"2026-04-02T11:26:06","modified_gmt":"2026-04-02T10:26:06","slug":"edinburgh","status":"publish","type":"page","link":"https:\/\/uk-gb.net\/da\/edinburgh\/","title":{"rendered":"Bes\u00f8g Edinburgh i Skotland"},"content":{"rendered":"\n<h1 class=\"wp-block-heading\">Sightseeingtur i Skotlands hovedstad<\/h1>\n\n<p>Edinburgh, Skotlands majest\u00e6tiske hovedstad, fascinerer med sin unikke blanding af historie, kultur og landskab. Med sit middelalderslot, verdensber\u00f8mte festivaler og b\u00f8lgende gr\u00f8nne bakker tiltr\u00e6kker byen millioner af bes\u00f8gende hvert \u00e5r. Find ud af alt, hvad du har brug for at vide om planl\u00e6gning af dit ophold i Edinburgh i denne guide.  <\/p>\n\n<figure class=\"wp-block-image size-large\"><img fetchpriority=\"high\" decoding=\"async\" width=\"1024\" height=\"377\" src=\"https:\/\/uk-gb.net\/wp-content\/uploads\/2025\/01\/edimbourg-1024x377.jpg\" alt=\"\" class=\"wp-image-4936\"\/><figcaption class=\"wp-element-caption\">Edinburghs bef\u00e6stninger<\/figcaption><\/figure>\n\n<div style=\"height:10px\" aria-hidden=\"true\" class=\"wp-block-spacer\"><\/div>\n\n<h2 class=\"wp-block-heading\">Hvorfor bes\u00f8ge Edinburgh?<\/h2>\n\n<p>Edinburgh er en by i menneskelig skala, hvor hver gade fort\u00e6ller en historie. Den er kendt for sin bymidte, der er p\u00e5 UNESCO&#8217;s verdensarvsliste, sin mystiske atmosf\u00e6re og sin kulturelle dynamik. Mellem den middelalderlige gamle bydel og den georgianske nye bydel er Edinburgh en fordybelse i \u00e5rhundreders skotsk historie.  <\/p>\n\n<p>Byen er ogs\u00e5 hjemsted for <strong>Edinburgh International Festival<\/strong> og Edinburgh <strong>Fringe<\/strong> Festival, som er Europas st\u00f8rste kulturbegivenheder. Det er et ideelt rejsem\u00e5l for dem, der elsker kunst, historie og litteratur, eller som blot \u00f8nsker en afslappende storbyferie. <\/p>\n\n<div style=\"height:10px\" aria-hidden=\"true\" class=\"wp-block-spacer\"><\/div>\n\n<h2 class=\"wp-block-heading\">De vigtigste ting<\/h2>\n\n<ul class=\"wp-block-list\">\n<li><a href=\"https:\/\/www.edinburghcastle.scot\/\">Edinburgh Castle<\/a>: Dette ikoniske monument ligger p\u00e5 en vulkansk klippe og byder p\u00e5 en betagende udsigt over byen.<\/li>\n\n\n\n<li><a href=\"https:\/\/palaceofholyroodhouse.co.uk\/\">Holyrood Palace<\/a>: Kongens officielle residens i Skotland, gennemsyret af historie.<\/li>\n\n\n\n<li><a href=\"https:\/\/edimbourgsite.fr\/old_town_royal_mile.html\">Royal Mile<\/a>: En brostensbelagt gade, der l\u00f8ber gennem den gamle bydel, og som er fyldt med museer, pubber og sm\u00e5 butikker.<\/li>\n\n\n\n<li><a href=\"https:\/\/edinburghtips.nl\/arthurs_seat.html\">Arthur&#8217;s Seat<\/a>: En tidligere vulkan, der er blevet til en gr\u00f8n bakke, perfekt til en g\u00e5tur med udsigt.<\/li>\n\n\n\n<li><a href=\"https:\/\/www.nms.ac.uk\/national-museum-of-scotland\">National Museum of Scotland<\/a>: Et gratis, fascinerende museum, der sporer den skotske historie.<\/li>\n\n\n\n<li><a href=\"https:\/\/fr.wikipedia.org\/wiki\/Scott_Monument\">Scott Monument<\/a>: Gotisk t\u00e5rn dedikeret til forfatteren Walter Scott, som du kan bestige for at beundre byen.<\/li>\n\n\n\n<li><a href=\"https:\/\/en.wikipedia.org\/wiki\/Princes_Street_Gardens\">Princes Street Gardens:<\/a> Et ikonisk gr\u00f8nt omr\u00e5de ved foden af slottet.<\/li>\n<\/ul>\n\n<div style=\"height:10px\" aria-hidden=\"true\" class=\"wp-block-spacer\"><\/div>\n\n<h2 class=\"wp-block-heading\">Kvarterer at udforske<\/h2>\n\n<ul class=\"wp-block-list\">\n<li>Den <strong>gamle bydel<\/strong>: Det historiske hjerte med sine middelalderlige gader og legender.<\/li>\n\n\n\n<li><strong>New Town<\/strong>: En elegant bydel med georgianske facader, ideel til shopping og museer.<\/li>\n\n\n\n<li><strong>Leith<\/strong>: En tidligere havn, der er blevet til et trendy kvarter med restauranter p\u00e5 kajen.<\/li>\n\n\n\n<li><strong>Stockbridge<\/strong>: Et fredeligt boligomr\u00e5de, der er popul\u00e6rt for sine markeder og lokale atmosf\u00e6re.<\/li>\n\n\n\n<li><strong>Bruntsfield &amp; Morningside<\/strong>: Perfekt til at opdage uafh\u00e6ngige caf\u00e9er og butikker, v\u00e6k fra menneskem\u00e6ngden.<\/li>\n<\/ul>\n\n<div style=\"height:10px\" aria-hidden=\"true\" class=\"wp-block-spacer\"><\/div>\n\n<h2 class=\"wp-block-heading\">Praktiske tips til at bes\u00f8ge Edinburgh<\/h2>\n\n<figure class=\"wp-block-table\"><table><tbody><tr><td><strong>Transport<\/strong><\/td><td>Der er gode forbindelser til byen til fods, med bus og sporvogn. Lufthavnen ligger 30 minutter fra centrum. <\/td><\/tr><tr><td><strong>Visa<\/strong><\/td><td><a href=\"https:\/\/uk-gb.net\/da\/online-formular-eta-visum-england\/\" type=\"page\" id=\"520\">En britisk ETA<\/a> eller et <a href=\"https:\/\/uk-gb.net\/da\/visum-til-edinburgh\/\" type=\"page\" id=\"683\">visum til Edinburgh<\/a> kan v\u00e6re p\u00e5kr\u00e6vet.<\/td><\/tr><tr><td><strong>Indkvartering<\/strong><\/td><td>Varieret udvalg: ungdomsherberger, designerhoteller, indkvartering hos familie.<\/td><\/tr><tr><td><strong>Valuta<\/strong><\/td><td>Britiske pund (\u00a3). Kontaktl\u00f8se betalinger accepteres i vid udstr\u00e6kning. <\/td><\/tr><tr><td><strong>Sprog<\/strong><\/td><td>Engelsk med skotsk accent.<\/td><\/tr><tr><td><strong>Vejret<\/strong><\/td><td>Det er k\u00f8ligt og omskifteligt, s\u00e5 s\u00f8rg for at have en vandt\u00e6t jakke hele \u00e5ret rundt.<\/td><\/tr><\/tbody><\/table><\/figure>\n\n<div style=\"height:10px\" aria-hidden=\"true\" class=\"wp-block-spacer\"><\/div>\n\n<h2 class=\"wp-block-heading\">Hvor skal man spise?<\/h2>\n\n<ul class=\"wp-block-list\">\n<li><a href=\"https:\/\/www.dishoom.com\/edinburgh\/\">Dishoom<\/a>: Meget popul\u00e6rt indo-persisk k\u00f8kken i koloniale omgivelser.<\/li>\n\n\n\n<li><a href=\"https:\/\/scranandscallie.com\/\">The Scran &amp; Scallie<\/a>: En venlig lokal gourmetpub.<\/li>\n\n\n\n<li><a href=\"https:\/\/www.thewitchery.com\/\">The Witchery by the Castle<\/a>: Raffineret restaurant med gotisk atmosf\u00e6re.<\/li>\n\n\n\n<li><a href=\"https:\/\/thekitchin.com\/\">The Kitchin<\/a>: Gourmetrestaurant med s\u00e6sonens r\u00e5varer.<\/li>\n\n\n\n<li><a href=\"https:\/\/elephanthouse.biz\/\">Elephant House<\/a>: den caf\u00e9, hvor J.K. Rowling skrev de f\u00f8rste kapitler af Harry Potter.<\/li>\n<\/ul>\n\n<div style=\"height:10px\" aria-hidden=\"true\" class=\"wp-block-spacer\"><\/div>\n\n<h2 class=\"wp-block-heading\">Hvorn\u00e5r skal man tage til Edinburgh?<\/h2>\n\n<p>Sommeren er den ideelle s\u00e6son til at nyde festivaler og et mildt klima, selv om der er mange mennesker. For\u00e5r og efter\u00e5r er et glimrende kompromis mellem behageligt vejr og ro. De mere stille vinterm\u00e5neder afsl\u00f8rer en magisk by, is\u00e6r under nyt\u00e5rsfejringen med <strong>Hogmanay<\/strong>, Skotlands ber\u00f8mte festival.  <\/p>\n\n<h2 class=\"wp-block-heading\">Konklusion<\/h2>\n\n<p>Edinburgh er indbegrebet af Skotlands sj\u00e6l: stolt, mystisk og dybt kulturel. Den rige arkitektur, den spektakul\u00e6re udsigt og den unikke atmosf\u00e6re g\u00f8r byen til et must i Storbritannien. <\/p>\n\n<p>Hvis du kan lide <a href=\"https:\/\/uk-gb.net\/da\/oxford\/\">Oxfords<\/a> universitetscharme, <a href=\"https:\/\/uk-gb.net\/da\/glasgow\/\">Glasgows<\/a> urbane travlhed eller poesien i en weekend i <a href=\"https:\/\/uk-gb.net\/da\/besog-stirling\/\">Stirling<\/a>, vil Edinburgh give dig en intens og mindev\u00e6rdig oplevelse. T\u00f8v ikke med at l\u00e6se vores andre guider om <a href=\"https:\/\/uk-gb.net\/da\/london\/\">London<\/a>, <a href=\"https:\/\/uk-gb.net\/da\/liverpool\/\">Liverpool<\/a>, <a href=\"https:\/\/uk-gb.net\/da\/belfast\/\">Belfast<\/a> eller <a href=\"https:\/\/uk-gb.net\/da\/besog-inverness-skotland\/\">Inverness<\/a> for at tilrettel\u00e6gge en komplet tur gennem Storbritanniens byer. <\/p>\n\n<p>Formaliteterne for at bes\u00f8ge Edinburgh afh\u00e6nger af din nationalitet. Statsborgere fra EU og mange andre lande skal nu have en <a href=\"https:\/\/uk-gb.net\/da\/eta-england-forenede-kongerige\/\">britisk ETA<\/a>, hvis de ikke har brug for et visum. <\/p>\n\n<p>Denne foranstaltning g\u00e6lder for turistophold p\u00e5 mindre end seks m\u00e5neder. <a href=\"https:\/\/uk-gb.net\/da\/online-formular-eta-visum-england\/\">ETA-formularen udfyldes online<\/a> eller via en <a href=\"https:\/\/uk-gb.net\/da\/ansogning-iphone-visum-eta-england\/\">digital UK ETA-app<\/a>. Dette g\u00e6lder ikke for irske statsborgere eller personer bosat i Storbritannien. S\u00f8rg for at tjekke betingelserne, inden du rejser, s\u00e5 du undg\u00e5r ubehagelige overraskelser.   <\/p>\n\n<p><\/p>\n","protected":false},"excerpt":{"rendered":"<p>Sightseeingtur i Skotlands hovedstad Edinburgh, Skotlands majest\u00e6tiske hovedstad, fascinerer med sin unikke blanding af historie, kultur og landskab. Med sit middelalderslot, verdensber\u00f8mte festivaler og b\u00f8lgende gr\u00f8nne bakker tiltr\u00e6kker byen millioner af bes\u00f8gende hvert \u00e5r. Find ud af alt, hvad du har brug for at vide om planl\u00e6gning af dit ophold i Edinburgh i denne guide. [&hellip;]<\/p>\n","protected":false},"author":1,"featured_media":0,"parent":0,"menu_order":0,"comment_status":"closed","ping_status":"closed","template":"","meta":{"footnotes":""},"class_list":["post-4956","page","type-page","status-publish","hentry"],"yoast_head":"<!-- This site is optimized with the Yoast SEO plugin v27.3 - https:\/\/yoast.com\/product\/yoast-seo-wordpress\/ -->\n<title>Bes\u00f8g Edinburgh i Skotland - UK GB<\/title>\n<meta name=\"description\" content=\"Oplev Edinburgh, den skotske by, p\u00e5 en ferie i Storbritannien. Bes\u00f8g middelalderslottet og museerne\" \/>\n<meta name=\"robots\" content=\"index, follow, max-snippet:-1, max-image-preview:large, max-video-preview:-1\" \/>\n<link rel=\"canonical\" href=\"https:\/\/uk-gb.net\/da\/edinburgh\/\" \/>\n<meta property=\"og:locale\" content=\"da_DK\" \/>\n<meta property=\"og:type\" content=\"article\" \/>\n<meta property=\"og:title\" content=\"Bes\u00f8g Edinburgh i Skotland - UK GB\" \/>\n<meta property=\"og:description\" content=\"Oplev Edinburgh, den skotske by, p\u00e5 en ferie i Storbritannien. Bes\u00f8g middelalderslottet og museerne\" \/>\n<meta property=\"og:url\" content=\"https:\/\/uk-gb.net\/da\/edinburgh\/\" \/>\n<meta property=\"og:site_name\" content=\"UK GB\" \/>\n<meta property=\"article:modified_time\" content=\"2026-04-02T10:26:06+00:00\" \/>\n<meta property=\"og:image\" content=\"https:\/\/uk-gb.net\/wp-content\/uploads\/2025\/01\/edimbourg-e1748002338562.jpg\" \/>\n\t<meta property=\"og:image:width\" content=\"963\" \/>\n\t<meta property=\"og:image:height\" content=\"398\" \/>\n\t<meta property=\"og:image:type\" content=\"image\/jpeg\" \/>\n<meta name=\"twitter:card\" content=\"summary_large_image\" \/>\n<meta name=\"twitter:label1\" content=\"Estimeret l\u00e6setid\" \/>\n\t<meta name=\"twitter:data1\" content=\"4 minutter\" \/>\n<script type=\"application\/ld+json\" class=\"yoast-schema-graph\">{\"@context\":\"https:\\\/\\\/schema.org\",\"@graph\":[{\"@type\":\"WebPage\",\"@id\":\"https:\\\/\\\/uk-gb.net\\\/da\\\/edinburgh\\\/\",\"url\":\"https:\\\/\\\/uk-gb.net\\\/da\\\/edinburgh\\\/\",\"name\":\"Bes\u00f8g Edinburgh i Skotland - UK GB\",\"isPartOf\":{\"@id\":\"https:\\\/\\\/uk-gb.net\\\/da\\\/#website\"},\"primaryImageOfPage\":{\"@id\":\"https:\\\/\\\/uk-gb.net\\\/da\\\/edinburgh\\\/#primaryimage\"},\"image\":{\"@id\":\"https:\\\/\\\/uk-gb.net\\\/da\\\/edinburgh\\\/#primaryimage\"},\"thumbnailUrl\":\"https:\\\/\\\/uk-gb.net\\\/wp-content\\\/uploads\\\/2025\\\/01\\\/edimbourg-1024x377.jpg\",\"datePublished\":\"2025-01-20T10:37:01+00:00\",\"dateModified\":\"2026-04-02T10:26:06+00:00\",\"description\":\"Oplev Edinburgh, den skotske by, p\u00e5 en ferie i Storbritannien. Bes\u00f8g middelalderslottet og museerne\",\"inLanguage\":\"da-DK\",\"potentialAction\":[{\"@type\":\"ReadAction\",\"target\":[\"https:\\\/\\\/uk-gb.net\\\/da\\\/edinburgh\\\/\"]}]},{\"@type\":\"ImageObject\",\"inLanguage\":\"da-DK\",\"@id\":\"https:\\\/\\\/uk-gb.net\\\/da\\\/edinburgh\\\/#primaryimage\",\"url\":\"https:\\\/\\\/uk-gb.net\\\/wp-content\\\/uploads\\\/2025\\\/01\\\/edimbourg-1024x377.jpg\",\"contentUrl\":\"https:\\\/\\\/uk-gb.net\\\/wp-content\\\/uploads\\\/2025\\\/01\\\/edimbourg-1024x377.jpg\"},{\"@type\":\"WebSite\",\"@id\":\"https:\\\/\\\/uk-gb.net\\\/da\\\/#website\",\"url\":\"https:\\\/\\\/uk-gb.net\\\/da\\\/\",\"name\":\"UK GB\",\"description\":\"Travel to the UK\",\"potentialAction\":[{\"@type\":\"SearchAction\",\"target\":{\"@type\":\"EntryPoint\",\"urlTemplate\":\"https:\\\/\\\/uk-gb.net\\\/da\\\/?s={search_term_string}\"},\"query-input\":{\"@type\":\"PropertyValueSpecification\",\"valueRequired\":true,\"valueName\":\"search_term_string\"}}],\"inLanguage\":\"da-DK\"}]}<\/script>\n<!-- \/ Yoast SEO plugin. -->","yoast_head_json":{"title":"Bes\u00f8g Edinburgh i Skotland - UK GB","description":"Oplev Edinburgh, den skotske by, p\u00e5 en ferie i Storbritannien. Bes\u00f8g middelalderslottet og museerne","robots":{"index":"index","follow":"follow","max-snippet":"max-snippet:-1","max-image-preview":"max-image-preview:large","max-video-preview":"max-video-preview:-1"},"canonical":"https:\/\/uk-gb.net\/da\/edinburgh\/","og_locale":"da_DK","og_type":"article","og_title":"Bes\u00f8g Edinburgh i Skotland - UK GB","og_description":"Oplev Edinburgh, den skotske by, p\u00e5 en ferie i Storbritannien. Bes\u00f8g middelalderslottet og museerne","og_url":"https:\/\/uk-gb.net\/da\/edinburgh\/","og_site_name":"UK GB","article_modified_time":"2026-04-02T10:26:06+00:00","og_image":[{"width":963,"height":398,"url":"https:\/\/uk-gb.net\/wp-content\/uploads\/2025\/01\/edimbourg-e1748002338562.jpg","type":"image\/jpeg"}],"twitter_card":"summary_large_image","twitter_misc":{"Estimeret l\u00e6setid":"4 minutter"},"schema":{"@context":"https:\/\/schema.org","@graph":[{"@type":"WebPage","@id":"https:\/\/uk-gb.net\/da\/edinburgh\/","url":"https:\/\/uk-gb.net\/da\/edinburgh\/","name":"Bes\u00f8g Edinburgh i Skotland - UK GB","isPartOf":{"@id":"https:\/\/uk-gb.net\/da\/#website"},"primaryImageOfPage":{"@id":"https:\/\/uk-gb.net\/da\/edinburgh\/#primaryimage"},"image":{"@id":"https:\/\/uk-gb.net\/da\/edinburgh\/#primaryimage"},"thumbnailUrl":"https:\/\/uk-gb.net\/wp-content\/uploads\/2025\/01\/edimbourg-1024x377.jpg","datePublished":"2025-01-20T10:37:01+00:00","dateModified":"2026-04-02T10:26:06+00:00","description":"Oplev Edinburgh, den skotske by, p\u00e5 en ferie i Storbritannien. Bes\u00f8g middelalderslottet og museerne","inLanguage":"da-DK","potentialAction":[{"@type":"ReadAction","target":["https:\/\/uk-gb.net\/da\/edinburgh\/"]}]},{"@type":"ImageObject","inLanguage":"da-DK","@id":"https:\/\/uk-gb.net\/da\/edinburgh\/#primaryimage","url":"https:\/\/uk-gb.net\/wp-content\/uploads\/2025\/01\/edimbourg-1024x377.jpg","contentUrl":"https:\/\/uk-gb.net\/wp-content\/uploads\/2025\/01\/edimbourg-1024x377.jpg"},{"@type":"WebSite","@id":"https:\/\/uk-gb.net\/da\/#website","url":"https:\/\/uk-gb.net\/da\/","name":"UK GB","description":"Travel to the UK","potentialAction":[{"@type":"SearchAction","target":{"@type":"EntryPoint","urlTemplate":"https:\/\/uk-gb.net\/da\/?s={search_term_string}"},"query-input":{"@type":"PropertyValueSpecification","valueRequired":true,"valueName":"search_term_string"}}],"inLanguage":"da-DK"}]}},"_links":{"self":[{"href":"https:\/\/uk-gb.net\/da\/wp-json\/wp\/v2\/pages\/4956","targetHints":{"allow":["GET"]}}],"collection":[{"href":"https:\/\/uk-gb.net\/da\/wp-json\/wp\/v2\/pages"}],"about":[{"href":"https:\/\/uk-gb.net\/da\/wp-json\/wp\/v2\/types\/page"}],"author":[{"embeddable":true,"href":"https:\/\/uk-gb.net\/da\/wp-json\/wp\/v2\/users\/1"}],"replies":[{"embeddable":true,"href":"https:\/\/uk-gb.net\/da\/wp-json\/wp\/v2\/comments?post=4956"}],"version-history":[{"count":0,"href":"https:\/\/uk-gb.net\/da\/wp-json\/wp\/v2\/pages\/4956\/revisions"}],"wp:attachment":[{"href":"https:\/\/uk-gb.net\/da\/wp-json\/wp\/v2\/media?parent=4956"}],"curies":[{"name":"wp","href":"https:\/\/api.w.org\/{rel}","templated":true}]}}