{"id":4178,"date":"2025-01-11T14:38:52","date_gmt":"2025-01-11T14:38:52","guid":{"rendered":"https:\/\/uk-gb.net\/liverpool\/"},"modified":"2025-08-14T15:24:35","modified_gmt":"2025-08-14T14:24:35","slug":"liverpool","status":"publish","type":"page","link":"https:\/\/uk-gb.net\/da\/liverpool\/","title":{"rendered":"Liverpools byguide"},"content":{"rendered":"\n<h1 class=\"wp-block-heading\">Bes\u00f8g Liverpool i det nordvestlige England<\/h1>\n\n<p>Liverpool er en havneby i det nordvestlige England. Liverpool er en vigtig kulturel destination, kendt over hele verden som Beatles&#8217; f\u00f8dested. Gennemsyret af historie, stolt af sin maritime identitet og med en passion for kunst, musik og fodbold er Liverpool en livlig, venlig og sp\u00e6ndende by at udforske.  <\/p>\n\n<figure class=\"wp-block-image size-large\"><img fetchpriority=\"high\" decoding=\"async\" width=\"1024\" height=\"386\" src=\"https:\/\/uk-gb.net\/wp-content\/uploads\/2025\/01\/Liverpool-1024x386.jpg\" alt=\"\" class=\"wp-image-4137\" srcset=\"https:\/\/uk-gb.net\/wp-content\/uploads\/2025\/01\/Liverpool-1024x386.jpg 1024w, https:\/\/uk-gb.net\/wp-content\/uploads\/2025\/01\/Liverpool-300x113.jpg 300w, https:\/\/uk-gb.net\/wp-content\/uploads\/2025\/01\/Liverpool-768x289.jpg 768w, https:\/\/uk-gb.net\/wp-content\/uploads\/2025\/01\/Liverpool-1536x578.jpg 1536w, https:\/\/uk-gb.net\/wp-content\/uploads\/2025\/01\/Liverpool.jpg 2013w\" sizes=\"(max-width: 1024px) 100vw, 1024px\" \/><figcaption class=\"wp-element-caption\">Liverpools katedral<\/figcaption><\/figure>\n\n<div style=\"height:10px\" aria-hidden=\"true\" class=\"wp-block-spacer\"><\/div>\n\n<h2 class=\"wp-block-heading\">Hvorfor bes\u00f8ge Liverpool?<\/h2>\n\n<p>Liverpool er en by med en unik atmosf\u00e6re. Dens maritime fortid, der er synlig i de renoverede havne, dens kulturelle rigdom med de mange museer og den musikalske atmosf\u00e6re, der gennemsyrer gaderne, er alt sammen med til at g\u00f8re den attraktiv. Fra kunstgallerier og legendariske stadioner til krydstogter p\u00e5 Mersey tilbyder Liverpool en byoplevelse, der b\u00e5de er dynamisk og dybt forankret i britisk historie.  <\/p>\n\n<div style=\"height:10px\" aria-hidden=\"true\" class=\"wp-block-spacer\"><\/div>\n\n<h2 class=\"wp-block-heading\">De vigtigste ting<\/h2>\n\n<ul class=\"wp-block-list\">\n<li><a href=\"https:\/\/www.beatlesstory.com\/\">The Beatles Story<\/a>: Et interaktivt museum, der sporer det legendariske bands historie.<\/li>\n\n\n\n<li><a href=\"https:\/\/albertdock.com\/\">Royal Albert Dock<\/a>: En tidligere havn, der er omdannet til en kulturel zone med museer, butikker og restauranter.<\/li>\n\n\n\n<li><a href=\"https:\/\/liverpoolcathedral.org.uk\/\">Liverpool Cathedral<\/a>: En af verdens st\u00f8rste katedraler med en imponerende arkitektur.<\/li>\n\n\n\n<li><a href=\"https:\/\/www.tate.org.uk\/visit\/tate-liverpool\">Tate Liverpool<\/a>: En afdeling af museet for moderne kunst, der ligger p\u00e5 havnen.<\/li>\n\n\n\n<li><a href=\"https:\/\/www.liverpoolfc.com\/info\/anfield\">Anfield Stadium<\/a>: Liverpool FC&#8217;s legendariske stadion, et pilgrimssted for fodboldfans.<\/li>\n\n\n\n<li><a href=\"https:\/\/liverbuildingtour.com\/\">Royal Liver Building<\/a>: Et mesterv\u00e6rk i edwardiansk arkitektur og et symbol p\u00e5 byen.<\/li>\n<\/ul>\n\n<div style=\"height:10px\" aria-hidden=\"true\" class=\"wp-block-spacer\"><\/div>\n\n<h2 class=\"wp-block-heading\">Kvarterer at udforske<\/h2>\n\n<ul class=\"wp-block-list\">\n<li><strong>Det georgianske kvarter<\/strong>: Et historisk <strong>kvarter<\/strong> med elegante gader og smukke gamle bygninger.<\/li>\n\n\n\n<li><strong>Baltic Triangle<\/strong>: Et trendy, hurtigt skiftende omr\u00e5de, der er popul\u00e6rt for sin gadekunst, sine barer og kulturelle arrangementer.<\/li>\n\n\n\n<li><strong>Ropewalks<\/strong>: Et livligt omr\u00e5de med uafh\u00e6ngige caf\u00e9er, restauranter og klubber.<\/li>\n\n\n\n<li><strong><strong>Havnefronten<\/strong><\/strong> Langs Mersey, et \u00e5bent rum, der kombinerer historie og modernitet.<\/li>\n<\/ul>\n\n<div style=\"height:10px\" aria-hidden=\"true\" class=\"wp-block-spacer\"><\/div>\n\n<h2 class=\"wp-block-heading\">Praktiske r\u00e5d<\/h2>\n\n<figure class=\"wp-block-table is-style-regular\"><table><tbody><tr><td><strong>Transport<\/strong><\/td><td>Byen er godt forsynet med tog og bus, og centrum er let tilg\u00e6ngeligt til fods.<\/td><\/tr><tr><td><strong>Indkvartering<\/strong><\/td><td>Hoteller til alle budgetter, is\u00e6r omkring havnen eller i det historiske centrum.<\/td><\/tr><tr><td><strong>Valuta<\/strong><\/td><td>Britiske pund (\u00a3). Kontaktl\u00f8se betalinger accepteres i vid udstr\u00e6kning. <\/td><\/tr><tr><td><strong>Sprog<\/strong><\/td><td>Engelsk med en udtalt og meget identificerbar lokal accent.<\/td><\/tr><tr><td><strong>Formaliteter<\/strong><\/td><td>Du skal have en <a href=\"https:\/\/uk-gb.net\/da\/eta-england-forenede-kongerige\/\">britisk ETA<\/a> eller et <a href=\"https:\/\/uk-gb.net\/da\/visum-til-liverpool\/\">visum til Liverpool<\/a>.<\/td><\/tr><tr><td><strong>Vejret<\/strong><\/td><td>Oceanisk klima, ofte omskifteligt; medbring en mackintosh.<\/td><\/tr><\/tbody><\/table><\/figure>\n\n<div style=\"height:10px\" aria-hidden=\"true\" class=\"wp-block-spacer\"><\/div>\n\n<h2 class=\"wp-block-heading\">Hvor skal man spise?<\/h2>\n\n<ul class=\"wp-block-list\">\n<li><a href=\"https:\/\/www.mowglistreetfood.com\/restaurants\/liverpool-water-street\/\">Mowgli Street Food<\/a>: Tilbyder en moderne og l\u00e6kker indisk kulinarisk oplevelse.<\/li>\n\n\n\n<li><a href=\"https:\/\/www.panoramic34.com\/\">Panoramic 34<\/a>: Panoramarestaurant med udsigt over byen og Mersey.<\/li>\n\n\n\n<li><a href=\"https:\/\/www.cavernclub.com\/\">The Cavern Club<\/a>: For en drink p\u00e5 et legendarisk musiksted.<\/li>\n\n\n\n<li><a href=\"https:\/\/theartschoolrestaurant.co.uk\/\">The Art School<\/a>: Raffineret gastronomi i elegante, intime omgivelser.<\/li>\n\n\n\n<li><a href=\"https:\/\/lunya.co.uk\/liverpool\/\">Lunya<\/a>: Tapas og catalanske produkter i en varm atmosf\u00e6re.<\/li>\n<\/ul>\n\n<div style=\"height:10px\" aria-hidden=\"true\" class=\"wp-block-spacer\"><\/div>\n\n<h2 class=\"wp-block-heading\">Hvorn\u00e5r skal man tage af sted?<\/h2>\n\n<p>Liverpool er et fantastisk sted at bes\u00f8ge fra for\u00e5r til efter\u00e5r. Sommeren er perfekt til festivaler og g\u00e5ture langs Mersey. For\u00e5ret byder p\u00e5 mildt vejr, der er ideelt til kulturelle bes\u00f8g, mens efter\u00e5ret er en fryd for museumselskere og folk med hang til hygge. Om vinteren tilf\u00f8jer julemarkeder og festlige dekorationer et magisk pr\u00e6g.   <\/p>\n\n<div style=\"height:10px\" aria-hidden=\"true\" class=\"wp-block-spacer\"><\/div>\n\n<h2 class=\"wp-block-heading\">Hvad er formaliteterne for at bes\u00f8ge Liverpool?<\/h2>\n\n<p>Som med al anden indrejse til Storbritannien afh\u00e6nger formaliteterne for at bes\u00f8ge Liverpool af din nationalitet. Statsborgere fra EU, USA, Canada og mange andre lande skal nu have en <a href=\"https:\/\/uk-gb.net\/da\/eta-england-forenede-kongerige\/\">ETA-tilladelse<\/a>, hvis de ikke har et visum. <\/p>\n\n<p>Denne foranstaltning g\u00e6lder for turistophold p\u00e5 mindre end seks m\u00e5neder. <a href=\"https:\/\/uk-gb.net\/da\/online-formular-eta-visum-england\/\">ETA-formularen kan udfyldes online<\/a> eller via en <a href=\"https:\/\/uk-gb.net\/da\/ansogning-iphone-visum-eta-england\/\">digital UK ETA-app<\/a>. Irske statsborgere eller personer bosat i Storbritannien er ikke ber\u00f8rt. S\u00f8rg for at tjekke betingelserne, inden du rejser, s\u00e5 du undg\u00e5r ubehagelige overraskelser.   <\/p>\n\n<p>Hvis du vil have flere r\u00e5d eller personlige anbefalinger, er du velkommen til at l\u00e6se vores andre guider om de st\u00f8rste engelske byer. Vores guider d\u00e6kker <a href=\"https:\/\/uk-gb.net\/da\/london\/\">London<\/a>, <a href=\"https:\/\/uk-gb.net\/da\/oxford\/\">Oxford<\/a> og <a href=\"https:\/\/uk-gb.net\/da\/manchester\/\">Manchester.<\/a> <\/p>\n","protected":false},"excerpt":{"rendered":"<p>Bes\u00f8g Liverpool i det nordvestlige England Liverpool er en havneby i det nordvestlige England. Liverpool er en vigtig kulturel destination, kendt over hele verden som Beatles&#8217; f\u00f8dested. Gennemsyret af historie, stolt af sin maritime identitet og med en passion for kunst, musik og fodbold er Liverpool en livlig, venlig og sp\u00e6ndende by at udforske. Hvorfor [&hellip;]<\/p>\n","protected":false},"author":1,"featured_media":0,"parent":0,"menu_order":0,"comment_status":"closed","ping_status":"closed","template":"","meta":{"footnotes":""},"class_list":["post-4178","page","type-page","status-publish","hentry"],"yoast_head":"<!-- This site is optimized with the Yoast SEO plugin v27.3 - https:\/\/yoast.com\/product\/yoast-seo-wordpress\/ -->\n<title>Liverpools byguide - UK GB<\/title>\n<meta name=\"description\" content=\"Oplev den magiske engelske by Liverpool. Alle de bedste steder for et godt ophold i Liverpool.\" \/>\n<meta name=\"robots\" content=\"index, follow, max-snippet:-1, max-image-preview:large, max-video-preview:-1\" \/>\n<link rel=\"canonical\" href=\"https:\/\/uk-gb.net\/da\/liverpool\/\" \/>\n<meta property=\"og:locale\" content=\"da_DK\" \/>\n<meta property=\"og:type\" content=\"article\" \/>\n<meta property=\"og:title\" content=\"Liverpools byguide - UK GB\" \/>\n<meta property=\"og:description\" content=\"Oplev den magiske engelske by Liverpool. Alle de bedste steder for et godt ophold i Liverpool.\" \/>\n<meta property=\"og:url\" content=\"https:\/\/uk-gb.net\/da\/liverpool\/\" \/>\n<meta property=\"og:site_name\" content=\"UK GB\" \/>\n<meta property=\"article:modified_time\" content=\"2025-08-14T14:24:35+00:00\" \/>\n<meta property=\"og:image\" content=\"https:\/\/uk-gb.net\/wp-content\/uploads\/2025\/01\/Liverpool.jpg\" \/>\n\t<meta property=\"og:image:width\" content=\"2013\" \/>\n\t<meta property=\"og:image:height\" content=\"758\" \/>\n\t<meta property=\"og:image:type\" content=\"image\/jpeg\" \/>\n<meta name=\"twitter:card\" content=\"summary_large_image\" \/>\n<meta name=\"twitter:label1\" content=\"Estimeret l\u00e6setid\" \/>\n\t<meta name=\"twitter:data1\" content=\"3 minutter\" \/>\n<script type=\"application\/ld+json\" class=\"yoast-schema-graph\">{\"@context\":\"https:\\\/\\\/schema.org\",\"@graph\":[{\"@type\":\"WebPage\",\"@id\":\"https:\\\/\\\/uk-gb.net\\\/da\\\/liverpool\\\/\",\"url\":\"https:\\\/\\\/uk-gb.net\\\/da\\\/liverpool\\\/\",\"name\":\"Liverpools byguide - UK GB\",\"isPartOf\":{\"@id\":\"https:\\\/\\\/uk-gb.net\\\/da\\\/#website\"},\"primaryImageOfPage\":{\"@id\":\"https:\\\/\\\/uk-gb.net\\\/da\\\/liverpool\\\/#primaryimage\"},\"image\":{\"@id\":\"https:\\\/\\\/uk-gb.net\\\/da\\\/liverpool\\\/#primaryimage\"},\"thumbnailUrl\":\"https:\\\/\\\/uk-gb.net\\\/wp-content\\\/uploads\\\/2025\\\/01\\\/Liverpool-1024x386.jpg\",\"datePublished\":\"2025-01-11T14:38:52+00:00\",\"dateModified\":\"2025-08-14T14:24:35+00:00\",\"description\":\"Oplev den magiske engelske by Liverpool. Alle de bedste steder for et godt ophold i Liverpool.\",\"inLanguage\":\"da-DK\",\"potentialAction\":[{\"@type\":\"ReadAction\",\"target\":[\"https:\\\/\\\/uk-gb.net\\\/da\\\/liverpool\\\/\"]}]},{\"@type\":\"ImageObject\",\"inLanguage\":\"da-DK\",\"@id\":\"https:\\\/\\\/uk-gb.net\\\/da\\\/liverpool\\\/#primaryimage\",\"url\":\"https:\\\/\\\/uk-gb.net\\\/wp-content\\\/uploads\\\/2025\\\/01\\\/Liverpool-1024x386.jpg\",\"contentUrl\":\"https:\\\/\\\/uk-gb.net\\\/wp-content\\\/uploads\\\/2025\\\/01\\\/Liverpool-1024x386.jpg\"},{\"@type\":\"WebSite\",\"@id\":\"https:\\\/\\\/uk-gb.net\\\/da\\\/#website\",\"url\":\"https:\\\/\\\/uk-gb.net\\\/da\\\/\",\"name\":\"UK GB\",\"description\":\"Travel to the UK\",\"potentialAction\":[{\"@type\":\"SearchAction\",\"target\":{\"@type\":\"EntryPoint\",\"urlTemplate\":\"https:\\\/\\\/uk-gb.net\\\/da\\\/?s={search_term_string}\"},\"query-input\":{\"@type\":\"PropertyValueSpecification\",\"valueRequired\":true,\"valueName\":\"search_term_string\"}}],\"inLanguage\":\"da-DK\"}]}<\/script>\n<!-- \/ Yoast SEO plugin. -->","yoast_head_json":{"title":"Liverpools byguide - UK GB","description":"Oplev den magiske engelske by Liverpool. Alle de bedste steder for et godt ophold i Liverpool.","robots":{"index":"index","follow":"follow","max-snippet":"max-snippet:-1","max-image-preview":"max-image-preview:large","max-video-preview":"max-video-preview:-1"},"canonical":"https:\/\/uk-gb.net\/da\/liverpool\/","og_locale":"da_DK","og_type":"article","og_title":"Liverpools byguide - UK GB","og_description":"Oplev den magiske engelske by Liverpool. Alle de bedste steder for et godt ophold i Liverpool.","og_url":"https:\/\/uk-gb.net\/da\/liverpool\/","og_site_name":"UK GB","article_modified_time":"2025-08-14T14:24:35+00:00","og_image":[{"width":2013,"height":758,"url":"https:\/\/uk-gb.net\/wp-content\/uploads\/2025\/01\/Liverpool.jpg","type":"image\/jpeg"}],"twitter_card":"summary_large_image","twitter_misc":{"Estimeret l\u00e6setid":"3 minutter"},"schema":{"@context":"https:\/\/schema.org","@graph":[{"@type":"WebPage","@id":"https:\/\/uk-gb.net\/da\/liverpool\/","url":"https:\/\/uk-gb.net\/da\/liverpool\/","name":"Liverpools byguide - UK GB","isPartOf":{"@id":"https:\/\/uk-gb.net\/da\/#website"},"primaryImageOfPage":{"@id":"https:\/\/uk-gb.net\/da\/liverpool\/#primaryimage"},"image":{"@id":"https:\/\/uk-gb.net\/da\/liverpool\/#primaryimage"},"thumbnailUrl":"https:\/\/uk-gb.net\/wp-content\/uploads\/2025\/01\/Liverpool-1024x386.jpg","datePublished":"2025-01-11T14:38:52+00:00","dateModified":"2025-08-14T14:24:35+00:00","description":"Oplev den magiske engelske by Liverpool. Alle de bedste steder for et godt ophold i Liverpool.","inLanguage":"da-DK","potentialAction":[{"@type":"ReadAction","target":["https:\/\/uk-gb.net\/da\/liverpool\/"]}]},{"@type":"ImageObject","inLanguage":"da-DK","@id":"https:\/\/uk-gb.net\/da\/liverpool\/#primaryimage","url":"https:\/\/uk-gb.net\/wp-content\/uploads\/2025\/01\/Liverpool-1024x386.jpg","contentUrl":"https:\/\/uk-gb.net\/wp-content\/uploads\/2025\/01\/Liverpool-1024x386.jpg"},{"@type":"WebSite","@id":"https:\/\/uk-gb.net\/da\/#website","url":"https:\/\/uk-gb.net\/da\/","name":"UK GB","description":"Travel to the UK","potentialAction":[{"@type":"SearchAction","target":{"@type":"EntryPoint","urlTemplate":"https:\/\/uk-gb.net\/da\/?s={search_term_string}"},"query-input":{"@type":"PropertyValueSpecification","valueRequired":true,"valueName":"search_term_string"}}],"inLanguage":"da-DK"}]}},"_links":{"self":[{"href":"https:\/\/uk-gb.net\/da\/wp-json\/wp\/v2\/pages\/4178","targetHints":{"allow":["GET"]}}],"collection":[{"href":"https:\/\/uk-gb.net\/da\/wp-json\/wp\/v2\/pages"}],"about":[{"href":"https:\/\/uk-gb.net\/da\/wp-json\/wp\/v2\/types\/page"}],"author":[{"embeddable":true,"href":"https:\/\/uk-gb.net\/da\/wp-json\/wp\/v2\/users\/1"}],"replies":[{"embeddable":true,"href":"https:\/\/uk-gb.net\/da\/wp-json\/wp\/v2\/comments?post=4178"}],"version-history":[{"count":0,"href":"https:\/\/uk-gb.net\/da\/wp-json\/wp\/v2\/pages\/4178\/revisions"}],"wp:attachment":[{"href":"https:\/\/uk-gb.net\/da\/wp-json\/wp\/v2\/media?parent=4178"}],"curies":[{"name":"wp","href":"https:\/\/api.w.org\/{rel}","templated":true}]}}