{"id":4096,"date":"2025-01-11T11:44:15","date_gmt":"2025-01-11T11:44:15","guid":{"rendered":"https:\/\/uk-gb.net\/manchester\/"},"modified":"2025-11-04T09:47:14","modified_gmt":"2025-11-04T09:47:14","slug":"manchester","status":"publish","type":"page","link":"https:\/\/uk-gb.net\/da\/manchester\/","title":{"rendered":"P\u00e5 bes\u00f8g i Manchester"},"content":{"rendered":"\n<h1 class=\"wp-block-heading\">Bes\u00f8g byen Manchester i det nordlige England<\/h1>\n\n<p>Manchester, en tidligere industriby, der er blevet et stort kulturelt knudepunkt, er nu en af Englands mest dynamiske byer. Byen er kendt for sin arbejderklassearv, sin k\u00e6rlighed til fodbold, sin legendariske musikscene og sin kreative energi og tiltr\u00e6kker rejsende p\u00e5 jagt efter autenticitet og en moderne, urban atmosf\u00e6re. Manchester er moderne, ung og fuld af kontraster og lader ingen i stikken.  <\/p>\n\n<figure class=\"wp-block-image size-large\"><img decoding=\"async\" src=\"https:\/\/uk-gb.net\/wp-content\/uploads\/2025\/01\/Manchester-1024x405.jpg\" alt=\"Byen North Manchester\" class=\"wp-image-4058\"\/><figcaption class=\"wp-element-caption\">Byen Manchester i det nordlige England  <\/figcaption><\/figure>\n\n<h2 class=\"wp-block-heading\">Hvorfor bes\u00f8ge Manchester?<\/h2>\n\n<p>Manchester er en by med karakter, der dristigt blander sin industrielle fortid med en kunstnerisk ren\u00e6ssance. Dens interaktive museer, trendy kvarterer, uafh\u00e6ngige caf\u00e9er og afslappede atmosf\u00e6re er alle meget tiltr\u00e6kkende. Uanset om du kommer for at opdage den britiske rocks r\u00f8dder, bes\u00f8ge de legendariske stadioner eller udforske de gamle lagerbygninger, der er omdannet til gallerier, er Manchester et must-see p\u00e5 enhver <a href=\"https:\/\/uk-gb.net\/da\/\">rejse til Storbritannien.<\/a>  <\/p>\n\n<h2 class=\"wp-block-heading\">Manchesters must-sees<\/h2>\n\n<ul class=\"wp-block-list\">\n<li><a href=\"https:\/\/www.museum.manchester.ac.uk\/\">Manchester Museum<\/a>: Et omfattende museum, der kombinerer naturhistorie, kultur og videnskab.<\/li>\n\n\n\n<li><a href=\"https:\/\/www.scienceandindustrymuseum.org.uk\/\">Science and Industry Museum<\/a>: Et fascinerende indblik i byens industrihistorie.<\/li>\n\n\n\n<li><a href=\"https:\/\/www.library.manchester.ac.uk\/rylands\/visit\/\">John Rylands Library<\/a>: Et storsl\u00e5et neogotisk bibliotek, der er en filmkulisse v\u00e6rdig.<\/li>\n\n\n\n<li><a href=\"https:\/\/www.manutd.com\/en\/visit-old-trafford\">Old Trafford Stadium<\/a>: Manchester Uniteds ikoniske fodboldstadion.<\/li>\n\n\n\n<li><a href=\"https:\/\/www.mancity.com\/etihad-stadium\">Etihad Stadium<\/a>: Hjemsted for fodboldklubben Manchester Citys andet store hold.<\/li>\n\n\n\n<li><a href=\"https:\/\/northernquartermanchester.com\/\">Northern Quarter<\/a>: Et kreativt kvarter, der er kendt for sine v\u00e6gmalerier, genbrugsbutikker og pladebutikker.<\/li>\n<\/ul>\n\n<div style=\"height:10px\" aria-hidden=\"true\" class=\"wp-block-spacer\"><\/div>\n\n<h2 class=\"wp-block-heading\">Kvarterer at udforske<\/h2>\n\n<ul class=\"wp-block-list\">\n<li><strong>Det nordlige kvarter<\/strong>: Et trendy sted med en alternativ kunstnerisk stemning.<\/li>\n\n\n\n<li><strong>Ancoats<\/strong>: Renoveret bydel, popul\u00e6r for sine restauranter, caf\u00e9er og lofts.<\/li>\n\n\n\n<li><strong>Castlefield <\/strong>: Et historisk kvarter ved kanalen, roligt og gr\u00f8nt.<\/li>\n\n\n\n<li><strong>Spinningfields<\/strong>: Moderne forretningskvarter med restauranter, smarte barer og butikker.<\/li>\n\n\n\n<li><strong>Chinatown<\/strong>: En af Storbritanniens st\u00f8rste og mest farverige Chinatowns.<\/li>\n<\/ul>\n\n<div style=\"height:10px\" aria-hidden=\"true\" class=\"wp-block-spacer\"><\/div>\n\n<h2 class=\"wp-block-heading\">Praktiske tips til at bes\u00f8ge Manchester<\/h2>\n\n<figure class=\"wp-block-table is-style-regular\"><table><tbody><tr><td><strong>Transport<\/strong><\/td><td>Gode forbindelser med sporvogne, busser og tog; byens centrum inden for g\u00e5afstand.<\/td><\/tr><tr><td><strong>Indkvartering<\/strong><\/td><td>En bred vifte af muligheder, fra budget til luksus, i alle centrale distrikter.<\/td><\/tr><tr><td><strong>Valuta<\/strong><\/td><td>Britiske pund (\u00a3). Udbredt kontaktl\u00f8s betaling. <\/td><\/tr><tr><td><strong>Visa<\/strong><\/td><td>Et <a href=\"https:\/\/uk-gb.net\/da\/visum-til-manchester\/\">visum til Manchester<\/a> er ikke n\u00f8dvendigt for et turistbes\u00f8g.<\/td><\/tr><tr><td><strong>Vejret<\/strong><\/td><td>Fugtigt klima; medbring en mokka, selv om sommeren.<\/td><\/tr><\/tbody><\/table><\/figure>\n\n<div style=\"height:10px\" aria-hidden=\"true\" class=\"wp-block-spacer\"><\/div>\n\n<h2 class=\"wp-block-heading\">Hvor skal man spise i Manchester?<\/h2>\n\n<ul class=\"wp-block-list\">\n<li><a href=\"https:\/\/www.rudyspizza.co.uk\/\">Rudy&#8217;s Neapolitan Pizza<\/a>: Et must for fans af \u00e6gte napolitansk pizza.<\/li>\n\n\n\n<li><a href=\"https:\/\/www.refugemcr.co.uk\/\">The Refuge<\/a>: Kreativt k\u00f8kken i storsl\u00e5ede art deco-omgivelser.<\/li>\n\n\n\n<li><a href=\"https:\/\/www.instagram.com\/mackiemayor\/?hl=en\">Mackie Mayor<\/a>: Moderne gourmetmarked med et bredt udvalg af boder.<\/li>\n\n\n\n<li><a href=\"https:\/\/tattu.co.uk\/locations\/manchester\/\">Tattu<\/a>: Moderne asiatisk k\u00f8kken i spektakul\u00e6re omgivelser.<\/li>\n\n\n\n<li><a href=\"https:\/\/bundobust.com\/manchester\/\">Bundobust<\/a>: Indisk vegetarisk street food i en afslappet atmosf\u00e6re.<\/li>\n<\/ul>\n\n<div style=\"height:10px\" aria-hidden=\"true\" class=\"wp-block-spacer\"><\/div>\n\n<h2 class=\"wp-block-heading\">Hvorn\u00e5r skal man tage af sted?<\/h2>\n\n<p>Manchester kan bes\u00f8ges hele \u00e5ret rundt, men for\u00e5ret og sommeren er ideelle til at nyde festivaler og udend\u00f8rs aktiviteter. Efter\u00e5ret er perfekt til at udforske museerne og de maleriske kvarterer, mens vinteren byder p\u00e5 en varm atmosf\u00e6re, is\u00e6r p\u00e5 byens ber\u00f8mte julemarkeder. <\/p>\n\n<h2 class=\"wp-block-heading\">Bem\u00e6rk venligst<\/h2>\n\n<p>Formaliteterne for at bes\u00f8ge Manchester afh\u00e6nger af din nationalitet. Statsborgere fra EU, USA, Canada og mange andre lande skal nu have en <a href=\"https:\/\/uk-gb.net\/da\/eta-england-forenede-kongerige\/\">elektronisk rejsetilladelse (ETA)<\/a>, hvis de ikke har <a href=\"https:\/\/uk-gb.net\/da\/visum-forenede-kongerige\/\">visum til England<\/a>. <\/p>\n\n<p>ETA til Storbritannien kan rekvireres online eller via <a href=\"https:\/\/uk-gb.net\/da\/ansogning-iphone-visum-eta-england\/\">den officielle IPhone-applikation<\/a>. Irske statsborgere og personer bosiddende i Storbritannien er ikke ber\u00f8rt.<\/p>\n\n<p>Hvis du vil have flere r\u00e5d eller personlige anbefalinger, er du velkommen til at l\u00e6se vores andre guider om de st\u00f8rste engelske byer. Vores guider d\u00e6kker <a href=\"https:\/\/uk-gb.net\/da\/london\/\">London<\/a>, <a href=\"https:\/\/uk-gb.net\/da\/oxford\/\">Oxford<\/a> og <a href=\"https:\/\/uk-gb.net\/da\/liverpool\/\">Liverpool.<\/a> <\/p>\n\n<p><\/p>\n","protected":false},"excerpt":{"rendered":"<p>Bes\u00f8g byen Manchester i det nordlige England Manchester, en tidligere industriby, der er blevet et stort kulturelt knudepunkt, er nu en af Englands mest dynamiske byer. Byen er kendt for sin arbejderklassearv, sin k\u00e6rlighed til fodbold, sin legendariske musikscene og sin kreative energi og tiltr\u00e6kker rejsende p\u00e5 jagt efter autenticitet og en moderne, urban atmosf\u00e6re. [&hellip;]<\/p>\n","protected":false},"author":1,"featured_media":0,"parent":0,"menu_order":0,"comment_status":"closed","ping_status":"closed","template":"","meta":{"footnotes":""},"class_list":["post-4096","page","type-page","status-publish","hentry"],"yoast_head":"<!-- This site is optimized with the Yoast SEO plugin v27.3 - https:\/\/yoast.com\/product\/yoast-seo-wordpress\/ -->\n<title>P\u00e5 bes\u00f8g i Manchester - UK GB<\/title>\n<meta name=\"description\" content=\"Oplev den engelske by Manchester med dens industrielle fortid og dens trendy kunstneriske genoplivning.\" \/>\n<meta name=\"robots\" content=\"index, follow, max-snippet:-1, max-image-preview:large, max-video-preview:-1\" \/>\n<link rel=\"canonical\" href=\"https:\/\/uk-gb.net\/da\/manchester\/\" \/>\n<meta property=\"og:locale\" content=\"da_DK\" \/>\n<meta property=\"og:type\" content=\"article\" \/>\n<meta property=\"og:title\" content=\"P\u00e5 bes\u00f8g i Manchester - UK GB\" \/>\n<meta property=\"og:description\" content=\"Oplev den engelske by Manchester med dens industrielle fortid og dens trendy kunstneriske genoplivning.\" \/>\n<meta property=\"og:url\" content=\"https:\/\/uk-gb.net\/da\/manchester\/\" \/>\n<meta property=\"og:site_name\" content=\"UK GB\" \/>\n<meta property=\"article:modified_time\" content=\"2025-11-04T09:47:14+00:00\" \/>\n<meta property=\"og:image\" content=\"https:\/\/uk-gb.net\/wp-content\/uploads\/2025\/01\/Manchester-e1747991434136.jpg\" \/>\n\t<meta property=\"og:image:width\" content=\"1455\" \/>\n\t<meta property=\"og:image:height\" content=\"640\" \/>\n\t<meta property=\"og:image:type\" content=\"image\/jpeg\" \/>\n<meta name=\"twitter:card\" content=\"summary_large_image\" \/>\n<meta name=\"twitter:label1\" content=\"Estimeret l\u00e6setid\" \/>\n\t<meta name=\"twitter:data1\" content=\"3 minutter\" \/>\n<script type=\"application\/ld+json\" class=\"yoast-schema-graph\">{\"@context\":\"https:\\\/\\\/schema.org\",\"@graph\":[{\"@type\":\"WebPage\",\"@id\":\"https:\\\/\\\/uk-gb.net\\\/da\\\/manchester\\\/\",\"url\":\"https:\\\/\\\/uk-gb.net\\\/da\\\/manchester\\\/\",\"name\":\"P\u00e5 bes\u00f8g i Manchester - UK GB\",\"isPartOf\":{\"@id\":\"https:\\\/\\\/uk-gb.net\\\/da\\\/#website\"},\"primaryImageOfPage\":{\"@id\":\"https:\\\/\\\/uk-gb.net\\\/da\\\/manchester\\\/#primaryimage\"},\"image\":{\"@id\":\"https:\\\/\\\/uk-gb.net\\\/da\\\/manchester\\\/#primaryimage\"},\"thumbnailUrl\":\"https:\\\/\\\/uk-gb.net\\\/wp-content\\\/uploads\\\/2025\\\/01\\\/Manchester-1024x405.jpg\",\"datePublished\":\"2025-01-11T11:44:15+00:00\",\"dateModified\":\"2025-11-04T09:47:14+00:00\",\"description\":\"Oplev den engelske by Manchester med dens industrielle fortid og dens trendy kunstneriske genoplivning.\",\"inLanguage\":\"da-DK\",\"potentialAction\":[{\"@type\":\"ReadAction\",\"target\":[\"https:\\\/\\\/uk-gb.net\\\/da\\\/manchester\\\/\"]}]},{\"@type\":\"ImageObject\",\"inLanguage\":\"da-DK\",\"@id\":\"https:\\\/\\\/uk-gb.net\\\/da\\\/manchester\\\/#primaryimage\",\"url\":\"https:\\\/\\\/uk-gb.net\\\/wp-content\\\/uploads\\\/2025\\\/01\\\/Manchester-1024x405.jpg\",\"contentUrl\":\"https:\\\/\\\/uk-gb.net\\\/wp-content\\\/uploads\\\/2025\\\/01\\\/Manchester-1024x405.jpg\"},{\"@type\":\"WebSite\",\"@id\":\"https:\\\/\\\/uk-gb.net\\\/da\\\/#website\",\"url\":\"https:\\\/\\\/uk-gb.net\\\/da\\\/\",\"name\":\"UK GB\",\"description\":\"Travel to the UK\",\"potentialAction\":[{\"@type\":\"SearchAction\",\"target\":{\"@type\":\"EntryPoint\",\"urlTemplate\":\"https:\\\/\\\/uk-gb.net\\\/da\\\/?s={search_term_string}\"},\"query-input\":{\"@type\":\"PropertyValueSpecification\",\"valueRequired\":true,\"valueName\":\"search_term_string\"}}],\"inLanguage\":\"da-DK\"}]}<\/script>\n<!-- \/ Yoast SEO plugin. -->","yoast_head_json":{"title":"P\u00e5 bes\u00f8g i Manchester - UK GB","description":"Oplev den engelske by Manchester med dens industrielle fortid og dens trendy kunstneriske genoplivning.","robots":{"index":"index","follow":"follow","max-snippet":"max-snippet:-1","max-image-preview":"max-image-preview:large","max-video-preview":"max-video-preview:-1"},"canonical":"https:\/\/uk-gb.net\/da\/manchester\/","og_locale":"da_DK","og_type":"article","og_title":"P\u00e5 bes\u00f8g i Manchester - UK GB","og_description":"Oplev den engelske by Manchester med dens industrielle fortid og dens trendy kunstneriske genoplivning.","og_url":"https:\/\/uk-gb.net\/da\/manchester\/","og_site_name":"UK GB","article_modified_time":"2025-11-04T09:47:14+00:00","og_image":[{"width":1455,"height":640,"url":"https:\/\/uk-gb.net\/wp-content\/uploads\/2025\/01\/Manchester-e1747991434136.jpg","type":"image\/jpeg"}],"twitter_card":"summary_large_image","twitter_misc":{"Estimeret l\u00e6setid":"3 minutter"},"schema":{"@context":"https:\/\/schema.org","@graph":[{"@type":"WebPage","@id":"https:\/\/uk-gb.net\/da\/manchester\/","url":"https:\/\/uk-gb.net\/da\/manchester\/","name":"P\u00e5 bes\u00f8g i Manchester - UK GB","isPartOf":{"@id":"https:\/\/uk-gb.net\/da\/#website"},"primaryImageOfPage":{"@id":"https:\/\/uk-gb.net\/da\/manchester\/#primaryimage"},"image":{"@id":"https:\/\/uk-gb.net\/da\/manchester\/#primaryimage"},"thumbnailUrl":"https:\/\/uk-gb.net\/wp-content\/uploads\/2025\/01\/Manchester-1024x405.jpg","datePublished":"2025-01-11T11:44:15+00:00","dateModified":"2025-11-04T09:47:14+00:00","description":"Oplev den engelske by Manchester med dens industrielle fortid og dens trendy kunstneriske genoplivning.","inLanguage":"da-DK","potentialAction":[{"@type":"ReadAction","target":["https:\/\/uk-gb.net\/da\/manchester\/"]}]},{"@type":"ImageObject","inLanguage":"da-DK","@id":"https:\/\/uk-gb.net\/da\/manchester\/#primaryimage","url":"https:\/\/uk-gb.net\/wp-content\/uploads\/2025\/01\/Manchester-1024x405.jpg","contentUrl":"https:\/\/uk-gb.net\/wp-content\/uploads\/2025\/01\/Manchester-1024x405.jpg"},{"@type":"WebSite","@id":"https:\/\/uk-gb.net\/da\/#website","url":"https:\/\/uk-gb.net\/da\/","name":"UK GB","description":"Travel to the UK","potentialAction":[{"@type":"SearchAction","target":{"@type":"EntryPoint","urlTemplate":"https:\/\/uk-gb.net\/da\/?s={search_term_string}"},"query-input":{"@type":"PropertyValueSpecification","valueRequired":true,"valueName":"search_term_string"}}],"inLanguage":"da-DK"}]}},"_links":{"self":[{"href":"https:\/\/uk-gb.net\/da\/wp-json\/wp\/v2\/pages\/4096","targetHints":{"allow":["GET"]}}],"collection":[{"href":"https:\/\/uk-gb.net\/da\/wp-json\/wp\/v2\/pages"}],"about":[{"href":"https:\/\/uk-gb.net\/da\/wp-json\/wp\/v2\/types\/page"}],"author":[{"embeddable":true,"href":"https:\/\/uk-gb.net\/da\/wp-json\/wp\/v2\/users\/1"}],"replies":[{"embeddable":true,"href":"https:\/\/uk-gb.net\/da\/wp-json\/wp\/v2\/comments?post=4096"}],"version-history":[{"count":0,"href":"https:\/\/uk-gb.net\/da\/wp-json\/wp\/v2\/pages\/4096\/revisions"}],"wp:attachment":[{"href":"https:\/\/uk-gb.net\/da\/wp-json\/wp\/v2\/media?parent=4096"}],"curies":[{"name":"wp","href":"https:\/\/api.w.org\/{rel}","templated":true}]}}