{"id":3935,"date":"2025-01-11T11:00:01","date_gmt":"2025-01-11T11:00:01","guid":{"rendered":"https:\/\/uk-gb.net\/londres\/"},"modified":"2025-08-14T15:36:48","modified_gmt":"2025-08-14T14:36:48","slug":"london","status":"publish","type":"page","link":"https:\/\/uk-gb.net\/da\/london\/","title":{"rendered":"Rejseguide til London"},"content":{"rendered":"\n<h1 class=\"wp-block-heading\">Bes\u00f8g byen London i kongeriget England<\/h1>\n\n<p>London er en pulserende og indflydelsesrig hovedstad, en kulturel og historisk korsvej. Det er en by med mange facetter, og den blander dristigt kongelig arv med moderne kreativitet. Fra ikoniske vartegn som Big Ben og Tower of London til avantgarde kunstgallerier og kosmopolitiske kvarterer &#8211; den britiske hovedstad fascinerer lige s\u00e5 meget med sin mangfoldighed som med sin energi. Uanset om du elsker historie, museer, gastronomi eller underholdning, lover London en rig og uudt\u00f8mmelig oplevelse.   <\/p>\n\n<figure class=\"wp-block-image size-large\"><img decoding=\"async\" src=\"https:\/\/uk-gb.net\/wp-content\/uploads\/2025\/01\/London-1024x469.jpeg\" alt=\"Byen London\" class=\"wp-image-3893\"\/><figcaption class=\"wp-element-caption\">City of London, England<\/figcaption><\/figure>\n\n<h2 class=\"wp-block-heading\">Hvorfor bes\u00f8ge London?<\/h2>\n\n<p>London er et rejsem\u00e5l i s\u00e6rklasse og byder p\u00e5 mange forskellige oplevelser rundt om hvert hj\u00f8rne. Den charmerer historieinteresserede med sine paladser og museer, tiltr\u00e6kker shoppere med sine markeder og stormagasiner og gl\u00e6der feinschmeckere med sin ultradiverse kulinariske scene. Uanset om du er en familie, et par eller en solorejsende, er London en by, hvor du altid kommer tilbage med en f\u00f8lelse af, at du kun har set en del af, hvad den har at byde p\u00e5.  <\/p>\n\n<h2 class=\"wp-block-heading\">Londons must-sees<\/h2>\n\n<ul class=\"wp-block-list\">\n<li><a href=\"https:\/\/www.rct.uk\/visit\/buckingham-palace\">Buckingham Palace<\/a>: Det britiske monarkis officielle residens.<\/li>\n\n\n\n<li><a href=\"https:\/\/www.parliament.uk\/about\/living-heritage\/building\/palace\/big-ben\/\">Big Ben<\/a> og <a href=\"https:\/\/www.parliament.uk\/about\/living-heritage\/building\/palace\/\">Palace of Westminster<\/a>: Et af byens mest kendte symboler.<\/li>\n\n\n\n<li><a href=\"https:\/\/www.hrp.org.uk\/tower-of-london\/#gs.j42e6u\">Tower of London<\/a>: En tusind \u00e5r gammel f\u00e6stning, der huser kronjuvelerne.<\/li>\n\n\n\n<li><a href=\"https:\/\/www.westminster-abbey.org\/fr\/visit-us\/\">Westminster Ab<\/a> bey: Dette gamle kloster er et vartegn i britisk historie.<\/li>\n\n\n\n<li><a href=\"https:\/\/www.londoneye.com\/\">London Eye<\/a>: Et ikonisk pariserhjul med panoramaudsigt over byen.<\/li>\n\n\n\n<li><a href=\"https:\/\/www.britishmuseum.org\/\">British Museum<\/a>: Et gratis museum med imponerende samlinger fra hele verden.<\/li>\n<\/ul>\n\n<div style=\"height:10px\" aria-hidden=\"true\" class=\"wp-block-spacer\"><\/div>\n\n<h2 class=\"wp-block-heading\">Kvarterer at udforske<\/h2>\n\n<ul class=\"wp-block-list\">\n<li><strong>Notting Hill<\/strong>: Et farverigt og malerisk kvarter, der er ber\u00f8mt for sit Portobello Road-marked.<\/li>\n\n\n\n<li><strong>Camden<\/strong>: Et alternativt kvarter med trendy markeder og en undergrundsmusikscene.<\/li>\n\n\n\n<li><strong>South Bank<\/strong>: Kulturel flodbred med Shakespeare&#8217;s Globe, London Eye og Tate Modern.<\/li>\n\n\n\n<li><strong>Soho<\/strong>: Hjertet af Londons natteliv med sine teatre og trendy barer.<\/li>\n\n\n\n<li><strong>Covent Garden<\/strong>: Kendt for sine gadekunstnere, unikke butikker og livlige atmosf\u00e6re.<\/li>\n<\/ul>\n\n<div style=\"height:10px\" aria-hidden=\"true\" class=\"wp-block-spacer\"><\/div>\n\n<h2 class=\"wp-block-heading\">Praktiske tips til at bes\u00f8ge London<\/h2>\n\n<figure class=\"wp-block-table is-style-regular\"><table><tbody><tr><th>Aspekt<\/th><th>Detaljer<\/th><\/tr><tr><td><strong>Transport<\/strong><\/td><td>Metro-netv\u00e6rk, r\u00f8de busser, tog og selvbetjeningscykler. <a href=\"https:\/\/oyster.tfl.gov.uk\/oyster\/entry.do\">Oyster Card<\/a> anbefales.<\/td><\/tr><tr><td><strong>Indkvartering<\/strong><\/td><td>En bred vifte af muligheder: vandrerhjem, boutique-hoteller, luksushoteller.<\/td><\/tr><tr><td><strong>Valuta<\/strong><\/td><td>Britiske pund (\u00a3). Kontaktl\u00f8se betalinger er meget udbredte. <\/td><\/tr><tr><td><strong>Visa<\/strong><\/td><td>Tjek, om du har brug for en <a href=\"https:\/\/uk-gb.net\/da\/eta-england-forenede-kongerige\/\">britisk ETA<\/a> eller et <a href=\"https:\/\/uk-gb.net\/da\/visum-til-london\/\">visum til London<\/a><\/td><\/tr><tr><td><strong>Elektriske stikkontakter<\/strong><\/td><td>Type G (adapter anbefales).<\/td><\/tr><tr><td><strong>Vejret<\/strong><\/td><td>Medbring t\u00f8j, der er egnet til regn, som er almindeligt \u00e5ret rundt.<\/td><\/tr><\/tbody><\/table><\/figure>\n\n<div style=\"height:10px\" aria-hidden=\"true\" class=\"wp-block-spacer\"><\/div>\n\n<h2 class=\"wp-block-heading\">Hvor skal man spise i London?<\/h2>\n\n<ul class=\"wp-block-list\">\n<li><a href=\"https:\/\/www.thewolseley.com\/\">The Wolseley<\/a>: London-institution til morgenmad eller eftermiddagste.<\/li>\n\n\n\n<li><a href=\"https:\/\/sketch.london\/\">Skitse<\/a>: Gastronomi og samtidskunst i unikke omgivelser.<\/li>\n\n\n\n<li><a href=\"https:\/\/flatironsteak.co.uk\/\">Flat Iron<\/a>: Et popul\u00e6rt sted at nyde en kvalitetsb\u00f8f til en rimelig pris.<\/li>\n\n\n\n<li><a href=\"https:\/\/boroughmarket.org.uk\/\">Borough Market<\/a>: Tempel for street food og h\u00e5ndv\u00e6rksm\u00e6ssige produkter.<\/li>\n\n\n\n<li><a href=\"https:\/\/www.dishoom.com\/\">Dishoom<\/a>: En popul\u00e6r indisk restaurant, en hyldest til caf\u00e9erne i Bombay.<\/li>\n<\/ul>\n\n<div style=\"height:10px\" aria-hidden=\"true\" class=\"wp-block-spacer\"><\/div>\n\n<h2 class=\"wp-block-heading\">Hvorn\u00e5r skal man tage til London?<\/h2>\n\n<p>London kan bes\u00f8ges p\u00e5 alle \u00e5rstider. For\u00e5ret er dejligt med blomstrende parker, mens sommeren byder p\u00e5 festivaler, terrasser og udend\u00f8rs arrangementer. Efter\u00e5ret afsl\u00f8rer sublime farver i de kongelige haver. Vinteren er magisk med sine julelys, festlige markeder og stormagasinernes vinduer.   <\/p>\n\n<h2 class=\"wp-block-heading\">Konklusion<\/h2>\n\n<p><a href=\"https:\/\/www.london.gov.uk\/\">London<\/a> er en verdensby, der konstant er i bev\u00e6gelse, og som tilbyder en uendelig r\u00e6kke af kulturelle, historiske og menneskelige oplevelser. Den er st\u00f8rre og mere mangfoldig end byer som <a href=\"https:\/\/uk-gb.net\/da\/oxford\/\">Oxford<\/a> og Cambridge, mere international end <a href=\"https:\/\/uk-gb.net\/da\/manchester\/\">Manchester<\/a> og Edinburgh, og den er indbegrebet af det moderne Storbritannien. Forbered dig p\u00e5 dit ophold, for London er ikke et sted, man bes\u00f8ger: det er et sted, man oplever.  <\/p>\n\n<p>Formaliteterne for at bes\u00f8ge London afh\u00e6nger af din nationalitet. Borgere fra EU og mange andre lande skal have en <a href=\"https:\/\/uk-gb.net\/da\/eta-england-forenede-kongerige\/\">elektronisk rejsetilladelse (ETA)<\/a>, hvis de ikke har <a href=\"https:\/\/uk-gb.net\/da\/visum-til-london\/\">visum til London.<\/a> <\/p>\n\n<p>ETA til Storbritannien skal s\u00f8ges online via <a href=\"https:\/\/uk-gb.net\/da\/ansogning-iphone-visum-eta-england\/\">den officielle IPhone-applikation<\/a>. Irske statsborgere og personer bosiddende i Storbritannien er ikke ber\u00f8rt. <\/p>\n","protected":false},"excerpt":{"rendered":"<p>Bes\u00f8g byen London i kongeriget England London er en pulserende og indflydelsesrig hovedstad, en kulturel og historisk korsvej. Det er en by med mange facetter, og den blander dristigt kongelig arv med moderne kreativitet. Fra ikoniske vartegn som Big Ben og Tower of London til avantgarde kunstgallerier og kosmopolitiske kvarterer &#8211; den britiske hovedstad fascinerer [&hellip;]<\/p>\n","protected":false},"author":1,"featured_media":0,"parent":0,"menu_order":0,"comment_status":"closed","ping_status":"closed","template":"","meta":{"footnotes":""},"class_list":["post-3935","page","type-page","status-publish","hentry"],"yoast_head":"<!-- This site is optimized with the Yoast SEO plugin v27.3 - https:\/\/yoast.com\/product\/yoast-seo-wordpress\/ -->\n<title>Rejseguide til London - UK GB<\/title>\n<meta name=\"description\" content=\"Al den turistinformation, du har brug for om London for at f\u00e5 mest muligt ud af dit ophold i denne kulturelle og historiske hovedstad.\" \/>\n<meta name=\"robots\" content=\"index, follow, max-snippet:-1, max-image-preview:large, max-video-preview:-1\" \/>\n<link rel=\"canonical\" href=\"https:\/\/uk-gb.net\/da\/london\/\" \/>\n<meta property=\"og:locale\" content=\"da_DK\" \/>\n<meta property=\"og:type\" content=\"article\" \/>\n<meta property=\"og:title\" content=\"Rejseguide til London - UK GB\" \/>\n<meta property=\"og:description\" content=\"Al den turistinformation, du har brug for om London for at f\u00e5 mest muligt ud af dit ophold i denne kulturelle og historiske hovedstad.\" \/>\n<meta property=\"og:url\" content=\"https:\/\/uk-gb.net\/da\/london\/\" \/>\n<meta property=\"og:site_name\" content=\"UK GB\" \/>\n<meta property=\"article:modified_time\" content=\"2025-08-14T14:36:48+00:00\" \/>\n<meta property=\"og:image\" content=\"https:\/\/uk-gb.net\/wp-content\/uploads\/2025\/01\/London-scaled-e1747988544474.jpeg\" \/>\n\t<meta property=\"og:image:width\" content=\"2103\" \/>\n\t<meta property=\"og:image:height\" content=\"1028\" \/>\n\t<meta property=\"og:image:type\" content=\"image\/jpeg\" \/>\n<meta name=\"twitter:card\" content=\"summary_large_image\" \/>\n<meta name=\"twitter:label1\" content=\"Estimeret l\u00e6setid\" \/>\n\t<meta name=\"twitter:data1\" content=\"3 minutter\" \/>\n<script type=\"application\/ld+json\" class=\"yoast-schema-graph\">{\"@context\":\"https:\\\/\\\/schema.org\",\"@graph\":[{\"@type\":\"WebPage\",\"@id\":\"https:\\\/\\\/uk-gb.net\\\/da\\\/london\\\/\",\"url\":\"https:\\\/\\\/uk-gb.net\\\/da\\\/london\\\/\",\"name\":\"Rejseguide til London - UK GB\",\"isPartOf\":{\"@id\":\"https:\\\/\\\/uk-gb.net\\\/da\\\/#website\"},\"primaryImageOfPage\":{\"@id\":\"https:\\\/\\\/uk-gb.net\\\/da\\\/london\\\/#primaryimage\"},\"image\":{\"@id\":\"https:\\\/\\\/uk-gb.net\\\/da\\\/london\\\/#primaryimage\"},\"thumbnailUrl\":\"https:\\\/\\\/uk-gb.net\\\/wp-content\\\/uploads\\\/2025\\\/01\\\/London-1024x469.jpeg\",\"datePublished\":\"2025-01-11T11:00:01+00:00\",\"dateModified\":\"2025-08-14T14:36:48+00:00\",\"description\":\"Al den turistinformation, du har brug for om London for at f\u00e5 mest muligt ud af dit ophold i denne kulturelle og historiske hovedstad.\",\"inLanguage\":\"da-DK\",\"potentialAction\":[{\"@type\":\"ReadAction\",\"target\":[\"https:\\\/\\\/uk-gb.net\\\/da\\\/london\\\/\"]}]},{\"@type\":\"ImageObject\",\"inLanguage\":\"da-DK\",\"@id\":\"https:\\\/\\\/uk-gb.net\\\/da\\\/london\\\/#primaryimage\",\"url\":\"https:\\\/\\\/uk-gb.net\\\/wp-content\\\/uploads\\\/2025\\\/01\\\/London-1024x469.jpeg\",\"contentUrl\":\"https:\\\/\\\/uk-gb.net\\\/wp-content\\\/uploads\\\/2025\\\/01\\\/London-1024x469.jpeg\"},{\"@type\":\"WebSite\",\"@id\":\"https:\\\/\\\/uk-gb.net\\\/da\\\/#website\",\"url\":\"https:\\\/\\\/uk-gb.net\\\/da\\\/\",\"name\":\"UK GB\",\"description\":\"Travel to the UK\",\"potentialAction\":[{\"@type\":\"SearchAction\",\"target\":{\"@type\":\"EntryPoint\",\"urlTemplate\":\"https:\\\/\\\/uk-gb.net\\\/da\\\/?s={search_term_string}\"},\"query-input\":{\"@type\":\"PropertyValueSpecification\",\"valueRequired\":true,\"valueName\":\"search_term_string\"}}],\"inLanguage\":\"da-DK\"}]}<\/script>\n<!-- \/ Yoast SEO plugin. -->","yoast_head_json":{"title":"Rejseguide til London - UK GB","description":"Al den turistinformation, du har brug for om London for at f\u00e5 mest muligt ud af dit ophold i denne kulturelle og historiske hovedstad.","robots":{"index":"index","follow":"follow","max-snippet":"max-snippet:-1","max-image-preview":"max-image-preview:large","max-video-preview":"max-video-preview:-1"},"canonical":"https:\/\/uk-gb.net\/da\/london\/","og_locale":"da_DK","og_type":"article","og_title":"Rejseguide til London - UK GB","og_description":"Al den turistinformation, du har brug for om London for at f\u00e5 mest muligt ud af dit ophold i denne kulturelle og historiske hovedstad.","og_url":"https:\/\/uk-gb.net\/da\/london\/","og_site_name":"UK GB","article_modified_time":"2025-08-14T14:36:48+00:00","og_image":[{"width":2103,"height":1028,"url":"https:\/\/uk-gb.net\/wp-content\/uploads\/2025\/01\/London-scaled-e1747988544474.jpeg","type":"image\/jpeg"}],"twitter_card":"summary_large_image","twitter_misc":{"Estimeret l\u00e6setid":"3 minutter"},"schema":{"@context":"https:\/\/schema.org","@graph":[{"@type":"WebPage","@id":"https:\/\/uk-gb.net\/da\/london\/","url":"https:\/\/uk-gb.net\/da\/london\/","name":"Rejseguide til London - UK GB","isPartOf":{"@id":"https:\/\/uk-gb.net\/da\/#website"},"primaryImageOfPage":{"@id":"https:\/\/uk-gb.net\/da\/london\/#primaryimage"},"image":{"@id":"https:\/\/uk-gb.net\/da\/london\/#primaryimage"},"thumbnailUrl":"https:\/\/uk-gb.net\/wp-content\/uploads\/2025\/01\/London-1024x469.jpeg","datePublished":"2025-01-11T11:00:01+00:00","dateModified":"2025-08-14T14:36:48+00:00","description":"Al den turistinformation, du har brug for om London for at f\u00e5 mest muligt ud af dit ophold i denne kulturelle og historiske hovedstad.","inLanguage":"da-DK","potentialAction":[{"@type":"ReadAction","target":["https:\/\/uk-gb.net\/da\/london\/"]}]},{"@type":"ImageObject","inLanguage":"da-DK","@id":"https:\/\/uk-gb.net\/da\/london\/#primaryimage","url":"https:\/\/uk-gb.net\/wp-content\/uploads\/2025\/01\/London-1024x469.jpeg","contentUrl":"https:\/\/uk-gb.net\/wp-content\/uploads\/2025\/01\/London-1024x469.jpeg"},{"@type":"WebSite","@id":"https:\/\/uk-gb.net\/da\/#website","url":"https:\/\/uk-gb.net\/da\/","name":"UK GB","description":"Travel to the UK","potentialAction":[{"@type":"SearchAction","target":{"@type":"EntryPoint","urlTemplate":"https:\/\/uk-gb.net\/da\/?s={search_term_string}"},"query-input":{"@type":"PropertyValueSpecification","valueRequired":true,"valueName":"search_term_string"}}],"inLanguage":"da-DK"}]}},"_links":{"self":[{"href":"https:\/\/uk-gb.net\/da\/wp-json\/wp\/v2\/pages\/3935","targetHints":{"allow":["GET"]}}],"collection":[{"href":"https:\/\/uk-gb.net\/da\/wp-json\/wp\/v2\/pages"}],"about":[{"href":"https:\/\/uk-gb.net\/da\/wp-json\/wp\/v2\/types\/page"}],"author":[{"embeddable":true,"href":"https:\/\/uk-gb.net\/da\/wp-json\/wp\/v2\/users\/1"}],"replies":[{"embeddable":true,"href":"https:\/\/uk-gb.net\/da\/wp-json\/wp\/v2\/comments?post=3935"}],"version-history":[{"count":0,"href":"https:\/\/uk-gb.net\/da\/wp-json\/wp\/v2\/pages\/3935\/revisions"}],"wp:attachment":[{"href":"https:\/\/uk-gb.net\/da\/wp-json\/wp\/v2\/media?parent=3935"}],"curies":[{"name":"wp","href":"https:\/\/api.w.org\/{rel}","templated":true}]}}