{"id":2584,"date":"2023-11-21T12:31:09","date_gmt":"2023-11-21T12:31:09","guid":{"rendered":"https:\/\/uk-gb.net\/storbritannien-turistvisum\/"},"modified":"2025-08-14T16:00:09","modified_gmt":"2025-08-14T15:00:09","slug":"storbritannien-turistvisum","status":"publish","type":"page","link":"https:\/\/uk-gb.net\/da\/storbritannien-turistvisum\/","title":{"rendered":"Turistvisum til Storbritannien"},"content":{"rendered":"\n<h1 class=\"wp-block-heading\">Turistvisum til rejser til England<\/h1>\n\n<p>Hvis du vil bes\u00f8ge <a href=\"https:\/\/uk-gb.net\/da\/london\/\">London<\/a>, <a href=\"https:\/\/uk-gb.net\/da\/manchester\/\">Manchester<\/a>, <a href=\"https:\/\/uk-gb.net\/da\/glasgow\/\">Glasgow<\/a> eller udforske landskabet i Wales, kan du f\u00e5 brug for et <strong>turistvisum til Storbritannien<\/strong>. Dette visum giver rejsende mulighed for at opholde sig midlertidigt i Storbritannien i forbindelse med ferie, bes\u00f8g hos sl\u00e6gtninge eller kulturelle eller medicinske bes\u00f8g. <\/p>\n\n<p><strong>For et turistophold p\u00e5 mindre end 6 m\u00e5neder<\/strong>: Det er ikke n\u00f8dvendigt at f\u00e5 et britisk turistvisum. Du skal blot ans\u00f8ge om en elektronisk rejsetilladelse (ETA) ved at udfylde <a href=\"https:\/\/uk-gb.net\/da\/online-formular-eta-visum-england\/\">ETA-formularen online<\/a>.<\/p>\n\n<div style=\"height:10px\" aria-hidden=\"true\" class=\"wp-block-spacer\"><\/div>\n\n<h2 class=\"wp-block-heading\">Hvad er et britisk turistvisum?<\/h2>\n\n<p>Turistvisummet, officielt kendt som <strong>Standard Visitor Visa<\/strong>, er beregnet til personer, der \u00f8nsker at rejse ind i Storbritannien for :<\/p>\n\n<ul class=\"wp-block-list\">\n<li><strong>ferie<\/strong> eller <strong>turisme<\/strong><\/li>\n\n\n\n<li><strong>bes\u00f8ge familie eller venner<\/strong><\/li>\n\n\n\n<li>deltage i en <strong>kulturel, musikalsk eller sportslig begivenhed<\/strong><\/li>\n\n\n\n<li>modtage ikke-akut <strong>l\u00e6gehj\u00e6lp<\/strong> <\/li>\n\n\n\n<li>f\u00f8lge et <strong>kort kursus<\/strong> (maks. 30 dage)<\/li>\n<\/ul>\n\n<div style=\"height:10px\" aria-hidden=\"true\" class=\"wp-block-spacer\"><\/div>\n\n<p>Dette visum giver ikke ret til <strong>arbejde<\/strong>, l\u00e6ngerevarende studier eller permanent ophold i Storbritannien.<\/p>\n\n<h2 class=\"wp-block-heading\">Har du brug for et turistvisum?<\/h2>\n\n<p>Om du har brug for et turistvisum til Storbritannien, afh\u00e6nger af <strong>din nationalitet<\/strong>:<\/p>\n\n<p><strong>Du beh\u00f8ver ikke et turistvisum<\/strong>: Hvis du er statsborger i et land, <a href=\"https:\/\/uk-gb.net\/da\/lande-der-kan-ansoge-eta-uk\/\">der er berettiget til ETA<\/a> Electronic Travel Authorisation, for eksempel: Canada, USA, Japan, Australien og EU-lande.<\/p>\n\n<p><strong>Du har brug for et turistvisum<\/strong>, hvis :<\/p>\n\n<ul class=\"wp-block-list\">\n<li>Du er statsborger i et land, der kr\u00e6ver visum (f.eks. Indien, Marokko, Algeriet, Tunesien, Kina, Pakistan osv.).<\/li>\n\n\n\n<li>Du opfylder ikke betingelserne for fritagelse<\/li>\n\n\n\n<li>Du kan ikke ans\u00f8ge om en ETA eller har allerede f\u00e5et afslag<\/li>\n<\/ul>\n\n<blockquote class=\"wp-block-quote is-layout-flow wp-block-quote-is-layout-flow\">\n<p>For at tjekke, om du har brug for et visum eller en ETA, kan du bes\u00f8ge den officielle hjemmeside <a href=\"https:\/\/www.gov.uk\/check-uk-visa\">gov.uk\/check-uk-visa<\/a>.<\/p>\n<\/blockquote>\n\n<h2 class=\"wp-block-heading\">Hvordan ans\u00f8ger jeg om et britisk visum?<\/h2>\n\n<p><a href=\"https:\/\/uk-gb.net\/da\/uk-visumansogningsprocedure\/\">Visumans\u00f8gningsprocessen<\/a> foreg\u00e5r online p\u00e5 UK Border Agencys hjemmeside. Her er de trin, der er involveret i at ans\u00f8ge om et britisk visum online:<\/p>\n\n<ol class=\"wp-block-list\">\n<li>Bes\u00f8g den officielle hjemmeside <a href=\"http:\/\/www.gov.uk\">www.gov.uk<\/a><\/li>\n\n\n\n<li>V\u00e6lg din visumtype<\/li>\n\n\n\n<li>Opret en konto, og udfyld onlineformularen<\/li>\n\n\n\n<li>Betal <a href=\"https:\/\/uk-gb.net\/da\/hvor-meget-koster-et-visum-england\/\">visumgebyret<\/a><\/li>\n\n\n\n<li>Lav en aftale p\u00e5 et godkendt center for at afgive dine biometriske data<\/li>\n\n\n\n<li>Indsend dine bilag, og vent p\u00e5 afg\u00f8relsen<\/li>\n<\/ol>\n\n<div style=\"height:10px\" aria-hidden=\"true\" class=\"wp-block-spacer\"><\/div>\n\n<h2 class=\"wp-block-heading\">Hvad koster et turistvisum til Storbritannien?<\/h2>\n\n<p>Det administrative gebyr for at f\u00e5 et britisk visum er :<\/p>\n\n<figure class=\"wp-block-table\"><table><tbody><tr><td><strong>Type af britisk visum<\/strong><\/td><td class=\"has-text-align-center\" data-align=\"center\"><strong>Gebyrer, der skal betales<\/strong><\/td><\/tr><tr><td>Standardvisum op til 6 m\u00e5neder<\/td><td class=\"has-text-align-center\" data-align=\"center\">\u00a3 115<\/td><\/tr><tr><td>Visum til flere indrejser (2 \u00e5r), men h\u00f8jst 6 m\u00e5neder pr. ophold<\/td><td class=\"has-text-align-center\" data-align=\"center\">\u00a3 400<\/td><\/tr><tr><td>Visum til flere indrejser (5 \u00e5r), men h\u00f8jst 6 m\u00e5neder pr. ophold<\/td><td class=\"has-text-align-center\" data-align=\"center\">\u00a3 771<\/td><\/tr><tr><td>Visum til flere indrejser (10 \u00e5r), men h\u00f8jst 6 m\u00e5neder pr. ophold<\/td><td class=\"has-text-align-center\" data-align=\"center\">\u00a3 963<\/td><\/tr><\/tbody><\/table><figcaption class=\"wp-element-caption\">Gebyrer for turistvisa<\/figcaption><\/figure>\n\n<h2 class=\"wp-block-heading\">ETA eller turistvisum: Hvad er forskellen?<\/h2>\n\n<figure class=\"wp-block-table\"><table class=\"has-fixed-layout\"><thead><tr><th class=\"has-text-align-center\" data-align=\"center\">Kriterier<\/th><th class=\"has-text-align-center\" data-align=\"center\">ETA<\/th><th class=\"has-text-align-center\" data-align=\"center\">Turistvisum<\/th><\/tr><\/thead><tbody><tr><td class=\"has-text-align-center\" data-align=\"center\">Omkostninger<\/td><td class=\"has-text-align-center\" data-align=\"center\">16 \u00a3<\/td><td class=\"has-text-align-center\" data-align=\"center\">Fra \u00a3115<\/td><\/tr><tr><td class=\"has-text-align-center\" data-align=\"center\">Deadline<\/td><td class=\"has-text-align-center\" data-align=\"center\">Svar inden for 72 timer<\/td><td class=\"has-text-align-center\" data-align=\"center\">Cirka 3 uger<\/td><\/tr><tr><td class=\"has-text-align-center\" data-align=\"center\">Gyldighedsperiode<\/td><td class=\"has-text-align-center\" data-align=\"center\">2 \u00e5r<\/td><td class=\"has-text-align-center\" data-align=\"center\">Op til 10 \u00e5r (flere indgange)<\/td><\/tr><tr><td class=\"has-text-align-center\" data-align=\"center\">Procedure<\/td><td class=\"has-text-align-center\" data-align=\"center\">100% online<\/td><td class=\"has-text-align-center\" data-align=\"center\">Online + konsul\u00e6r aftale<\/td><\/tr><tr><td class=\"has-text-align-center\" data-align=\"center\">Ber\u00f8rte nationaliteter<\/td><td class=\"has-text-align-center\" data-align=\"center\">Visumfri lande<\/td><td class=\"has-text-align-center\" data-align=\"center\">Visumpligtige lande<\/td><\/tr><\/tbody><\/table><\/figure>\n\n<h2 class=\"wp-block-heading\">Hvor lang tid tager det at ans\u00f8ge om et britisk visum?<\/h2>\n\n<ul class=\"wp-block-list\">\n<li>Den gennemsnitlige behandlingstid er <strong>3 uger<\/strong> fra den biometriske aftale.<\/li>\n\n\n\n<li>En <strong>hurtig service<\/strong> (Priority Visa) er tilg\u00e6ngelig i visse lande for at f\u00e5 et svar inden for 5 dage eller mindre (mod et ekstra gebyr).<\/li>\n<\/ul>\n\n<div style=\"height:10px\" aria-hidden=\"true\" class=\"wp-block-spacer\"><\/div>\n\n<h2 class=\"wp-block-heading\">Billede af et turistvisum til Storbritannien<\/h2>\n\n<p>Turistvisummet til Storbritannien har form af en passide med et foto af indehaveren, der overholder specifikke dimensioner. Pasfotoet skal v\u00e6re mindre end 6 m\u00e5neder gammelt, n\u00e5r det indleveres til visum. <\/p>\n\n<figure class=\"wp-block-image size-full is-resized\" id=\"image-visa-uk-c\"><img fetchpriority=\"high\" decoding=\"async\" width=\"564\" height=\"338\" src=\"https:\/\/uk-gb.net\/wp-content\/uploads\/2024\/03\/UK-visa-C.jpg\" alt=\"Foto visum Storbritannien\" class=\"wp-image-1890\" style=\"width:800px;height:auto\" title=\"Billede af britisk visum\" srcset=\"https:\/\/uk-gb.net\/wp-content\/uploads\/2024\/03\/UK-visa-C.jpg 564w, https:\/\/uk-gb.net\/wp-content\/uploads\/2024\/03\/UK-visa-C-300x180.jpg 300w\" sizes=\"(max-width: 564px) 100vw, 564px\" \/><\/figure>\n","protected":false},"excerpt":{"rendered":"<p>Turistvisum til rejser til England Hvis du vil bes\u00f8ge London, Manchester, Glasgow eller udforske landskabet i Wales, kan du f\u00e5 brug for et turistvisum til Storbritannien. Dette visum giver rejsende mulighed for at opholde sig midlertidigt i Storbritannien i forbindelse med ferie, bes\u00f8g hos sl\u00e6gtninge eller kulturelle eller medicinske bes\u00f8g. For et turistophold p\u00e5 mindre [&hellip;]<\/p>\n","protected":false},"author":1,"featured_media":0,"parent":0,"menu_order":0,"comment_status":"closed","ping_status":"closed","template":"","meta":{"footnotes":""},"class_list":["post-2584","page","type-page","status-publish","hentry"],"yoast_head":"<!-- This site is optimized with the Yoast SEO plugin v27.3 - https:\/\/yoast.com\/product\/yoast-seo-wordpress\/ -->\n<title>Turistvisum til Storbritannien<\/title>\n<meta name=\"description\" content=\"Find ud af alle reglerne for at f\u00e5 et turistvisum til Storbritannien.\" \/>\n<meta name=\"robots\" content=\"index, follow, max-snippet:-1, max-image-preview:large, max-video-preview:-1\" \/>\n<link rel=\"canonical\" href=\"https:\/\/uk-gb.net\/da\/storbritannien-turistvisum\/\" \/>\n<meta property=\"og:locale\" content=\"da_DK\" \/>\n<meta property=\"og:type\" content=\"article\" \/>\n<meta property=\"og:title\" content=\"Turistvisum til Storbritannien\" \/>\n<meta property=\"og:description\" content=\"Find ud af alle reglerne for at f\u00e5 et turistvisum til Storbritannien.\" \/>\n<meta property=\"og:url\" content=\"https:\/\/uk-gb.net\/da\/storbritannien-turistvisum\/\" \/>\n<meta property=\"og:site_name\" content=\"UK GB\" \/>\n<meta property=\"article:modified_time\" content=\"2025-08-14T15:00:09+00:00\" \/>\n<meta property=\"og:image\" content=\"https:\/\/uk-gb.net\/wp-content\/uploads\/2024\/03\/UK-visa-C.jpg\" \/>\n\t<meta property=\"og:image:width\" content=\"564\" \/>\n\t<meta property=\"og:image:height\" content=\"338\" \/>\n\t<meta property=\"og:image:type\" content=\"image\/jpeg\" \/>\n<meta name=\"twitter:card\" content=\"summary_large_image\" \/>\n<meta name=\"twitter:label1\" content=\"Estimeret l\u00e6setid\" \/>\n\t<meta name=\"twitter:data1\" content=\"3 minutter\" \/>\n<script type=\"application\/ld+json\" class=\"yoast-schema-graph\">{\"@context\":\"https:\\\/\\\/schema.org\",\"@graph\":[{\"@type\":\"WebPage\",\"@id\":\"https:\\\/\\\/uk-gb.net\\\/da\\\/storbritannien-turistvisum\\\/\",\"url\":\"https:\\\/\\\/uk-gb.net\\\/da\\\/storbritannien-turistvisum\\\/\",\"name\":\"Turistvisum til Storbritannien\",\"isPartOf\":{\"@id\":\"https:\\\/\\\/uk-gb.net\\\/da\\\/#website\"},\"primaryImageOfPage\":{\"@id\":\"https:\\\/\\\/uk-gb.net\\\/da\\\/storbritannien-turistvisum\\\/#primaryimage\"},\"image\":{\"@id\":\"https:\\\/\\\/uk-gb.net\\\/da\\\/storbritannien-turistvisum\\\/#primaryimage\"},\"thumbnailUrl\":\"https:\\\/\\\/uk-gb.net\\\/wp-content\\\/uploads\\\/2024\\\/03\\\/UK-visa-C.jpg\",\"datePublished\":\"2023-11-21T12:31:09+00:00\",\"dateModified\":\"2025-08-14T15:00:09+00:00\",\"description\":\"Find ud af alle reglerne for at f\u00e5 et turistvisum til Storbritannien.\",\"inLanguage\":\"da-DK\",\"potentialAction\":[{\"@type\":\"ReadAction\",\"target\":[\"https:\\\/\\\/uk-gb.net\\\/da\\\/storbritannien-turistvisum\\\/\"]}]},{\"@type\":\"ImageObject\",\"inLanguage\":\"da-DK\",\"@id\":\"https:\\\/\\\/uk-gb.net\\\/da\\\/storbritannien-turistvisum\\\/#primaryimage\",\"url\":\"https:\\\/\\\/uk-gb.net\\\/wp-content\\\/uploads\\\/2024\\\/03\\\/UK-visa-C.jpg\",\"contentUrl\":\"https:\\\/\\\/uk-gb.net\\\/wp-content\\\/uploads\\\/2024\\\/03\\\/UK-visa-C.jpg\"},{\"@type\":\"WebSite\",\"@id\":\"https:\\\/\\\/uk-gb.net\\\/da\\\/#website\",\"url\":\"https:\\\/\\\/uk-gb.net\\\/da\\\/\",\"name\":\"UK GB\",\"description\":\"Travel to the UK\",\"potentialAction\":[{\"@type\":\"SearchAction\",\"target\":{\"@type\":\"EntryPoint\",\"urlTemplate\":\"https:\\\/\\\/uk-gb.net\\\/da\\\/?s={search_term_string}\"},\"query-input\":{\"@type\":\"PropertyValueSpecification\",\"valueRequired\":true,\"valueName\":\"search_term_string\"}}],\"inLanguage\":\"da-DK\"}]}<\/script>\n<!-- \/ Yoast SEO plugin. -->","yoast_head_json":{"title":"Turistvisum til Storbritannien","description":"Find ud af alle reglerne for at f\u00e5 et turistvisum til Storbritannien.","robots":{"index":"index","follow":"follow","max-snippet":"max-snippet:-1","max-image-preview":"max-image-preview:large","max-video-preview":"max-video-preview:-1"},"canonical":"https:\/\/uk-gb.net\/da\/storbritannien-turistvisum\/","og_locale":"da_DK","og_type":"article","og_title":"Turistvisum til Storbritannien","og_description":"Find ud af alle reglerne for at f\u00e5 et turistvisum til Storbritannien.","og_url":"https:\/\/uk-gb.net\/da\/storbritannien-turistvisum\/","og_site_name":"UK GB","article_modified_time":"2025-08-14T15:00:09+00:00","og_image":[{"width":564,"height":338,"url":"https:\/\/uk-gb.net\/wp-content\/uploads\/2024\/03\/UK-visa-C.jpg","type":"image\/jpeg"}],"twitter_card":"summary_large_image","twitter_misc":{"Estimeret l\u00e6setid":"3 minutter"},"schema":{"@context":"https:\/\/schema.org","@graph":[{"@type":"WebPage","@id":"https:\/\/uk-gb.net\/da\/storbritannien-turistvisum\/","url":"https:\/\/uk-gb.net\/da\/storbritannien-turistvisum\/","name":"Turistvisum til Storbritannien","isPartOf":{"@id":"https:\/\/uk-gb.net\/da\/#website"},"primaryImageOfPage":{"@id":"https:\/\/uk-gb.net\/da\/storbritannien-turistvisum\/#primaryimage"},"image":{"@id":"https:\/\/uk-gb.net\/da\/storbritannien-turistvisum\/#primaryimage"},"thumbnailUrl":"https:\/\/uk-gb.net\/wp-content\/uploads\/2024\/03\/UK-visa-C.jpg","datePublished":"2023-11-21T12:31:09+00:00","dateModified":"2025-08-14T15:00:09+00:00","description":"Find ud af alle reglerne for at f\u00e5 et turistvisum til Storbritannien.","inLanguage":"da-DK","potentialAction":[{"@type":"ReadAction","target":["https:\/\/uk-gb.net\/da\/storbritannien-turistvisum\/"]}]},{"@type":"ImageObject","inLanguage":"da-DK","@id":"https:\/\/uk-gb.net\/da\/storbritannien-turistvisum\/#primaryimage","url":"https:\/\/uk-gb.net\/wp-content\/uploads\/2024\/03\/UK-visa-C.jpg","contentUrl":"https:\/\/uk-gb.net\/wp-content\/uploads\/2024\/03\/UK-visa-C.jpg"},{"@type":"WebSite","@id":"https:\/\/uk-gb.net\/da\/#website","url":"https:\/\/uk-gb.net\/da\/","name":"UK GB","description":"Travel to the UK","potentialAction":[{"@type":"SearchAction","target":{"@type":"EntryPoint","urlTemplate":"https:\/\/uk-gb.net\/da\/?s={search_term_string}"},"query-input":{"@type":"PropertyValueSpecification","valueRequired":true,"valueName":"search_term_string"}}],"inLanguage":"da-DK"}]}},"_links":{"self":[{"href":"https:\/\/uk-gb.net\/da\/wp-json\/wp\/v2\/pages\/2584","targetHints":{"allow":["GET"]}}],"collection":[{"href":"https:\/\/uk-gb.net\/da\/wp-json\/wp\/v2\/pages"}],"about":[{"href":"https:\/\/uk-gb.net\/da\/wp-json\/wp\/v2\/types\/page"}],"author":[{"embeddable":true,"href":"https:\/\/uk-gb.net\/da\/wp-json\/wp\/v2\/users\/1"}],"replies":[{"embeddable":true,"href":"https:\/\/uk-gb.net\/da\/wp-json\/wp\/v2\/comments?post=2584"}],"version-history":[{"count":0,"href":"https:\/\/uk-gb.net\/da\/wp-json\/wp\/v2\/pages\/2584\/revisions"}],"wp:attachment":[{"href":"https:\/\/uk-gb.net\/da\/wp-json\/wp\/v2\/media?parent=2584"}],"curies":[{"name":"wp","href":"https:\/\/api.w.org\/{rel}","templated":true}]}}