{"id":2578,"date":"2023-12-07T16:57:58","date_gmt":"2023-12-07T16:57:58","guid":{"rendered":"https:\/\/uk-gb.net\/visum-til-manchester\/"},"modified":"2025-11-04T09:24:52","modified_gmt":"2025-11-04T09:24:52","slug":"visum-til-manchester","status":"publish","type":"page","link":"https:\/\/uk-gb.net\/da\/visum-til-manchester\/","title":{"rendered":"Visum til rejser til Manchester eller mellemlandinger"},"content":{"rendered":"\n<p><a href=\"https:\/\/uk-gb.net\/da\/manchester\/\">Manchester<\/a> er en by i det nordvestlige England ved bredden af floden Irwell. Den er kendt for sin store rolle under den industrielle revolution og er nu kendt for sin industrielle arv, sin indflydelsesrige musikscene og sin betydning inden for sport, is\u00e6r gennem sine ber\u00f8mte fodboldklubber. <\/p>\n\n<h1 class=\"wp-block-heading\">Visum til rejser til eller mellemlandinger i Manchester<\/h1>\n\n<p><br\/>Udenlandske statsborgere, der \u00f8nsker at rejse til <a href=\"https:\/\/uk-gb.net\/da\/manchester\/\">Manchester,<\/a> skal v\u00e6re i besiddelse af en britisk rejsetilladelse. Der findes flere typer rejsetilladelser til rejser til Manchester.<\/p>\n\n<h2 class=\"wp-block-heading\">Skal jeg have visum til Manchester?<\/h2>\n\n<p>Manchester er en af Englands st\u00f8rste byer, s\u00e5 alle udl\u00e6ndinge, der \u00f8nsker at rejse ind i Storbritannien via Manchester, skal v\u00e6re i besiddelse af en opholdstilladelse. Afh\u00e6ngigt af form\u00e5let med deres ophold i Manchester kan bes\u00f8gende ans\u00f8ge om et <a href=\"https:\/\/uk-gb.net\/da\/storbritannien-turistvisum\/\">engelsk turistvisum<\/a>. <\/p>\n\n<p><strong>For ophold p\u00e5 mindre end 6 m\u00e5neder<\/strong>: Det er ikke n\u00f8dvendigt at f\u00e5 visum til Manchester. Berettigede statsborgere kan blot f\u00e5 en <a href=\"https:\/\/uk-gb.net\/da\/online-formular-eta-visum-england\/\">ETA-rejsetilladelse online<\/a>.<\/p>\n\n<div style=\"height:10px\" aria-hidden=\"true\" class=\"wp-block-spacer\"><\/div>\n\n<h2 class=\"wp-block-heading\">Skal jeg have visum for at mellemlande i Manchester?<\/h2>\n\n<p>Der er to m\u00e5der at stoppe i Manchester p\u00e5:<\/p>\n\n<ul class=\"wp-block-list\">\n<li>Rejsende kan ans\u00f8ge om et <a href=\"https:\/\/uk-gb.net\/da\/storbritannien-transitvisum\/\">transitvisum<\/a> til en mellemlanding i Manchester;<\/li>\n\n\n\n<li>Hvis den rejsende er statsborger i et <a href=\"https:\/\/uk-gb.net\/da\/lande-der-kan-ansoge-eta-uk\/\">land, der er medlem af det britiske visumfritagelsesprogram<\/a>, kan de <a href=\"https:\/\/uk-gb.net\/da\/online-formular-eta-visum-england\/\">ans\u00f8ge om en britisk ETA<\/a> til at mellemlande i Manchester uden visum.<\/li>\n<\/ul>\n\n<div style=\"height:10px\" aria-hidden=\"true\" class=\"wp-block-spacer\"><\/div>\n\n<h2 class=\"wp-block-heading\">Hvor meget koster et visum til Manchester?<\/h2>\n\n<p>Prisen p\u00e5 et visum til Manchester afh\u00e6nger af, hvilken type visum du skal bruge for at rejse til Storbritannien. Det administrative gebyr for et turistvisum p\u00e5 op til 6 m\u00e5neder er \u00a3115. Ved l\u00e6ngere ophold er de <a href=\"https:\/\/uk-gb.net\/da\/hvor-meget-koster-et-visum-england\/\">administrative omkostninger ved visummet<\/a> h\u00f8jere. Hvis den rejsende er berettiget til at f\u00e5 en <a href=\"https:\/\/uk-gb.net\/da\/eta-england-forenede-kongerige\/\">ETA til Storbritannien,<\/a> er prisen for <a href=\"https:\/\/uk-gb.net\/da\/pris-eta-uk\/\">en ETA<\/a> \u00a316.<\/p>\n\n<h2 class=\"wp-block-heading\">Hvordan f\u00e5r jeg visum til Manchester?<\/h2>\n\n<p>For at f\u00e5 et visum til Manchester skal udenlandske statsborgere f\u00f8lge en <a href=\"https:\/\/uk-gb.net\/da\/uk-visumansogningsprocedure\/\">online visumans\u00f8gningsprocedure<\/a>. Denne proces best\u00e5r af flere faser:<\/p>\n\n<ul class=\"wp-block-list\">\n<li>V\u00e6lg visumtype alt efter form\u00e5let med rejsen;<\/li>\n\n\n\n<li>Saml den n\u00f8dvendige dokumentation;<\/li>\n\n\n\n<li>Udfyld den online visumans\u00f8gningsformular;<\/li>\n\n\n\n<li>Betal <a href=\"https:\/\/uk-gb.net\/da\/hvor-meget-koster-et-visum-england\/\">visumgebyret<\/a>;<\/li>\n\n\n\n<li>Lav en aftale med en <a href=\"https:\/\/uk-gb.net\/da\/ambassade-england-det-forenede-rige-i-danmark\/\">britisk ambassade<\/a>;<\/li>\n\n\n\n<li>Indsendelse af dokumenter for at f\u00e6rdigg\u00f8re visumans\u00f8gningen;<\/li>\n\n\n\n<li>Deltag i et <a href=\"https:\/\/uk-gb.net\/da\/visumudaevnelse-ambassade-england\/\">visumsamtale<\/a>, hvis din ans\u00f8gning kr\u00e6ver det.<\/li>\n<\/ul>\n\n<div style=\"height:10px\" aria-hidden=\"true\" class=\"wp-block-spacer\"><\/div>\n\n<h2 class=\"wp-block-heading\">Skal jeg have ETA-tilladelse til Manchester?<\/h2>\n\n<p>En kvalificeret udenlandsk statsborger kan ans\u00f8ge om en ETA til Manchester. Det tager meget kort tid at f\u00e5 det. ETA&#8217;en for Manchester er gyldig i 2 \u00e5r for ophold p\u00e5 op til 6 p\u00e5 hinanden f\u00f8lgende m\u00e5neder i Storbritannien.<\/p>\n\n<h2 class=\"wp-block-heading\">Billede af et visum til Manchester i Storbritannien<\/h2>\n\n<p>Dette er et foto af et visum til England. Dette visum giver dig mulighed for at rejse ind i Storbritannien via byen Manchester.<\/p>\n\n<figure class=\"wp-block-image size-full\"><img fetchpriority=\"high\" decoding=\"async\" width=\"564\" height=\"338\" src=\"https:\/\/uk-gb.net\/wp-content\/uploads\/2024\/03\/UK-visa-C.jpg\" alt=\"Turistvisum Storbritannien\" class=\"wp-image-1890\" srcset=\"https:\/\/uk-gb.net\/wp-content\/uploads\/2024\/03\/UK-visa-C.jpg 564w, https:\/\/uk-gb.net\/wp-content\/uploads\/2024\/03\/UK-visa-C-300x180.jpg 300w\" sizes=\"(max-width: 564px) 100vw, 564px\" \/><figcaption class=\"wp-element-caption\">Foto turistvisum England<\/figcaption><\/figure>\n\n<p><\/p>\n","protected":false},"excerpt":{"rendered":"<p>Manchester er en by i det nordvestlige England ved bredden af floden Irwell. Den er kendt for sin store rolle under den industrielle revolution og er nu kendt for sin industrielle arv, sin indflydelsesrige musikscene og sin betydning inden for sport, is\u00e6r gennem sine ber\u00f8mte fodboldklubber. Visum til rejser til eller mellemlandinger i Manchester Udenlandske [&hellip;]<\/p>\n","protected":false},"author":1,"featured_media":0,"parent":0,"menu_order":0,"comment_status":"closed","ping_status":"closed","template":"","meta":{"footnotes":""},"class_list":["post-2578","page","type-page","status-publish","hentry"],"yoast_head":"<!-- This site is optimized with the Yoast SEO plugin v27.3 - https:\/\/yoast.com\/product\/yoast-seo-wordpress\/ -->\n<title>Visum til rejser til Manchester eller mellemlandinger - UK GB<\/title>\n<meta name=\"description\" content=\"Skal jeg have visum eller rejsedokument til Manchester eller til en mellemlanding i Manchester i Storbritannien?\" \/>\n<meta name=\"robots\" content=\"index, follow, max-snippet:-1, max-image-preview:large, max-video-preview:-1\" \/>\n<link rel=\"canonical\" href=\"https:\/\/uk-gb.net\/da\/visum-til-manchester\/\" \/>\n<meta property=\"og:locale\" content=\"da_DK\" \/>\n<meta property=\"og:type\" content=\"article\" \/>\n<meta property=\"og:title\" content=\"Visum til rejser til Manchester eller mellemlandinger - UK GB\" \/>\n<meta property=\"og:description\" content=\"Skal jeg have visum eller rejsedokument til Manchester eller til en mellemlanding i Manchester i Storbritannien?\" \/>\n<meta property=\"og:url\" content=\"https:\/\/uk-gb.net\/da\/visum-til-manchester\/\" \/>\n<meta property=\"og:site_name\" content=\"UK GB\" \/>\n<meta property=\"article:modified_time\" content=\"2025-11-04T09:24:52+00:00\" \/>\n<meta property=\"og:image\" content=\"https:\/\/uk-gb.net\/wp-content\/uploads\/2024\/03\/UK-visa-C.jpg\" \/>\n\t<meta property=\"og:image:width\" content=\"564\" \/>\n\t<meta property=\"og:image:height\" content=\"338\" \/>\n\t<meta property=\"og:image:type\" content=\"image\/jpeg\" \/>\n<meta name=\"twitter:card\" content=\"summary_large_image\" \/>\n<meta name=\"twitter:label1\" content=\"Estimeret l\u00e6setid\" \/>\n\t<meta name=\"twitter:data1\" content=\"2 minutter\" \/>\n<script type=\"application\/ld+json\" class=\"yoast-schema-graph\">{\"@context\":\"https:\\\/\\\/schema.org\",\"@graph\":[{\"@type\":\"WebPage\",\"@id\":\"https:\\\/\\\/uk-gb.net\\\/da\\\/visum-til-manchester\\\/\",\"url\":\"https:\\\/\\\/uk-gb.net\\\/da\\\/visum-til-manchester\\\/\",\"name\":\"Visum til rejser til Manchester eller mellemlandinger - UK GB\",\"isPartOf\":{\"@id\":\"https:\\\/\\\/uk-gb.net\\\/da\\\/#website\"},\"primaryImageOfPage\":{\"@id\":\"https:\\\/\\\/uk-gb.net\\\/da\\\/visum-til-manchester\\\/#primaryimage\"},\"image\":{\"@id\":\"https:\\\/\\\/uk-gb.net\\\/da\\\/visum-til-manchester\\\/#primaryimage\"},\"thumbnailUrl\":\"https:\\\/\\\/uk-gb.net\\\/wp-content\\\/uploads\\\/2024\\\/03\\\/UK-visa-C.jpg\",\"datePublished\":\"2023-12-07T16:57:58+00:00\",\"dateModified\":\"2025-11-04T09:24:52+00:00\",\"description\":\"Skal jeg have visum eller rejsedokument til Manchester eller til en mellemlanding i Manchester i Storbritannien?\",\"inLanguage\":\"da-DK\",\"potentialAction\":[{\"@type\":\"ReadAction\",\"target\":[\"https:\\\/\\\/uk-gb.net\\\/da\\\/visum-til-manchester\\\/\"]}]},{\"@type\":\"ImageObject\",\"inLanguage\":\"da-DK\",\"@id\":\"https:\\\/\\\/uk-gb.net\\\/da\\\/visum-til-manchester\\\/#primaryimage\",\"url\":\"https:\\\/\\\/uk-gb.net\\\/wp-content\\\/uploads\\\/2024\\\/03\\\/UK-visa-C.jpg\",\"contentUrl\":\"https:\\\/\\\/uk-gb.net\\\/wp-content\\\/uploads\\\/2024\\\/03\\\/UK-visa-C.jpg\"},{\"@type\":\"WebSite\",\"@id\":\"https:\\\/\\\/uk-gb.net\\\/da\\\/#website\",\"url\":\"https:\\\/\\\/uk-gb.net\\\/da\\\/\",\"name\":\"UK GB\",\"description\":\"Travel to the UK\",\"potentialAction\":[{\"@type\":\"SearchAction\",\"target\":{\"@type\":\"EntryPoint\",\"urlTemplate\":\"https:\\\/\\\/uk-gb.net\\\/da\\\/?s={search_term_string}\"},\"query-input\":{\"@type\":\"PropertyValueSpecification\",\"valueRequired\":true,\"valueName\":\"search_term_string\"}}],\"inLanguage\":\"da-DK\"}]}<\/script>\n<!-- \/ Yoast SEO plugin. -->","yoast_head_json":{"title":"Visum til rejser til Manchester eller mellemlandinger - UK GB","description":"Skal jeg have visum eller rejsedokument til Manchester eller til en mellemlanding i Manchester i Storbritannien?","robots":{"index":"index","follow":"follow","max-snippet":"max-snippet:-1","max-image-preview":"max-image-preview:large","max-video-preview":"max-video-preview:-1"},"canonical":"https:\/\/uk-gb.net\/da\/visum-til-manchester\/","og_locale":"da_DK","og_type":"article","og_title":"Visum til rejser til Manchester eller mellemlandinger - UK GB","og_description":"Skal jeg have visum eller rejsedokument til Manchester eller til en mellemlanding i Manchester i Storbritannien?","og_url":"https:\/\/uk-gb.net\/da\/visum-til-manchester\/","og_site_name":"UK GB","article_modified_time":"2025-11-04T09:24:52+00:00","og_image":[{"width":564,"height":338,"url":"https:\/\/uk-gb.net\/wp-content\/uploads\/2024\/03\/UK-visa-C.jpg","type":"image\/jpeg"}],"twitter_card":"summary_large_image","twitter_misc":{"Estimeret l\u00e6setid":"2 minutter"},"schema":{"@context":"https:\/\/schema.org","@graph":[{"@type":"WebPage","@id":"https:\/\/uk-gb.net\/da\/visum-til-manchester\/","url":"https:\/\/uk-gb.net\/da\/visum-til-manchester\/","name":"Visum til rejser til Manchester eller mellemlandinger - UK GB","isPartOf":{"@id":"https:\/\/uk-gb.net\/da\/#website"},"primaryImageOfPage":{"@id":"https:\/\/uk-gb.net\/da\/visum-til-manchester\/#primaryimage"},"image":{"@id":"https:\/\/uk-gb.net\/da\/visum-til-manchester\/#primaryimage"},"thumbnailUrl":"https:\/\/uk-gb.net\/wp-content\/uploads\/2024\/03\/UK-visa-C.jpg","datePublished":"2023-12-07T16:57:58+00:00","dateModified":"2025-11-04T09:24:52+00:00","description":"Skal jeg have visum eller rejsedokument til Manchester eller til en mellemlanding i Manchester i Storbritannien?","inLanguage":"da-DK","potentialAction":[{"@type":"ReadAction","target":["https:\/\/uk-gb.net\/da\/visum-til-manchester\/"]}]},{"@type":"ImageObject","inLanguage":"da-DK","@id":"https:\/\/uk-gb.net\/da\/visum-til-manchester\/#primaryimage","url":"https:\/\/uk-gb.net\/wp-content\/uploads\/2024\/03\/UK-visa-C.jpg","contentUrl":"https:\/\/uk-gb.net\/wp-content\/uploads\/2024\/03\/UK-visa-C.jpg"},{"@type":"WebSite","@id":"https:\/\/uk-gb.net\/da\/#website","url":"https:\/\/uk-gb.net\/da\/","name":"UK GB","description":"Travel to the UK","potentialAction":[{"@type":"SearchAction","target":{"@type":"EntryPoint","urlTemplate":"https:\/\/uk-gb.net\/da\/?s={search_term_string}"},"query-input":{"@type":"PropertyValueSpecification","valueRequired":true,"valueName":"search_term_string"}}],"inLanguage":"da-DK"}]}},"_links":{"self":[{"href":"https:\/\/uk-gb.net\/da\/wp-json\/wp\/v2\/pages\/2578","targetHints":{"allow":["GET"]}}],"collection":[{"href":"https:\/\/uk-gb.net\/da\/wp-json\/wp\/v2\/pages"}],"about":[{"href":"https:\/\/uk-gb.net\/da\/wp-json\/wp\/v2\/types\/page"}],"author":[{"embeddable":true,"href":"https:\/\/uk-gb.net\/da\/wp-json\/wp\/v2\/users\/1"}],"replies":[{"embeddable":true,"href":"https:\/\/uk-gb.net\/da\/wp-json\/wp\/v2\/comments?post=2578"}],"version-history":[{"count":0,"href":"https:\/\/uk-gb.net\/da\/wp-json\/wp\/v2\/pages\/2578\/revisions"}],"wp:attachment":[{"href":"https:\/\/uk-gb.net\/da\/wp-json\/wp\/v2\/media?parent=2578"}],"curies":[{"name":"wp","href":"https:\/\/api.w.org\/{rel}","templated":true}]}}