{"id":2576,"date":"2023-12-07T16:52:56","date_gmt":"2023-12-07T16:52:56","guid":{"rendered":"https:\/\/uk-gb.net\/visum-til-london\/"},"modified":"2025-08-14T15:58:06","modified_gmt":"2025-08-14T14:58:06","slug":"visum-til-london","status":"publish","type":"page","link":"https:\/\/uk-gb.net\/da\/visum-til-london\/","title":{"rendered":"Visum til at rejse til London eller lave en mellemlanding"},"content":{"rendered":"\n<h1 class=\"wp-block-heading\">Visum til at rejse til eller mellemlande i London<\/h1>\n\n<p><a href=\"https:\/\/uk-gb.net\/da\/london\/\">London<\/a> er den vigtigste indgang til Storbritannien for turister, studerende, fagfolk og rejsende i transit. Siden Storbritannien forlod EU, har <a href=\"https:\/\/uk-gb.net\/da\/visum-forenede-kongerige\/\">formaliteterne for at komme ind<\/a> i Storbritannien \u00e6ndret sig. Afh\u00e6ngigt af din nationalitet, opholdets l\u00e6ngde eller \u00e5rsagen til rejsen skal du muligvis have et visum eller en ETA. Her er alt, hvad du skal vide for at rejse eller mellemlande i London p\u00e5 lovlig vis.   <\/p>\n\n<h2 class=\"wp-block-heading\">Skal jeg have visum til London?<\/h2>\n\n<p>Om du har brug for et visum for at bes\u00f8ge London, afh\u00e6nger af din nationalitet og \u00e5rsagen til dit bes\u00f8g.<\/p>\n\n<p><strong>Du beh\u00f8ver ikke et visum, hvis<\/strong>:<\/p>\n\n<ul class=\"wp-block-list\">\n<li>Du er irsk statsborger.<\/li>\n\n\n\n<li>Du er statsborger i et visumfritaget land, og dit ophold er kortvarigt (mindre end 6 m\u00e5neder) p\u00e5 grund af turisme, familiebes\u00f8g, en kort forretningsmission eller kortvarige studier. <\/li>\n<\/ul>\n\n<p>Siden 2025 har disse rejsende skullet indhente en elektronisk rejsetilladelse ved at udfylde <a href=\"https:\/\/uk-gb.net\/da\/online-formular-eta-visum-england\/\">ETA-formularen online<\/a>.<\/p>\n\n<p><strong>Du har brug for et visum, hvis<\/strong>:<\/p>\n\n<ul class=\"wp-block-list\">\n<li>Du er statsborger i et land, der ikke kr\u00e6ver visum, heller ikke for et kort ophold.<\/li>\n\n\n\n<li>Du vil arbejde, studere p\u00e5 l\u00e6ngere sigt, bos\u00e6tte dig eller gifte dig i Storbritannien.<\/li>\n\n\n\n<li>Du vil gerne bo sammen med et familiemedlem i London i en l\u00e6ngere periode.<\/li>\n<\/ul>\n\n<p>Turister, der \u00f8nsker at opholde sig i Storbritannien i mere end 6 m\u00e5neder, skal have et <a href=\"https:\/\/uk-gb.net\/da\/storbritannien-turistvisum\/\">engelsk turistvisum<\/a>.<\/p>\n\n<div style=\"height:10px\" aria-hidden=\"true\" class=\"wp-block-spacer\"><\/div>\n\n<h2 class=\"wp-block-heading\">ETA: et alternativ til visum for at bes\u00f8ge London<\/h2>\n\n<p><a href=\"https:\/\/uk-gb.net\/da\/eta-england-forenede-kongerige\/\">Elektronisk rejsetilladelse<\/a> (ETA) er en obligatorisk rejsetilladelse for statsborgere fra visse visumfri lande, n\u00e5r de bes\u00f8ger Storbritannien.<\/p>\n\n<ul class=\"wp-block-list\">\n<li><a href=\"https:\/\/uk-gb.net\/da\/pris-eta-uk\/\">Forventet pris<\/a>: \u00a316 (ca. \u20ac19)<\/li>\n\n\n\n<li>Gyldighed: 2 \u00e5r eller indtil passet udl\u00f8ber<\/li>\n\n\n\n<li>Maksimalt ophold: 6 m\u00e5neder<\/li>\n\n\n\n<li>Anvendelse: turisme, forretning, korte studier eller transit<\/li>\n<\/ul>\n\n<p>Siden april 2025 har det v\u00e6ret obligatorisk for europ\u00e6iske borgere at f\u00e5 en <strong>ETA til London, f\u00f8r de rejser.<\/strong><\/p>\n\n<h2 class=\"wp-block-heading\">Skal jeg have visum for at overnatte i London?<\/h2>\n\n<p>Hvis du mellemlander i en London-lufthavn (Heathrow, Gatwick, Stansted, Luton), varierer formaliteterne afh\u00e6ngigt af, om du passerer gennem den britiske gr\u00e6nsekontrol eller ej.<\/p>\n\n<h3 class=\"wp-block-heading\">Case 1: transit uden lufthavnsudgang<\/h3>\n\n<p>Hvis du opholder dig i en international zone og ikke skifter lufthavn: Hvis du er statsborger i et <a href=\"https:\/\/uk-gb.net\/da\/lande-der-kan-ansoge-eta-uk\/\">land, der er medlem af det britiske visumfritagelsesprogram<\/a>, kan du ans\u00f8ge om en britisk ETA til at mellemlande i London uden visum.<\/p>\n\n<h3 class=\"wp-block-heading\">Case 2: Transit med gr\u00e6nseovergang<\/h3>\n\n<p>Hvis du skal skifte lufthavn eller g\u00e5 gennem tolden (f.eks. ved en l\u00e6ngere mellemlanding): Du skal have et <a href=\"https:\/\/uk-gb.net\/da\/storbritannien-transitvisum\/\">transitvisum<\/a> eller en ETA, afh\u00e6ngigt af din nationalitet.<\/p>\n\n<p>Godt at vide: Selv ved simpel transit skal nogle statsborgere have et britisk transitvisum (Visitor in Transit Visa).<\/p>\n\n<div style=\"height:10px\" aria-hidden=\"true\" class=\"wp-block-spacer\"><\/div>\n\n<h2 class=\"wp-block-heading\">Hvordan f\u00e5r jeg visum eller ETA til London?<\/h2>\n\n<p>Her er en forenklet oversigt over proceduren afh\u00e6ngigt af din situation som rejsende.<\/p>\n\n<figure class=\"wp-block-table\"><table class=\"has-fixed-layout\"><thead><tr><th>Situation<\/th><th class=\"has-text-align-center\" data-align=\"center\">Type af dokument, der kr\u00e6ves<\/th><th class=\"has-text-align-left\" data-align=\"left\">Procedure<\/th><\/tr><\/thead><tbody><tr><td>Korte ferier til turisme, forretning eller studier<\/td><td class=\"has-text-align-center\" data-align=\"center\">ETA<\/td><td class=\"has-text-align-left\" data-align=\"left\">Online ans\u00f8gning p\u00e5 <a href=\"https:\/\/www.gov.uk\/eta\">gov.uk<\/a>, betaling med kreditkort<\/td><\/tr><tr><td>Ophold i mere end 6 m\u00e5neder, arbejde, familiesammenf\u00f8ring<\/td><td class=\"has-text-align-center\" data-align=\"center\">Britisk visum<\/td><td class=\"has-text-align-left\" data-align=\"left\">Online ans\u00f8gning + aftale p\u00e5 ambassaden<\/td><\/tr><tr><td>Transit med udrejse fra international zone<\/td><td class=\"has-text-align-center\" data-align=\"center\">ETA eller transitvisum<\/td><td class=\"has-text-align-left\" data-align=\"left\">Afh\u00e6ngig af nationalitet og lufthavn<\/td><\/tr><\/tbody><\/table><\/figure>\n\n<p>For at f\u00e5 et visum til London skal udenlandske statsborgere f\u00f8lge en <a href=\"https:\/\/uk-gb.net\/da\/uk-visumansogningsprocedure\/\">online visumans\u00f8gningsprocedure<\/a>. Denne proces best\u00e5r af flere faser:<\/p>\n\n<ul class=\"wp-block-list\">\n<li>V\u00e6lg visumtype alt efter form\u00e5let med rejsen;<\/li>\n\n\n\n<li>Saml den n\u00f8dvendige dokumentation;<\/li>\n\n\n\n<li>Udfyld den online visumans\u00f8gningsformular;<\/li>\n\n\n\n<li>Betal <a href=\"https:\/\/uk-gb.net\/da\/hvor-meget-koster-et-visum-england\/\">visumgebyret<\/a>;<\/li>\n\n\n\n<li>Lav en aftale med en <a href=\"https:\/\/uk-gb.net\/da\/ambassade-england-det-forenede-rige-i-danmark\/\">britisk ambassade<\/a>;<\/li>\n\n\n\n<li>Indsendelse af dokumenter for at f\u00e6rdigg\u00f8re visumans\u00f8gningen;<\/li>\n\n\n\n<li>Deltag i et <a href=\"https:\/\/uk-gb.net\/da\/visumudaevnelse-ambassade-england\/\">visumsamtale<\/a>, hvis din ans\u00f8gning kr\u00e6ver det.<\/li>\n<\/ul>\n\n<div style=\"height:10px\" aria-hidden=\"true\" class=\"wp-block-spacer\"><\/div>\n\n<h2 class=\"wp-block-heading\">Hvilke dokumenter skal jeg bruge for at rejse til London?<\/h2>\n\n<p>Her er de mest almindelige dokumenter, der kr\u00e6ves ved ankomsten til Storbritannien:<\/p>\n\n<ul class=\"wp-block-list\">\n<li>Et <strong>gyldigt pas<\/strong> er blevet obligatorisk igen efter Brexit;<\/li>\n\n\n\n<li>Et gyldigt <strong>ETA eller visum<\/strong>;<\/li>\n\n\n\n<li><strong>Bevis for tilstr\u00e6kkelige midler<\/strong> til dit ophold;<\/li>\n\n\n\n<li><strong>Bevis for indkvartering<\/strong>, f.eks. en hotelreservation eller invitation;<\/li>\n\n\n\n<li>En <strong>retur- eller viderebillet<\/strong> i tilf\u00e6lde af transit.<\/li>\n<\/ul>\n\n<div style=\"height:10px\" aria-hidden=\"true\" class=\"wp-block-spacer\"><\/div>\n\n<h2 class=\"wp-block-heading\">Konklusion<\/h2>\n\n<p>Hvis du skal rejse til eller gennem London, skal du unders\u00f8ge din personlige situation n\u00f8je.<strong>ETA er nu obligatorisk<\/strong> for mange rejsende, ogs\u00e5 for europ\u00e6ere, mens andre skal igennem den traditionelle <a href=\"https:\/\/uk-gb.net\/da\/forskellige-typer-britisk-visum\/\">britiske visumrute<\/a>. Hvis du er i tvivl, er det bedst at k\u00f8re en simulation p\u00e5 den <a href=\"https:\/\/www.gov.uk\/check-uk-visa\">britiske regerings officielle hjemmeside<\/a>.  <\/p>\n","protected":false},"excerpt":{"rendered":"<p>Visum til at rejse til eller mellemlande i London London er den vigtigste indgang til Storbritannien for turister, studerende, fagfolk og rejsende i transit. Siden Storbritannien forlod EU, har formaliteterne for at komme ind i Storbritannien \u00e6ndret sig. Afh\u00e6ngigt af din nationalitet, opholdets l\u00e6ngde eller \u00e5rsagen til rejsen skal du muligvis have et visum eller [&hellip;]<\/p>\n","protected":false},"author":1,"featured_media":0,"parent":0,"menu_order":0,"comment_status":"closed","ping_status":"closed","template":"","meta":{"footnotes":""},"class_list":["post-2576","page","type-page","status-publish","hentry"],"yoast_head":"<!-- This site is optimized with the Yoast SEO plugin v27.3 - https:\/\/yoast.com\/product\/yoast-seo-wordpress\/ -->\n<title>Visum til at rejse til London eller lave en mellemlanding - UK GB<\/title>\n<meta name=\"description\" content=\"For at rejse til Storbritannien, n\u00e5r du lander i London, skal du have et visum eller et rejsedokument til London.\" \/>\n<meta name=\"robots\" content=\"index, follow, max-snippet:-1, max-image-preview:large, max-video-preview:-1\" \/>\n<link rel=\"canonical\" href=\"https:\/\/uk-gb.net\/da\/visum-til-london\/\" \/>\n<meta property=\"og:locale\" content=\"da_DK\" \/>\n<meta property=\"og:type\" content=\"article\" \/>\n<meta property=\"og:title\" content=\"Visum til at rejse til London eller lave en mellemlanding - UK GB\" \/>\n<meta property=\"og:description\" content=\"For at rejse til Storbritannien, n\u00e5r du lander i London, skal du have et visum eller et rejsedokument til London.\" \/>\n<meta property=\"og:url\" content=\"https:\/\/uk-gb.net\/da\/visum-til-london\/\" \/>\n<meta property=\"og:site_name\" content=\"UK GB\" \/>\n<meta property=\"article:modified_time\" content=\"2025-08-14T14:58:06+00:00\" \/>\n<meta name=\"twitter:card\" content=\"summary_large_image\" \/>\n<meta name=\"twitter:label1\" content=\"Estimeret l\u00e6setid\" \/>\n\t<meta name=\"twitter:data1\" content=\"3 minutter\" \/>\n<script type=\"application\/ld+json\" class=\"yoast-schema-graph\">{\"@context\":\"https:\\\/\\\/schema.org\",\"@graph\":[{\"@type\":\"WebPage\",\"@id\":\"https:\\\/\\\/uk-gb.net\\\/da\\\/visum-til-london\\\/\",\"url\":\"https:\\\/\\\/uk-gb.net\\\/da\\\/visum-til-london\\\/\",\"name\":\"Visum til at rejse til London eller lave en mellemlanding - UK GB\",\"isPartOf\":{\"@id\":\"https:\\\/\\\/uk-gb.net\\\/da\\\/#website\"},\"datePublished\":\"2023-12-07T16:52:56+00:00\",\"dateModified\":\"2025-08-14T14:58:06+00:00\",\"description\":\"For at rejse til Storbritannien, n\u00e5r du lander i London, skal du have et visum eller et rejsedokument til London.\",\"inLanguage\":\"da-DK\",\"potentialAction\":[{\"@type\":\"ReadAction\",\"target\":[\"https:\\\/\\\/uk-gb.net\\\/da\\\/visum-til-london\\\/\"]}]},{\"@type\":\"WebSite\",\"@id\":\"https:\\\/\\\/uk-gb.net\\\/da\\\/#website\",\"url\":\"https:\\\/\\\/uk-gb.net\\\/da\\\/\",\"name\":\"UK GB\",\"description\":\"Travel to the UK\",\"potentialAction\":[{\"@type\":\"SearchAction\",\"target\":{\"@type\":\"EntryPoint\",\"urlTemplate\":\"https:\\\/\\\/uk-gb.net\\\/da\\\/?s={search_term_string}\"},\"query-input\":{\"@type\":\"PropertyValueSpecification\",\"valueRequired\":true,\"valueName\":\"search_term_string\"}}],\"inLanguage\":\"da-DK\"}]}<\/script>\n<!-- \/ Yoast SEO plugin. -->","yoast_head_json":{"title":"Visum til at rejse til London eller lave en mellemlanding - UK GB","description":"For at rejse til Storbritannien, n\u00e5r du lander i London, skal du have et visum eller et rejsedokument til London.","robots":{"index":"index","follow":"follow","max-snippet":"max-snippet:-1","max-image-preview":"max-image-preview:large","max-video-preview":"max-video-preview:-1"},"canonical":"https:\/\/uk-gb.net\/da\/visum-til-london\/","og_locale":"da_DK","og_type":"article","og_title":"Visum til at rejse til London eller lave en mellemlanding - UK GB","og_description":"For at rejse til Storbritannien, n\u00e5r du lander i London, skal du have et visum eller et rejsedokument til London.","og_url":"https:\/\/uk-gb.net\/da\/visum-til-london\/","og_site_name":"UK GB","article_modified_time":"2025-08-14T14:58:06+00:00","twitter_card":"summary_large_image","twitter_misc":{"Estimeret l\u00e6setid":"3 minutter"},"schema":{"@context":"https:\/\/schema.org","@graph":[{"@type":"WebPage","@id":"https:\/\/uk-gb.net\/da\/visum-til-london\/","url":"https:\/\/uk-gb.net\/da\/visum-til-london\/","name":"Visum til at rejse til London eller lave en mellemlanding - UK GB","isPartOf":{"@id":"https:\/\/uk-gb.net\/da\/#website"},"datePublished":"2023-12-07T16:52:56+00:00","dateModified":"2025-08-14T14:58:06+00:00","description":"For at rejse til Storbritannien, n\u00e5r du lander i London, skal du have et visum eller et rejsedokument til London.","inLanguage":"da-DK","potentialAction":[{"@type":"ReadAction","target":["https:\/\/uk-gb.net\/da\/visum-til-london\/"]}]},{"@type":"WebSite","@id":"https:\/\/uk-gb.net\/da\/#website","url":"https:\/\/uk-gb.net\/da\/","name":"UK GB","description":"Travel to the UK","potentialAction":[{"@type":"SearchAction","target":{"@type":"EntryPoint","urlTemplate":"https:\/\/uk-gb.net\/da\/?s={search_term_string}"},"query-input":{"@type":"PropertyValueSpecification","valueRequired":true,"valueName":"search_term_string"}}],"inLanguage":"da-DK"}]}},"_links":{"self":[{"href":"https:\/\/uk-gb.net\/da\/wp-json\/wp\/v2\/pages\/2576","targetHints":{"allow":["GET"]}}],"collection":[{"href":"https:\/\/uk-gb.net\/da\/wp-json\/wp\/v2\/pages"}],"about":[{"href":"https:\/\/uk-gb.net\/da\/wp-json\/wp\/v2\/types\/page"}],"author":[{"embeddable":true,"href":"https:\/\/uk-gb.net\/da\/wp-json\/wp\/v2\/users\/1"}],"replies":[{"embeddable":true,"href":"https:\/\/uk-gb.net\/da\/wp-json\/wp\/v2\/comments?post=2576"}],"version-history":[{"count":0,"href":"https:\/\/uk-gb.net\/da\/wp-json\/wp\/v2\/pages\/2576\/revisions"}],"wp:attachment":[{"href":"https:\/\/uk-gb.net\/da\/wp-json\/wp\/v2\/media?parent=2576"}],"curies":[{"name":"wp","href":"https:\/\/api.w.org\/{rel}","templated":true}]}}