{"id":2572,"date":"2023-12-07T17:06:53","date_gmt":"2023-12-07T17:06:53","guid":{"rendered":"https:\/\/uk-gb.net\/visum-til-liverpool\/"},"modified":"2025-08-14T15:57:17","modified_gmt":"2025-08-14T14:57:17","slug":"visum-til-liverpool","status":"publish","type":"page","link":"https:\/\/uk-gb.net\/da\/visum-til-liverpool\/","title":{"rendered":"Visum til at rejse til Liverpool"},"content":{"rendered":"\n<h1 class=\"wp-block-heading\">Visum til rejser til eller mellemlandinger i Liverpool<\/h1>\n\n<p><a href=\"https:\/\/uk-gb.net\/da\/liverpool\/\">Liverpool<\/a>, der er ber\u00f8mt for sin maritime historie, sine kulturmonumenter og sin musikalske arv, tiltr\u00e6kker hvert \u00e5r mange internationale bes\u00f8gende. Uanset om du skal opleve Beatles-byen, deltage i en sportsbegivenhed eller blot mellemlande i Liverpool lufthavn, er det vigtigt at kende til indrejseformaliteterne. Afh\u00e6ngigt af din nationalitet og form\u00e5let med dit bes\u00f8g skal du enten have et <a href=\"https:\/\/uk-gb.net\/da\/storbritannien-turistvisum\/\">britisk visum<\/a> eller en <a href=\"https:\/\/uk-gb.net\/da\/eta-england-forenede-kongerige\/\">elektronisk rejsetilladelse (ETA)<\/a>.  <\/p>\n\n<p><strong>For ophold p\u00e5 mindre end 6 m\u00e5neder<\/strong>: Det er ikke n\u00f8dvendigt at f\u00e5 et turistvisum til Liverpool. Borgere fra visumfri europ\u00e6iske lande skal blot have en rejsetilladelse ved at udfylde <a href=\"https:\/\/uk-gb.net\/da\/online-formular-eta-visum-england\/\">ETA-formularen online<\/a>. <\/p>\n\n<h2 class=\"wp-block-heading\">Skal jeg have visum for at rejse til Liverpool?<\/h2>\n\n<h3 class=\"wp-block-heading\">Du beh\u00f8ver ikke et visum, hvis :<\/h3>\n\n<ul class=\"wp-block-list\">\n<li>Du er <strong>irsk statsborger<\/strong>;<\/li>\n\n\n\n<li>Du er statsborger i et <strong>visumfrit land<\/strong> og har et kortvarigt ophold (turisme, forretning, familiebes\u00f8g eller korte studier p\u00e5 under 6 m\u00e5neder).<br\/>Siden 2025 har disse rejsende skullet indhente <a href=\"https:\/\/uk-gb.net\/da\/eta-england-forenede-kongerige\/\">ETA-tilladelse<\/a> f\u00f8r deres afrejse.<\/li>\n<\/ul>\n\n<h3 class=\"wp-block-heading\">Du har brug for et visum, hvis :<\/h3>\n\n<ul class=\"wp-block-list\">\n<li>Du er statsborger i et visumpligtigt land, f.eks. Indien, Kina, Algeriet, Nigeria, Pakistan &#8230; ;<\/li>\n\n\n\n<li>Vil du <strong>arbejde<\/strong>, <strong>studere i l\u00e6ngere tid<\/strong> eller <strong>bos\u00e6tte<\/strong> dig i Liverpool?<\/li>\n\n\n\n<li>Du kommer for at slutte dig til et medlem af din familie i Storbritannien i forbindelse med en l\u00e6ngerevarende flytning.<\/li>\n<\/ul>\n\n<div style=\"height:10px\" aria-hidden=\"true\" class=\"wp-block-spacer\"><\/div>\n\n<h2 class=\"wp-block-heading\">ETA: forenklet tilladelse til at rejse til Liverpool<\/h2>\n\n<p><a href=\"https:\/\/uk-gb.net\/da\/eta-england-forenede-kongerige\/\">ETA<\/a> er en obligatorisk rejsetilladelse for statsborgere fra visse <a href=\"https:\/\/uk-gb.net\/da\/lande-der-kan-ansoge-eta-uk\/\">visumfri lande til Storbritannien<\/a>.<\/p>\n\n<ul class=\"wp-block-list\">\n<li><a href=\"https:\/\/uk-gb.net\/da\/pris-eta-uk\/\">Forventet pris<\/a>: \u00a316 (ca. \u20ac19)<\/li>\n\n\n\n<li>Gyldighed: 2 \u00e5r eller indtil passet udl\u00f8ber<\/li>\n\n\n\n<li>Maksimalt ophold: 6 m\u00e5neder<\/li>\n\n\n\n<li>Anvendelse: turisme, forretning, korte studier eller transit<\/li>\n<\/ul>\n\n<p>Siden april 2025 har EU-borgere skullet have en <strong>ETA til Liverpool, f\u00f8r de g\u00e5r om bord.<\/strong><\/p>\n\n<h2 class=\"wp-block-heading\">Skal jeg have visum for at mellemlande i Liverpool?<\/h2>\n\n<p><a href=\"https:\/\/uk-gb.net\/da\/liverpool\/\">Liverpool<\/a> har en international lufthavn (Liverpool John Lennon Airport), men nogle passagerer bruger ogs\u00e5 den n\u00e6rliggende Manchester Airport.<\/p>\n\n<h3 class=\"wp-block-heading\">Transit uden at krydse den britiske gr\u00e6nse:<\/h3>\n\n<ul class=\"wp-block-list\">\n<li>Hvis du opholder dig i en international transitzone og ikke g\u00e5r gennem gr\u00e6nsekontrollen, kan du i visse tilf\u00e6lde blive fritaget for visumkravet.<\/li>\n\n\n\n<li>I de fleste tilf\u00e6lde <strong>kr\u00e6ves<\/strong> der dog en <strong>ETA<\/strong>, selv ved simpel transit.<\/li>\n<\/ul>\n\n<h3 class=\"wp-block-heading\">Transit med gr\u00e6nseovergang (skift af lufthavn eller forl\u00e6nget mellemlanding) :<\/h3>\n\n<ul class=\"wp-block-list\">\n<li>Der kr\u00e6ves et <a href=\"https:\/\/uk-gb.net\/da\/storbritannien-transitvisum\/\">britisk transitvisum<\/a> eller <strong>ETA<\/strong> afh\u00e6ngigt af din nationalitet og rejserute. Reglerne er strenge, selv for korte transitter. Tjek altid din situation f\u00f8r afrejse.  <\/li>\n<\/ul>\n\n<div style=\"height:10px\" aria-hidden=\"true\" class=\"wp-block-spacer\"><\/div>\n\n<h2 class=\"wp-block-heading\">Priser p\u00e5 forskellige visa til Liverpool?<\/h2>\n\n<p>Prisen p\u00e5 et visum til Liverpool afh\u00e6nger af, hvilken type visum du skal bruge for at rejse til Storbritannien. Ved l\u00e6ngere ophold er de <a href=\"https:\/\/uk-gb.net\/da\/hvor-meget-koster-et-visum-england\/\">administrative omkostninger ved visummet<\/a> h\u00f8jere. Hvis den rejsende er berettiget til at f\u00e5 en <a href=\"https:\/\/uk-gb.net\/da\/eta-england-forenede-kongerige\/\">ETA til Storbritannien,<\/a> vil prisen v\u00e6re lavere: Prisen for <a href=\"https:\/\/uk-gb.net\/da\/pris-eta-uk\/\">en ETA<\/a> er \u00a316.  <\/p>\n\n<figure class=\"wp-block-table\"><table><thead><tr><th class=\"has-text-align-center\" data-align=\"center\">Type af dokument<\/th><th class=\"has-text-align-center\" data-align=\"center\">Vurder<\/th><\/tr><\/thead><tbody><tr><td class=\"has-text-align-center\" data-align=\"center\">ETA<\/td><td class=\"has-text-align-center\" data-align=\"center\">16 \u00a3<\/td><\/tr><tr><td class=\"has-text-align-center\" data-align=\"center\">Turistvisum (6 m\u00e5neder)<\/td><td class=\"has-text-align-center\" data-align=\"center\">115 \u00a3<\/td><\/tr><tr><td class=\"has-text-align-center\" data-align=\"center\">Transit visum<\/td><td class=\"has-text-align-center\" data-align=\"center\">64 \u00a3<\/td><\/tr><tr><td class=\"has-text-align-center\" data-align=\"center\">Visum til studerende<\/td><td class=\"has-text-align-center\" data-align=\"center\">fra \u00a3490<\/td><\/tr><tr><td class=\"has-text-align-center\" data-align=\"center\">Arbejds- eller familievisum<\/td><td class=\"has-text-align-center\" data-align=\"center\">fra \u00a31,846<\/td><\/tr><\/tbody><\/table><\/figure>\n\n<h2 class=\"wp-block-heading\">Hvordan s\u00f8ger jeg om visum til Liverpool?<\/h2>\n\n<p>For at f\u00e5 et visum til <a href=\"https:\/\/uk-gb.net\/da\/liverpool\/\">Liverpool<\/a> skal udenlandske statsborgere f\u00f8lge en <a href=\"https:\/\/uk-gb.net\/da\/uk-visumansogningsprocedure\/\">online visumans\u00f8gningsprocedure<\/a>. Denne proces best\u00e5r af flere faser:<\/p>\n\n<ul class=\"wp-block-list\">\n<li>V\u00e6lg visumtype alt efter form\u00e5let med rejsen;<\/li>\n\n\n\n<li>Saml den n\u00f8dvendige dokumentation;<\/li>\n\n\n\n<li>Udfyld visumans\u00f8gningsskemaet online p\u00e5 <a href=\"https:\/\/www.gov.uk\/standard-visitor\/apply-standard-visitor-visa\">gov.uk<\/a>;<\/li>\n\n\n\n<li>Betal <a href=\"https:\/\/uk-gb.net\/da\/hvor-meget-koster-et-visum-england\/\">visumgebyret<\/a>;<\/li>\n\n\n\n<li>Lav en aftale med en <a href=\"https:\/\/uk-gb.net\/da\/ambassade-england-det-forenede-rige-i-danmark\/\">britisk ambassade<\/a>;<\/li>\n\n\n\n<li>Indsendelse af dokumenter for at f\u00e6rdigg\u00f8re visumans\u00f8gningen;<\/li>\n\n\n\n<li>Deltag i et <a href=\"https:\/\/uk-gb.net\/da\/visumudaevnelse-ambassade-england\/\">visumsamtale<\/a>, hvis din ans\u00f8gning kr\u00e6ver det.<\/li>\n<\/ul>\n\n<div style=\"height:10px\" aria-hidden=\"true\" class=\"wp-block-spacer\"><\/div>\n\n<h2 class=\"wp-block-heading\">Sammenfatning<\/h2>\n\n<p>Siden reformen af indrejseformaliteterne har det v\u00e6ret vigtigt at forberede sin ans\u00f8gning grundigt, f\u00f8r man rejser til Liverpool. <strong>ETA er nu obligatorisk<\/strong> for de fleste visumfritagne statsborgere. Hvis du ikke opfylder betingelserne for et ETA, skal du have et standardvisum.  <\/p>\n\n<p>F\u00f8r du rejser til Liverpool, skal du tjekke din officielle status p\u00e5 den britiske regerings hjemmeside: <a href=\"https:\/\/www.gov.uk\/check-uk-visa\">gov.uk\/check-uk-visa<\/a>.<\/p>\n\n<p><\/p>\n","protected":false},"excerpt":{"rendered":"<p>Visum til rejser til eller mellemlandinger i Liverpool Liverpool, der er ber\u00f8mt for sin maritime historie, sine kulturmonumenter og sin musikalske arv, tiltr\u00e6kker hvert \u00e5r mange internationale bes\u00f8gende. Uanset om du skal opleve Beatles-byen, deltage i en sportsbegivenhed eller blot mellemlande i Liverpool lufthavn, er det vigtigt at kende til indrejseformaliteterne. Afh\u00e6ngigt af din nationalitet [&hellip;]<\/p>\n","protected":false},"author":1,"featured_media":0,"parent":0,"menu_order":0,"comment_status":"closed","ping_status":"closed","template":"","meta":{"footnotes":""},"class_list":["post-2572","page","type-page","status-publish","hentry"],"yoast_head":"<!-- This site is optimized with the Yoast SEO plugin v27.3 - https:\/\/yoast.com\/product\/yoast-seo-wordpress\/ -->\n<title>Visum til at rejse til Liverpool - UK GB<\/title>\n<meta name=\"description\" content=\"Skal du have visum eller rejsedokument for at rejse til Liverpool? Vi tager et kig p\u00e5 de involverede formaliteter\" \/>\n<meta name=\"robots\" content=\"index, follow, max-snippet:-1, max-image-preview:large, max-video-preview:-1\" \/>\n<link rel=\"canonical\" href=\"https:\/\/uk-gb.net\/da\/visum-til-liverpool\/\" \/>\n<meta property=\"og:locale\" content=\"da_DK\" \/>\n<meta property=\"og:type\" content=\"article\" \/>\n<meta property=\"og:title\" content=\"Visum til at rejse til Liverpool - UK GB\" \/>\n<meta property=\"og:description\" content=\"Skal du have visum eller rejsedokument for at rejse til Liverpool? Vi tager et kig p\u00e5 de involverede formaliteter\" \/>\n<meta property=\"og:url\" content=\"https:\/\/uk-gb.net\/da\/visum-til-liverpool\/\" \/>\n<meta property=\"og:site_name\" content=\"UK GB\" \/>\n<meta property=\"article:modified_time\" content=\"2025-08-14T14:57:17+00:00\" \/>\n<meta name=\"twitter:card\" content=\"summary_large_image\" \/>\n<meta name=\"twitter:label1\" content=\"Estimeret l\u00e6setid\" \/>\n\t<meta name=\"twitter:data1\" content=\"3 minutter\" \/>\n<script type=\"application\/ld+json\" class=\"yoast-schema-graph\">{\"@context\":\"https:\\\/\\\/schema.org\",\"@graph\":[{\"@type\":\"WebPage\",\"@id\":\"https:\\\/\\\/uk-gb.net\\\/da\\\/visum-til-liverpool\\\/\",\"url\":\"https:\\\/\\\/uk-gb.net\\\/da\\\/visum-til-liverpool\\\/\",\"name\":\"Visum til at rejse til Liverpool - UK GB\",\"isPartOf\":{\"@id\":\"https:\\\/\\\/uk-gb.net\\\/da\\\/#website\"},\"datePublished\":\"2023-12-07T17:06:53+00:00\",\"dateModified\":\"2025-08-14T14:57:17+00:00\",\"description\":\"Skal du have visum eller rejsedokument for at rejse til Liverpool? Vi tager et kig p\u00e5 de involverede formaliteter\",\"inLanguage\":\"da-DK\",\"potentialAction\":[{\"@type\":\"ReadAction\",\"target\":[\"https:\\\/\\\/uk-gb.net\\\/da\\\/visum-til-liverpool\\\/\"]}]},{\"@type\":\"WebSite\",\"@id\":\"https:\\\/\\\/uk-gb.net\\\/da\\\/#website\",\"url\":\"https:\\\/\\\/uk-gb.net\\\/da\\\/\",\"name\":\"UK GB\",\"description\":\"Travel to the UK\",\"potentialAction\":[{\"@type\":\"SearchAction\",\"target\":{\"@type\":\"EntryPoint\",\"urlTemplate\":\"https:\\\/\\\/uk-gb.net\\\/da\\\/?s={search_term_string}\"},\"query-input\":{\"@type\":\"PropertyValueSpecification\",\"valueRequired\":true,\"valueName\":\"search_term_string\"}}],\"inLanguage\":\"da-DK\"}]}<\/script>\n<!-- \/ Yoast SEO plugin. -->","yoast_head_json":{"title":"Visum til at rejse til Liverpool - UK GB","description":"Skal du have visum eller rejsedokument for at rejse til Liverpool? Vi tager et kig p\u00e5 de involverede formaliteter","robots":{"index":"index","follow":"follow","max-snippet":"max-snippet:-1","max-image-preview":"max-image-preview:large","max-video-preview":"max-video-preview:-1"},"canonical":"https:\/\/uk-gb.net\/da\/visum-til-liverpool\/","og_locale":"da_DK","og_type":"article","og_title":"Visum til at rejse til Liverpool - UK GB","og_description":"Skal du have visum eller rejsedokument for at rejse til Liverpool? Vi tager et kig p\u00e5 de involverede formaliteter","og_url":"https:\/\/uk-gb.net\/da\/visum-til-liverpool\/","og_site_name":"UK GB","article_modified_time":"2025-08-14T14:57:17+00:00","twitter_card":"summary_large_image","twitter_misc":{"Estimeret l\u00e6setid":"3 minutter"},"schema":{"@context":"https:\/\/schema.org","@graph":[{"@type":"WebPage","@id":"https:\/\/uk-gb.net\/da\/visum-til-liverpool\/","url":"https:\/\/uk-gb.net\/da\/visum-til-liverpool\/","name":"Visum til at rejse til Liverpool - UK GB","isPartOf":{"@id":"https:\/\/uk-gb.net\/da\/#website"},"datePublished":"2023-12-07T17:06:53+00:00","dateModified":"2025-08-14T14:57:17+00:00","description":"Skal du have visum eller rejsedokument for at rejse til Liverpool? Vi tager et kig p\u00e5 de involverede formaliteter","inLanguage":"da-DK","potentialAction":[{"@type":"ReadAction","target":["https:\/\/uk-gb.net\/da\/visum-til-liverpool\/"]}]},{"@type":"WebSite","@id":"https:\/\/uk-gb.net\/da\/#website","url":"https:\/\/uk-gb.net\/da\/","name":"UK GB","description":"Travel to the UK","potentialAction":[{"@type":"SearchAction","target":{"@type":"EntryPoint","urlTemplate":"https:\/\/uk-gb.net\/da\/?s={search_term_string}"},"query-input":{"@type":"PropertyValueSpecification","valueRequired":true,"valueName":"search_term_string"}}],"inLanguage":"da-DK"}]}},"_links":{"self":[{"href":"https:\/\/uk-gb.net\/da\/wp-json\/wp\/v2\/pages\/2572","targetHints":{"allow":["GET"]}}],"collection":[{"href":"https:\/\/uk-gb.net\/da\/wp-json\/wp\/v2\/pages"}],"about":[{"href":"https:\/\/uk-gb.net\/da\/wp-json\/wp\/v2\/types\/page"}],"author":[{"embeddable":true,"href":"https:\/\/uk-gb.net\/da\/wp-json\/wp\/v2\/users\/1"}],"replies":[{"embeddable":true,"href":"https:\/\/uk-gb.net\/da\/wp-json\/wp\/v2\/comments?post=2572"}],"version-history":[{"count":0,"href":"https:\/\/uk-gb.net\/da\/wp-json\/wp\/v2\/pages\/2572\/revisions"}],"wp:attachment":[{"href":"https:\/\/uk-gb.net\/da\/wp-json\/wp\/v2\/media?parent=2572"}],"curies":[{"name":"wp","href":"https:\/\/api.w.org\/{rel}","templated":true}]}}