{"id":2569,"date":"2023-12-07T17:29:32","date_gmt":"2023-12-07T17:29:32","guid":{"rendered":"https:\/\/uk-gb.net\/visum-til-glasgow\/"},"modified":"2025-08-27T17:15:19","modified_gmt":"2025-08-27T16:15:19","slug":"visum-til-glasgow","status":"publish","type":"page","link":"https:\/\/uk-gb.net\/da\/visum-til-glasgow\/","title":{"rendered":"Visum til at rejse til Glasgow"},"content":{"rendered":"\n<h1 class=\"wp-block-heading\">Skal man have visum for at rejse til Glasgow?<\/h1>\n\n<p>Glasgow er en by i det vestlige Skotland ved bredden af floden Clyde. Udenlandske statsborgere, der \u00f8nsker at rejse til Glasgow, skal v\u00e6re i besiddelse af en britisk rejsetilladelse. Der findes flere typer rejsetilladelser til rejser til Glasgow. Lad os se p\u00e5 de forskellige muligheder.<\/p>\n\n<h2 class=\"wp-block-heading\">Hvilken type rejsetilladelse skal jeg bruge til Glasgow?<\/h2>\n\n<p><a href=\"https:\/\/www.visitscotland.com\/places-to-go\/glasgow\">Glasgow<\/a> er Skotlands hovedstad, s\u00e5 alle udenlandske statsborgere, der \u00f8nsker at rejse ind i Storbritannien via Glasgow, skal v\u00e6re i besiddelse af en gyldig rejsetilladelse. Afh\u00e6ngigt af form\u00e5let med deres ophold i Glasgow kan bes\u00f8gende ans\u00f8ge om et <a href=\"https:\/\/uk-gb.net\/da\/storbritannien-turistvisum\/\">turistvisum<\/a>.<\/p>\n\n<p><strong>For ophold p\u00e5 under 6 m\u00e5neder<\/strong>: Du beh\u00f8ver ikke at f\u00e5 visum til Glasgow, da de fleste europ\u00e6iske lande fritager deres statsborgere for visumkrav. Men siden marts 2025 har disse visumfri statsborgere skullet indhente <a href=\"https:\/\/uk-gb.net\/da\/online-formular-eta-visum-england\/\">ETA-godkendelse online<\/a>, f\u00f8r de rejser til Storbritannien.<\/p>\n\n<div style=\"height:10px\" aria-hidden=\"true\" class=\"wp-block-spacer\"><\/div>\n\n<h2 class=\"wp-block-heading\">Skal jeg have visum for at mellemlande i Glasgow?<\/h2>\n\n<p>Der er to m\u00e5der at mellemlande i Glasgow p\u00e5:<\/p>\n\n<ul class=\"wp-block-list\">\n<li>Rejsende kan s\u00f8ge om et <a href=\"https:\/\/uk-gb.net\/da\/storbritannien-transitvisum\/\">transitvisum<\/a> til en mellemlanding i Glasgow;<\/li>\n\n\n\n<li>Hvis den rejsende er statsborger i et <a href=\"https:\/\/uk-gb.net\/da\/lande-der-kan-ansoge-eta-uk\/\">land, der er med i det britiske visumfritagelsesprogram<\/a>, kan de <a href=\"https:\/\/uk-gb.net\/da\/online-formular-eta-visum-england\/\">ans\u00f8ge om en britisk ETA<\/a> til at mellemlande i Glasgow uden visum.<\/li>\n<\/ul>\n\n<div style=\"height:10px\" aria-hidden=\"true\" class=\"wp-block-spacer\"><\/div>\n\n<h2 class=\"wp-block-heading\">Hvor meget koster et visum til Glasgow?<\/h2>\n\n<p>Prisen p\u00e5 et visum til Glasgow afh\u00e6nger af, hvilken type visum du skal bruge for at rejse til Storbritannien. Det administrative gebyr for et turistvisum p\u00e5 op til 6 m\u00e5neder er \u00a3115. Ved l\u00e6ngere ophold er de <a href=\"https:\/\/uk-gb.net\/da\/hvor-meget-koster-et-visum-england\/\">administrative omkostninger ved visummet<\/a> h\u00f8jere. Hvis den rejsende er berettiget til at f\u00e5 en <a href=\"https:\/\/uk-gb.net\/da\/eta-england-forenede-kongerige\/\">ETA til Storbritannien,<\/a> vil prisen v\u00e6re lavere: <a href=\"https:\/\/uk-gb.net\/da\/pris-eta-uk\/\">Prisen for en ETA<\/a> er \u00a316 (ca. \u20ac19) pr. person.<\/p>\n\n<h2 class=\"wp-block-heading\">Hvordan f\u00e5r jeg visum til Glasgow?<\/h2>\n\n<p>For at f\u00e5 et visum til Glasgow skal udenlandske statsborgere f\u00f8lge en <a href=\"https:\/\/uk-gb.net\/da\/uk-visumansogningsprocedure\/\">online visumans\u00f8gningsprocedure<\/a>. Denne proces best\u00e5r af flere faser:<\/p>\n\n<ul class=\"wp-block-list\">\n<li>V\u00e6lg visumtype alt efter form\u00e5let med rejsen;<\/li>\n\n\n\n<li>Saml den n\u00f8dvendige dokumentation;<\/li>\n\n\n\n<li>Udfyld den online visumans\u00f8gningsformular;<\/li>\n\n\n\n<li>Betal <a href=\"https:\/\/uk-gb.net\/da\/hvor-meget-koster-et-visum-england\/\">visumgebyret<\/a>;<\/li>\n\n\n\n<li>Lav en aftale med en <a href=\"https:\/\/uk-gb.net\/da\/ambassade-england-det-forenede-rige-i-danmark\/\">britisk ambassade<\/a>;<\/li>\n\n\n\n<li>Indsendelse af dokumenter for at f\u00e6rdigg\u00f8re visumans\u00f8gningen;<\/li>\n\n\n\n<li>Deltag i et <a href=\"https:\/\/uk-gb.net\/da\/visumudaevnelse-ambassade-england\/\">visumsamtale<\/a>, hvis din ans\u00f8gning kr\u00e6ver det.<\/li>\n<\/ul>\n\n<div style=\"height:10px\" aria-hidden=\"true\" class=\"wp-block-spacer\"><\/div>\n\n<h2 class=\"wp-block-heading\">Brug en ETA-tilladelse til at rejse til Glasgow<\/h2>\n\n<p>En kvalificeret udenlandsk statsborger kan ans\u00f8ge om ETA for at rejse til Glasgow. Det tager meget kort tid at f\u00e5 det. ETA&#8217;en for Glasgow er gyldig i 2 \u00e5r for ophold p\u00e5 op til 6 p\u00e5 hinanden f\u00f8lgende m\u00e5neder i Storbritannien.  <\/p>\n\n<p><\/p>\n","protected":false},"excerpt":{"rendered":"<p>Skal man have visum for at rejse til Glasgow? Glasgow er en by i det vestlige Skotland ved bredden af floden Clyde. Udenlandske statsborgere, der \u00f8nsker at rejse til Glasgow, skal v\u00e6re i besiddelse af en britisk rejsetilladelse. Der findes flere typer rejsetilladelser til rejser til Glasgow. Lad os se p\u00e5 de forskellige muligheder. Hvilken [&hellip;]<\/p>\n","protected":false},"author":1,"featured_media":0,"parent":0,"menu_order":0,"comment_status":"closed","ping_status":"closed","template":"","meta":{"footnotes":""},"class_list":["post-2569","page","type-page","status-publish","hentry"],"yoast_head":"<!-- This site is optimized with the Yoast SEO plugin v27.3 - https:\/\/yoast.com\/product\/yoast-seo-wordpress\/ -->\n<title>Visum til at rejse til Glasgow - UK GB<\/title>\n<meta name=\"description\" content=\"At f\u00e5 et rejsevisum til Glasgow. Der kr\u00e6ves en rejsetilladelse for at rejse til eller mellemlande i Glasgow.\" \/>\n<meta name=\"robots\" content=\"index, follow, max-snippet:-1, max-image-preview:large, max-video-preview:-1\" \/>\n<link rel=\"canonical\" href=\"https:\/\/uk-gb.net\/da\/visum-til-glasgow\/\" \/>\n<meta property=\"og:locale\" content=\"da_DK\" \/>\n<meta property=\"og:type\" content=\"article\" \/>\n<meta property=\"og:title\" content=\"Visum til at rejse til Glasgow - UK GB\" \/>\n<meta property=\"og:description\" content=\"At f\u00e5 et rejsevisum til Glasgow. Der kr\u00e6ves en rejsetilladelse for at rejse til eller mellemlande i Glasgow.\" \/>\n<meta property=\"og:url\" content=\"https:\/\/uk-gb.net\/da\/visum-til-glasgow\/\" \/>\n<meta property=\"og:site_name\" content=\"UK GB\" \/>\n<meta property=\"article:modified_time\" content=\"2025-08-27T16:15:19+00:00\" \/>\n<meta name=\"twitter:card\" content=\"summary_large_image\" \/>\n<meta name=\"twitter:label1\" content=\"Estimeret l\u00e6setid\" \/>\n\t<meta name=\"twitter:data1\" content=\"2 minutter\" \/>\n<script type=\"application\/ld+json\" class=\"yoast-schema-graph\">{\"@context\":\"https:\\\/\\\/schema.org\",\"@graph\":[{\"@type\":\"WebPage\",\"@id\":\"https:\\\/\\\/uk-gb.net\\\/da\\\/visum-til-glasgow\\\/\",\"url\":\"https:\\\/\\\/uk-gb.net\\\/da\\\/visum-til-glasgow\\\/\",\"name\":\"Visum til at rejse til Glasgow - UK GB\",\"isPartOf\":{\"@id\":\"https:\\\/\\\/uk-gb.net\\\/da\\\/#website\"},\"datePublished\":\"2023-12-07T17:29:32+00:00\",\"dateModified\":\"2025-08-27T16:15:19+00:00\",\"description\":\"At f\u00e5 et rejsevisum til Glasgow. Der kr\u00e6ves en rejsetilladelse for at rejse til eller mellemlande i Glasgow.\",\"inLanguage\":\"da-DK\",\"potentialAction\":[{\"@type\":\"ReadAction\",\"target\":[\"https:\\\/\\\/uk-gb.net\\\/da\\\/visum-til-glasgow\\\/\"]}]},{\"@type\":\"WebSite\",\"@id\":\"https:\\\/\\\/uk-gb.net\\\/da\\\/#website\",\"url\":\"https:\\\/\\\/uk-gb.net\\\/da\\\/\",\"name\":\"UK GB\",\"description\":\"Travel to the UK\",\"potentialAction\":[{\"@type\":\"SearchAction\",\"target\":{\"@type\":\"EntryPoint\",\"urlTemplate\":\"https:\\\/\\\/uk-gb.net\\\/da\\\/?s={search_term_string}\"},\"query-input\":{\"@type\":\"PropertyValueSpecification\",\"valueRequired\":true,\"valueName\":\"search_term_string\"}}],\"inLanguage\":\"da-DK\"}]}<\/script>\n<!-- \/ Yoast SEO plugin. -->","yoast_head_json":{"title":"Visum til at rejse til Glasgow - UK GB","description":"At f\u00e5 et rejsevisum til Glasgow. Der kr\u00e6ves en rejsetilladelse for at rejse til eller mellemlande i Glasgow.","robots":{"index":"index","follow":"follow","max-snippet":"max-snippet:-1","max-image-preview":"max-image-preview:large","max-video-preview":"max-video-preview:-1"},"canonical":"https:\/\/uk-gb.net\/da\/visum-til-glasgow\/","og_locale":"da_DK","og_type":"article","og_title":"Visum til at rejse til Glasgow - UK GB","og_description":"At f\u00e5 et rejsevisum til Glasgow. Der kr\u00e6ves en rejsetilladelse for at rejse til eller mellemlande i Glasgow.","og_url":"https:\/\/uk-gb.net\/da\/visum-til-glasgow\/","og_site_name":"UK GB","article_modified_time":"2025-08-27T16:15:19+00:00","twitter_card":"summary_large_image","twitter_misc":{"Estimeret l\u00e6setid":"2 minutter"},"schema":{"@context":"https:\/\/schema.org","@graph":[{"@type":"WebPage","@id":"https:\/\/uk-gb.net\/da\/visum-til-glasgow\/","url":"https:\/\/uk-gb.net\/da\/visum-til-glasgow\/","name":"Visum til at rejse til Glasgow - UK GB","isPartOf":{"@id":"https:\/\/uk-gb.net\/da\/#website"},"datePublished":"2023-12-07T17:29:32+00:00","dateModified":"2025-08-27T16:15:19+00:00","description":"At f\u00e5 et rejsevisum til Glasgow. Der kr\u00e6ves en rejsetilladelse for at rejse til eller mellemlande i Glasgow.","inLanguage":"da-DK","potentialAction":[{"@type":"ReadAction","target":["https:\/\/uk-gb.net\/da\/visum-til-glasgow\/"]}]},{"@type":"WebSite","@id":"https:\/\/uk-gb.net\/da\/#website","url":"https:\/\/uk-gb.net\/da\/","name":"UK GB","description":"Travel to the UK","potentialAction":[{"@type":"SearchAction","target":{"@type":"EntryPoint","urlTemplate":"https:\/\/uk-gb.net\/da\/?s={search_term_string}"},"query-input":{"@type":"PropertyValueSpecification","valueRequired":true,"valueName":"search_term_string"}}],"inLanguage":"da-DK"}]}},"_links":{"self":[{"href":"https:\/\/uk-gb.net\/da\/wp-json\/wp\/v2\/pages\/2569","targetHints":{"allow":["GET"]}}],"collection":[{"href":"https:\/\/uk-gb.net\/da\/wp-json\/wp\/v2\/pages"}],"about":[{"href":"https:\/\/uk-gb.net\/da\/wp-json\/wp\/v2\/types\/page"}],"author":[{"embeddable":true,"href":"https:\/\/uk-gb.net\/da\/wp-json\/wp\/v2\/users\/1"}],"replies":[{"embeddable":true,"href":"https:\/\/uk-gb.net\/da\/wp-json\/wp\/v2\/comments?post=2569"}],"version-history":[{"count":0,"href":"https:\/\/uk-gb.net\/da\/wp-json\/wp\/v2\/pages\/2569\/revisions"}],"wp:attachment":[{"href":"https:\/\/uk-gb.net\/da\/wp-json\/wp\/v2\/media?parent=2569"}],"curies":[{"name":"wp","href":"https:\/\/api.w.org\/{rel}","templated":true}]}}