{"id":2561,"date":"2023-12-19T15:47:45","date_gmt":"2023-12-19T15:47:45","guid":{"rendered":"https:\/\/uk-gb.net\/visum-til-cardiff\/"},"modified":"2025-12-28T13:33:26","modified_gmt":"2025-12-28T13:33:26","slug":"visum-til-cardiff","status":"publish","type":"page","link":"https:\/\/uk-gb.net\/da\/visum-til-cardiff\/","title":{"rendered":"Visum til at rejse til Cardiff i Wales"},"content":{"rendered":"\n<p><a href=\"https:\/\/uk-gb.net\/da\/cardiff\/\">Cardiff<\/a> er en by i det sydlige Wales ved bredden af Severn-flodmundingen. Den har v\u00e6ret walisisk hovedstad siden 1955 og er kendt for sin kulturarv, sin rige maritime fortid og sin centrale rolle i Wales&#8217; politiske og \u00f8konomiske historie. <\/p>\n\n<h1 class=\"wp-block-heading\">Visum til at rejse til Cardiff<\/h1>\n\n<p><br\/>Udenlandske statsborgere, der \u00f8nsker at rejse til Cardiff, skal v\u00e6re i besiddelse af en britisk rejsetilladelse. Der findes flere typer rejsetilladelser til rejser til Cardiff. <\/p>\n\n<h2 class=\"wp-block-heading\">Skal jeg have visum til Cardiff?<\/h2>\n\n<p><a href=\"https:\/\/uk-gb.net\/da\/cardiff\/\">Cardiff<\/a> er hovedstaden i Wales, s\u00e5 alle udenlandske statsborgere, der \u00f8nsker at rejse ind i Storbritannien via Cardiff, skal v\u00e6re i besiddelse af en gyldig rejsetilladelse. Afh\u00e6ngigt af form\u00e5let med deres ophold i Cardiff kan bes\u00f8gende ans\u00f8ge om et <a href=\"https:\/\/uk-gb.net\/da\/storbritannien-turistvisum\/\">turistvisum<\/a>.<\/p>\n\n<p><strong>Ved ophold p\u00e5 under 6 m\u00e5neder<\/strong>: Det er ikke n\u00f8dvendigt at f\u00e5 visum til Cardiff, da de fleste europ\u00e6iske lande fritager deres statsborgere for visumkrav. For nylig har nogle lande i Mellem\u00f8sten ogs\u00e5 v\u00e6ret i stand til at f\u00e5 en <a href=\"https:\/\/uk-gb.net\/da\/online-formular-eta-visum-england\/\">ETA-rejsetilladelse nemt og enkelt online<\/a>. <\/p>\n\n<div style=\"height:10px\" aria-hidden=\"true\" class=\"wp-block-spacer\"><\/div>\n\n<h2 class=\"wp-block-heading\">Skal jeg have visum for at overnatte i Cardiff?<\/h2>\n\n<p>Der er to m\u00e5der at ringe til Cardiff p\u00e5:<\/p>\n\n<ul class=\"wp-block-list\">\n<li>Rejsende kan ans\u00f8ge om et <a href=\"https:\/\/uk-gb.net\/da\/storbritannien-transitvisum\/\">transitvisum<\/a> til en mellemlanding i Cardiff;<\/li>\n\n\n\n<li>Hvis den rejsende er statsborger i et <a href=\"https:\/\/uk-gb.net\/da\/lande-der-kan-ansoge-eta-uk\/\">land, der er medlem af det britiske visumfritagelsesprogram<\/a>, kan de <a href=\"https:\/\/uk-gb.net\/da\/online-formular-eta-visum-england\/\">ans\u00f8ge om en britisk ETA<\/a> til at mellemlande i Cardiff uden visum.<\/li>\n<\/ul>\n\n<div style=\"height:10px\" aria-hidden=\"true\" class=\"wp-block-spacer\"><\/div>\n\n<h2 class=\"wp-block-heading\">Hvor meget koster et visum til Cardiff?<\/h2>\n\n<p>Prisen p\u00e5 et visum til Cardiff afh\u00e6nger af, hvilken type visum du skal bruge for at rejse til Storbritannien. Det administrative gebyr for et turistvisum p\u00e5 op til 6 m\u00e5neder er \u00a3115. Ved l\u00e6ngere ophold er de <a href=\"https:\/\/uk-gb.net\/da\/hvor-meget-koster-et-visum-england\/\">administrative omkostninger ved visummet<\/a> h\u00f8jere. Hvis den rejsende er berettiget til at f\u00e5 en <a href=\"https:\/\/uk-gb.net\/da\/eta-england-forenede-kongerige\/\">ETA til Storbritannien<\/a>, vil prisen v\u00e6re lavere: <a href=\"https:\/\/uk-gb.net\/da\/pris-eta-uk\/\">En ETA koster<\/a> mindst \u00a310.   <\/p>\n\n<h2 class=\"wp-block-heading\">Hvordan f\u00e5r jeg visum til Cardiff?<\/h2>\n\n<p>For at f\u00e5 et visum til Cardiff skal udenlandske statsborgere f\u00f8lge en <a href=\"https:\/\/uk-gb.net\/da\/uk-visumansogningsprocedure\/\">online visumans\u00f8gningsprocedure<\/a>. Denne proces best\u00e5r af flere faser:<\/p>\n\n<ul class=\"wp-block-list\">\n<li>V\u00e6lg visumtype alt efter form\u00e5let med rejsen;<\/li>\n\n\n\n<li>Saml den n\u00f8dvendige dokumentation;<\/li>\n\n\n\n<li>Udfyld den online visumans\u00f8gningsformular;<\/li>\n\n\n\n<li>Betal <a href=\"https:\/\/uk-gb.net\/da\/hvor-meget-koster-et-visum-england\/\">visumgebyret<\/a>;<\/li>\n\n\n\n<li>Lav en aftale med en <a href=\"https:\/\/uk-gb.net\/da\/ambassade-england-det-forenede-rige-i-danmark\/\">britisk ambassade<\/a>;<\/li>\n\n\n\n<li>Indsendelse af dokumenter for at f\u00e6rdigg\u00f8re visumans\u00f8gningen;<\/li>\n\n\n\n<li>Deltag i et <a href=\"https:\/\/uk-gb.net\/da\/visumudaevnelse-ambassade-england\/\">visumsamtale<\/a>, hvis din ans\u00f8gning kr\u00e6ver det.<\/li>\n<\/ul>\n\n<div style=\"height:10px\" aria-hidden=\"true\" class=\"wp-block-spacer\"><\/div>\n\n<h2 class=\"wp-block-heading\">Skal jeg have ETA-tilladelse til Cardiff?<\/h2>\n\n<p>En kvalificeret udenlandsk statsborger kan ans\u00f8ge om ETA for at rejse til Cardiff. Det tager meget kort tid at f\u00e5 det. ETA&#8217;en for Cardiff er gyldig i 2 \u00e5r for ophold p\u00e5 op til 6 p\u00e5 hinanden f\u00f8lgende m\u00e5neder i Storbritannien.  <\/p>\n\n<h2 class=\"wp-block-heading\">Billede af et visum til Cardiff i Wales<\/h2>\n\n<p>Dette er et billede af et visum til Wales. Dette visum giver dig mulighed for at rejse ind i Storbritannien via byen <a href=\"https:\/\/uk-gb.net\/da\/cardiff\/\">Cardiff<\/a>. <\/p>\n","protected":false},"excerpt":{"rendered":"<p>Cardiff er en by i det sydlige Wales ved bredden af Severn-flodmundingen. Den har v\u00e6ret walisisk hovedstad siden 1955 og er kendt for sin kulturarv, sin rige maritime fortid og sin centrale rolle i Wales&#8217; politiske og \u00f8konomiske historie. Visum til at rejse til Cardiff Udenlandske statsborgere, der \u00f8nsker at rejse til Cardiff, skal v\u00e6re [&hellip;]<\/p>\n","protected":false},"author":1,"featured_media":0,"parent":0,"menu_order":0,"comment_status":"closed","ping_status":"closed","template":"","meta":{"footnotes":""},"class_list":["post-2561","page","type-page","status-publish","hentry"],"yoast_head":"<!-- This site is optimized with the Yoast SEO plugin v27.3 - https:\/\/yoast.com\/product\/yoast-seo-wordpress\/ -->\n<title>Visum til at rejse til Cardiff i Wales - UK GB<\/title>\n<meta name=\"description\" content=\"F\u00e5 et visum eller rejsedokument til Cardiff. Der kr\u00e6ves tilladelse til at lande i Cardiff, Wales.\" \/>\n<meta name=\"robots\" content=\"index, follow, max-snippet:-1, max-image-preview:large, max-video-preview:-1\" \/>\n<link rel=\"canonical\" href=\"https:\/\/uk-gb.net\/da\/visum-til-cardiff\/\" \/>\n<meta property=\"og:locale\" content=\"da_DK\" \/>\n<meta property=\"og:type\" content=\"article\" \/>\n<meta property=\"og:title\" content=\"Visum til at rejse til Cardiff i Wales - UK GB\" \/>\n<meta property=\"og:description\" content=\"F\u00e5 et visum eller rejsedokument til Cardiff. Der kr\u00e6ves tilladelse til at lande i Cardiff, Wales.\" \/>\n<meta property=\"og:url\" content=\"https:\/\/uk-gb.net\/da\/visum-til-cardiff\/\" \/>\n<meta property=\"og:site_name\" content=\"UK GB\" \/>\n<meta property=\"article:modified_time\" content=\"2025-12-28T13:33:26+00:00\" \/>\n<meta name=\"twitter:card\" content=\"summary_large_image\" \/>\n<meta name=\"twitter:label1\" content=\"Estimeret l\u00e6setid\" \/>\n\t<meta name=\"twitter:data1\" content=\"2 minutter\" \/>\n<script type=\"application\/ld+json\" class=\"yoast-schema-graph\">{\"@context\":\"https:\\\/\\\/schema.org\",\"@graph\":[{\"@type\":\"WebPage\",\"@id\":\"https:\\\/\\\/uk-gb.net\\\/da\\\/visum-til-cardiff\\\/\",\"url\":\"https:\\\/\\\/uk-gb.net\\\/da\\\/visum-til-cardiff\\\/\",\"name\":\"Visum til at rejse til Cardiff i Wales - UK GB\",\"isPartOf\":{\"@id\":\"https:\\\/\\\/uk-gb.net\\\/da\\\/#website\"},\"datePublished\":\"2023-12-19T15:47:45+00:00\",\"dateModified\":\"2025-12-28T13:33:26+00:00\",\"description\":\"F\u00e5 et visum eller rejsedokument til Cardiff. Der kr\u00e6ves tilladelse til at lande i Cardiff, Wales.\",\"inLanguage\":\"da-DK\",\"potentialAction\":[{\"@type\":\"ReadAction\",\"target\":[\"https:\\\/\\\/uk-gb.net\\\/da\\\/visum-til-cardiff\\\/\"]}]},{\"@type\":\"WebSite\",\"@id\":\"https:\\\/\\\/uk-gb.net\\\/da\\\/#website\",\"url\":\"https:\\\/\\\/uk-gb.net\\\/da\\\/\",\"name\":\"UK GB\",\"description\":\"Travel to the UK\",\"potentialAction\":[{\"@type\":\"SearchAction\",\"target\":{\"@type\":\"EntryPoint\",\"urlTemplate\":\"https:\\\/\\\/uk-gb.net\\\/da\\\/?s={search_term_string}\"},\"query-input\":{\"@type\":\"PropertyValueSpecification\",\"valueRequired\":true,\"valueName\":\"search_term_string\"}}],\"inLanguage\":\"da-DK\"}]}<\/script>\n<!-- \/ Yoast SEO plugin. -->","yoast_head_json":{"title":"Visum til at rejse til Cardiff i Wales - UK GB","description":"F\u00e5 et visum eller rejsedokument til Cardiff. Der kr\u00e6ves tilladelse til at lande i Cardiff, Wales.","robots":{"index":"index","follow":"follow","max-snippet":"max-snippet:-1","max-image-preview":"max-image-preview:large","max-video-preview":"max-video-preview:-1"},"canonical":"https:\/\/uk-gb.net\/da\/visum-til-cardiff\/","og_locale":"da_DK","og_type":"article","og_title":"Visum til at rejse til Cardiff i Wales - UK GB","og_description":"F\u00e5 et visum eller rejsedokument til Cardiff. Der kr\u00e6ves tilladelse til at lande i Cardiff, Wales.","og_url":"https:\/\/uk-gb.net\/da\/visum-til-cardiff\/","og_site_name":"UK GB","article_modified_time":"2025-12-28T13:33:26+00:00","twitter_card":"summary_large_image","twitter_misc":{"Estimeret l\u00e6setid":"2 minutter"},"schema":{"@context":"https:\/\/schema.org","@graph":[{"@type":"WebPage","@id":"https:\/\/uk-gb.net\/da\/visum-til-cardiff\/","url":"https:\/\/uk-gb.net\/da\/visum-til-cardiff\/","name":"Visum til at rejse til Cardiff i Wales - UK GB","isPartOf":{"@id":"https:\/\/uk-gb.net\/da\/#website"},"datePublished":"2023-12-19T15:47:45+00:00","dateModified":"2025-12-28T13:33:26+00:00","description":"F\u00e5 et visum eller rejsedokument til Cardiff. Der kr\u00e6ves tilladelse til at lande i Cardiff, Wales.","inLanguage":"da-DK","potentialAction":[{"@type":"ReadAction","target":["https:\/\/uk-gb.net\/da\/visum-til-cardiff\/"]}]},{"@type":"WebSite","@id":"https:\/\/uk-gb.net\/da\/#website","url":"https:\/\/uk-gb.net\/da\/","name":"UK GB","description":"Travel to the UK","potentialAction":[{"@type":"SearchAction","target":{"@type":"EntryPoint","urlTemplate":"https:\/\/uk-gb.net\/da\/?s={search_term_string}"},"query-input":{"@type":"PropertyValueSpecification","valueRequired":true,"valueName":"search_term_string"}}],"inLanguage":"da-DK"}]}},"_links":{"self":[{"href":"https:\/\/uk-gb.net\/da\/wp-json\/wp\/v2\/pages\/2561","targetHints":{"allow":["GET"]}}],"collection":[{"href":"https:\/\/uk-gb.net\/da\/wp-json\/wp\/v2\/pages"}],"about":[{"href":"https:\/\/uk-gb.net\/da\/wp-json\/wp\/v2\/types\/page"}],"author":[{"embeddable":true,"href":"https:\/\/uk-gb.net\/da\/wp-json\/wp\/v2\/users\/1"}],"replies":[{"embeddable":true,"href":"https:\/\/uk-gb.net\/da\/wp-json\/wp\/v2\/comments?post=2561"}],"version-history":[{"count":0,"href":"https:\/\/uk-gb.net\/da\/wp-json\/wp\/v2\/pages\/2561\/revisions"}],"wp:attachment":[{"href":"https:\/\/uk-gb.net\/da\/wp-json\/wp\/v2\/media?parent=2561"}],"curies":[{"name":"wp","href":"https:\/\/api.w.org\/{rel}","templated":true}]}}