{"id":2559,"date":"2023-12-19T15:52:54","date_gmt":"2023-12-19T15:52:54","guid":{"rendered":"https:\/\/uk-gb.net\/visum-cambridge\/"},"modified":"2026-02-05T13:57:18","modified_gmt":"2026-02-05T13:57:18","slug":"visum-cambridge","status":"publish","type":"page","link":"https:\/\/uk-gb.net\/da\/visum-cambridge\/","title":{"rendered":"Visum til at rejse til Cambridge i Storbritannien"},"content":{"rendered":"\n<h1 class=\"wp-block-heading\">Visum til rejser til eller ophold i Cambridge  <\/h1>\n\n<p><a href=\"https:\/\/uk-gb.net\/da\/cambridge\/\" type=\"page\" id=\"4530\">Cambridge <\/a>er en by i det \u00f8stlige England ved bredden af floden Cam. Den er kendt for sit prestigefyldte universitet, der blev grundlagt i 1209, og som har spillet en central rolle i Storbritanniens historie inden for uddannelse, forskning og innovation. <\/p>\n\n<p>Udenlandske statsborgere, der \u00f8nsker at rejse til Cambridge, skal v\u00e6re i besiddelse af en rejsetilladelse udstedt af Storbritannien. Der findes flere typer rejsetilladelser til rejser til Cambridge. <\/p>\n\n<h2 class=\"wp-block-heading\">Skal jeg have visum til Cambridge?<\/h2>\n\n<p>Cambridge er en storby i England, s\u00e5 alle udl\u00e6ndinge, der \u00f8nsker at rejse ind i Storbritannien via Cambridge, skal v\u00e6re i besiddelse af en opholdstilladelse. Afh\u00e6ngigt af form\u00e5let med opholdet i Cambridge kan bes\u00f8gende ans\u00f8ge om et <a href=\"https:\/\/uk-gb.net\/da\/storbritannien-turistvisum\/\">engelsk turistvisum<\/a>. <\/p>\n\n<p><strong>For ophold p\u00e5 under 6 m\u00e5neder<\/strong>: Du beh\u00f8ver ikke at f\u00e5 visum til Cambridge, da de fleste europ\u00e6iske lande fritager deres statsborgere for visumkrav. For nylig har nogle lande i Mellem\u00f8sten ogs\u00e5 v\u00e6ret i stand til at f\u00e5 en <a href=\"https:\/\/uk-gb.net\/da\/online-formular-eta-visum-england\/\">ETA-rejsetilladelse nemt og enkelt online<\/a>. <\/p>\n\n<div style=\"height:10px\" aria-hidden=\"true\" class=\"wp-block-spacer\"><\/div>\n\n<h2 class=\"wp-block-heading\">Skal jeg have visum til et stopover i Cambridge?<\/h2>\n\n<p>Der er to m\u00e5der at stoppe p\u00e5 i Cambridge:<\/p>\n\n<ul class=\"wp-block-list\">\n<li>Rejsende kan ans\u00f8ge om et <a href=\"https:\/\/uk-gb.net\/da\/storbritannien-transitvisum\/\">transitvisum<\/a> til en mellemlanding i <a href=\"https:\/\/uk-gb.net\/da\/cambridge\/\" type=\"page\" id=\"4530\">Cambridge<\/a>;<\/li>\n\n\n\n<li>Hvis den rejsende er statsborger i et <a href=\"https:\/\/uk-gb.net\/da\/lande-der-kan-ansoge-eta-uk\/\">land, der er medlem af det britiske visumfritagelsesprogram<\/a>, kan de <a href=\"https:\/\/uk-gb.net\/da\/online-formular-eta-visum-england\/\">ans\u00f8ge om en britisk ETA<\/a> til at bes\u00f8ge Cambridge uden visum.<\/li>\n<\/ul>\n\n<div style=\"height:10px\" aria-hidden=\"true\" class=\"wp-block-spacer\"><\/div>\n\n<h2 class=\"wp-block-heading\">Hvor meget koster et visum til Cambridge?<\/h2>\n\n<p>Prisen p\u00e5 et visum til <a href=\"https:\/\/uk-gb.net\/da\/cambridge\/\" type=\"page\" id=\"4530\">Cambridge<\/a> afh\u00e6nger af, hvilken type visum du skal bruge for at rejse til Storbritannien. Det administrative gebyr for et turistvisum p\u00e5 op til 6 m\u00e5neder er \u00a3115. Ved l\u00e6ngere ophold er de <a href=\"https:\/\/uk-gb.net\/da\/hvor-meget-koster-et-visum-england\/\">administrative omkostninger ved visummet<\/a> h\u00f8jere. Hvis den rejsende er berettiget til at f\u00e5 en <a href=\"https:\/\/uk-gb.net\/da\/eta-england-forenede-kongerige\/\">ETA til Storbritannien<\/a>, vil prisen v\u00e6re lavere: <a href=\"https:\/\/uk-gb.net\/da\/pris-eta-uk\/\">En ETA koster<\/a> mindst \u00a310.<\/p>\n\n<h2 class=\"wp-block-heading\">Hvordan f\u00e5r jeg et visum til Cambridge?<\/h2>\n\n<p>For at f\u00e5 et visum til Cambridge skal udenlandske statsborgere f\u00f8lge en <a href=\"https:\/\/uk-gb.net\/da\/uk-visumansogningsprocedure\/\">online visumans\u00f8gningsprocedure<\/a>. Denne proces best\u00e5r af flere faser:<\/p>\n\n<ul class=\"wp-block-list\">\n<li>V\u00e6lg visumtype alt efter form\u00e5let med rejsen;<\/li>\n\n\n\n<li>Saml den n\u00f8dvendige dokumentation;<\/li>\n\n\n\n<li>Udfyld den online visumans\u00f8gningsformular;<\/li>\n\n\n\n<li>Betal <a href=\"https:\/\/uk-gb.net\/da\/hvor-meget-koster-et-visum-england\/\">visumgebyret<\/a>;<\/li>\n\n\n\n<li>Lav en aftale med en <a href=\"https:\/\/uk-gb.net\/da\/ambassade-england-det-forenede-rige-i-danmark\/\">britisk ambassade<\/a>;<\/li>\n\n\n\n<li>Indsendelse af dokumenter for at f\u00e6rdigg\u00f8re visumans\u00f8gningen;<\/li>\n\n\n\n<li>Deltag i et <a href=\"https:\/\/uk-gb.net\/da\/visumudaevnelse-ambassade-england\/\">visumsamtale<\/a>, hvis din ans\u00f8gning kr\u00e6ver det.<\/li>\n<\/ul>\n\n<div style=\"height:10px\" aria-hidden=\"true\" class=\"wp-block-spacer\"><\/div>\n\n<h2 class=\"wp-block-heading\">Skal jeg have ETA-autorisation til Cambridge?<\/h2>\n\n<p>En kvalificeret udenlandsk statsborger kan ans\u00f8ge om en ETA til Cambridge. Det tager meget kort tid at f\u00e5 det. ETA&#8217;en for Oxford er gyldig i 2 \u00e5r for ophold p\u00e5 op til 6 p\u00e5 hinanden f\u00f8lgende m\u00e5neder i Storbritannien.  <\/p>\n\n<h2 class=\"wp-block-heading\">Billede af et visum til Cambridge i Storbritannien<\/h2>\n\n<p>Dette er et foto af et visum til England. Dette visum giver dig mulighed for at rejse ind i Storbritannien via byen Cambridge. <\/p>\n\n<figure class=\"wp-block-image size-full\"><img fetchpriority=\"high\" decoding=\"async\" width=\"564\" height=\"338\" src=\"https:\/\/uk-gb.net\/wp-content\/uploads\/2024\/03\/UK-visa-C.jpg\" alt=\"Turistvisum Storbritannien\" class=\"wp-image-1890\" srcset=\"https:\/\/uk-gb.net\/wp-content\/uploads\/2024\/03\/UK-visa-C.jpg 564w, https:\/\/uk-gb.net\/wp-content\/uploads\/2024\/03\/UK-visa-C-300x180.jpg 300w\" sizes=\"(max-width: 564px) 100vw, 564px\" \/><figcaption class=\"wp-element-caption\">Foto <a href=\"https:\/\/uk-gb.net\/da\/storbritannien-turistvisum\/\">turistvisum England<\/a><\/figcaption><\/figure>\n\n<p><\/p>\n","protected":false},"excerpt":{"rendered":"<p>Visum til rejser til eller ophold i Cambridge Cambridge er en by i det \u00f8stlige England ved bredden af floden Cam. Den er kendt for sit prestigefyldte universitet, der blev grundlagt i 1209, og som har spillet en central rolle i Storbritanniens historie inden for uddannelse, forskning og innovation. Udenlandske statsborgere, der \u00f8nsker at rejse [&hellip;]<\/p>\n","protected":false},"author":1,"featured_media":0,"parent":0,"menu_order":0,"comment_status":"closed","ping_status":"closed","template":"","meta":{"footnotes":""},"class_list":["post-2559","page","type-page","status-publish","hentry"],"yoast_head":"<!-- This site is optimized with the Yoast SEO plugin v27.3 - https:\/\/yoast.com\/product\/yoast-seo-wordpress\/ -->\n<title>Visum til at rejse til Cambridge i Storbritannien - UK GB<\/title>\n<meta name=\"description\" content=\"F\u00e5 et visum eller rejsecertifikat til Cambridge. Der kr\u00e6ves tilladelse til at rejse til eller overnatte i Cambridge\" \/>\n<meta name=\"robots\" content=\"index, follow, max-snippet:-1, max-image-preview:large, max-video-preview:-1\" \/>\n<link rel=\"canonical\" href=\"https:\/\/uk-gb.net\/da\/visum-cambridge\/\" \/>\n<meta property=\"og:locale\" content=\"da_DK\" \/>\n<meta property=\"og:type\" content=\"article\" \/>\n<meta property=\"og:title\" content=\"Visum til at rejse til Cambridge i Storbritannien - UK GB\" \/>\n<meta property=\"og:description\" content=\"F\u00e5 et visum eller rejsecertifikat til Cambridge. Der kr\u00e6ves tilladelse til at rejse til eller overnatte i Cambridge\" \/>\n<meta property=\"og:url\" content=\"https:\/\/uk-gb.net\/da\/visum-cambridge\/\" \/>\n<meta property=\"og:site_name\" content=\"UK GB\" \/>\n<meta property=\"article:modified_time\" content=\"2026-02-05T13:57:18+00:00\" \/>\n<meta property=\"og:image\" content=\"https:\/\/uk-gb.net\/wp-content\/uploads\/2024\/03\/UK-visa-C.jpg\" \/>\n\t<meta property=\"og:image:width\" content=\"564\" \/>\n\t<meta property=\"og:image:height\" content=\"338\" \/>\n\t<meta property=\"og:image:type\" content=\"image\/jpeg\" \/>\n<meta name=\"twitter:card\" content=\"summary_large_image\" \/>\n<meta name=\"twitter:label1\" content=\"Estimeret l\u00e6setid\" \/>\n\t<meta name=\"twitter:data1\" content=\"2 minutter\" \/>\n<script type=\"application\/ld+json\" class=\"yoast-schema-graph\">{\"@context\":\"https:\\\/\\\/schema.org\",\"@graph\":[{\"@type\":\"WebPage\",\"@id\":\"https:\\\/\\\/uk-gb.net\\\/da\\\/visum-cambridge\\\/\",\"url\":\"https:\\\/\\\/uk-gb.net\\\/da\\\/visum-cambridge\\\/\",\"name\":\"Visum til at rejse til Cambridge i Storbritannien - UK GB\",\"isPartOf\":{\"@id\":\"https:\\\/\\\/uk-gb.net\\\/da\\\/#website\"},\"primaryImageOfPage\":{\"@id\":\"https:\\\/\\\/uk-gb.net\\\/da\\\/visum-cambridge\\\/#primaryimage\"},\"image\":{\"@id\":\"https:\\\/\\\/uk-gb.net\\\/da\\\/visum-cambridge\\\/#primaryimage\"},\"thumbnailUrl\":\"https:\\\/\\\/uk-gb.net\\\/wp-content\\\/uploads\\\/2024\\\/03\\\/UK-visa-C.jpg\",\"datePublished\":\"2023-12-19T15:52:54+00:00\",\"dateModified\":\"2026-02-05T13:57:18+00:00\",\"description\":\"F\u00e5 et visum eller rejsecertifikat til Cambridge. Der kr\u00e6ves tilladelse til at rejse til eller overnatte i Cambridge\",\"inLanguage\":\"da-DK\",\"potentialAction\":[{\"@type\":\"ReadAction\",\"target\":[\"https:\\\/\\\/uk-gb.net\\\/da\\\/visum-cambridge\\\/\"]}]},{\"@type\":\"ImageObject\",\"inLanguage\":\"da-DK\",\"@id\":\"https:\\\/\\\/uk-gb.net\\\/da\\\/visum-cambridge\\\/#primaryimage\",\"url\":\"https:\\\/\\\/uk-gb.net\\\/wp-content\\\/uploads\\\/2024\\\/03\\\/UK-visa-C.jpg\",\"contentUrl\":\"https:\\\/\\\/uk-gb.net\\\/wp-content\\\/uploads\\\/2024\\\/03\\\/UK-visa-C.jpg\"},{\"@type\":\"WebSite\",\"@id\":\"https:\\\/\\\/uk-gb.net\\\/da\\\/#website\",\"url\":\"https:\\\/\\\/uk-gb.net\\\/da\\\/\",\"name\":\"UK GB\",\"description\":\"Travel to the UK\",\"potentialAction\":[{\"@type\":\"SearchAction\",\"target\":{\"@type\":\"EntryPoint\",\"urlTemplate\":\"https:\\\/\\\/uk-gb.net\\\/da\\\/?s={search_term_string}\"},\"query-input\":{\"@type\":\"PropertyValueSpecification\",\"valueRequired\":true,\"valueName\":\"search_term_string\"}}],\"inLanguage\":\"da-DK\"}]}<\/script>\n<!-- \/ Yoast SEO plugin. -->","yoast_head_json":{"title":"Visum til at rejse til Cambridge i Storbritannien - UK GB","description":"F\u00e5 et visum eller rejsecertifikat til Cambridge. Der kr\u00e6ves tilladelse til at rejse til eller overnatte i Cambridge","robots":{"index":"index","follow":"follow","max-snippet":"max-snippet:-1","max-image-preview":"max-image-preview:large","max-video-preview":"max-video-preview:-1"},"canonical":"https:\/\/uk-gb.net\/da\/visum-cambridge\/","og_locale":"da_DK","og_type":"article","og_title":"Visum til at rejse til Cambridge i Storbritannien - UK GB","og_description":"F\u00e5 et visum eller rejsecertifikat til Cambridge. Der kr\u00e6ves tilladelse til at rejse til eller overnatte i Cambridge","og_url":"https:\/\/uk-gb.net\/da\/visum-cambridge\/","og_site_name":"UK GB","article_modified_time":"2026-02-05T13:57:18+00:00","og_image":[{"width":564,"height":338,"url":"https:\/\/uk-gb.net\/wp-content\/uploads\/2024\/03\/UK-visa-C.jpg","type":"image\/jpeg"}],"twitter_card":"summary_large_image","twitter_misc":{"Estimeret l\u00e6setid":"2 minutter"},"schema":{"@context":"https:\/\/schema.org","@graph":[{"@type":"WebPage","@id":"https:\/\/uk-gb.net\/da\/visum-cambridge\/","url":"https:\/\/uk-gb.net\/da\/visum-cambridge\/","name":"Visum til at rejse til Cambridge i Storbritannien - UK GB","isPartOf":{"@id":"https:\/\/uk-gb.net\/da\/#website"},"primaryImageOfPage":{"@id":"https:\/\/uk-gb.net\/da\/visum-cambridge\/#primaryimage"},"image":{"@id":"https:\/\/uk-gb.net\/da\/visum-cambridge\/#primaryimage"},"thumbnailUrl":"https:\/\/uk-gb.net\/wp-content\/uploads\/2024\/03\/UK-visa-C.jpg","datePublished":"2023-12-19T15:52:54+00:00","dateModified":"2026-02-05T13:57:18+00:00","description":"F\u00e5 et visum eller rejsecertifikat til Cambridge. Der kr\u00e6ves tilladelse til at rejse til eller overnatte i Cambridge","inLanguage":"da-DK","potentialAction":[{"@type":"ReadAction","target":["https:\/\/uk-gb.net\/da\/visum-cambridge\/"]}]},{"@type":"ImageObject","inLanguage":"da-DK","@id":"https:\/\/uk-gb.net\/da\/visum-cambridge\/#primaryimage","url":"https:\/\/uk-gb.net\/wp-content\/uploads\/2024\/03\/UK-visa-C.jpg","contentUrl":"https:\/\/uk-gb.net\/wp-content\/uploads\/2024\/03\/UK-visa-C.jpg"},{"@type":"WebSite","@id":"https:\/\/uk-gb.net\/da\/#website","url":"https:\/\/uk-gb.net\/da\/","name":"UK GB","description":"Travel to the UK","potentialAction":[{"@type":"SearchAction","target":{"@type":"EntryPoint","urlTemplate":"https:\/\/uk-gb.net\/da\/?s={search_term_string}"},"query-input":{"@type":"PropertyValueSpecification","valueRequired":true,"valueName":"search_term_string"}}],"inLanguage":"da-DK"}]}},"_links":{"self":[{"href":"https:\/\/uk-gb.net\/da\/wp-json\/wp\/v2\/pages\/2559","targetHints":{"allow":["GET"]}}],"collection":[{"href":"https:\/\/uk-gb.net\/da\/wp-json\/wp\/v2\/pages"}],"about":[{"href":"https:\/\/uk-gb.net\/da\/wp-json\/wp\/v2\/types\/page"}],"author":[{"embeddable":true,"href":"https:\/\/uk-gb.net\/da\/wp-json\/wp\/v2\/users\/1"}],"replies":[{"embeddable":true,"href":"https:\/\/uk-gb.net\/da\/wp-json\/wp\/v2\/comments?post=2559"}],"version-history":[{"count":0,"href":"https:\/\/uk-gb.net\/da\/wp-json\/wp\/v2\/pages\/2559\/revisions"}],"wp:attachment":[{"href":"https:\/\/uk-gb.net\/da\/wp-json\/wp\/v2\/media?parent=2559"}],"curies":[{"name":"wp","href":"https:\/\/api.w.org\/{rel}","templated":true}]}}