{"id":2553,"date":"2023-12-31T15:10:49","date_gmt":"2023-12-31T15:10:49","guid":{"rendered":"https:\/\/uk-gb.net\/visum-england-fra-frankrig\/"},"modified":"2026-03-02T14:34:58","modified_gmt":"2026-03-02T14:34:58","slug":"visum-england-fra-frankrig","status":"publish","type":"page","link":"https:\/\/uk-gb.net\/da\/visum-england-fra-frankrig\/","title":{"rendered":"Visum til England fra Frankrig"},"content":{"rendered":"\n<h1 class=\"wp-block-heading\">Formaliteter for at rejse til England fra Frankrig<\/h1>\n\n<h2 class=\"wp-block-heading\">Skal franske statsborgere have visum for at rejse til England?<\/h2>\n\n<p><strong>En fransk statsborger beh\u00f8ver ikke visum til Storbritannien for et ophold p\u00e5 mindre end 6 m\u00e5neder<\/strong> takket v\u00e6re det britiske visumfritagelsesprogram. Alt, hvad de skal g\u00f8re, er at ans\u00f8ge om en elektronisk rejsetilladelse ved at udfylde <a href=\"https:\/\/uk-gb.net\/da\/online-formular-eta-visum-england\/\">eTA UK-formularen online.<\/a><\/p>\n\n<div style=\"height:20px\" aria-hidden=\"true\" class=\"wp-block-spacer\"><\/div>\n\n<h2 class=\"wp-block-heading\">Skal udenlandske statsborgere, der bor i Frankrig, have visum til Storbritannien?<\/h2>\n\n<p>De formaliteter, der kr\u00e6ves for at komme ind i Storbritannien, afh\u00e6nger af den rejsendes nationalitet:<\/p>\n\n<ul class=\"wp-block-list\">\n<li>Hvis den udenlandske borger i Frankrig er statsborger i et <a href=\"https:\/\/uk-gb.net\/da\/lande-der-kan-ansoge-eta-uk\/\">land der er omfattet af visumfritagelsesprogrammet<\/a>, kan han eller hun ans\u00f8ge om en <a href=\"https:\/\/uk-gb.net\/da\/eta-england-forenede-kongerige\/\">britisk ETA<\/a> for et ophold p\u00e5 mindre end 6 m\u00e5neder.<\/li>\n\n\n\n<li>Ellers skal de have et <a href=\"https:\/\/uk-gb.net\/da\/forskellige-typer-britisk-visum\/\">visum for at rejse til England<\/a>.<\/li>\n<\/ul>\n\n<p>En udl\u00e6nding, der bor i Frankrig, kan derfor f\u00e5 en ETA, hvis hans eller hendes oprindelsesland nyder godt af britisk visumfritagelse.<\/p>\n\n<h2 class=\"wp-block-heading\">Hvordan s\u00f8ger jeg om visum til England fra Frankrig?<\/h2>\n\n<p>For at f\u00e5 et visum til Storbritannien skal du udfylde onlineformularen p\u00e5 UK Border Agencys hjemmeside. Processen foreg\u00e5r i flere faser, helt online. <\/p>\n\n<p>Processen for at f\u00e5 et visum og de <a href=\"https:\/\/uk-gb.net\/da\/hvor-meget-koster-et-visum-england\/\">gebyrer der skal betales<\/a>, afh\u00e6nger af \u00e5rsagen til dit ophold i Storbritannien.<\/p>\n\n<h3 class=\"wp-block-heading\">Hvordan ans\u00f8ger jeg om et turistvisum til England i Frankrig?<\/h3>\n\n<p>Hvis dit ophold i Storbritannien varer mere end 6 m\u00e5neder, skal du ans\u00f8ge om et <a href=\"https:\/\/uk-gb.net\/da\/storbritannien-turistvisum\/\">britisk turistvisum<\/a>. Din ans\u00f8gning vil blive behandlet af den <a href=\"https:\/\/uk-gb.net\/da\/ambassade-england-det-forenede-rige-i-danmark\/\">britiske ambassade<\/a>. <\/p>\n\n<h3 class=\"wp-block-heading\">Hvordan kan en fransk statsborger f\u00e5 et arbejdsvisum til England?<\/h3>\n\n<p>For at f\u00e5 et arbejdsvisum til Storbritannien skal du f\u00f8rst have et jobtilbud fra en britisk virksomhed. Denne virksomhed skal s\u00e5 certificere din opgave og sponsorere dit visum til Storbritannien. <\/p>\n\n<h3 class=\"wp-block-heading\">Hvordan f\u00e5r jeg en tid til et britisk visum?<\/h3>\n\n<p>Hvis din ans\u00f8gning kr\u00e6ver en anden proces, kan du muligvis f\u00e5 en <a href=\"https:\/\/uk-gb.net\/da\/visumudaevnelse-ambassade-england\/\">aftale p\u00e5 den britiske ambassade<\/a>.<\/p>\n\n<p><\/p>\n","protected":false},"excerpt":{"rendered":"<p>Formaliteter for at rejse til England fra Frankrig Skal franske statsborgere have visum for at rejse til England? En fransk statsborger beh\u00f8ver ikke visum til Storbritannien for et ophold p\u00e5 mindre end 6 m\u00e5neder takket v\u00e6re det britiske visumfritagelsesprogram. Alt, hvad de skal g\u00f8re, er at ans\u00f8ge om en elektronisk rejsetilladelse ved at udfylde eTA [&hellip;]<\/p>\n","protected":false},"author":1,"featured_media":0,"parent":0,"menu_order":0,"comment_status":"closed","ping_status":"closed","template":"","meta":{"footnotes":""},"class_list":["post-2553","page","type-page","status-publish","hentry"],"yoast_head":"<!-- This site is optimized with the Yoast SEO plugin v27.4 - https:\/\/yoast.com\/product\/yoast-seo-wordpress\/ -->\n<title>Visum til England fra Frankrig - UK GB<\/title>\n<meta name=\"description\" content=\"S\u00e5dan f\u00e5r du et visum online til at rejse til Storbritannien fra Frankrig p\u00e5 f\u00e5 minutter ved hj\u00e6lp af dit pas\" \/>\n<meta name=\"robots\" content=\"index, follow, max-snippet:-1, max-image-preview:large, max-video-preview:-1\" \/>\n<link rel=\"canonical\" href=\"https:\/\/uk-gb.net\/da\/visum-england-fra-frankrig\/\" \/>\n<meta property=\"og:locale\" content=\"da_DK\" \/>\n<meta property=\"og:type\" content=\"article\" \/>\n<meta property=\"og:title\" content=\"Visum til England fra Frankrig - UK GB\" \/>\n<meta property=\"og:description\" content=\"S\u00e5dan f\u00e5r du et visum online til at rejse til Storbritannien fra Frankrig p\u00e5 f\u00e5 minutter ved hj\u00e6lp af dit pas\" \/>\n<meta property=\"og:url\" content=\"https:\/\/uk-gb.net\/da\/visum-england-fra-frankrig\/\" \/>\n<meta property=\"og:site_name\" content=\"UK GB\" \/>\n<meta property=\"article:modified_time\" content=\"2026-03-02T14:34:58+00:00\" \/>\n<meta name=\"twitter:card\" content=\"summary_large_image\" \/>\n<meta name=\"twitter:label1\" content=\"Estimeret l\u00e6setid\" \/>\n\t<meta name=\"twitter:data1\" content=\"2 minutter\" \/>\n<script type=\"application\/ld+json\" class=\"yoast-schema-graph\">{\"@context\":\"https:\\\/\\\/schema.org\",\"@graph\":[{\"@type\":\"WebPage\",\"@id\":\"https:\\\/\\\/uk-gb.net\\\/da\\\/visum-england-fra-frankrig\\\/\",\"url\":\"https:\\\/\\\/uk-gb.net\\\/da\\\/visum-england-fra-frankrig\\\/\",\"name\":\"Visum til England fra Frankrig - UK GB\",\"isPartOf\":{\"@id\":\"https:\\\/\\\/uk-gb.net\\\/da\\\/#website\"},\"datePublished\":\"2023-12-31T15:10:49+00:00\",\"dateModified\":\"2026-03-02T14:34:58+00:00\",\"description\":\"S\u00e5dan f\u00e5r du et visum online til at rejse til Storbritannien fra Frankrig p\u00e5 f\u00e5 minutter ved hj\u00e6lp af dit pas\",\"inLanguage\":\"da-DK\",\"potentialAction\":[{\"@type\":\"ReadAction\",\"target\":[\"https:\\\/\\\/uk-gb.net\\\/da\\\/visum-england-fra-frankrig\\\/\"]}]},{\"@type\":\"WebSite\",\"@id\":\"https:\\\/\\\/uk-gb.net\\\/da\\\/#website\",\"url\":\"https:\\\/\\\/uk-gb.net\\\/da\\\/\",\"name\":\"UK GB\",\"description\":\"Travel to the UK\",\"potentialAction\":[{\"@type\":\"SearchAction\",\"target\":{\"@type\":\"EntryPoint\",\"urlTemplate\":\"https:\\\/\\\/uk-gb.net\\\/da\\\/?s={search_term_string}\"},\"query-input\":{\"@type\":\"PropertyValueSpecification\",\"valueRequired\":true,\"valueName\":\"search_term_string\"}}],\"inLanguage\":\"da-DK\"}]}<\/script>\n<!-- \/ Yoast SEO plugin. -->","yoast_head_json":{"title":"Visum til England fra Frankrig - UK GB","description":"S\u00e5dan f\u00e5r du et visum online til at rejse til Storbritannien fra Frankrig p\u00e5 f\u00e5 minutter ved hj\u00e6lp af dit pas","robots":{"index":"index","follow":"follow","max-snippet":"max-snippet:-1","max-image-preview":"max-image-preview:large","max-video-preview":"max-video-preview:-1"},"canonical":"https:\/\/uk-gb.net\/da\/visum-england-fra-frankrig\/","og_locale":"da_DK","og_type":"article","og_title":"Visum til England fra Frankrig - UK GB","og_description":"S\u00e5dan f\u00e5r du et visum online til at rejse til Storbritannien fra Frankrig p\u00e5 f\u00e5 minutter ved hj\u00e6lp af dit pas","og_url":"https:\/\/uk-gb.net\/da\/visum-england-fra-frankrig\/","og_site_name":"UK GB","article_modified_time":"2026-03-02T14:34:58+00:00","twitter_card":"summary_large_image","twitter_misc":{"Estimeret l\u00e6setid":"2 minutter"},"schema":{"@context":"https:\/\/schema.org","@graph":[{"@type":"WebPage","@id":"https:\/\/uk-gb.net\/da\/visum-england-fra-frankrig\/","url":"https:\/\/uk-gb.net\/da\/visum-england-fra-frankrig\/","name":"Visum til England fra Frankrig - UK GB","isPartOf":{"@id":"https:\/\/uk-gb.net\/da\/#website"},"datePublished":"2023-12-31T15:10:49+00:00","dateModified":"2026-03-02T14:34:58+00:00","description":"S\u00e5dan f\u00e5r du et visum online til at rejse til Storbritannien fra Frankrig p\u00e5 f\u00e5 minutter ved hj\u00e6lp af dit pas","inLanguage":"da-DK","potentialAction":[{"@type":"ReadAction","target":["https:\/\/uk-gb.net\/da\/visum-england-fra-frankrig\/"]}]},{"@type":"WebSite","@id":"https:\/\/uk-gb.net\/da\/#website","url":"https:\/\/uk-gb.net\/da\/","name":"UK GB","description":"Travel to the UK","potentialAction":[{"@type":"SearchAction","target":{"@type":"EntryPoint","urlTemplate":"https:\/\/uk-gb.net\/da\/?s={search_term_string}"},"query-input":{"@type":"PropertyValueSpecification","valueRequired":true,"valueName":"search_term_string"}}],"inLanguage":"da-DK"}]}},"_links":{"self":[{"href":"https:\/\/uk-gb.net\/da\/wp-json\/wp\/v2\/pages\/2553","targetHints":{"allow":["GET"]}}],"collection":[{"href":"https:\/\/uk-gb.net\/da\/wp-json\/wp\/v2\/pages"}],"about":[{"href":"https:\/\/uk-gb.net\/da\/wp-json\/wp\/v2\/types\/page"}],"author":[{"embeddable":true,"href":"https:\/\/uk-gb.net\/da\/wp-json\/wp\/v2\/users\/1"}],"replies":[{"embeddable":true,"href":"https:\/\/uk-gb.net\/da\/wp-json\/wp\/v2\/comments?post=2553"}],"version-history":[{"count":0,"href":"https:\/\/uk-gb.net\/da\/wp-json\/wp\/v2\/pages\/2553\/revisions"}],"wp:attachment":[{"href":"https:\/\/uk-gb.net\/da\/wp-json\/wp\/v2\/media?parent=2553"}],"curies":[{"name":"wp","href":"https:\/\/api.w.org\/{rel}","templated":true}]}}