{"id":2551,"date":"2023-12-19T16:05:55","date_gmt":"2023-12-19T16:05:55","guid":{"rendered":"https:\/\/uk-gb.net\/visum-england-afrejse-fra-saudi-arabien\/"},"modified":"2025-11-17T16:59:38","modified_gmt":"2025-11-17T16:59:38","slug":"visum-england-afrejse-fra-saudi-arabien","status":"publish","type":"page","link":"https:\/\/uk-gb.net\/da\/visum-england-afrejse-fra-saudi-arabien\/","title":{"rendered":"Visum til Storbritannien fra Saudi-Arabien"},"content":{"rendered":"\n<h1 class=\"wp-block-heading\">Britisk rejsevisum til saudiarabiske statsborgere<\/h1>\n\n<p>Er du statsborger eller bosiddende i Saudi-Arabien, og vil du gerne rejse til Storbritannien? Find ud af, hvilke formaliteter der skal opfyldes, ETA-systemet, hvilke visumtyper der er tilg\u00e6ngelige, og hvilke trin der er involveret i at indsende din ans\u00f8gning. <\/p>\n\n<h2 class=\"wp-block-heading\">Skal jeg have visum for at rejse fra Saudi-Arabien til Storbritannien?<\/h2>\n\n<p>Siden <strong>22. februar 2024<\/strong> har saudiske statsborgere ikke l\u00e6ngere haft brug for et <a href=\"https:\/\/uk-gb.net\/da\/storbritannien-turistvisum\/\">britisk turistvisum<\/a> for at rejse til Storbritannien. Saudiske statsborgere kan f\u00e5 en elektronisk rejsetilladelse, der giver dem mulighed for at opholde sig i Storbritannien i op til <strong>6 m\u00e5neder.<\/strong><\/p>\n\n<p><strong>For at f\u00e5 denne rejsetilladelse p\u00e5 f\u00e5 minutter<\/strong> skal du udfylde <a href=\"https:\/\/uk-gb.net\/da\/online-formular-eta-visum-england\/\">ETA-formularen online<\/a>.<\/p>\n\n<div style=\"height:10px\" aria-hidden=\"true\" class=\"wp-block-spacer\"><\/div>\n\n<p>Denne elektroniske rejsetilladelse giver dig mulighed for at opholde dig i Storbritannien i :<\/p>\n\n<ul class=\"wp-block-list\">\n<li>en turistrejse,<\/li>\n\n\n\n<li>en forretningsrejse,<\/li>\n\n\n\n<li>et familiebes\u00f8g,<\/li>\n\n\n\n<li>et kort studieophold,<\/li>\n\n\n\n<li>eller lufthavnstransport.<\/li>\n<\/ul>\n\n<div style=\"height:10px\" aria-hidden=\"true\" class=\"wp-block-spacer\"><\/div>\n\n<h2 class=\"wp-block-heading\">Hvordan ans\u00f8ger jeg om en ETA til Storbritannien fra Saudi-Arabien?<\/h2>\n\n<p>Det er enkelt og 100% online at ans\u00f8ge om en <a href=\"https:\/\/uk-gb.net\/da\/eta-england-forenede-kongerige\/\">britisk ETA:<\/a> <\/p>\n\n<ol class=\"wp-block-list\">\n<li><strong>Bes\u00f8g den officielle portal<\/strong>: <a>gov.uk\/eta<\/a><\/li>\n\n\n\n<li><strong>Udfyld formularen<\/strong> med den rejsendes personlige oplysninger.<\/li>\n\n\n\n<li><strong>Upload et foto<\/strong> (f.eks. en selfie) direkte via formularen eller mobilapplikationen.<\/li>\n\n\n\n<li><strong>Betal gebyret<\/strong> p\u00e5 omkring <strong>\u00a316 (\u20ac19)<\/strong> med kreditkort.<\/li>\n\n\n\n<li><strong>Modtag din ETA via e-mail<\/strong> inden for f\u00e5 minutter til maksimalt 3 dage.<\/li>\n<\/ol>\n\n<p>ETA&#8217;en er <strong>gyldig i 2 \u00e5r<\/strong>, eller indtil passet udl\u00f8ber. Det giver mulighed for <strong>flere indrejser<\/strong> i Storbritannien i l\u00f8bet af denne periode. <\/p>\n\n<h2 class=\"wp-block-heading\">Hvem kan anmode om en ETA fra Saudi-Arabien?<\/h2>\n\n<p>ETA er kun tilg\u00e6ngelig for <strong>saudiske statsborgere<\/strong>, der har et <strong>biometrisk pas<\/strong>. Udenlandske beboere i Saudi-Arabien, som ikke er statsborgere i et berettiget land, skal <a href=\"https:\/\/uk-gb.net\/da\/uk-visumansogningsprocedure\/\">ans\u00f8ge om et britisk visum<\/a> p\u00e5 det <a href=\"https:\/\/uk-gb.net\/da\/ambassade-england-det-forenede-rige-i-danmark\/\">britiske konsulat<\/a>. <\/p>\n\n<h2 class=\"wp-block-heading\">Skal jeg have et visum, hvis jeg ikke opfylder ETA-betingelserne?<\/h2>\n\n<p>Ja, hvis du er : <\/p>\n\n<ul class=\"wp-block-list\">\n<li>Ikke statsborger i et <a href=\"https:\/\/uk-gb.net\/da\/lande-der-kan-ansoge-eta-uk\/\">ETA-berettiget land<\/a>,<\/li>\n\n\n\n<li>Eller hvis du \u00f8nsker at opholde dig i Storbritannien i <strong>mere end 6 m\u00e5neder<\/strong>,<\/li>\n\n\n\n<li>Eller hvis du skal <strong>arbejde, giftes eller studere i l\u00e6ngere tid,<\/strong><\/li>\n<\/ul>\n\n<p>skal du <strong>ans\u00f8ge om et almindeligt britisk visum<\/strong>.<\/p>\n\n<h2 class=\"wp-block-heading\">Hvor kan jeg ans\u00f8ge om et britisk visum fra Saudi-Arabien?<\/h2>\n\n<p>Man kan ans\u00f8ge om visum p\u00e5 den officielle hjemmeside <a class=\"\" href=\"https:\/\/www.gov.uk\">www.gov.uk.<\/a> N\u00e5r du har indsendt formularen og betalt, skal du <strong>lave en aftale med et TLScontact-<\/strong> eller <strong>VFS Global-center<\/strong> p\u00e5 :<\/p>\n\n<ul class=\"wp-block-list\">\n<li>Riyadh<\/li>\n\n\n\n<li>Jeddah<\/li>\n\n\n\n<li>eller Al Khobar<\/li>\n<\/ul>\n\n<p>Du skal tage derhen med de originale dokumenter og f\u00e5 taget dine <strong>biometriske fingeraftryk<\/strong>.<\/p>\n\n<h2 class=\"wp-block-heading\">Hvilke typer visum er tilg\u00e6ngelige?<\/h2>\n\n<p>Hvis du ikke kan f\u00e5 en ETA, kan du ans\u00f8ge om et af f\u00f8lgende visa:<\/p>\n\n<ul class=\"wp-block-list\">\n<li><a href=\"https:\/\/uk-gb.net\/da\/storbritannien-turistvisum\/\">Turistvisum<\/a><\/li>\n\n\n\n<li><a href=\"https:\/\/uk-gb.net\/da\/uk-studerende-visum\/\">Visum til studerende<\/a><\/li>\n\n\n\n<li><a href=\"https:\/\/uk-gb.net\/da\/storbritannien-forretningsvisum\/\">Forretningsvisum<\/a><\/li>\n\n\n\n<li><strong>Familievisum<\/strong><\/li>\n\n\n\n<li><strong>Arbejdsvisum<\/strong><\/li>\n\n\n\n<li><a href=\"https:\/\/uk-gb.net\/da\/storbritannien-transitvisum\/\">Transit visum<\/a><\/li>\n<\/ul>\n\n<div style=\"height:10px\" aria-hidden=\"true\" class=\"wp-block-spacer\"><\/div>\n\n<h2 class=\"wp-block-heading\">Kan jeg rejse til Storbritannien fra Saudi-Arabien uden visum?<\/h2>\n\n<p>Nej, selv for simpel <strong>lufthavnstransit uden udrejse<\/strong> skal saudiske statsborgere have <strong>ETA-tilladelse<\/strong>, f\u00f8r de rejser til en destination via Storbritannien.<\/p>\n\n<p>Der er to m\u00e5der, hvorp\u00e5 saudiarabiske statsborgere kan g\u00f8re ophold i Storbritannien:<\/p>\n\n<ul class=\"wp-block-list\">\n<li>Saudiske rejsende kan ans\u00f8ge om et <a href=\"https:\/\/uk-gb.net\/da\/storbritannien-transitvisum\/\">transitvisum<\/a> for at g\u00f8re et stopover;<\/li>\n\n\n\n<li>Rejsende fra Saudi-Arabien kan nu rejse med <a href=\"https:\/\/uk-gb.net\/da\/eta-england-forenede-kongerige\/\">ETA UK<\/a> &#8216;s tilladelse til at mellemlande i England uden visum.<\/li>\n<\/ul>\n","protected":false},"excerpt":{"rendered":"<p>Britisk rejsevisum til saudiarabiske statsborgere Er du statsborger eller bosiddende i Saudi-Arabien, og vil du gerne rejse til Storbritannien? Find ud af, hvilke formaliteter der skal opfyldes, ETA-systemet, hvilke visumtyper der er tilg\u00e6ngelige, og hvilke trin der er involveret i at indsende din ans\u00f8gning. Skal jeg have visum for at rejse fra Saudi-Arabien til Storbritannien? [&hellip;]<\/p>\n","protected":false},"author":1,"featured_media":0,"parent":0,"menu_order":0,"comment_status":"closed","ping_status":"closed","template":"","meta":{"footnotes":""},"class_list":["post-2551","page","type-page","status-publish","hentry"],"yoast_head":"<!-- This site is optimized with the Yoast SEO plugin v27.3 - https:\/\/yoast.com\/product\/yoast-seo-wordpress\/ -->\n<title>Visum til Storbritannien fra Saudi-Arabien - UK GB<\/title>\n<meta name=\"description\" content=\"Hvad er de administrative formaliteter for en saudiarabisk statsborger, der \u00f8nsker at rejse til Storbritannien?\" \/>\n<meta name=\"robots\" content=\"index, follow, max-snippet:-1, max-image-preview:large, max-video-preview:-1\" \/>\n<link rel=\"canonical\" href=\"https:\/\/uk-gb.net\/da\/visum-england-afrejse-fra-saudi-arabien\/\" \/>\n<meta property=\"og:locale\" content=\"da_DK\" \/>\n<meta property=\"og:type\" content=\"article\" \/>\n<meta property=\"og:title\" content=\"Visum til Storbritannien fra Saudi-Arabien - UK GB\" \/>\n<meta property=\"og:description\" content=\"Hvad er de administrative formaliteter for en saudiarabisk statsborger, der \u00f8nsker at rejse til Storbritannien?\" \/>\n<meta property=\"og:url\" content=\"https:\/\/uk-gb.net\/da\/visum-england-afrejse-fra-saudi-arabien\/\" \/>\n<meta property=\"og:site_name\" content=\"UK GB\" \/>\n<meta property=\"article:modified_time\" content=\"2025-11-17T16:59:38+00:00\" \/>\n<meta name=\"twitter:card\" content=\"summary_large_image\" \/>\n<meta name=\"twitter:label1\" content=\"Estimeret l\u00e6setid\" \/>\n\t<meta name=\"twitter:data1\" content=\"2 minutter\" \/>\n<script type=\"application\/ld+json\" class=\"yoast-schema-graph\">{\"@context\":\"https:\\\/\\\/schema.org\",\"@graph\":[{\"@type\":\"WebPage\",\"@id\":\"https:\\\/\\\/uk-gb.net\\\/da\\\/visum-england-afrejse-fra-saudi-arabien\\\/\",\"url\":\"https:\\\/\\\/uk-gb.net\\\/da\\\/visum-england-afrejse-fra-saudi-arabien\\\/\",\"name\":\"Visum til Storbritannien fra Saudi-Arabien - UK GB\",\"isPartOf\":{\"@id\":\"https:\\\/\\\/uk-gb.net\\\/da\\\/#website\"},\"datePublished\":\"2023-12-19T16:05:55+00:00\",\"dateModified\":\"2025-11-17T16:59:38+00:00\",\"description\":\"Hvad er de administrative formaliteter for en saudiarabisk statsborger, der \u00f8nsker at rejse til Storbritannien?\",\"inLanguage\":\"da-DK\",\"potentialAction\":[{\"@type\":\"ReadAction\",\"target\":[\"https:\\\/\\\/uk-gb.net\\\/da\\\/visum-england-afrejse-fra-saudi-arabien\\\/\"]}]},{\"@type\":\"WebSite\",\"@id\":\"https:\\\/\\\/uk-gb.net\\\/da\\\/#website\",\"url\":\"https:\\\/\\\/uk-gb.net\\\/da\\\/\",\"name\":\"UK GB\",\"description\":\"Travel to the UK\",\"potentialAction\":[{\"@type\":\"SearchAction\",\"target\":{\"@type\":\"EntryPoint\",\"urlTemplate\":\"https:\\\/\\\/uk-gb.net\\\/da\\\/?s={search_term_string}\"},\"query-input\":{\"@type\":\"PropertyValueSpecification\",\"valueRequired\":true,\"valueName\":\"search_term_string\"}}],\"inLanguage\":\"da-DK\"}]}<\/script>\n<!-- \/ Yoast SEO plugin. -->","yoast_head_json":{"title":"Visum til Storbritannien fra Saudi-Arabien - UK GB","description":"Hvad er de administrative formaliteter for en saudiarabisk statsborger, der \u00f8nsker at rejse til Storbritannien?","robots":{"index":"index","follow":"follow","max-snippet":"max-snippet:-1","max-image-preview":"max-image-preview:large","max-video-preview":"max-video-preview:-1"},"canonical":"https:\/\/uk-gb.net\/da\/visum-england-afrejse-fra-saudi-arabien\/","og_locale":"da_DK","og_type":"article","og_title":"Visum til Storbritannien fra Saudi-Arabien - UK GB","og_description":"Hvad er de administrative formaliteter for en saudiarabisk statsborger, der \u00f8nsker at rejse til Storbritannien?","og_url":"https:\/\/uk-gb.net\/da\/visum-england-afrejse-fra-saudi-arabien\/","og_site_name":"UK GB","article_modified_time":"2025-11-17T16:59:38+00:00","twitter_card":"summary_large_image","twitter_misc":{"Estimeret l\u00e6setid":"2 minutter"},"schema":{"@context":"https:\/\/schema.org","@graph":[{"@type":"WebPage","@id":"https:\/\/uk-gb.net\/da\/visum-england-afrejse-fra-saudi-arabien\/","url":"https:\/\/uk-gb.net\/da\/visum-england-afrejse-fra-saudi-arabien\/","name":"Visum til Storbritannien fra Saudi-Arabien - UK GB","isPartOf":{"@id":"https:\/\/uk-gb.net\/da\/#website"},"datePublished":"2023-12-19T16:05:55+00:00","dateModified":"2025-11-17T16:59:38+00:00","description":"Hvad er de administrative formaliteter for en saudiarabisk statsborger, der \u00f8nsker at rejse til Storbritannien?","inLanguage":"da-DK","potentialAction":[{"@type":"ReadAction","target":["https:\/\/uk-gb.net\/da\/visum-england-afrejse-fra-saudi-arabien\/"]}]},{"@type":"WebSite","@id":"https:\/\/uk-gb.net\/da\/#website","url":"https:\/\/uk-gb.net\/da\/","name":"UK GB","description":"Travel to the UK","potentialAction":[{"@type":"SearchAction","target":{"@type":"EntryPoint","urlTemplate":"https:\/\/uk-gb.net\/da\/?s={search_term_string}"},"query-input":{"@type":"PropertyValueSpecification","valueRequired":true,"valueName":"search_term_string"}}],"inLanguage":"da-DK"}]}},"_links":{"self":[{"href":"https:\/\/uk-gb.net\/da\/wp-json\/wp\/v2\/pages\/2551","targetHints":{"allow":["GET"]}}],"collection":[{"href":"https:\/\/uk-gb.net\/da\/wp-json\/wp\/v2\/pages"}],"about":[{"href":"https:\/\/uk-gb.net\/da\/wp-json\/wp\/v2\/types\/page"}],"author":[{"embeddable":true,"href":"https:\/\/uk-gb.net\/da\/wp-json\/wp\/v2\/users\/1"}],"replies":[{"embeddable":true,"href":"https:\/\/uk-gb.net\/da\/wp-json\/wp\/v2\/comments?post=2551"}],"version-history":[{"count":0,"href":"https:\/\/uk-gb.net\/da\/wp-json\/wp\/v2\/pages\/2551\/revisions"}],"wp:attachment":[{"href":"https:\/\/uk-gb.net\/da\/wp-json\/wp\/v2\/media?parent=2551"}],"curies":[{"name":"wp","href":"https:\/\/api.w.org\/{rel}","templated":true}]}}