{"id":2549,"date":"2023-12-07T16:36:32","date_gmt":"2023-12-07T16:36:32","guid":{"rendered":"https:\/\/uk-gb.net\/bornevisum-storbritannien\/"},"modified":"2026-01-05T14:58:35","modified_gmt":"2026-01-05T14:58:35","slug":"bornevisum-storbritannien","status":"publish","type":"page","link":"https:\/\/uk-gb.net\/da\/bornevisum-storbritannien\/","title":{"rendered":"B\u00f8rnevisum til rejser til England og Storbritannien"},"content":{"rendered":"\n<p>B\u00f8rn skal ligesom voksne have visum for at komme ind i England, hvis de ikke er statsborgere i et visumfrit land. Kravene kan variere afh\u00e6ngigt af barnets nationalitet og l\u00e6ngden af det planlagte ophold. <\/p>\n\n<p><strong>For et kortvarigt ophold i Storbritannien<\/strong>: Du beh\u00f8ver ikke at f\u00e5 et b\u00f8rnevisum, hvis du er statsborger i et <a href=\"https:\/\/uk-gb.net\/da\/lande-der-kan-ansoge-eta-uk\/\">land, der er berettiget til UK ETA<\/a>. Du skal blot udfylde den <a href=\"https:\/\/uk-gb.net\/da\/online-formular-eta-visum-england\/\">online eTA-formular<\/a> p\u00e5 vegne af dit barn.<\/p>\n\n<div style=\"height:10px\" aria-hidden=\"true\" class=\"wp-block-spacer\"><\/div>\n\n<h2 class=\"wp-block-heading\">Hvilke typer britiske visa er tilg\u00e6ngelige for b\u00f8rn?<\/h2>\n\n<h3 class=\"wp-block-heading\">Turistvisum til b\u00f8rn<\/h3>\n\n<p>Det <a href=\"https:\/\/uk-gb.net\/da\/storbritannien-turistvisum\/\">britiske turistvisum<\/a> er den mest almindelige visumtype for b\u00f8rn, der rejser til England p\u00e5 ferie eller for at bes\u00f8ge venner og familie. Dette visum tillader et ophold p\u00e5 seks m\u00e5neder.<\/p>\n\n<h3 class=\"wp-block-heading\">Studievisum til et barn<\/h3>\n\n<p>Hvis dit barn har planer om at studere i England, skal han eller hun have et <a href=\"https:\/\/uk-gb.net\/da\/uk-studerende-visum\/\">britisk studievisum<\/a>. Der findes forskellige typer af studievisum, afh\u00e6ngigt af barnets alder og l\u00e6ngden af deres studieforl\u00f8b.<\/p>\n\n<h3 class=\"wp-block-heading\">Familievisum for at give et barn mulighed for at rejse til Storbritannien<\/h3>\n\n<p>For b\u00f8rn, der slutter sig til deres for\u00e6ldre eller v\u00e6rger, som bor i England, kan det v\u00e6re n\u00f8dvendigt med et <a href=\"https:\/\/uk-gb.net\/da\/familievisum-til-storbritannien\/\">engelsk familievisum<\/a>. Denne type visum bruges generelt til l\u00e6ngerevarende ophold.<\/p>\n\n<h2 class=\"wp-block-heading\">Visumans\u00f8gningsprocedure for et mindre\u00e5rigt barn<\/h2>\n\n<h3 class=\"wp-block-heading\">Dokumenter, der kr\u00e6ves for at ans\u00f8ge om visum til b\u00f8rn<\/h3>\n\n<p>Her er en liste over de dokumenter, der kr\u00e6ves, n\u00e5r man s\u00f8ger om visum til et mindre\u00e5rigt barn:<\/p>\n\n<ul class=\"wp-block-list\">\n<li>Et gyldigt pas til barnet.<\/li>\n\n\n\n<li>Et nyt pasfoto.<\/li>\n\n\n\n<li>Den udfyldte visumans\u00f8gningsformular.<\/li>\n\n\n\n<li>Bevis for tilstr\u00e6kkelige finansielle ressourcer.<\/li>\n\n\n\n<li>Et invitationsbrev (hvis relevant).<\/li>\n\n\n\n<li>Bevis for skoleindskrivning (for studentervisa).<\/li>\n<\/ul>\n\n<div style=\"height:10px\" aria-hidden=\"true\" class=\"wp-block-spacer\"><\/div>\n\n<h3 class=\"wp-block-heading\">S\u00e5dan ans\u00f8ger du om visum til et barn<\/h3>\n\n<ul class=\"wp-block-list\">\n<li>Udfyld den online visumans\u00f8gningsformular p\u00e5 den britiske regerings hjemmeside.<\/li>\n\n\n\n<li>Lav en <a href=\"https:\/\/uk-gb.net\/da\/visumudaevnelse-ambassade-england\/\">aftale om at ans\u00f8ge om visum<\/a> p\u00e5 et visumcenter for at indsende de n\u00f8dvendige dokumenter og give barnets biometriske data.<\/li>\n\n\n\n<li>Betal <a href=\"https:\/\/uk-gb.net\/da\/hvor-meget-koster-et-visum-england\/\">visumgebyr<\/a> i henhold til visumtype og opholdets l\u00e6ngde.<\/li>\n\n\n\n<li>Vent et par uger p\u00e5, at visumans\u00f8gningen bliver behandlet, f\u00f8r du f\u00e5r en endelig afg\u00f8relse.<\/li>\n<\/ul>\n\n<div style=\"height:10px\" aria-hidden=\"true\" class=\"wp-block-spacer\"><\/div>\n\n<div style=\"height:10px\" aria-hidden=\"true\" class=\"wp-block-spacer\"><\/div>\n","protected":false},"excerpt":{"rendered":"<p>B\u00f8rn skal ligesom voksne have visum for at komme ind i England, hvis de ikke er statsborgere i et visumfrit land. Kravene kan variere afh\u00e6ngigt af barnets nationalitet og l\u00e6ngden af det planlagte ophold. For et kortvarigt ophold i Storbritannien: Du beh\u00f8ver ikke at f\u00e5 et b\u00f8rnevisum, hvis du er statsborger i et land, der [&hellip;]<\/p>\n","protected":false},"author":1,"featured_media":0,"parent":0,"menu_order":0,"comment_status":"closed","ping_status":"closed","template":"","meta":{"footnotes":""},"class_list":["post-2549","page","type-page","status-publish","hentry"],"yoast_head":"<!-- This site is optimized with the Yoast SEO plugin v27.3 - https:\/\/yoast.com\/product\/yoast-seo-wordpress\/ -->\n<title>B\u00f8rnevisum til rejser til England og Storbritannien - UK GB<\/title>\n<meta name=\"description\" content=\"Et b\u00f8rnevisum til England giver dig mulighed for at rejse til Storbritannien i en bestemt periode.\" \/>\n<meta name=\"robots\" content=\"index, follow, max-snippet:-1, max-image-preview:large, max-video-preview:-1\" \/>\n<link rel=\"canonical\" href=\"https:\/\/uk-gb.net\/da\/bornevisum-storbritannien\/\" \/>\n<meta property=\"og:locale\" content=\"da_DK\" \/>\n<meta property=\"og:type\" content=\"article\" \/>\n<meta property=\"og:title\" content=\"B\u00f8rnevisum til rejser til England og Storbritannien - UK GB\" \/>\n<meta property=\"og:description\" content=\"Et b\u00f8rnevisum til England giver dig mulighed for at rejse til Storbritannien i en bestemt periode.\" \/>\n<meta property=\"og:url\" content=\"https:\/\/uk-gb.net\/da\/bornevisum-storbritannien\/\" \/>\n<meta property=\"og:site_name\" content=\"UK GB\" \/>\n<meta property=\"article:modified_time\" content=\"2026-01-05T14:58:35+00:00\" \/>\n<meta name=\"twitter:card\" content=\"summary_large_image\" \/>\n<meta name=\"twitter:label1\" content=\"Estimeret l\u00e6setid\" \/>\n\t<meta name=\"twitter:data1\" content=\"2 minutter\" \/>\n<script type=\"application\/ld+json\" class=\"yoast-schema-graph\">{\"@context\":\"https:\\\/\\\/schema.org\",\"@graph\":[{\"@type\":\"WebPage\",\"@id\":\"https:\\\/\\\/uk-gb.net\\\/da\\\/bornevisum-storbritannien\\\/\",\"url\":\"https:\\\/\\\/uk-gb.net\\\/da\\\/bornevisum-storbritannien\\\/\",\"name\":\"B\u00f8rnevisum til rejser til England og Storbritannien - UK GB\",\"isPartOf\":{\"@id\":\"https:\\\/\\\/uk-gb.net\\\/da\\\/#website\"},\"datePublished\":\"2023-12-07T16:36:32+00:00\",\"dateModified\":\"2026-01-05T14:58:35+00:00\",\"description\":\"Et b\u00f8rnevisum til England giver dig mulighed for at rejse til Storbritannien i en bestemt periode.\",\"inLanguage\":\"da-DK\",\"potentialAction\":[{\"@type\":\"ReadAction\",\"target\":[\"https:\\\/\\\/uk-gb.net\\\/da\\\/bornevisum-storbritannien\\\/\"]}]},{\"@type\":\"WebSite\",\"@id\":\"https:\\\/\\\/uk-gb.net\\\/da\\\/#website\",\"url\":\"https:\\\/\\\/uk-gb.net\\\/da\\\/\",\"name\":\"UK GB\",\"description\":\"Travel to the UK\",\"potentialAction\":[{\"@type\":\"SearchAction\",\"target\":{\"@type\":\"EntryPoint\",\"urlTemplate\":\"https:\\\/\\\/uk-gb.net\\\/da\\\/?s={search_term_string}\"},\"query-input\":{\"@type\":\"PropertyValueSpecification\",\"valueRequired\":true,\"valueName\":\"search_term_string\"}}],\"inLanguage\":\"da-DK\"}]}<\/script>\n<!-- \/ Yoast SEO plugin. -->","yoast_head_json":{"title":"B\u00f8rnevisum til rejser til England og Storbritannien - UK GB","description":"Et b\u00f8rnevisum til England giver dig mulighed for at rejse til Storbritannien i en bestemt periode.","robots":{"index":"index","follow":"follow","max-snippet":"max-snippet:-1","max-image-preview":"max-image-preview:large","max-video-preview":"max-video-preview:-1"},"canonical":"https:\/\/uk-gb.net\/da\/bornevisum-storbritannien\/","og_locale":"da_DK","og_type":"article","og_title":"B\u00f8rnevisum til rejser til England og Storbritannien - UK GB","og_description":"Et b\u00f8rnevisum til England giver dig mulighed for at rejse til Storbritannien i en bestemt periode.","og_url":"https:\/\/uk-gb.net\/da\/bornevisum-storbritannien\/","og_site_name":"UK GB","article_modified_time":"2026-01-05T14:58:35+00:00","twitter_card":"summary_large_image","twitter_misc":{"Estimeret l\u00e6setid":"2 minutter"},"schema":{"@context":"https:\/\/schema.org","@graph":[{"@type":"WebPage","@id":"https:\/\/uk-gb.net\/da\/bornevisum-storbritannien\/","url":"https:\/\/uk-gb.net\/da\/bornevisum-storbritannien\/","name":"B\u00f8rnevisum til rejser til England og Storbritannien - UK GB","isPartOf":{"@id":"https:\/\/uk-gb.net\/da\/#website"},"datePublished":"2023-12-07T16:36:32+00:00","dateModified":"2026-01-05T14:58:35+00:00","description":"Et b\u00f8rnevisum til England giver dig mulighed for at rejse til Storbritannien i en bestemt periode.","inLanguage":"da-DK","potentialAction":[{"@type":"ReadAction","target":["https:\/\/uk-gb.net\/da\/bornevisum-storbritannien\/"]}]},{"@type":"WebSite","@id":"https:\/\/uk-gb.net\/da\/#website","url":"https:\/\/uk-gb.net\/da\/","name":"UK GB","description":"Travel to the UK","potentialAction":[{"@type":"SearchAction","target":{"@type":"EntryPoint","urlTemplate":"https:\/\/uk-gb.net\/da\/?s={search_term_string}"},"query-input":{"@type":"PropertyValueSpecification","valueRequired":true,"valueName":"search_term_string"}}],"inLanguage":"da-DK"}]}},"_links":{"self":[{"href":"https:\/\/uk-gb.net\/da\/wp-json\/wp\/v2\/pages\/2549","targetHints":{"allow":["GET"]}}],"collection":[{"href":"https:\/\/uk-gb.net\/da\/wp-json\/wp\/v2\/pages"}],"about":[{"href":"https:\/\/uk-gb.net\/da\/wp-json\/wp\/v2\/types\/page"}],"author":[{"embeddable":true,"href":"https:\/\/uk-gb.net\/da\/wp-json\/wp\/v2\/users\/1"}],"replies":[{"embeddable":true,"href":"https:\/\/uk-gb.net\/da\/wp-json\/wp\/v2\/comments?post=2549"}],"version-history":[{"count":0,"href":"https:\/\/uk-gb.net\/da\/wp-json\/wp\/v2\/pages\/2549\/revisions"}],"wp:attachment":[{"href":"https:\/\/uk-gb.net\/da\/wp-json\/wp\/v2\/media?parent=2549"}],"curies":[{"name":"wp","href":"https:\/\/api.w.org\/{rel}","templated":true}]}}